{"id":99,"date":"2019-02-05T08:03:02","date_gmt":"2019-02-05T07:03:02","guid":{"rendered":"https:\/\/ssad.statistics.sk\/SSaD\/?page_id=99"},"modified":"2025-03-28T08:48:31","modified_gmt":"2025-03-28T07:48:31","slug":"pre-autorov","status":"publish","type":"page","link":"https:\/\/ssad.statistics.sk\/SSaD\/index.php\/pre-autorov\/","title":{"rendered":"Pre autorov"},"content":{"rendered":"<section class=\"l-section wpb_row padding-top-pages height_auto\"><div class=\"l-section-h i-cf\"><div class=\"g-cols vc_row via_flex valign_top type_default stacking_default\"><div class=\"vc_col-sm-12 wpb_column vc_column_container\"><div class=\"vc_column-inner\"><div class=\"wpb_wrapper\"><div class=\"wpb_text_column\"><div class=\"wpb_wrapper\"><h2 class=\"page\">INFORM\u00c1CIE PRE PRISPIEVATE\u013dOV<\/h2>\n<p>Pr\u00edspevky prij\u00edmame v slovenskom, v \u010deskom a v anglickom jazyku. Musia re\u0161pektova\u0165 odborn\u00e9 zameranie \u010dasopisu a jeho vedeck\u00fd charakter. Zaslan\u00fd pr\u00edspevok nesmie by\u0165 v recenznom konan\u00ed v inom \u010dasopise, ani uverejnen\u00fd v odbornej a inej tla\u010di. Pr\u00edspevky s\u00fa recenzovan\u00e9. Oponentsk\u00e9 konanie je obojstranne anonymn\u00e9. Kone\u010dn\u00e9 rozhodnutie o publikovan\u00ed \u010dl\u00e1nku vyd\u00e1va redak\u010dn\u00e1 rada.<\/p>\n<p>Pr\u00edspevky zasielajte v elektronickej forme vo form\u00e1te MS Word alebo Open Office, typ p\u00edsma Arial, ve\u013ekos\u0165 12, riadkovanie 1. Nad titulkom treba uvies\u0165 meno autora a jeho pracovisko.<\/p>\n<p>S\u00fa\u010das\u0165ou pr\u00edspevku je abstrakt (z\u00e1kladn\u00fd opis cie\u013ea a sp\u00f4sobu spracovania faktov v rozsahu do 100 slov), k\u013e\u00fa\u010dov\u00e9 slov\u00e1 (maxim\u00e1lne 5), resum\u00e9 (stru\u010dn\u00e9 zhrnutie obsahu \u010dl\u00e1nku s d\u00f4razom na jeho pr\u00ednos a najv\u00fdznamnej\u0161ie z\u00e1very (v rozsahu do 500 slov), profesijn\u00fd \u017eivotopis (v rozsahu do 120 slov) a kontakt (e-mailov\u00e1 adresa autora). N\u00e1zov \u010dl\u00e1nku, abstrakt, k\u013e\u00fa\u010dov\u00e9 slov\u00e1 a resum\u00e9 poskytne autor aj v anglickom jazyku. Zoznam pou\u017eitej literat\u00fary v abecednom porad\u00ed s \u00fapln\u00fdmi bibliografick\u00fdmi \u00fadajmi sa uv\u00e1dza na konci \u010dl\u00e1nku. Pozn\u00e1mky s poradov\u00fdm \u010d\u00edslom s\u00fa umiestnen\u00e9 pod \u010diarou na pr\u00edslu\u0161nej strane textu, ku ktor\u00e9mu sa vz\u0165ahuj\u00fa.<\/p>\n<p>Rozsah vedeck\u00fdch \u010dl\u00e1nkov je okolo 15 normostr\u00e1n, informat\u00edvnych \u010dl\u00e1nkov 6 normostr\u00e1n, recenzie, rozhovory a inform\u00e1cie publikujeme v\u00a0rozsahu 3 normostrany. Tabu\u013eky, mapy, grafy a obr\u00e1zky musia ma\u0165 n\u00e1zov a uveden\u00fd zdroj \u00fadajov; odpor\u00fa\u010dame, aby kop\u00edrovali \u0161\u00edrku textu. Skratky sa pou\u017e\u00edvaj\u00fa len minim\u00e1lne, pri prvom pou\u017eit\u00ed je potrebn\u00e9 skratku v z\u00e1tvorke rozp\u00edsa\u0165. Redakcia zabezpe\u010duje jazykov\u00fa \u00fapravu textu. Pozrite si aj podrobn\u00e9 <strong>Pokyny pre autorov \u010dl\u00e1nkov<\/strong> ni\u017e\u0161ie.<\/p>\n<h2 class=\"page\">POKYNY PRE AUTOROV \u010cL\u00c1NKOV<\/h2>\n<\/div><\/div><\/div><\/div><\/div><\/div><\/div><\/section><section class=\"l-section wpb_row height_auto\"><div class=\"l-section-h i-cf\"><div class=\"g-cols vc_row via_flex valign_top type_default stacking_default\"><div class=\"vc_col-sm-12 wpb_column vc_column_container\"><div class=\"vc_column-inner\"><div class=\"wpb_wrapper\"><div class=\"wpb_text_column\"><div class=\"wpb_wrapper\"><table>\n<thead>\n<tr>\n<th>\u0160TRUKT\u00daRA \u010cL\u00c1NKU<\/th>\n<th>TYP A VE\u013dKOS\u0164 P\u00cdSMA<\/th>\n<th>SPRESNENIE<\/th>\n<\/tr>\n<\/thead>\n<tbody>\n<tr>\n<td><strong>MENO\/MEN\u00c1 AUTORA\/AUTOROV<\/strong><\/td>\n<td><strong>ARIAL 12<\/strong><\/td>\n<td>meno, PRIEZVISKO <strong>bold<\/strong> (priezvisko VE\u013dK\u00c9 P\u00cdSMEN\u00c1)<\/td>\n<\/tr>\n<tr>\n<td><strong>N\u00e1zov pracoviska<\/strong><\/td>\n<td><strong>Arial 12<\/strong><\/td>\n<td>zarovna\u0165, <strong>bold<\/strong><\/td>\n<\/tr>\n<tr>\n<td style=\"text-align: center;\"><strong>N\u00c1ZOV PR\u00cdSPEVKU v slovenskom jazyku<\/strong><\/td>\n<td style=\"text-align: center;\"><strong>ARIAL 12<\/strong><\/td>\n<td style=\"text-align: center;\">VE\u013dK\u00c9 P\u00cdSMEN\u00c1, <strong>bold<\/strong>, centrova\u0165<\/td>\n<\/tr>\n<tr>\n<td style=\"text-align: center;\"><strong>N\u00c1ZOV PR\u00cdSPEVKU v anglickom jazyku<\/strong><\/td>\n<td style=\"text-align: center;\"><strong>ARIAL 12<\/strong><\/td>\n<td style=\"text-align: center;\">VE\u013dK\u00c9 P\u00cdSMEN\u00c1, <strong>bold<\/strong>, centrova\u0165<\/td>\n<\/tr>\n<tr>\n<td colspan=\"3\"><\/td>\n<\/tr>\n<tr>\n<td><strong>ABSTRAKT (n\u00e1zov)<\/strong><\/td>\n<td><strong>ARIAL 12<\/strong><\/td>\n<td>VE\u013dK\u00c9 P\u00cdSMEN\u00c1, <strong>bold<\/strong><\/td>\n<\/tr>\n<tr>\n<td>Text abstraktu v sloven\u010dine (max. 100 slov)<\/td>\n<td>Arial 12<\/td>\n<td>zarovna\u0165, jednoduch\u00e9 riadkovanie<\/td>\n<\/tr>\n<tr>\n<td><strong>ABSTRACT (n\u00e1zov)<\/strong><\/td>\n<td><strong>ARIAL 12<\/strong><\/td>\n<td>VE\u013dK\u00c9 P\u00cdSMEN\u00c1, <strong>bold<\/strong><\/td>\n<\/tr>\n<tr>\n<td>Text abstraktu v angli\u010dtine<\/td>\n<td>Arial 12<\/td>\n<td>zarovna\u0165, jednoduch\u00e9 riadkovanie<\/td>\n<\/tr>\n<tr>\n<td colspan=\"3\"><\/td>\n<\/tr>\n<tr>\n<td><strong>K\u013d\u00da\u010cOV\u00c9 SLOV\u00c1 (n\u00e1zov)<\/strong><\/td>\n<td><strong>ARIAL 12<\/strong><\/td>\n<td>VE\u013dK\u00c9 P\u00cdSMEN\u00c1, <strong>bold<\/strong><\/td>\n<\/tr>\n<tr>\n<td>K\u013e\u00fa\u010dov\u00e9 slov\u00e1 v sloven\u010dine<\/p>\n<p>(max. 5)<\/td>\n<td>Arial 12<\/td>\n<td>zarovna\u0165<\/td>\n<\/tr>\n<tr>\n<td><strong>KEY WORDS (n\u00e1zov)<\/strong><\/td>\n<td><strong>ARIAL 12<\/strong><\/td>\n<td>VE\u013dK\u00c9 P\u00cdSMEN\u00c1, <strong>bold<\/strong><\/td>\n<\/tr>\n<tr>\n<td>K\u013e\u00fa\u010dov\u00e9 slov\u00e1 v angli\u010dtine<\/td>\n<td>Arial 12<\/td>\n<td>zarovna\u0165<\/td>\n<\/tr>\n<tr>\n<td colspan=\"3\">Vlastn\u00fd text pr\u00edspevku (JEDNODUCH\u00c9 RIADKOVANIE) v \u010dlenen\u00ed:<\/td>\n<\/tr>\n<tr>\n<td><strong>1. \u00daVOD (NADPIS)<\/strong><\/td>\n<td><strong>ARIAL 12<\/strong><\/td>\n<td>\u010d\u00edslovanie arabsk\u00fdmi \u010d\u00edslicami, VE\u013dK\u00c9 P\u00cdSMEN\u00c1, <strong>bold<\/strong><\/td>\n<\/tr>\n<tr>\n<td>Text \u00favodu<\/td>\n<td>Arial 12<\/td>\n<td>odseky, zarovna\u0165<\/td>\n<\/tr>\n<tr>\n<td><strong>2., 3 &#8230; N\u00c1ZVY KAPITOL (nadpis)<\/strong><\/td>\n<td><strong>ARIAL 12<\/strong><\/td>\n<td>\u010d\u00edslovanie arabsk\u00fdmi \u010d\u00edslicami, VE\u013dK\u00c9 P\u00cdSMEN\u00c1, <strong>bold<\/strong><\/td>\n<\/tr>\n<tr>\n<td>Text kapitol<\/td>\n<td>Arial 12<\/td>\n<td>odseky, zarovna\u0165<\/td>\n<\/tr>\n<tr>\n<td><strong>4. Z\u00c1VER (nadpis)<\/strong><\/td>\n<td><strong>ARIAL 12<\/strong><\/td>\n<td>\u010d\u00edslovanie arabsk\u00fdmi \u010d\u00edslicami, VE\u013dK\u00c9 P\u00cdSMEN\u00c1, <strong>bold<\/strong><\/td>\n<\/tr>\n<tr>\n<td>Text z\u00e1veru<\/td>\n<td>Arial 12<\/td>\n<td>odseky, zarovna\u0165<\/td>\n<\/tr>\n<tr>\n<td><em>Pozn\u00e1mky pod \u010diarou<\/em><\/td>\n<td><em>Arial 10<\/em><\/td>\n<td><em>\u010c\u00edslovanie na pr\u00edslu\u0161nej strane, kurz\u00edva, zarovna\u0165<\/em><\/td>\n<\/tr>\n<tr>\n<td><strong>LITERAT\u00daRA (n\u00e1zov)<\/strong><\/td>\n<td><strong>ARIAL 12<\/strong><\/td>\n<td>VE\u013dK\u00c9 P\u00cdSMEN\u00c1, <strong>bold<\/strong><\/td>\n<\/tr>\n<tr>\n<td>Zoznam literat\u00fary<\/td>\n<td>Arial 12<\/td>\n<td>v abecednom porad\u00ed pod\u013ea prilo\u017een\u00e9ho vzoru*<\/td>\n<\/tr>\n<tr>\n<td><strong>RESUM\u00c9 (n\u00e1zov)<\/strong><\/td>\n<td><strong>ARIAL 12<\/strong><\/td>\n<td>VE\u013dK\u00c9 P\u00cdSMEN\u00c1, <strong>bold<\/strong>, zarovna\u0165<\/td>\n<\/tr>\n<tr>\n<td>Text resum\u00e9 v sloven\u010dine (max. 500 slov)<\/td>\n<td>Arial 12<\/td>\n<td>zarovna\u0165<\/td>\n<\/tr>\n<tr>\n<td><strong>RESUME (n\u00e1zov)<\/strong><\/td>\n<td><strong>ARIAL 12<\/strong><\/td>\n<td>VE\u013dK\u00c9 P\u00cdSMEN\u00c1, <strong>bold<\/strong>, zarovna\u0165<\/td>\n<\/tr>\n<tr>\n<td>Text resum\u00e9 v angli\u010dtine (max. 500 slov)<\/td>\n<td>Arial 12<\/td>\n<td>zarovna\u0165<\/td>\n<\/tr>\n<tr>\n<td colspan=\"3\"><\/td>\n<\/tr>\n<tr>\n<td><strong><em>PROFESIJN\u00dd \u017dIVOTOPIS (n\u00e1zov)<\/em><\/strong><\/td>\n<td><strong><em>Arial 11<\/em><\/strong><\/td>\n<td><em>VE\u013dK\u00c9 P\u00cdSMEN\u00c1, kurz\u00edva, <strong>bold<\/strong>, zarovna\u0165<\/em><\/td>\n<\/tr>\n<tr>\n<td><em>Text profesijn\u00e9ho \u017eivotopisu (max. 120 slov)<\/em><\/td>\n<td><em>Arial 11<\/em><\/td>\n<td><em>kurz\u00edva, zarovna\u0165<\/em><\/td>\n<\/tr>\n<tr>\n<td colspan=\"3\"><\/td>\n<\/tr>\n<tr>\n<td><strong>KONTAKT (n\u00e1zov)<\/strong><\/td>\n<td><strong>ARIAL 12<\/strong><\/td>\n<td>VE\u013dK\u00c9 P\u00cdSMEN\u00c1, <strong>bold<\/strong>, zarovna\u0165<\/td>\n<\/tr>\n<tr>\n<td>E-mailov\u00e1 adresa autora<\/td>\n<td>Arial 12<\/td>\n<td>zarovna\u0165<\/td>\n<\/tr>\n<tr>\n<td colspan=\"3\">Tabu\u013eky, mapy, grafy a obr\u00e1zky<\/td>\n<\/tr>\n<tr>\n<td><strong><em>Tabu\u013eka \u010d. 1: N\u00e1zov, Graf \u010d. 1: N\u00e1zov, Mapa \u010d. 1: N\u00e1zov, Obr\u00e1zok \u010d. 1: N\u00e1zov,<\/em><\/strong><em> (umiestnenie <strong>nad<\/strong> tabu\u013ekou, grafom, mapou, obr\u00e1zkom)<\/em><\/td>\n<td><strong><em>Arial 11<\/em><\/strong><\/td>\n<td><em>\u010d\u00edslovanie arabsk\u00fdmi \u010d\u00edslicami, kurz\u00edva, <strong>bold<\/strong>, zarovna\u0165<\/em><\/td>\n<\/tr>\n<tr>\n<td><strong><em>Zdroj \u00fadajov:<\/em><\/strong><em> (umiestnenie <strong>pod<\/strong> tabu\u013ekou, grafom, mapou, obr\u00e1zkom)<\/em><\/td>\n<td><strong><em>Arial 11<\/em><\/strong><\/td>\n<td><em>kurz\u00edva, <strong>bold<\/strong>, zarovna\u0165<\/em><\/td>\n<\/tr>\n<\/tbody>\n<\/table>\n<p><span style=\"font-size: 17px; color: #1e4e9d;\"><strong>Cita\u010dn\u00fd \u0161t\u00fdl APA 7. vydanie<\/strong><\/span><br \/>\nSp\u00f4sob z\u00e1pisu bibliografick\u00fdch \u00fadajov (citovanie v texte \u010dl\u00e1nku)<\/p>\n<p><strong>AUTOR<\/strong><br \/>\n&#8211; hlavn\u00e1 zodpovednos\u0165 za dielo, m\u00f4\u017ee to by\u0165 autor, alebo editor<br \/>\n&#8211; priezvisk\u00e1 autorov sa neuv\u00e1dzaj\u00fa kapit\u00e1lkami a pou\u017e\u00edva sa len invertovan\u00e1 podoba<br \/>\n(Priezvisko), dvaja autori sa sp\u00e1jaj\u00fa znakom &amp; (Priezvisko, M. &amp; Priezvisko, M.),<br \/>\n&#8211; rola editora sa uv\u00e1dza v z\u00e1tvork\u00e1ch s ve\u013ek\u00fdm za\u010diato\u010dn\u00fdm p\u00edsmenom<br \/>\nPriezvisko, M. (Ed.)<br \/>\nPriezvisko, M. &amp; Priezvisko, M. (Eds.)<br \/>\n&#8211; v pr\u00edpade, \u017ee ch\u00fdbaj\u00fa \u00fadaje o autorstve, cit\u00e1cia za\u010d\u00edna n\u00e1zvom dokumentu<br \/>\n&#8211; v pr\u00edpade uvedenia rozsahu str\u00e1n sa v texte uv\u00e1dzaj\u00fa skratkou pp., konkr\u00e9tna strana skratkou p.<\/p>\n<table width=\"0\">\n<tbody>\n<tr>\n<td width=\"228\"><strong>Typ autora<\/strong><\/td>\n<td width=\"377\"><strong>Pr\u00edklady z\u00e1pisu (variant 1 alebo variant 2)<\/strong><\/td>\n<\/tr>\n<tr>\n<td width=\"228\"><strong>Jeden autor<\/strong><\/td>\n<td width=\"377\">(Smith, 2020) alebo Smith (2020) uv\u00e1dza&#8230;<\/td>\n<\/tr>\n<tr>\n<td width=\"228\"><strong>Dvaja autori <\/strong><\/td>\n<td width=\"377\">(Smith &amp; Jones, 2020) alebo Smith and Jones (2020) uv\u00e1dzaj\u00fa<\/td>\n<\/tr>\n<tr>\n<td width=\"228\"><strong>Traja alebo viac autorov <\/strong><\/td>\n<td width=\"377\">(Smith et al., 2020) alebo Smith et al. (2020) uv\u00e1dzaj\u00fa<\/td>\n<\/tr>\n<tr>\n<td width=\"228\"><strong>Autor kapitoly z knihy<\/strong><\/p>\n<p>Ak sa cituje kapitola, uve\u010fte autora\/ov kapitoly, nie redaktora\/ov.<\/td>\n<td width=\"377\">(Smith, 2020) alebo Smith (2020) uv\u00e1dza&#8230;<\/td>\n<\/tr>\n<tr>\n<td width=\"228\"><strong>Dielo s\u00a0rovnak\u00fdm autorom (autormi) a\u00a0rovnak\u00fdm rokom vydania<\/strong><\/p>\n<p>V\u00a0cit\u00e1cii v\u00a0texte a\u00a0v\u00a0zozname literat\u00fary sa prid\u00e1 k\u00a0roku p\u00edsmeno a, b at\u010f.<\/td>\n<td width=\"377\">(Smith, 2020a, 2020b) alebo Vo svojich pr\u00e1cach Smith (2020a, 2020b) op\u00edsal&#8230;<\/td>\n<\/tr>\n<tr>\n<td width=\"228\"><strong>Autori s rovnak\u00fdm priezviskom<\/strong><\/p>\n<p>V texte uve\u010fte inici\u00e1ly na rozl\u00ed\u0161enie autorov, ak sa pou\u017e\u00edvaj\u00fa spolo\u010dne, usporiadajte men\u00e1 pod\u013ea abecedy<\/td>\n<td width=\"377\">(A. Smith, 2020; B. Smith, 2019) alebo Alexandra Smith (2020) a Brian Smith (2019) poskytli&#8230;<\/td>\n<\/tr>\n<tr>\n<td width=\"228\"><strong>Autor je organiz\u00e1cia<\/strong><\/td>\n<td width=\"377\">Prv\u00e1 cit\u00e1cia v\u00a0texte \u2013 uvies\u0165 cel\u00fd n\u00e1zov organiz\u00e1cie a\u00a0jej skratku v\u00a0hranat\u00fdch z\u00e1tvork\u00e1ch<\/p>\n<p>(National Institute of Water and Atmospheric Research [NIWA], 2020)<\/p>\n<p>Pre \u010fal\u0161ie cit\u00e1cie sta\u010d\u00ed pou\u017ei\u0165 iba skratku (NIWA, 2020)<\/p>\n<p>alebo<\/p>\n<p>Prv\u00e1 cit\u00e1cia v\u00a0texte<\/p>\n<p>National Institute of Water and Atmospheric Research (NIWA, 2020) ozn\u00e1mil &#8230;<\/p>\n<p>Pre \u010fal\u0161ie cit\u00e1cie sta\u010d\u00ed pou\u017ei\u0165 iba skratku NIWA (2020) poskytol&#8230;<\/p>\n<p>&nbsp;<\/td>\n<\/tr>\n<tr>\n<td width=\"228\"><strong>Autor je organiz\u00e1cia, ktor\u00e1 nem\u00e1 zau\u017e\u00edvan\u00fa skratku <\/strong><\/td>\n<td width=\"377\">(Ports of Auckland, 2020) alebo Ports of Auckland (2020) ozn\u00e1mili&#8230;<\/td>\n<\/tr>\n<tr>\n<td width=\"228\"><strong>Citovanie viacer\u00fdch diel <\/strong><\/p>\n<p>Cit\u00e1cie uve\u010fte v\u00a0abecednom porad\u00ed oddelen\u00e9 bodko\u010diarkou.<\/td>\n<td width=\"377\">(Jones, 2020; Ports of Auckland, 2019; Smith et al., 2020)<\/td>\n<\/tr>\n<tr>\n<td width=\"228\"><strong>Bez d\u00e1tumu vydania<\/strong><\/td>\n<td width=\"377\">(Flesch, n.d.) alebo Flesch (n.d.) pop\u00edsal&#8230;<\/td>\n<\/tr>\n<tr>\n<td width=\"228\"><strong>Bez autora<\/strong><\/p>\n<p>Pou\u017eite prv\u00e9 slov\u00e1 n\u00e1zvu alebo cel\u00fd n\u00e1zov ak je kr\u00e1tky a\u00a0d\u00e1tum.<\/p>\n<p>Ak nie je uveden\u00fd autor, ale za autora je ozna\u010den\u00fd anonym tak ho pova\u017eujte za autora.<\/td>\n<td width=\"377\">Kniha bez autora: (Oral presentations, n.d.)<\/p>\n<p>\u010cl\u00e1nok bez autora: (\u201eUnderstanding the Sensory Memory\u201c, 2018)<\/p>\n<p>alebo<\/p>\n<p>Kniha bez autora: V Oral presentations, (n.d.) je&#8230;<\/p>\n<p>\u010cl\u00e1nok bez autora: V\u00a0publik\u00e1cii \u201eUnderstanding the Sensory Memory\u201c (2018) sa nach\u00e1dza opis&#8230;<\/td>\n<\/tr>\n<tr>\n<td width=\"228\"><strong>Osobn\u00e1 komunik\u00e1cia<\/strong><\/p>\n<p>V\u00a0texte pou\u017ei\u0165 meno s\u00a0inici\u00e1lkami \u00a0a\u00a0priezvisko a\u00a0uvies\u0165 \u010do najpresnej\u0161\u00ed d\u00e1tum. Tento zdroj neuv\u00e1dza\u0165 v\u00a0zozname Literat\u00fary.<\/td>\n<td width=\"377\">(E. Chapman, osobn\u00e1 komunik\u00e1cia, January 20, 2020)<\/p>\n<p>E. Chapman (osobn\u00e1 komunik\u00e1cia, January 20, 2020) ma informoval o&#8230;<\/td>\n<\/tr>\n<tr>\n<td width=\"228\"><strong>Citovanie konkr\u00e9tnej \u010dasti zdroja<\/strong><\/td>\n<td width=\"377\">(Smith, 2020, p. 10); (Smith, 2020, pp. 10\u201312); (Smith, 2020, Table 1); (Smith, 2020, Chapter 3); (Smith, 2020, Part 2)<\/td>\n<\/tr>\n<\/tbody>\n<\/table>\n<p><strong>\u0160trukt\u00fara bibliografick\u00fdch odkazov v zozname\u00a0literat\u00fary<\/strong><br \/>\nV\u0161eobecn\u00e9 pravidl\u00e1<\/p>\n<ul>\n<li>Literat\u00fara je zoraden\u00e1 v\u00a0abecednom porad\u00ed pod\u013ea mena autora\/ov alebo n\u00e1zvu diela, ak dielo nem\u00e1 autora.<\/li>\n<li>Vydanie a\u00a0rozsah sa uv\u00e1dzaj\u00fa v\u00a0anglickom jazyku bez oh\u013eadu na jazyk \u010dl\u00e1nku.\n<ul>\n<li>vydanie: napr. 4th ed., uv\u00e1dza sa len druh\u00e9 a\u00a0vy\u0161\u0161ie vydanie,<\/li>\n<li>rozsah: uv\u00e1dza sa len pri ozna\u010den\u00ed rozsahu str\u00e1n, skratka pp. sa pou\u017eije len pri ozna\u010den\u00ed rozsahu v monografii a zborn\u00edku, v pr\u00edpade \u010dasopisu sa t\u00e1to skratka nepou\u017e\u00edva.<\/li>\n<\/ul>\n<\/li>\n<li>Miesto vydania sa neuv\u00e1dza.<\/li>\n<li>Vydavate\u013e sa uv\u00e1dza bez \u00fadajov ako spol. s r. o., a. s., Ltd. a pod.; ak m\u00e1 citovan\u00fd zdroj viac vydavate\u013eov uv\u00e1dzaj\u00fa sa v\u0161etci vydavatelia, oddelen\u00ed bodko\u010diarkou.<\/li>\n<li>Rok vydania sa zapisuje sa v z\u00e1tvork\u00e1ch za autorom, v pr\u00edpade textu v tla\u010di sa uv\u00e1dza (in press), v pr\u00edpade neuveden\u00e9ho \u00fadaja sa pou\u017e\u00edva skratka (n.d.)<\/li>\n<li>Ro\u010dn\u00edk \u010d\u00edslo: ro\u010dn\u00edk sa uv\u00e1dza kurz\u00edvou, \u010d\u00edslo bez medzery v z\u00e1tvork\u00e1ch, napr. <em>16<\/em>(1)<\/li>\n<li>Medzin\u00e1rodn\u00e9 \u0161tandardn\u00e9 \u010d\u00edsla (ISBN, ISSN a i.) sa neuv\u00e1dzaj\u00fa.<\/li>\n<li>Digital object identifier (DOI) s uv\u00e1dza pri ka\u017edom zdroji, ktor\u00fd ho m\u00e1 pridelen\u00fd, z\u00e1pis vo form\u00e1te: <a href=\"https:\/\/doi.org\/10.xxxx\/xxxx\">https:\/\/doi.org\/10.xxxx\/xxxx<\/a>.<\/li>\n<li>typ dokumentu: \u0161pecifick\u00e9 typy dokumentu ako z\u00e1vere\u010dn\u00e9 a kvalifika\u010dn\u00e9 pr\u00e1ce, fotografie, filmy, vide\u00e1, ma\u013eby, partit\u00fary, notov\u00e9 z\u00e1znamy a pod. sa zapisuj\u00fa do hranatej z\u00e1tvorky, napr. [Ma\u013eba].<\/li>\n<li>elektronick\u00e9 dokumenty\n<ul>\n<li>cit\u00e1cie elektronick\u00fdch dokumentov sa uv\u00e1dzaj\u00fa bez vydavate\u013esk\u00fdch \u00fadajov, d\u00e1tumu citovania,<\/li>\n<li>druh nosi\u010da nie je povinn\u00e9 uv\u00e1dza\u0165, ak je dokument identifikovate\u013en\u00fd pod\u013ea url odkazu, resp. DOI,<\/li>\n<li>druh nosi\u010da v hranat\u00fdch z\u00e1tvork\u00e1ch sa uv\u00e1dza pri e-dokumentoch dostupn\u00fdch na m\u00e9diu, napr. [CD-ROM], [DVD], [e-verziu tla\u010denej knihy],<\/li>\n<li>typ dokumentu v hranat\u00fdch z\u00e1tvork\u00e1ch sa uv\u00e1dza pri \u0161pecifick\u00fdch dokumentoch, napr. [Paper presentation], [Poster presentation], [Webcast], [Audio Podcast], [Data File], [Computer Softvare] a pod.<\/li>\n<\/ul>\n<\/li>\n<\/ul>\n<\/div><\/div><\/div><\/div><\/div><\/div><\/div><\/section>\n","protected":false},"excerpt":{"rendered":"INFORM\u00c1CIE PRE PRISPIEVATE\u013dOV Pr\u00edspevky prij\u00edmame v slovenskom, v \u010deskom a v anglickom jazyku. Musia re\u0161pektova\u0165 odborn\u00e9 zameranie \u010dasopisu a jeho vedeck\u00fd charakter. Zaslan\u00fd pr\u00edspevok nesmie by\u0165 v recenznom konan\u00ed v inom \u010dasopise, ani uverejnen\u00fd v odbornej a inej tla\u010di. Pr\u00edspevky s\u00fa recenzovan\u00e9. Oponentsk\u00e9 konanie je obojstranne anonymn\u00e9. Kone\u010dn\u00e9 rozhodnutie o publikovan\u00ed \u010dl\u00e1nku vyd\u00e1va redak\u010dn\u00e1 rada....","protected":false},"author":2,"featured_media":0,"parent":0,"menu_order":0,"comment_status":"closed","ping_status":"closed","template":"","meta":{"_exactmetrics_skip_tracking":false,"_exactmetrics_sitenote_active":false,"_exactmetrics_sitenote_note":"","_exactmetrics_sitenote_category":0,"footnotes":""},"class_list":["post-99","page","type-page","status-publish","hentry"],"_links":{"self":[{"href":"https:\/\/ssad.statistics.sk\/SSaD\/index.php\/wp-json\/wp\/v2\/pages\/99","targetHints":{"allow":["GET"]}}],"collection":[{"href":"https:\/\/ssad.statistics.sk\/SSaD\/index.php\/wp-json\/wp\/v2\/pages"}],"about":[{"href":"https:\/\/ssad.statistics.sk\/SSaD\/index.php\/wp-json\/wp\/v2\/types\/page"}],"author":[{"embeddable":true,"href":"https:\/\/ssad.statistics.sk\/SSaD\/index.php\/wp-json\/wp\/v2\/users\/2"}],"replies":[{"embeddable":true,"href":"https:\/\/ssad.statistics.sk\/SSaD\/index.php\/wp-json\/wp\/v2\/comments?post=99"}],"version-history":[{"count":41,"href":"https:\/\/ssad.statistics.sk\/SSaD\/index.php\/wp-json\/wp\/v2\/pages\/99\/revisions"}],"predecessor-version":[{"id":4458,"href":"https:\/\/ssad.statistics.sk\/SSaD\/index.php\/wp-json\/wp\/v2\/pages\/99\/revisions\/4458"}],"wp:attachment":[{"href":"https:\/\/ssad.statistics.sk\/SSaD\/index.php\/wp-json\/wp\/v2\/media?parent=99"}],"curies":[{"name":"wp","href":"https:\/\/api.w.org\/{rel}","templated":true}]}}