{"id":93,"date":"2019-02-05T07:52:00","date_gmt":"2019-02-05T06:52:00","guid":{"rendered":"https:\/\/ssad.statistics.sk\/SSaD\/?page_id=93"},"modified":"2025-09-26T09:49:50","modified_gmt":"2025-09-26T07:49:50","slug":"kontakt","status":"publish","type":"page","link":"https:\/\/ssad.statistics.sk\/SSaD\/index.php\/kontakt\/","title":{"rendered":"Kontakt"},"content":{"rendered":"<section class=\"l-section wpb_row padding-top-journal height_auto\"><div class=\"l-section-h i-cf\"><div class=\"g-cols vc_row via_flex valign_top type_default stacking_default\"><div class=\"vc_col-sm-3\/5 wpb_column vc_column_container\"><div class=\"vc_column-inner\"><div class=\"wpb_wrapper\"><div class=\"wpb_text_column\"><div class=\"wpb_wrapper\"><h2>ADRESA REDAKCIE<\/h2>\n<p>Slovensk\u00e1 \u0161tatistika a demografia<br \/>\n\u0160tatistick\u00fd \u00farad SR<br \/>\nLama\u010dsk\u00e1 cesta 3\/C<br \/>\nP. O. Box 67<br \/>\n840 00 Bratislava 4<br \/>\nSlovensk\u00e1 republika<\/p>\n<p>&nbsp;<\/p>\n<p>Pr\u00edspevky v elektronickej forme prij\u00edmame na adrese:<br \/>\n<a href=\"mailto:SSaD@statistics.sk\">SSaD@statistics.sk<\/a><\/p>\n<p>&nbsp;<\/p>\n<p><span style=\"color: #1e4e9d; margin-bottom: 0.6em; display: inline-block;\">V\u00ddKONN\u00c1 REDAKTORKA<\/span><br \/>\nSilvia Hudecov\u00e1<br \/>\n<a href=\"mailto:silvia.hudecova@statistics.sk\">silvia.hudecova@statistics.sk<\/a><\/p>\n<\/div><\/div><\/div><\/div><\/div><div class=\"vc_col-sm-2\/5 wpb_column vc_column_container\"><div class=\"vc_column-inner\"><div class=\"wpb_wrapper\"><div class=\"wpb_text_column\"><div class=\"wpb_wrapper\"><h2>OBJEDN\u00c1VKY<\/h2>\n<p>Objedn\u00e1vky prij\u00edma:<br \/>\nInforma\u010dn\u00fd servis \u0160tatistick\u00e9ho \u00faradu SR<br \/>\nTel.: +421 2 50236 339<br \/>\n<span style=\"margin-left: 2.1em;\">+421 2 50236 335<\/span><br \/>\nE-mail: <a href=\"mailto:info@statistics.sk\">info@statistics.sk<\/a><\/p>\n<p>&nbsp;<\/p>\n<p>Ro\u010dn\u00e9 predplatn\u00e9: <strong>20 \u20ac<\/strong> (5 \u20ac za jeden v\u00fdtla\u010dok)<\/p>\n<\/div><\/div><\/div><\/div><\/div><\/div><\/div><\/section>\n","protected":false},"excerpt":{"rendered":"ADRESA REDAKCIE Slovensk\u00e1 \u0161tatistika a demografia \u0160tatistick\u00fd \u00farad SR Lama\u010dsk\u00e1 cesta 3\/C P. O. Box 67 840 00 Bratislava 4 Slovensk\u00e1 republika &nbsp; Pr\u00edspevky v elektronickej forme prij\u00edmame na adrese: SSaD@statistics.sk &nbsp; V\u00ddKONN\u00c1 REDAKTORKA Silvia Hudecov\u00e1 silvia.hudecova@statistics.sk OBJEDN\u00c1VKY Objedn\u00e1vky prij\u00edma: Informa\u010dn\u00fd servis \u0160tatistick\u00e9ho \u00faradu SR Tel.: +421 2 50236 339 +421 2 50236 335 E-mail:...","protected":false},"author":2,"featured_media":0,"parent":0,"menu_order":0,"comment_status":"closed","ping_status":"closed","template":"","meta":{"_exactmetrics_skip_tracking":false,"_exactmetrics_sitenote_active":false,"_exactmetrics_sitenote_note":"","_exactmetrics_sitenote_category":0,"footnotes":""},"class_list":["post-93","page","type-page","status-publish","hentry"],"_links":{"self":[{"href":"https:\/\/ssad.statistics.sk\/SSaD\/index.php\/wp-json\/wp\/v2\/pages\/93","targetHints":{"allow":["GET"]}}],"collection":[{"href":"https:\/\/ssad.statistics.sk\/SSaD\/index.php\/wp-json\/wp\/v2\/pages"}],"about":[{"href":"https:\/\/ssad.statistics.sk\/SSaD\/index.php\/wp-json\/wp\/v2\/types\/page"}],"author":[{"embeddable":true,"href":"https:\/\/ssad.statistics.sk\/SSaD\/index.php\/wp-json\/wp\/v2\/users\/2"}],"replies":[{"embeddable":true,"href":"https:\/\/ssad.statistics.sk\/SSaD\/index.php\/wp-json\/wp\/v2\/comments?post=93"}],"version-history":[{"count":10,"href":"https:\/\/ssad.statistics.sk\/SSaD\/index.php\/wp-json\/wp\/v2\/pages\/93\/revisions"}],"predecessor-version":[{"id":4607,"href":"https:\/\/ssad.statistics.sk\/SSaD\/index.php\/wp-json\/wp\/v2\/pages\/93\/revisions\/4607"}],"wp:attachment":[{"href":"https:\/\/ssad.statistics.sk\/SSaD\/index.php\/wp-json\/wp\/v2\/media?parent=93"}],"curies":[{"name":"wp","href":"https:\/\/api.w.org\/{rel}","templated":true}]}}