{"id":488,"date":"2018-10-15T09:31:54","date_gmt":"2018-10-15T07:31:54","guid":{"rendered":"https:\/\/ssad.statistics.sk\/SSaD\/?page_id=488"},"modified":"2024-10-15T12:44:07","modified_gmt":"2024-10-15T10:44:07","slug":"slovenska-statistika-a-demografia-4-2018","status":"publish","type":"page","link":"https:\/\/ssad.statistics.sk\/SSaD\/index.php\/slovenska-statistika-a-demografia-4-2018\/","title":{"rendered":"Slovensk\u00e1 \u0161tatistika a demografia 4\/2018"},"content":{"rendered":"<section class=\"l-section wpb_row padding-top-journal height_auto\"><div class=\"l-section-h i-cf\"><div class=\"g-cols vc_row via_flex valign_top type_default stacking_default\"><div class=\"vc_col-sm-12 wpb_column vc_column_container\"><div class=\"vc_column-inner\"><div class=\"wpb_wrapper\"><div class=\"wpb_text_column\"><div class=\"wpb_wrapper\"><h1>Slovensk\u00e1 \u0161tatistika a demografia 4\/2018<\/h1>\n<\/div><\/div><\/div><\/div><\/div><\/div><\/div><\/section><section class=\"l-section wpb_row us_custom_18c73a72 height_auto\"><div class=\"l-section-h i-cf\"><div class=\"g-cols vc_row via_flex valign_top type_default stacking_default\"><div class=\"vc_col-sm-2 wpb_column vc_column_container\"><div class=\"vc_column-inner\"><div class=\"wpb_wrapper\"><div class=\"w-image style_outlined align_none\"><div class=\"w-image-h\"><img loading=\"lazy\" decoding=\"async\" width=\"142\" height=\"190\" src=\"https:\/\/ssad.statistics.sk\/SSaD\/wp-content\/uploads\/2019\/02\/casopis2018_142x190.png\" class=\"attachment-full size-full\" alt=\"SSaD 2018\" \/><\/div><\/div><\/div><\/div><\/div><div class=\"vc_col-sm-6 wpb_column vc_column_container\"><div class=\"vc_column-inner\"><div class=\"wpb_wrapper\">[vc_raw_html]JTNDZGl2JTIwY2xhc3MlM0QlMjJkZXRhaWwlMjIlM0UlMjAlMEElMjAlMjAlMjAlMjAlM0NwJTNFUG8lQzQlOERldCUyMHN0ciVDMyVBMW4lM0ElMjA1NiUzQyUyRnAlM0UlMEElMjAlMjAlMjAlMjAlM0NwJTNFUGVyaW9kaWNpdGElM0ElMjA0LWtyJUMzJUExdCUyMHJvJUM0JThEbmUlM0MlMkZwJTNFJTIwJTIwJTIwJTBBJTIwJTIwJTIwJTIwJTNDcCUzRUlTU04lM0ElMjAxMzM5LTY4NTQlMjAlMjhvbmxpbmUlMjklM0MlMkZwJTNFJTBBJTIwJTIwJTIwJTIwJTNDcCUzRSUzQ3NwYW4lMjBzdHlsZSUzRCUyMnBhZGRpbmctbGVmdCUzQSUyMDQ3cHglM0IlMjIlM0UxMjEwLTEwOTUlMjAlMjh0bGElQzQlOERlbiVDMyVBOSUyMHZ5ZGFuaWUlMjklM0MlMkZzcGFuJTNFJTNDJTJGcCUzRSUwQSUzQyUyRmRpdiUzRQ==[\/vc_raw_html]<\/div><\/div><\/div><div class=\"vc_col-sm-4 wpb_column vc_column_container\"><div class=\"vc_column-inner\"><div class=\"wpb_wrapper\">[vc_raw_html css=&#8220;.vc_custom_1554880397034{margin-top: 3.35em !important;}&#8220;]JTNDZGl2JTNFJTIwJTIwJTIwJTIwJTBBJTIwJTIwJTIwJTIwJTNDcCUzRSUzQ3NwYW4lMjBzdHlsZSUzRCUyMmxpbmUtaGVpZ2h0JTNBJTIwMi4xZW0lM0IlMjBwYWRkaW5nLWxlZnQlM0ElMjAwcHglM0IlMjBjb2xvciUzQSUyMCUyMzFlNGU5ZCUzQiUyMiUzRUtvbXBsZXRuJUMzJUE5JTIwJUM0JThEJUMzJUFEc2xvJTNDJTJGc3BhbiUzRSUzQ2JyJTNFJTIwJTVCZG93bmxvYWQlMjBpZCUzRCUyMjIwJTIyJTVEJTIwc3RpYWhudXQlQzMlQUQlMjklM0MlMkZzcGFuJTNFJTNDJTJGcCUzRSUwQSUzQyUyRmRpdiUzRQ==[\/vc_raw_html]<\/div><\/div><\/div><\/div><\/div><\/section><section class=\"l-section wpb_row us_custom_5c07cc07 height_auto\"><div class=\"l-section-h i-cf\"><div class=\"g-cols vc_row via_flex valign_top type_default stacking_default\"><div class=\"vc_col-sm-12 wpb_column vc_column_container\"><div class=\"vc_column-inner\"><div class=\"wpb_wrapper\"><div class=\"w-separator us_custom_fd420121 has_text_color size_medium with_line width_default thick_1 style_dashed color_border align_center\"><div class=\"w-separator-h\"><\/div><\/div><\/div><\/div><\/div><\/div><\/div><\/section><section class=\"l-section wpb_row us_custom_85c8db04 height_auto\"><div class=\"l-section-h i-cf\"><div class=\"g-cols vc_row via_flex valign_top type_default stacking_default\"><div class=\"vc_col-sm-12 wpb_column vc_column_container\"><div class=\"vc_column-inner\"><div class=\"wpb_wrapper\"><div class=\"wpb_text_column\"><div class=\"wpb_wrapper\"><h2>VEDECK\u00c9 \u010cL\u00c1NKY<\/h2>\n<div class=\"w-grid us_custom_2b991ef7 type_grid layout_146\" id=\"us_grid_1\" data-filterable=\"true\"><style>#us_grid_1 .w-grid-item:not(:last-child){margin-bottom:2.5rem}#us_grid_1 .g-loadmore{margin-top:2.5rem}.layout_146 .w-grid-item-h{}.layout_146 .usg_post_title_1{font-family:var(--font-body)!important;font-size:21px!important}.layout_146 .usg_post_date_1{font-family:var(--font-body)!important;font-size:0.9rem!important}.layout_146 .usg_post_content_1{margin-top:0.5rem!important;font-family:var(--font-body)!important}@media (max-width:600px){.layout_146 .usg_post_title_1{font-size:18px!important}}<\/style><div class=\"w-grid-list\">\t<article class=\"w-grid-item size_1x1 post-526 post type-post status-publish format-standard hentry category-4-2018-vedecke-clanky tag-autor-branislav-sprocha tag-generacna-plodnost tag-pravdepodobnost-zvacsenia-rodiny tag-slovensko tag-vzdelanie\" data-id=\"526\">\r\n\t\t<div class=\"w-grid-item-h\">\r\n\t\t\t\t\t\t<h2 class=\"w-post-elm post_title usg_post_title_1 entry-title color_link_inherit\"><a href=\"https:\/\/ssad.statistics.sk\/SSaD\/index.php\/zmeny-v-koherentnej-plodnosti-zien-slovenska-v-spojitosti-s-najvyssim-dosiahnutym-vzdelanim\/\">Zmeny v kohortnej plodnosti \u017eien Slovenska v spojitosti s najvy\u0161\u0161\u00edm dosiahnut\u00fdm vzdelan\u00edm<\/a><\/h2><time class=\"w-post-elm post_date usg_post_date_1 entry-date published\" datetime=\"2018-10-15T12:54:22+02:00\"><i class=\"far fa-clock\"><\/i>15. okt\u00f3bra 2018<\/time><div class=\"w-post-elm post_content usg_post_content_1\"><p>Branislav \u0160procha, INFOSTAT \u2013 V\u00fdskumn\u00e9 demografick\u00e9 centrum, Centrum spolo\u010densk\u00fdch a psychologick\u00fdch vied Slovenskej akad\u00e9mie vied, Slovensk\u00e1 republika<\/p>\n<p> <a href=\"https:\/\/ssad.statistics.sk\/SSaD\/index.php\/zmeny-v-koherentnej-plodnosti-zien-slovenska-v-spojitosti-s-najvyssim-dosiahnutym-vzdelanim\/#more-526\" class=\"more-link\"><span aria-label=\"\u010c\u00edta\u0165 \u010falej Zmeny v kohortnej plodnosti \u017eien Slovenska v spojitosti s najvy\u0161\u0161\u00edm dosiahnut\u00fdm vzdelan\u00edm\">(viac&hellip;)<\/span><\/a><\/p>\n<\/div>\t\t<\/div>\r\n\t<\/article>\r\n\t<article class=\"w-grid-item size_1x1 post-283 post type-post status-publish format-standard hentry category-4-2018-vedecke-clanky tag-autor-viera-pilinska tag-index-starnutia tag-index-zavislosti tag-medianovy-vek tag-pohlavie tag-priemerny-vek tag-rodinny-stav tag-vekova-struktura tag-vzdelanie\" data-id=\"283\">\r\n\t\t<div class=\"w-grid-item-h\">\r\n\t\t\t\t\t\t<h2 class=\"w-post-elm post_title usg_post_title_1 entry-title color_link_inherit\"><a href=\"https:\/\/ssad.statistics.sk\/SSaD\/index.php\/zmeny-v-strukture-obyvatelstva-podla-veku-rodinneho-stavu-a-vzdelania-na-slovensku-po-vzniku-ceskoslovenska\/\">Zmeny v \u0161trukt\u00fare obyvate\u013estva pod\u013ea veku, rodinn\u00e9ho stavu a vzdelania na Slovensku po vzniku \u010ceskoslovenska<\/a><\/h2><time class=\"w-post-elm post_date usg_post_date_1 entry-date published\" datetime=\"2018-10-15T12:45:27+02:00\"><i class=\"far fa-clock\"><\/i>15. okt\u00f3bra 2018<\/time><div class=\"w-post-elm post_content usg_post_content_1\"><p>Viera Pilinsk\u00e1, INFOSTAT &#8211; V\u00fdskumn\u00e9 demografick\u00e9 centrum, Slovensk\u00e1 republika<\/p>\n<p> <a href=\"https:\/\/ssad.statistics.sk\/SSaD\/index.php\/zmeny-v-strukture-obyvatelstva-podla-veku-rodinneho-stavu-a-vzdelania-na-slovensku-po-vzniku-ceskoslovenska\/#more-283\" class=\"more-link\"><span aria-label=\"\u010c\u00edta\u0165 \u010falej Zmeny v \u0161trukt\u00fare obyvate\u013estva pod\u013ea veku, rodinn\u00e9ho stavu a vzdelania na Slovensku po vzniku \u010ceskoslovenska\">(viac&hellip;)<\/span><\/a><\/p>\n<\/div>\t\t<\/div>\r\n\t<\/article>\r\n\t<article class=\"w-grid-item size_1x1 post-519 post type-post status-publish format-standard hentry category-4-2018-vedecke-clanky tag-autor-robert-vlacuha tag-eu tag-eu-silc tag-indikatory tag-materialna-deprivacia tag-slovenska-republika\" data-id=\"519\">\r\n\t\t<div class=\"w-grid-item-h\">\r\n\t\t\t\t\t\t<h2 class=\"w-post-elm post_title usg_post_title_1 entry-title color_link_inherit\"><a href=\"https:\/\/ssad.statistics.sk\/SSaD\/index.php\/zmeny-v-merani-materialnej-deprivacie-z-hladiska-zavedenia-indikatora-materialnej-a-socialnej-deprivacie\/\">Zmeny v meran\u00ed materi\u00e1lnej depriv\u00e1cie z h\u013eadiska zavedenia indik\u00e1tora materi\u00e1lnej a soci\u00e1lnej depriv\u00e1cie<\/a><\/h2><time class=\"w-post-elm post_date usg_post_date_1 entry-date published\" datetime=\"2018-10-15T11:24:23+02:00\"><i class=\"far fa-clock\"><\/i>15. okt\u00f3bra 2018<\/time><div class=\"w-post-elm post_content usg_post_content_1\"><p>R\u00f3bert Vla\u010duha, \u0160tatistick\u00fd \u00farad Slovenskej republiky, Slovensk\u00e1 republika<\/p>\n<p> <a href=\"https:\/\/ssad.statistics.sk\/SSaD\/index.php\/zmeny-v-merani-materialnej-deprivacie-z-hladiska-zavedenia-indikatora-materialnej-a-socialnej-deprivacie\/#more-519\" class=\"more-link\"><span aria-label=\"\u010c\u00edta\u0165 \u010falej Zmeny v meran\u00ed materi\u00e1lnej depriv\u00e1cie z h\u013eadiska zavedenia indik\u00e1tora materi\u00e1lnej a soci\u00e1lnej depriv\u00e1cie\">(viac&hellip;)<\/span><\/a><\/p>\n<\/div>\t\t<\/div>\r\n\t<\/article>\r\n<\/div><div class=\"w-grid-preloader\"><div class=\"g-preloader type_1\">\r\n\t<div><\/div>\r\n<\/div>\r\n<\/div>\t<div class=\"w-grid-json hidden\" onclick='return {&quot;action&quot;:&quot;us_ajax_grid&quot;,&quot;ajax_url&quot;:&quot;https:\\\/\\\/ssad.statistics.sk\\\/SSaD\\\/wp-admin\\\/admin-ajax.php&quot;,&quot;infinite_scroll&quot;:0,&quot;max_num_pages&quot;:1,&quot;pagination&quot;:&quot;none&quot;,&quot;permalink_url&quot;:&quot;https:\\\/\\\/ssad.statistics.sk\\\/SSaD\\\/wp-json\\\/wp\\\/v2\\\/pages\\\/488&quot;,&quot;template_vars&quot;:{&quot;columns&quot;:&quot;1&quot;,&quot;exclude_items&quot;:&quot;none&quot;,&quot;img_size&quot;:&quot;default&quot;,&quot;ignore_items_size&quot;:0,&quot;items_layout&quot;:&quot;146&quot;,&quot;items_offset&quot;:&quot;1&quot;,&quot;load_animation&quot;:&quot;none&quot;,&quot;overriding_link&quot;:&quot;none&quot;,&quot;post_id&quot;:488,&quot;query_args&quot;:{&quot;post_type&quot;:[&quot;post&quot;],&quot;tax_query&quot;:[{&quot;taxonomy&quot;:&quot;category&quot;,&quot;field&quot;:&quot;slug&quot;,&quot;terms&quot;:[&quot;4-2018-vedecke-clanky&quot;]}],&quot;post_status&quot;:[&quot;publish&quot;],&quot;posts_per_page&quot;:&quot;20&quot;},&quot;orderby_query_args&quot;:{&quot;orderby&quot;:{&quot;date&quot;:&quot;DESC&quot;}},&quot;type&quot;:&quot;grid&quot;,&quot;us_grid_ajax_index&quot;:1,&quot;us_grid_filter_params&quot;:null,&quot;us_grid_index&quot;:1,&quot;_us_grid_post_type&quot;:&quot;post&quot;}}'><\/div>\r\n\t<\/div>\n<\/div><\/div><\/div><\/div><\/div><\/div><\/div><\/section><section class=\"l-section wpb_row us_custom_c4a4bb17 height_auto\"><div class=\"l-section-h i-cf\"><div class=\"g-cols vc_row via_flex valign_top type_default stacking_default\"><div class=\"vc_col-sm-12 wpb_column vc_column_container\"><div class=\"vc_column-inner\"><div class=\"wpb_wrapper\"><div class=\"wpb_text_column\"><div class=\"wpb_wrapper\"><h2>INFORMAT\u00cdVNE \u010cL\u00c1NKY, N\u00c1ZORY, RECENZIE, ROZHOVORY, INFORM\u00c1CIE<\/h2>\n<div class=\"w-grid us_custom_2b991ef7 type_grid layout_146\" id=\"us_grid_2\"><style>#us_grid_2 .w-grid-item:not(:last-child){margin-bottom:2.5rem}#us_grid_2 .g-loadmore{margin-top:2.5rem}<\/style><div class=\"w-grid-list\">\t<article class=\"w-grid-item size_1x1 post-511 post type-post status-publish format-standard hentry category-4-2018-informativne-clanky-nazory-recenzie-rozhovory-informacie tag-autor-boris-vano\" data-id=\"511\">\r\n\t\t<div class=\"w-grid-item-h\">\r\n\t\t\t\t\t\t<h2 class=\"w-post-elm post_title usg_post_title_1 entry-title color_link_inherit\"><a href=\"https:\/\/ssad.statistics.sk\/SSaD\/index.php\/konferencia-ceskej-demografickej-spolocnosti-2\/\">Konferencia \u010ceskej demografickej spolo\u010dnosti<\/a><\/h2><time class=\"w-post-elm post_date usg_post_date_1 entry-date published\" datetime=\"2018-10-15T11:07:25+02:00\"><i class=\"far fa-clock\"><\/i>15. okt\u00f3bra 2018<\/time><div class=\"w-post-elm post_content usg_post_content_1\"><p>Boris Va\u0148o, INFOSTAT &#8211; V\u00fdskumn\u00e9 demografick\u00e9 centrum, Slovensk\u00e1 republika<\/p>\n<p> <a href=\"https:\/\/ssad.statistics.sk\/SSaD\/index.php\/konferencia-ceskej-demografickej-spolocnosti-2\/#more-511\" class=\"more-link\"><span aria-label=\"\u010c\u00edta\u0165 \u010falej Konferencia \u010ceskej demografickej spolo\u010dnosti\">(viac&hellip;)<\/span><\/a><\/p>\n<\/div>\t\t<\/div>\r\n\t<\/article>\r\n\t<article class=\"w-grid-item size_1x1 post-506 post type-post status-publish format-standard hentry category-4-2018-informativne-clanky-nazory-recenzie-rozhovory-informacie tag-autor-frantisek-bernadic\" data-id=\"506\">\r\n\t\t<div class=\"w-grid-item-h\">\r\n\t\t\t\t\t\t<h2 class=\"w-post-elm post_title usg_post_title_1 entry-title color_link_inherit\"><a href=\"https:\/\/ssad.statistics.sk\/SSaD\/index.php\/troj-konferencia-pri-prilezitosti-50-vyrocia-zalozenia-slovenskej-statistickej-a-demografickej-spolocnosti\/\">Troj-konferencia pri pr\u00edle\u017eitosti 50. v\u00fdro\u010dia zalo\u017eenia Slovenskej \u0161tatistickej a demografickej spolo\u010dnosti<\/a><\/h2><time class=\"w-post-elm post_date usg_post_date_1 entry-date published\" datetime=\"2018-10-15T10:52:52+02:00\"><i class=\"far fa-clock\"><\/i>15. okt\u00f3bra 2018<\/time><div class=\"w-post-elm post_content usg_post_content_1\"><p>Franti\u0161ek Bernadi\u010d, \u0160tatistick\u00fd \u00farad Slovenskej republiky, Slovensk\u00e1 republika<\/p>\n<p> <a href=\"https:\/\/ssad.statistics.sk\/SSaD\/index.php\/troj-konferencia-pri-prilezitosti-50-vyrocia-zalozenia-slovenskej-statistickej-a-demografickej-spolocnosti\/#more-506\" class=\"more-link\"><span aria-label=\"\u010c\u00edta\u0165 \u010falej Troj-konferencia pri pr\u00edle\u017eitosti 50. v\u00fdro\u010dia zalo\u017eenia Slovenskej \u0161tatistickej a demografickej spolo\u010dnosti\">(viac&hellip;)<\/span><\/a><\/p>\n<\/div>\t\t<\/div>\r\n\t<\/article>\r\n\t<article class=\"w-grid-item size_1x1 post-502 post type-post status-publish format-standard hentry category-4-2018-informativne-clanky-nazory-recenzie-rozhovory-informacie tag-autor-anna-tirpakova\" data-id=\"502\">\r\n\t\t<div class=\"w-grid-item-h\">\r\n\t\t\t\t\t\t<h2 class=\"w-post-elm post_title usg_post_title_1 entry-title color_link_inherit\"><a href=\"https:\/\/ssad.statistics.sk\/SSaD\/index.php\/za-beloslavom-riecanom\/\">Za Beloslavom Rie\u010danom<\/a><\/h2><time class=\"w-post-elm post_date usg_post_date_1 entry-date published\" datetime=\"2018-10-15T10:35:43+02:00\"><i class=\"far fa-clock\"><\/i>15. okt\u00f3bra 2018<\/time><div class=\"w-post-elm post_content usg_post_content_1\"><p>Anna Tirp\u00e1kov\u00e1, Fakulta pr\u00edrodn\u00fdch vied, Univerzita Kon\u0161tant\u00edna Filozofa v Nitre, Slovensk\u00e1 republika<\/p>\n<p> <a href=\"https:\/\/ssad.statistics.sk\/SSaD\/index.php\/za-beloslavom-riecanom\/#more-502\" class=\"more-link\"><span aria-label=\"\u010c\u00edta\u0165 \u010falej Za Beloslavom Rie\u010danom\">(viac&hellip;)<\/span><\/a><\/p>\n<\/div>\t\t<\/div>\r\n\t<\/article>\r\n<\/div><div class=\"w-grid-preloader\"><div class=\"g-preloader type_1\">\r\n\t<div><\/div>\r\n<\/div>\r\n<\/div>\t<div class=\"w-grid-json hidden\" onclick='return {&quot;action&quot;:&quot;us_ajax_grid&quot;,&quot;ajax_url&quot;:&quot;https:\\\/\\\/ssad.statistics.sk\\\/SSaD\\\/wp-admin\\\/admin-ajax.php&quot;,&quot;infinite_scroll&quot;:0,&quot;max_num_pages&quot;:1,&quot;pagination&quot;:&quot;none&quot;,&quot;permalink_url&quot;:&quot;https:\\\/\\\/ssad.statistics.sk\\\/SSaD\\\/wp-json\\\/wp\\\/v2\\\/pages\\\/488&quot;,&quot;template_vars&quot;:{&quot;columns&quot;:&quot;1&quot;,&quot;exclude_items&quot;:&quot;none&quot;,&quot;img_size&quot;:&quot;default&quot;,&quot;ignore_items_size&quot;:0,&quot;items_layout&quot;:&quot;146&quot;,&quot;items_offset&quot;:&quot;1&quot;,&quot;load_animation&quot;:&quot;none&quot;,&quot;overriding_link&quot;:&quot;none&quot;,&quot;post_id&quot;:519,&quot;query_args&quot;:{&quot;post_type&quot;:[&quot;post&quot;],&quot;tax_query&quot;:[{&quot;taxonomy&quot;:&quot;category&quot;,&quot;field&quot;:&quot;slug&quot;,&quot;terms&quot;:[&quot;4-2018-informativne-clanky-nazory-recenzie-rozhovory-informacie&quot;]}],&quot;post_status&quot;:[&quot;publish&quot;],&quot;posts_per_page&quot;:&quot;20&quot;},&quot;orderby_query_args&quot;:{&quot;orderby&quot;:{&quot;date&quot;:&quot;DESC&quot;}},&quot;type&quot;:&quot;grid&quot;,&quot;us_grid_ajax_index&quot;:1,&quot;us_grid_filter_params&quot;:null,&quot;us_grid_index&quot;:2,&quot;_us_grid_post_type&quot;:&quot;post&quot;}}'><\/div>\r\n\t<\/div>\n<\/div><\/div><\/div><\/div><\/div><\/div><\/div><\/section><section class=\"l-section wpb_row us_custom_c4a4bb17 height_auto\"><div class=\"l-section-h i-cf\"><div class=\"g-cols vc_row via_flex valign_top type_default stacking_default\"><div class=\"vc_col-sm-12 wpb_column vc_column_container\"><div class=\"vc_column-inner us_custom_5c07cc07\"><div class=\"wpb_wrapper\"><div class=\"wpb_text_column\"><div class=\"wpb_wrapper\"><h2>PRIPRAVUJEME<\/h2>\n<p>&nbsp;<\/p>\n<h2 class=\"soon1\">Demografick\u00e9 struktury obyvatelstva \u010cesk\u00e9 republiky v obdob\u00ed 1918 \u2013 2018<\/h2>\n<p>Dagmar Barto\u0148ov\u00e1, P\u0159\u00edrodov\u011bdeck\u00e1 fakulta, Univerzita Karlova v Praze, \u010cesk\u00e1 republika<\/p>\n<h2 class=\"soon\">Jednodetnos\u0165 \u2013 nov\u00fd fenom\u00e9n v reproduk\u010dn\u00fdch dr\u00e1hach \u017eien na Slovensku?<\/h2>\n<p>Branislav \u0160procha, INFOSTAT &#8211; V\u00fdskumn\u00e9 demografick\u00e9 centrum, Slovensk\u00e1 republika<\/p>\n<h2 class=\"soon\">Identifik\u00e1cia relevantn\u00fdch faktorov a pos\u00fadenie ich vplyvu na r\u00f4zne formy chudoby a soci\u00e1lneho vyl\u00fa\u010denia slovensk\u00fdch dom\u00e1cnost\u00ed prostredn\u00edctvom logistickej regresie<\/h2>\n<p>Erik \u0160olt\u00e9s, Fakulta hospod\u00e1rskej informatiky, Ekonomick\u00e1 univerzita v Bratislave, Slovensk\u00e1 republika<\/p>\n<\/div><\/div><\/div><\/div><\/div><\/div><\/div><\/section>\n","protected":false},"excerpt":{"rendered":"Anna Tirp\u00e1kov\u00e1, Fakulta pr\u00edrodn\u00fdch vied, Univerzita Kon\u0161tant\u00edna Filozofa v Nitre, Slovensk\u00e1 republika Typ \u010dl\u00e1nku: nekrol\u00f3g Strany: 54 - 55 &nbsp; \u010cl\u00e1nok na stiahnutie PDF (1,1 MB, 476 stiahnut\u00ed)","protected":false},"author":4,"featured_media":0,"parent":0,"menu_order":0,"comment_status":"closed","ping_status":"closed","template":"","meta":{"_exactmetrics_skip_tracking":false,"_exactmetrics_sitenote_active":false,"_exactmetrics_sitenote_note":"","_exactmetrics_sitenote_category":0,"footnotes":""},"class_list":["post-488","page","type-page","status-publish","hentry"],"_links":{"self":[{"href":"https:\/\/ssad.statistics.sk\/SSaD\/index.php\/wp-json\/wp\/v2\/pages\/488","targetHints":{"allow":["GET"]}}],"collection":[{"href":"https:\/\/ssad.statistics.sk\/SSaD\/index.php\/wp-json\/wp\/v2\/pages"}],"about":[{"href":"https:\/\/ssad.statistics.sk\/SSaD\/index.php\/wp-json\/wp\/v2\/types\/page"}],"author":[{"embeddable":true,"href":"https:\/\/ssad.statistics.sk\/SSaD\/index.php\/wp-json\/wp\/v2\/users\/4"}],"replies":[{"embeddable":true,"href":"https:\/\/ssad.statistics.sk\/SSaD\/index.php\/wp-json\/wp\/v2\/comments?post=488"}],"version-history":[{"count":9,"href":"https:\/\/ssad.statistics.sk\/SSaD\/index.php\/wp-json\/wp\/v2\/pages\/488\/revisions"}],"predecessor-version":[{"id":4159,"href":"https:\/\/ssad.statistics.sk\/SSaD\/index.php\/wp-json\/wp\/v2\/pages\/488\/revisions\/4159"}],"wp:attachment":[{"href":"https:\/\/ssad.statistics.sk\/SSaD\/index.php\/wp-json\/wp\/v2\/media?parent=488"}],"curies":[{"name":"wp","href":"https:\/\/api.w.org\/{rel}","templated":true}]}}