{"id":4681,"date":"2026-01-15T07:42:54","date_gmt":"2026-01-15T06:42:54","guid":{"rendered":"https:\/\/ssad.statistics.sk\/SSaD\/?page_id=4681"},"modified":"2026-01-15T14:44:52","modified_gmt":"2026-01-15T13:44:52","slug":"slovenska-statistika-a-demografia-1-2026","status":"publish","type":"page","link":"https:\/\/ssad.statistics.sk\/SSaD\/index.php\/slovenska-statistika-a-demografia-1-2026\/","title":{"rendered":"Slovensk\u00e1 \u0161tatistika a demografia 1\/2026"},"content":{"rendered":"<section class=\"l-section wpb_row us_custom_5f01f778 height_auto\"><div class=\"l-section-h i-cf\"><div class=\"g-cols vc_row via_flex valign_top type_default stacking_default\"><div class=\"vc_col-sm-12 wpb_column vc_column_container\"><div class=\"vc_column-inner\"><div class=\"wpb_wrapper\"><div class=\"wpb_text_column\"><div class=\"wpb_wrapper\"><h1><\/h1>\n<h1>Slovensk\u00e1 \u0161tatistika a demografia 1\/2026<\/h1>\n<\/div><\/div><\/div><\/div><\/div><\/div><\/div><\/section><section class=\"l-section wpb_row us_custom_18c73a72 height_auto\"><div class=\"l-section-h i-cf\"><div class=\"g-cols vc_row via_flex valign_top type_default stacking_default\"><div class=\"vc_col-sm-2 wpb_column vc_column_container\"><div class=\"vc_column-inner\"><div class=\"wpb_wrapper\"><div class=\"w-image style_outlined align_none\"><div class=\"w-image-h\"><img loading=\"lazy\" decoding=\"async\" width=\"140\" height=\"190\" src=\"https:\/\/ssad.statistics.sk\/SSaD\/wp-content\/uploads\/2026\/01\/SSaD_1_2026_140x190.gif\" class=\"attachment-full size-full\" alt=\"\" \/><\/div><\/div><\/div><\/div><\/div><div class=\"vc_col-sm-6 wpb_column vc_column_container\"><div class=\"vc_column-inner\"><div class=\"wpb_wrapper\">[vc_raw_html]JTNDZGl2JTIwY2xhc3MlM0QlMjJkZXRhaWwlMjIlM0UlMjAlMEElMjAlMjAlMjAlMjAlM0NwJTNFUG8lQzQlOERldCUyMHN0ciVDMyVBMW4lM0ElMjA3MiUzQyUyRnAlM0UlMEElMjAlMjAlMjAlMjAlM0NwJTNFUGVyaW9kaWNpdGElM0ElMjA0LWtyJUMzJUExdCUyMHJvJUM0JThEbmUlM0MlMkZwJTNFJTIwJTIwJTIwJTBBJTIwJTIwJTIwJTIwJTNDcCUzRUlTU04lM0ElMjAxMzM5LTY4NTQlMjAlMjhvbmxpbmUlMjklM0MlMkZwJTNFJTBBJTIwJTIwJTIwJTIwJTNDcCUzRSUzQ3NwYW4lMjBzdHlsZSUzRCUyMnBhZGRpbmctbGVmdCUzQSUyMDQ3cHglM0IlMjIlM0UxMjEwLTEwOTUlMjAlMjh0bGElQzQlOERlbiVDMyVBOSUyMHZ5ZGFuaWUlMjklM0MlMkZzcGFuJTNFJTNDJTJGcCUzRSUwQSUzQyUyRmRpdiUzRQ==[\/vc_raw_html]<\/div><\/div><\/div><div class=\"vc_col-sm-4 wpb_column vc_column_container\"><div class=\"vc_column-inner\"><div class=\"wpb_wrapper\">[vc_raw_html el_class=&#8220;download-content&#8220;]JTNDZGl2JTNFJTIwJTIwJTIwJTIwJTBBJTIwJTIwJTIwJTIwJTNDcCUzRSUzQ3NwYW4lMjBzdHlsZSUzRCUyMmxpbmUtaGVpZ2h0JTNBJTIwMi4xZW0lM0IlMjBwYWRkaW5nLWxlZnQlM0ElMjAwcHglM0IlMjBjb2xvciUzQSUyMCUyMzFlNGU5ZCUzQiUyMiUzRUtvbXBsZXRuJUMzJUE5JTIwJUM0JThEJUMzJUFEc2xvJTNDJTJGc3BhbiUzRSUzQ2JyJTNFJTIwJTVCZG93bmxvYWQlMjBpZCUzRCUyMjQ3MiUyMiU1RCUyMHN0aWFobnV0JUMzJUFEJTI5JTNDJTJGc3BhbiUzRSUzQyUyRnAlM0UlMEElM0MlMkZkaXYlM0U=[\/vc_raw_html]<\/div><\/div><\/div><\/div><\/div><\/section><section class=\"l-section wpb_row us_custom_5c07cc07 height_auto\"><div class=\"l-section-h i-cf\"><div class=\"g-cols vc_row via_flex valign_top type_default stacking_default\"><div class=\"vc_col-sm-12 wpb_column vc_column_container\"><div class=\"vc_column-inner\"><div class=\"wpb_wrapper\"><div class=\"w-separator us_custom_fd420121 has_text_color size_medium with_line width_default thick_1 style_dashed color_border align_center\"><div class=\"w-separator-h\"><\/div><\/div><\/div><\/div><\/div><\/div><\/div><\/section><section class=\"l-section wpb_row us_custom_85c8db04 height_auto\"><div class=\"l-section-h i-cf\"><div class=\"g-cols vc_row via_flex valign_top type_default stacking_default\"><div class=\"vc_col-sm-12 wpb_column vc_column_container\"><div class=\"vc_column-inner\"><div class=\"wpb_wrapper\"><div class=\"wpb_text_column\"><div class=\"wpb_wrapper\"><h2>VEDECK\u00c9 \u010cL\u00c1NKY<\/h2>\n<div class=\"w-grid us_custom_2b991ef7 type_grid layout_146\" id=\"us_grid_1\" data-filterable=\"true\"><style>#us_grid_1 .w-grid-item:not(:last-child){margin-bottom:2.5rem}#us_grid_1 .g-loadmore{margin-top:2.5rem}.layout_146 .w-grid-item-h{}.layout_146 .usg_post_title_1{font-family:var(--font-body)!important;font-size:21px!important}.layout_146 .usg_post_date_1{font-family:var(--font-body)!important;font-size:0.9rem!important}.layout_146 .usg_post_content_1{margin-top:0.5rem!important;font-family:var(--font-body)!important}@media (max-width:600px){.layout_146 .usg_post_title_1{font-size:18px!important}}<\/style><div class=\"w-grid-list\">\t<article class=\"w-grid-item size_1x1 post-4686 post type-post status-publish format-standard hentry category-1-2026-vedecke-clanky tag-autor-branislav-sprocha tag-autor-pavol-tisliar tag-plodnost tag-scitanie-ludu-1900-a-1910 tag-slovensko tag-sobasnost tag-uhorske-zupy tag-umrtnost\" data-id=\"4686\">\r\n\t\t<div class=\"w-grid-item-h\">\r\n\t\t\t\t\t\t<h2 class=\"w-post-elm post_title usg_post_title_1 entry-title color_link_inherit\"><a href=\"https:\/\/ssad.statistics.sk\/SSaD\/index.php\/k-niektorym-priestorovym-rozdielom-v-charaktere-reprodukcneho-spravania-na-slovensku-na-zaciatku-20-storocia\/\">K niektor\u00fdm priestorov\u00fdm rozdielom v charaktere reproduk\u010dn\u00e9ho spr\u00e1vania na Slovensku na za\u010diatku 20. storo\u010dia<\/a><\/h2><time class=\"w-post-elm post_date usg_post_date_1 entry-date published\" datetime=\"2026-01-15T08:03:14+01:00\"><i class=\"far fa-clock\"><\/i>15. janu\u00e1ra 2026<\/time><div class=\"w-post-elm post_content usg_post_content_1\"><p>Pavol Ti\u0161liar, \u00dastav archeologie a muzeologie, Masarykova univerzita v Brne; Katedra historick\u00fdch vied a stredoeur\u00f3pskych \u0161t\u00fadi\u00ed, Univerzita sv. Cyrila a Metoda v Trnave<br \/>\nBranislav \u0160procha, Centrum spolo\u010densk\u00fdch a psychologick\u00fdch vied SAV, v. v. i., INFOSTAT \u2013 V\u00fdskumn\u00e9 demografick\u00e9 centrum<\/p>\n<p> <a href=\"https:\/\/ssad.statistics.sk\/SSaD\/index.php\/k-niektorym-priestorovym-rozdielom-v-charaktere-reprodukcneho-spravania-na-slovensku-na-zaciatku-20-storocia\/#more-4686\" class=\"more-link\"><span aria-label=\"\u010c\u00edta\u0165 \u010falej K niektor\u00fdm priestorov\u00fdm rozdielom v charaktere reproduk\u010dn\u00e9ho spr\u00e1vania na Slovensku na za\u010diatku 20. storo\u010dia\">(viac&hellip;)<\/span><\/a><\/p>\n<\/div>\t\t<\/div>\r\n\t<\/article>\r\n\t<article class=\"w-grid-item size_1x1 post-4688 post type-post status-publish format-standard hentry category-1-2026-vedecke-clanky tag-autor-branislav-sprocha tag-autor-dusana-dokupilova tag-nabozenske-vyznanie tag-plodnost tag-rodinne-spravanie tag-rozvodovost tag-slovensko tag-sobasnost tag-sodb-2021\" data-id=\"4688\">\r\n\t\t<div class=\"w-grid-item-h\">\r\n\t\t\t\t\t\t<h2 class=\"w-post-elm post_title usg_post_title_1 entry-title color_link_inherit\"><a href=\"https:\/\/ssad.statistics.sk\/SSaD\/index.php\/nabozenske-vyznanie-ako-diferencujuci-faktor-rodinneho-spravania-na-slovensku-podla-vysledkov-sodb-2021\/\">N\u00e1bo\u017eensk\u00e9 vyznanie ako diferencuj\u00faci faktor rodinn\u00e9ho spr\u00e1vania na Slovensku pod\u013ea v\u00fdsledkov SODB 2021<\/a><\/h2><time class=\"w-post-elm post_date usg_post_date_1 entry-date published\" datetime=\"2026-01-15T07:08:24+01:00\"><i class=\"far fa-clock\"><\/i>15. janu\u00e1ra 2026<\/time><div class=\"w-post-elm post_content usg_post_content_1\"><p>Du\u0161ana Dokupilov\u00e1, Centrum spolo\u010densk\u00fdch a psychologick\u00fdch vied SAV, v. v. i.<br \/>\nBranislav \u0160procha, Centrum spolo\u010densk\u00fdch a psychologick\u00fdch vied SAV, v. v. i., INFOSTAT \u2013 V\u00fdskumn\u00e9 demografick\u00e9 centrum<\/p>\n<p> <a href=\"https:\/\/ssad.statistics.sk\/SSaD\/index.php\/nabozenske-vyznanie-ako-diferencujuci-faktor-rodinneho-spravania-na-slovensku-podla-vysledkov-sodb-2021\/#more-4688\" class=\"more-link\"><span aria-label=\"\u010c\u00edta\u0165 \u010falej N\u00e1bo\u017eensk\u00e9 vyznanie ako diferencuj\u00faci faktor rodinn\u00e9ho spr\u00e1vania na Slovensku pod\u013ea v\u00fdsledkov SODB 2021\">(viac&hellip;)<\/span><\/a><\/p>\n<\/div>\t\t<\/div>\r\n\t<\/article>\r\n<\/div><div class=\"w-grid-preloader\"><div class=\"g-preloader type_1\">\r\n\t<div><\/div>\r\n<\/div>\r\n<\/div>\t<div class=\"w-grid-json hidden\" onclick='return {&quot;action&quot;:&quot;us_ajax_grid&quot;,&quot;ajax_url&quot;:&quot;https:\\\/\\\/ssad.statistics.sk\\\/SSaD\\\/wp-admin\\\/admin-ajax.php&quot;,&quot;infinite_scroll&quot;:0,&quot;max_num_pages&quot;:1,&quot;pagination&quot;:&quot;none&quot;,&quot;permalink_url&quot;:&quot;https:\\\/\\\/ssad.statistics.sk\\\/SSaD\\\/wp-json\\\/wp\\\/v2\\\/pages\\\/4681&quot;,&quot;template_vars&quot;:{&quot;columns&quot;:&quot;1&quot;,&quot;exclude_items&quot;:&quot;none&quot;,&quot;img_size&quot;:&quot;default&quot;,&quot;ignore_items_size&quot;:0,&quot;items_layout&quot;:&quot;146&quot;,&quot;items_offset&quot;:&quot;1&quot;,&quot;load_animation&quot;:&quot;none&quot;,&quot;overriding_link&quot;:&quot;none&quot;,&quot;post_id&quot;:4681,&quot;query_args&quot;:{&quot;post_type&quot;:[&quot;post&quot;],&quot;tax_query&quot;:[{&quot;taxonomy&quot;:&quot;category&quot;,&quot;field&quot;:&quot;slug&quot;,&quot;terms&quot;:[&quot;1-2026-vedecke-clanky&quot;]}],&quot;post_status&quot;:[&quot;publish&quot;],&quot;posts_per_page&quot;:&quot;20&quot;},&quot;orderby_query_args&quot;:{&quot;orderby&quot;:{&quot;date&quot;:&quot;DESC&quot;}},&quot;type&quot;:&quot;grid&quot;,&quot;us_grid_ajax_index&quot;:1,&quot;us_grid_filter_params&quot;:null,&quot;us_grid_index&quot;:1,&quot;_us_grid_post_type&quot;:&quot;post&quot;}}'><\/div>\r\n\t<\/div>\n<\/div><\/div><\/div><\/div><\/div><\/div><\/div><\/section><section class=\"l-section wpb_row us_custom_c4a4bb17 content-information height_auto\"><div class=\"l-section-h i-cf\"><div class=\"g-cols vc_row via_flex valign_top type_default stacking_default\"><div class=\"vc_col-sm-12 wpb_column vc_column_container\"><div class=\"vc_column-inner\"><div class=\"wpb_wrapper\"><div class=\"wpb_text_column\"><div class=\"wpb_wrapper\"><h2>INFORMAT\u00cdVNE \u010cL\u00c1NKY, N\u00c1ZORY, RECENZIE, ROZHOVORY, INFORM\u00c1CIE<\/h2>\n<div class=\"w-grid us_custom_2b991ef7 type_grid layout_146\" id=\"us_grid_2\"><style>#us_grid_2 .w-grid-item:not(:last-child){margin-bottom:2.5rem}#us_grid_2 .g-loadmore{margin-top:2.5rem}<\/style><div class=\"w-grid-list\">\t<article class=\"w-grid-item size_1x1 post-4690 post type-post status-publish format-standard hentry category-1-2026-informativne-clanky-nazory-recenzie-rozhovory-informacie tag-autor-karol-machacek tag-autor-patricia-krupova tag-danove-zatazenie tag-financovanie-podnikov tag-konsolidacne-opatrenie tag-podniky tag-prieskum-o-pristupe-podnikov-k-financovaniu-safe\" data-id=\"4690\">\r\n\t\t<div class=\"w-grid-item-h\">\r\n\t\t\t\t\t\t<h2 class=\"w-post-elm post_title usg_post_title_1 entry-title color_link_inherit\"><a href=\"https:\/\/ssad.statistics.sk\/SSaD\/index.php\/financna-situacia-slovenskych-podnikov-v-roku-2025-analyza-ziskovosti-internych-zdrojov-a-dopytu-po-financovani-prieskum-safe\/\">Finan\u010dn\u00e1 situ\u00e1cia slovensk\u00fdch podnikov v roku 2025: anal\u00fdza ziskovosti, intern\u00fdch zdrojov a dopytu po financovan\u00ed (prieskum SAFE)<\/a><\/h2><time class=\"w-post-elm post_date usg_post_date_1 entry-date published\" datetime=\"2026-01-15T08:17:50+01:00\"><i class=\"far fa-clock\"><\/i>15. janu\u00e1ra 2026<\/time><div class=\"w-post-elm post_content usg_post_content_1\"><p>Patr\u00edcia Krupov\u00e1, N\u00e1rodn\u00e1 banka Slovenska, Ekonomick\u00e1 univerzita v Bratislave<br \/>\nKarol Mach\u00e1\u010dek, N\u00e1rodn\u00e1 banka Slovenska<\/p>\n<p> <a href=\"https:\/\/ssad.statistics.sk\/SSaD\/index.php\/financna-situacia-slovenskych-podnikov-v-roku-2025-analyza-ziskovosti-internych-zdrojov-a-dopytu-po-financovani-prieskum-safe\/#more-4690\" class=\"more-link\"><span aria-label=\"\u010c\u00edta\u0165 \u010falej Finan\u010dn\u00e1 situ\u00e1cia slovensk\u00fdch podnikov v roku 2025: anal\u00fdza ziskovosti, intern\u00fdch zdrojov a dopytu po financovan\u00ed (prieskum SAFE)\">(viac&hellip;)<\/span><\/a><\/p>\n<\/div>\t\t<\/div>\r\n\t<\/article>\r\n\t<article class=\"w-grid-item size_1x1 post-4692 post type-post status-publish format-standard hentry category-1-2026-informativne-clanky-nazory-recenzie-rozhovory-informacie tag-autor-andrej-chromecek tag-kulturne-regiony tag-obyvatelstvo tag-regionalizacia tag-regionalna-identita\" data-id=\"4692\">\r\n\t\t<div class=\"w-grid-item-h\">\r\n\t\t\t\t\t\t<h2 class=\"w-post-elm post_title usg_post_title_1 entry-title color_link_inherit\"><a href=\"https:\/\/ssad.statistics.sk\/SSaD\/index.php\/kulturne-regiony-slovenska\/\">Kult\u00farne regi\u00f3ny Slovenska<\/a><\/h2><time class=\"w-post-elm post_date usg_post_date_1 entry-date published\" datetime=\"2026-01-15T07:18:02+01:00\"><i class=\"far fa-clock\"><\/i>15. janu\u00e1ra 2026<\/time><div class=\"w-post-elm post_content usg_post_content_1\"><p>Andrej Chrome\u010dek, \u0160tatistick\u00fd \u00farad Slovenskej republiky<\/p>\n<p> <a href=\"https:\/\/ssad.statistics.sk\/SSaD\/index.php\/kulturne-regiony-slovenska\/#more-4692\" class=\"more-link\"><span aria-label=\"\u010c\u00edta\u0165 \u010falej Kult\u00farne regi\u00f3ny Slovenska\">(viac&hellip;)<\/span><\/a><\/p>\n<\/div>\t\t<\/div>\r\n\t<\/article>\r\n\t<article class=\"w-grid-item size_1x1 post-4694 post type-post status-publish format-standard hentry category-1-2026-informativne-clanky-nazory-recenzie-rozhovory-informacie tag-autor-albert-ivancik tag-autor-helena-glaser-opitzova tag-autor-ludmila-ivancikova tag-autor-peter-knizat tag-autor-petra-mazurekova\" data-id=\"4694\">\r\n\t\t<div class=\"w-grid-item-h\">\r\n\t\t\t\t\t\t<h2 class=\"w-post-elm post_title usg_post_title_1 entry-title color_link_inherit\"><a href=\"https:\/\/ssad.statistics.sk\/SSaD\/index.php\/65-svetovy-statisticky-kongres-isi-2025\/\">65. svetov\u00fd \u0161tatistick\u00fd kongres ISI 2025<\/a><\/h2><time class=\"w-post-elm post_date usg_post_date_1 entry-date published\" datetime=\"2026-01-15T06:24:05+01:00\"><i class=\"far fa-clock\"><\/i>15. janu\u00e1ra 2026<\/time><div class=\"w-post-elm post_content usg_post_content_1\"><p>Helena Glaser-Opitzov\u00e1, \u013dudmila Ivan\u010d\u00edkov\u00e1, Albert Ivan\u010d\u00edk, Petra Mazurekov\u00e1, Peter Kn\u00ed\u017eat, \u0160tatistick\u00fd \u00farad Slovenskej republiky<\/p>\n<p> <a href=\"https:\/\/ssad.statistics.sk\/SSaD\/index.php\/65-svetovy-statisticky-kongres-isi-2025\/#more-4694\" class=\"more-link\"><span aria-label=\"\u010c\u00edta\u0165 \u010falej 65. svetov\u00fd \u0161tatistick\u00fd kongres ISI 2025\">(viac&hellip;)<\/span><\/a><\/p>\n<\/div>\t\t<\/div>\r\n\t<\/article>\r\n\t<article class=\"w-grid-item size_1x1 post-4696 post type-post status-publish format-standard hentry category-1-2026-informativne-clanky-nazory-recenzie-rozhovory-informacie tag-autor-ivan-moncol tag-autor-jana-klucikova\" data-id=\"4696\">\r\n\t\t<div class=\"w-grid-item-h\">\r\n\t\t\t\t\t\t<h2 class=\"w-post-elm post_title usg_post_title_1 entry-title color_link_inherit\"><a href=\"https:\/\/ssad.statistics.sk\/SSaD\/index.php\/dvadsat-rokov-kodexu-postupov-pre-europsku-statistiku-milnik-reflexia-a-vyzvy-modernej-statistiky\/\">Dvadsa\u0165 rokov k\u00f3dexu postupov pre eur\u00f3psku \u0161tatistiku: m\u00ed\u013enik, reflexia a v\u00fdzvy modernej \u0161tatistiky<\/a><\/h2><time class=\"w-post-elm post_date usg_post_date_1 entry-date published\" datetime=\"2026-01-15T05:27:20+01:00\"><i class=\"far fa-clock\"><\/i>15. janu\u00e1ra 2026<\/time><div class=\"w-post-elm post_content usg_post_content_1\"><p>Ivan Monco\u013e, Jana Kl\u00fa\u010dikov\u00e1, \u0160tatistick\u00fd \u00farad Slovenskej republiky<\/p>\n<p> <a href=\"https:\/\/ssad.statistics.sk\/SSaD\/index.php\/dvadsat-rokov-kodexu-postupov-pre-europsku-statistiku-milnik-reflexia-a-vyzvy-modernej-statistiky\/#more-4696\" class=\"more-link\"><span aria-label=\"\u010c\u00edta\u0165 \u010falej Dvadsa\u0165 rokov k\u00f3dexu postupov pre eur\u00f3psku \u0161tatistiku: m\u00ed\u013enik, reflexia a v\u00fdzvy modernej \u0161tatistiky\">(viac&hellip;)<\/span><\/a><\/p>\n<\/div>\t\t<\/div>\r\n\t<\/article>\r\n\t<article class=\"w-grid-item size_1x1 post-4698 post type-post status-publish format-standard hentry category-1-2026-informativne-clanky-nazory-recenzie-rozhovory-informacie tag-autor-andrej-chromecek\" data-id=\"4698\">\r\n\t\t<div class=\"w-grid-item-h\">\r\n\t\t\t\t\t\t<h2 class=\"w-post-elm post_title usg_post_title_1 entry-title color_link_inherit\"><a href=\"https:\/\/ssad.statistics.sk\/SSaD\/index.php\/bolo-raz-jedno-scitanie\/\">Bolo raz jedno s\u010d\u00edtanie<\/a><\/h2><time class=\"w-post-elm post_date usg_post_date_1 entry-date published\" datetime=\"2026-01-15T04:30:02+01:00\"><i class=\"far fa-clock\"><\/i>15. janu\u00e1ra 2026<\/time><div class=\"w-post-elm post_content usg_post_content_1\"><p>Andrej Chrome\u010dek, \u0160tatistick\u00fd \u00farad Slovenskej republiky<\/p>\n<p> <a href=\"https:\/\/ssad.statistics.sk\/SSaD\/index.php\/bolo-raz-jedno-scitanie\/#more-4698\" class=\"more-link\"><span aria-label=\"\u010c\u00edta\u0165 \u010falej Bolo raz jedno s\u010d\u00edtanie\">(viac&hellip;)<\/span><\/a><\/p>\n<\/div>\t\t<\/div>\r\n\t<\/article>\r\n<\/div><div class=\"w-grid-preloader\"><div class=\"g-preloader type_1\">\r\n\t<div><\/div>\r\n<\/div>\r\n<\/div>\t<div class=\"w-grid-json hidden\" onclick='return {&quot;action&quot;:&quot;us_ajax_grid&quot;,&quot;ajax_url&quot;:&quot;https:\\\/\\\/ssad.statistics.sk\\\/SSaD\\\/wp-admin\\\/admin-ajax.php&quot;,&quot;infinite_scroll&quot;:0,&quot;max_num_pages&quot;:1,&quot;pagination&quot;:&quot;none&quot;,&quot;permalink_url&quot;:&quot;https:\\\/\\\/ssad.statistics.sk\\\/SSaD\\\/wp-json\\\/wp\\\/v2\\\/pages\\\/4681&quot;,&quot;template_vars&quot;:{&quot;columns&quot;:&quot;1&quot;,&quot;exclude_items&quot;:&quot;none&quot;,&quot;img_size&quot;:&quot;default&quot;,&quot;ignore_items_size&quot;:0,&quot;items_layout&quot;:&quot;146&quot;,&quot;items_offset&quot;:&quot;1&quot;,&quot;load_animation&quot;:&quot;none&quot;,&quot;overriding_link&quot;:&quot;none&quot;,&quot;post_id&quot;:4688,&quot;query_args&quot;:{&quot;post_type&quot;:[&quot;post&quot;],&quot;tax_query&quot;:[{&quot;taxonomy&quot;:&quot;category&quot;,&quot;field&quot;:&quot;slug&quot;,&quot;terms&quot;:[&quot;1-2026-informativne-clanky-nazory-recenzie-rozhovory-informacie&quot;]}],&quot;post_status&quot;:[&quot;publish&quot;],&quot;posts_per_page&quot;:&quot;20&quot;},&quot;orderby_query_args&quot;:{&quot;orderby&quot;:{&quot;date&quot;:&quot;DESC&quot;}},&quot;type&quot;:&quot;grid&quot;,&quot;us_grid_ajax_index&quot;:1,&quot;us_grid_filter_params&quot;:null,&quot;us_grid_index&quot;:2,&quot;_us_grid_post_type&quot;:&quot;post&quot;}}'><\/div>\r\n\t<\/div>\n<\/div><\/div><\/div><\/div><\/div><\/div><\/div><\/section>\n","protected":false},"excerpt":{"rendered":"Andrej Chrome\u010dek, \u0160tatistick\u00fd \u00farad Slovenskej republiky Typ \u010dl\u00e1nku: inform\u00e1cia Strany: 52 - 67 \u010cl\u00e1nok na stiahnutie PDF (1,5 MB, 63 stiahnut\u00ed)","protected":false},"author":4,"featured_media":0,"parent":0,"menu_order":0,"comment_status":"closed","ping_status":"closed","template":"","meta":{"_exactmetrics_skip_tracking":false,"_exactmetrics_sitenote_active":false,"_exactmetrics_sitenote_note":"","_exactmetrics_sitenote_category":0,"footnotes":""},"class_list":["post-4681","page","type-page","status-publish","hentry"],"_links":{"self":[{"href":"https:\/\/ssad.statistics.sk\/SSaD\/index.php\/wp-json\/wp\/v2\/pages\/4681","targetHints":{"allow":["GET"]}}],"collection":[{"href":"https:\/\/ssad.statistics.sk\/SSaD\/index.php\/wp-json\/wp\/v2\/pages"}],"about":[{"href":"https:\/\/ssad.statistics.sk\/SSaD\/index.php\/wp-json\/wp\/v2\/types\/page"}],"author":[{"embeddable":true,"href":"https:\/\/ssad.statistics.sk\/SSaD\/index.php\/wp-json\/wp\/v2\/users\/4"}],"replies":[{"embeddable":true,"href":"https:\/\/ssad.statistics.sk\/SSaD\/index.php\/wp-json\/wp\/v2\/comments?post=4681"}],"version-history":[{"count":9,"href":"https:\/\/ssad.statistics.sk\/SSaD\/index.php\/wp-json\/wp\/v2\/pages\/4681\/revisions"}],"predecessor-version":[{"id":4727,"href":"https:\/\/ssad.statistics.sk\/SSaD\/index.php\/wp-json\/wp\/v2\/pages\/4681\/revisions\/4727"}],"wp:attachment":[{"href":"https:\/\/ssad.statistics.sk\/SSaD\/index.php\/wp-json\/wp\/v2\/media?parent=4681"}],"curies":[{"name":"wp","href":"https:\/\/api.w.org\/{rel}","templated":true}]}}