{"id":4648,"date":"2025-10-15T08:55:02","date_gmt":"2025-10-15T06:55:02","guid":{"rendered":"https:\/\/ssad.statistics.sk\/SSaD\/?page_id=4648"},"modified":"2025-10-15T09:28:31","modified_gmt":"2025-10-15T07:28:31","slug":"slovenska-statistika-a-demografia-4-2025","status":"publish","type":"page","link":"https:\/\/ssad.statistics.sk\/SSaD\/index.php\/slovenska-statistika-a-demografia-4-2025\/","title":{"rendered":"Slovensk\u00e1 \u0161tatistika a demografia 4\/2025"},"content":{"rendered":"<section class=\"l-section wpb_row us_custom_5f01f778 height_auto\"><div class=\"l-section-h i-cf\"><div class=\"g-cols vc_row via_flex valign_top type_default stacking_default\"><div class=\"vc_col-sm-12 wpb_column vc_column_container\"><div class=\"vc_column-inner\"><div class=\"wpb_wrapper\"><div class=\"wpb_text_column\"><div class=\"wpb_wrapper\"><h1><\/h1>\n<p>&nbsp;<\/p>\n<h1>Slovensk\u00e1 \u0161tatistika a demografia 4\/2025<\/h1>\n<\/div><\/div><\/div><\/div><\/div><\/div><\/div><\/section><section class=\"l-section wpb_row us_custom_18c73a72 height_auto\"><div class=\"l-section-h i-cf\"><div class=\"g-cols vc_row via_flex valign_top type_default stacking_default\"><div class=\"vc_col-sm-2 wpb_column vc_column_container\"><div class=\"vc_column-inner\"><div class=\"wpb_wrapper\"><div class=\"w-image style_outlined align_none\"><div class=\"w-image-h\"><img loading=\"lazy\" decoding=\"async\" width=\"141\" height=\"190\" src=\"https:\/\/ssad.statistics.sk\/SSaD\/wp-content\/uploads\/2025\/10\/SSaD_4_2025_141x190.png\" class=\"attachment-full size-full\" alt=\"\" \/><\/div><\/div><\/div><\/div><\/div><div class=\"vc_col-sm-6 wpb_column vc_column_container\"><div class=\"vc_column-inner\"><div class=\"wpb_wrapper\">[vc_raw_html]JTNDZGl2JTIwY2xhc3MlM0QlMjJkZXRhaWwlMjIlM0UlMjAlMEElMjAlMjAlMjAlMjAlM0NwJTNFUG8lQzQlOERldCUyMHN0ciVDMyVBMW4lM0ElMjA4MiUzQyUyRnAlM0UlMEElMjAlMjAlMjAlMjAlM0NwJTNFUGVyaW9kaWNpdGElM0ElMjA0LWtyJUMzJUExdCUyMHJvJUM0JThEbmUlM0MlMkZwJTNFJTIwJTIwJTIwJTBBJTIwJTIwJTIwJTIwJTNDcCUzRUlTU04lM0ElMjAxMzM5LTY4NTQlMjAlMjhvbmxpbmUlMjklM0MlMkZwJTNFJTBBJTIwJTIwJTIwJTIwJTNDcCUzRSUzQ3NwYW4lMjBzdHlsZSUzRCUyMnBhZGRpbmctbGVmdCUzQSUyMDQ3cHglM0IlMjIlM0UxMjEwLTEwOTUlMjAlMjh0bGElQzQlOERlbiVDMyVBOSUyMHZ5ZGFuaWUlMjklM0MlMkZzcGFuJTNFJTNDJTJGcCUzRSUwQSUzQyUyRmRpdiUzRQ==[\/vc_raw_html]<\/div><\/div><\/div><div class=\"vc_col-sm-4 wpb_column vc_column_container\"><div class=\"vc_column-inner\"><div class=\"wpb_wrapper\">[vc_raw_html el_class=&#8220;download-content&#8220;]JTNDZGl2JTNFJTIwJTIwJTIwJTIwJTBBJTIwJTIwJTIwJTIwJTNDcCUzRSUzQ3NwYW4lMjBzdHlsZSUzRCUyMmxpbmUtaGVpZ2h0JTNBJTIwMi4xZW0lM0IlMjBwYWRkaW5nLWxlZnQlM0ElMjAwcHglM0IlMjBjb2xvciUzQSUyMCUyMzFlNGU5ZCUzQiUyMiUzRUtvbXBsZXRuJUMzJUE5JTIwJUM0JThEJUMzJUFEc2xvJTNDJTJGc3BhbiUzRSUzQ2JyJTNFJTIwJTVCZG93bmxvYWQlMjBpZCUzRCUyMjQ2MSUyMiU1RCUyMHN0aWFobnV0JUMzJUFEJTI5JTNDJTJGc3BhbiUzRSUzQyUyRnAlM0UlMEElM0MlMkZkaXYlM0U=[\/vc_raw_html]<\/div><\/div><\/div><\/div><\/div><\/section><section class=\"l-section wpb_row us_custom_5c07cc07 height_auto\"><div class=\"l-section-h i-cf\"><div class=\"g-cols vc_row via_flex valign_top type_default stacking_default\"><div class=\"vc_col-sm-12 wpb_column vc_column_container\"><div class=\"vc_column-inner\"><div class=\"wpb_wrapper\"><div class=\"w-separator us_custom_fd420121 has_text_color size_medium with_line width_default thick_1 style_dashed color_border align_center\"><div class=\"w-separator-h\"><\/div><\/div><\/div><\/div><\/div><\/div><\/div><\/section><section class=\"l-section wpb_row us_custom_85c8db04 height_auto\"><div class=\"l-section-h i-cf\"><div class=\"g-cols vc_row via_flex valign_top type_default stacking_default\"><div class=\"vc_col-sm-12 wpb_column vc_column_container\"><div class=\"vc_column-inner\"><div class=\"wpb_wrapper\"><div class=\"wpb_text_column\"><div class=\"wpb_wrapper\"><h2>VEDECK\u00c9 \u010cL\u00c1NKY<\/h2>\n<div class=\"w-grid us_custom_2b991ef7 type_grid layout_146\" id=\"us_grid_1\" data-filterable=\"true\"><style>#us_grid_1 .w-grid-item:not(:last-child){margin-bottom:2.5rem}#us_grid_1 .g-loadmore{margin-top:2.5rem}.layout_146 .w-grid-item-h{}.layout_146 .usg_post_title_1{font-family:var(--font-body)!important;font-size:21px!important}.layout_146 .usg_post_date_1{font-family:var(--font-body)!important;font-size:0.9rem!important}.layout_146 .usg_post_content_1{margin-top:0.5rem!important;font-family:var(--font-body)!important}@media (max-width:600px){.layout_146 .usg_post_title_1{font-size:18px!important}}<\/style><div class=\"w-grid-list\">\t<article class=\"w-grid-item size_1x1 post-4644 post type-post status-publish format-standard hentry category-4-2025-vedecke-clanky tag-autor-erik-soltes tag-autor-tatiana-resovska tag-binomicky-logitovy-model tag-marginalne-stredne-hodnoty tag-odhad-pravdepodobnosti tag-polykriza tag-zavazna-materialna-a-socialna-deprivacia\" data-id=\"4644\">\r\n\t\t<div class=\"w-grid-item-h\">\r\n\t\t\t\t\t\t<h2 class=\"w-post-elm post_title usg_post_title_1 entry-title color_link_inherit\"><a href=\"https:\/\/ssad.statistics.sk\/SSaD\/index.php\/dopad-kriz-na-pravdepodobnost-zavaznej-materialnej-a-socialnej-deprivacie-na-slovensku-a-v-cesku-porovnanie-rokov-2019-a-2023\/\">Dopad kr\u00edz na pravdepodobnos\u0165 z\u00e1va\u017enej materi\u00e1lnej a soci\u00e1lnej depriv\u00e1cie na Slovensku a v \u010cesku: porovnanie rokov 2019 a 2023<\/a><\/h2><time class=\"w-post-elm post_date usg_post_date_1 entry-date published\" datetime=\"2025-10-15T08:22:41+02:00\"><i class=\"far fa-clock\"><\/i>15. okt\u00f3bra 2025<\/time><div class=\"w-post-elm post_content usg_post_content_1\"><p>Tatiana Re\u0161ovsk\u00e1, Erik \u0160olt\u00e9s, Fakulta hospod\u00e1rskej informatiky, Ekonomick\u00e1 univerzita v Bratislave, Slovensk\u00e1 republika<\/p>\n<p> <a href=\"https:\/\/ssad.statistics.sk\/SSaD\/index.php\/dopad-kriz-na-pravdepodobnost-zavaznej-materialnej-a-socialnej-deprivacie-na-slovensku-a-v-cesku-porovnanie-rokov-2019-a-2023\/#more-4644\" class=\"more-link\"><span aria-label=\"\u010c\u00edta\u0165 \u010falej Dopad kr\u00edz na pravdepodobnos\u0165 z\u00e1va\u017enej materi\u00e1lnej a soci\u00e1lnej depriv\u00e1cie na Slovensku a v \u010cesku: porovnanie rokov 2019 a 2023\">(viac&hellip;)<\/span><\/a><\/p>\n<\/div>\t\t<\/div>\r\n\t<\/article>\r\n\t<article class=\"w-grid-item size_1x1 post-4639 post type-post status-publish format-standard hentry category-4-2025-vedecke-clanky tag-autor-martin-boda tag-autor-oksana-sytnyk tag-diferencna-a-gapova-verzia tag-explanatorne-faktory tag-model-so-systematicky-funkcne-variujucimi-koeficientmi tag-okunov-zakon tag-pobaltske-ekonomiky\" data-id=\"4639\">\r\n\t\t<div class=\"w-grid-item-h\">\r\n\t\t\t\t\t\t<h2 class=\"w-post-elm post_title usg_post_title_1 entry-title color_link_inherit\"><a href=\"https:\/\/ssad.statistics.sk\/SSaD\/index.php\/systematicky-funkcna-temporalna-variancia-okunovho-zakona-v-pobaltskych-statoch\/\">Systematicky funk\u010dn\u00e1 tempor\u00e1lna variancia Okunovho z\u00e1kona v pobaltsk\u00fdch \u0161t\u00e1toch<\/a><\/h2><time class=\"w-post-elm post_date usg_post_date_1 entry-date published\" datetime=\"2025-10-15T08:14:12+02:00\"><i class=\"far fa-clock\"><\/i>15. okt\u00f3bra 2025<\/time><div class=\"w-post-elm post_content usg_post_content_1\"><p>Oksana Sytnyk, Mariana Pova\u017eanov\u00e1, Ekonomick\u00e1 fakulta, Univerzita Mateja Bela v Banskej Bystrici, Slovensk\u00e1 republika<br \/>\nMartin Bo\u010fa, Ekonomick\u00e1 fakulta, Univerzita Mateja Bela v Banskej Bystrici, Slovensk\u00e1 republika; P\u0159\u00edrodov\u011bdeck\u00e1 fakulta, Univerzita Jana Evangelisty Purkyn\u011b v \u00dast\u00ed nad Labem, \u010cesk\u00e1 republika<\/p>\n<p> <a href=\"https:\/\/ssad.statistics.sk\/SSaD\/index.php\/systematicky-funkcna-temporalna-variancia-okunovho-zakona-v-pobaltskych-statoch\/#more-4639\" class=\"more-link\"><span aria-label=\"\u010c\u00edta\u0165 \u010falej Systematicky funk\u010dn\u00e1 tempor\u00e1lna variancia Okunovho z\u00e1kona v pobaltsk\u00fdch \u0161t\u00e1toch\">(viac&hellip;)<\/span><\/a><\/p>\n<\/div>\t\t<\/div>\r\n\t<\/article>\r\n<\/div><div class=\"w-grid-preloader\"><div class=\"g-preloader type_1\">\r\n\t<div><\/div>\r\n<\/div>\r\n<\/div>\t<div class=\"w-grid-json hidden\" onclick='return {&quot;action&quot;:&quot;us_ajax_grid&quot;,&quot;ajax_url&quot;:&quot;https:\\\/\\\/ssad.statistics.sk\\\/SSaD\\\/wp-admin\\\/admin-ajax.php&quot;,&quot;infinite_scroll&quot;:0,&quot;max_num_pages&quot;:1,&quot;pagination&quot;:&quot;none&quot;,&quot;permalink_url&quot;:&quot;https:\\\/\\\/ssad.statistics.sk\\\/SSaD\\\/wp-json\\\/wp\\\/v2\\\/pages\\\/4648&quot;,&quot;template_vars&quot;:{&quot;columns&quot;:&quot;1&quot;,&quot;exclude_items&quot;:&quot;none&quot;,&quot;img_size&quot;:&quot;default&quot;,&quot;ignore_items_size&quot;:0,&quot;items_layout&quot;:&quot;146&quot;,&quot;items_offset&quot;:&quot;1&quot;,&quot;load_animation&quot;:&quot;none&quot;,&quot;overriding_link&quot;:&quot;none&quot;,&quot;post_id&quot;:4648,&quot;query_args&quot;:{&quot;post_type&quot;:[&quot;post&quot;],&quot;tax_query&quot;:[{&quot;taxonomy&quot;:&quot;category&quot;,&quot;field&quot;:&quot;slug&quot;,&quot;terms&quot;:[&quot;4-2025-vedecke-clanky&quot;]}],&quot;post_status&quot;:[&quot;publish&quot;],&quot;posts_per_page&quot;:&quot;20&quot;},&quot;orderby_query_args&quot;:{&quot;orderby&quot;:{&quot;date&quot;:&quot;DESC&quot;}},&quot;type&quot;:&quot;grid&quot;,&quot;us_grid_ajax_index&quot;:1,&quot;us_grid_filter_params&quot;:null,&quot;us_grid_index&quot;:1,&quot;_us_grid_post_type&quot;:&quot;post&quot;}}'><\/div>\r\n\t<\/div>\n<\/div><\/div><\/div><\/div><\/div><\/div><\/div><\/section><section class=\"l-section wpb_row us_custom_c4a4bb17 content-information height_auto\"><div class=\"l-section-h i-cf\"><div class=\"g-cols vc_row via_flex valign_top type_default stacking_default\"><div class=\"vc_col-sm-12 wpb_column vc_column_container\"><div class=\"vc_column-inner\"><div class=\"wpb_wrapper\"><div class=\"wpb_text_column\"><div class=\"wpb_wrapper\"><h2>INFORMAT\u00cdVNE \u010cL\u00c1NKY, N\u00c1ZORY, RECENZIE, ROZHOVORY, INFORM\u00c1CIE<\/h2>\n<div class=\"w-grid us_custom_2b991ef7 type_grid layout_146\" id=\"us_grid_2\"><style>#us_grid_2 .w-grid-item:not(:last-child){margin-bottom:2.5rem}#us_grid_2 .g-loadmore{margin-top:2.5rem}<\/style><div class=\"w-grid-list\">\t<article class=\"w-grid-item size_1x1 post-4635 post type-post status-publish format-standard hentry category-4-2025-informativne-clanky-nazory-recenzie-rozhovory-informacie tag-analyticky-system-sas tag-autor-roman-pavelka tag-linearni-hypoteza tag-odhadnutelna-funkce tag-statisticke-testovani\" data-id=\"4635\">\r\n\t\t<div class=\"w-grid-item-h\">\r\n\t\t\t\t\t\t<h2 class=\"w-post-elm post_title usg_post_title_1 entry-title color_link_inherit\"><a href=\"https:\/\/ssad.statistics.sk\/SSaD\/index.php\/parametrizace-modelu-a-modelovani-linearnich-hypotez-vyuzitim-systemu-sas\/\">Parametrizace modelu a modelov\u00e1n\u00ed line\u00e1rn\u00edch hypot\u00e9z vyu\u017eit\u00edm syst\u00e9mu SAS<\/a><\/h2><time class=\"w-post-elm post_date usg_post_date_1 entry-date published\" datetime=\"2025-10-15T08:07:46+02:00\"><i class=\"far fa-clock\"><\/i>15. okt\u00f3bra 2025<\/time><div class=\"w-post-elm post_content usg_post_content_1\"><p>Roman Pavelka, \u0160tatistick\u00fd \u00farad Slovenskej republiky, Slovensk\u00e1 republika<\/p>\n<p> <a href=\"https:\/\/ssad.statistics.sk\/SSaD\/index.php\/parametrizace-modelu-a-modelovani-linearnich-hypotez-vyuzitim-systemu-sas\/#more-4635\" class=\"more-link\"><span aria-label=\"\u010c\u00edta\u0165 \u010falej Parametrizace modelu a modelov\u00e1n\u00ed line\u00e1rn\u00edch hypot\u00e9z vyu\u017eit\u00edm syst\u00e9mu SAS\">(viac&hellip;)<\/span><\/a><\/p>\n<\/div>\t\t<\/div>\r\n\t<\/article>\r\n\t<article class=\"w-grid-item size_1x1 post-4625 post type-post status-publish format-standard hentry category-4-2025-informativne-clanky-nazory-recenzie-rozhovory-informacie tag-autor-maria-vojtkova\" data-id=\"4625\">\r\n\t\t<div class=\"w-grid-item-h\">\r\n\t\t\t\t\t\t<h2 class=\"w-post-elm post_title usg_post_title_1 entry-title color_link_inherit\"><a href=\"https:\/\/ssad.statistics.sk\/SSaD\/index.php\/european-master-in-official-statistics-na-fakulte-hospodarskej-informatiky-ekonomickej-univerzity-v-bratislave\/\">European Master in Official Statistics na Fakulte hospod\u00e1rskej informatiky Ekonomickej univerzity v Bratislave<\/a><\/h2><time class=\"w-post-elm post_date usg_post_date_1 entry-date published\" datetime=\"2025-10-15T07:20:33+02:00\"><i class=\"far fa-clock\"><\/i>15. okt\u00f3bra 2025<\/time><div class=\"w-post-elm post_content usg_post_content_1\"><p>M\u00e1ria Vojtkov\u00e1, Fakulta hospod\u00e1rskej informatiky, Ekonomick\u00e1 univerzita v Bratislave, Slovensk\u00e1 republika<\/p>\n<p> <a href=\"https:\/\/ssad.statistics.sk\/SSaD\/index.php\/european-master-in-official-statistics-na-fakulte-hospodarskej-informatiky-ekonomickej-univerzity-v-bratislave\/#more-4625\" class=\"more-link\"><span aria-label=\"\u010c\u00edta\u0165 \u010falej European Master in Official Statistics na Fakulte hospod\u00e1rskej informatiky Ekonomickej univerzity v Bratislave\">(viac&hellip;)<\/span><\/a><\/p>\n<\/div>\t\t<\/div>\r\n\t<\/article>\r\n\t<article class=\"w-grid-item size_1x1 post-4622 post type-post status-publish format-standard hentry category-4-2025-informativne-clanky-nazory-recenzie-rozhovory-informacie tag-autor-ludmila-ivancikova\" data-id=\"4622\">\r\n\t\t<div class=\"w-grid-item-h\">\r\n\t\t\t\t\t\t<h2 class=\"w-post-elm post_title usg_post_title_1 entry-title color_link_inherit\"><a href=\"https:\/\/ssad.statistics.sk\/SSaD\/index.php\/konferencia-europskych-statistikov-ces-a-zasadnutie-statistickeho-vyboru-oecd\/\">Konferencia eur\u00f3pskych \u0161tatistikov (CES) a zasadnutie \u0161tatistick\u00e9ho v\u00fdboru OECD<\/a><\/h2><time class=\"w-post-elm post_date usg_post_date_1 entry-date published\" datetime=\"2025-10-15T07:14:47+02:00\"><i class=\"far fa-clock\"><\/i>15. okt\u00f3bra 2025<\/time><div class=\"w-post-elm post_content usg_post_content_1\"><p>\u013dudmila Ivan\u010d\u00edkov\u00e1, \u0160tatistick\u00fd \u00farad Slovenskej republiky, Slovensk\u00e1 republika<\/p>\n<p> <a href=\"https:\/\/ssad.statistics.sk\/SSaD\/index.php\/konferencia-europskych-statistikov-ces-a-zasadnutie-statistickeho-vyboru-oecd\/#more-4622\" class=\"more-link\"><span aria-label=\"\u010c\u00edta\u0165 \u010falej Konferencia eur\u00f3pskych \u0161tatistikov (CES) a zasadnutie \u0161tatistick\u00e9ho v\u00fdboru OECD\">(viac&hellip;)<\/span><\/a><\/p>\n<\/div>\t\t<\/div>\r\n\t<\/article>\r\n\t<article class=\"w-grid-item size_1x1 post-4619 post type-post status-publish format-standard hentry category-4-2025-informativne-clanky-nazory-recenzie-rozhovory-informacie tag-autor-ludmila-ivancikova\" data-id=\"4619\">\r\n\t\t<div class=\"w-grid-item-h\">\r\n\t\t\t\t\t\t<h2 class=\"w-post-elm post_title usg_post_title_1 entry-title color_link_inherit\"><a href=\"https:\/\/ssad.statistics.sk\/SSaD\/index.php\/etika-a-oficialna-statistika\/\">Etika a ofici\u00e1lna \u0161tatistika<\/a><\/h2><time class=\"w-post-elm post_date usg_post_date_1 entry-date published\" datetime=\"2025-10-15T07:10:34+02:00\"><i class=\"far fa-clock\"><\/i>15. okt\u00f3bra 2025<\/time><div class=\"w-post-elm post_content usg_post_content_1\"><p>\u013dudmila Ivan\u010d\u00edkov\u00e1, \u0160tatistick\u00fd \u00farad Slovenskej republiky, Slovensk\u00e1 republika<\/p>\n<p> <a href=\"https:\/\/ssad.statistics.sk\/SSaD\/index.php\/etika-a-oficialna-statistika\/#more-4619\" class=\"more-link\"><span aria-label=\"\u010c\u00edta\u0165 \u010falej Etika a ofici\u00e1lna \u0161tatistika\">(viac&hellip;)<\/span><\/a><\/p>\n<\/div>\t\t<\/div>\r\n\t<\/article>\r\n\t<article class=\"w-grid-item size_1x1 post-4613 post type-post status-publish format-standard hentry category-4-2025-informativne-clanky-nazory-recenzie-rozhovory-informacie tag-autor-martin-boda\" data-id=\"4613\">\r\n\t\t<div class=\"w-grid-item-h\">\r\n\t\t\t\t\t\t<h2 class=\"w-post-elm post_title usg_post_title_1 entry-title color_link_inherit\"><a href=\"https:\/\/ssad.statistics.sk\/SSaD\/index.php\/slovenska-statisticka-a-demograficka-spolocnost-prijala-eticky-kodex-pre-statisticku-prax-v-europe-od-fenstats-u-isi-pre-statisticku-prax-na-slovensku\/\">Slovensk\u00e1 \u0161tatistick\u00e1 a demografick\u00e1 spolo\u010dnos\u0165 prijala Etick\u00fd k\u00f3dex pre \u0161tatistick\u00fa prax v Eur\u00f3pe od FENStatS -u\/ISI pre \u0161tatistick\u00fa prax na Slovensku<\/a><\/h2><time class=\"w-post-elm post_date usg_post_date_1 entry-date published\" datetime=\"2025-10-15T07:00:43+02:00\"><i class=\"far fa-clock\"><\/i>15. okt\u00f3bra 2025<\/time><div class=\"w-post-elm post_content usg_post_content_1\"><p>Martin Bo\u010fa, Ekonomick\u00e1 fakulta, Univerzita Mateja Bela v Banskej Bystrici, Slovensk\u00e1 republika; P\u0159\u00edrodov\u011bdeck\u00e1 fakulta, Univerzita Jana Evangelisty Purkyn\u011b<br \/>\nv \u00dast\u00ed nad Labem, \u010cesk\u00e1 republika<\/p>\n<p> <a href=\"https:\/\/ssad.statistics.sk\/SSaD\/index.php\/slovenska-statisticka-a-demograficka-spolocnost-prijala-eticky-kodex-pre-statisticku-prax-v-europe-od-fenstats-u-isi-pre-statisticku-prax-na-slovensku\/#more-4613\" class=\"more-link\"><span aria-label=\"\u010c\u00edta\u0165 \u010falej Slovensk\u00e1 \u0161tatistick\u00e1 a demografick\u00e1 spolo\u010dnos\u0165 prijala Etick\u00fd k\u00f3dex pre \u0161tatistick\u00fa prax v Eur\u00f3pe od FENStatS -u\/ISI pre \u0161tatistick\u00fa prax na Slovensku\">(viac&hellip;)<\/span><\/a><\/p>\n<\/div>\t\t<\/div>\r\n\t<\/article>\r\n<\/div><div class=\"w-grid-preloader\"><div class=\"g-preloader type_1\">\r\n\t<div><\/div>\r\n<\/div>\r\n<\/div>\t<div class=\"w-grid-json hidden\" onclick='return {&quot;action&quot;:&quot;us_ajax_grid&quot;,&quot;ajax_url&quot;:&quot;https:\\\/\\\/ssad.statistics.sk\\\/SSaD\\\/wp-admin\\\/admin-ajax.php&quot;,&quot;infinite_scroll&quot;:0,&quot;max_num_pages&quot;:1,&quot;pagination&quot;:&quot;none&quot;,&quot;permalink_url&quot;:&quot;https:\\\/\\\/ssad.statistics.sk\\\/SSaD\\\/wp-json\\\/wp\\\/v2\\\/pages\\\/4648&quot;,&quot;template_vars&quot;:{&quot;columns&quot;:&quot;1&quot;,&quot;exclude_items&quot;:&quot;none&quot;,&quot;img_size&quot;:&quot;default&quot;,&quot;ignore_items_size&quot;:0,&quot;items_layout&quot;:&quot;146&quot;,&quot;items_offset&quot;:&quot;1&quot;,&quot;load_animation&quot;:&quot;none&quot;,&quot;overriding_link&quot;:&quot;none&quot;,&quot;post_id&quot;:4639,&quot;query_args&quot;:{&quot;post_type&quot;:[&quot;post&quot;],&quot;tax_query&quot;:[{&quot;taxonomy&quot;:&quot;category&quot;,&quot;field&quot;:&quot;slug&quot;,&quot;terms&quot;:[&quot;4-2025-informativne-clanky-nazory-recenzie-rozhovory-informacie&quot;]}],&quot;post_status&quot;:[&quot;publish&quot;],&quot;posts_per_page&quot;:&quot;20&quot;},&quot;orderby_query_args&quot;:{&quot;orderby&quot;:{&quot;date&quot;:&quot;DESC&quot;}},&quot;type&quot;:&quot;grid&quot;,&quot;us_grid_ajax_index&quot;:1,&quot;us_grid_filter_params&quot;:null,&quot;us_grid_index&quot;:2,&quot;_us_grid_post_type&quot;:&quot;post&quot;}}'><\/div>\r\n\t<\/div>\n<\/div><\/div><\/div><\/div><\/div><\/div><\/div><\/section><section class=\"l-section wpb_row us_custom_c4a4bb17 content-comingsoon height_auto\"><div class=\"l-section-h i-cf\"><div class=\"g-cols vc_row via_flex valign_top type_default stacking_default\"><div class=\"vc_col-sm-12 wpb_column vc_column_container\"><div class=\"vc_column-inner\"><div class=\"wpb_wrapper\"><div class=\"wpb_text_column\"><div class=\"wpb_wrapper\"><\/div><\/div><\/div><\/div><\/div><\/div><\/div><\/section>\n","protected":false},"excerpt":{"rendered":"Martin Bo\u010fa, Ekonomick\u00e1 fakulta, Univerzita Mateja Bela v Banskej Bystrici, Slovensk\u00e1 republika; P\u0159\u00edrodov\u011bdeck\u00e1 fakulta, Univerzita Jana Evangelisty Purkyn\u011b v \u00dast\u00ed nad Labem, \u010cesk\u00e1 republika Typ \u010dl\u00e1nku: inform\u00e1cia Strany: 76 - 82 \u010cl\u00e1nok na stiahnutie PDF (1,6 MB, 138 stiahnut\u00ed)","protected":false},"author":8,"featured_media":0,"parent":0,"menu_order":0,"comment_status":"closed","ping_status":"closed","template":"","meta":{"_exactmetrics_skip_tracking":false,"_exactmetrics_sitenote_active":false,"_exactmetrics_sitenote_note":"","_exactmetrics_sitenote_category":0,"footnotes":""},"class_list":["post-4648","page","type-page","status-publish","hentry"],"_links":{"self":[{"href":"https:\/\/ssad.statistics.sk\/SSaD\/index.php\/wp-json\/wp\/v2\/pages\/4648","targetHints":{"allow":["GET"]}}],"collection":[{"href":"https:\/\/ssad.statistics.sk\/SSaD\/index.php\/wp-json\/wp\/v2\/pages"}],"about":[{"href":"https:\/\/ssad.statistics.sk\/SSaD\/index.php\/wp-json\/wp\/v2\/types\/page"}],"author":[{"embeddable":true,"href":"https:\/\/ssad.statistics.sk\/SSaD\/index.php\/wp-json\/wp\/v2\/users\/8"}],"replies":[{"embeddable":true,"href":"https:\/\/ssad.statistics.sk\/SSaD\/index.php\/wp-json\/wp\/v2\/comments?post=4648"}],"version-history":[{"count":4,"href":"https:\/\/ssad.statistics.sk\/SSaD\/index.php\/wp-json\/wp\/v2\/pages\/4648\/revisions"}],"predecessor-version":[{"id":4662,"href":"https:\/\/ssad.statistics.sk\/SSaD\/index.php\/wp-json\/wp\/v2\/pages\/4648\/revisions\/4662"}],"wp:attachment":[{"href":"https:\/\/ssad.statistics.sk\/SSaD\/index.php\/wp-json\/wp\/v2\/media?parent=4648"}],"curies":[{"name":"wp","href":"https:\/\/api.w.org\/{rel}","templated":true}]}}