{"id":3952,"date":"2024-07-15T08:22:05","date_gmt":"2024-07-15T06:22:05","guid":{"rendered":"https:\/\/ssad.statistics.sk\/SSaD\/?page_id=3952"},"modified":"2024-10-15T12:36:42","modified_gmt":"2024-10-15T10:36:42","slug":"slovenska-statistika-a-demografia-3-2024","status":"publish","type":"page","link":"https:\/\/ssad.statistics.sk\/SSaD\/index.php\/slovenska-statistika-a-demografia-3-2024\/","title":{"rendered":"Slovensk\u00e1 \u0161tatistika a demografia 3\/2024"},"content":{"rendered":"<section class=\"l-section wpb_row us_custom_5f01f778 height_auto\"><div class=\"l-section-h i-cf\"><div class=\"g-cols vc_row via_flex valign_top type_default stacking_default\"><div class=\"vc_col-sm-12 wpb_column vc_column_container\"><div class=\"vc_column-inner\"><div class=\"wpb_wrapper\"><div class=\"wpb_text_column\"><div class=\"wpb_wrapper\"><h1><\/h1>\n<h1>Slovensk\u00e1 \u0161tatistika a demografia 3\/2024<\/h1>\n<\/div><\/div><\/div><\/div><\/div><\/div><\/div><\/section><section class=\"l-section wpb_row us_custom_18c73a72 height_auto\"><div class=\"l-section-h i-cf\"><div class=\"g-cols vc_row via_flex valign_top type_default stacking_default\"><div class=\"vc_col-sm-2 wpb_column vc_column_container\"><div class=\"vc_column-inner\"><div class=\"wpb_wrapper\"><div class=\"w-image style_outlined align_none\"><div class=\"w-image-h\"><img loading=\"lazy\" decoding=\"async\" width=\"140\" height=\"190\" src=\"https:\/\/ssad.statistics.sk\/SSaD\/wp-content\/uploads\/2024\/07\/SSaD_3_2024.png\" class=\"attachment-full size-full\" alt=\"\" \/><\/div><\/div><\/div><\/div><\/div><div class=\"vc_col-sm-6 wpb_column vc_column_container\"><div class=\"vc_column-inner\"><div class=\"wpb_wrapper\">[vc_raw_html]JTNDZGl2JTIwY2xhc3MlM0QlMjJkZXRhaWwlMjIlM0UlMjAlMEElMjAlMjAlMjAlMjAlM0NwJTNFUG8lQzQlOERldCUyMHN0ciVDMyVBMW4lM0ElMjAxMTAlM0MlMkZwJTNFJTBBJTIwJTIwJTIwJTIwJTNDcCUzRVBlcmlvZGljaXRhJTNBJTIwNC1rciVDMyVBMXQlMjBybyVDNCU4RG5lJTNDJTJGcCUzRSUyMCUyMCUyMCUwQSUyMCUyMCUyMCUyMCUzQ3AlM0VJU1NOJTNBJTIwMTMzOS02ODU0JTIwJTI4b25saW5lJTI5JTNDJTJGcCUzRSUwQSUyMCUyMCUyMCUyMCUzQ3AlM0UlM0NzcGFuJTIwc3R5bGUlM0QlMjJwYWRkaW5nLWxlZnQlM0ElMjA0N3B4JTNCJTIyJTNFMTIxMC0xMDk1JTIwJTI4dGxhJUM0JThEZW4lQzMlQTklMjB2eWRhbmllJTI5JTNDJTJGc3BhbiUzRSUzQyUyRnAlM0UlMEElM0MlMkZkaXYlM0U=[\/vc_raw_html]<\/div><\/div><\/div><div class=\"vc_col-sm-4 wpb_column vc_column_container\"><div class=\"vc_column-inner\"><div class=\"wpb_wrapper\">[vc_raw_html el_class=&#8220;download-content&#8220;]JTNDZGl2JTNFJTIwJTIwJTIwJTIwJTBBJTIwJTIwJTIwJTIwJTNDcCUzRSUzQ3NwYW4lMjBzdHlsZSUzRCUyMmxpbmUtaGVpZ2h0JTNBJTIwMi4xZW0lM0IlMjBwYWRkaW5nLWxlZnQlM0ElMjAwcHglM0IlMjBjb2xvciUzQSUyMCUyMzFlNGU5ZCUzQiUyMiUzRUtvbXBsZXRuJUMzJUE5JTIwJUM0JThEJUMzJUFEc2xvJTNDJTJGc3BhbiUzRSUzQ2JyJTNFJTIwJTVCZG93bmxvYWQlMjBpZCUzRCUyMjQwOSUyMiU1RCUyMHN0aWFobnV0JUMzJUFEJTI5JTNDJTJGc3BhbiUzRSUzQyUyRnAlM0UlMEElM0MlMkZkaXYlM0U=[\/vc_raw_html]<\/div><\/div><\/div><\/div><\/div><\/section><section class=\"l-section wpb_row us_custom_5c07cc07 height_auto\"><div class=\"l-section-h i-cf\"><div class=\"g-cols vc_row via_flex valign_top type_default stacking_default\"><div class=\"vc_col-sm-12 wpb_column vc_column_container\"><div class=\"vc_column-inner\"><div class=\"wpb_wrapper\"><div class=\"w-separator us_custom_fd420121 has_text_color size_medium with_line width_default thick_1 style_dashed color_border align_center\"><div class=\"w-separator-h\"><\/div><\/div><\/div><\/div><\/div><\/div><\/div><\/section><section class=\"l-section wpb_row us_custom_85c8db04 height_auto\"><div class=\"l-section-h i-cf\"><div class=\"g-cols vc_row via_flex valign_top type_default stacking_default\"><div class=\"vc_col-sm-12 wpb_column vc_column_container\"><div class=\"vc_column-inner\"><div class=\"wpb_wrapper\"><div class=\"wpb_text_column\"><div class=\"wpb_wrapper\"><h2>VEDECK\u00c9 \u010cL\u00c1NKY<\/h2>\n<div class=\"w-grid us_custom_2b991ef7 type_grid layout_146\" id=\"us_grid_1\" data-filterable=\"true\"><style>#us_grid_1 .w-grid-item:not(:last-child){margin-bottom:2.5rem}#us_grid_1 .g-loadmore{margin-top:2.5rem}.layout_146 .w-grid-item-h{}.layout_146 .usg_post_title_1{font-family:var(--font-body)!important;font-size:21px!important}.layout_146 .usg_post_date_1{font-family:var(--font-body)!important;font-size:0.9rem!important}.layout_146 .usg_post_content_1{margin-top:0.5rem!important;font-family:var(--font-body)!important}@media (max-width:600px){.layout_146 .usg_post_title_1{font-size:18px!important}}<\/style><div class=\"w-grid-list\">\t<article class=\"w-grid-item size_1x1 post-3959 post type-post status-publish format-standard hentry category-3-2024-vedecke-clanky tag-autor-andrej-chromecek tag-bicykel tag-cyklistika tag-dochadzajuci tag-dochadzka-do-zamestnania tag-kolobezka tag-slovensko\" data-id=\"3959\">\r\n\t\t<div class=\"w-grid-item-h\">\r\n\t\t\t\t\t\t<h2 class=\"w-post-elm post_title usg_post_title_1 entry-title color_link_inherit\"><a href=\"https:\/\/ssad.statistics.sk\/SSaD\/index.php\/bicykel-a-kolobezka-ako-prostriedky-dochadzky-do-zamestnania-podla-sodb-2021\/\">Bicykel a kolobe\u017eka ako prostriedky doch\u00e1dzky do zamestnania pod\u013ea SODB 2021<\/a><\/h2><time class=\"w-post-elm post_date usg_post_date_1 entry-date published\" datetime=\"2024-07-15T08:49:58+02:00\"><i class=\"far fa-clock\"><\/i>15. j\u00fala 2024<\/time><div class=\"w-post-elm post_content usg_post_content_1\"><p>Andrej Chrome\u010dek, \u0160tatistick\u00fd \u00farad Slovenskej republiky, Slovensk\u00e1 republika<\/p>\n<p> <a href=\"https:\/\/ssad.statistics.sk\/SSaD\/index.php\/bicykel-a-kolobezka-ako-prostriedky-dochadzky-do-zamestnania-podla-sodb-2021\/#more-3959\" class=\"more-link\"><span aria-label=\"\u010c\u00edta\u0165 \u010falej Bicykel a kolobe\u017eka ako prostriedky doch\u00e1dzky do zamestnania pod\u013ea SODB 2021\">(viac&hellip;)<\/span><\/a><\/p>\n<\/div>\t\t<\/div>\r\n\t<\/article>\r\n\t<article class=\"w-grid-item size_1x1 post-3962 post type-post status-publish format-standard hentry category-3-2024-vedecke-clanky tag-autor-kristian-ovari tag-medzigeneracny-prenos-narodnosti tag-narodnost tag-sodb-2021 tag-vyucovaci-jazyk-zakladnej-skoly\" data-id=\"3962\">\r\n\t\t<div class=\"w-grid-item-h\">\r\n\t\t\t\t\t\t<h2 class=\"w-post-elm post_title usg_post_title_1 entry-title color_link_inherit\"><a href=\"https:\/\/ssad.statistics.sk\/SSaD\/index.php\/medzigeneracny-prenos-narodnosti-a-vyber-zakladnej-skoly-podla-vyucovacieho-jazyka-u-obyvatelov-madarskej-narodnosti-na-slovensku\/\">Medzigenera\u010dn\u00fd prenos n\u00e1rodnosti a v\u00fdber z\u00e1kladnej \u0161koly pod\u013ea vyu\u010dovacieho jazyka u obyvate\u013eov ma\u010farskej n\u00e1rodnosti na Slovensku<\/a><\/h2><time class=\"w-post-elm post_date usg_post_date_1 entry-date published\" datetime=\"2024-07-15T08:03:29+02:00\"><i class=\"far fa-clock\"><\/i>15. j\u00fala 2024<\/time><div class=\"w-post-elm post_content usg_post_content_1\"><p>Kristi\u00e1n \u00d3v\u00e1ri, \u0160tatistick\u00fd \u00farad Slovenskej republiky, Slovensk\u00e1 republika<\/p>\n<p> <a href=\"https:\/\/ssad.statistics.sk\/SSaD\/index.php\/medzigeneracny-prenos-narodnosti-a-vyber-zakladnej-skoly-podla-vyucovacieho-jazyka-u-obyvatelov-madarskej-narodnosti-na-slovensku\/#more-3962\" class=\"more-link\"><span aria-label=\"\u010c\u00edta\u0165 \u010falej Medzigenera\u010dn\u00fd prenos n\u00e1rodnosti a v\u00fdber z\u00e1kladnej \u0161koly pod\u013ea vyu\u010dovacieho jazyka u obyvate\u013eov ma\u010farskej n\u00e1rodnosti na Slovensku\">(viac&hellip;)<\/span><\/a><\/p>\n<\/div>\t\t<\/div>\r\n\t<\/article>\r\n\t<article class=\"w-grid-item size_1x1 post-3965 post type-post status-publish format-standard hentry category-3-2024-vedecke-clanky tag-autor-branislav-sprocha tag-bezdetnost tag-domacnosti tag-eu-silc tag-kohabitacie tag-marginalizovane-romske-komunity tag-priemerny-vek-pri-prvom-sobasi tag-rodinny-stav tag-vekova-struktura\" data-id=\"3965\">\r\n\t\t<div class=\"w-grid-item-h\">\r\n\t\t\t\t\t\t<h2 class=\"w-post-elm post_title usg_post_title_1 entry-title color_link_inherit\"><a href=\"https:\/\/ssad.statistics.sk\/SSaD\/index.php\/niektore-aspekty-rodinneho-a-reprodukcneho-spravania-osob-marginalizovanych-romskych-komunit-na-slovensku-podla-vysledkov-zistovania-eu-silc-mrk-2020\/\">Niektor\u00e9 aspekty rodinn\u00e9ho a reproduk\u010dn\u00e9ho spr\u00e1vania os\u00f4b marginalizovan\u00fdch r\u00f3mskych komun\u00edt na Slovensku pod\u013ea v\u00fdsledkov zis\u0165ovania EU-SILC MRK 2020<\/a><\/h2><time class=\"w-post-elm post_date usg_post_date_1 entry-date published\" datetime=\"2024-07-15T07:13:56+02:00\"><i class=\"far fa-clock\"><\/i>15. j\u00fala 2024<\/time><div class=\"w-post-elm post_content usg_post_content_1\"><p>Branislav \u0160procha, INFOSTAT \u2013 V\u00fdskumn\u00e9 demografick\u00e9 centrum, Centrum spolo\u010densk\u00fdch a psychologick\u00fdch vied Slovenskej akad\u00e9mie vied, Slovensk\u00e1 republika<\/p>\n<p> <a href=\"https:\/\/ssad.statistics.sk\/SSaD\/index.php\/niektore-aspekty-rodinneho-a-reprodukcneho-spravania-osob-marginalizovanych-romskych-komunit-na-slovensku-podla-vysledkov-zistovania-eu-silc-mrk-2020\/#more-3965\" class=\"more-link\"><span aria-label=\"\u010c\u00edta\u0165 \u010falej Niektor\u00e9 aspekty rodinn\u00e9ho a reproduk\u010dn\u00e9ho spr\u00e1vania os\u00f4b marginalizovan\u00fdch r\u00f3mskych komun\u00edt na Slovensku pod\u013ea v\u00fdsledkov zis\u0165ovania EU-SILC MRK 2020\">(viac&hellip;)<\/span><\/a><\/p>\n<\/div>\t\t<\/div>\r\n\t<\/article>\r\n\t<article class=\"w-grid-item size_1x1 post-3970 post type-post status-publish format-standard hentry category-3-2024-vedecke-clanky tag-autor-daniel-culak tag-autor-erik-soltes tag-demografia-podnikov tag-kontrastna-analyza tag-logisticka-regresia tag-marginalne-stredne-hodnoty tag-zanik-podniku\" data-id=\"3970\">\r\n\t\t<div class=\"w-grid-item-h\">\r\n\t\t\t\t\t\t<h2 class=\"w-post-elm post_title usg_post_title_1 entry-title color_link_inherit\"><a href=\"https:\/\/ssad.statistics.sk\/SSaD\/index.php\/predikcia-zaniku-podnikov-na-slovensku-zalozena-na-logistickej-regresii-a-asociovanych-marginalnych-strednych-hodnotach\/\">Predikcia z\u00e1niku podnikov na Slovensku zalo\u017een\u00e1 na logistickej regresii a asociovan\u00fdch margin\u00e1lnych stredn\u00fdch hodnot\u00e1ch<\/a><\/h2><time class=\"w-post-elm post_date usg_post_date_1 entry-date published\" datetime=\"2024-07-15T06:32:21+02:00\"><i class=\"far fa-clock\"><\/i>15. j\u00fala 2024<\/time><div class=\"w-post-elm post_content usg_post_content_1\"><p>Daniel \u010cul\u00e1k, Erik \u0160olt\u00e9s, Fakulta hospod\u00e1rskej informatiky, Ekonomick\u00e1 univerzita v Bratislave, Slovensk\u00e1 republika<\/p>\n<p> <a href=\"https:\/\/ssad.statistics.sk\/SSaD\/index.php\/predikcia-zaniku-podnikov-na-slovensku-zalozena-na-logistickej-regresii-a-asociovanych-marginalnych-strednych-hodnotach\/#more-3970\" class=\"more-link\"><span aria-label=\"\u010c\u00edta\u0165 \u010falej Predikcia z\u00e1niku podnikov na Slovensku zalo\u017een\u00e1 na logistickej regresii a asociovan\u00fdch margin\u00e1lnych stredn\u00fdch hodnot\u00e1ch\">(viac&hellip;)<\/span><\/a><\/p>\n<\/div>\t\t<\/div>\r\n\t<\/article>\r\n<\/div><div class=\"w-grid-preloader\"><div class=\"g-preloader type_1\">\r\n\t<div><\/div>\r\n<\/div>\r\n<\/div>\t<div class=\"w-grid-json hidden\" onclick='return {&quot;action&quot;:&quot;us_ajax_grid&quot;,&quot;ajax_url&quot;:&quot;https:\\\/\\\/ssad.statistics.sk\\\/SSaD\\\/wp-admin\\\/admin-ajax.php&quot;,&quot;infinite_scroll&quot;:0,&quot;max_num_pages&quot;:1,&quot;pagination&quot;:&quot;none&quot;,&quot;permalink_url&quot;:&quot;https:\\\/\\\/ssad.statistics.sk\\\/SSaD\\\/wp-json\\\/wp\\\/v2\\\/pages\\\/3952&quot;,&quot;template_vars&quot;:{&quot;columns&quot;:&quot;1&quot;,&quot;exclude_items&quot;:&quot;none&quot;,&quot;img_size&quot;:&quot;default&quot;,&quot;ignore_items_size&quot;:0,&quot;items_layout&quot;:&quot;146&quot;,&quot;items_offset&quot;:&quot;1&quot;,&quot;load_animation&quot;:&quot;none&quot;,&quot;overriding_link&quot;:&quot;none&quot;,&quot;post_id&quot;:3952,&quot;query_args&quot;:{&quot;post_type&quot;:[&quot;post&quot;],&quot;tax_query&quot;:[{&quot;taxonomy&quot;:&quot;category&quot;,&quot;field&quot;:&quot;slug&quot;,&quot;terms&quot;:[&quot;3-2024-vedecke-clanky&quot;]}],&quot;post_status&quot;:[&quot;publish&quot;],&quot;posts_per_page&quot;:&quot;20&quot;},&quot;orderby_query_args&quot;:{&quot;orderby&quot;:{&quot;date&quot;:&quot;DESC&quot;}},&quot;type&quot;:&quot;grid&quot;,&quot;us_grid_ajax_index&quot;:1,&quot;us_grid_filter_params&quot;:null,&quot;us_grid_index&quot;:1,&quot;_us_grid_post_type&quot;:&quot;post&quot;}}'><\/div>\r\n\t<\/div>\n<\/div><\/div><\/div><\/div><\/div><\/div><\/div><\/section><section class=\"l-section wpb_row us_custom_c4a4bb17 content-information height_auto\"><div class=\"l-section-h i-cf\"><div class=\"g-cols vc_row via_flex valign_top type_default stacking_default\"><div class=\"vc_col-sm-12 wpb_column vc_column_container\"><div class=\"vc_column-inner\"><div class=\"wpb_wrapper\"><div class=\"wpb_text_column\"><div class=\"wpb_wrapper\"><h2>INFORMAT\u00cdVNE \u010cL\u00c1NKY, N\u00c1ZORY, RECENZIE, ROZHOVORY, INFORM\u00c1CIE<\/h2>\n<div class=\"w-grid us_custom_2b991ef7 type_grid layout_146\" id=\"us_grid_2\"><style>#us_grid_2 .w-grid-item:not(:last-child){margin-bottom:2.5rem}#us_grid_2 .g-loadmore{margin-top:2.5rem}<\/style><div class=\"w-grid-list\">\t<article class=\"w-grid-item size_1x1 post-3974 post type-post status-publish format-standard hentry category-3-2024-informativne-clanky-nazory-recenzie-rozhovory-informacie tag-autor-milan-terek tag-kvalita-nenahodneho-vyberu tag-nahodny-vyber tag-nenahodny-vyber tag-presnost-v-statistickych-prieskumoch\" data-id=\"3974\">\r\n\t\t<div class=\"w-grid-item-h\">\r\n\t\t\t\t\t\t<h2 class=\"w-post-elm post_title usg_post_title_1 entry-title color_link_inherit\"><a href=\"https:\/\/ssad.statistics.sk\/SSaD\/index.php\/vyberove-skumanie-na-baze-nenahodnych-vyberov\/\">V\u00fdberov\u00e9 sk\u00famanie na b\u00e1ze nen\u00e1hodn\u00fdch v\u00fdberov<\/a><\/h2><time class=\"w-post-elm post_date usg_post_date_1 entry-date published\" datetime=\"2024-07-15T10:10:15+02:00\"><i class=\"far fa-clock\"><\/i>15. j\u00fala 2024<\/time><div class=\"w-post-elm post_content usg_post_content_1\"><p>Milan Terek, Vysok\u00e1 \u0161kola mana\u017ementu, Slovensk\u00e1 republika<\/p>\n<p> <a href=\"https:\/\/ssad.statistics.sk\/SSaD\/index.php\/vyberove-skumanie-na-baze-nenahodnych-vyberov\/#more-3974\" class=\"more-link\"><span aria-label=\"\u010c\u00edta\u0165 \u010falej V\u00fdberov\u00e9 sk\u00famanie na b\u00e1ze nen\u00e1hodn\u00fdch v\u00fdberov\">(viac&hellip;)<\/span><\/a><\/p>\n<\/div>\t\t<\/div>\r\n\t<\/article>\r\n\t<article class=\"w-grid-item size_1x1 post-3977 post type-post status-publish format-standard hentry category-3-2024-informativne-clanky-nazory-recenzie-rozhovory-informacie tag-autor-iveta-stankovicova\" data-id=\"3977\">\r\n\t\t<div class=\"w-grid-item-h\">\r\n\t\t\t\t\t\t<h2 class=\"w-post-elm post_title usg_post_title_1 entry-title color_link_inherit\"><a href=\"https:\/\/ssad.statistics.sk\/SSaD\/index.php\/pohlady-na-ekonomiku-slovenska-2024-pes-2024\/\">Poh\u013eady na ekonomiku Slovenska 2024 \u2013 PES 2024<\/a><\/h2><time class=\"w-post-elm post_date usg_post_date_1 entry-date published\" datetime=\"2024-07-15T07:18:04+02:00\"><i class=\"far fa-clock\"><\/i>15. j\u00fala 2024<\/time><div class=\"w-post-elm post_content usg_post_content_1\"><p>Iveta Stankovi\u010dov\u00e1, Slovensk\u00e1 \u0161tatistick\u00e1 a demografick\u00e1 spolo\u010dnos\u0165, Fakulta managementu, Univerzita Komensk\u00e9ho v Bratislave, Slovensk\u00e1 republika<\/p>\n<p> <a href=\"https:\/\/ssad.statistics.sk\/SSaD\/index.php\/pohlady-na-ekonomiku-slovenska-2024-pes-2024\/#more-3977\" class=\"more-link\"><span aria-label=\"\u010c\u00edta\u0165 \u010falej Poh\u013eady na ekonomiku Slovenska 2024 \u2013 PES 2024\">(viac&hellip;)<\/span><\/a><\/p>\n<\/div>\t\t<\/div>\r\n\t<\/article>\r\n\t<article class=\"w-grid-item size_1x1 post-3980 post type-post status-publish format-standard hentry category-3-2024-informativne-clanky-nazory-recenzie-rozhovory-informacie tag-autor-peter-knizat tag-autor-peter-petko\" data-id=\"3980\">\r\n\t\t<div class=\"w-grid-item-h\">\r\n\t\t\t\t\t\t<h2 class=\"w-post-elm post_title usg_post_title_1 entry-title color_link_inherit\"><a href=\"https:\/\/ssad.statistics.sk\/SSaD\/index.php\/19-iaos-isi-mexiko-2024-konferencia-zlepsenie-rozhodovania-pre-vsetkych\/\">19. IAOS-ISI Mexiko 2024 konferencia: Zlep\u0161enie rozhodovania pre v\u0161etk\u00fdch<\/a><\/h2><time class=\"w-post-elm post_date usg_post_date_1 entry-date published\" datetime=\"2024-07-15T06:23:43+02:00\"><i class=\"far fa-clock\"><\/i>15. j\u00fala 2024<\/time><div class=\"w-post-elm post_content usg_post_content_1\"><p>Peter Kn\u00ed\u017eat, Peter Pe\u0165ko, \u0160tatistick\u00fd \u00farad Slovenskej republiky, Slovensk\u00e1 republika<\/p>\n<p> <a href=\"https:\/\/ssad.statistics.sk\/SSaD\/index.php\/19-iaos-isi-mexiko-2024-konferencia-zlepsenie-rozhodovania-pre-vsetkych\/#more-3980\" class=\"more-link\"><span aria-label=\"\u010c\u00edta\u0165 \u010falej 19. IAOS-ISI Mexiko 2024 konferencia: Zlep\u0161enie rozhodovania pre v\u0161etk\u00fdch\">(viac&hellip;)<\/span><\/a><\/p>\n<\/div>\t\t<\/div>\r\n\t<\/article>\r\n\t<article class=\"w-grid-item size_1x1 post-3983 post type-post status-publish format-standard hentry category-3-2024-informativne-clanky-nazory-recenzie-rozhovory-informacie tag-autor-lucia-vanisova tag-autor-martin-kocis tag-autor-patricia-gurova tag-autor-veronika-kriskova\" data-id=\"3983\">\r\n\t\t<div class=\"w-grid-item-h\">\r\n\t\t\t\t\t\t<h2 class=\"w-post-elm post_title usg_post_title_1 entry-title color_link_inherit\"><a href=\"https:\/\/ssad.statistics.sk\/SSaD\/index.php\/53-konferencia-ceskej-demografickej-spolocnosti\/\">53. konferencia \u010ceskej demografickej spolo\u010dnosti<\/a><\/h2><time class=\"w-post-elm post_date usg_post_date_1 entry-date published\" datetime=\"2024-07-15T05:28:38+02:00\"><i class=\"far fa-clock\"><\/i>15. j\u00fala 2024<\/time><div class=\"w-post-elm post_content usg_post_content_1\"><p>Lucia Vani\u0161ov\u00e1, Patr\u00edcia Gurov\u00e1, Veronika Kri\u0161kov\u00e1, Martin Ko\u010di\u0161, \u0160tatistick\u00fd \u00farad Slovenskej republiky, Slovensk\u00e1 republika<\/p>\n<p> <a href=\"https:\/\/ssad.statistics.sk\/SSaD\/index.php\/53-konferencia-ceskej-demografickej-spolocnosti\/#more-3983\" class=\"more-link\"><span aria-label=\"\u010c\u00edta\u0165 \u010falej 53. konferencia \u010ceskej demografickej spolo\u010dnosti\">(viac&hellip;)<\/span><\/a><\/p>\n<\/div>\t\t<\/div>\r\n\t<\/article>\r\n\t<article class=\"w-grid-item size_1x1 post-3986 post type-post status-publish format-standard hentry category-3-2024-informativne-clanky-nazory-recenzie-rozhovory-informacie tag-autor-albert-ivancik tag-autor-helena-glaser-opitzova tag-autor-ivan-moncol tag-autor-ludmila-ivancikova tag-autor-peter-knizat tag-autor-petra-mazurekova\" data-id=\"3986\">\r\n\t\t<div class=\"w-grid-item-h\">\r\n\t\t\t\t\t\t<h2 class=\"w-post-elm post_title usg_post_title_1 entry-title color_link_inherit\"><a href=\"https:\/\/ssad.statistics.sk\/SSaD\/index.php\/11-europska-konferencia-o-kvalite-v-oficialnych-statistikach\/\">11. Eur\u00f3pska konferencia o kvalite v ofici\u00e1lnych \u0161tatistik\u00e1ch<\/a><\/h2><time class=\"w-post-elm post_date usg_post_date_1 entry-date published\" datetime=\"2024-07-15T04:33:23+02:00\"><i class=\"far fa-clock\"><\/i>15. j\u00fala 2024<\/time><div class=\"w-post-elm post_content usg_post_content_1\"><p>Helena Glaser-Opitzov\u00e1, \u013dudmila Ivan\u010d\u00edkov\u00e1, Albert Ivan\u010d\u00edk, Petra Mazurekov\u00e1, Ivan Monco\u013e, Peter Kn\u00ed\u017eat, \u0160tatistick\u00fd \u00farad Slovenskej republiky, Slovensk\u00e1 republika<\/p>\n<p> <a href=\"https:\/\/ssad.statistics.sk\/SSaD\/index.php\/11-europska-konferencia-o-kvalite-v-oficialnych-statistikach\/#more-3986\" class=\"more-link\"><span aria-label=\"\u010c\u00edta\u0165 \u010falej 11. Eur\u00f3pska konferencia o kvalite v ofici\u00e1lnych \u0161tatistik\u00e1ch\">(viac&hellip;)<\/span><\/a><\/p>\n<\/div>\t\t<\/div>\r\n\t<\/article>\r\n<\/div><div class=\"w-grid-preloader\"><div class=\"g-preloader type_1\">\r\n\t<div><\/div>\r\n<\/div>\r\n<\/div>\t<div class=\"w-grid-json hidden\" onclick='return {&quot;action&quot;:&quot;us_ajax_grid&quot;,&quot;ajax_url&quot;:&quot;https:\\\/\\\/ssad.statistics.sk\\\/SSaD\\\/wp-admin\\\/admin-ajax.php&quot;,&quot;infinite_scroll&quot;:0,&quot;max_num_pages&quot;:1,&quot;pagination&quot;:&quot;none&quot;,&quot;permalink_url&quot;:&quot;https:\\\/\\\/ssad.statistics.sk\\\/SSaD\\\/wp-json\\\/wp\\\/v2\\\/pages\\\/3952&quot;,&quot;template_vars&quot;:{&quot;columns&quot;:&quot;1&quot;,&quot;exclude_items&quot;:&quot;none&quot;,&quot;img_size&quot;:&quot;default&quot;,&quot;ignore_items_size&quot;:0,&quot;items_layout&quot;:&quot;146&quot;,&quot;items_offset&quot;:&quot;1&quot;,&quot;load_animation&quot;:&quot;none&quot;,&quot;overriding_link&quot;:&quot;none&quot;,&quot;post_id&quot;:3970,&quot;query_args&quot;:{&quot;post_type&quot;:[&quot;post&quot;],&quot;tax_query&quot;:[{&quot;taxonomy&quot;:&quot;category&quot;,&quot;field&quot;:&quot;slug&quot;,&quot;terms&quot;:[&quot;3-2024-informativne-clanky-nazory-recenzie-rozhovory-informacie&quot;]}],&quot;post_status&quot;:[&quot;publish&quot;],&quot;posts_per_page&quot;:&quot;20&quot;},&quot;orderby_query_args&quot;:{&quot;orderby&quot;:{&quot;date&quot;:&quot;DESC&quot;}},&quot;type&quot;:&quot;grid&quot;,&quot;us_grid_ajax_index&quot;:1,&quot;us_grid_filter_params&quot;:null,&quot;us_grid_index&quot;:2,&quot;_us_grid_post_type&quot;:&quot;post&quot;}}'><\/div>\r\n\t<\/div>\n<\/div><\/div><\/div><\/div><\/div><\/div><\/div><\/section><section class=\"l-section wpb_row us_custom_c4a4bb17 content-comingsoon height_auto\"><div class=\"l-section-h i-cf\"><div class=\"g-cols vc_row via_flex valign_top type_default stacking_default\"><div class=\"vc_col-sm-12 wpb_column vc_column_container\"><div class=\"vc_column-inner\"><div class=\"wpb_wrapper\"><div class=\"wpb_text_column\"><div class=\"wpb_wrapper\"><h2>PRIPRAVUJEME<\/h2>\n<p>&nbsp;<\/p>\n<h2 class=\"soon1\">Vzdelanie, ekonomick\u00e1 aktivita a zdravotn\u00fd stav os\u00f4b v marginalizovan\u00fdch r\u00f3mskych komunit\u00e1ch na Slovensku pod\u013ea v\u00fdsledkov zis\u0165ovania EU-SILC MRK 2020<\/h2>\n<p>Branislav \u0160procha, INFOSTAT \u2013 V\u00fdskumn\u00e9 demografick\u00e9 centrum, Centrum spolo\u010densk\u00fdch a psychologick\u00fdch vied Slovenskej akad\u00e9mie vied, Slovensk\u00e1 republika<\/p>\n<h2 class=\"soon1\">Imputace chyb\u011bj\u00edc\u00edch dat pomoc\u00ed Bayesovsk\u00e9ho modelov\u00e1n\u00ed<\/h2>\n<p>Roman Pavelka, \u0160tatistick\u00fd \u00farad Slovenskej republiky, Slovensk\u00e1 republika<\/p>\n<\/div><\/div><\/div><\/div><\/div><\/div><\/div><\/section>\n","protected":false},"excerpt":{"rendered":"Helena Glaser-Opitzov\u00e1, \u013dudmila Ivan\u010d\u00edkov\u00e1, Albert Ivan\u010d\u00edk, Petra Mazurekov\u00e1, Ivan Monco\u013e, Peter Kn\u00ed\u017eat, \u0160tatistick\u00fd \u00farad Slovenskej republiky, Slovensk\u00e1 republika Typ \u010dl\u00e1nku: inform\u00e1cia Strany: 108 - 109 \u010cl\u00e1nok na stiahnutie PDF (2,1 MB, 274 stiahnut\u00ed)","protected":false},"author":4,"featured_media":0,"parent":0,"menu_order":0,"comment_status":"closed","ping_status":"closed","template":"","meta":{"_exactmetrics_skip_tracking":false,"_exactmetrics_sitenote_active":false,"_exactmetrics_sitenote_note":"","_exactmetrics_sitenote_category":0,"footnotes":""},"class_list":["post-3952","page","type-page","status-publish","hentry"],"_links":{"self":[{"href":"https:\/\/ssad.statistics.sk\/SSaD\/index.php\/wp-json\/wp\/v2\/pages\/3952","targetHints":{"allow":["GET"]}}],"collection":[{"href":"https:\/\/ssad.statistics.sk\/SSaD\/index.php\/wp-json\/wp\/v2\/pages"}],"about":[{"href":"https:\/\/ssad.statistics.sk\/SSaD\/index.php\/wp-json\/wp\/v2\/types\/page"}],"author":[{"embeddable":true,"href":"https:\/\/ssad.statistics.sk\/SSaD\/index.php\/wp-json\/wp\/v2\/users\/4"}],"replies":[{"embeddable":true,"href":"https:\/\/ssad.statistics.sk\/SSaD\/index.php\/wp-json\/wp\/v2\/comments?post=3952"}],"version-history":[{"count":6,"href":"https:\/\/ssad.statistics.sk\/SSaD\/index.php\/wp-json\/wp\/v2\/pages\/3952\/revisions"}],"predecessor-version":[{"id":4152,"href":"https:\/\/ssad.statistics.sk\/SSaD\/index.php\/wp-json\/wp\/v2\/pages\/3952\/revisions\/4152"}],"wp:attachment":[{"href":"https:\/\/ssad.statistics.sk\/SSaD\/index.php\/wp-json\/wp\/v2\/media?parent=3952"}],"curies":[{"name":"wp","href":"https:\/\/api.w.org\/{rel}","templated":true}]}}