{"id":3764,"date":"2024-01-15T11:57:16","date_gmt":"2024-01-15T10:57:16","guid":{"rendered":"https:\/\/ssad.statistics.sk\/SSaD\/?page_id=3764"},"modified":"2024-10-15T11:47:00","modified_gmt":"2024-10-15T09:47:00","slug":"slovenska-statistika-a-demografia-1-2024","status":"publish","type":"page","link":"https:\/\/ssad.statistics.sk\/SSaD\/index.php\/slovenska-statistika-a-demografia-1-2024\/","title":{"rendered":"Slovensk\u00e1 \u0161tatistika a demografia 1\/2024"},"content":{"rendered":"<section class=\"l-section wpb_row us_custom_5f01f778 height_auto\"><div class=\"l-section-h i-cf\"><div class=\"g-cols vc_row via_flex valign_top type_default stacking_default\"><div class=\"vc_col-sm-12 wpb_column vc_column_container\"><div class=\"vc_column-inner\"><div class=\"wpb_wrapper\"><div class=\"wpb_text_column\"><div class=\"wpb_wrapper\"><h1><\/h1>\n<h1>Slovensk\u00e1 \u0161tatistika a demografia 1\/2024<\/h1>\n<\/div><\/div><\/div><\/div><\/div><\/div><\/div><\/section><section class=\"l-section wpb_row us_custom_18c73a72 height_auto\"><div class=\"l-section-h i-cf\"><div class=\"g-cols vc_row via_flex valign_top type_default stacking_default\"><div class=\"vc_col-sm-2 wpb_column vc_column_container\"><div class=\"vc_column-inner\"><div class=\"wpb_wrapper\"><div class=\"w-image style_outlined align_none\"><div class=\"w-image-h\"><img loading=\"lazy\" decoding=\"async\" width=\"141\" height=\"190\" src=\"https:\/\/ssad.statistics.sk\/SSaD\/wp-content\/uploads\/2024\/01\/SSAD_01_2024_141x190.png\" class=\"attachment-full size-full\" alt=\"\" \/><\/div><\/div><\/div><\/div><\/div><div class=\"vc_col-sm-6 wpb_column vc_column_container\"><div class=\"vc_column-inner\"><div class=\"wpb_wrapper\">[vc_raw_html]JTNDZGl2JTIwY2xhc3MlM0QlMjJkZXRhaWwlMjIlM0UlMjAlMEElMjAlMjAlMjAlMjAlM0NwJTNFUG8lQzQlOERldCUyMHN0ciVDMyVBMW4lM0ElMjAxMTQlM0MlMkZwJTNFJTBBJTIwJTIwJTIwJTIwJTNDcCUzRVBlcmlvZGljaXRhJTNBJTIwNC1rciVDMyVBMXQlMjBybyVDNCU4RG5lJTNDJTJGcCUzRSUyMCUyMCUyMCUwQSUyMCUyMCUyMCUyMCUzQ3AlM0VJU1NOJTNBJTIwMTMzOS02ODU0JTIwJTI4b25saW5lJTI5JTNDJTJGcCUzRSUwQSUyMCUyMCUyMCUyMCUzQ3AlM0UlM0NzcGFuJTIwc3R5bGUlM0QlMjJwYWRkaW5nLWxlZnQlM0ElMjA0N3B4JTNCJTIyJTNFMTIxMC0xMDk1JTIwJTI4dGxhJUM0JThEZW4lQzMlQTklMjB2eWRhbmllJTI5JTNDJTJGc3BhbiUzRSUzQyUyRnAlM0UlMEElM0MlMkZkaXYlM0U=[\/vc_raw_html]<\/div><\/div><\/div><div class=\"vc_col-sm-4 wpb_column vc_column_container\"><div class=\"vc_column-inner\"><div class=\"wpb_wrapper\">[vc_raw_html]JTNDZGl2JTNFJTIwJTIwJTIwJTIwJTBBJTIwJTIwJTIwJTIwJTNDcCUzRSUzQ3NwYW4lMjBzdHlsZSUzRCUyMmxpbmUtaGVpZ2h0JTNBJTIwMi4xZW0lM0IlMjBwYWRkaW5nLWxlZnQlM0ElMjAwcHglM0IlMjBjb2xvciUzQSUyMCUyMzFlNGU5ZCUzQiUyMiUzRUtvbXBsZXRuJUMzJUE5JTIwJUM0JThEJUMzJUFEc2xvJTNDJTJGc3BhbiUzRSUzQ2JyJTNFJTIwJTVCZG93bmxvYWQlMjBpZCUzRCUyMjM5MyUyMiU1RCUyMHN0aWFobnV0JUMzJUFEJTI5JTNDJTJGc3BhbiUzRSUzQyUyRnAlM0UlMEElM0MlMkZkaXYlM0U=[\/vc_raw_html]<\/div><\/div><\/div><\/div><\/div><\/section><section class=\"l-section wpb_row us_custom_d984a24d height_auto\"><div class=\"l-section-h i-cf\"><div class=\"g-cols vc_row via_flex valign_top type_default stacking_default\"><div class=\"vc_col-sm-12 wpb_column vc_column_container\"><div class=\"vc_column-inner us_custom_5c07cc07\"><div class=\"wpb_wrapper\"><div class=\"w-separator us_custom_fd420121 has_text_color size_medium with_line width_default thick_1 style_dashed color_border align_center\"><div class=\"w-separator-h\"><\/div><\/div><\/div><\/div><\/div><\/div><\/div><\/section><section class=\"l-section wpb_row us_custom_46262dcf height_auto\"><div class=\"l-section-h i-cf\"><div class=\"g-cols vc_row via_flex valign_top type_default stacking_default\"><div class=\"vc_col-sm-12 wpb_column vc_column_container\"><div class=\"vc_column-inner\"><div class=\"wpb_wrapper\"><div class=\"w-grid us_custom_2b991ef7 type_grid layout_146\" id=\"us_grid_1\" data-filterable=\"true\"><style>#us_grid_1 .w-grid-item:not(:last-child){margin-bottom:2.5rem}#us_grid_1 .g-loadmore{margin-top:2.5rem}.layout_146 .w-grid-item-h{}.layout_146 .usg_post_title_1{font-family:var(--font-body)!important;font-size:21px!important}.layout_146 .usg_post_date_1{font-family:var(--font-body)!important;font-size:0.9rem!important}.layout_146 .usg_post_content_1{margin-top:0.5rem!important;font-family:var(--font-body)!important}@media (max-width:600px){.layout_146 .usg_post_title_1{font-size:18px!important}}<\/style><div class=\"w-grid-list\">\t<article class=\"w-grid-item size_1x1 post-3805 post type-post status-publish format-standard hentry category-1-2024-editorial tag-autor-iveta-stankovicova tag-autor-peter-petko\" data-id=\"3805\">\r\n\t\t<div class=\"w-grid-item-h\">\r\n\t\t\t\t\t\t<h2 class=\"w-post-elm post_title usg_post_title_1 entry-title color_link_inherit\"><a href=\"https:\/\/ssad.statistics.sk\/SSaD\/index.php\/informacia-o-zmene-v-casopise\/\">Inform\u00e1cia o zmene v \u010dasopise<\/a><\/h2><time class=\"w-post-elm post_date usg_post_date_1 entry-date published\" datetime=\"2024-01-15T14:25:56+01:00\"><i class=\"far fa-clock\"><\/i>15. janu\u00e1ra 2024<\/time><div class=\"w-post-elm post_content usg_post_content_1\"><p>Peter Pe\u0165ko, \u0160tatistick\u00fd \u00farad Slovenskej republiky, Slovensk\u00e1 republika<br \/>\nIveta Stankovi\u010dov\u00e1, Slovensk\u00e1 \u0161tatistick\u00e1 a demografick\u00e1 spolo\u010dnos\u0165, Fakulta managementu, Univerzita Komensk\u00e9ho v Bratislave, Slovensk\u00e1 republika<\/p>\n<p> <a href=\"https:\/\/ssad.statistics.sk\/SSaD\/index.php\/informacia-o-zmene-v-casopise\/#more-3805\" class=\"more-link\"><span aria-label=\"\u010c\u00edta\u0165 \u010falej Inform\u00e1cia o zmene v \u010dasopise\">(viac&hellip;)<\/span><\/a><\/p>\n<\/div>\t\t<\/div>\r\n\t<\/article>\r\n\t<article class=\"w-grid-item size_1x1 post-3802 post type-post status-publish format-standard hentry category-1-2024-editorial tag-autor-ludmila-ivancikova-2\" data-id=\"3802\">\r\n\t\t<div class=\"w-grid-item-h\">\r\n\t\t\t\t\t\t<h2 class=\"w-post-elm post_title usg_post_title_1 entry-title color_link_inherit\"><a href=\"https:\/\/ssad.statistics.sk\/SSaD\/index.php\/editorial-14\/\">Editori\u00e1l<\/a><\/h2><time class=\"w-post-elm post_date usg_post_date_1 entry-date published\" datetime=\"2024-01-15T14:20:01+01:00\"><i class=\"far fa-clock\"><\/i>15. janu\u00e1ra 2024<\/time><div class=\"w-post-elm post_content usg_post_content_1\"><p>\u013dudmila Ivan\u010d\u00edkov\u00e1, \u0160tatistick\u00fd \u00farad Slovenskej republiky, Slovensk\u00e1 republika<\/p>\n<p> <a href=\"https:\/\/ssad.statistics.sk\/SSaD\/index.php\/editorial-14\/#more-3802\" class=\"more-link\"><span aria-label=\"\u010c\u00edta\u0165 \u010falej Editori\u00e1l\">(viac&hellip;)<\/span><\/a><\/p>\n<\/div>\t\t<\/div>\r\n\t<\/article>\r\n<\/div><div class=\"w-grid-preloader\"><div class=\"g-preloader type_1\">\r\n\t<div><\/div>\r\n<\/div>\r\n<\/div>\t<div class=\"w-grid-json hidden\" onclick='return {&quot;action&quot;:&quot;us_ajax_grid&quot;,&quot;ajax_url&quot;:&quot;https:\\\/\\\/ssad.statistics.sk\\\/SSaD\\\/wp-admin\\\/admin-ajax.php&quot;,&quot;infinite_scroll&quot;:0,&quot;max_num_pages&quot;:1,&quot;pagination&quot;:&quot;none&quot;,&quot;permalink_url&quot;:&quot;https:\\\/\\\/ssad.statistics.sk\\\/SSaD\\\/wp-json\\\/wp\\\/v2\\\/pages\\\/3764&quot;,&quot;template_vars&quot;:{&quot;columns&quot;:&quot;1&quot;,&quot;exclude_items&quot;:&quot;none&quot;,&quot;img_size&quot;:&quot;default&quot;,&quot;ignore_items_size&quot;:0,&quot;items_layout&quot;:&quot;146&quot;,&quot;items_offset&quot;:&quot;1&quot;,&quot;load_animation&quot;:&quot;none&quot;,&quot;overriding_link&quot;:&quot;none&quot;,&quot;post_id&quot;:3764,&quot;query_args&quot;:{&quot;post_type&quot;:[&quot;post&quot;],&quot;tax_query&quot;:[{&quot;taxonomy&quot;:&quot;category&quot;,&quot;field&quot;:&quot;slug&quot;,&quot;terms&quot;:[&quot;1-2024-editorial&quot;]}],&quot;post_status&quot;:[&quot;publish&quot;],&quot;posts_per_page&quot;:&quot;10&quot;},&quot;orderby_query_args&quot;:{&quot;orderby&quot;:{&quot;date&quot;:&quot;DESC&quot;}},&quot;type&quot;:&quot;grid&quot;,&quot;us_grid_ajax_index&quot;:1,&quot;us_grid_filter_params&quot;:null,&quot;us_grid_index&quot;:1,&quot;_us_grid_post_type&quot;:&quot;post&quot;}}'><\/div>\r\n\t<\/div><\/div><\/div><\/div><\/div><\/div><\/section><section class=\"l-section wpb_row us_custom_c4a4bb17 height_auto\"><div class=\"l-section-h i-cf\"><div class=\"g-cols vc_row via_flex valign_top type_default stacking_default\"><div class=\"vc_col-sm-12 wpb_column vc_column_container\"><div class=\"vc_column-inner\"><div class=\"wpb_wrapper\"><div class=\"wpb_text_column\"><div class=\"wpb_wrapper\"><h2>VEDECK\u00c9 \u010cL\u00c1NKY<\/h2>\n<div class=\"w-grid us_custom_2b991ef7 type_grid layout_146\" id=\"us_grid_2\"><style>#us_grid_2 .w-grid-item:not(:last-child){margin-bottom:2.5rem}#us_grid_2 .g-loadmore{margin-top:2.5rem}<\/style><div class=\"w-grid-list\">\t<article class=\"w-grid-item size_1x1 post-3797 post type-post status-publish format-standard hentry category-1-2024-vedecke-clanky tag-autor-dagmar-celuchova-bosanska tag-autor-filip-nguyen tag-autor-martin-janik tag-autor-peter-knizat tag-hruby-domaci-produkt tag-nakladna-doprava tag-rychle-odhady tag-sarimax tag-telemetria\" data-id=\"3797\">\r\n\t\t<div class=\"w-grid-item-h\">\r\n\t\t\t\t\t\t<h2 class=\"w-post-elm post_title usg_post_title_1 entry-title color_link_inherit\"><a href=\"https:\/\/ssad.statistics.sk\/SSaD\/index.php\/nove-datove-zdroje-v-statistike-vplyv-intenzity-nakladnej-dopravy-na-makroekonomicke-ukazovatele\/\">Nov\u00e9 d\u00e1tov\u00e9 zdroje v \u0161tatistike: vplyv intenzity n\u00e1kladnej dopravy na makroekonomick\u00e9 ukazovatele<\/a><\/h2><time class=\"w-post-elm post_date usg_post_date_1 entry-date published\" datetime=\"2024-01-15T14:06:58+01:00\"><i class=\"far fa-clock\"><\/i>15. janu\u00e1ra 2024<\/time><div class=\"w-post-elm post_content usg_post_content_1\"><p>Peter Kn\u00ed\u017eat, \u0160tatistick\u00fd \u00farad Slovenskej republiky, Ekonomick\u00e1 univerzita v Bratislave, Slovensk\u00e1 republika<br \/>\nDagmar Ce\u013euchov\u00e1 Bo\u0161ansk\u00e1, Martin Jan\u00edk, Filip Nguyen, Alistiq, s. r. o., Slovensk\u00e1 republika<\/p>\n<p> <a href=\"https:\/\/ssad.statistics.sk\/SSaD\/index.php\/nove-datove-zdroje-v-statistike-vplyv-intenzity-nakladnej-dopravy-na-makroekonomicke-ukazovatele\/#more-3797\" class=\"more-link\"><span aria-label=\"\u010c\u00edta\u0165 \u010falej Nov\u00e9 d\u00e1tov\u00e9 zdroje v \u0161tatistike: vplyv intenzity n\u00e1kladnej dopravy na makroekonomick\u00e9 ukazovatele\">(viac&hellip;)<\/span><\/a><\/p>\n<\/div>\t\t<\/div>\r\n\t<\/article>\r\n\t<article class=\"w-grid-item size_1x1 post-3794 post type-post status-publish format-standard hentry category-1-2024-vedecke-clanky tag-autor-konstantin-rosina tag-autor-martin-sveda tag-autor-michaela-sladekova-madajova tag-autor-pavol-hurbanek tag-lokalizacia tag-mobilna-siet tag-odhad-populacie tag-slovensko\" data-id=\"3794\">\r\n\t\t<div class=\"w-grid-item-h\">\r\n\t\t\t\t\t\t<h2 class=\"w-post-elm post_title usg_post_title_1 entry-title color_link_inherit\"><a href=\"https:\/\/ssad.statistics.sk\/SSaD\/index.php\/spracovanie-pasivnych-lokalizacnych-udajov-mobilnej-siete-na-pouzitie-v-experimentalnej-populacnej-statistike\/\">Spracovanie pas\u00edvnych lokaliza\u010dn\u00fdch \u00fadajov mobilnej siete na pou\u017eitie v experiment\u00e1lnej popula\u010dnej \u0161tatistike<\/a><\/h2><time class=\"w-post-elm post_date usg_post_date_1 entry-date published\" datetime=\"2024-01-15T13:55:16+01:00\"><i class=\"far fa-clock\"><\/i>15. janu\u00e1ra 2024<\/time><div class=\"w-post-elm post_content usg_post_content_1\"><p>Martin \u0160veda, Michala Sl\u00e1dekov\u00e1 Madajov\u00e1, Pr\u00edrodovedeck\u00e1 fakulta Univerzity Komensk\u00e9ho, Geografick\u00fd \u00fastav SAV, v. v. i., Slovensk\u00e1 republika<br \/>\nPavol Hurb\u00e1nek, Kon\u0161tant\u00edn Rosina, Geografick\u00fd \u00fastav SAV, v. v. i., Slovensk\u00e1 republika<br \/>\n <a href=\"https:\/\/ssad.statistics.sk\/SSaD\/index.php\/spracovanie-pasivnych-lokalizacnych-udajov-mobilnej-siete-na-pouzitie-v-experimentalnej-populacnej-statistike\/#more-3794\" class=\"more-link\"><span aria-label=\"\u010c\u00edta\u0165 \u010falej Spracovanie pas\u00edvnych lokaliza\u010dn\u00fdch \u00fadajov mobilnej siete na pou\u017eitie v experiment\u00e1lnej popula\u010dnej \u0161tatistike\">(viac&hellip;)<\/span><\/a><\/p>\n<\/div>\t\t<\/div>\r\n\t<\/article>\r\n<\/div><div class=\"w-grid-preloader\"><div class=\"g-preloader type_1\">\r\n\t<div><\/div>\r\n<\/div>\r\n<\/div>\t<div class=\"w-grid-json hidden\" onclick='return {&quot;action&quot;:&quot;us_ajax_grid&quot;,&quot;ajax_url&quot;:&quot;https:\\\/\\\/ssad.statistics.sk\\\/SSaD\\\/wp-admin\\\/admin-ajax.php&quot;,&quot;infinite_scroll&quot;:0,&quot;max_num_pages&quot;:1,&quot;pagination&quot;:&quot;none&quot;,&quot;permalink_url&quot;:&quot;https:\\\/\\\/ssad.statistics.sk\\\/SSaD\\\/wp-json\\\/wp\\\/v2\\\/pages\\\/3764&quot;,&quot;template_vars&quot;:{&quot;columns&quot;:&quot;1&quot;,&quot;exclude_items&quot;:&quot;none&quot;,&quot;img_size&quot;:&quot;default&quot;,&quot;ignore_items_size&quot;:0,&quot;items_layout&quot;:&quot;146&quot;,&quot;items_offset&quot;:&quot;1&quot;,&quot;load_animation&quot;:&quot;none&quot;,&quot;overriding_link&quot;:&quot;none&quot;,&quot;post_id&quot;:3802,&quot;query_args&quot;:{&quot;post_type&quot;:[&quot;post&quot;],&quot;tax_query&quot;:[{&quot;taxonomy&quot;:&quot;category&quot;,&quot;field&quot;:&quot;slug&quot;,&quot;terms&quot;:[&quot;1-2024-vedecke-clanky&quot;]}],&quot;post_status&quot;:[&quot;publish&quot;],&quot;posts_per_page&quot;:&quot;20&quot;},&quot;orderby_query_args&quot;:{&quot;orderby&quot;:{&quot;date&quot;:&quot;DESC&quot;}},&quot;type&quot;:&quot;grid&quot;,&quot;us_grid_ajax_index&quot;:1,&quot;us_grid_filter_params&quot;:null,&quot;us_grid_index&quot;:2,&quot;_us_grid_post_type&quot;:&quot;post&quot;}}'><\/div>\r\n\t<\/div>\n<\/div><\/div><\/div><\/div><\/div><\/div><\/div><\/section><section class=\"l-section wpb_row us_custom_c4a4bb17 height_auto\"><div class=\"l-section-h i-cf\"><div class=\"g-cols vc_row via_flex valign_top type_default stacking_default\"><div class=\"vc_col-sm-12 wpb_column vc_column_container\"><div class=\"vc_column-inner\"><div class=\"wpb_wrapper\"><div class=\"wpb_text_column\"><div class=\"wpb_wrapper\"><h2>INFORMAT\u00cdVNE \u010cL\u00c1NKY, N\u00c1ZORY, RECENZIE, ROZHOVORY, INFORM\u00c1CIE<\/h2>\n<div class=\"w-grid us_custom_2b991ef7 type_grid layout_146\" id=\"us_grid_3\"><style>#us_grid_3 .w-grid-item:not(:last-child){margin-bottom:2.5rem}#us_grid_3 .g-loadmore{margin-top:2.5rem}<\/style><div class=\"w-grid-list\">\t<article class=\"w-grid-item size_1x1 post-3790 post type-post status-publish format-standard hentry category-1-2024-informativne-clanky-nazory-recenzie-rozhovory-informacie tag-analyza-sentimentu tag-autor-juraj-bardy tag-big-data tag-lokalizacne-udaje-mobilnej-siete tag-rychly-odhad-hdp tag-socioekonomicka-statistika\" data-id=\"3790\">\r\n\t\t<div class=\"w-grid-item-h\">\r\n\t\t\t\t\t\t<h2 class=\"w-post-elm post_title usg_post_title_1 entry-title color_link_inherit\"><a href=\"https:\/\/ssad.statistics.sk\/SSaD\/index.php\/projekt-socioekonomicke-aspekty-big-data\/\">Projekt Socioekonomick\u00e9 aspekty Big Data<\/a><\/h2><time class=\"w-post-elm post_date usg_post_date_1 entry-date published\" datetime=\"2024-01-15T13:42:36+01:00\"><i class=\"far fa-clock\"><\/i>15. janu\u00e1ra 2024<\/time><div class=\"w-post-elm post_content usg_post_content_1\"><p>Juraj B\u00e1rdy, Alistiq, s. r. o., Slovensk\u00e1 republika<\/p>\n<p> <a href=\"https:\/\/ssad.statistics.sk\/SSaD\/index.php\/projekt-socioekonomicke-aspekty-big-data\/#more-3790\" class=\"more-link\"><span aria-label=\"\u010c\u00edta\u0165 \u010falej Projekt Socioekonomick\u00e9 aspekty Big Data\">(viac&hellip;)<\/span><\/a><\/p>\n<\/div>\t\t<\/div>\r\n\t<\/article>\r\n\t<article class=\"w-grid-item size_1x1 post-3786 post type-post status-publish format-standard hentry category-1-2024-informativne-clanky-nazory-recenzie-rozhovory-informacie tag-autor-peter-duris tag-experimentalna-statistika tag-gsbpm tag-scenare-pouzitia-big-data tag-spracovanie-big-data tag-velke-udaje tag-ziskavanie-big-data tag-zivotny-cyklus-analytickeho-modelu\" data-id=\"3786\">\r\n\t\t<div class=\"w-grid-item-h\">\r\n\t\t\t\t\t\t<h2 class=\"w-post-elm post_title usg_post_title_1 entry-title color_link_inherit\"><a href=\"https:\/\/ssad.statistics.sk\/SSaD\/index.php\/metodicky-ramec-na-podporu-pouzivania-big-data-v-statistike\/\">Metodick\u00fd r\u00e1mec na podporu pou\u017e\u00edvania Big Data v \u0161tatistike<\/a><\/h2><time class=\"w-post-elm post_date usg_post_date_1 entry-date published\" datetime=\"2024-01-15T13:25:26+01:00\"><i class=\"far fa-clock\"><\/i>15. janu\u00e1ra 2024<\/time><div class=\"w-post-elm post_content usg_post_content_1\"><p>Peter \u010euri\u0161, Go SMART s. r. o., Slovensk\u00e1 republika<\/p>\n<p> <a href=\"https:\/\/ssad.statistics.sk\/SSaD\/index.php\/metodicky-ramec-na-podporu-pouzivania-big-data-v-statistike\/#more-3786\" class=\"more-link\"><span aria-label=\"\u010c\u00edta\u0165 \u010falej Metodick\u00fd r\u00e1mec na podporu pou\u017e\u00edvania Big Data v \u0161tatistike\">(viac&hellip;)<\/span><\/a><\/p>\n<\/div>\t\t<\/div>\r\n\t<\/article>\r\n\t<article class=\"w-grid-item size_1x1 post-3783 post type-post status-publish format-standard hentry category-1-2024-informativne-clanky-nazory-recenzie-rozhovory-informacie tag-autor-dagmar-celuchova-bosanska tag-autor-juraj-bardy tag-big-data-v-statistike tag-nove-zdroje-udajov tag-strojove-ucenie tag-udaje-bez-zavislosti tag-udaje-zo-zavislostami\" data-id=\"3783\">\r\n\t\t<div class=\"w-grid-item-h\">\r\n\t\t\t\t\t\t<h2 class=\"w-post-elm post_title usg_post_title_1 entry-title color_link_inherit\"><a href=\"https:\/\/ssad.statistics.sk\/SSaD\/index.php\/pouzitie-big-data-v-statistike\/\">Pou\u017eitie Big Data v \u0161tatistike<\/a><\/h2><time class=\"w-post-elm post_date usg_post_date_1 entry-date published\" datetime=\"2024-01-15T13:18:46+01:00\"><i class=\"far fa-clock\"><\/i>15. janu\u00e1ra 2024<\/time><div class=\"w-post-elm post_content usg_post_content_1\"><p>Dagmar Ce\u013euchov\u00e1 Bo\u0161ansk\u00e1, Juraj B\u00e1rdy, Alistiq, s. r. o., Slovensk\u00e1 republika<\/p>\n<p> <a href=\"https:\/\/ssad.statistics.sk\/SSaD\/index.php\/pouzitie-big-data-v-statistike\/#more-3783\" class=\"more-link\"><span aria-label=\"\u010c\u00edta\u0165 \u010falej Pou\u017eitie Big Data v \u0161tatistike\">(viac&hellip;)<\/span><\/a><\/p>\n<\/div>\t\t<\/div>\r\n\t<\/article>\r\n\t<article class=\"w-grid-item size_1x1 post-3778 post type-post status-publish format-standard hentry category-1-2024-informativne-clanky-nazory-recenzie-rozhovory-informacie tag-autor-martin-sveda tag-lokalizacia tag-mobilna-siet tag-odhad-populacie\" data-id=\"3778\">\r\n\t\t<div class=\"w-grid-item-h\">\r\n\t\t\t\t\t\t<h2 class=\"w-post-elm post_title usg_post_title_1 entry-title color_link_inherit\"><a href=\"https:\/\/ssad.statistics.sk\/SSaD\/index.php\/mobilna-siet-ako-perspektivny-zdroj-informacii-o-priestorovom-rozmiestneni-a-mobilite-populacie\/\">Mobiln\u00e1 sie\u0165 ako perspekt\u00edvny zdroj inform\u00e1ci\u00ed o priestorovom rozmiestnen\u00ed a mobilite popul\u00e1cie<\/a><\/h2><time class=\"w-post-elm post_date usg_post_date_1 entry-date published\" datetime=\"2024-01-15T13:08:38+01:00\"><i class=\"far fa-clock\"><\/i>15. janu\u00e1ra 2024<\/time><div class=\"w-post-elm post_content usg_post_content_1\"><p>Martin \u0160veda, Pr\u00edrodovedeck\u00e1 fakulta Univerzity Komensk\u00e9ho, Geografick\u00fd \u00fastav SAV, v. v. i., Slovensk\u00e1 republika<\/p>\n<p> <a href=\"https:\/\/ssad.statistics.sk\/SSaD\/index.php\/mobilna-siet-ako-perspektivny-zdroj-informacii-o-priestorovom-rozmiestneni-a-mobilite-populacie\/#more-3778\" class=\"more-link\"><span aria-label=\"\u010c\u00edta\u0165 \u010falej Mobiln\u00e1 sie\u0165 ako perspekt\u00edvny zdroj inform\u00e1ci\u00ed o priestorovom rozmiestnen\u00ed a mobilite popul\u00e1cie\">(viac&hellip;)<\/span><\/a><\/p>\n<\/div>\t\t<\/div>\r\n\t<\/article>\r\n\t<article class=\"w-grid-item size_1x1 post-3773 post type-post status-publish format-standard hentry category-1-2024-informativne-clanky-nazory-recenzie-rozhovory-informacie tag-analyza-sentimentu tag-autor-dagmar-celuchova-bosanska tag-autor-filip-nguyen tag-autor-martin-janik tag-hlbkova-analyza-dat tag-socialne-napatie tag-socialne-siete tag-strojove-ucenie\" data-id=\"3773\">\r\n\t\t<div class=\"w-grid-item-h\">\r\n\t\t\t\t\t\t<h2 class=\"w-post-elm post_title usg_post_title_1 entry-title color_link_inherit\"><a href=\"https:\/\/ssad.statistics.sk\/SSaD\/index.php\/pokus-o-monitorovanie-socialneho-napatia-z-prispevkov-na-socialnej-sieti-facebook\/\">Pokus o monitorovanie soci\u00e1lneho nap\u00e4tia z pr\u00edspevkov na soci\u00e1lnej sieti Facebook<\/a><\/h2><time class=\"w-post-elm post_date usg_post_date_1 entry-date published\" datetime=\"2024-01-15T12:58:24+01:00\"><i class=\"far fa-clock\"><\/i>15. janu\u00e1ra 2024<\/time><div class=\"w-post-elm post_content usg_post_content_1\"><p>Dagmar Ce\u013euchov\u00e1 Bo\u0161ansk\u00e1, Martin Jan\u00edk, Filip Nguyen, Alistiq, s. r. o., Slovensk\u00e1 republika<\/p>\n<p> <a href=\"https:\/\/ssad.statistics.sk\/SSaD\/index.php\/pokus-o-monitorovanie-socialneho-napatia-z-prispevkov-na-socialnej-sieti-facebook\/#more-3773\" class=\"more-link\"><span aria-label=\"\u010c\u00edta\u0165 \u010falej Pokus o monitorovanie soci\u00e1lneho nap\u00e4tia z pr\u00edspevkov na soci\u00e1lnej sieti Facebook\">(viac&hellip;)<\/span><\/a><\/p>\n<\/div>\t\t<\/div>\r\n\t<\/article>\r\n\t<article class=\"w-grid-item size_1x1 post-3770 post type-post status-publish format-standard hentry category-1-2024-informativne-clanky-nazory-recenzie-rozhovory-informacie tag-autor-martin-kocis tag-autor-peter-petko\" data-id=\"3770\">\r\n\t\t<div class=\"w-grid-item-h\">\r\n\t\t\t\t\t\t<h2 class=\"w-post-elm post_title usg_post_title_1 entry-title color_link_inherit\"><a href=\"https:\/\/ssad.statistics.sk\/SSaD\/index.php\/konferencia-a-predstavenie-prirucky-o-posilnovani-kapacity-udajov-pre-deti-v-pohybe\/\">Konferencia a predstavenie pr\u00edru\u010dky o posil\u0148ovan\u00ed kapacity \u00fadajov pre deti v pohybe<\/a><\/h2><time class=\"w-post-elm post_date usg_post_date_1 entry-date published\" datetime=\"2024-01-15T12:46:07+01:00\"><i class=\"far fa-clock\"><\/i>15. janu\u00e1ra 2024<\/time><div class=\"w-post-elm post_content usg_post_content_1\"><p>Peter Pe\u0165ko, Martin Ko\u010di\u0161, \u0160tatistick\u00fd \u00farad Slovenskej republiky, Slovensk\u00e1 republika<\/p>\n<p> <a href=\"https:\/\/ssad.statistics.sk\/SSaD\/index.php\/konferencia-a-predstavenie-prirucky-o-posilnovani-kapacity-udajov-pre-deti-v-pohybe\/#more-3770\" class=\"more-link\"><span aria-label=\"\u010c\u00edta\u0165 \u010falej Konferencia a predstavenie pr\u00edru\u010dky o posil\u0148ovan\u00ed kapacity \u00fadajov pre deti v pohybe\">(viac&hellip;)<\/span><\/a><\/p>\n<\/div>\t\t<\/div>\r\n\t<\/article>\r\n<\/div><div class=\"w-grid-preloader\"><div class=\"g-preloader type_1\">\r\n\t<div><\/div>\r\n<\/div>\r\n<\/div>\t<div class=\"w-grid-json hidden\" onclick='return {&quot;action&quot;:&quot;us_ajax_grid&quot;,&quot;ajax_url&quot;:&quot;https:\\\/\\\/ssad.statistics.sk\\\/SSaD\\\/wp-admin\\\/admin-ajax.php&quot;,&quot;infinite_scroll&quot;:0,&quot;max_num_pages&quot;:1,&quot;pagination&quot;:&quot;none&quot;,&quot;permalink_url&quot;:&quot;https:\\\/\\\/ssad.statistics.sk\\\/SSaD\\\/wp-json\\\/wp\\\/v2\\\/pages\\\/3764&quot;,&quot;template_vars&quot;:{&quot;columns&quot;:&quot;1&quot;,&quot;exclude_items&quot;:&quot;none&quot;,&quot;img_size&quot;:&quot;default&quot;,&quot;ignore_items_size&quot;:0,&quot;items_layout&quot;:&quot;146&quot;,&quot;items_offset&quot;:&quot;1&quot;,&quot;load_animation&quot;:&quot;none&quot;,&quot;overriding_link&quot;:&quot;none&quot;,&quot;post_id&quot;:3794,&quot;query_args&quot;:{&quot;post_type&quot;:[&quot;post&quot;],&quot;tax_query&quot;:[{&quot;taxonomy&quot;:&quot;category&quot;,&quot;field&quot;:&quot;slug&quot;,&quot;terms&quot;:[&quot;1-2024-informativne-clanky-nazory-recenzie-rozhovory-informacie&quot;]}],&quot;post_status&quot;:[&quot;publish&quot;],&quot;posts_per_page&quot;:&quot;20&quot;},&quot;orderby_query_args&quot;:{&quot;orderby&quot;:{&quot;date&quot;:&quot;DESC&quot;}},&quot;type&quot;:&quot;grid&quot;,&quot;us_grid_ajax_index&quot;:1,&quot;us_grid_filter_params&quot;:null,&quot;us_grid_index&quot;:3,&quot;_us_grid_post_type&quot;:&quot;post&quot;}}'><\/div>\r\n\t<\/div>\n<\/div><\/div><\/div><\/div><\/div><\/div><\/div><\/section><section class=\"l-section wpb_row us_custom_c4a4bb17 height_auto\"><div class=\"l-section-h i-cf\"><div class=\"g-cols vc_row via_flex valign_top type_default stacking_default\"><div class=\"vc_col-sm-12 wpb_column vc_column_container\"><div class=\"vc_column-inner us_custom_5c07cc07\"><div class=\"wpb_wrapper\"><div class=\"wpb_text_column\"><div class=\"wpb_wrapper\"><h2>PRIPRAVUJEME<\/h2>\n<p>&nbsp;<\/p>\n<h2 class=\"soon1\">Vek \u017eien pri prvom p\u00f4rode na Slovensku<\/h2>\n<p>Boris Va\u0148o, INFOSTAT \u2013 V\u00fdskumn\u00e9 demografick\u00e9 centrum, Slovensk\u00e1 republika<\/p>\n<h2 class=\"soon1\">Statistick\u00e1 anal\u00fdza chyb\u011bj\u00edc\u00edch dat<\/h2>\n<p>Roman Pavelka, \u0160tatistick\u00fd \u00farad Slovenskej republiky, Slovensk\u00e1 republika<\/p>\n<\/div><\/div><\/div><\/div><\/div><\/div><\/div><\/section>\n","protected":false},"excerpt":{"rendered":"Peter Pe\u0165ko, Martin Ko\u010di\u0161, \u0160tatistick\u00fd \u00farad Slovenskej republiky, Slovensk\u00e1 republika Typ \u010dl\u00e1nku: inform\u00e1cia Strany: 111 - 113 \u010cl\u00e1nok na stiahnutie PDF (2,3 MB, 311 stiahnut\u00ed)","protected":false},"author":8,"featured_media":0,"parent":0,"menu_order":0,"comment_status":"closed","ping_status":"closed","template":"","meta":{"_exactmetrics_skip_tracking":false,"_exactmetrics_sitenote_active":false,"_exactmetrics_sitenote_note":"","_exactmetrics_sitenote_category":0,"footnotes":""},"class_list":["post-3764","page","type-page","status-publish","hentry"],"_links":{"self":[{"href":"https:\/\/ssad.statistics.sk\/SSaD\/index.php\/wp-json\/wp\/v2\/pages\/3764","targetHints":{"allow":["GET"]}}],"collection":[{"href":"https:\/\/ssad.statistics.sk\/SSaD\/index.php\/wp-json\/wp\/v2\/pages"}],"about":[{"href":"https:\/\/ssad.statistics.sk\/SSaD\/index.php\/wp-json\/wp\/v2\/types\/page"}],"author":[{"embeddable":true,"href":"https:\/\/ssad.statistics.sk\/SSaD\/index.php\/wp-json\/wp\/v2\/users\/8"}],"replies":[{"embeddable":true,"href":"https:\/\/ssad.statistics.sk\/SSaD\/index.php\/wp-json\/wp\/v2\/comments?post=3764"}],"version-history":[{"count":12,"href":"https:\/\/ssad.statistics.sk\/SSaD\/index.php\/wp-json\/wp\/v2\/pages\/3764\/revisions"}],"predecessor-version":[{"id":4119,"href":"https:\/\/ssad.statistics.sk\/SSaD\/index.php\/wp-json\/wp\/v2\/pages\/3764\/revisions\/4119"}],"wp:attachment":[{"href":"https:\/\/ssad.statistics.sk\/SSaD\/index.php\/wp-json\/wp\/v2\/media?parent=3764"}],"curies":[{"name":"wp","href":"https:\/\/api.w.org\/{rel}","templated":true}]}}