{"id":3543,"date":"2023-01-13T12:03:35","date_gmt":"2023-01-13T11:03:35","guid":{"rendered":"https:\/\/ssad.statistics.sk\/SSaD\/?page_id=3543"},"modified":"2024-10-15T11:45:28","modified_gmt":"2024-10-15T09:45:28","slug":"slovenska-statistika-a-demografia-1-2023-2","status":"publish","type":"page","link":"https:\/\/ssad.statistics.sk\/SSaD\/index.php\/slovenska-statistika-a-demografia-1-2023-2\/","title":{"rendered":"Slovensk\u00e1 \u0161tatistika a demografia 1\/2023"},"content":{"rendered":"<section class=\"l-section wpb_row us_custom_5f01f778 height_auto\"><div class=\"l-section-h i-cf\"><div class=\"g-cols vc_row via_flex valign_top type_default stacking_default\"><div class=\"vc_col-sm-12 wpb_column vc_column_container\"><div class=\"vc_column-inner\"><div class=\"wpb_wrapper\"><div class=\"wpb_text_column\"><div class=\"wpb_wrapper\"><h1><\/h1>\n<h1>Slovensk\u00e1 \u0161tatistika a demografia 1\/2023<\/h1>\n<\/div><\/div><\/div><\/div><\/div><\/div><\/div><\/section><section class=\"l-section wpb_row us_custom_18c73a72 height_auto\"><div class=\"l-section-h i-cf\"><div class=\"g-cols vc_row via_flex valign_top type_default stacking_default\"><div class=\"vc_col-sm-2 wpb_column vc_column_container\"><div class=\"vc_column-inner\"><div class=\"wpb_wrapper\"><div class=\"w-image style_outlined align_none\"><div class=\"w-image-h\"><img loading=\"lazy\" decoding=\"async\" width=\"141\" height=\"190\" src=\"https:\/\/ssad.statistics.sk\/SSaD\/wp-content\/uploads\/2023\/01\/SSaD_2023_140x190.png\" class=\"attachment-full size-full\" alt=\"\" \/><\/div><\/div><\/div><\/div><\/div><div class=\"vc_col-sm-6 wpb_column vc_column_container\"><div class=\"vc_column-inner\"><div class=\"wpb_wrapper\">[vc_raw_html]JTNDZGl2JTIwY2xhc3MlM0QlMjJkZXRhaWwlMjIlM0UlMjAlMEElMjAlMjAlMjAlMjAlM0NwJTNFUG8lQzQlOERldCUyMHN0ciVDMyVBMW4lM0ElMjA1NCUzQyUyRnAlM0UlMEElMjAlMjAlMjAlMjAlM0NwJTNFUGVyaW9kaWNpdGElM0ElMjA0LWtyJUMzJUExdCUyMHJvJUM0JThEbmUlM0MlMkZwJTNFJTIwJTIwJTIwJTBBJTIwJTIwJTIwJTIwJTNDcCUzRUlTU04lM0ElMjAxMzM5LTY4NTQlMjAlMjhvbmxpbmUlMjklM0MlMkZwJTNFJTBBJTIwJTIwJTIwJTIwJTNDcCUzRSUzQ3NwYW4lMjBzdHlsZSUzRCUyMnBhZGRpbmctbGVmdCUzQSUyMDQ3cHglM0IlMjIlM0UxMjEwLTEwOTUlMjAlMjh0bGElQzQlOERlbiVDMyVBOSUyMHZ5ZGFuaWUlMjklM0MlMkZzcGFuJTNFJTNDJTJGcCUzRSUwQSUzQyUyRmRpdiUzRQ==[\/vc_raw_html]<\/div><\/div><\/div><div class=\"vc_col-sm-4 wpb_column vc_column_container\"><div class=\"vc_column-inner\"><div class=\"wpb_wrapper\">[vc_raw_html el_class=&#8220;download-content&#8220;]JTNDZGl2JTNFJTIwJTIwJTIwJTIwJTBBJTIwJTIwJTIwJTIwJTNDcCUzRSUzQ3NwYW4lMjBzdHlsZSUzRCUyMmxpbmUtaGVpZ2h0JTNBJTIwMi4xZW0lM0IlMjBwYWRkaW5nLWxlZnQlM0ElMjAwcHglM0IlMjBjb2xvciUzQSUyMCUyMzFlNGU5ZCUzQiUyMiUzRUtvbXBsZXRuJUMzJUE5JTIwJUM0JThEJUMzJUFEc2xvJTNDJTJGc3BhbiUzRSUzQ2JyJTNFJTIwJTVCZG93bmxvYWQlMjBpZCUzRCUyMjM0NiUyMiU1RCUyMHN0aWFobnV0JUMzJUFEJTI5JTNDJTJGc3BhbiUzRSUzQyUyRnAlM0UlMEElM0MlMkZkaXYlM0U=[\/vc_raw_html]<\/div><\/div><\/div><\/div><\/div><\/section><section class=\"l-section wpb_row us_custom_5c07cc07 height_auto\"><div class=\"l-section-h i-cf\"><div class=\"g-cols vc_row via_flex valign_top type_default stacking_default\"><div class=\"vc_col-sm-12 wpb_column vc_column_container\"><div class=\"vc_column-inner\"><div class=\"wpb_wrapper\"><div class=\"w-separator us_custom_fd420121 has_text_color size_medium with_line width_default thick_1 style_dashed color_border align_center\"><div class=\"w-separator-h\"><\/div><\/div><\/div><\/div><\/div><\/div><\/div><\/section><section class=\"l-section wpb_row us_custom_85c8db04 height_auto\"><div class=\"l-section-h i-cf\"><div class=\"g-cols vc_row via_flex valign_top type_default stacking_default\"><div class=\"vc_col-sm-12 wpb_column vc_column_container\"><div class=\"vc_column-inner\"><div class=\"wpb_wrapper\"><div class=\"wpb_text_column\"><div class=\"wpb_wrapper\"><h2>VEDECK\u00c9 \u010cL\u00c1NKY<\/h2>\n<div class=\"w-grid us_custom_2b991ef7 type_grid layout_146\" id=\"us_grid_1\" data-filterable=\"true\"><style>#us_grid_1 .w-grid-item:not(:last-child){margin-bottom:2.5rem}#us_grid_1 .g-loadmore{margin-top:2.5rem}.layout_146 .w-grid-item-h{}.layout_146 .usg_post_title_1{font-family:var(--font-body)!important;font-size:21px!important}.layout_146 .usg_post_date_1{font-family:var(--font-body)!important;font-size:0.9rem!important}.layout_146 .usg_post_content_1{margin-top:0.5rem!important;font-family:var(--font-body)!important}@media (max-width:600px){.layout_146 .usg_post_title_1{font-size:18px!important}}<\/style><div class=\"w-grid-list\">\t<article class=\"w-grid-item size_1x1 post-3532 post type-post status-publish format-standard hentry category-1-2023-vedecke-clanky tag-autor-milan-terek tag-chyby-pri-vyuzivani-vztahov-na-vypocet-potrebneho-rozsahu-vyberu tag-najvacsia-chyba-odhadu tag-relativna-presnost tag-rozsah-vyberu\" data-id=\"3532\">\r\n\t\t<div class=\"w-grid-item-h\">\r\n\t\t\t\t\t\t<h2 class=\"w-post-elm post_title usg_post_title_1 entry-title color_link_inherit\"><a href=\"https:\/\/ssad.statistics.sk\/SSaD\/index.php\/metodologia-urcovania-rozsahu-vyberoveho-suboru\/\">Metodol\u00f3gia ur\u010dovania rozsahu v\u00fdberov\u00e9ho s\u00faboru<\/a><\/h2><time class=\"w-post-elm post_date usg_post_date_1 entry-date published\" datetime=\"2023-01-15T11:38:31+01:00\"><i class=\"far fa-clock\"><\/i>15. janu\u00e1ra 2023<\/time><div class=\"w-post-elm post_content usg_post_content_1\"><p>Milan Terek, Vysok\u00e1 \u0161kola mana\u017ementu, Slovensk\u00e1 republika<\/p>\n<p> <a href=\"https:\/\/ssad.statistics.sk\/SSaD\/index.php\/metodologia-urcovania-rozsahu-vyberoveho-suboru\/#more-3532\" class=\"more-link\"><span aria-label=\"\u010c\u00edta\u0165 \u010falej Metodol\u00f3gia ur\u010dovania rozsahu v\u00fdberov\u00e9ho s\u00faboru\">(viac&hellip;)<\/span><\/a><\/p>\n<\/div>\t\t<\/div>\r\n\t<\/article>\r\n\t<article class=\"w-grid-item size_1x1 post-3529 post type-post status-publish format-standard hentry category-1-2023-vedecke-clanky tag-autor-branislav-sprocha tag-generacna-plodnost tag-konecna-plodnost tag-plodnost tag-slovensko tag-sodb-2021 tag-struktura-podla-parity\" data-id=\"3529\">\r\n\t\t<div class=\"w-grid-item-h\">\r\n\t\t\t\t\t\t<h2 class=\"w-post-elm post_title usg_post_title_1 entry-title color_link_inherit\"><a href=\"https:\/\/ssad.statistics.sk\/SSaD\/index.php\/plodnost-zien-na-slovensku-vo-vysledkoch-scitania-obyvatelov-domov-a-bytov-2021\/\">Plodnos\u0165 \u017eien na Slovensku vo v\u00fdsledkoch S\u010d\u00edtania obyvate\u013eov, domov a bytov 2021<\/a><\/h2><time class=\"w-post-elm post_date usg_post_date_1 entry-date published\" datetime=\"2023-01-15T11:25:07+01:00\"><i class=\"far fa-clock\"><\/i>15. janu\u00e1ra 2023<\/time><div class=\"w-post-elm post_content usg_post_content_1\"><p>Branislav \u0160procha, INFOSTAT \u2013 V\u00fdskumn\u00e9 demografick\u00e9 centrum, Centrum spolo\u010densk\u00fdch a psychologick\u00fdch vied Slovenskej akad\u00e9mie vied, Slovensk\u00e1 republika<\/p>\n<p> <a href=\"https:\/\/ssad.statistics.sk\/SSaD\/index.php\/plodnost-zien-na-slovensku-vo-vysledkoch-scitania-obyvatelov-domov-a-bytov-2021\/#more-3529\" class=\"more-link\"><span aria-label=\"\u010c\u00edta\u0165 \u010falej Plodnos\u0165 \u017eien na Slovensku vo v\u00fdsledkoch S\u010d\u00edtania obyvate\u013eov, domov a bytov 2021\">(viac&hellip;)<\/span><\/a><\/p>\n<\/div>\t\t<\/div>\r\n\t<\/article>\r\n\t<article class=\"w-grid-item size_1x1 post-3525 post type-post status-publish format-standard hentry category-1-2023-vedecke-clanky tag-autor-helena-glaser-opitzova tag-autor-peter-knizat tag-index-spotrebitelskych-cien tag-jevonsov-index tag-multilateralne-indexy tag-webscrapovane-udaje\" data-id=\"3525\">\r\n\t\t<div class=\"w-grid-item-h\">\r\n\t\t\t\t\t\t<h2 class=\"w-post-elm post_title usg_post_title_1 entry-title color_link_inherit\"><a href=\"https:\/\/ssad.statistics.sk\/SSaD\/index.php\/index-spotrebitelskych-cien-z-webscrapovanych-udajov-analyza-vybranej-produktovej-skupiny\/\">Index spotrebite\u013esk\u00fdch cien z webscrapovan\u00fdch \u00fadajov: anal\u00fdza vybranej produktovej skupiny<\/a><\/h2><time class=\"w-post-elm post_date usg_post_date_1 entry-date published\" datetime=\"2023-01-15T11:08:32+01:00\"><i class=\"far fa-clock\"><\/i>15. janu\u00e1ra 2023<\/time><div class=\"w-post-elm post_content usg_post_content_1\"><p>Peter Kn\u00ed\u017eat, Helena Glaser-Opitzov\u00e1, \u0160tatistick\u00fd \u00farad Slovenskej republiky, Ekonomick\u00e1 univerzita v Bratislave, Slovensk\u00e1 republika<\/p>\n<p> <a href=\"https:\/\/ssad.statistics.sk\/SSaD\/index.php\/index-spotrebitelskych-cien-z-webscrapovanych-udajov-analyza-vybranej-produktovej-skupiny\/#more-3525\" class=\"more-link\"><span aria-label=\"\u010c\u00edta\u0165 \u010falej Index spotrebite\u013esk\u00fdch cien z webscrapovan\u00fdch \u00fadajov: anal\u00fdza vybranej produktovej skupiny\">(viac&hellip;)<\/span><\/a><\/p>\n<\/div>\t\t<\/div>\r\n\t<\/article>\r\n<\/div><div class=\"w-grid-preloader\"><div class=\"g-preloader type_1\">\r\n\t<div><\/div>\r\n<\/div>\r\n<\/div>\t<div class=\"w-grid-json hidden\" onclick='return {&quot;action&quot;:&quot;us_ajax_grid&quot;,&quot;ajax_url&quot;:&quot;https:\\\/\\\/ssad.statistics.sk\\\/SSaD\\\/wp-admin\\\/admin-ajax.php&quot;,&quot;infinite_scroll&quot;:0,&quot;max_num_pages&quot;:1,&quot;pagination&quot;:&quot;none&quot;,&quot;permalink_url&quot;:&quot;https:\\\/\\\/ssad.statistics.sk\\\/SSaD\\\/wp-json\\\/wp\\\/v2\\\/pages\\\/3543&quot;,&quot;template_vars&quot;:{&quot;columns&quot;:&quot;1&quot;,&quot;exclude_items&quot;:&quot;none&quot;,&quot;img_size&quot;:&quot;default&quot;,&quot;ignore_items_size&quot;:0,&quot;items_layout&quot;:&quot;146&quot;,&quot;items_offset&quot;:&quot;1&quot;,&quot;load_animation&quot;:&quot;none&quot;,&quot;overriding_link&quot;:&quot;none&quot;,&quot;post_id&quot;:3543,&quot;query_args&quot;:{&quot;post_type&quot;:[&quot;post&quot;],&quot;tax_query&quot;:[{&quot;taxonomy&quot;:&quot;category&quot;,&quot;field&quot;:&quot;slug&quot;,&quot;terms&quot;:[&quot;1-2023-vedecke-clanky&quot;]}],&quot;post_status&quot;:[&quot;publish&quot;],&quot;posts_per_page&quot;:&quot;20&quot;},&quot;orderby_query_args&quot;:{&quot;orderby&quot;:{&quot;date&quot;:&quot;DESC&quot;}},&quot;type&quot;:&quot;grid&quot;,&quot;us_grid_ajax_index&quot;:1,&quot;us_grid_filter_params&quot;:null,&quot;us_grid_index&quot;:1,&quot;_us_grid_post_type&quot;:&quot;post&quot;}}'><\/div>\r\n\t<\/div>\n<\/div><\/div><\/div><\/div><\/div><\/div><\/div><\/section><section class=\"l-section wpb_row us_custom_c4a4bb17 content-information height_auto\"><div class=\"l-section-h i-cf\"><div class=\"g-cols vc_row via_flex valign_top type_default stacking_default\"><div class=\"vc_col-sm-12 wpb_column vc_column_container\"><div class=\"vc_column-inner\"><div class=\"wpb_wrapper\"><div class=\"wpb_text_column\"><div class=\"wpb_wrapper\"><h2>INFORMAT\u00cdVNE \u010cL\u00c1NKY, N\u00c1ZORY, RECENZIE, ROZHOVORY, INFORM\u00c1CIE<\/h2>\n<div class=\"w-grid us_custom_2b991ef7 type_grid layout_146\" id=\"us_grid_2\"><style>#us_grid_2 .w-grid-item:not(:last-child){margin-bottom:2.5rem}#us_grid_2 .g-loadmore{margin-top:2.5rem}<\/style><div class=\"w-grid-list\">\t<article class=\"w-grid-item size_1x1 post-3517 post type-post status-publish format-standard hentry category-1-2023-informativne-clanky-nazory-recenzie-rozhovory-informacie tag-autor-ludmila-ivancikova\" data-id=\"3517\">\r\n\t\t<div class=\"w-grid-item-h\">\r\n\t\t\t\t\t\t<h2 class=\"w-post-elm post_title usg_post_title_1 entry-title color_link_inherit\"><a href=\"https:\/\/ssad.statistics.sk\/SSaD\/index.php\/management-of-innovation-in-the-european-statistical-system-from-experimentation-to-production-dgins-conference\/\">Mana\u017ement inov\u00e1ci\u00ed v eur\u00f3pskom \u0161tatistickom syst\u00e9me: od experimentovania k produkcii (konferencia DGINS)<\/a><\/h2><time class=\"w-post-elm post_date usg_post_date_1 entry-date published\" datetime=\"2023-01-15T10:46:27+01:00\"><i class=\"far fa-clock\"><\/i>15. janu\u00e1ra 2023<\/time><div class=\"w-post-elm post_content usg_post_content_1\"><p>\u013dudmila Ivan\u010d\u00edkov\u00e1, \u0160tatistick\u00fd \u00farad Slovenskej republiky, Slovensk\u00e1 republika<\/p>\n<p> <a href=\"https:\/\/ssad.statistics.sk\/SSaD\/index.php\/management-of-innovation-in-the-european-statistical-system-from-experimentation-to-production-dgins-conference\/#more-3517\" class=\"more-link\"><span aria-label=\"\u010c\u00edta\u0165 \u010falej Mana\u017ement inov\u00e1ci\u00ed v eur\u00f3pskom \u0161tatistickom syst\u00e9me: od experimentovania k produkcii (konferencia DGINS)\">(viac&hellip;)<\/span><\/a><\/p>\n<\/div>\t\t<\/div>\r\n\t<\/article>\r\n\t<article class=\"w-grid-item size_1x1 post-3513 post type-post status-publish format-standard hentry category-1-2023-informativne-clanky-nazory-recenzie-rozhovory-informacie tag-autor-maria-rybanska\" data-id=\"3513\">\r\n\t\t<div class=\"w-grid-item-h\">\r\n\t\t\t\t\t\t<h2 class=\"w-post-elm post_title usg_post_title_1 entry-title color_link_inherit\"><a href=\"https:\/\/ssad.statistics.sk\/SSaD\/index.php\/statistical-days-in-nitra-2022\/\">Nitrianske \u0161tatistick\u00e9 dni 2022<\/a><\/h2><time class=\"w-post-elm post_date usg_post_date_1 entry-date published\" datetime=\"2023-01-15T10:35:08+01:00\"><i class=\"far fa-clock\"><\/i>15. janu\u00e1ra 2023<\/time><div class=\"w-post-elm post_content usg_post_content_1\"><p>M\u00e1ria Rybansk\u00e1, \u0160tatistick\u00fd \u00farad Slovenskej republiky, Slovensk\u00e1 republika<br \/>\n <a href=\"https:\/\/ssad.statistics.sk\/SSaD\/index.php\/statistical-days-in-nitra-2022\/#more-3513\" class=\"more-link\"><span aria-label=\"\u010c\u00edta\u0165 \u010falej Nitrianske \u0161tatistick\u00e9 dni 2022\">(viac&hellip;)<\/span><\/a><\/p>\n<\/div>\t\t<\/div>\r\n\t<\/article>\r\n<\/div><div class=\"w-grid-preloader\"><div class=\"g-preloader type_1\">\r\n\t<div><\/div>\r\n<\/div>\r\n<\/div>\t<div class=\"w-grid-json hidden\" onclick='return {&quot;action&quot;:&quot;us_ajax_grid&quot;,&quot;ajax_url&quot;:&quot;https:\\\/\\\/ssad.statistics.sk\\\/SSaD\\\/wp-admin\\\/admin-ajax.php&quot;,&quot;infinite_scroll&quot;:0,&quot;max_num_pages&quot;:1,&quot;pagination&quot;:&quot;none&quot;,&quot;permalink_url&quot;:&quot;https:\\\/\\\/ssad.statistics.sk\\\/SSaD\\\/wp-json\\\/wp\\\/v2\\\/pages\\\/3543&quot;,&quot;template_vars&quot;:{&quot;columns&quot;:&quot;1&quot;,&quot;exclude_items&quot;:&quot;none&quot;,&quot;img_size&quot;:&quot;default&quot;,&quot;ignore_items_size&quot;:0,&quot;items_layout&quot;:&quot;146&quot;,&quot;items_offset&quot;:&quot;1&quot;,&quot;load_animation&quot;:&quot;none&quot;,&quot;overriding_link&quot;:&quot;none&quot;,&quot;post_id&quot;:3525,&quot;query_args&quot;:{&quot;post_type&quot;:[&quot;post&quot;],&quot;tax_query&quot;:[{&quot;taxonomy&quot;:&quot;category&quot;,&quot;field&quot;:&quot;slug&quot;,&quot;terms&quot;:[&quot;1-2023-informativne-clanky-nazory-recenzie-rozhovory-informacie&quot;]}],&quot;post_status&quot;:[&quot;publish&quot;],&quot;posts_per_page&quot;:&quot;20&quot;},&quot;orderby_query_args&quot;:{&quot;orderby&quot;:{&quot;date&quot;:&quot;DESC&quot;}},&quot;type&quot;:&quot;grid&quot;,&quot;us_grid_ajax_index&quot;:1,&quot;us_grid_filter_params&quot;:null,&quot;us_grid_index&quot;:2,&quot;_us_grid_post_type&quot;:&quot;post&quot;}}'><\/div>\r\n\t<\/div>\n<\/div><\/div><\/div><\/div><\/div><\/div><\/div><\/section><section class=\"l-section wpb_row us_custom_c4a4bb17 content-comingsoon height_auto\"><div class=\"l-section-h i-cf\"><div class=\"g-cols vc_row via_flex valign_top type_default stacking_default\"><div class=\"vc_col-sm-12 wpb_column vc_column_container\"><div class=\"vc_column-inner\"><div class=\"wpb_wrapper\"><div class=\"wpb_text_column\"><div class=\"wpb_wrapper\"><h2>PRIPRAVUJEME<\/h2>\n<p>&nbsp;<\/p>\n<h2 class=\"soon1\">\u010c\u00edslo 2\/2023 zameran\u00e9 na prezent\u00e1ciu v\u00fdsledkov S\u010d\u00edtania obyvate\u013eov, domov a bytov 2021.<\/h2>\n<\/div><\/div><\/div><\/div><\/div><\/div><\/div><\/section>\n","protected":false},"excerpt":{"rendered":"M\u00e1ria Rybansk\u00e1, \u0160tatistick\u00fd \u00farad Slovenskej republiky, Slovensk\u00e1 republika Typ \u010dl\u00e1nku: inform\u00e1cia Strany: 52 - 53 \u010cl\u00e1nok na stiahnutie PDF (2,2 MB, 347 stiahnut\u00ed)","protected":false},"author":8,"featured_media":0,"parent":0,"menu_order":0,"comment_status":"closed","ping_status":"closed","template":"","meta":{"_exactmetrics_skip_tracking":false,"_exactmetrics_sitenote_active":false,"_exactmetrics_sitenote_note":"","_exactmetrics_sitenote_category":0,"footnotes":""},"class_list":["post-3543","page","type-page","status-publish","hentry"],"_links":{"self":[{"href":"https:\/\/ssad.statistics.sk\/SSaD\/index.php\/wp-json\/wp\/v2\/pages\/3543","targetHints":{"allow":["GET"]}}],"collection":[{"href":"https:\/\/ssad.statistics.sk\/SSaD\/index.php\/wp-json\/wp\/v2\/pages"}],"about":[{"href":"https:\/\/ssad.statistics.sk\/SSaD\/index.php\/wp-json\/wp\/v2\/types\/page"}],"author":[{"embeddable":true,"href":"https:\/\/ssad.statistics.sk\/SSaD\/index.php\/wp-json\/wp\/v2\/users\/8"}],"replies":[{"embeddable":true,"href":"https:\/\/ssad.statistics.sk\/SSaD\/index.php\/wp-json\/wp\/v2\/comments?post=3543"}],"version-history":[{"count":7,"href":"https:\/\/ssad.statistics.sk\/SSaD\/index.php\/wp-json\/wp\/v2\/pages\/3543\/revisions"}],"predecessor-version":[{"id":4118,"href":"https:\/\/ssad.statistics.sk\/SSaD\/index.php\/wp-json\/wp\/v2\/pages\/3543\/revisions\/4118"}],"wp:attachment":[{"href":"https:\/\/ssad.statistics.sk\/SSaD\/index.php\/wp-json\/wp\/v2\/media?parent=3543"}],"curies":[{"name":"wp","href":"https:\/\/api.w.org\/{rel}","templated":true}]}}