{"id":3464,"date":"2022-10-14T07:47:12","date_gmt":"2022-10-14T05:47:12","guid":{"rendered":"https:\/\/ssad.statistics.sk\/SSaD\/index.php\/slovak-statistics-and-demography-4-2022\/"},"modified":"2024-10-15T14:09:22","modified_gmt":"2024-10-15T12:09:22","slug":"slovak-statistics-and-demography-4-2022","status":"publish","type":"page","link":"https:\/\/ssad.statistics.sk\/SSaD\/index.php\/slovak-statistics-and-demography-4-2022\/?lang=en","title":{"rendered":"Slovak Statistics and Demography 4\/2022"},"content":{"rendered":"<section class=\"l-section wpb_row us_custom_5f01f778 height_auto\"><div class=\"l-section-h i-cf\"><div class=\"g-cols vc_row via_flex valign_top type_default stacking_default\"><div class=\"vc_col-sm-12 wpb_column vc_column_container\"><div class=\"vc_column-inner\"><div class=\"wpb_wrapper\"><div class=\"wpb_text_column\"><div class=\"wpb_wrapper\"><h1><\/h1>\n<h1>Slovak Statistics and Demography 4\/2022<\/h1>\n<\/div><\/div><\/div><\/div><\/div><\/div><\/div><\/section><section class=\"l-section wpb_row us_custom_18c73a72 height_auto\"><div class=\"l-section-h i-cf\"><div class=\"g-cols vc_row via_flex valign_top type_default stacking_default\"><div class=\"vc_col-sm-2 wpb_column vc_column_container\"><div class=\"vc_column-inner\"><div class=\"wpb_wrapper\"><div class=\"w-image style_outlined align_none\"><div class=\"w-image-h\"><img loading=\"lazy\" decoding=\"async\" width=\"142\" height=\"190\" src=\"https:\/\/ssad.statistics.sk\/SSaD\/wp-content\/uploads\/2022\/10\/04_2022_142x190.png\" class=\"attachment-full size-full\" alt=\"\" \/><\/div><\/div><\/div><\/div><\/div><div class=\"vc_col-sm-6 wpb_column vc_column_container\"><div class=\"vc_column-inner\"><div class=\"wpb_wrapper\">[vc_raw_html]JTNDZGl2JTIwY2xhc3MlM0QlMjJkZXRhaWwlMjIlM0UlMjAlMEElMjAlMjAlMjAlMjAlM0NwJTNFTnVtYmVyJTIwb2YlMjBwYWdlcyUzQSUyMDQ0JTNDJTJGcCUzRSUwQSUyMCUyMCUyMCUyMCUzQ3AlM0VQZXJpb2RpY2l0eSUzQSUyMDQlMjB0aW1lcyUyMGElMjB5ZWFyJTNDJTJGcCUzRSUyMCUyMCUyMCUwQSUyMCUyMCUyMCUyMCUzQ3AlM0VJU1NOJTNBJTIwMTMzOS02ODU0JTIwJTI4b25saW5lJTI5JTNDJTJGcCUzRSUwQSUyMCUyMCUyMCUyMCUzQ3AlM0UlM0NzcGFuJTIwc3R5bGUlM0QlMjJwYWRkaW5nLWxlZnQlM0ElMjA0N3B4JTNCJTIyJTNFMTIxMC0xMDk1JTIwJTI4cHJpbnRlZCUyMHZlcnNpb24lMjklM0MlMkZzcGFuJTNFJTNDJTJGcCUzRSUwQSUzQyUyRmRpdiUzRQ==[\/vc_raw_html]<\/div><\/div><\/div><div class=\"vc_col-sm-4 wpb_column vc_column_container\"><div class=\"vc_column-inner\"><div class=\"wpb_wrapper\">[vc_raw_html el_class=&#8220;download-content&#8220;]JTNDZGl2JTNFJTIwJTIwJTIwJTIwJTBBJTIwJTIwJTIwJTIwJTNDcCUzRSUzQ3NwYW4lMjBzdHlsZSUzRCUyMmxpbmUtaGVpZ2h0JTNBJTIwMi4xZW0lM0IlMjBwYWRkaW5nLWxlZnQlM0ElMjAwcHglM0IlMjBjb2xvciUzQSUyMCUyMzFlNGU5ZCUzQiUyMiUzRUNvbXBsZXRlJTIwaXNzdWUlM0MlMkZzcGFuJTNFJTNDYnIlM0UlMjAlNUJkb3dubG9hZCUyMGlkJTNEJTIyMzM0JTIyJTVEJTIwZG93bmxvYWRzJTI5JTNDJTJGc3BhbiUzRSUzQyUyRnAlM0UlMEElM0MlMkZkaXYlM0U=[\/vc_raw_html]<\/div><\/div><\/div><\/div><\/div><\/section><section class=\"l-section wpb_row us_custom_5c07cc07 height_auto\"><div class=\"l-section-h i-cf\"><div class=\"g-cols vc_row via_flex valign_top type_default stacking_default\"><div class=\"vc_col-sm-12 wpb_column vc_column_container\"><div class=\"vc_column-inner\"><div class=\"wpb_wrapper\"><div class=\"w-separator us_custom_fd420121 has_text_color size_medium with_line width_default thick_1 style_dashed color_border align_center\"><div class=\"w-separator-h\"><\/div><\/div><\/div><\/div><\/div><\/div><\/div><\/section><section class=\"l-section wpb_row us_custom_85c8db04 height_auto\"><div class=\"l-section-h i-cf\"><div class=\"g-cols vc_row via_flex valign_top type_default stacking_default\"><div class=\"vc_col-sm-12 wpb_column vc_column_container\"><div class=\"vc_column-inner\"><div class=\"wpb_wrapper\"><div class=\"wpb_text_column\"><div class=\"wpb_wrapper\"><h2>SCIENTIFIC ARTICLES<\/h2>\n<div class=\"w-grid us_custom_2b991ef7 type_grid layout_146\" id=\"us_grid_1\" data-filterable=\"true\"><style>#us_grid_1 .w-grid-item:not(:last-child){margin-bottom:2.5rem}#us_grid_1 .g-loadmore{margin-top:2.5rem}.layout_146 .w-grid-item-h{}.layout_146 .usg_post_title_1{font-family:var(--font-body)!important;font-size:21px!important}.layout_146 .usg_post_date_1{font-family:var(--font-body)!important;font-size:0.9rem!important}.layout_146 .usg_post_content_1{margin-top:0.5rem!important;font-family:var(--font-body)!important}@media (max-width:600px){.layout_146 .usg_post_title_1{font-size:18px!important}}<\/style><div class=\"w-grid-list\">\t<article class=\"w-grid-item size_1x1 post-3460 post type-post status-publish format-standard hentry category-4-2022-vedecke-clanky tag-autor-jan-haluska tag-hruby-domaci-produkt tag-kvantitativne-a-kvalitativne-ukazovatele tag-modelovy-nastroj tag-nestacionarny-casovy-rad tag-rychly-odhad tag-stacionarny-casovy-rad\" data-id=\"3460\">\r\n\t\t<div class=\"w-grid-item-h\">\r\n\t\t\t\t\t\t<h2 class=\"w-post-elm post_title usg_post_title_1 entry-title color_link_inherit\"><a href=\"https:\/\/ssad.statistics.sk\/SSaD\/index.php\/rychle-odhady-hrubeho-domaceho-produktu-v-sr-metodologia-a-skusenosti-z-ich-zostavovania\/\">R\u00fdchle odhady hrub\u00e9ho dom\u00e1ceho produktu v SR (metodol\u00f3gia a sk\u00fasenosti z ich zostavovania)<\/a><\/h2><time class=\"w-post-elm post_date usg_post_date_1 entry-date published\" datetime=\"2022-10-14T07:38:15+02:00\"><i class=\"far fa-clock\"><\/i>14. okt\u00f3bra 2022<\/time><div class=\"w-post-elm post_content usg_post_content_1\"><p>J\u00e1n Halu\u0161ka, INFOSTAT \u2013 In\u0161tit\u00fat informatiky a \u0161tatistiky, Slovensk\u00e1 republika<\/p>\n<p> <a href=\"https:\/\/ssad.statistics.sk\/SSaD\/index.php\/rychle-odhady-hrubeho-domaceho-produktu-v-sr-metodologia-a-skusenosti-z-ich-zostavovania\/#more-3460\" class=\"more-link\"><span aria-label=\"\u010c\u00edta\u0165 \u010falej R\u00fdchle odhady hrub\u00e9ho dom\u00e1ceho produktu v SR (metodol\u00f3gia a sk\u00fasenosti z ich zostavovania)\">(viac&hellip;)<\/span><\/a><\/p>\n<\/div>\t\t<\/div>\r\n\t<\/article>\r\n\t<article class=\"w-grid-item size_1x1 post-3455 post type-post status-publish format-standard hentry category-4-2022-vedecke-clanky tag-autor-erik-soltes tag-autor-silvia-komara tag-demografia-podnikov tag-kontrastna-analyza tag-marginalne-stredne-hodnoty tag-podiel-zamestnanosti-v-zaniknutych-podnikoch tag-podiel-zamestnanosti-vo-vzniknutych-podnikoch tag-saldo-zamestnanosti\" data-id=\"3455\">\r\n\t\t<div class=\"w-grid-item-h\">\r\n\t\t\t\t\t\t<h2 class=\"w-post-elm post_title usg_post_title_1 entry-title color_link_inherit\"><a href=\"https:\/\/ssad.statistics.sk\/SSaD\/index.php\/analyza-disparit-salda-zamestnanosti-v-aktivnych-podnikoch-v-cleneni-podla-sk-nace-a-nuts3-v-rokoch-2008-az-2018\/\">Anal\u00fdza dispar\u00edt salda zamestnanosti v akt\u00edvnych podnikoch v \u010dlenen\u00ed pod\u013ea SK NACE a NUTS3 v rokoch 2008 a\u017e 2018<\/a><\/h2><time class=\"w-post-elm post_date usg_post_date_1 entry-date published\" datetime=\"2022-10-14T07:26:18+02:00\"><i class=\"far fa-clock\"><\/i>14. okt\u00f3bra 2022<\/time><div class=\"w-post-elm post_content usg_post_content_1\"><p>Silvia Komara, Erik \u0160olt\u00e9s, Fakulta hospod\u00e1rskej informatiky, Ekonomick\u00e1 univerzita v Bratislave, Slovensk\u00e1 republika<\/p>\n<p> <a href=\"https:\/\/ssad.statistics.sk\/SSaD\/index.php\/analyza-disparit-salda-zamestnanosti-v-aktivnych-podnikoch-v-cleneni-podla-sk-nace-a-nuts3-v-rokoch-2008-az-2018\/#more-3455\" class=\"more-link\"><span aria-label=\"\u010c\u00edta\u0165 \u010falej Anal\u00fdza dispar\u00edt salda zamestnanosti v akt\u00edvnych podnikoch v \u010dlenen\u00ed pod\u013ea SK NACE a NUTS3 v rokoch 2008 a\u017e 2018\">(viac&hellip;)<\/span><\/a><\/p>\n<\/div>\t\t<\/div>\r\n\t<\/article>\r\n<\/div><div class=\"w-grid-preloader\"><div class=\"g-preloader type_1\">\r\n\t<div><\/div>\r\n<\/div>\r\n<\/div>\t<div class=\"w-grid-json hidden\" onclick='return {&quot;action&quot;:&quot;us_ajax_grid&quot;,&quot;ajax_url&quot;:&quot;https:\\\/\\\/ssad.statistics.sk\\\/SSaD\\\/wp-admin\\\/admin-ajax.php&quot;,&quot;infinite_scroll&quot;:0,&quot;max_num_pages&quot;:1,&quot;pagination&quot;:&quot;none&quot;,&quot;permalink_url&quot;:&quot;https:\\\/\\\/ssad.statistics.sk\\\/SSaD\\\/wp-json\\\/wp\\\/v2\\\/pages\\\/3464&quot;,&quot;template_vars&quot;:{&quot;columns&quot;:&quot;1&quot;,&quot;exclude_items&quot;:&quot;none&quot;,&quot;img_size&quot;:&quot;default&quot;,&quot;ignore_items_size&quot;:0,&quot;items_layout&quot;:&quot;146&quot;,&quot;items_offset&quot;:&quot;1&quot;,&quot;load_animation&quot;:&quot;none&quot;,&quot;overriding_link&quot;:&quot;none&quot;,&quot;post_id&quot;:3464,&quot;query_args&quot;:{&quot;post_type&quot;:[&quot;post&quot;],&quot;tax_query&quot;:[{&quot;taxonomy&quot;:&quot;category&quot;,&quot;field&quot;:&quot;slug&quot;,&quot;terms&quot;:[&quot;4-2022-scientific-articles&quot;]}],&quot;post_status&quot;:[&quot;publish&quot;],&quot;posts_per_page&quot;:&quot;20&quot;},&quot;orderby_query_args&quot;:{&quot;orderby&quot;:{&quot;date&quot;:&quot;DESC&quot;}},&quot;type&quot;:&quot;grid&quot;,&quot;us_grid_ajax_index&quot;:1,&quot;us_grid_filter_params&quot;:null,&quot;us_grid_index&quot;:1,&quot;_us_grid_post_type&quot;:&quot;post&quot;}}'><\/div>\r\n\t<\/div>\n<\/div><\/div><\/div><\/div><\/div><\/div><\/div><\/section><section class=\"l-section wpb_row us_custom_c4a4bb17 content-information height_auto\"><div class=\"l-section-h i-cf\"><div class=\"g-cols vc_row via_flex valign_top type_default stacking_default\"><div class=\"vc_col-sm-12 wpb_column vc_column_container\"><div class=\"vc_column-inner\"><div class=\"wpb_wrapper\"><div class=\"wpb_text_column\"><div class=\"wpb_wrapper\"><h2>INFORMATIVE ARTICLES, OPINIONS, REVIEWS, INTERVIEWS, INFORMATION<\/h2>\n<div class=\"w-grid us_custom_2b991ef7 type_grid layout_146\" id=\"us_grid_2\"><style>#us_grid_2 .w-grid-item:not(:last-child){margin-bottom:2.5rem}#us_grid_2 .g-loadmore{margin-top:2.5rem}<\/style><div class=\"w-grid-list\">\t<article class=\"w-grid-item size_1x1 post-3450 post type-post status-publish format-standard hentry category-4-2022-informativne-clanky-nazory-recenzie-rozhovory-informacie tag-autor-ludmila-ivancikova tag-autor-peter-petko\" data-id=\"3450\">\r\n\t\t<div class=\"w-grid-item-h\">\r\n\t\t\t\t\t\t<h2 class=\"w-post-elm post_title usg_post_title_1 entry-title color_link_inherit\"><a href=\"https:\/\/ssad.statistics.sk\/SSaD\/index.php\/statisticky-urad-slovenskej-republiky-ma-noveho-predsedu\/\">\u0160tatistick\u00fd \u00farad Slovenskej republiky m\u00e1 nov\u00e9ho predsedu<\/a><\/h2><time class=\"w-post-elm post_date usg_post_date_1 entry-date published\" datetime=\"2022-10-14T07:11:31+02:00\"><i class=\"far fa-clock\"><\/i>14. okt\u00f3bra 2022<\/time><div class=\"w-post-elm post_content usg_post_content_1\"><p>Peter Pe\u0165ko, \u013dudmila Ivan\u010d\u00edkov\u00e1, \u0160tatistick\u00fd \u00farad Slovenskej republiky, Slovensk\u00e1 republika<\/p>\n<p> <a href=\"https:\/\/ssad.statistics.sk\/SSaD\/index.php\/statisticky-urad-slovenskej-republiky-ma-noveho-predsedu\/#more-3450\" class=\"more-link\"><span aria-label=\"\u010c\u00edta\u0165 \u010falej \u0160tatistick\u00fd \u00farad Slovenskej republiky m\u00e1 nov\u00e9ho predsedu\">(viac&hellip;)<\/span><\/a><\/p>\n<\/div>\t\t<\/div>\r\n\t<\/article>\r\n\t<article class=\"w-grid-item size_1x1 post-3447 post type-post status-publish format-standard hentry category-4-2022-informativne-clanky-nazory-recenzie-rozhovory-informacie tag-autor-mikulas-car\" data-id=\"3447\">\r\n\t\t<div class=\"w-grid-item-h\">\r\n\t\t\t\t\t\t<h2 class=\"w-post-elm post_title usg_post_title_1 entry-title color_link_inherit\"><a href=\"https:\/\/ssad.statistics.sk\/SSaD\/index.php\/aktualny-vyvoj-epidemickej-situacie-na-slovensku\/\">Aktu\u00e1lny v\u00fdvoj epidemickej situ\u00e1cie na Slovensku<\/a><\/h2><time class=\"w-post-elm post_date usg_post_date_1 entry-date published\" datetime=\"2022-10-14T07:05:39+02:00\"><i class=\"far fa-clock\"><\/i>14. okt\u00f3bra 2022<\/time><div class=\"w-post-elm post_content usg_post_content_1\"><p>Mikul\u00e1\u0161 C\u00e1r, Slovensk\u00e1 \u0161tatistick\u00e1 a demografick\u00e1 spolo\u010dnos\u0165, Slovensk\u00e1 republika<\/p>\n<p> <a href=\"https:\/\/ssad.statistics.sk\/SSaD\/index.php\/aktualny-vyvoj-epidemickej-situacie-na-slovensku\/#more-3447\" class=\"more-link\"><span aria-label=\"\u010c\u00edta\u0165 \u010falej Aktu\u00e1lny v\u00fdvoj epidemickej situ\u00e1cie na Slovensku\">(viac&hellip;)<\/span><\/a><\/p>\n<\/div>\t\t<\/div>\r\n\t<\/article>\r\n\t<article class=\"w-grid-item size_1x1 post-3444 post type-post status-publish format-standard hentry category-4-2022-informativne-clanky-nazory-recenzie-rozhovory-informacie tag-autor-silvia-hudecova\" data-id=\"3444\">\r\n\t\t<div class=\"w-grid-item-h\">\r\n\t\t\t\t\t\t<h2 class=\"w-post-elm post_title usg_post_title_1 entry-title color_link_inherit\"><a href=\"https:\/\/ssad.statistics.sk\/SSaD\/index.php\/21-slovenska-statisticka-konferencia\/\">21. slovensk\u00e1 \u0161tatistick\u00e1 konferencia<\/a><\/h2><time class=\"w-post-elm post_date usg_post_date_1 entry-date published\" datetime=\"2022-10-14T06:59:31+02:00\"><i class=\"far fa-clock\"><\/i>14. okt\u00f3bra 2022<\/time><div class=\"w-post-elm post_content usg_post_content_1\"><p>Silvia Hudecov\u00e1, \u0160tatistick\u00fd \u00farad Slovenskej republiky, Slovensk\u00e1 republika<\/p>\n<p> <a href=\"https:\/\/ssad.statistics.sk\/SSaD\/index.php\/21-slovenska-statisticka-konferencia\/#more-3444\" class=\"more-link\"><span aria-label=\"\u010c\u00edta\u0165 \u010falej 21. slovensk\u00e1 \u0161tatistick\u00e1 konferencia\">(viac&hellip;)<\/span><\/a><\/p>\n<\/div>\t\t<\/div>\r\n\t<\/article>\r\n\t<article class=\"w-grid-item size_1x1 post-3438 post type-post status-publish format-standard hentry category-4-2022-informativne-clanky-nazory-recenzie-rozhovory-informacie tag-autor-maria-vojtkova\" data-id=\"3438\">\r\n\t\t<div class=\"w-grid-item-h\">\r\n\t\t\t\t\t\t<h2 class=\"w-post-elm post_title usg_post_title_1 entry-title color_link_inherit\"><a href=\"https:\/\/ssad.statistics.sk\/SSaD\/index.php\/za-prof-ing-hedvigou-bakytovou-csc\/\">Za prof. Ing. Hedvigou Bakytovou, CSc.<\/a><\/h2><time class=\"w-post-elm post_date usg_post_date_1 entry-date published\" datetime=\"2022-10-14T06:38:14+02:00\"><i class=\"far fa-clock\"><\/i>14. okt\u00f3bra 2022<\/time><div class=\"w-post-elm post_content usg_post_content_1\"><p>M\u00e1ria Vojtkov\u00e1, Fakulta hospod\u00e1rskej informatiky, Ekonomick\u00e1 univerzita v Bratislave, Slovensk\u00e1 republika<\/p>\n<p> <a href=\"https:\/\/ssad.statistics.sk\/SSaD\/index.php\/za-prof-ing-hedvigou-bakytovou-csc\/#more-3438\" class=\"more-link\"><span aria-label=\"\u010c\u00edta\u0165 \u010falej Za prof. Ing. Hedvigou Bakytovou, CSc.\">(viac&hellip;)<\/span><\/a><\/p>\n<\/div>\t\t<\/div>\r\n\t<\/article>\r\n<\/div><div class=\"w-grid-preloader\"><div class=\"g-preloader type_1\">\r\n\t<div><\/div>\r\n<\/div>\r\n<\/div>\t<div class=\"w-grid-json hidden\" onclick='return {&quot;action&quot;:&quot;us_ajax_grid&quot;,&quot;ajax_url&quot;:&quot;https:\\\/\\\/ssad.statistics.sk\\\/SSaD\\\/wp-admin\\\/admin-ajax.php&quot;,&quot;infinite_scroll&quot;:0,&quot;max_num_pages&quot;:1,&quot;pagination&quot;:&quot;none&quot;,&quot;permalink_url&quot;:&quot;https:\\\/\\\/ssad.statistics.sk\\\/SSaD\\\/wp-json\\\/wp\\\/v2\\\/pages\\\/3464&quot;,&quot;template_vars&quot;:{&quot;columns&quot;:&quot;1&quot;,&quot;exclude_items&quot;:&quot;none&quot;,&quot;img_size&quot;:&quot;default&quot;,&quot;ignore_items_size&quot;:0,&quot;items_layout&quot;:&quot;146&quot;,&quot;items_offset&quot;:&quot;1&quot;,&quot;load_animation&quot;:&quot;none&quot;,&quot;overriding_link&quot;:&quot;none&quot;,&quot;post_id&quot;:3455,&quot;query_args&quot;:{&quot;post_type&quot;:[&quot;post&quot;],&quot;tax_query&quot;:[{&quot;taxonomy&quot;:&quot;category&quot;,&quot;field&quot;:&quot;slug&quot;,&quot;terms&quot;:[&quot;4-2022-informative-articles-opinions-reviews-interviews-information&quot;]}],&quot;post_status&quot;:[&quot;publish&quot;],&quot;posts_per_page&quot;:&quot;20&quot;},&quot;orderby_query_args&quot;:{&quot;orderby&quot;:{&quot;date&quot;:&quot;DESC&quot;}},&quot;type&quot;:&quot;grid&quot;,&quot;us_grid_ajax_index&quot;:1,&quot;us_grid_filter_params&quot;:null,&quot;us_grid_index&quot;:2,&quot;_us_grid_post_type&quot;:&quot;post&quot;}}'><\/div>\r\n\t<\/div>\n<\/div><\/div><\/div><\/div><\/div><\/div><\/div><\/section><section class=\"l-section wpb_row us_custom_c4a4bb17 content-comingsoon height_auto\"><div class=\"l-section-h i-cf\"><div class=\"g-cols vc_row via_flex valign_top type_default stacking_default\"><div class=\"vc_col-sm-12 wpb_column vc_column_container\"><div class=\"vc_column-inner\"><div class=\"wpb_wrapper\"><div class=\"wpb_text_column\"><div class=\"wpb_wrapper\"><h2>COMING SOON<\/h2>\n<p>&nbsp;<\/p>\n<h2 class=\"soon1\">Poverty and social exclusion in Slovakia<\/h2>\n<p>R\u00f3bert Vla\u010duha, Statistical Office of the Slovak Republic, Slovak Republic<br \/>\nSilvia Gregorcov\u00e1, Ministry of Labour, Social affairs and Family of the Slovak Republic, Slovak Republic<\/p>\n<h2 class=\"soon\">Sample size determination methodology<\/h2>\n<p>Milan Terek, The School of Management, Slovak Republic<\/p>\n<\/div><\/div><\/div><\/div><\/div><\/div><\/div><\/section>\n","protected":false},"excerpt":{"rendered":"M\u00e1ria Vojtkov\u00e1, Fakulta hospod\u00e1rskej informatiky, Ekonomick\u00e1 univerzita v Bratislave, Slovensk\u00e1 republika Typ \u010dl\u00e1nku: nekrol\u00f3g Strany: 42 - 43 \u010cl\u00e1nok na stiahnutie PDF (1,1 MB, 337 stiahnut\u00ed)","protected":false},"author":8,"featured_media":0,"parent":0,"menu_order":0,"comment_status":"closed","ping_status":"closed","template":"","meta":{"_exactmetrics_skip_tracking":false,"_exactmetrics_sitenote_active":false,"_exactmetrics_sitenote_note":"","_exactmetrics_sitenote_category":0,"footnotes":""},"class_list":["post-3464","page","type-page","status-publish","hentry"],"_links":{"self":[{"href":"https:\/\/ssad.statistics.sk\/SSaD\/index.php\/wp-json\/wp\/v2\/pages\/3464","targetHints":{"allow":["GET"]}}],"collection":[{"href":"https:\/\/ssad.statistics.sk\/SSaD\/index.php\/wp-json\/wp\/v2\/pages"}],"about":[{"href":"https:\/\/ssad.statistics.sk\/SSaD\/index.php\/wp-json\/wp\/v2\/types\/page"}],"author":[{"embeddable":true,"href":"https:\/\/ssad.statistics.sk\/SSaD\/index.php\/wp-json\/wp\/v2\/users\/8"}],"replies":[{"embeddable":true,"href":"https:\/\/ssad.statistics.sk\/SSaD\/index.php\/wp-json\/wp\/v2\/comments?post=3464"}],"version-history":[{"count":6,"href":"https:\/\/ssad.statistics.sk\/SSaD\/index.php\/wp-json\/wp\/v2\/pages\/3464\/revisions"}],"predecessor-version":[{"id":4221,"href":"https:\/\/ssad.statistics.sk\/SSaD\/index.php\/wp-json\/wp\/v2\/pages\/3464\/revisions\/4221"}],"wp:attachment":[{"href":"https:\/\/ssad.statistics.sk\/SSaD\/index.php\/wp-json\/wp\/v2\/media?parent=3464"}],"curies":[{"name":"wp","href":"https:\/\/api.w.org\/{rel}","templated":true}]}}