{"id":340,"date":"2019-02-07T07:56:28","date_gmt":"2019-02-07T06:56:28","guid":{"rendered":"https:\/\/ssad.statistics.sk\/SSaD\/index.php\/pre-autorov-publikacna-etika-copy\/"},"modified":"2024-10-15T14:28:34","modified_gmt":"2024-10-15T12:28:34","slug":"zodpovednost-redakcnej-rady","status":"publish","type":"page","link":"https:\/\/ssad.statistics.sk\/SSaD\/index.php\/zodpovednost-redakcnej-rady\/","title":{"rendered":"Zodpovednos\u0165 redak\u010dnej rady"},"content":{"rendered":"<section class=\"l-section wpb_row padding-top-pages height_auto\"><div class=\"l-section-h i-cf\"><div class=\"g-cols vc_row via_flex valign_top type_default stacking_default\"><div class=\"vc_col-sm-12 wpb_column vc_column_container\"><div class=\"vc_column-inner\"><div class=\"wpb_wrapper\"><div class=\"wpb_text_column\"><div class=\"wpb_wrapper\"><h2 class=\"page\">ZODPOVEDNOS\u0164 REDAK\u010cNEJ RADY<\/h2>\n<ul class=\"ethics\">\n<li>Redak\u010dn\u00e1 rada garantuje z\u00e1v\u00e4znos\u0165 z\u00e1sad publika\u010dnej etiky a ich dodr\u017eiavanie v\u0161etk\u00fdmi subjektmi podie\u013eaj\u00facimi sa na tvorbe \u010dasopisu.<\/li>\n<li>Redak\u010dn\u00e1 rada udr\u017eiava vedeck\u00fa \u00farove\u0148 \u010dasopisu. Upozor\u0148uje autorov na nedostatky alebo pr\u00edpadn\u00e9 odborn\u00e9 pochybenia a vyd\u00e1va s\u00fahlas na publikovanie n\u00e1vrhov \u010dl\u00e1nkov.<\/li>\n<li>Redak\u010dn\u00e1 rada schva\u013euje obsah jednotliv\u00fdch \u010d\u00edsel \u010dasopisu. Pr\u00e1vom redak\u010dnej rady je nezaradi\u0165 n\u00e1vrh vedeck\u00e9ho \u010dl\u00e1nku ihne\u010f po jeho schv\u00e1len\u00ed do najbli\u017e\u0161ieho \u010d\u00edsla \u010dasopisu.<\/li>\n<li>Redak\u010dn\u00e1 rada nem\u00f4\u017ee vyda\u0165 s\u00fahlas na publikovanie nerecenzovan\u00e9ho n\u00e1vrhu vedeck\u00e9ho \u010dl\u00e1nku.<\/li>\n<li>Redak\u010dn\u00e1 rada presk\u00famava podozrenia z poru\u0161enia publika\u010dnej etiky. <strong>Z\u00e1va\u017en\u00e9 poru\u0161enia sa potrestaj\u00fa ukon\u010den\u00edm spolupr\u00e1ce s poru\u0161ite\u013eom na cel\u00e9 obdobie vyd\u00e1vania \u010dasopisu.<\/strong><\/li>\n<\/ul>\n<\/div><\/div><\/div><\/div><\/div><\/div><\/div><\/section>\n","protected":false},"excerpt":{"rendered":"ZODPOVEDNOS\u0164 REDAK\u010cNEJ RADY Redak\u010dn\u00e1 rada garantuje z\u00e1v\u00e4znos\u0165 z\u00e1sad publika\u010dnej etiky a ich dodr\u017eiavanie v\u0161etk\u00fdmi subjektmi podie\u013eaj\u00facimi sa na tvorbe \u010dasopisu. Redak\u010dn\u00e1 rada udr\u017eiava vedeck\u00fa \u00farove\u0148 \u010dasopisu. Upozor\u0148uje autorov na nedostatky alebo pr\u00edpadn\u00e9 odborn\u00e9 pochybenia a vyd\u00e1va s\u00fahlas na publikovanie n\u00e1vrhov \u010dl\u00e1nkov. Redak\u010dn\u00e1 rada schva\u013euje obsah jednotliv\u00fdch \u010d\u00edsel \u010dasopisu. Pr\u00e1vom redak\u010dnej rady je nezaradi\u0165 n\u00e1vrh vedeck\u00e9ho...","protected":false},"author":2,"featured_media":0,"parent":0,"menu_order":0,"comment_status":"closed","ping_status":"closed","template":"","meta":{"_exactmetrics_skip_tracking":false,"_exactmetrics_sitenote_active":false,"_exactmetrics_sitenote_note":"","_exactmetrics_sitenote_category":0,"footnotes":""},"class_list":["post-340","page","type-page","status-publish","hentry"],"_links":{"self":[{"href":"https:\/\/ssad.statistics.sk\/SSaD\/index.php\/wp-json\/wp\/v2\/pages\/340","targetHints":{"allow":["GET"]}}],"collection":[{"href":"https:\/\/ssad.statistics.sk\/SSaD\/index.php\/wp-json\/wp\/v2\/pages"}],"about":[{"href":"https:\/\/ssad.statistics.sk\/SSaD\/index.php\/wp-json\/wp\/v2\/types\/page"}],"author":[{"embeddable":true,"href":"https:\/\/ssad.statistics.sk\/SSaD\/index.php\/wp-json\/wp\/v2\/users\/2"}],"replies":[{"embeddable":true,"href":"https:\/\/ssad.statistics.sk\/SSaD\/index.php\/wp-json\/wp\/v2\/comments?post=340"}],"version-history":[{"count":8,"href":"https:\/\/ssad.statistics.sk\/SSaD\/index.php\/wp-json\/wp\/v2\/pages\/340\/revisions"}],"predecessor-version":[{"id":4231,"href":"https:\/\/ssad.statistics.sk\/SSaD\/index.php\/wp-json\/wp\/v2\/pages\/340\/revisions\/4231"}],"wp:attachment":[{"href":"https:\/\/ssad.statistics.sk\/SSaD\/index.php\/wp-json\/wp\/v2\/media?parent=340"}],"curies":[{"name":"wp","href":"https:\/\/api.w.org\/{rel}","templated":true}]}}