{"id":336,"date":"2019-02-07T07:50:54","date_gmt":"2019-02-07T06:50:54","guid":{"rendered":"https:\/\/ssad.statistics.sk\/SSaD\/index.php\/pre-autorov-publikacna-etika-copy\/"},"modified":"2024-10-15T14:27:59","modified_gmt":"2024-10-15T12:27:59","slug":"zodpovednost-vydavatela","status":"publish","type":"page","link":"https:\/\/ssad.statistics.sk\/SSaD\/index.php\/zodpovednost-vydavatela\/","title":{"rendered":"Zodpovednos\u0165 vydavate\u013ea"},"content":{"rendered":"<section class=\"l-section wpb_row padding-top-pages height_auto\"><div class=\"l-section-h i-cf\"><div class=\"g-cols vc_row via_flex valign_top type_default stacking_default\"><div class=\"vc_col-sm-12 wpb_column vc_column_container\"><div class=\"vc_column-inner\"><div class=\"wpb_wrapper\"><div class=\"wpb_text_column\"><div class=\"wpb_wrapper\"><h2 class=\"page\">ZODPOVEDNOS\u0164 VYDAVATE\u013dA<\/h2>\n<ul class=\"ethics\">\n<li>Vydavate\u013e poveruje vyd\u00e1van\u00edm \u010dasopisu redakciu. Redakciu \u010dasopisu zastupuje navonok v\u00fdkonn\u00fd redaktor.<\/li>\n<li>Redakcia potvrdzuje autorovi prijatie n\u00e1vrhu \u010dl\u00e1nku. M\u00e1 pr\u00e1vo odmietnu\u0165 n\u00e1vrh \u010dl\u00e1nku, ktor\u00fd nekore\u0161ponduje s odborn\u00fdm zameran\u00edm \u010dasopisu, nere\u0161pektuje jeho vedeck\u00fd charakter, alebo ak zist\u00ed, \u017ee zaslan\u00fd n\u00e1vrh \u010dl\u00e1nku je v rozpore s t\u00fdmito z\u00e1sadami publika\u010dnej etiky.<\/li>\n<li>V\u00fdkonn\u00fd redaktor predt\u00fdm ako za\u0161le n\u00e1vrhy vedeck\u00fdch \u010dl\u00e1nkov recenzentom skontroluje, \u010di sp\u013a\u0148aj\u00fa form\u00e1lne n\u00e1le\u017eitosti pod\u013ea pokynov pre autorov. N\u00e1vrhy \u010dl\u00e1nkov zrediguje a ak je to potrebn\u00e9, odpor\u00fa\u010da autorom doplnenie obsahu n\u00e1vrhu \u010dl\u00e1nku, \u0161tylistick\u00e9 a in\u00e9 \u00fapravy textu a grafick\u00fdch prvkov.<\/li>\n<li>V\u00fdsledn\u00fa jazykov\u00fa \u00fapravu \u010dl\u00e1nkov (kontrola textov v slovenskom, \u010deskom a anglickom jazyku) zabezpe\u010duje redakcia \u010dasopisu v\u00a0spolupr\u00e1ci s\u00a0jazykov\u00fdmi redaktorkami, v pr\u00edpade potreby v spolupr\u00e1ci s autormi \u010dl\u00e1nkov.<\/li>\n<li>V\u00fdkonn\u00fd redaktor v komunik\u00e1cii s autormi, recenzentmi a \u010dlenmi redak\u010dnej rady kladie d\u00f4raz na korektnos\u0165, objekt\u00edvnos\u0165 a nestrannos\u0165. Upozor\u0148uje redak\u010dn\u00fa radu na pr\u00edpadn\u00e9 podozrenia z konfliktov z\u00e1ujmov a ich mo\u017en\u00e9 d\u00f4sledky.<\/li>\n<li>Redakcia chr\u00e1ni d\u00f4vernos\u0165 osobn\u00fdch \u00fadajov, obsah recenzn\u00fdch posudkov a kore\u0161pondenciu s autormi a recenzentmi.<\/li>\n<li>Redakcia zverej\u0148uje na webe pokyny pre autorov \u010dl\u00e1nkov a v pr\u00edpade potreby ich so s\u00fahlasom redak\u010dnej rady aktualizuje.<\/li>\n<li>Po schv\u00e1len\u00ed redak\u010dnou radou redakcia zabezpe\u010duje zverejnenie a aktualiz\u00e1ciu z\u00e1sad publika\u010dnej etiky na webe. Na pravidl\u00e1 publika\u010dnej etiky neust\u00e1le upozor\u0148uje autorov i recenzentov.<\/li>\n<\/ul>\n<\/div><\/div><\/div><\/div><\/div><\/div><\/div><\/section>\n","protected":false},"excerpt":{"rendered":"ZODPOVEDNOS\u0164 VYDAVATE\u013dA Vydavate\u013e poveruje vyd\u00e1van\u00edm \u010dasopisu redakciu. Redakciu \u010dasopisu zastupuje navonok v\u00fdkonn\u00fd redaktor. Redakcia potvrdzuje autorovi prijatie n\u00e1vrhu \u010dl\u00e1nku. M\u00e1 pr\u00e1vo odmietnu\u0165 n\u00e1vrh \u010dl\u00e1nku, ktor\u00fd nekore\u0161ponduje s odborn\u00fdm zameran\u00edm \u010dasopisu, nere\u0161pektuje jeho vedeck\u00fd charakter, alebo ak zist\u00ed, \u017ee zaslan\u00fd n\u00e1vrh \u010dl\u00e1nku je v rozpore s t\u00fdmito z\u00e1sadami publika\u010dnej etiky. V\u00fdkonn\u00fd redaktor predt\u00fdm ako za\u0161le n\u00e1vrhy...","protected":false},"author":2,"featured_media":0,"parent":0,"menu_order":0,"comment_status":"closed","ping_status":"closed","template":"","meta":{"_exactmetrics_skip_tracking":false,"_exactmetrics_sitenote_active":false,"_exactmetrics_sitenote_note":"","_exactmetrics_sitenote_category":0,"footnotes":""},"class_list":["post-336","page","type-page","status-publish","hentry"],"_links":{"self":[{"href":"https:\/\/ssad.statistics.sk\/SSaD\/index.php\/wp-json\/wp\/v2\/pages\/336","targetHints":{"allow":["GET"]}}],"collection":[{"href":"https:\/\/ssad.statistics.sk\/SSaD\/index.php\/wp-json\/wp\/v2\/pages"}],"about":[{"href":"https:\/\/ssad.statistics.sk\/SSaD\/index.php\/wp-json\/wp\/v2\/types\/page"}],"author":[{"embeddable":true,"href":"https:\/\/ssad.statistics.sk\/SSaD\/index.php\/wp-json\/wp\/v2\/users\/2"}],"replies":[{"embeddable":true,"href":"https:\/\/ssad.statistics.sk\/SSaD\/index.php\/wp-json\/wp\/v2\/comments?post=336"}],"version-history":[{"count":11,"href":"https:\/\/ssad.statistics.sk\/SSaD\/index.php\/wp-json\/wp\/v2\/pages\/336\/revisions"}],"predecessor-version":[{"id":4230,"href":"https:\/\/ssad.statistics.sk\/SSaD\/index.php\/wp-json\/wp\/v2\/pages\/336\/revisions\/4230"}],"wp:attachment":[{"href":"https:\/\/ssad.statistics.sk\/SSaD\/index.php\/wp-json\/wp\/v2\/media?parent=336"}],"curies":[{"name":"wp","href":"https:\/\/api.w.org\/{rel}","templated":true}]}}