{"id":327,"date":"2019-02-06T14:56:46","date_gmt":"2019-02-06T13:56:46","guid":{"rendered":"https:\/\/ssad.statistics.sk\/SSaD\/?page_id=327"},"modified":"2024-10-15T14:26:24","modified_gmt":"2024-10-15T12:26:24","slug":"pre-autorov-publikacna-etika","status":"publish","type":"page","link":"https:\/\/ssad.statistics.sk\/SSaD\/index.php\/pre-autorov-publikacna-etika\/","title":{"rendered":"Publika\u010dn\u00e1 etika autorov"},"content":{"rendered":"<section class=\"l-section wpb_row padding-top-pages height_auto\"><div class=\"l-section-h i-cf\"><div class=\"g-cols vc_row via_flex valign_top type_default stacking_default\"><div class=\"vc_col-sm-12 wpb_column vc_column_container\"><div class=\"vc_column-inner\"><div class=\"wpb_wrapper\"><div class=\"wpb_text_column\"><div class=\"wpb_wrapper\"><h2 class=\"page\">PUBLIKA\u010cN\u00c1 ETIKA AUTOROV<\/h2>\n<ul class=\"ethics\">\n<li><strong>N\u00e1vrh vedeck\u00e9ho \u010dl\u00e1nku<\/strong> zaslan\u00fd redakcii \u010dasopisu Slovensk\u00e1 \u0161tatistika a demografia <strong>nesmie by\u0165 v recenznom konan\u00ed v inom \u010dasopise, ani uverejnen\u00fd v odborn\u00fdch a in\u00fdch periodik\u00e1ch. Aj predlo\u017een\u00e9 n\u00e1vrhy in\u00fdch \u010dl\u00e1nkov musia by\u0165 origin\u00e1lne (nikde nepublikovan\u00e9).<\/strong><\/li>\n<li>Ak autor predklad\u00e1 redakcii <strong>prepracovan\u00fd alebo doplnen\u00fd<\/strong> n\u00e1vrh vedeck\u00e9ho \u010dl\u00e1nku, v pozn\u00e1mke na konci textu uvedie rozsah prepracovania\/doplnenia a zverejn\u00ed inform\u00e1cie o tom, kedy a kde bol publikovan\u00fd p\u00f4vodn\u00fd \u010dl\u00e1nok.<\/li>\n<li>Autori zodpovedaj\u00fa za spr\u00e1vnos\u0165 a presnos\u0165 \u00fadajov, ktor\u00e9 s\u00fa obsahom n\u00e1vrhov vedeck\u00fdch a in\u00fdch \u010dl\u00e1nkov, vr\u00e1tane osobn\u00fdch \u00fadajov, ktor\u00e9 sa zverej\u0148uj\u00fa v s\u00falade s pokynmi pre autorov. Zodpovedaj\u00fa \u010falej za spr\u00e1vnos\u0165 a presnos\u0165 pou\u017eitej metodiky, interpret\u00e1cie z\u00e1verov \u010dl\u00e1nkov, ako aj za spr\u00e1vne a presn\u00e9 citovanie literat\u00fary a prame\u0148ov pou\u017eit\u00fdch v n\u00e1vrhoch vedeck\u00fdch \u010dl\u00e1nkov. <strong>Plagi\u00e1torstvo a vyu\u017e\u00edvanie ned\u00f4veryhodn\u00fdch zdrojov je neprijate\u013en\u00e9 a pova\u017euje sa za z\u00e1va\u017en\u00e9 poru\u0161enie publika\u010dnej etiky.<\/strong><\/li>\n<li>Ak m\u00e1 n\u00e1vrh \u010dl\u00e1nku viacer\u00fdch autorov, dohodn\u00fa sa medzi sebou na porad\u00ed, v akom sa uved\u00fa ich men\u00e1. Ako spoluautor nesmie by\u0165 uveden\u00e1 osoba, ktor\u00e1 sa v\u00fdznamn\u00fdm sp\u00f4sobom nepodie\u013eala na pr\u00edprave a vypracovan\u00ed n\u00e1vrhu vedeck\u00e9ho \u010dl\u00e1nku, resp. neuskuto\u010dnila vlastn\u00fd v\u00fdskum, ktor\u00e9ho poznatky s\u00fa obsahom predlo\u017een\u00e9ho n\u00e1vrhu vedeck\u00e9ho \u010dl\u00e1nku, ani osoba, ktor\u00e1 neods\u00fahlasila fin\u00e1lnu verziu n\u00e1vrhu \u010dl\u00e1nku, resp. nedala s\u00fahlas na publikovanie svojho mena v zozname spoluautorov.<\/li>\n<li>Autori s\u00fa povinn\u00ed zverejni\u0165 na konci n\u00e1vrhov vedeck\u00fdch \u010dl\u00e1nkov v\u0161etky verejn\u00e9 zdroje, z ktor\u00fdch sa financoval ich v\u00fdskum alebo publikovanie v\u00fdsledkov obsiahnut\u00fdch v n\u00e1vrhoch vedeck\u00fdch \u010dl\u00e1nkov, ako aj in\u00fa formu podpory.<\/li>\n<li>Autori s\u00fa povinn\u00ed akt\u00edvne spolupracova\u0165 s redakciou \u010dasopisu po\u010das recenzn\u00e9ho konania, odstr\u00e1ni\u0165 alebo opravi\u0165 chyby, na ktor\u00e9 ich upozornia recenzenti, a ihne\u010f ozn\u00e1mi\u0165 redakcii v\u0161etky z\u00e1va\u017en\u00e9 chyby a nepresnosti v \u010dl\u00e1nkoch aj v pr\u00edpade, ak ich dodato\u010dne zistia sami.<\/li>\n<li>Ak sa autori vedeck\u00fdch \u010dl\u00e1nkov nestoto\u017enia s n\u00e1vrhmi a odpor\u00fa\u010daniami recenzentov, maj\u00fa pr\u00e1vo prostredn\u00edctvom v\u00fdkonn\u00e9ho redaktora \u010dasopisu informova\u0165 o tom redak\u010dn\u00fa radu. V tak\u00fdchto pr\u00edpadoch redak\u010dn\u00e1 rada postupuje pod\u013ea osobitn\u00fdch pravidiel. V\u00fdsledn\u00e9 stanovisko redak\u010dnej rady je pre autorov n\u00e1vrhov \u010dl\u00e1nkov z\u00e1v\u00e4zn\u00e9.<\/li>\n<li>Autori maj\u00fa pr\u00e1vo vzia\u0165 sp\u00e4\u0165 n\u00e1vrhy vedeck\u00fdch \u010dl\u00e1nkov, ak sa nestoto\u017enia so stanoviskom redak\u010dnej rady. Redakcia je povinn\u00e1 rozhodnutie autorov re\u0161pektova\u0165.<\/li>\n<li><strong>Nie s\u00fa zaveden\u00e9 poplatky spojen\u00e9 so spracovan\u00edm a uverej\u0148ovan\u00edm pr\u00edspevkov. <\/strong>Od autorov sa nevy\u017eaduj\u00fa poplatky za podanie \u010dl\u00e1nku do redakcie. Od autorov sa nevy\u017eaduje, aby prispeli k n\u00e1kladom na spracovanie, form\u00e1tovanie alebo ukladanie publik\u00e1ci\u00ed.<\/li>\n<li>\u010casopis je archivovan\u00fd v Slovenskej n\u00e1rodnej kni\u017enici, v Univerzitnej kni\u017enici v Bratislave a v ostatn\u00fdch univerzitn\u00fdch a vysoko\u0161kolsk\u00fdch kni\u017eniciach v Slovenskej republike.<\/li>\n<\/ul>\n<\/div><\/div><\/div><\/div><\/div><\/div><\/div><\/section>\n","protected":false},"excerpt":{"rendered":"PUBLIKA\u010cN\u00c1 ETIKA AUTOROV N\u00e1vrh vedeck\u00e9ho \u010dl\u00e1nku zaslan\u00fd redakcii \u010dasopisu Slovensk\u00e1 \u0161tatistika a demografia nesmie by\u0165 v recenznom konan\u00ed v inom \u010dasopise, ani uverejnen\u00fd v odborn\u00fdch a in\u00fdch periodik\u00e1ch. Aj predlo\u017een\u00e9 n\u00e1vrhy in\u00fdch \u010dl\u00e1nkov musia by\u0165 origin\u00e1lne (nikde nepublikovan\u00e9). Ak autor predklad\u00e1 redakcii prepracovan\u00fd alebo doplnen\u00fd n\u00e1vrh vedeck\u00e9ho \u010dl\u00e1nku, v pozn\u00e1mke na konci textu uvedie rozsah...","protected":false},"author":2,"featured_media":0,"parent":0,"menu_order":0,"comment_status":"closed","ping_status":"closed","template":"","meta":{"_exactmetrics_skip_tracking":false,"_exactmetrics_sitenote_active":false,"_exactmetrics_sitenote_note":"","_exactmetrics_sitenote_category":0,"footnotes":""},"class_list":["post-327","page","type-page","status-publish","hentry"],"_links":{"self":[{"href":"https:\/\/ssad.statistics.sk\/SSaD\/index.php\/wp-json\/wp\/v2\/pages\/327","targetHints":{"allow":["GET"]}}],"collection":[{"href":"https:\/\/ssad.statistics.sk\/SSaD\/index.php\/wp-json\/wp\/v2\/pages"}],"about":[{"href":"https:\/\/ssad.statistics.sk\/SSaD\/index.php\/wp-json\/wp\/v2\/types\/page"}],"author":[{"embeddable":true,"href":"https:\/\/ssad.statistics.sk\/SSaD\/index.php\/wp-json\/wp\/v2\/users\/2"}],"replies":[{"embeddable":true,"href":"https:\/\/ssad.statistics.sk\/SSaD\/index.php\/wp-json\/wp\/v2\/comments?post=327"}],"version-history":[{"count":16,"href":"https:\/\/ssad.statistics.sk\/SSaD\/index.php\/wp-json\/wp\/v2\/pages\/327\/revisions"}],"predecessor-version":[{"id":4229,"href":"https:\/\/ssad.statistics.sk\/SSaD\/index.php\/wp-json\/wp\/v2\/pages\/327\/revisions\/4229"}],"wp:attachment":[{"href":"https:\/\/ssad.statistics.sk\/SSaD\/index.php\/wp-json\/wp\/v2\/media?parent=327"}],"curies":[{"name":"wp","href":"https:\/\/api.w.org\/{rel}","templated":true}]}}