{"id":316,"date":"2019-02-06T14:27:44","date_gmt":"2019-02-06T13:27:44","guid":{"rendered":"https:\/\/ssad.statistics.sk\/SSaD\/?page_id=316"},"modified":"2024-10-15T14:25:29","modified_gmt":"2024-10-15T12:25:29","slug":"publikacna-etika","status":"publish","type":"page","link":"https:\/\/ssad.statistics.sk\/SSaD\/index.php\/publikacna-etika\/","title":{"rendered":"Publika\u010dn\u00e1 etika"},"content":{"rendered":"<section class=\"l-section wpb_row padding-top-pages height_auto\"><div class=\"l-section-h i-cf\"><div class=\"g-cols vc_row via_flex valign_top type_default stacking_default\"><div class=\"vc_col-sm-12 wpb_column vc_column_container\"><div class=\"vc_column-inner\"><div class=\"wpb_wrapper\"><div class=\"wpb_text_column\"><div class=\"wpb_wrapper\"><h2 class=\"page\">Z\u00c1SADY PUBLIKA\u010cNEJ ETIKY &#8211; V\u0160EOBECN\u00c9 USTANOVENIA<\/h2>\n<ul class=\"ethics\">\n<li><strong>Vydavate\u013eom<\/strong> vedeck\u00e9ho \u010dasopisu Slovensk\u00e1 \u0161tatistika a demografia (\u010falej &#8222;\u010dasopis&#8220;) bol do roku 2024 v\u00fdhradne \u0160tatistick\u00fd \u00farad SR. Od roku 2024 je \u010dasopis <strong>vyd\u00e1van\u00fd<\/strong> <strong>\u0160tatistick\u00fdm \u00faradom SR<\/strong> a <strong>Slovenskou \u0161tatistickou a demografickou spolo\u010dnos\u0165ou<\/strong>. \u010casopis m\u00e1 tla\u010den\u00fa i elektronick\u00fa formu.<\/li>\n<li>\u010casopis vedie <strong>redak\u010dn\u00e1 rada<\/strong> zlo\u017een\u00e1 z odborn\u00edkov reprezentuj\u00facich r\u00f4zne oblasti \u0161tatistiky a demografie. Redak\u010dn\u00e1 rada rozhoduje o publikovan\u00ed \u010dl\u00e1nkov v \u010dasopise. S \u010dasopisom spolupracuj\u00fa aj <strong>zahrani\u010dn\u00ed poradcovia<\/strong>. Zahrani\u010dn\u00ed poradcovia m\u00f4\u017eu hodnoti\u0165 jednotliv\u00e9 \u010d\u00edsla \u010dasopisu, pripravova\u0165 vlastn\u00e9 vedeck\u00e9 \u010dl\u00e1nky a inform\u00e1cie, pripravova\u0165 recenzn\u00e9 posudky na \u010dl\u00e1nky a navrhova\u0165 t\u00e9my \u010dl\u00e1nkov, ktor\u00e9 s\u00fa zauj\u00edmav\u00e9 pre spracovanie.<\/li>\n<li><strong>\u010cl\u00e1nkom<\/strong> je p\u00edsomn\u00e9 dielo autora vr\u00e1tane grafick\u00fdch prvkov \u2013 tabuliek, grafov, m\u00e1p, obr\u00e1zkov \u2013 zverejnen\u00e9 v \u010dasopise v tla\u010denej a v elektronickej forme. A\u017e do vydania s\u00fahlasu redak\u010dnej rady na publikovanie m\u00e1 predlo\u017een\u00fd \u010dl\u00e1nok charakter n\u00e1vrhu \u010dl\u00e1nku.<\/li>\n<li><strong>Autorom<\/strong> je fyzick\u00e1 osoba, ktor\u00e1 z poznatkov z\u00edskan\u00fdch z vedeck\u00e9ho b\u00e1dania priprav\u00ed pre \u010dasopis n\u00e1vrh vedeck\u00e9ho \u010dl\u00e1nku. Za autora sa pova\u017euje aj fyzick\u00e1 osoba, ktor\u00e1 na z\u00e1klade poverenia redakcie alebo z vlastnej iniciat\u00edvy priprav\u00ed pre \u010dasopis n\u00e1vrh in\u00e9ho ako vedeck\u00e9ho \u010dl\u00e1nku \u2013 inform\u00e1ciu, recenziu publik\u00e1cie, pozn\u00e1mku, glosu, rozhovor a pod. (\u010falej \u201en\u00e1vrh in\u00e9ho \u010dl\u00e1nku\u201c). N\u00e1vrhy vedeck\u00fdch \u010dl\u00e1nkov i n\u00e1vrhy in\u00fdch \u010dl\u00e1nkov m\u00f4\u017eu ma\u0165 jedn\u00e9ho alebo viacer\u00fdch autorov (spoluautorov). Aj na n\u00e1vrhy in\u00fdch \u010dl\u00e1nkov sa vz\u0165ahuj\u00fa z\u00e1sady tejto publika\u010dnej etiky.<\/li>\n<li><strong>N\u00e1vrhy vedeck\u00fdch \u010dl\u00e1nkov<\/strong> podliehaj\u00fa recenzii. <strong>Recenzn\u00e9 konanie<\/strong> je obojstranne anonymn\u00e9, t. j. autori nedost\u00e1vaj\u00fa inform\u00e1cie o tom, kto n\u00e1vrhy ich vedeck\u00fdch \u010dl\u00e1nkov recenzoval, podobne ako recenzentom redakcia neposkytuje inform\u00e1cie o autoroch n\u00e1vrhov vedeck\u00fdch \u010dl\u00e1nkov, na ktor\u00e9 vystavuj\u00fa recenzn\u00e9 posudky.<\/li>\n<li>Na n\u00e1vrhy in\u00fdch ako vedeck\u00fdch \u010dl\u00e1nkov sa recenzn\u00e9 posudky nevyprac\u00favaj\u00fa. Inform\u00e1cie, recenzie publik\u00e1ci\u00ed, pozn\u00e1mky, glosy, rozhovory a \u010fal\u0161ie n\u00e1vrhy in\u00fdch \u010dl\u00e1nkov m\u00f4\u017eu by\u0165 zverejnen\u00e9 iba po schv\u00e1len\u00ed redak\u010dnou radou.<\/li>\n<li>Slovensk\u00e1 \u0161tatistika a demografia je\u00a0<strong>\u010dasopis s otvoren\u00fdm pr\u00edstupom<\/strong>, \u010do znamen\u00e1, \u017ee cel\u00fd obsah je bez poplatku, vo\u013ene dostupn\u00fd u\u017e\u00edvate\u013eom, pri zachovan\u00ed v\u0161etk\u00fdch pravidiel autorstva pr\u00edspevkov a\u00a0vydavate\u013esk\u00fdch pr\u00e1v vydavate\u013ea. Pou\u017e\u00edvate\u013eom je povolen\u00e9 \u010d\u00edta\u0165, s\u0165ahova\u0165, kop\u00edrova\u0165, tla\u010di\u0165, prehliada\u0165 alebo odkazova\u0165 na pln\u00e9 texty \u010dl\u00e1nkov alebo ich pou\u017e\u00edva\u0165 na in\u00fd z\u00e1konn\u00fd \u00fa\u010del bez predch\u00e1dzaj\u00faceho povolenia od vydavate\u013ea alebo autora za predpokladu citovania zdroja.<\/li>\n<li>V\u0161etky publikovan\u00e9 \u010dl\u00e1nky s\u00fa chr\u00e1nen\u00e9\u00a0<strong>autorsk\u00fdmi pr\u00e1vami<\/strong>. Autorsk\u00e9 pr\u00e1va s\u00fa zachovan\u00e9 bez obmedzenia. \u010casopis Slovensk\u00e1 \u0161tatistika a\u00a0demografia si vyhradzuje pr\u00e1vo na prv\u00e9 publikovanie \u010dl\u00e1nku. Autor m\u00e1 zachovan\u00e9 pr\u00e1va na \u010fal\u0161ie publikovanie bez obmedzen\u00ed. Autor s\u00a0udelen\u00edm s\u00fahlasu na publikovanie \u010dl\u00e1nku (diela) v\u00a0\u010dasopise ude\u013euje vydavate\u013eovi s\u00fahlas na: zverejnenie \u010dl\u00e1nku v\u00a0elektronickej podobe a\u00a0v\u00a0tla\u010denej podobe, s\u00fahlas s\u00a0vyhotoven\u00edm rozmno\u017een\u00edn diela v\u00a0elektronickej podobe a\u00a0tla\u010denej podobe, s\u00fahlas na predaj \u010d\u00edsla \u010dasopisu, ktor\u00e9ho s\u00fa\u010das\u0165ou je \u010dl\u00e1nok, s\u00fahlas na pou\u017eitie diela alebo akejko\u013evek jeho \u010dasti v\u00a0propaga\u010dn\u00fdch materi\u00e1loch, s\u00fahlas na zaradenie diela do akejko\u013evek datab\u00e1zy. Uveden\u00e9 ustanovenia platia pre \u00fazemie cel\u00e9ho sveta, bez vecn\u00e9ho a \u010dasov\u00e9ho obmedzenia. Vydavate\u013e je povinn\u00fd dielo pou\u017e\u00edva\u0165 v\u00fdhradne s\u00a0uveden\u00edm mena a\u00a0priezviska autora. Licen\u010dn\u00e9 podmienky obsahuje licen\u010dn\u00e1 zmluva na vydanie diela.<\/li>\n<li>Pre n\u00e1v\u0161tevn\u00edkov str\u00e1nky je dostupn\u00e1 inform\u00e1cia o\u00a0po\u010dte zobrazen\u00ed z\u00e1kladnej charakteristiky \u010dl\u00e1nku a o\u00a0po\u010dte stiahnut\u00ed \u010dl\u00e1nku a\u00a0kompletn\u00e9ho \u010d\u00edsla \u010dasopisu.\u00a0\u00a0Sum\u00e1rny po\u010det stiahnut\u00ed jednotliv\u00fdch \u010d\u00edsiel \u010dasopisu: po\u010det stiahnut\u00ed kompletn\u00e9ho \u010d\u00edsla \u010dasopisu z\u00a0arch\u00edvu \u010dasopisu dostupn\u00e9ho na webovom s\u00eddle \u0160tatistick\u00e9ho \u00faradu SR (<a href=\"http:\/\/www.statistics.sk\">www.statistics.sk<\/a>) + po\u010det stiahnut\u00ed\u00a0kompletn\u00e9ho \u010d\u00edsla \u010dasopisu z\u00a0tohto webov\u00e9ho s\u00eddla, kde sa kompletn\u00fd arch\u00edv nach\u00e1dza od roku 2020.<\/li>\n<\/ul>\n<h2 class=\"page\">PROCES KONTROLY KVALITY \u010cL\u00c1NKOV<\/h2>\n<p>N\u00e1vrhy \u010dl\u00e1nkov autori zasielaj\u00fa redakcii, ktor\u00fa navonok zastupuje v\u00fdkonn\u00fd redaktor. V\u00fdkonn\u00fd redaktor ka\u017ed\u00fd doru\u010den\u00fd n\u00e1vrh \u010dl\u00e1nku skontroluje, redakcia m\u00e1 pr\u00e1vo odmietnu\u0165 n\u00e1vrh \u010dl\u00e1nku, ktor\u00fd nekore\u0161ponduje s odborn\u00fdm zameran\u00edm \u010dasopisu, nere\u0161pektuje jeho vedeck\u00fd charakter, alebo ak zist\u00ed, \u017ee zaslan\u00fd n\u00e1vrh \u010dl\u00e1nku je v rozpore so z\u00e1sadami publika\u010dnej etiky. Redakcia potvrdzuje autorovi prijatie n\u00e1vrhu \u010dl\u00e1nku. V\u00fdkonn\u00fd redaktor skontroluje form\u00e1lne n\u00e1le\u017eitosti n\u00e1vrhu \u010dl\u00e1nku pod\u013ea pokynov pre autorov. N\u00e1vrh \u010dl\u00e1nku zrediguje a ak je to potrebn\u00e9, odpor\u00fa\u010da autorom doplnenie obsahu n\u00e1vrhu \u010dl\u00e1nku, \u0161tylistick\u00e9 a in\u00e9 \u00fapravy textu a grafick\u00fdch prvkov. Po t\u00fdchto \u00faprav\u00e1ch s\u00fa v n\u00e1vrhu \u010dl\u00e1nku odstr\u00e1nen\u00e9 osobn\u00e9 \u00fadaje autora (meno, priezvisko), pracovisko, profesijn\u00fd \u017eivotopis a vo vlastnostiach dokumentu autor. Proces v\u00fdberu recenzenta n\u00e1vrhu \u010dl\u00e1nku je anonymn\u00fd. Recenzn\u00e9mu konaniu podliehaj\u00fa n\u00e1vrhy vedeck\u00fdch \u010dl\u00e1nkov, n\u00e1vrhy in\u00fdch ako vedeck\u00fdch \u010dl\u00e1nkov nepodliehaj\u00fa recenzii. N\u00e1vrhy in\u00fdch \u010dl\u00e1nkov \u2013 \u010dl\u00e1nky informat\u00edvneho charakteru (informat\u00edvny \u010dl\u00e1nok, inform\u00e1cia, rozhovor, recenzia publik\u00e1cie, n\u00e1zor) m\u00f4\u017eu by\u0165 zverejnen\u00e9 iba po schv\u00e1len\u00ed redak\u010dnou radou. Recenzentov vedeck\u00fdch \u010dl\u00e1nkov odpor\u00fa\u010daj\u00fa redakcii \u010dlenovia redak\u010dnej rady. V\u00fdkonn\u00fd redaktor pri objedn\u00e1van\u00ed recenzn\u00fdch posudkov prihliada na to, aby recenzenti neboli z rovnak\u00e9ho pracoviska ako autori n\u00e1vrhov vedeck\u00fdch \u010dl\u00e1nkov. Recenzn\u00e9 konanie je obojstranne anonymn\u00e9, t. j. autori nedost\u00e1vaj\u00fa inform\u00e1cie o tom, kto n\u00e1vrhy ich vedeck\u00fdch \u010dl\u00e1nkov recenzoval, podobne ako recenzentom redakcia neposkytuje inform\u00e1cie o autoroch n\u00e1vrhov vedeck\u00fdch \u010dl\u00e1nkov, na ktor\u00e9 vystavuj\u00fa recenzn\u00e9 posudky. Autorovi \u010dl\u00e1nku je doru\u010den\u00fd recenzn\u00fd posudok bez osobn\u00fdch \u00fadajov recenzenta (meno, priezvisko) a vo vlastnostiach dokumentu je odstr\u00e1nen\u00fd recenzent. Ak sa autori vedeck\u00fdch \u010dl\u00e1nkov nestoto\u017enia s n\u00e1vrhmi a odpor\u00fa\u010daniami recenzentov, maj\u00fa pr\u00e1vo prostredn\u00edctvom v\u00fdkonn\u00e9ho redaktora \u010dasopisu informova\u0165 o tom redak\u010dn\u00fa radu. Autori maj\u00fa pr\u00e1vo vzia\u0165 sp\u00e4\u0165 n\u00e1vrhy vedeck\u00fdch \u010dl\u00e1nkov, ak sa nestoto\u017enia so stanoviskom redak\u010dnej rady. Redakcia je povinn\u00e1 rozhodnutie autorov re\u0161pektova\u0165. Redak\u010dn\u00e1 rada rozhoduje o publikovan\u00ed n\u00e1vrhov \u010dl\u00e1nkov v \u010dasopise Slovensk\u00e1 \u0161tatistika a demografia. V\u00fdsledn\u00e9 stanovisko redak\u010dnej rady je pre autorov n\u00e1vrhov \u010dl\u00e1nkov z\u00e1v\u00e4zn\u00e9.<\/p>\n<\/div><\/div><\/div><\/div><\/div><\/div><\/div><\/section>\n","protected":false},"excerpt":{"rendered":"Z\u00c1SADY PUBLIKA\u010cNEJ ETIKY &#8211; V\u0160EOBECN\u00c9 USTANOVENIA Vydavate\u013eom vedeck\u00e9ho \u010dasopisu Slovensk\u00e1 \u0161tatistika a demografia (\u010falej &#8222;\u010dasopis&#8220;) bol do roku 2024 v\u00fdhradne \u0160tatistick\u00fd \u00farad SR. Od roku 2024 je \u010dasopis vyd\u00e1van\u00fd \u0160tatistick\u00fdm \u00faradom SR a Slovenskou \u0161tatistickou a demografickou spolo\u010dnos\u0165ou. \u010casopis m\u00e1 tla\u010den\u00fa i elektronick\u00fa formu. \u010casopis vedie redak\u010dn\u00e1 rada zlo\u017een\u00e1 z odborn\u00edkov reprezentuj\u00facich r\u00f4zne oblasti \u0161tatistiky...","protected":false},"author":2,"featured_media":0,"parent":0,"menu_order":0,"comment_status":"closed","ping_status":"closed","template":"","meta":{"_exactmetrics_skip_tracking":false,"_exactmetrics_sitenote_active":false,"_exactmetrics_sitenote_note":"","_exactmetrics_sitenote_category":0,"footnotes":""},"class_list":["post-316","page","type-page","status-publish","hentry"],"_links":{"self":[{"href":"https:\/\/ssad.statistics.sk\/SSaD\/index.php\/wp-json\/wp\/v2\/pages\/316","targetHints":{"allow":["GET"]}}],"collection":[{"href":"https:\/\/ssad.statistics.sk\/SSaD\/index.php\/wp-json\/wp\/v2\/pages"}],"about":[{"href":"https:\/\/ssad.statistics.sk\/SSaD\/index.php\/wp-json\/wp\/v2\/types\/page"}],"author":[{"embeddable":true,"href":"https:\/\/ssad.statistics.sk\/SSaD\/index.php\/wp-json\/wp\/v2\/users\/2"}],"replies":[{"embeddable":true,"href":"https:\/\/ssad.statistics.sk\/SSaD\/index.php\/wp-json\/wp\/v2\/comments?post=316"}],"version-history":[{"count":24,"href":"https:\/\/ssad.statistics.sk\/SSaD\/index.php\/wp-json\/wp\/v2\/pages\/316\/revisions"}],"predecessor-version":[{"id":4228,"href":"https:\/\/ssad.statistics.sk\/SSaD\/index.php\/wp-json\/wp\/v2\/pages\/316\/revisions\/4228"}],"wp:attachment":[{"href":"https:\/\/ssad.statistics.sk\/SSaD\/index.php\/wp-json\/wp\/v2\/media?parent=316"}],"curies":[{"name":"wp","href":"https:\/\/api.w.org\/{rel}","templated":true}]}}