{"id":3159,"date":"2022-03-21T08:00:52","date_gmt":"2022-03-21T07:00:52","guid":{"rendered":"https:\/\/ssad.statistics.sk\/SSaD\/index.php\/slovak-statistics-and-demography-1-2022\/"},"modified":"2024-10-15T13:04:18","modified_gmt":"2024-10-15T11:04:18","slug":"slovak-statistics-and-demography-1-2022","status":"publish","type":"page","link":"https:\/\/ssad.statistics.sk\/SSaD\/index.php\/slovak-statistics-and-demography-1-2022\/?lang=en","title":{"rendered":"Slovak Statistics and Demography 1\/2022"},"content":{"rendered":"<section class=\"l-section wpb_row us_custom_5f01f778 height_auto\"><div class=\"l-section-h i-cf\"><div class=\"g-cols vc_row via_flex valign_top type_default stacking_default\"><div class=\"vc_col-sm-12 wpb_column vc_column_container\"><div class=\"vc_column-inner\"><div class=\"wpb_wrapper\"><div class=\"wpb_text_column\"><div class=\"wpb_wrapper\"><h1><\/h1>\n<h1>Slovak Statistics and Demography 1\/2022<\/h1>\n<\/div><\/div><\/div><\/div><\/div><\/div><\/div><\/section><section class=\"l-section wpb_row us_custom_18c73a72 height_auto\"><div class=\"l-section-h i-cf\"><div class=\"g-cols vc_row via_flex valign_top type_default stacking_default\"><div class=\"vc_col-sm-2 wpb_column vc_column_container\"><div class=\"vc_column-inner\"><div class=\"wpb_wrapper\"><div class=\"w-image style_outlined align_none\"><div class=\"w-image-h\"><img loading=\"lazy\" decoding=\"async\" width=\"142\" height=\"190\" src=\"https:\/\/ssad.statistics.sk\/SSaD\/wp-content\/uploads\/2022\/03\/SSaD_1_2022_142x190.png\" class=\"attachment-full size-full\" alt=\"Ilustra\u010dn\u00fd obr\u00e1zok\/Illustrative image\" \/><\/div><\/div><\/div><\/div><\/div><div class=\"vc_col-sm-6 wpb_column vc_column_container\"><div class=\"vc_column-inner\"><div class=\"wpb_wrapper\">[vc_raw_html]PGRpdiBjbGFzcz0iZGV0YWlsIj4gDQogICAgPHA+TnVtYmVyIG9mIHBhZ2VzOiA3MDwvcD4NCiAgICA8cD5QZXJpb2RpY2l0eTogNCB0aW1lcyBhIHllYXI8L3A+ICAgDQogICAgPHA+SVNTTjogMTMzOS02ODU0IChvbmxpbmUpPC9wPg0KICAgIDxwPjxzcGFuIHN0eWxlPSJwYWRkaW5nLWxlZnQ6IDQ3cHg7Ij4xMjEwLTEwOTUgKHByaW50ZWQgdmVyc2lvbik8L3NwYW4+PC9wPg0KPC9kaXY+[\/vc_raw_html]<\/div><\/div><\/div><div class=\"vc_col-sm-4 wpb_column vc_column_container\"><div class=\"vc_column-inner\"><div class=\"wpb_wrapper\">[vc_raw_html]PGRpdj4gICAgDQogICAgPHA+PHNwYW4gc3R5bGU9ImxpbmUtaGVpZ2h0OiAyLjFlbTsgcGFkZGluZy1sZWZ0OiAwcHg7IGNvbG9yOiAjMWU0ZTlkOyI+Q29tcGxldGUgaXNzdWU8L3NwYW4+PGJyPiBbZG93bmxvYWQgaWQ9IjMxMiJdIGRvd25sb2Fkcyk8L3NwYW4+PC9wPg0KPC9kaXY+[\/vc_raw_html]<\/div><\/div><\/div><\/div><\/div><\/section><section class=\"l-section wpb_row us_custom_d984a24d height_auto\"><div class=\"l-section-h i-cf\"><div class=\"g-cols vc_row via_flex valign_top type_default stacking_default\"><div class=\"vc_col-sm-12 wpb_column vc_column_container\"><div class=\"vc_column-inner us_custom_5c07cc07\"><div class=\"wpb_wrapper\"><div class=\"w-separator us_custom_fd420121 has_text_color size_medium with_line width_default thick_1 style_dashed color_border align_center\"><div class=\"w-separator-h\"><\/div><\/div><\/div><\/div><\/div><\/div><\/div><\/section><section class=\"l-section wpb_row us_custom_46262dcf height_auto\"><div class=\"l-section-h i-cf\"><div class=\"g-cols vc_row via_flex valign_top type_default stacking_default\"><div class=\"vc_col-sm-12 wpb_column vc_column_container\"><div class=\"vc_column-inner\"><div class=\"wpb_wrapper\"><div class=\"w-grid us_custom_2b991ef7 type_grid layout_146\" id=\"us_grid_1\" data-filterable=\"true\"><style>#us_grid_1 .w-grid-item:not(:last-child){margin-bottom:2.5rem}#us_grid_1 .g-loadmore{margin-top:2.5rem}.layout_146 .w-grid-item-h{}.layout_146 .usg_post_title_1{font-family:var(--font-body)!important;font-size:21px!important}.layout_146 .usg_post_date_1{font-family:var(--font-body)!important;font-size:0.9rem!important}.layout_146 .usg_post_content_1{margin-top:0.5rem!important;font-family:var(--font-body)!important}@media (max-width:600px){.layout_146 .usg_post_title_1{font-size:18px!important}}<\/style><div class=\"w-grid-list\">\t<article class=\"w-grid-item size_1x1 post-3147 post type-post status-publish format-standard hentry category-1-2022-editorial tag-autor-ludmila-ivancikova\" data-id=\"3147\">\r\n\t\t<div class=\"w-grid-item-h\">\r\n\t\t\t\t\t\t<h2 class=\"w-post-elm post_title usg_post_title_1 entry-title color_link_inherit\"><a href=\"https:\/\/ssad.statistics.sk\/SSaD\/index.php\/editorial-11\/\">Editori\u00e1l<\/a><\/h2><time class=\"w-post-elm post_date usg_post_date_1 entry-date published\" datetime=\"2022-03-21T07:56:04+01:00\"><i class=\"far fa-clock\"><\/i>21. marca 2022<\/time><div class=\"w-post-elm post_content usg_post_content_1\"><p>\u013dudmila Ivan\u010d\u00edkov\u00e1, \u0160tatistick\u00fd \u00farad Slovenskej republiky, Slovensk\u00e1 republika<\/p>\n<p> <a href=\"https:\/\/ssad.statistics.sk\/SSaD\/index.php\/editorial-11\/#more-3147\" class=\"more-link\"><span aria-label=\"\u010c\u00edta\u0165 \u010falej Editori\u00e1l\">(viac&hellip;)<\/span><\/a><\/p>\n<\/div>\t\t<\/div>\r\n\t<\/article>\r\n<\/div><div class=\"w-grid-preloader\"><div class=\"g-preloader type_1\">\r\n\t<div><\/div>\r\n<\/div>\r\n<\/div>\t<div class=\"w-grid-json hidden\" onclick='return {&quot;action&quot;:&quot;us_ajax_grid&quot;,&quot;ajax_url&quot;:&quot;https:\\\/\\\/ssad.statistics.sk\\\/SSaD\\\/wp-admin\\\/admin-ajax.php&quot;,&quot;infinite_scroll&quot;:0,&quot;max_num_pages&quot;:1,&quot;pagination&quot;:&quot;none&quot;,&quot;permalink_url&quot;:&quot;https:\\\/\\\/ssad.statistics.sk\\\/SSaD\\\/wp-json\\\/wp\\\/v2\\\/pages\\\/3159&quot;,&quot;template_vars&quot;:{&quot;columns&quot;:&quot;1&quot;,&quot;exclude_items&quot;:&quot;none&quot;,&quot;img_size&quot;:&quot;default&quot;,&quot;ignore_items_size&quot;:0,&quot;items_layout&quot;:&quot;146&quot;,&quot;items_offset&quot;:&quot;1&quot;,&quot;load_animation&quot;:&quot;none&quot;,&quot;overriding_link&quot;:&quot;none&quot;,&quot;post_id&quot;:3159,&quot;query_args&quot;:{&quot;post_type&quot;:[&quot;post&quot;],&quot;tax_query&quot;:[{&quot;taxonomy&quot;:&quot;category&quot;,&quot;field&quot;:&quot;slug&quot;,&quot;terms&quot;:[&quot;1-2022-editorial&quot;]}],&quot;post_status&quot;:[&quot;publish&quot;],&quot;posts_per_page&quot;:&quot;10&quot;},&quot;orderby_query_args&quot;:{&quot;orderby&quot;:{&quot;date&quot;:&quot;DESC&quot;}},&quot;type&quot;:&quot;grid&quot;,&quot;us_grid_ajax_index&quot;:1,&quot;us_grid_filter_params&quot;:null,&quot;us_grid_index&quot;:1,&quot;_us_grid_post_type&quot;:&quot;post&quot;}}'><\/div>\r\n\t<\/div><\/div><\/div><\/div><\/div><\/div><\/section><section class=\"l-section wpb_row us_custom_c4a4bb17 height_auto\"><div class=\"l-section-h i-cf\"><div class=\"g-cols vc_row via_flex valign_top type_default stacking_default\"><div class=\"vc_col-sm-12 wpb_column vc_column_container\"><div class=\"vc_column-inner\"><div class=\"wpb_wrapper\"><div class=\"wpb_text_column\"><div class=\"wpb_wrapper\"><h2>SCIENTIFIC ARTICLES<\/h2>\n<div class=\"w-grid us_custom_2b991ef7 type_grid layout_146\" id=\"us_grid_2\"><style>#us_grid_2 .w-grid-item:not(:last-child){margin-bottom:2.5rem}#us_grid_2 .g-loadmore{margin-top:2.5rem}<\/style><div class=\"w-grid-list\">\t<article class=\"w-grid-item size_1x1 post-3149 post type-post status-publish format-standard hentry category-1-2022-vedecke-clanky tag-administrativne-zdroje-udajov tag-autor-ludmila-ivancikova tag-autor-zuzana-podmanicka tag-elektronicky-zber-udajov tag-integrovane-scitanie tag-koncept-scitania tag-uzemna-priprava\" data-id=\"3149\">\r\n\t\t<div class=\"w-grid-item-h\">\r\n\t\t\t\t\t\t<h2 class=\"w-post-elm post_title usg_post_title_1 entry-title color_link_inherit\"><a href=\"https:\/\/ssad.statistics.sk\/SSaD\/index.php\/vyzva-noveho-konceptu-scitania-obyvatelov-domov-a-bytov-2021\/\">V\u00fdzva nov\u00e9ho konceptu S\u010d\u00edtania obyvate\u013eov, domov a bytov 2021<\/a><\/h2><time class=\"w-post-elm post_date usg_post_date_1 entry-date published\" datetime=\"2022-03-21T08:00:30+01:00\"><i class=\"far fa-clock\"><\/i>21. marca 2022<\/time><div class=\"w-post-elm post_content usg_post_content_1\"><p>\u013dudmila Ivan\u010d\u00edkov\u00e1, Zuzana Podmanick\u00e1, \u0160tatistick\u00fd \u00farad Slovenskej republiky, Slovensk\u00e1 republika<\/p>\n<p> <a href=\"https:\/\/ssad.statistics.sk\/SSaD\/index.php\/vyzva-noveho-konceptu-scitania-obyvatelov-domov-a-bytov-2021\/#more-3149\" class=\"more-link\"><span aria-label=\"\u010c\u00edta\u0165 \u010falej V\u00fdzva nov\u00e9ho konceptu S\u010d\u00edtania obyvate\u013eov, domov a bytov 2021\">(viac&hellip;)<\/span><\/a><\/p>\n<\/div>\t\t<\/div>\r\n\t<\/article>\r\n\t<article class=\"w-grid-item size_1x1 post-3151 post type-post status-publish format-standard hentry category-1-2022-vedecke-clanky tag-administrativne-zdroje-udajov tag-autor-andrea-schittenhelm tag-autor-lucia-vanisova tag-obydlie tag-scitanie tag-statisticky-adresny-bod tag-uzemna-priprava\" data-id=\"3151\">\r\n\t\t<div class=\"w-grid-item-h\">\r\n\t\t\t\t\t\t<h2 class=\"w-post-elm post_title usg_post_title_1 entry-title color_link_inherit\"><a href=\"https:\/\/ssad.statistics.sk\/SSaD\/index.php\/tvorba-statistickych-adresnych-bodov-ako-bazy-na-uzemnu-pripravu-scitania-obyvatelov-domov-a-bytov-2021\/\">Tvorba \u0161tatistick\u00fdch adresn\u00fdch bodov ako b\u00e1zy na \u00fazemn\u00fa pr\u00edpravu S\u010d\u00edtania obyvate\u013eov, domov a bytov 2021<\/a><\/h2><time class=\"w-post-elm post_date usg_post_date_1 entry-date published\" datetime=\"2022-03-21T07:30:51+01:00\"><i class=\"far fa-clock\"><\/i>21. marca 2022<\/time><div class=\"w-post-elm post_content usg_post_content_1\"><p>Andrea Schittenhelm, Lucia Vani\u0161ov\u00e1, \u0160tatistick\u00fd \u00farad Slovenskej republiky, Slovensk\u00e1 republika<\/p>\n<p> <a href=\"https:\/\/ssad.statistics.sk\/SSaD\/index.php\/tvorba-statistickych-adresnych-bodov-ako-bazy-na-uzemnu-pripravu-scitania-obyvatelov-domov-a-bytov-2021\/#more-3151\" class=\"more-link\"><span aria-label=\"\u010c\u00edta\u0165 \u010falej Tvorba \u0161tatistick\u00fdch adresn\u00fdch bodov ako b\u00e1zy na \u00fazemn\u00fa pr\u00edpravu S\u010d\u00edtania obyvate\u013eov, domov a bytov 2021\">(viac&hellip;)<\/span><\/a><\/p>\n<\/div>\t\t<\/div>\r\n\t<\/article>\r\n\t<article class=\"w-grid-item size_1x1 post-3153 post type-post status-publish format-standard hentry category-1-2022-vedecke-clanky tag-administrativne-zdroje-udajov tag-autor-andrea-schittenhelm tag-autor-lucia-vanisova tag-elektronicky-formular tag-informacny-system tag-scitanie-domov-a-bytov tag-uzemna-priprava\" data-id=\"3153\">\r\n\t\t<div class=\"w-grid-item-h\">\r\n\t\t\t\t\t\t<h2 class=\"w-post-elm post_title usg_post_title_1 entry-title color_link_inherit\"><a href=\"https:\/\/ssad.statistics.sk\/SSaD\/index.php\/teoreticko-metodologicke-vychodiska-systemu-na-scitanie-domov-a-bytov-2021\/\">Teoreticko-metodologick\u00e9 v\u00fdchodisk\u00e1 syst\u00e9mu na s\u010d\u00edtanie domov a bytov 2021<\/a><\/h2><time class=\"w-post-elm post_date usg_post_date_1 entry-date published\" datetime=\"2022-03-21T07:00:23+01:00\"><i class=\"far fa-clock\"><\/i>21. marca 2022<\/time><div class=\"w-post-elm post_content usg_post_content_1\"><p>Lucia Vani\u0161ov\u00e1, Andrea Schittenhelm, \u0160tatistick\u00fd \u00farad Slovenskej republiky, Slovensk\u00e1 republika<\/p>\n<p> <a href=\"https:\/\/ssad.statistics.sk\/SSaD\/index.php\/teoreticko-metodologicke-vychodiska-systemu-na-scitanie-domov-a-bytov-2021\/#more-3153\" class=\"more-link\"><span aria-label=\"\u010c\u00edta\u0165 \u010falej Teoreticko-metodologick\u00e9 v\u00fdchodisk\u00e1 syst\u00e9mu na s\u010d\u00edtanie domov a bytov 2021\">(viac&hellip;)<\/span><\/a><\/p>\n<\/div>\t\t<\/div>\r\n\t<\/article>\r\n\t<article class=\"w-grid-item size_1x1 post-3155 post type-post status-publish format-standard hentry category-1-2022-vedecke-clanky tag-administrativne-zdroje-udajov tag-autentifikacia tag-autor-cindy-erdelyi tag-autor-martin-kocis tag-integracny-zoznam-rodnych-cisel tag-scitaci-formular\" data-id=\"3155\">\r\n\t\t<div class=\"w-grid-item-h\">\r\n\t\t\t\t\t\t<h2 class=\"w-post-elm post_title usg_post_title_1 entry-title color_link_inherit\"><a href=\"https:\/\/ssad.statistics.sk\/SSaD\/index.php\/tvorba-integracneho-zoznamu-rodnych-cisel-na-ucel-autentifikacie-obyvatela-v-elektronickom-scitani\/\">Tvorba integra\u010dn\u00e9ho zoznamu rodn\u00fdch \u010d\u00edsel na \u00fa\u010del autentifik\u00e1cie obyvate\u013ea v elektronickom s\u010d\u00edtan\u00ed<\/a><\/h2><time class=\"w-post-elm post_date usg_post_date_1 entry-date published\" datetime=\"2022-03-21T06:30:46+01:00\"><i class=\"far fa-clock\"><\/i>21. marca 2022<\/time><div class=\"w-post-elm post_content usg_post_content_1\"><p>Martin Ko\u010di\u0161, Cindy Erdelyi, \u0160tatistick\u00fd \u00farad Slovenskej republiky, Slovensk\u00e1 republika<\/p>\n<p> <a href=\"https:\/\/ssad.statistics.sk\/SSaD\/index.php\/tvorba-integracneho-zoznamu-rodnych-cisel-na-ucel-autentifikacie-obyvatela-v-elektronickom-scitani\/#more-3155\" class=\"more-link\"><span aria-label=\"\u010c\u00edta\u0165 \u010falej Tvorba integra\u010dn\u00e9ho zoznamu rodn\u00fdch \u010d\u00edsel na \u00fa\u010del autentifik\u00e1cie obyvate\u013ea v elektronickom s\u010d\u00edtan\u00ed\">(viac&hellip;)<\/span><\/a><\/p>\n<\/div>\t\t<\/div>\r\n\t<\/article>\r\n<\/div><div class=\"w-grid-preloader\"><div class=\"g-preloader type_1\">\r\n\t<div><\/div>\r\n<\/div>\r\n<\/div>\t<div class=\"w-grid-json hidden\" onclick='return {&quot;action&quot;:&quot;us_ajax_grid&quot;,&quot;ajax_url&quot;:&quot;https:\\\/\\\/ssad.statistics.sk\\\/SSaD\\\/wp-admin\\\/admin-ajax.php&quot;,&quot;infinite_scroll&quot;:0,&quot;max_num_pages&quot;:1,&quot;pagination&quot;:&quot;none&quot;,&quot;permalink_url&quot;:&quot;https:\\\/\\\/ssad.statistics.sk\\\/SSaD\\\/wp-json\\\/wp\\\/v2\\\/pages\\\/3159&quot;,&quot;template_vars&quot;:{&quot;columns&quot;:&quot;1&quot;,&quot;exclude_items&quot;:&quot;none&quot;,&quot;img_size&quot;:&quot;default&quot;,&quot;ignore_items_size&quot;:0,&quot;items_layout&quot;:&quot;146&quot;,&quot;items_offset&quot;:&quot;1&quot;,&quot;load_animation&quot;:&quot;none&quot;,&quot;overriding_link&quot;:&quot;none&quot;,&quot;post_id&quot;:3147,&quot;query_args&quot;:{&quot;post_type&quot;:[&quot;post&quot;],&quot;tax_query&quot;:[{&quot;taxonomy&quot;:&quot;category&quot;,&quot;field&quot;:&quot;slug&quot;,&quot;terms&quot;:[&quot;1-2022-vedecke-clanky&quot;]}],&quot;post_status&quot;:[&quot;publish&quot;],&quot;posts_per_page&quot;:&quot;20&quot;},&quot;orderby_query_args&quot;:{&quot;orderby&quot;:{&quot;date&quot;:&quot;DESC&quot;}},&quot;type&quot;:&quot;grid&quot;,&quot;us_grid_ajax_index&quot;:1,&quot;us_grid_filter_params&quot;:null,&quot;us_grid_index&quot;:2,&quot;_us_grid_post_type&quot;:&quot;post&quot;}}'><\/div>\r\n\t<\/div>\n<\/div><\/div><\/div><\/div><\/div><\/div><\/div><\/section><section class=\"l-section wpb_row us_custom_c4a4bb17 height_auto\"><div class=\"l-section-h i-cf\"><div class=\"g-cols vc_row via_flex valign_top type_default stacking_default\"><div class=\"vc_col-sm-12 wpb_column vc_column_container\"><div class=\"vc_column-inner\"><div class=\"wpb_wrapper\"><div class=\"wpb_text_column\"><div class=\"wpb_wrapper\"><h2>INFORMATIVE ARTICLES, OPINIONS, REVIEWS, INTERVIEWS, INFORMATION<\/h2>\n<div class=\"w-grid us_custom_2b991ef7 type_grid layout_146\" id=\"us_grid_3\"><style>#us_grid_3 .w-grid-item:not(:last-child){margin-bottom:2.5rem}#us_grid_3 .g-loadmore{margin-top:2.5rem}<\/style><div class=\"w-grid-list\">\t<article class=\"w-grid-item size_1x1 post-3157 post type-post status-publish format-standard hentry category-1-2022-informativne-clanky-nazory-recenzie-rozhovory-informacie tag-autor-adam-zetek tag-autor-csilla-kissova tag-autor-ivana-majzlikova tag-autor-michaela-regesova tag-autor-monika-rakosova tag-autor-silvia-hudecova tag-autor-silvia-tomkovicova tag-call-centrum tag-e-learning tag-financovanie tag-pilotne-zistovanie tag-prieskumy tag-skolenie tag-technicke-a-hygienicke-vybavenie\" data-id=\"3157\">\r\n\t\t<div class=\"w-grid-item-h\">\r\n\t\t\t\t\t\t<h2 class=\"w-post-elm post_title usg_post_title_1 entry-title color_link_inherit\"><a href=\"https:\/\/ssad.statistics.sk\/SSaD\/index.php\/podpora-terenneho-zistovania-pre-prve-elektronicke-scitanie-obyvatelov-domov-a-bytov\/\">Podpora ter\u00e9nneho zis\u0165ovania pre prv\u00e9 elektronick\u00e9 s\u010d\u00edtanie obyvate\u013eov, domov a bytov<\/a><\/h2><time class=\"w-post-elm post_date usg_post_date_1 entry-date published\" datetime=\"2022-03-21T06:00:05+01:00\"><i class=\"far fa-clock\"><\/i>21. marca 2022<\/time><div class=\"w-post-elm post_content usg_post_content_1\"><p>Silvia Hudecov\u00e1, Csilla Ki\u0161\u0161ov\u00e1, Ivana Majzl\u00edkov\u00e1, Monika R\u00e1ko\u0161ov\u00e1, Michaela Rege\u0161ov\u00e1, Silvia Tomkovi\u010dov\u00e1, Adam Zetek, \u0160tatistick\u00fd \u00farad Slovenskej republiky, Slovensk\u00e1 republika<\/p>\n<p> <a href=\"https:\/\/ssad.statistics.sk\/SSaD\/index.php\/podpora-terenneho-zistovania-pre-prve-elektronicke-scitanie-obyvatelov-domov-a-bytov\/#more-3157\" class=\"more-link\"><span aria-label=\"\u010c\u00edta\u0165 \u010falej Podpora ter\u00e9nneho zis\u0165ovania pre prv\u00e9 elektronick\u00e9 s\u010d\u00edtanie obyvate\u013eov, domov a bytov\">(viac&hellip;)<\/span><\/a><\/p>\n<\/div>\t\t<\/div>\r\n\t<\/article>\r\n<\/div><div class=\"w-grid-preloader\"><div class=\"g-preloader type_1\">\r\n\t<div><\/div>\r\n<\/div>\r\n<\/div>\t<div class=\"w-grid-json hidden\" onclick='return {&quot;action&quot;:&quot;us_ajax_grid&quot;,&quot;ajax_url&quot;:&quot;https:\\\/\\\/ssad.statistics.sk\\\/SSaD\\\/wp-admin\\\/admin-ajax.php&quot;,&quot;infinite_scroll&quot;:0,&quot;max_num_pages&quot;:1,&quot;pagination&quot;:&quot;none&quot;,&quot;permalink_url&quot;:&quot;https:\\\/\\\/ssad.statistics.sk\\\/SSaD\\\/wp-json\\\/wp\\\/v2\\\/pages\\\/3159&quot;,&quot;template_vars&quot;:{&quot;columns&quot;:&quot;1&quot;,&quot;exclude_items&quot;:&quot;none&quot;,&quot;img_size&quot;:&quot;default&quot;,&quot;ignore_items_size&quot;:0,&quot;items_layout&quot;:&quot;146&quot;,&quot;items_offset&quot;:&quot;1&quot;,&quot;load_animation&quot;:&quot;none&quot;,&quot;overriding_link&quot;:&quot;none&quot;,&quot;post_id&quot;:3155,&quot;query_args&quot;:{&quot;post_type&quot;:[&quot;post&quot;],&quot;tax_query&quot;:[{&quot;taxonomy&quot;:&quot;category&quot;,&quot;field&quot;:&quot;slug&quot;,&quot;terms&quot;:[&quot;1-2022-informativne-clanky-nazory-recenzie-rozhovory-informacie&quot;]}],&quot;post_status&quot;:[&quot;publish&quot;],&quot;posts_per_page&quot;:&quot;20&quot;},&quot;orderby_query_args&quot;:{&quot;orderby&quot;:{&quot;date&quot;:&quot;DESC&quot;}},&quot;type&quot;:&quot;grid&quot;,&quot;us_grid_ajax_index&quot;:1,&quot;us_grid_filter_params&quot;:null,&quot;us_grid_index&quot;:3,&quot;_us_grid_post_type&quot;:&quot;post&quot;}}'><\/div>\r\n\t<\/div>\n<\/div><\/div><\/div><\/div><\/div><\/div><\/div><\/section><section class=\"l-section wpb_row us_custom_c4a4bb17 height_auto\"><div class=\"l-section-h i-cf\"><div class=\"g-cols vc_row via_flex valign_top type_default stacking_default\"><div class=\"vc_col-sm-12 wpb_column vc_column_container\"><div class=\"vc_column-inner us_custom_5c07cc07\"><div class=\"wpb_wrapper\"><div class=\"wpb_text_column\"><div class=\"wpb_wrapper\"><h2>COMING SOON<\/h2>\n<p>&nbsp;<\/p>\n<h2 class=\"soon1\">Nuptiality of single persons in Slovakia in the pandemic year 2020<\/h2>\n<p>Branislav \u0160procha, Branislav \u0160procha, INFOSTAT \u2013 Demographic Research Centre, Slovak Republic<\/p>\n<h2 class=\"soon\">Searching for effective methods and tools to assess the epidemic situation<\/h2>\n<p>Mikul\u00e1\u0161 C\u00e1r, Slovak Statistical and Demographic Society, Slovak Republic<\/p>\n<h2 class=\"soon\">Analysis of causal relations between variables<\/h2>\n<p>Milan Terek, The School of Management, Slovak Republic<\/p>\n<h2 class=\"soon\">Quality evaluation of administrative data for needs of the Statistical Office of the Slovak republic<\/h2>\n<p>Boris Va\u0148o, INFOSTAT \u2013 Demographic Research Centre, Slovak Republic<\/p>\n<\/div><\/div><\/div><\/div><\/div><\/div><\/div><\/section>\n","protected":false},"excerpt":{"rendered":"Silvia Hudecov\u00e1, Csilla Ki\u0161\u0161ov\u00e1, Ivana Majzl\u00edkov\u00e1, Monika R\u00e1ko\u0161ov\u00e1, Michaela Rege\u0161ov\u00e1, Silvia Tomkovi\u010dov\u00e1, Adam Zetek, \u0160tatistick\u00fd \u00farad Slovenskej republiky, Slovensk\u00e1 republika Typ \u010dl\u00e1nku: inform\u00e1cia Strany: 55 - 69 \u010cl\u00e1nok na stiahnutie PDF (2,2 MB, 485 stiahnut\u00ed)","protected":false},"author":8,"featured_media":0,"parent":0,"menu_order":0,"comment_status":"closed","ping_status":"closed","template":"","meta":{"_exactmetrics_skip_tracking":false,"_exactmetrics_sitenote_active":false,"_exactmetrics_sitenote_note":"","_exactmetrics_sitenote_category":0,"footnotes":""},"class_list":["post-3159","page","type-page","status-publish","hentry"],"_links":{"self":[{"href":"https:\/\/ssad.statistics.sk\/SSaD\/index.php\/wp-json\/wp\/v2\/pages\/3159","targetHints":{"allow":["GET"]}}],"collection":[{"href":"https:\/\/ssad.statistics.sk\/SSaD\/index.php\/wp-json\/wp\/v2\/pages"}],"about":[{"href":"https:\/\/ssad.statistics.sk\/SSaD\/index.php\/wp-json\/wp\/v2\/types\/page"}],"author":[{"embeddable":true,"href":"https:\/\/ssad.statistics.sk\/SSaD\/index.php\/wp-json\/wp\/v2\/users\/8"}],"replies":[{"embeddable":true,"href":"https:\/\/ssad.statistics.sk\/SSaD\/index.php\/wp-json\/wp\/v2\/comments?post=3159"}],"version-history":[{"count":14,"href":"https:\/\/ssad.statistics.sk\/SSaD\/index.php\/wp-json\/wp\/v2\/pages\/3159\/revisions"}],"predecessor-version":[{"id":4175,"href":"https:\/\/ssad.statistics.sk\/SSaD\/index.php\/wp-json\/wp\/v2\/pages\/3159\/revisions\/4175"}],"wp:attachment":[{"href":"https:\/\/ssad.statistics.sk\/SSaD\/index.php\/wp-json\/wp\/v2\/media?parent=3159"}],"curies":[{"name":"wp","href":"https:\/\/api.w.org\/{rel}","templated":true}]}}