{"id":3055,"date":"2021-10-14T13:20:01","date_gmt":"2021-10-14T11:20:01","guid":{"rendered":"https:\/\/ssad.statistics.sk\/SSaD\/?page_id=3055"},"modified":"2024-10-15T12:48:47","modified_gmt":"2024-10-15T10:48:47","slug":"slovenska-statistika-a-demografia-4-2021","status":"publish","type":"page","link":"https:\/\/ssad.statistics.sk\/SSaD\/index.php\/slovenska-statistika-a-demografia-4-2021\/","title":{"rendered":"Slovensk\u00e1 \u0161tatistika a demografia 4\/2021"},"content":{"rendered":"<section class=\"l-section wpb_row us_custom_5f01f778 height_auto\"><div class=\"l-section-h i-cf\"><div class=\"g-cols vc_row via_flex valign_top type_default stacking_default\"><div class=\"vc_col-sm-12 wpb_column vc_column_container\"><div class=\"vc_column-inner\"><div class=\"wpb_wrapper\"><div class=\"wpb_text_column\"><div class=\"wpb_wrapper\"><h1><\/h1>\n<h1>Slovensk\u00e1 \u0161tatistika a demografia 4\/2021<\/h1>\n<\/div><\/div><\/div><\/div><\/div><\/div><\/div><\/section><section class=\"l-section wpb_row us_custom_18c73a72 height_auto\"><div class=\"l-section-h i-cf\"><div class=\"g-cols vc_row via_flex valign_top type_default stacking_default\"><div class=\"vc_col-sm-2 wpb_column vc_column_container\"><div class=\"vc_column-inner\"><div class=\"wpb_wrapper\"><div class=\"w-image style_outlined align_none\"><div class=\"w-image-h\"><img loading=\"lazy\" decoding=\"async\" width=\"142\" height=\"190\" src=\"https:\/\/ssad.statistics.sk\/SSaD\/wp-content\/uploads\/2021\/03\/SSaD_1_2021_142x190.png\" class=\"attachment-full size-full\" alt=\"\" \/><\/div><\/div><\/div><\/div><\/div><div class=\"vc_col-sm-6 wpb_column vc_column_container\"><div class=\"vc_column-inner\"><div class=\"wpb_wrapper\">[vc_raw_html]JTNDZGl2JTIwY2xhc3MlM0QlMjJkZXRhaWwlMjIlM0UlMjAlMEElMjAlMjAlMjAlMjAlM0NwJTNFUG8lQzQlOERldCUyMHN0ciVDMyVBMW4lM0ElMjA4MiUzQyUyRnAlM0UlMEElMjAlMjAlMjAlMjAlM0NwJTNFUGVyaW9kaWNpdGElM0ElMjA0LWtyJUMzJUExdCUyMHJvJUM0JThEbmUlM0MlMkZwJTNFJTIwJTIwJTIwJTBBJTIwJTIwJTIwJTIwJTNDcCUzRUlTU04lM0ElMjAxMzM5LTY4NTQlMjAlMjhvbmxpbmUlMjklM0MlMkZwJTNFJTBBJTIwJTIwJTIwJTIwJTNDcCUzRSUzQ3NwYW4lMjBzdHlsZSUzRCUyMnBhZGRpbmctbGVmdCUzQSUyMDQ3cHglM0IlMjIlM0UxMjEwLTEwOTUlMjAlMjh0bGElQzQlOERlbiVDMyVBOSUyMHZ5ZGFuaWUlMjklM0MlMkZzcGFuJTNFJTNDJTJGcCUzRSUwQSUzQyUyRmRpdiUzRQ==[\/vc_raw_html]<\/div><\/div><\/div><div class=\"vc_col-sm-4 wpb_column vc_column_container\"><div class=\"vc_column-inner\"><div class=\"wpb_wrapper\">[vc_raw_html]JTNDZGl2JTNFJTIwJTIwJTIwJTIwJTBBJTIwJTIwJTIwJTIwJTNDcCUzRSUzQ3NwYW4lMjBzdHlsZSUzRCUyMmxpbmUtaGVpZ2h0JTNBJTIwMi4xZW0lM0IlMjBwYWRkaW5nLWxlZnQlM0ElMjAwcHglM0IlMjBjb2xvciUzQSUyMCUyMzFlNGU5ZCUzQiUyMiUzRUtvbXBsZXRuJUMzJUE5JTIwJUM0JThEJUMzJUFEc2xvJTNDJTJGc3BhbiUzRSUzQ2JyJTNFJTIwJTVCZG93bmxvYWQlMjBpZCUzRCUyMjMwNiUyMiU1RCUyMHN0aWFobnV0JUMzJUFEJTI5JTNDJTJGc3BhbiUzRSUzQyUyRnAlM0UlMEElM0MlMkZkaXYlM0U=[\/vc_raw_html]<\/div><\/div><\/div><\/div><\/div><\/section><section class=\"l-section wpb_row us_custom_d984a24d height_auto\"><div class=\"l-section-h i-cf\"><div class=\"g-cols vc_row via_flex valign_top type_default stacking_default\"><div class=\"vc_col-sm-12 wpb_column vc_column_container\"><div class=\"vc_column-inner us_custom_5c07cc07\"><div class=\"wpb_wrapper\"><div class=\"w-separator us_custom_fd420121 has_text_color size_medium with_line width_default thick_1 style_dashed color_border align_center\"><div class=\"w-separator-h\"><\/div><\/div><\/div><\/div><\/div><\/div><\/div><\/section><section class=\"l-section wpb_row us_custom_46262dcf height_auto\"><div class=\"l-section-h i-cf\"><div class=\"g-cols vc_row via_flex valign_top type_default stacking_default\"><div class=\"vc_col-sm-12 wpb_column vc_column_container\"><div class=\"vc_column-inner\"><div class=\"wpb_wrapper\"><div class=\"w-grid us_custom_2b991ef7 type_grid layout_146\" id=\"us_grid_1\" data-filterable=\"true\"><style>#us_grid_1 .w-grid-item:not(:last-child){margin-bottom:2.5rem}#us_grid_1 .g-loadmore{margin-top:2.5rem}.layout_146 .w-grid-item-h{}.layout_146 .usg_post_title_1{font-family:var(--font-body)!important;font-size:21px!important}.layout_146 .usg_post_date_1{font-family:var(--font-body)!important;font-size:0.9rem!important}.layout_146 .usg_post_content_1{margin-top:0.5rem!important;font-family:var(--font-body)!important}@media (max-width:600px){.layout_146 .usg_post_title_1{font-size:18px!important}}<\/style><div class=\"w-grid-list\">\t<article class=\"w-grid-item size_1x1 post-3060 post type-post status-publish format-standard hentry category-4-2021-editorial tag-autor-boris-vano\" data-id=\"3060\">\r\n\t\t<div class=\"w-grid-item-h\">\r\n\t\t\t\t\t\t<h2 class=\"w-post-elm post_title usg_post_title_1 entry-title color_link_inherit\"><a href=\"https:\/\/ssad.statistics.sk\/SSaD\/index.php\/editorial-10\/\">Editori\u00e1l<\/a><\/h2><time class=\"w-post-elm post_date usg_post_date_1 entry-date published\" datetime=\"2021-10-15T03:25:56+02:00\"><i class=\"far fa-clock\"><\/i>15. okt\u00f3bra 2021<\/time><div class=\"w-post-elm post_content usg_post_content_1\"><p>Boris Va\u0148o, INFOSTAT \u2013 V\u00fdskumn\u00e9 demografick\u00e9 centrum, Slovensk\u00e1 republika<\/p>\n<p> <a href=\"https:\/\/ssad.statistics.sk\/SSaD\/index.php\/editorial-10\/#more-3060\" class=\"more-link\"><span aria-label=\"\u010c\u00edta\u0165 \u010falej Editori\u00e1l\">(viac&hellip;)<\/span><\/a><\/p>\n<\/div>\t\t<\/div>\r\n\t<\/article>\r\n<\/div><div class=\"w-grid-preloader\"><div class=\"g-preloader type_1\">\r\n\t<div><\/div>\r\n<\/div>\r\n<\/div>\t<div class=\"w-grid-json hidden\" onclick='return {&quot;action&quot;:&quot;us_ajax_grid&quot;,&quot;ajax_url&quot;:&quot;https:\\\/\\\/ssad.statistics.sk\\\/SSaD\\\/wp-admin\\\/admin-ajax.php&quot;,&quot;infinite_scroll&quot;:0,&quot;max_num_pages&quot;:1,&quot;pagination&quot;:&quot;none&quot;,&quot;permalink_url&quot;:&quot;https:\\\/\\\/ssad.statistics.sk\\\/SSaD\\\/wp-json\\\/wp\\\/v2\\\/pages\\\/3055&quot;,&quot;template_vars&quot;:{&quot;columns&quot;:&quot;1&quot;,&quot;exclude_items&quot;:&quot;none&quot;,&quot;img_size&quot;:&quot;default&quot;,&quot;ignore_items_size&quot;:0,&quot;items_layout&quot;:&quot;146&quot;,&quot;items_offset&quot;:&quot;1&quot;,&quot;load_animation&quot;:&quot;none&quot;,&quot;overriding_link&quot;:&quot;none&quot;,&quot;post_id&quot;:3055,&quot;query_args&quot;:{&quot;post_type&quot;:[&quot;post&quot;],&quot;tax_query&quot;:[{&quot;taxonomy&quot;:&quot;category&quot;,&quot;field&quot;:&quot;slug&quot;,&quot;terms&quot;:[&quot;4-2021-editorial&quot;]}],&quot;post_status&quot;:[&quot;publish&quot;],&quot;posts_per_page&quot;:&quot;10&quot;},&quot;orderby_query_args&quot;:{&quot;orderby&quot;:{&quot;date&quot;:&quot;DESC&quot;}},&quot;type&quot;:&quot;grid&quot;,&quot;us_grid_ajax_index&quot;:1,&quot;us_grid_filter_params&quot;:null,&quot;us_grid_index&quot;:1,&quot;_us_grid_post_type&quot;:&quot;post&quot;}}'><\/div>\r\n\t<\/div><\/div><\/div><\/div><\/div><\/div><\/section><section class=\"l-section wpb_row us_custom_c4a4bb17 height_auto\"><div class=\"l-section-h i-cf\"><div class=\"g-cols vc_row via_flex valign_top type_default stacking_default\"><div class=\"vc_col-sm-12 wpb_column vc_column_container\"><div class=\"vc_column-inner\"><div class=\"wpb_wrapper\"><div class=\"wpb_text_column\"><div class=\"wpb_wrapper\"><h2>VEDECK\u00c9 \u010cL\u00c1NKY<\/h2>\n<div class=\"w-grid us_custom_2b991ef7 type_grid layout_146\" id=\"us_grid_2\"><style>#us_grid_2 .w-grid-item:not(:last-child){margin-bottom:2.5rem}#us_grid_2 .g-loadmore{margin-top:2.5rem}<\/style><div class=\"w-grid-list\">\t<article class=\"w-grid-item size_1x1 post-3064 post type-post status-publish format-standard hentry category-4-2021-vedecke-clanky tag-18-1-pol-20-storocia tag-autor-pavol-tisliar tag-dejiny-zdravotnictva tag-epidemie tag-obyvatelstvo tag-slovensko-v-uhorsku\" data-id=\"3064\">\r\n\t\t<div class=\"w-grid-item-h\">\r\n\t\t\t\t\t\t<h2 class=\"w-post-elm post_title usg_post_title_1 entry-title color_link_inherit\"><a href=\"https:\/\/ssad.statistics.sk\/SSaD\/index.php\/strucny-prehlad-vyskytu-infekcnych-chorob-na-slovensku-do-1-polovice-20-storocia\/\">Stru\u010dn\u00fd preh\u013ead v\u00fdskytu infek\u010dn\u00fdch chor\u00f4b na Slovensku do 1. polovice 20. storo\u010dia<\/a><\/h2><time class=\"w-post-elm post_date usg_post_date_1 entry-date published\" datetime=\"2021-10-15T04:42:25+02:00\"><i class=\"far fa-clock\"><\/i>15. okt\u00f3bra 2021<\/time><div class=\"w-post-elm post_content usg_post_content_1\"><p>Pavol Ti\u0161liar, Filozofick\u00e1 fakulta, Univerzita sv. Cyrila a Metoda v Trnave, Slovensk\u00e1 republika<br \/>\nFilozofick\u00e1 fakulta, Masarykova univerzita v Brne, \u010cesk\u00e1 republika<\/p>\n<p> <a href=\"https:\/\/ssad.statistics.sk\/SSaD\/index.php\/strucny-prehlad-vyskytu-infekcnych-chorob-na-slovensku-do-1-polovice-20-storocia\/#more-3064\" class=\"more-link\"><span aria-label=\"\u010c\u00edta\u0165 \u010falej Stru\u010dn\u00fd preh\u013ead v\u00fdskytu infek\u010dn\u00fdch chor\u00f4b na Slovensku do 1. polovice 20. storo\u010dia\">(viac&hellip;)<\/span><\/a><\/p>\n<\/div>\t\t<\/div>\r\n\t<\/article>\r\n\t<article class=\"w-grid-item size_1x1 post-3066 post type-post status-publish format-standard hentry category-4-2021-vedecke-clanky tag-autor-mikulas-car tag-covidovy-automat tag-hodnotenie-epidemickej-situacie tag-vyber-ukazovatelov\" data-id=\"3066\">\r\n\t\t<div class=\"w-grid-item-h\">\r\n\t\t\t\t\t\t<h2 class=\"w-post-elm post_title usg_post_title_1 entry-title color_link_inherit\"><a href=\"https:\/\/ssad.statistics.sk\/SSaD\/index.php\/dolezite-empiricke-poznatky-z-hodnotenia-epidemickej-situacie-na-slovensku\/\">D\u00f4le\u017eit\u00e9 empirick\u00e9 poznatky z hodnotenia epidemickej situ\u00e1cie na Slovensku<\/a><\/h2><time class=\"w-post-elm post_date usg_post_date_1 entry-date published\" datetime=\"2021-10-15T03:46:24+02:00\"><i class=\"far fa-clock\"><\/i>15. okt\u00f3bra 2021<\/time><div class=\"w-post-elm post_content usg_post_content_1\"><p>Mikul\u00e1\u0161 C\u00e1r, Slovensk\u00e1 \u0161tatistick\u00e1 a demografick\u00e1 spolo\u010dnos\u0165, Slovensk\u00e1 republika<\/p>\n<p> <a href=\"https:\/\/ssad.statistics.sk\/SSaD\/index.php\/dolezite-empiricke-poznatky-z-hodnotenia-epidemickej-situacie-na-slovensku\/#more-3066\" class=\"more-link\"><span aria-label=\"\u010c\u00edta\u0165 \u010falej D\u00f4le\u017eit\u00e9 empirick\u00e9 poznatky z hodnotenia epidemickej situ\u00e1cie na Slovensku\">(viac&hellip;)<\/span><\/a><\/p>\n<\/div>\t\t<\/div>\r\n\t<\/article>\r\n\t<article class=\"w-grid-item size_1x1 post-3068 post type-post status-publish format-standard hentry category-4-2021-vedecke-clanky tag-autor-adriana-lukacikova tag-autor-karol-szomolanyi tag-autor-martin-lukacik tag-globalna-ekonomika tag-model-realneho-hospodarskeho-cyklu-dvoch-obdobi tag-pandemia-covid-19\" data-id=\"3068\">\r\n\t\t<div class=\"w-grid-item-h\">\r\n\t\t\t\t\t\t<h2 class=\"w-post-elm post_title usg_post_title_1 entry-title color_link_inherit\"><a href=\"https:\/\/ssad.statistics.sk\/SSaD\/index.php\/okamzity-dosah-pandemie-covid-19-na-globalnu-ekonomiku-v-ramci-modelu-realneho-hospodarskeho-cyklu-dvoch-obdobi\/\">Okam\u017eit\u00fd dosah pand\u00e9mie Covid-19 na glob\u00e1lnu ekonomiku v r\u00e1mci modelu re\u00e1lneho hospod\u00e1rskeho cyklu dvoch obdob\u00ed<\/a><\/h2><time class=\"w-post-elm post_date usg_post_date_1 entry-date published\" datetime=\"2021-10-15T02:01:10+02:00\"><i class=\"far fa-clock\"><\/i>15. okt\u00f3bra 2021<\/time><div class=\"w-post-elm post_content usg_post_content_1\"><p>Karol Szomol\u00e1nyi, Martin Luk\u00e1\u010dik, Adriana Luk\u00e1\u010dikov\u00e1, Fakulta hospod\u00e1rskej informatiky, Ekonomick\u00e1 univerzita v Bratislave, Slovensk\u00e1 republika<\/p>\n<p> <a href=\"https:\/\/ssad.statistics.sk\/SSaD\/index.php\/okamzity-dosah-pandemie-covid-19-na-globalnu-ekonomiku-v-ramci-modelu-realneho-hospodarskeho-cyklu-dvoch-obdobi\/#more-3068\" class=\"more-link\"><span aria-label=\"\u010c\u00edta\u0165 \u010falej Okam\u017eit\u00fd dosah pand\u00e9mie Covid-19 na glob\u00e1lnu ekonomiku v r\u00e1mci modelu re\u00e1lneho hospod\u00e1rskeho cyklu dvoch obdob\u00ed\">(viac&hellip;)<\/span><\/a><\/p>\n<\/div>\t\t<\/div>\r\n\t<\/article>\r\n\t<article class=\"w-grid-item size_1x1 post-3071 post type-post status-publish format-standard hentry category-4-2021-vedecke-clanky tag-autor-branislav-sprocha tag-covid-19 tag-dekompozicia tag-priciny-smrti tag-slovensko tag-stredna-dlzka-zivota tag-umrtnost\" data-id=\"3071\">\r\n\t\t<div class=\"w-grid-item-h\">\r\n\t\t\t\t\t\t<h2 class=\"w-post-elm post_title usg_post_title_1 entry-title color_link_inherit\"><a href=\"https:\/\/ssad.statistics.sk\/SSaD\/index.php\/pandemia-ochorenia-covid-19-v-roku-2020-a-niektore-charakteristiky-umrtnosti-na-slovensku-15-oktobra-2021\/\">Pand\u00e9mia ochorenia Covid-19 v roku 2020 a niektor\u00e9 charakteristiky \u00famrtnosti na Slovensku<\/a><\/h2><time class=\"w-post-elm post_date usg_post_date_1 entry-date published\" datetime=\"2021-10-15T01:11:52+02:00\"><i class=\"far fa-clock\"><\/i>15. okt\u00f3bra 2021<\/time><div class=\"w-post-elm post_content usg_post_content_1\"><p>Branislav \u0160procha, INFOSTAT \u2013 V\u00fdskumn\u00e9 demografick\u00e9 centrum, Centrum spolo\u010densk\u00fdch a psychologick\u00fdch vied Slovenskej akad\u00e9mie vied, Slovensk\u00e1 republika<\/p>\n<p> <a href=\"https:\/\/ssad.statistics.sk\/SSaD\/index.php\/pandemia-ochorenia-covid-19-v-roku-2020-a-niektore-charakteristiky-umrtnosti-na-slovensku-15-oktobra-2021\/#more-3071\" class=\"more-link\"><span aria-label=\"\u010c\u00edta\u0165 \u010falej Pand\u00e9mia ochorenia Covid-19 v roku 2020 a niektor\u00e9 charakteristiky \u00famrtnosti na Slovensku\">(viac&hellip;)<\/span><\/a><\/p>\n<\/div>\t\t<\/div>\r\n\t<\/article>\r\n<\/div><div class=\"w-grid-preloader\"><div class=\"g-preloader type_1\">\r\n\t<div><\/div>\r\n<\/div>\r\n<\/div>\t<div class=\"w-grid-json hidden\" onclick='return {&quot;action&quot;:&quot;us_ajax_grid&quot;,&quot;ajax_url&quot;:&quot;https:\\\/\\\/ssad.statistics.sk\\\/SSaD\\\/wp-admin\\\/admin-ajax.php&quot;,&quot;infinite_scroll&quot;:0,&quot;max_num_pages&quot;:1,&quot;pagination&quot;:&quot;none&quot;,&quot;permalink_url&quot;:&quot;https:\\\/\\\/ssad.statistics.sk\\\/SSaD\\\/wp-json\\\/wp\\\/v2\\\/pages\\\/3055&quot;,&quot;template_vars&quot;:{&quot;columns&quot;:&quot;1&quot;,&quot;exclude_items&quot;:&quot;none&quot;,&quot;img_size&quot;:&quot;default&quot;,&quot;ignore_items_size&quot;:0,&quot;items_layout&quot;:&quot;146&quot;,&quot;items_offset&quot;:&quot;1&quot;,&quot;load_animation&quot;:&quot;none&quot;,&quot;overriding_link&quot;:&quot;none&quot;,&quot;post_id&quot;:3060,&quot;query_args&quot;:{&quot;post_type&quot;:[&quot;post&quot;],&quot;tax_query&quot;:[{&quot;taxonomy&quot;:&quot;category&quot;,&quot;field&quot;:&quot;slug&quot;,&quot;terms&quot;:[&quot;4-2021-vedecke-clanky&quot;]}],&quot;post_status&quot;:[&quot;publish&quot;],&quot;posts_per_page&quot;:&quot;20&quot;},&quot;orderby_query_args&quot;:{&quot;orderby&quot;:{&quot;date&quot;:&quot;DESC&quot;}},&quot;type&quot;:&quot;grid&quot;,&quot;us_grid_ajax_index&quot;:1,&quot;us_grid_filter_params&quot;:null,&quot;us_grid_index&quot;:2,&quot;_us_grid_post_type&quot;:&quot;post&quot;}}'><\/div>\r\n\t<\/div>\n<\/div><\/div><\/div><\/div><\/div><\/div><\/div><\/section><section class=\"l-section wpb_row us_custom_c4a4bb17 height_auto\"><div class=\"l-section-h i-cf\"><div class=\"g-cols vc_row via_flex valign_top type_default stacking_default\"><div class=\"vc_col-sm-12 wpb_column vc_column_container\"><div class=\"vc_column-inner\"><div class=\"wpb_wrapper\"><div class=\"wpb_text_column\"><div class=\"wpb_wrapper\"><h2>INFORMAT\u00cdVNE \u010cL\u00c1NKY, N\u00c1ZORY, RECENZIE, ROZHOVORY, INFORM\u00c1CIE<\/h2>\n<div class=\"w-grid us_custom_2b991ef7 type_grid layout_146\" id=\"us_grid_3\"><style>#us_grid_3 .w-grid-item:not(:last-child){margin-bottom:2.5rem}#us_grid_3 .g-loadmore{margin-top:2.5rem}<\/style><div class=\"w-grid-list\">\t<article class=\"w-grid-item size_1x1 post-3074 post type-post status-publish format-standard hentry category-4-2021-informativne-clanky-nazory-recenzie-rozhovory-informacie tag-autor-silvia-hudecova\" data-id=\"3074\">\r\n\t\t<div class=\"w-grid-item-h\">\r\n\t\t\t\t\t\t<h2 class=\"w-post-elm post_title usg_post_title_1 entry-title color_link_inherit\"><a href=\"https:\/\/ssad.statistics.sk\/SSaD\/index.php\/20-slovenska-statisticka-konferencia-a-18-slovenska-demograficka-konferencia\/\">20. slovensk\u00e1 \u0161tatistick\u00e1 konferencia a 18. slovensk\u00e1 demografick\u00e1 konferencia<\/a><\/h2><time class=\"w-post-elm post_date usg_post_date_1 entry-date published\" datetime=\"2021-10-15T03:00:08+02:00\"><i class=\"far fa-clock\"><\/i>15. okt\u00f3bra 2021<\/time><div class=\"w-post-elm post_content usg_post_content_1\"><p>Silvia Hudecov\u00e1, \u0160tatistick\u00fd \u00farad Slovenskej republiky, Slovensk\u00e1 republika<\/p>\n<p> <a href=\"https:\/\/ssad.statistics.sk\/SSaD\/index.php\/20-slovenska-statisticka-konferencia-a-18-slovenska-demograficka-konferencia\/#more-3074\" class=\"more-link\"><span aria-label=\"\u010c\u00edta\u0165 \u010falej 20. slovensk\u00e1 \u0161tatistick\u00e1 konferencia a 18. slovensk\u00e1 demografick\u00e1 konferencia\">(viac&hellip;)<\/span><\/a><\/p>\n<\/div>\t\t<\/div>\r\n\t<\/article>\r\n\t<article class=\"w-grid-item size_1x1 post-3076 post type-post status-publish format-standard hentry category-4-2021-informativne-clanky-nazory-recenzie-rozhovory-informacie tag-autor-branislav-sprocha\" data-id=\"3076\">\r\n\t\t<div class=\"w-grid-item-h\">\r\n\t\t\t\t\t\t<h2 class=\"w-post-elm post_title usg_post_title_1 entry-title color_link_inherit\"><a href=\"https:\/\/ssad.statistics.sk\/SSaD\/index.php\/50-vyrocna-konferencia-ceskej-demografickej-spolocnosti\/\">50. v\u00fdro\u010dn\u00e1 konferencia \u010ceskej demografickej spolo\u010dnosti<\/a><\/h2><time class=\"w-post-elm post_date usg_post_date_1 entry-date published\" datetime=\"2021-10-15T02:00:28+02:00\"><i class=\"far fa-clock\"><\/i>15. okt\u00f3bra 2021<\/time><div class=\"w-post-elm post_content usg_post_content_1\"><p>Branislav \u0160procha, INFOSTAT \u2013 V\u00fdskumn\u00e9 demografick\u00e9 centrum, Centrum spolo\u010densk\u00fdch a psychologick\u00fdch vied Slovenskej akad\u00e9mie vied, Slovensk\u00e1 republika<\/p>\n<p> <a href=\"https:\/\/ssad.statistics.sk\/SSaD\/index.php\/50-vyrocna-konferencia-ceskej-demografickej-spolocnosti\/#more-3076\" class=\"more-link\"><span aria-label=\"\u010c\u00edta\u0165 \u010falej 50. v\u00fdro\u010dn\u00e1 konferencia \u010ceskej demografickej spolo\u010dnosti\">(viac&hellip;)<\/span><\/a><\/p>\n<\/div>\t\t<\/div>\r\n\t<\/article>\r\n\t<article class=\"w-grid-item size_1x1 post-3078 post type-post status-publish format-standard hentry category-4-2021-informativne-clanky-nazory-recenzie-rozhovory-informacie tag-autor-martin-boda\" data-id=\"3078\">\r\n\t\t<div class=\"w-grid-item-h\">\r\n\t\t\t\t\t\t<h2 class=\"w-post-elm post_title usg_post_title_1 entry-title color_link_inherit\"><a href=\"https:\/\/ssad.statistics.sk\/SSaD\/index.php\/lucime-sa-s-doc-ing-vladimirom-uradnickom-ph-d\/\">L\u00fa\u010dime sa s doc. Ing. Vladim\u00edrom \u00daradn\u00ed\u010dkom Ph.D.<\/a><\/h2><time class=\"w-post-elm post_date usg_post_date_1 entry-date published\" datetime=\"2021-10-15T00:01:56+02:00\"><i class=\"far fa-clock\"><\/i>15. okt\u00f3bra 2021<\/time><div class=\"w-post-elm post_content usg_post_content_1\"><p>Martin Bo\u010fa, Ekonomick\u00e1 fakulta, Univerzita Mateja Bela v Banskej Bystrici, Slovensk\u00e1 republika<\/p>\n<p> <a href=\"https:\/\/ssad.statistics.sk\/SSaD\/index.php\/lucime-sa-s-doc-ing-vladimirom-uradnickom-ph-d\/#more-3078\" class=\"more-link\"><span aria-label=\"\u010c\u00edta\u0165 \u010falej L\u00fa\u010dime sa s doc. Ing. Vladim\u00edrom \u00daradn\u00ed\u010dkom Ph.D.\">(viac&hellip;)<\/span><\/a><\/p>\n<\/div>\t\t<\/div>\r\n\t<\/article>\r\n<\/div><div class=\"w-grid-preloader\"><div class=\"g-preloader type_1\">\r\n\t<div><\/div>\r\n<\/div>\r\n<\/div>\t<div class=\"w-grid-json hidden\" onclick='return {&quot;action&quot;:&quot;us_ajax_grid&quot;,&quot;ajax_url&quot;:&quot;https:\\\/\\\/ssad.statistics.sk\\\/SSaD\\\/wp-admin\\\/admin-ajax.php&quot;,&quot;infinite_scroll&quot;:0,&quot;max_num_pages&quot;:1,&quot;pagination&quot;:&quot;none&quot;,&quot;permalink_url&quot;:&quot;https:\\\/\\\/ssad.statistics.sk\\\/SSaD\\\/wp-json\\\/wp\\\/v2\\\/pages\\\/3055&quot;,&quot;template_vars&quot;:{&quot;columns&quot;:&quot;1&quot;,&quot;exclude_items&quot;:&quot;none&quot;,&quot;img_size&quot;:&quot;default&quot;,&quot;ignore_items_size&quot;:0,&quot;items_layout&quot;:&quot;146&quot;,&quot;items_offset&quot;:&quot;1&quot;,&quot;load_animation&quot;:&quot;none&quot;,&quot;overriding_link&quot;:&quot;none&quot;,&quot;post_id&quot;:3071,&quot;query_args&quot;:{&quot;post_type&quot;:[&quot;post&quot;],&quot;tax_query&quot;:[{&quot;taxonomy&quot;:&quot;category&quot;,&quot;field&quot;:&quot;slug&quot;,&quot;terms&quot;:[&quot;4-2021-informativne-clanky-nazory-recenzie-rozhovory-informacie&quot;]}],&quot;post_status&quot;:[&quot;publish&quot;],&quot;posts_per_page&quot;:&quot;20&quot;},&quot;orderby_query_args&quot;:{&quot;orderby&quot;:{&quot;date&quot;:&quot;DESC&quot;}},&quot;type&quot;:&quot;grid&quot;,&quot;us_grid_ajax_index&quot;:1,&quot;us_grid_filter_params&quot;:null,&quot;us_grid_index&quot;:3,&quot;_us_grid_post_type&quot;:&quot;post&quot;}}'><\/div>\r\n\t<\/div>\n<\/div><\/div><\/div><\/div><\/div><\/div><\/div><\/section><section class=\"l-section wpb_row us_custom_c4a4bb17 height_auto\"><div class=\"l-section-h i-cf\"><div class=\"g-cols vc_row via_flex valign_top type_default stacking_default\"><div class=\"vc_col-sm-12 wpb_column vc_column_container\"><div class=\"vc_column-inner us_custom_5c07cc07\"><div class=\"wpb_wrapper\"><div class=\"wpb_text_column\"><div class=\"wpb_wrapper\"><h2>PRIPRAVUJEME<\/h2>\n<p>Monotematick\u00e9 \u010d\u00edslo Slovenskej \u0161tatistiky a demografie 1\/2022 zameran\u00e9 na <strong>S\u010d\u00edtanie obyvate\u013eov, domov a\u00a0bytov 2021.<\/strong><\/p>\n<h2 class=\"soon\">Editori\u00e1l<\/h2>\n<p>\u013dudmila Ivan\u010d\u00edkov\u00e1, \u0160tatistick\u00fd \u00farad Slovenskej republiky, Slovensk\u00e1 republika<\/p>\n<h2 class=\"soon\">V\u00fdchodisk\u00e1 konceptu nov\u00e9ho s\u010d\u00edtania a jeho pr\u00edprava<\/h2>\n<p>\u013dudmila Ivan\u010d\u00edkov\u00e1, Zuzana Podmanick\u00e1, \u0160tatistick\u00fd \u00farad Slovenskej republiky, Slovensk\u00e1 republika<\/p>\n<h2 class=\"soon\">Koncept \u00fazemnej pr\u00edpravy pre S\u010d\u00edtanie obyvate\u013eov, domov a bytov 2021 so zameran\u00edm na \u0161tatistick\u00e9 adresn\u00e9 body<\/h2>\n<p>Andrea Schittenhelm, Lucia Vani\u0161ov\u00e1, \u0160tatistick\u00fd \u00farad Slovenskej republiky, Slovensk\u00e1 republika<\/p>\n<h2 class=\"soon\">Teoreticko-metodologick\u00e9 v\u00fdchodisk\u00e1 syst\u00e9mu pre S\u010d\u00edtanie domov a bytov 2021<\/h2>\n<p>Lucia Vani\u0161ov\u00e1, \u0160tatistick\u00fd \u00farad Slovenskej republiky, Slovensk\u00e1 republika<\/p>\n<h2 class=\"soon\">Tvorba integra\u010dn\u00e9ho zoznamu rodn\u00fdch \u010d\u00edsel pre \u00fa\u010del autentifik\u00e1cie obyvate\u013ea v elektronickom s\u010d\u00edtan\u00ed<\/h2>\n<p>Martin Ko\u010di\u0161, Cindy Erdelyi, \u0160tatistick\u00fd \u00farad Slovenskej republiky, Slovensk\u00e1 republika<\/p>\n<h2 class=\"soon\">Podpora ter\u00e9nneho zis\u0165ovania pre prv\u00e9 elektronick\u00e9 s\u010d\u00edtanie obyvate\u013eov, domov a bytov<\/h2>\n<p>Csilla Ki\u0161\u0161ov\u00e1, Silvia Tomkovi\u010dov\u00e1, Ivana Majzl\u00edkov\u00e1, Silvia Hudecov\u00e1, Michaela Rege\u0161ov\u00e1, Adam Zetek, Monika R\u00e1ko\u0161ov\u00e1, \u0160tatistick\u00fd \u00farad Slovenskej republiky, Slovensk\u00e1 republika<\/p>\n<h2 class=\"soon\">Propaga\u010dno-komunika\u010dn\u00e1 kampa\u0148 S\u010d\u00edtania obyvate\u013eov, domov a bytov 2021<\/h2>\n<p>Silvia Hudecov\u00e1, Michaela Rege\u0161ov\u00e1, \u0160tatistick\u00fd \u00farad Slovenskej republiky, Slovensk\u00e1 republika<\/p>\n<\/div><\/div><\/div><\/div><\/div><\/div><\/div><\/section>\n","protected":false},"excerpt":{"rendered":"Martin Bo\u010fa, Ekonomick\u00e1 fakulta, Univerzita Mateja Bela v Banskej Bystrici, Slovensk\u00e1 republika Typ \u010dl\u00e1nku: nekrol\u00f3g Strany: 79 - 80 \u010cl\u00e1nok na stiahnutie PDF (1,2 MB, 423 stiahnut\u00ed)","protected":false},"author":4,"featured_media":0,"parent":0,"menu_order":0,"comment_status":"closed","ping_status":"closed","template":"","meta":{"_exactmetrics_skip_tracking":false,"_exactmetrics_sitenote_active":false,"_exactmetrics_sitenote_note":"","_exactmetrics_sitenote_category":0,"footnotes":""},"class_list":["post-3055","page","type-page","status-publish","hentry"],"_links":{"self":[{"href":"https:\/\/ssad.statistics.sk\/SSaD\/index.php\/wp-json\/wp\/v2\/pages\/3055","targetHints":{"allow":["GET"]}}],"collection":[{"href":"https:\/\/ssad.statistics.sk\/SSaD\/index.php\/wp-json\/wp\/v2\/pages"}],"about":[{"href":"https:\/\/ssad.statistics.sk\/SSaD\/index.php\/wp-json\/wp\/v2\/types\/page"}],"author":[{"embeddable":true,"href":"https:\/\/ssad.statistics.sk\/SSaD\/index.php\/wp-json\/wp\/v2\/users\/4"}],"replies":[{"embeddable":true,"href":"https:\/\/ssad.statistics.sk\/SSaD\/index.php\/wp-json\/wp\/v2\/comments?post=3055"}],"version-history":[{"count":14,"href":"https:\/\/ssad.statistics.sk\/SSaD\/index.php\/wp-json\/wp\/v2\/pages\/3055\/revisions"}],"predecessor-version":[{"id":4162,"href":"https:\/\/ssad.statistics.sk\/SSaD\/index.php\/wp-json\/wp\/v2\/pages\/3055\/revisions\/4162"}],"wp:attachment":[{"href":"https:\/\/ssad.statistics.sk\/SSaD\/index.php\/wp-json\/wp\/v2\/media?parent=3055"}],"curies":[{"name":"wp","href":"https:\/\/api.w.org\/{rel}","templated":true}]}}