{"id":2987,"date":"2021-07-14T15:37:59","date_gmt":"2021-07-14T13:37:59","guid":{"rendered":"https:\/\/ssad.statistics.sk\/SSaD\/?page_id=2987"},"modified":"2024-10-15T14:53:50","modified_gmt":"2024-10-15T12:53:50","slug":"2987-2","status":"publish","type":"page","link":"https:\/\/ssad.statistics.sk\/SSaD\/index.php\/2987-2\/","title":{"rendered":"Slovensk\u00e1 \u0161tatistika a demografia 3\/2021"},"content":{"rendered":"<section class=\"l-section wpb_row us_custom_5f01f778 height_auto\"><div class=\"l-section-h i-cf\"><div class=\"g-cols vc_row via_flex valign_top type_default stacking_default\"><div class=\"vc_col-sm-12 wpb_column vc_column_container\"><div class=\"vc_column-inner\"><div class=\"wpb_wrapper\"><div class=\"wpb_text_column\"><div class=\"wpb_wrapper\"><h1><\/h1>\n<h1>Slovensk\u00e1 \u0161tatistika a demografia 3\/2021<\/h1>\n<\/div><\/div><\/div><\/div><\/div><\/div><\/div><\/section><section class=\"l-section wpb_row us_custom_18c73a72 height_auto\"><div class=\"l-section-h i-cf\"><div class=\"g-cols vc_row via_flex valign_top type_default stacking_default\"><div class=\"vc_col-sm-2 wpb_column vc_column_container\"><div class=\"vc_column-inner\"><div class=\"wpb_wrapper\"><div class=\"w-image style_outlined align_none\"><div class=\"w-image-h\"><img loading=\"lazy\" decoding=\"async\" width=\"142\" height=\"190\" src=\"https:\/\/ssad.statistics.sk\/SSaD\/wp-content\/uploads\/2021\/03\/SSaD_1_2021_142x190.png\" class=\"attachment-full size-full\" alt=\"\" \/><\/div><\/div><\/div><\/div><\/div><div class=\"vc_col-sm-6 wpb_column vc_column_container\"><div class=\"vc_column-inner\"><div class=\"wpb_wrapper\">[vc_raw_html]JTNDZGl2JTIwY2xhc3MlM0QlMjJkZXRhaWwlMjIlM0UlMjAlMEElMjAlMjAlMjAlMjAlM0NwJTNFUG8lQzQlOERldCUyMHN0ciVDMyVBMW4lM0ElMjAxMDIlM0MlMkZwJTNFJTBBJTIwJTIwJTIwJTIwJTNDcCUzRVBlcmlvZGljaXRhJTNBJTIwNC1rciVDMyVBMXQlMjBybyVDNCU4RG5lJTNDJTJGcCUzRSUyMCUyMCUyMCUwQSUyMCUyMCUyMCUyMCUzQ3AlM0VJU1NOJTNBJTIwMTMzOS02ODU0JTIwJTI4b25saW5lJTI5JTNDJTJGcCUzRSUwQSUyMCUyMCUyMCUyMCUzQ3AlM0UlM0NzcGFuJTIwc3R5bGUlM0QlMjJwYWRkaW5nLWxlZnQlM0ElMjA0N3B4JTNCJTIyJTNFMTIxMC0xMDk1JTIwJTI4dGxhJUM0JThEZW4lQzMlQTklMjB2eWRhbmllJTI5JTNDJTJGc3BhbiUzRSUzQyUyRnAlM0UlMEElM0MlMkZkaXYlM0U=[\/vc_raw_html]<\/div><\/div><\/div><div class=\"vc_col-sm-4 wpb_column vc_column_container\"><div class=\"vc_column-inner\"><div class=\"wpb_wrapper\">[vc_raw_html css=&#8220;.vc_custom_1554879145650{margin-top: 3.35em !important;}&#8220; el_class=&#8220;download-content&#8220;]JTNDZGl2JTNFJTIwJTIwJTIwJTIwJTBBJTIwJTIwJTIwJTIwJTNDcCUzRSUzQ3NwYW4lMjBzdHlsZSUzRCUyMmxpbmUtaGVpZ2h0JTNBJTIwMi4xZW0lM0IlMjBwYWRkaW5nLWxlZnQlM0ElMjAwcHglM0IlMjBjb2xvciUzQSUyMCUyMzFlNGU5ZCUzQiUyMiUzRUtvbXBsZXRuJUMzJUE5JTIwJUM0JThEJUMzJUFEc2xvJTNDJTJGc3BhbiUzRSUzQ2JyJTNFJTIwJTVCZG93bmxvYWQlMjBpZCUzRCUyMjI5NyUyMiU1RCUyMHN0aWFobnV0JUMzJUFEJTI5JTNDJTJGc3BhbiUzRSUzQyUyRnAlM0UlMEElM0MlMkZkaXYlM0U=[\/vc_raw_html]<\/div><\/div><\/div><\/div><\/div><\/section><section class=\"l-section wpb_row us_custom_5c07cc07 height_auto\"><div class=\"l-section-h i-cf\"><div class=\"g-cols vc_row via_flex valign_top type_default stacking_default\"><div class=\"vc_col-sm-12 wpb_column vc_column_container\"><div class=\"vc_column-inner\"><div class=\"wpb_wrapper\"><div class=\"w-separator us_custom_fd420121 has_text_color size_medium with_line width_default thick_1 style_dashed color_border align_center\"><div class=\"w-separator-h\"><\/div><\/div><\/div><\/div><\/div><\/div><\/div><\/section><section class=\"l-section wpb_row us_custom_85c8db04 height_auto\"><div class=\"l-section-h i-cf\"><div class=\"g-cols vc_row via_flex valign_top type_default stacking_default\"><div class=\"vc_col-sm-12 wpb_column vc_column_container\"><div class=\"vc_column-inner\"><div class=\"wpb_wrapper\"><div class=\"wpb_text_column\"><div class=\"wpb_wrapper\"><h2>VEDECK\u00c9 \u010cL\u00c1NKY<\/h2>\n<div class=\"w-grid us_custom_2b991ef7 type_grid layout_146\" id=\"us_grid_1\" data-filterable=\"true\"><style>#us_grid_1 .w-grid-item:not(:last-child){margin-bottom:2.5rem}#us_grid_1 .g-loadmore{margin-top:2.5rem}.layout_146 .w-grid-item-h{}.layout_146 .usg_post_title_1{font-family:var(--font-body)!important;font-size:21px!important}.layout_146 .usg_post_date_1{font-family:var(--font-body)!important;font-size:0.9rem!important}.layout_146 .usg_post_content_1{margin-top:0.5rem!important;font-family:var(--font-body)!important}@media (max-width:600px){.layout_146 .usg_post_title_1{font-size:18px!important}}<\/style><div class=\"w-grid-list\">\t<article class=\"w-grid-item size_1x1 post-2993 post type-post status-publish format-standard hentry category-3-2021-vedecke-clanky tag-autor-boris-vano tag-dlhodobe-demograficke-trendy tag-pocet-obyvatelov tag-prirastky-obyvatelstva tag-simulacie tag-vekove-zlozenie-obyvatelstva\" data-id=\"2993\">\r\n\t\t<div class=\"w-grid-item-h\">\r\n\t\t\t\t\t\t<h2 class=\"w-post-elm post_title usg_post_title_1 entry-title color_link_inherit\"><a href=\"https:\/\/ssad.statistics.sk\/SSaD\/index.php\/aky-moze-byt-dlhodoby-demograficky-vyvoj-na-slovensku\/\">Ak\u00fd m\u00f4\u017ee by\u0165 dlhodob\u00fd demografick\u00fd v\u00fdvoj na Slovensku?<\/a><\/h2><time class=\"w-post-elm post_date usg_post_date_1 entry-date published\" datetime=\"2021-07-15T05:01:40+02:00\"><i class=\"far fa-clock\"><\/i>15. j\u00fala 2021<\/time><div class=\"w-post-elm post_content usg_post_content_1\"><p>Boris Va\u0148o, INFOSTAT \u2013 V\u00fdskumn\u00e9 demografick\u00e9 centrum, Slovensk\u00e1 republika<\/p>\n<p> <a href=\"https:\/\/ssad.statistics.sk\/SSaD\/index.php\/aky-moze-byt-dlhodoby-demograficky-vyvoj-na-slovensku\/#more-2993\" class=\"more-link\"><span aria-label=\"\u010c\u00edta\u0165 \u010falej Ak\u00fd m\u00f4\u017ee by\u0165 dlhodob\u00fd demografick\u00fd v\u00fdvoj na Slovensku?\">(viac&hellip;)<\/span><\/a><\/p>\n<\/div>\t\t<\/div>\r\n\t<\/article>\r\n\t<article class=\"w-grid-item size_1x1 post-2995 post type-post status-publish format-standard hentry category-3-2021-vedecke-clanky tag-autor-branislav-sprocha tag-ocistena-uhrnna-plodnost-o-zmeny-casovania tag-ocistena-uhrnna-plodnost-o-zmeny-parity-a-casovania tag-paritne-a-vekovo-ocistena-uhrnna-plodnost tag-slovensko tag-tranzicia-odkladanim tag-uhrnna-plodnost\" data-id=\"2995\">\r\n\t\t<div class=\"w-grid-item-h\">\r\n\t\t\t\t\t\t<h2 class=\"w-post-elm post_title usg_post_title_1 entry-title color_link_inherit\"><a href=\"https:\/\/ssad.statistics.sk\/SSaD\/index.php\/aka-je-skutocna-intenzita-plodnosti-na-slovensku\/\">Ak\u00e1 je skuto\u010dn\u00e1 intenzita plodnosti na Slovensku?<\/a><\/h2><time class=\"w-post-elm post_date usg_post_date_1 entry-date published\" datetime=\"2021-07-15T04:00:05+02:00\"><i class=\"far fa-clock\"><\/i>15. j\u00fala 2021<\/time><div class=\"w-post-elm post_content usg_post_content_1\"><p>Branislav \u0160procha, INFOSTAT \u2013 V\u00fdskumn\u00e9 demografick\u00e9 centrum, Centrum spolo\u010densk\u00fdch a psychologick\u00fdch vied Slovenskej akad\u00e9mie vied, Slovensk\u00e1 republika<\/p>\n<p> <a href=\"https:\/\/ssad.statistics.sk\/SSaD\/index.php\/aka-je-skutocna-intenzita-plodnosti-na-slovensku\/#more-2995\" class=\"more-link\"><span aria-label=\"\u010c\u00edta\u0165 \u010falej Ak\u00e1 je skuto\u010dn\u00e1 intenzita plodnosti na Slovensku?\">(viac&hellip;)<\/span><\/a><\/p>\n<\/div>\t\t<\/div>\r\n\t<\/article>\r\n\t<article class=\"w-grid-item size_1x1 post-2997 post type-post status-publish format-standard hentry category-3-2021-vedecke-clanky tag-autor-helena-glaser-opitzova tag-autoregresia tag-casove-rady tag-jdemetra tag-modely-arima tag-sezonnost tag-umrtnost\" data-id=\"2997\">\r\n\t\t<div class=\"w-grid-item-h\">\r\n\t\t\t\t\t\t<h2 class=\"w-post-elm post_title usg_post_title_1 entry-title color_link_inherit\"><a href=\"https:\/\/ssad.statistics.sk\/SSaD\/index.php\/sezonnost-v-umrtnosti-na-slovensku\/\">Sez\u00f3nnos\u0165 v \u00famrtnosti na Slovensku<\/a><\/h2><time class=\"w-post-elm post_date usg_post_date_1 entry-date published\" datetime=\"2021-07-15T03:00:53+02:00\"><i class=\"far fa-clock\"><\/i>15. j\u00fala 2021<\/time><div class=\"w-post-elm post_content usg_post_content_1\"><p>Helena Glaser-Opitzov\u00e1, \u0160tatistick\u00fd \u00farad Slovenskej republiky, Slovensk\u00e1 republika<\/p>\n<p> <a href=\"https:\/\/ssad.statistics.sk\/SSaD\/index.php\/sezonnost-v-umrtnosti-na-slovensku\/#more-2997\" class=\"more-link\"><span aria-label=\"\u010c\u00edta\u0165 \u010falej Sez\u00f3nnos\u0165 v \u00famrtnosti na Slovensku\">(viac&hellip;)<\/span><\/a><\/p>\n<\/div>\t\t<\/div>\r\n\t<\/article>\r\n\t<article class=\"w-grid-item size_1x1 post-2999 post type-post status-publish format-standard hentry category-3-2021-vedecke-clanky tag-administrativne-zdroje-udajov tag-autor-boris-vano tag-autor-ludmila-ivancikova tag-hodnotiaca-schema tag-indikatory-kvality tag-kvalita\" data-id=\"2999\">\r\n\t\t<div class=\"w-grid-item-h\">\r\n\t\t\t\t\t\t<h2 class=\"w-post-elm post_title usg_post_title_1 entry-title color_link_inherit\"><a href=\"https:\/\/ssad.statistics.sk\/SSaD\/index.php\/teoreticko-metodologicke-aspekty-hodnotenia-kvality-administrativnych-zdrojov-udajov-vyuzivanych-na-statisticke-ucely\/\">Teoreticko-metodologick\u00e9 aspekty hodnotenia kvality administrat\u00edvnych zdrojov \u00fadajov vyu\u017e\u00edvan\u00fdch na \u0161tatistick\u00e9 \u00fa\u010dely<\/a><\/h2><time class=\"w-post-elm post_date usg_post_date_1 entry-date published\" datetime=\"2021-07-15T02:00:40+02:00\"><i class=\"far fa-clock\"><\/i>15. j\u00fala 2021<\/time><div class=\"w-post-elm post_content usg_post_content_1\"><p>\u013dudmila Ivan\u010d\u00edkov\u00e1, \u0160tatistick\u00fd \u00farad Slovenskej republiky, Slovensk\u00e1 republika<br \/>\nBoris Va\u0148o, INFOSTAT \u2013 V\u00fdskumn\u00e9 demografick\u00e9 centrum, Slovensk\u00e1 republika<\/p>\n<p> <a href=\"https:\/\/ssad.statistics.sk\/SSaD\/index.php\/teoreticko-metodologicke-aspekty-hodnotenia-kvality-administrativnych-zdrojov-udajov-vyuzivanych-na-statisticke-ucely\/#more-2999\" class=\"more-link\"><span aria-label=\"\u010c\u00edta\u0165 \u010falej Teoreticko-metodologick\u00e9 aspekty hodnotenia kvality administrat\u00edvnych zdrojov \u00fadajov vyu\u017e\u00edvan\u00fdch na \u0161tatistick\u00e9 \u00fa\u010dely\">(viac&hellip;)<\/span><\/a><\/p>\n<\/div>\t\t<\/div>\r\n\t<\/article>\r\n\t<article class=\"w-grid-item size_1x1 post-3001 post type-post status-publish format-standard hentry category-3-2021-vedecke-clanky tag-autor-boris-frankovic tag-autor-janka-szemesova tag-autor-marcel-zemko tag-autor-martin-petras tag-biomasa tag-domacnosti tag-emisie tag-energeticka-bilancia tag-palivove-drevo tag-spotreba-paliv tag-statisticke-zistovanie\" data-id=\"3001\">\r\n\t\t<div class=\"w-grid-item-h\">\r\n\t\t\t\t\t\t<h2 class=\"w-post-elm post_title usg_post_title_1 entry-title color_link_inherit\"><a href=\"https:\/\/ssad.statistics.sk\/SSaD\/index.php\/vyhodnotenie-statistickeho-zistovania-o-spalovacich-zariadeniach-a-spotrebe-paliv-v-domacnostiach\/\">Vyhodnotenie \u0161tatistick\u00e9ho zis\u0165ovania o spa\u013eovac\u00edch zariadeniach a spotrebe pal\u00edv v dom\u00e1cnostiach<\/a><\/h2><time class=\"w-post-elm post_date usg_post_date_1 entry-date published\" datetime=\"2021-07-15T01:00:42+02:00\"><i class=\"far fa-clock\"><\/i>15. j\u00fala 2021<\/time><div class=\"w-post-elm post_content usg_post_content_1\"><p>Janka Szemesov\u00e1, Marcel Zemko, Martin Petr\u00e1\u0161, Slovensk\u00fd hydrometeorologick\u00fd \u00fastav, Slovensk\u00e1 republika<br \/>\nBoris Frankovi\u010d, \u0160tatistick\u00fd \u00farad Slovenskej republiky, Slovensk\u00e1 republika<\/p>\n<p> <a href=\"https:\/\/ssad.statistics.sk\/SSaD\/index.php\/vyhodnotenie-statistickeho-zistovania-o-spalovacich-zariadeniach-a-spotrebe-paliv-v-domacnostiach\/#more-3001\" class=\"more-link\"><span aria-label=\"\u010c\u00edta\u0165 \u010falej Vyhodnotenie \u0161tatistick\u00e9ho zis\u0165ovania o spa\u013eovac\u00edch zariadeniach a spotrebe pal\u00edv v dom\u00e1cnostiach\">(viac&hellip;)<\/span><\/a><\/p>\n<\/div>\t\t<\/div>\r\n\t<\/article>\r\n<\/div><div class=\"w-grid-preloader\"><div class=\"g-preloader type_1\">\r\n\t<div><\/div>\r\n<\/div>\r\n<\/div>\t<div class=\"w-grid-json hidden\" onclick='return {&quot;action&quot;:&quot;us_ajax_grid&quot;,&quot;ajax_url&quot;:&quot;https:\\\/\\\/ssad.statistics.sk\\\/SSaD\\\/wp-admin\\\/admin-ajax.php&quot;,&quot;infinite_scroll&quot;:0,&quot;max_num_pages&quot;:1,&quot;pagination&quot;:&quot;none&quot;,&quot;permalink_url&quot;:&quot;https:\\\/\\\/ssad.statistics.sk\\\/SSaD\\\/wp-json\\\/wp\\\/v2\\\/pages\\\/2987&quot;,&quot;template_vars&quot;:{&quot;columns&quot;:&quot;1&quot;,&quot;exclude_items&quot;:&quot;none&quot;,&quot;img_size&quot;:&quot;default&quot;,&quot;ignore_items_size&quot;:0,&quot;items_layout&quot;:&quot;146&quot;,&quot;items_offset&quot;:&quot;1&quot;,&quot;load_animation&quot;:&quot;none&quot;,&quot;overriding_link&quot;:&quot;none&quot;,&quot;post_id&quot;:2987,&quot;query_args&quot;:{&quot;post_type&quot;:[&quot;post&quot;],&quot;tax_query&quot;:[{&quot;taxonomy&quot;:&quot;category&quot;,&quot;field&quot;:&quot;slug&quot;,&quot;terms&quot;:[&quot;3-2021-vedecke-clanky&quot;]}],&quot;post_status&quot;:[&quot;publish&quot;],&quot;posts_per_page&quot;:&quot;20&quot;},&quot;orderby_query_args&quot;:{&quot;orderby&quot;:{&quot;date&quot;:&quot;DESC&quot;}},&quot;type&quot;:&quot;grid&quot;,&quot;us_grid_ajax_index&quot;:1,&quot;us_grid_filter_params&quot;:null,&quot;us_grid_index&quot;:1,&quot;_us_grid_post_type&quot;:&quot;post&quot;}}'><\/div>\r\n\t<\/div>\n<\/div><\/div><\/div><\/div><\/div><\/div><\/div><\/section><section class=\"l-section wpb_row us_custom_c4a4bb17 content-information height_auto\"><div class=\"l-section-h i-cf\"><div class=\"g-cols vc_row via_flex valign_top type_default stacking_default\"><div class=\"vc_col-sm-12 wpb_column vc_column_container\"><div class=\"vc_column-inner\"><div class=\"wpb_wrapper\"><div class=\"wpb_text_column\"><div class=\"wpb_wrapper\"><h2>INFORMAT\u00cdVNE \u010cL\u00c1NKY, N\u00c1ZORY, RECENZIE, ROZHOVORY, INFORM\u00c1CIE<\/h2>\n<div class=\"w-grid us_custom_2b991ef7 type_grid layout_146\" id=\"us_grid_2\"><style>#us_grid_2 .w-grid-item:not(:last-child){margin-bottom:2.5rem}#us_grid_2 .g-loadmore{margin-top:2.5rem}<\/style><div class=\"w-grid-list\">\t<article class=\"w-grid-item size_1x1 post-3005 post type-post status-publish format-standard hentry category-3-2021-informativne-clanky-nazory-recenzie-rozhovory-informacie tag-autor-mikulas-car\" data-id=\"3005\">\r\n\t\t<div class=\"w-grid-item-h\">\r\n\t\t\t\t\t\t<h2 class=\"w-post-elm post_title usg_post_title_1 entry-title color_link_inherit\"><a href=\"https:\/\/ssad.statistics.sk\/SSaD\/index.php\/zahadne-reprodukcne-cislo-sirenia-koronavirusu\/\">Z\u00e1hadn\u00e9 reproduk\u010dn\u00e9 \u010d\u00edslo \u0161\u00edrenia koronav\u00edrusu<\/a><\/h2><time class=\"w-post-elm post_date usg_post_date_1 entry-date published\" datetime=\"2021-07-15T02:58:55+02:00\"><i class=\"far fa-clock\"><\/i>15. j\u00fala 2021<\/time><div class=\"w-post-elm post_content usg_post_content_1\"><p>Mikul\u00e1\u0161 C\u00e1r, Slovensk\u00e1 \u0161tatistick\u00e1 a demografick\u00e1 spolo\u010dnos\u0165, Slovensk\u00e1 republika<\/p>\n<p> <a href=\"https:\/\/ssad.statistics.sk\/SSaD\/index.php\/zahadne-reprodukcne-cislo-sirenia-koronavirusu\/#more-3005\" class=\"more-link\"><span aria-label=\"\u010c\u00edta\u0165 \u010falej Z\u00e1hadn\u00e9 reproduk\u010dn\u00e9 \u010d\u00edslo \u0161\u00edrenia koronav\u00edrusu\">(viac&hellip;)<\/span><\/a><\/p>\n<\/div>\t\t<\/div>\r\n\t<\/article>\r\n\t<article class=\"w-grid-item size_1x1 post-3007 post type-post status-publish format-standard hentry category-3-2021-informativne-clanky-nazory-recenzie-rozhovory-informacie tag-autor-lucia-vanisova\" data-id=\"3007\">\r\n\t\t<div class=\"w-grid-item-h\">\r\n\t\t\t\t\t\t<h2 class=\"w-post-elm post_title usg_post_title_1 entry-title color_link_inherit\"><a href=\"https:\/\/ssad.statistics.sk\/SSaD\/index.php\/data-ako-cenina-pre-spolocnost-digitalneho-veku\/\">D\u00e1ta ako \u201ecenina\u201c pre spolo\u010dnos\u0165 digit\u00e1lneho veku<\/a><\/h2><time class=\"w-post-elm post_date usg_post_date_1 entry-date published\" datetime=\"2021-07-15T01:02:10+02:00\"><i class=\"far fa-clock\"><\/i>15. j\u00fala 2021<\/time><div class=\"w-post-elm post_content usg_post_content_1\"><p>Lucia Vani\u0161ov\u00e1, \u0160tatistick\u00fd \u00farad Slovenskej republiky, Slovensk\u00e1 republika<\/p>\n<p> <a href=\"https:\/\/ssad.statistics.sk\/SSaD\/index.php\/data-ako-cenina-pre-spolocnost-digitalneho-veku\/#more-3007\" class=\"more-link\"><span aria-label=\"\u010c\u00edta\u0165 \u010falej D\u00e1ta ako \u201ecenina\u201c pre spolo\u010dnos\u0165 digit\u00e1lneho veku\">(viac&hellip;)<\/span><\/a><\/p>\n<\/div>\t\t<\/div>\r\n\t<\/article>\r\n<\/div><div class=\"w-grid-preloader\"><div class=\"g-preloader type_1\">\r\n\t<div><\/div>\r\n<\/div>\r\n<\/div>\t<div class=\"w-grid-json hidden\" onclick='return {&quot;action&quot;:&quot;us_ajax_grid&quot;,&quot;ajax_url&quot;:&quot;https:\\\/\\\/ssad.statistics.sk\\\/SSaD\\\/wp-admin\\\/admin-ajax.php&quot;,&quot;infinite_scroll&quot;:0,&quot;max_num_pages&quot;:1,&quot;pagination&quot;:&quot;none&quot;,&quot;permalink_url&quot;:&quot;https:\\\/\\\/ssad.statistics.sk\\\/SSaD\\\/wp-json\\\/wp\\\/v2\\\/pages\\\/2987&quot;,&quot;template_vars&quot;:{&quot;columns&quot;:&quot;1&quot;,&quot;exclude_items&quot;:&quot;none&quot;,&quot;img_size&quot;:&quot;default&quot;,&quot;ignore_items_size&quot;:0,&quot;items_layout&quot;:&quot;146&quot;,&quot;items_offset&quot;:&quot;1&quot;,&quot;load_animation&quot;:&quot;none&quot;,&quot;overriding_link&quot;:&quot;none&quot;,&quot;post_id&quot;:3001,&quot;query_args&quot;:{&quot;post_type&quot;:[&quot;post&quot;],&quot;tax_query&quot;:[{&quot;taxonomy&quot;:&quot;category&quot;,&quot;field&quot;:&quot;slug&quot;,&quot;terms&quot;:[&quot;3-2021-informativne-clanky-nazory-recenzie-rozhovory-informacie&quot;]}],&quot;post_status&quot;:[&quot;publish&quot;],&quot;posts_per_page&quot;:&quot;20&quot;},&quot;orderby_query_args&quot;:{&quot;orderby&quot;:{&quot;date&quot;:&quot;DESC&quot;}},&quot;type&quot;:&quot;grid&quot;,&quot;us_grid_ajax_index&quot;:1,&quot;us_grid_filter_params&quot;:null,&quot;us_grid_index&quot;:2,&quot;_us_grid_post_type&quot;:&quot;post&quot;}}'><\/div>\r\n\t<\/div>\n<\/div><\/div><\/div><\/div><\/div><\/div><\/div><\/section><section class=\"l-section wpb_row us_custom_c4a4bb17 content-comingsoon height_auto\"><div class=\"l-section-h i-cf\"><div class=\"g-cols vc_row via_flex valign_top type_default stacking_default\"><div class=\"vc_col-sm-12 wpb_column vc_column_container\"><div class=\"vc_column-inner\"><div class=\"wpb_wrapper\"><div class=\"wpb_text_column\"><div class=\"wpb_wrapper\"><h2>PRIPRAVUJEME<\/h2>\n<p>&nbsp;<\/p>\n<h2 class=\"soon1\">Epid\u00e9mie na Slovensku a ich odraz v spolo\u010dnosti<\/h2>\n<p>Pavol Ti\u0161liar, Univerzita sv. Cyrila a Metoda v Trnave, Slovensk\u00e1 republika<\/p>\n<h2 class=\"soon\">D\u00f4le\u017eit\u00e9 empirick\u00e9 poznatky z hodnotenia epidemickej situ\u00e1cie na Slovensku<\/h2>\n<p>Mikul\u00e1\u0161 C\u00e1r, Slovensk\u00e1 \u0161tatistick\u00e1 a demografick\u00e1 spolo\u010dnos\u0165, Slovensk\u00e1 republika<\/p>\n<h2 class=\"soon\">Okam\u017eit\u00fd dopad pand\u00e9mie Covid-19 na glob\u00e1lnu ekonomiku v r\u00e1mci modelu re\u00e1lneho hospod\u00e1rskeho cyklu dvoch obdob\u00ed<\/h2>\n<p>Karol Szomol\u00e1nyi, Martin Luk\u00e1\u010dik, Adriana Luk\u00e1\u010dikov\u00e1, Fakulta hospod\u00e1rskej informatiky, Ekonomick\u00e1 univerzita v Bratislave, Slovensk\u00e1 republika<\/p>\n<h2 class=\"soon\">Sob\u00e1\u0161nos\u0165 slobodn\u00fdch na Slovensku v pandemickom roku 2020<\/h2>\n<p>Branislav \u0160procha, INFOSTAT \u2013 V\u00fdskumn\u00e9 demografick\u00e9 centrum, Centrum spolo\u010densk\u00fdch a psychologick\u00fdch vied Slovenskej akad\u00e9mie vied, Slovensk\u00e1 republika<\/p>\n<h2 class=\"soon\">Pand\u00e9mia ochorenia Covid-19 v roku 2020 a niektor\u00e9 charakteristiky \u00famrtnosti na Slovensku<\/h2>\n<p>Branislav \u0160procha, INFOSTAT \u2013 V\u00fdskumn\u00e9 demografick\u00e9 centrum, Centrum spolo\u010densk\u00fdch a psychologick\u00fdch vied Slovenskej akad\u00e9mie vied, Slovensk\u00e1 republika<\/p>\n<h2 class=\"soon\">Pand\u00e9mia Covid-19 v SR a jej vplyv na mieru vn\u00fatornej migr\u00e1cie medzi okresmi<\/h2>\n<p>Richard Heriban, Prognostick\u00fd \u00fastav, Centrum spolo\u010densk\u00fdch a psychologick\u00fdch vied Slovenskej akad\u00e9mie vied, Slovensk\u00e1 republika<\/p>\n<\/div><\/div><\/div><\/div><\/div><\/div><\/div><\/section>\n","protected":false},"excerpt":{"rendered":"Lucia Vani\u0161ov\u00e1, \u0160tatistick\u00fd \u00farad Slovenskej republiky, Slovensk\u00e1 republika Typ \u010dl\u00e1nku: inform\u00e1cia Strany: 100 - 101 \u010cl\u00e1nok na stiahnutie PDF (1,4 MB, 432 stiahnut\u00ed)","protected":false},"author":4,"featured_media":0,"parent":0,"menu_order":0,"comment_status":"closed","ping_status":"closed","template":"","meta":{"_exactmetrics_skip_tracking":false,"_exactmetrics_sitenote_active":false,"_exactmetrics_sitenote_note":"","_exactmetrics_sitenote_category":0,"footnotes":""},"class_list":["post-2987","page","type-page","status-publish","hentry"],"_links":{"self":[{"href":"https:\/\/ssad.statistics.sk\/SSaD\/index.php\/wp-json\/wp\/v2\/pages\/2987","targetHints":{"allow":["GET"]}}],"collection":[{"href":"https:\/\/ssad.statistics.sk\/SSaD\/index.php\/wp-json\/wp\/v2\/pages"}],"about":[{"href":"https:\/\/ssad.statistics.sk\/SSaD\/index.php\/wp-json\/wp\/v2\/types\/page"}],"author":[{"embeddable":true,"href":"https:\/\/ssad.statistics.sk\/SSaD\/index.php\/wp-json\/wp\/v2\/users\/4"}],"replies":[{"embeddable":true,"href":"https:\/\/ssad.statistics.sk\/SSaD\/index.php\/wp-json\/wp\/v2\/comments?post=2987"}],"version-history":[{"count":7,"href":"https:\/\/ssad.statistics.sk\/SSaD\/index.php\/wp-json\/wp\/v2\/pages\/2987\/revisions"}],"predecessor-version":[{"id":4247,"href":"https:\/\/ssad.statistics.sk\/SSaD\/index.php\/wp-json\/wp\/v2\/pages\/2987\/revisions\/4247"}],"wp:attachment":[{"href":"https:\/\/ssad.statistics.sk\/SSaD\/index.php\/wp-json\/wp\/v2\/media?parent=2987"}],"curies":[{"name":"wp","href":"https:\/\/api.w.org\/{rel}","templated":true}]}}