{"id":287,"date":"2018-07-15T09:57:34","date_gmt":"2018-07-15T07:57:34","guid":{"rendered":"https:\/\/ssad.statistics.sk\/SSaD\/index.php\/slovak-statistics-and-demography-3-2018\/"},"modified":"2024-10-15T13:25:58","modified_gmt":"2024-10-15T11:25:58","slug":"slovak-statistics-and-demography-3-2018","status":"publish","type":"page","link":"https:\/\/ssad.statistics.sk\/SSaD\/index.php\/slovak-statistics-and-demography-3-2018\/?lang=en","title":{"rendered":"Slovak Statistics and Demography 3\/2018"},"content":{"rendered":"<section class=\"l-section wpb_row padding-top-journal height_auto\"><div class=\"l-section-h i-cf\"><div class=\"g-cols vc_row via_flex valign_top type_default stacking_default\"><div class=\"vc_col-sm-12 wpb_column vc_column_container\"><div class=\"vc_column-inner\"><div class=\"wpb_wrapper\"><div class=\"wpb_text_column\"><div class=\"wpb_wrapper\"><h1>Slovak Statistics and Demography 3\/2018<\/h1>\n<\/div><\/div><\/div><\/div><\/div><\/div><\/div><\/section><section class=\"l-section wpb_row us_custom_18c73a72 height_auto\"><div class=\"l-section-h i-cf\"><div class=\"g-cols vc_row via_flex valign_top type_default stacking_default\"><div class=\"vc_col-sm-2 wpb_column vc_column_container\"><div class=\"vc_column-inner\"><div class=\"wpb_wrapper\"><div class=\"w-image style_outlined align_none\"><div class=\"w-image-h\"><img loading=\"lazy\" decoding=\"async\" width=\"142\" height=\"190\" src=\"https:\/\/ssad.statistics.sk\/SSaD\/wp-content\/uploads\/2019\/02\/casopis2018_142x190.png\" class=\"attachment-full size-full\" alt=\"SSaD 2018\" \/><\/div><\/div><\/div><\/div><\/div><div class=\"vc_col-sm-6 wpb_column vc_column_container\"><div class=\"vc_column-inner\"><div class=\"wpb_wrapper\">[vc_raw_html]PGRpdiBjbGFzcz0iZGV0YWlsIj4NCg0KPHA+TnVtYmVyIG9mIHBhZ2VzOiA4MDwvcD4NCg0KPHA+UGVyaW9kaWNpdHk6IDQgdGltZXMgYSB5ZWFyPC9wPg0KDQo8cD5JU1NOOiAxMzM5LTY4NTQgKG9ubGluZSk8L3A+DQoNCjxwPjxzcGFuIHN0eWxlPSJwYWRkaW5nLWxlZnQ6IDQ3cHg7Ij4xMjEwLTEwOTUgKHByaW50ZWQgdmVyc2lvbik8L3NwYW4+PC9wPg0KDQo8L2Rpdj4=[\/vc_raw_html]<\/div><\/div><\/div><div class=\"vc_col-sm-4 wpb_column vc_column_container\"><div class=\"vc_column-inner\"><div class=\"wpb_wrapper\">[vc_raw_html css=&#8220;.vc_custom_1554880159820{margin-top: 3.35em !important;}&#8220;]PGRpdj4NCg0KPHA+PHNwYW4gc3R5bGU9ImxpbmUtaGVpZ2h0OiAyLjFlbTsgcGFkZGluZy1sZWZ0OiAwcHg7IGNvbG9yOiAjMWU0ZTlkOyI+Q29tcGxldGUgaXNzdWU8L3NwYW4+PGJyPg0KW2Rvd25sb2FkIGlkPSIzMCJdIGRvd25sb2FkcykgPC9zcGFuPjwvcD4NCg0KPC9kaXY+[\/vc_raw_html]<\/div><\/div><\/div><\/div><\/div><\/section><section class=\"l-section wpb_row us_custom_5c07cc07 height_auto\"><div class=\"l-section-h i-cf\"><div class=\"g-cols vc_row via_flex valign_top type_default stacking_default\"><div class=\"vc_col-sm-12 wpb_column vc_column_container\"><div class=\"vc_column-inner\"><div class=\"wpb_wrapper\"><div class=\"w-separator us_custom_fd420121 has_text_color size_medium with_line width_default thick_1 style_dashed color_border align_center\"><div class=\"w-separator-h\"><\/div><\/div><\/div><\/div><\/div><\/div><\/div><\/section><section class=\"l-section wpb_row us_custom_46262dcf height_auto\"><div class=\"l-section-h i-cf\"><div class=\"g-cols vc_row via_flex valign_top type_default stacking_default\"><div class=\"vc_col-sm-12 wpb_column vc_column_container\"><div class=\"vc_column-inner\"><div class=\"wpb_wrapper\"><div class=\"w-grid us_custom_2b991ef7 type_grid layout_146\" id=\"us_grid_1\" data-filterable=\"true\"><style>#us_grid_1 .w-grid-item:not(:last-child){margin-bottom:2.5rem}#us_grid_1 .g-loadmore{margin-top:2.5rem}.layout_146 .w-grid-item-h{}.layout_146 .usg_post_title_1{font-family:var(--font-body)!important;font-size:21px!important}.layout_146 .usg_post_date_1{font-family:var(--font-body)!important;font-size:0.9rem!important}.layout_146 .usg_post_content_1{margin-top:0.5rem!important;font-family:var(--font-body)!important}@media (max-width:600px){.layout_146 .usg_post_title_1{font-size:18px!important}}<\/style><div class=\"w-grid-list\">\t<article class=\"w-grid-item size_1x1 post-698 post type-post status-publish format-standard hentry category-3-2018-editorial tag-autor-boris-vano\" data-id=\"698\">\r\n\t\t<div class=\"w-grid-item-h\">\r\n\t\t\t\t\t\t<h2 class=\"w-post-elm post_title usg_post_title_1 entry-title color_link_inherit\"><a href=\"https:\/\/ssad.statistics.sk\/SSaD\/index.php\/editorial\/\">Editori\u00e1l<\/a><\/h2><time class=\"w-post-elm post_date usg_post_date_1 entry-date published\" datetime=\"2018-07-15T01:20:55+02:00\"><i class=\"far fa-clock\"><\/i>15. j\u00fala 2018<\/time><div class=\"w-post-elm post_content usg_post_content_1\"><p>Boris Va\u0148o, INFOSTAT \u2013 V\u00fdskumn\u00e9 demografick\u00e9 centrum, Slovensk\u00e1 republika<\/p>\n<p> <a href=\"https:\/\/ssad.statistics.sk\/SSaD\/index.php\/editorial\/#more-698\" class=\"more-link\"><span aria-label=\"\u010c\u00edta\u0165 \u010falej Editori\u00e1l\">(viac&hellip;)<\/span><\/a><\/p>\n<\/div>\t\t<\/div>\r\n\t<\/article>\r\n<\/div><div class=\"w-grid-preloader\"><div class=\"g-preloader type_1\">\r\n\t<div><\/div>\r\n<\/div>\r\n<\/div>\t<div class=\"w-grid-json hidden\" onclick='return {&quot;action&quot;:&quot;us_ajax_grid&quot;,&quot;ajax_url&quot;:&quot;https:\\\/\\\/ssad.statistics.sk\\\/SSaD\\\/wp-admin\\\/admin-ajax.php&quot;,&quot;infinite_scroll&quot;:0,&quot;max_num_pages&quot;:1,&quot;pagination&quot;:&quot;none&quot;,&quot;permalink_url&quot;:&quot;https:\\\/\\\/ssad.statistics.sk\\\/SSaD\\\/wp-json\\\/wp\\\/v2\\\/pages\\\/287&quot;,&quot;template_vars&quot;:{&quot;columns&quot;:&quot;1&quot;,&quot;exclude_items&quot;:&quot;none&quot;,&quot;img_size&quot;:&quot;default&quot;,&quot;ignore_items_size&quot;:0,&quot;items_layout&quot;:&quot;146&quot;,&quot;items_offset&quot;:&quot;1&quot;,&quot;load_animation&quot;:&quot;none&quot;,&quot;overriding_link&quot;:&quot;none&quot;,&quot;post_id&quot;:287,&quot;query_args&quot;:{&quot;post_type&quot;:[&quot;post&quot;],&quot;tax_query&quot;:[{&quot;taxonomy&quot;:&quot;category&quot;,&quot;field&quot;:&quot;slug&quot;,&quot;terms&quot;:[&quot;3-2018-editorial&quot;]}],&quot;post_status&quot;:[&quot;publish&quot;],&quot;posts_per_page&quot;:&quot;20&quot;},&quot;orderby_query_args&quot;:{&quot;orderby&quot;:{&quot;date&quot;:&quot;DESC&quot;}},&quot;type&quot;:&quot;grid&quot;,&quot;us_grid_ajax_index&quot;:1,&quot;us_grid_filter_params&quot;:null,&quot;us_grid_index&quot;:1,&quot;_us_grid_post_type&quot;:&quot;post&quot;}}'><\/div>\r\n\t<\/div><\/div><\/div><\/div><\/div><\/div><\/section><section class=\"l-section wpb_row us_custom_c4a4bb17 height_auto\"><div class=\"l-section-h i-cf\"><div class=\"g-cols vc_row via_flex valign_top type_default stacking_default\"><div class=\"vc_col-sm-12 wpb_column vc_column_container\"><div class=\"vc_column-inner\"><div class=\"wpb_wrapper\"><div class=\"wpb_text_column\"><div class=\"wpb_wrapper\"><h2>SCIENTIFIC ARTICLES<\/h2>\n<div class=\"w-grid us_custom_2b991ef7 type_grid layout_146\" id=\"us_grid_2\"><style>#us_grid_2 .w-grid-item:not(:last-child){margin-bottom:2.5rem}#us_grid_2 .g-loadmore{margin-top:2.5rem}<\/style><div class=\"w-grid-list\">\t<article class=\"w-grid-item size_1x1 post-701 post type-post status-publish format-standard hentry category-3-2018-vedecke-clanky tag-autor-boris-vano tag-autor-branislav-bleha tag-autor-pavel-hajek tag-celkovy-prirastok-obyvatelstva tag-ceska-republika tag-migracne-saldo tag-pocet-obyvatelov tag-prirodzeny-prirastok-obyvatelstva tag-slovenska-republika\" data-id=\"701\">\r\n\t\t<div class=\"w-grid-item-h\">\r\n\t\t\t\t\t\t<h2 class=\"w-post-elm post_title usg_post_title_1 entry-title color_link_inherit\"><a href=\"https:\/\/ssad.statistics.sk\/SSaD\/index.php\/vyvoj-poctu-a-prirastkov-obyvatelstva-na-uzemi-ceskej-republiky-a-slovenskej-republiky-v-obdobi-1918-2017\/\">V\u00fdvoj po\u010dtu a pr\u00edrastkov obyvate\u013estva na \u00fazem\u00ed \u010ceskej republiky a Slovenskej republiky v obdob\u00ed 1918 \u2013 2017<\/a><\/h2><time class=\"w-post-elm post_date usg_post_date_1 entry-date published\" datetime=\"2018-07-15T02:00:01+02:00\"><i class=\"far fa-clock\"><\/i>15. j\u00fala 2018<\/time><div class=\"w-post-elm post_content usg_post_content_1\"><p>Branislav Bleha, Pr\u00edrodovedeck\u00e1 fakulta, Univerzita Komensk\u00e9ho v Bratislave, Slovensk\u00e1 republika<br \/>\nPavel H\u00e1jek,  Krajsk\u00e1 spr\u00e1va \u010cS\u00da pre Stredo\u010desk\u00fd kraj, \u010cesk\u00e1 republika<br \/>\nBoris Va\u0148o, INFOSTAT \u2013 V\u00fdskumn\u00e9 demografick\u00e9 centrum, Slovensk\u00e1 republika<\/p>\n<p> <a href=\"https:\/\/ssad.statistics.sk\/SSaD\/index.php\/vyvoj-poctu-a-prirastkov-obyvatelstva-na-uzemi-ceskej-republiky-a-slovenskej-republiky-v-obdobi-1918-2017\/#more-701\" class=\"more-link\"><span aria-label=\"\u010c\u00edta\u0165 \u010falej V\u00fdvoj po\u010dtu a pr\u00edrastkov obyvate\u013estva na \u00fazem\u00ed \u010ceskej republiky a Slovenskej republiky v obdob\u00ed 1918 \u2013 2017\">(viac&hellip;)<\/span><\/a><\/p>\n<\/div>\t\t<\/div>\r\n\t<\/article>\r\n\t<article class=\"w-grid-item size_1x1 post-704 post type-post status-publish format-standard hentry category-3-2018-vedecke-clanky tag-autor-branislav-sprocha tag-autor-ludek-sidlo tag-ceska-republika tag-dojcenska-umrtnost tag-konecna-plodnost tag-plodnost tag-slovenska-republika tag-stredna-dlzka-zivota-pri-narodeni tag-uhrnna-plodnost tag-umrtnost\" data-id=\"704\">\r\n\t\t<div class=\"w-grid-item-h\">\r\n\t\t\t\t\t\t<h2 class=\"w-post-elm post_title usg_post_title_1 entry-title color_link_inherit\"><a href=\"https:\/\/ssad.statistics.sk\/SSaD\/index.php\/vyvoj-reprodukcneho-spravania-v-ceskej-republike-a-v-slovenskej-republike-v-20-storoci-a-na-zaciatku-21-storocia\/\">V\u00fdvoj reproduk\u010dn\u00e9ho spr\u00e1vania v \u010ceskej republike a v Slovenskej republike v 20. storo\u010d\u00ed a na za\u010diatku 21. storo\u010dia<\/a><\/h2><time class=\"w-post-elm post_date usg_post_date_1 entry-date published\" datetime=\"2018-07-15T01:45:10+02:00\"><i class=\"far fa-clock\"><\/i>15. j\u00fala 2018<\/time><div class=\"w-post-elm post_content usg_post_content_1\"><p>Branislav \u0160procha, INFOSTAT \u2013 V\u00fdskumn\u00e9 demografick\u00e9 centrum, Slovensk\u00e1 republika<br \/>\nLud\u011bk \u0160\u00eddlo, Pr\u00edrodovedeck\u00e1 fakulta, Univerzita Karlova, \u010cesk\u00e1 republika<\/p>\n<p> <a href=\"https:\/\/ssad.statistics.sk\/SSaD\/index.php\/vyvoj-reprodukcneho-spravania-v-ceskej-republike-a-v-slovenskej-republike-v-20-storoci-a-na-zaciatku-21-storocia\/#more-704\" class=\"more-link\"><span aria-label=\"\u010c\u00edta\u0165 \u010falej V\u00fdvoj reproduk\u010dn\u00e9ho spr\u00e1vania v \u010ceskej republike a v Slovenskej republike v 20. storo\u010d\u00ed a na za\u010diatku 21. storo\u010dia\">(viac&hellip;)<\/span><\/a><\/p>\n<\/div>\t\t<\/div>\r\n\t<\/article>\r\n\t<article class=\"w-grid-item size_1x1 post-709 post type-post status-publish format-standard hentry category-3-2018-vedecke-clanky tag-20-storocie tag-autor-branislav-sprocha tag-autor-ludek-sidlo tag-ceska-republika tag-rodinne-spravanie tag-rozvodovost tag-slovenska-republika tag-sobasnost\" data-id=\"709\">\r\n\t\t<div class=\"w-grid-item-h\">\r\n\t\t\t\t\t\t<h2 class=\"w-post-elm post_title usg_post_title_1 entry-title color_link_inherit\"><a href=\"https:\/\/ssad.statistics.sk\/SSaD\/index.php\/storocie-zmien-sobasnosti-a-rozvodovosti-v-ceskej-republike-a-v-slovenskej-republike\/\">Storo\u010die zmien sob\u00e1\u0161nosti a rozvodovosti v \u010ceskej republike a v Slovenskej republike<\/a><\/h2><time class=\"w-post-elm post_date usg_post_date_1 entry-date published\" datetime=\"2018-07-15T01:30:13+02:00\"><i class=\"far fa-clock\"><\/i>15. j\u00fala 2018<\/time><div class=\"w-post-elm post_content usg_post_content_1\"><p>Branislav \u0160procha, INFOSTAT \u2013 V\u00fdskumn\u00e9 demografick\u00e9 centrum, Slovensk\u00e1 republika<br \/>\nLud\u011bk \u0160\u00eddlo, Pr\u00edrodovedeck\u00e1 fakulta, Univerzita Karlova, \u010cesk\u00e1 republika<\/p>\n<p> <a href=\"https:\/\/ssad.statistics.sk\/SSaD\/index.php\/storocie-zmien-sobasnosti-a-rozvodovosti-v-ceskej-republike-a-v-slovenskej-republike\/#more-709\" class=\"more-link\"><span aria-label=\"\u010c\u00edta\u0165 \u010falej Storo\u010die zmien sob\u00e1\u0161nosti a rozvodovosti v \u010ceskej republike a v Slovenskej republike\">(viac&hellip;)<\/span><\/a><\/p>\n<\/div>\t\t<\/div>\r\n\t<\/article>\r\n\t<article class=\"w-grid-item size_1x1 post-713 post type-post status-publish format-standard hentry category-3-2018-vedecke-clanky tag-agregatny-dopyt tag-autor-jan-haluska tag-autor-jaroslav-dolinic tag-cisty-vyvoz tag-domaci-dopyt tag-hruby-domaci-produkt tag-parita-kupnej-sily tag-vonkajsi-dopyt\" data-id=\"713\">\r\n\t\t<div class=\"w-grid-item-h\">\r\n\t\t\t\t\t\t<h2 class=\"w-post-elm post_title usg_post_title_1 entry-title color_link_inherit\"><a href=\"https:\/\/ssad.statistics.sk\/SSaD\/index.php\/makroekonomicka-vykonnost-slovenskej-ekonomiky-v-rokoch-1995-2017\/\">Makroekonomick\u00e1 v\u00fdkonnos\u0165 slovenskej ekonomiky v rokoch 1995 \u2013 2017<\/a><\/h2><time class=\"w-post-elm post_date usg_post_date_1 entry-date published\" datetime=\"2018-07-15T01:15:01+02:00\"><i class=\"far fa-clock\"><\/i>15. j\u00fala 2018<\/time><div class=\"w-post-elm post_content usg_post_content_1\"><p>J\u00e1n Halu\u0161ka, INFOSTAT, Slovensk\u00e1 republika<br \/>\nJaroslav Dolini\u010d, \u0160tatistick\u00fd \u00farad Slovenskej republiky, Slovensk\u00e1 republika<\/p>\n<p> <a href=\"https:\/\/ssad.statistics.sk\/SSaD\/index.php\/makroekonomicka-vykonnost-slovenskej-ekonomiky-v-rokoch-1995-2017\/#more-713\" class=\"more-link\"><span aria-label=\"\u010c\u00edta\u0165 \u010falej Makroekonomick\u00e1 v\u00fdkonnos\u0165 slovenskej ekonomiky v rokoch 1995 \u2013 2017\">(viac&hellip;)<\/span><\/a><\/p>\n<\/div>\t\t<\/div>\r\n\t<\/article>\r\n<\/div><div class=\"w-grid-preloader\"><div class=\"g-preloader type_1\">\r\n\t<div><\/div>\r\n<\/div>\r\n<\/div>\t<div class=\"w-grid-json hidden\" onclick='return {&quot;action&quot;:&quot;us_ajax_grid&quot;,&quot;ajax_url&quot;:&quot;https:\\\/\\\/ssad.statistics.sk\\\/SSaD\\\/wp-admin\\\/admin-ajax.php&quot;,&quot;infinite_scroll&quot;:0,&quot;max_num_pages&quot;:1,&quot;pagination&quot;:&quot;none&quot;,&quot;permalink_url&quot;:&quot;https:\\\/\\\/ssad.statistics.sk\\\/SSaD\\\/wp-json\\\/wp\\\/v2\\\/pages\\\/287&quot;,&quot;template_vars&quot;:{&quot;columns&quot;:&quot;1&quot;,&quot;exclude_items&quot;:&quot;none&quot;,&quot;img_size&quot;:&quot;default&quot;,&quot;ignore_items_size&quot;:0,&quot;items_layout&quot;:&quot;146&quot;,&quot;items_offset&quot;:&quot;1&quot;,&quot;load_animation&quot;:&quot;none&quot;,&quot;overriding_link&quot;:&quot;none&quot;,&quot;post_id&quot;:698,&quot;query_args&quot;:{&quot;post_type&quot;:[&quot;post&quot;],&quot;tax_query&quot;:[{&quot;taxonomy&quot;:&quot;category&quot;,&quot;field&quot;:&quot;slug&quot;,&quot;terms&quot;:[&quot;3-2018-scientific-articles&quot;]}],&quot;post_status&quot;:[&quot;publish&quot;],&quot;posts_per_page&quot;:&quot;20&quot;},&quot;orderby_query_args&quot;:{&quot;orderby&quot;:{&quot;date&quot;:&quot;DESC&quot;}},&quot;type&quot;:&quot;grid&quot;,&quot;us_grid_ajax_index&quot;:1,&quot;us_grid_filter_params&quot;:null,&quot;us_grid_index&quot;:2,&quot;_us_grid_post_type&quot;:&quot;post&quot;}}'><\/div>\r\n\t<\/div>\n<\/div><\/div><\/div><\/div><\/div><\/div><\/div><\/section><section class=\"l-section wpb_row us_custom_c4a4bb17 height_auto\"><div class=\"l-section-h i-cf\"><div class=\"g-cols vc_row via_flex valign_top type_default stacking_default\"><div class=\"vc_col-sm-12 wpb_column vc_column_container\"><div class=\"vc_column-inner\"><div class=\"wpb_wrapper\"><div class=\"wpb_text_column\"><div class=\"wpb_wrapper\"><h2>INFORMATIVE ARTICLES, OPINIONS, REVIEWS, INTERVIEWS, INFORMATION<\/h2>\n<div class=\"w-grid us_custom_2b991ef7 type_grid layout_146\" id=\"us_grid_3\"><style>#us_grid_3 .w-grid-item:not(:last-child){margin-bottom:2.5rem}#us_grid_3 .g-loadmore{margin-top:2.5rem}<\/style><div class=\"w-grid-list\">\t<article class=\"w-grid-item size_1x1 post-717 post type-post status-publish format-standard hentry category-3-2018-informativne-clanky-nazory-recenzie-rozhovory-informacie tag-autor-alexander-ballek tag-autor-ludmila-ivancikova\" data-id=\"717\">\r\n\t\t<div class=\"w-grid-item-h\">\r\n\t\t\t\t\t\t<h2 class=\"w-post-elm post_title usg_post_title_1 entry-title color_link_inherit\"><a href=\"https:\/\/ssad.statistics.sk\/SSaD\/index.php\/politika-bez-dat-je-slepa-politika\/\">Politika bez d\u00e1t je slep\u00e1 politika<\/a><\/h2><time class=\"w-post-elm post_date usg_post_date_1 entry-date published\" datetime=\"2018-07-15T01:10:27+02:00\"><i class=\"far fa-clock\"><\/i>15. j\u00fala 2018<\/time><div class=\"w-post-elm post_content usg_post_content_1\"><p>Alexander Ballek, \u0160tatistick\u00fd \u00farad Slovenskej republiky, Slovensk\u00e1 republika<br \/>\n\u013dudmila Ivan\u010d\u00edkov\u00e1, \u0160tatistick\u00fd \u00farad Slovenskej republiky, Slovensk\u00e1 republika<\/p>\n<p> <a href=\"https:\/\/ssad.statistics.sk\/SSaD\/index.php\/politika-bez-dat-je-slepa-politika\/#more-717\" class=\"more-link\"><span aria-label=\"\u010c\u00edta\u0165 \u010falej Politika bez d\u00e1t je slep\u00e1 politika\">(viac&hellip;)<\/span><\/a><\/p>\n<\/div>\t\t<\/div>\r\n\t<\/article>\r\n<\/div><div class=\"w-grid-preloader\"><div class=\"g-preloader type_1\">\r\n\t<div><\/div>\r\n<\/div>\r\n<\/div>\t<div class=\"w-grid-json hidden\" onclick='return {&quot;action&quot;:&quot;us_ajax_grid&quot;,&quot;ajax_url&quot;:&quot;https:\\\/\\\/ssad.statistics.sk\\\/SSaD\\\/wp-admin\\\/admin-ajax.php&quot;,&quot;infinite_scroll&quot;:0,&quot;max_num_pages&quot;:1,&quot;pagination&quot;:&quot;none&quot;,&quot;permalink_url&quot;:&quot;https:\\\/\\\/ssad.statistics.sk\\\/SSaD\\\/wp-json\\\/wp\\\/v2\\\/pages\\\/287&quot;,&quot;template_vars&quot;:{&quot;columns&quot;:&quot;1&quot;,&quot;exclude_items&quot;:&quot;none&quot;,&quot;img_size&quot;:&quot;default&quot;,&quot;ignore_items_size&quot;:0,&quot;items_layout&quot;:&quot;146&quot;,&quot;items_offset&quot;:&quot;1&quot;,&quot;load_animation&quot;:&quot;none&quot;,&quot;overriding_link&quot;:&quot;none&quot;,&quot;post_id&quot;:713,&quot;query_args&quot;:{&quot;post_type&quot;:[&quot;post&quot;],&quot;tax_query&quot;:[{&quot;taxonomy&quot;:&quot;category&quot;,&quot;field&quot;:&quot;slug&quot;,&quot;terms&quot;:[&quot;3-2018-informative-articles-opinions-reviews-interviews-information&quot;]}],&quot;post_status&quot;:[&quot;publish&quot;],&quot;posts_per_page&quot;:&quot;20&quot;},&quot;orderby_query_args&quot;:{&quot;orderby&quot;:{&quot;date&quot;:&quot;DESC&quot;}},&quot;type&quot;:&quot;grid&quot;,&quot;us_grid_ajax_index&quot;:1,&quot;us_grid_filter_params&quot;:null,&quot;us_grid_index&quot;:3,&quot;_us_grid_post_type&quot;:&quot;post&quot;}}'><\/div>\r\n\t<\/div>\n<\/div><\/div><\/div><\/div><\/div><\/div><\/div><\/section><section class=\"l-section wpb_row us_custom_c4a4bb17 height_auto\"><div class=\"l-section-h i-cf\"><div class=\"g-cols vc_row via_flex valign_top type_default stacking_default\"><div class=\"vc_col-sm-12 wpb_column vc_column_container\"><div class=\"vc_column-inner us_custom_5c07cc07\"><div class=\"wpb_wrapper\"><div class=\"wpb_text_column\"><div class=\"wpb_wrapper\"><h2>COMING SOON<\/h2>\n<p>&nbsp;<\/p>\n<h2 class=\"soon1\">Demographic structures of the Czech Republic population during the 1918 \u2013 2018 period<\/h2>\n<p>Dagmar Barto\u0148ov\u00e1, Faculty of Science, Charles University, Czech Republic<\/p>\n<h2 class=\"soon\">The population of enterprises defined by the use of administrative data sources<\/h2>\n<p>Roman Pavelka, Statistical Office of the Slovak Republic, Slovak Republic<\/p>\n<h2 class=\"soon\">Changes in the age structure, marital status and education in Slovakia after the establishment od Czechoslovakia<\/h2>\n<p>Viera Pilinsk\u00e1, INFOSTAT \u2013 Demographic Research Centre, Slovak Republic<\/p>\n<h2 class=\"soon\">Average annual percentage change of life potential ears of life lost in Slovak population<\/h2>\n<p>Martin Samoh\u00fdl, Katar\u00edna Hiro\u0161ov\u00e1, \u013dubica Argal\u00e1\u0161ov\u00e1, Jana Jurkovi\u010dov\u00e1, Institute of Hygiene of Faculty of Medicine, Comenius University in Bratislava, Slovak Republic<\/p>\n<h2 class=\"soon\">Changes in cohort fertility of women in Slovakia in connection to the educational attainment<\/h2>\n<p>Branislav \u0160procha, INFOSTAT \u2013 Demographic Research Centre, Slovak Republic<\/p>\n<h2 class=\"soon\">Conference of the Czech Demographic Society<\/h2>\n<p>Boris Va\u0148o, INFOSTAT \u2013 Demographic Research Centre, Slovak Republic<\/p>\n<\/div><\/div><\/div><\/div><\/div><\/div><\/div><\/section>\n","protected":false},"excerpt":{"rendered":"Alexander Ballek, \u0160tatistick\u00fd \u00farad Slovenskej republiky, Slovensk\u00e1 republika \u013dudmila Ivan\u010d\u00edkov\u00e1, \u0160tatistick\u00fd \u00farad Slovenskej republiky, Slovensk\u00e1 republika Typ \u010dl\u00e1nku: rozhovor Strany: 77 - 79 &nbsp; \u010cl\u00e1nok na stiahnutie PDF (947,9 KB, 443 stiahnut\u00ed)","protected":false},"author":2,"featured_media":0,"parent":0,"menu_order":0,"comment_status":"closed","ping_status":"closed","template":"","meta":{"_exactmetrics_skip_tracking":false,"_exactmetrics_sitenote_active":false,"_exactmetrics_sitenote_note":"","_exactmetrics_sitenote_category":0,"footnotes":""},"class_list":["post-287","page","type-page","status-publish","hentry"],"_links":{"self":[{"href":"https:\/\/ssad.statistics.sk\/SSaD\/index.php\/wp-json\/wp\/v2\/pages\/287","targetHints":{"allow":["GET"]}}],"collection":[{"href":"https:\/\/ssad.statistics.sk\/SSaD\/index.php\/wp-json\/wp\/v2\/pages"}],"about":[{"href":"https:\/\/ssad.statistics.sk\/SSaD\/index.php\/wp-json\/wp\/v2\/types\/page"}],"author":[{"embeddable":true,"href":"https:\/\/ssad.statistics.sk\/SSaD\/index.php\/wp-json\/wp\/v2\/users\/2"}],"replies":[{"embeddable":true,"href":"https:\/\/ssad.statistics.sk\/SSaD\/index.php\/wp-json\/wp\/v2\/comments?post=287"}],"version-history":[{"count":20,"href":"https:\/\/ssad.statistics.sk\/SSaD\/index.php\/wp-json\/wp\/v2\/pages\/287\/revisions"}],"predecessor-version":[{"id":4195,"href":"https:\/\/ssad.statistics.sk\/SSaD\/index.php\/wp-json\/wp\/v2\/pages\/287\/revisions\/4195"}],"wp:attachment":[{"href":"https:\/\/ssad.statistics.sk\/SSaD\/index.php\/wp-json\/wp\/v2\/media?parent=287"}],"curies":[{"name":"wp","href":"https:\/\/api.w.org\/{rel}","templated":true}]}}