{"id":2697,"date":"2020-09-29T09:34:38","date_gmt":"2020-09-29T07:34:38","guid":{"rendered":"https:\/\/ssad.statistics.sk\/SSaD\/?page_id=2697"},"modified":"2020-09-29T10:38:54","modified_gmt":"2020-09-29T08:38:54","slug":"vyhlasenie-o-pristupnosti","status":"publish","type":"page","link":"https:\/\/ssad.statistics.sk\/SSaD\/index.php\/vyhlasenie-o-pristupnosti\/","title":{"rendered":"Vyhl\u00e1senie o pr\u00edstupnosti"},"content":{"rendered":"<p>&nbsp;<\/p>\r\n<p>&nbsp;<\/p>\r\n<h2>Vyhl\u00e1senie o pr\u00edstupnosti<\/h2>\r\n<p>&nbsp;<\/p>\r\n\r\n<p>\u0160tatistick\u00fd \u00farad Slovenskej republiky m\u00e1 z\u00e1ujem zabezpe\u010di\u0165 pr\u00edstupnos\u0165 svojho webov\u00e9ho s\u00eddla v\u00a0s\u00falade so z\u00e1konom \u010d. 95\/2019 Z. z. o informa\u010dn\u00fdch technol\u00f3gi\u00e1ch vo verejnej spr\u00e1ve a\u00a0pr\u00edslu\u0161n\u00fdmi vykon\u00e1vac\u00edmi predpismi v rozsahu podmienok pod\u013ea smernice (E\u00da) 2016\/2012.<\/p>\r\n<p>Toto vyhl\u00e1senie o\u00a0pr\u00edstupnosti sa vz\u0165ahuje na webov\u00e9 s\u00eddlo <a href=\"https:\/\/ssad.statistics.sk\/\">https:\/\/ssad.statistics.sk\/<\/a><\/p>\r\n\r\n\r\n\r\n<h3 class=\"wp-block-heading\">Stav s\u00faladu<\/h3>\r\n\r\n\r\n\r\n<p>Toto webov\u00e9 s\u00eddlo je v \u010diasto\u010dnom s\u00falade so z\u00e1konom \u010d. 95\/2019 Z. z. o informa\u010dn\u00fdch technol\u00f3gi\u00e1ch vo verejnej spr\u00e1ve a pr\u00edslu\u0161n\u00fdmi vykon\u00e1vac\u00edmi predpismi v rozsahu podmienok pod\u013ea smernice (E\u00da) 2016\/2012 vzh\u013eadom na prvky nes\u00faladu uveden\u00e9 ni\u017e\u0161ie.<\/p>\r\n\r\n\r\n\r\n\r\n\r\n<h3 class=\"wp-block-heading\">Nepr\u00edstupn\u00fd obsah<\/h3>\r\n\r\n\r\n\r\n<p>Obsah uveden\u00fd ni\u017e\u0161ie nie je pr\u00edstupn\u00fd z t\u00fdchto d\u00f4vodov:<\/p>\r\n<p>1. Nes\u00falad so smernicou (E\u00da) 2016\/2012 o pr\u00edstupnosti webov\u00fdch s\u00eddel a mobiln\u00fdch aplik\u00e1ci\u00ed subjektov verejn\u00e9ho sektora:<\/p>\r\n<ul>\r\n<li>Vo formul\u00e1ri pou\u017eitom na vyh\u013ead\u00e1vanie ch\u00fdbaj\u00fa atrib\u00faty label. [Krit\u00e9rium \u00faspe\u0161nosti 1.3.1 Inform\u00e1cie a vz\u00e1jomn\u00e9 vz\u0165ahy]<\/li>\r\n<li>Na niektor\u00fdch str\u00e1nkach nie je pr\u00edtomn\u00fd element h1, pou\u017e\u00edva sa len na n\u00e1zov \u010dasopisu, \u010do ma za n\u00e1sledok niektor\u00e9 nadpisy pou\u017e\u00edvaj\u00fa h2. [Krit\u00e9rium \u00faspe\u0161nosti 1.3.1 Inform\u00e1cie a vz\u00e1jomn\u00e9 vz\u0165ahy]<\/li>\r\n<li>Nedostato\u010dn\u00fd kontrast farby p\u00edsma s\u00a0pozad\u00edm [Krit\u00e9rium \u00faspe\u0161nosti 1.4.3 Minim\u00e1lny kontrast]<\/li>\r\n<li>Nie je k dispoz\u00edcii mechanizmus, ktor\u00fd umo\u017e\u0148uje presko\u010di\u0165 bloky obsahu (napr\u00edklad menu), ktor\u00e9 sa opakuj\u00fa na viacer\u00fdch webov\u00fdch str\u00e1nkach. [Krit\u00e9rium \u00faspe\u0161nosti 2.4.1 Presko\u010denie blokov]<\/li>\r\n<\/ul>\r\n<p>2. Nes\u00falad so slovensk\u00fdmi v\u0161eobecne z\u00e1v\u00e4zn\u00fdmi pr\u00e1vnymi predpismi, upravuj\u00facimi \u0161tandardy t\u00fdkaj\u00face sa pr\u00edstupnosti webov\u00fdch s\u00eddel a mobiln\u00fdch aplik\u00e1cii:<\/p>\r\n<ul>\r\n<li>V r\u00e1mci css \u0161t\u00fdlov sa vyskytuje px pri zad\u00e1van\u00ed ve\u013ekosti p\u00edsma. [Pravidlo bodu 2.2 pr\u00edlohy \u010d. 1 k v\u00fdnosu o \u0161tandardoch pre ISVS]<\/li>\r\n<\/ul>\r\n\r\n\r\n\r\n<h3 class=\"wp-block-heading\">Vypracovanie tohto vyhl\u00e1senia o pr\u00edstupnosti<\/h3>\r\n<p>Toto vyhl\u00e1senie bolo vypracovan\u00e9 24.4.2020.<\/p>\r\n<p>Vyhodnotenie s\u00faladu webov\u00e9ho s\u00eddla s\u00a0po\u017eiadavkami z\u00e1kona \u010d. 95\/2019 Z. z. o informa\u010dn\u00fdch technol\u00f3gi\u00e1ch vo verejnej spr\u00e1ve a pr\u00edslu\u0161n\u00fdmi vykon\u00e1vac\u00edmi predpismi v rozsahu podmienok pod\u013ea smernice (E\u00da) 2016\/2012 bolo vykonan\u00e9 samohodnoten\u00edm.<\/p>\r\n<p>Vyhl\u00e1senie bolo naposledy skontrolovan\u00e9 20.08.2020.<\/p>\r\n\r\n\r\n\r\n\r\n\r\n\r\n\r\n<h3 class=\"wp-block-heading\">Sp\u00e4tn\u00e1 v\u00e4zba a kontaktn\u00e9 inform\u00e1cie<\/h3>\r\n\r\n\r\n\r\n<p>V pr\u00edpade ak\u00fdchko\u013evek probl\u00e9mov s pr\u00edstupnos\u0165ou webov\u00e9ho s\u00eddla n\u00e1s, pros\u00edm, kontaktujte na e-mailovej adrese:\u00a0<a href=\"mailto:portal@statistics.sk\">portal@statistics.sk<\/a>.\u00a0Spr\u00e1vcom a\u00a0prev\u00e1dzkovate\u013eom webov\u00e9ho s\u00eddla je \u0160tatistick\u00fd \u00farad Slovenskej republiky.<\/p>\r\n\r\n\r\n\r\n<h3 class=\"wp-block-heading\">Vynucovacie konanie<\/h3>\r\n\r\n\r\n\r\n<p>V\u00a0pr\u00edpade neuspokojiv\u00fdch odpoved\u00ed na podnety alebo \u017eiadosti zaslan\u00e9 v\u00a0r\u00e1mci sp\u00e4tnej v\u00e4zby subjektu verejn\u00e9ho sektora v\u00a0s\u00falade s\u00a0<u><a href=\"https:\/\/eur-lex.europa.eu\/legal-content\/SK\/TXT\/?uri=uriserv:OJ.L_.2016.327.01.0001.01.SLK&amp;toc=OJ:L:2016:327:TOC\">\u010dl. 7 ods. 1 p\u00edsm. b) smernice Eur\u00f3pskeho parlamentu<\/a><\/u> sa m\u00f4\u017eete obr\u00e1ti\u0165 v\u00a0r\u00e1mci vynucovacieho konania na subjekt poveren\u00fd presadzovan\u00edm Smernice, ktor\u00fdm je Ministerstvo invest\u00edci\u00ed, region\u00e1lneho rozvoja a informatiz\u00e1cie Slovenskej republiky na e-mailovej adrese:\u00a0<u><a href=\"mailto:standard@vicepremier.gov.sk\">standard@vicepremier.gov.sk<\/a><\/u><\/p>\r\n\r\n<p>&nbsp;<\/p>","protected":false},"excerpt":{"rendered":"<p>&nbsp; &nbsp; Vyhl\u00e1senie o pr\u00edstupnosti &nbsp; \u0160tatistick\u00fd \u00farad Slovenskej republiky m\u00e1 z\u00e1ujem zabezpe\u010di\u0165 pr\u00edstupnos\u0165 svojho webov\u00e9ho s\u00eddla v\u00a0s\u00falade so z\u00e1konom \u010d. 95\/2019 Z. z. o informa\u010dn\u00fdch technol\u00f3gi\u00e1ch vo verejnej spr\u00e1ve a\u00a0pr\u00edslu\u0161n\u00fdmi vykon\u00e1vac\u00edmi predpismi v rozsahu podmienok pod\u013ea smernice (E\u00da) 2016\/2012. Toto vyhl\u00e1senie o\u00a0pr\u00edstupnosti sa vz\u0165ahuje na webov\u00e9 s\u00eddlo https:\/\/ssad.statistics.sk\/ Stav s\u00faladu Toto webov\u00e9 s\u00eddlo je&#8230;<\/p>\n","protected":false},"author":1,"featured_media":0,"parent":0,"menu_order":0,"comment_status":"closed","ping_status":"open","template":"","meta":{"_exactmetrics_skip_tracking":false,"_exactmetrics_sitenote_active":false,"_exactmetrics_sitenote_note":"","_exactmetrics_sitenote_category":0,"footnotes":""},"class_list":["post-2697","page","type-page","status-publish","hentry"],"_links":{"self":[{"href":"https:\/\/ssad.statistics.sk\/SSaD\/index.php\/wp-json\/wp\/v2\/pages\/2697","targetHints":{"allow":["GET"]}}],"collection":[{"href":"https:\/\/ssad.statistics.sk\/SSaD\/index.php\/wp-json\/wp\/v2\/pages"}],"about":[{"href":"https:\/\/ssad.statistics.sk\/SSaD\/index.php\/wp-json\/wp\/v2\/types\/page"}],"author":[{"embeddable":true,"href":"https:\/\/ssad.statistics.sk\/SSaD\/index.php\/wp-json\/wp\/v2\/users\/1"}],"replies":[{"embeddable":true,"href":"https:\/\/ssad.statistics.sk\/SSaD\/index.php\/wp-json\/wp\/v2\/comments?post=2697"}],"version-history":[{"count":9,"href":"https:\/\/ssad.statistics.sk\/SSaD\/index.php\/wp-json\/wp\/v2\/pages\/2697\/revisions"}],"predecessor-version":[{"id":2707,"href":"https:\/\/ssad.statistics.sk\/SSaD\/index.php\/wp-json\/wp\/v2\/pages\/2697\/revisions\/2707"}],"wp:attachment":[{"href":"https:\/\/ssad.statistics.sk\/SSaD\/index.php\/wp-json\/wp\/v2\/media?parent=2697"}],"curies":[{"name":"wp","href":"https:\/\/api.w.org\/{rel}","templated":true}]}}