{"id":257,"date":"2019-01-15T09:34:25","date_gmt":"2019-01-15T08:34:25","guid":{"rendered":"https:\/\/ssad.statistics.sk\/SSaD\/index.php\/slovak-statistics-and-demography-1-2019\/"},"modified":"2024-10-15T13:01:56","modified_gmt":"2024-10-15T11:01:56","slug":"slovak-statistics-and-demography-1-2019","status":"publish","type":"page","link":"https:\/\/ssad.statistics.sk\/SSaD\/index.php\/slovak-statistics-and-demography-1-2019\/?lang=en","title":{"rendered":"Slovak Statistics and Demography 1\/2019"},"content":{"rendered":"<section class=\"l-section wpb_row padding-top-journal height_auto\"><div class=\"l-section-h i-cf\"><div class=\"g-cols vc_row via_flex valign_top type_default stacking_default\"><div class=\"vc_col-sm-12 wpb_column vc_column_container\"><div class=\"vc_column-inner\"><div class=\"wpb_wrapper\"><div class=\"wpb_text_column\"><div class=\"wpb_wrapper\"><h1>Slovak Statistics and Demography 1\/2019<\/h1>\n<\/div><\/div><\/div><\/div><\/div><\/div><\/div><\/section><section class=\"l-section wpb_row us_custom_18c73a72 height_auto\"><div class=\"l-section-h i-cf\"><div class=\"g-cols vc_row via_flex valign_top type_default stacking_default\"><div class=\"vc_col-sm-2 wpb_column vc_column_container\"><div class=\"vc_column-inner\"><div class=\"wpb_wrapper\"><div class=\"w-image style_outlined align_none\"><div class=\"w-image-h\"><img loading=\"lazy\" decoding=\"async\" width=\"142\" height=\"190\" src=\"https:\/\/ssad.statistics.sk\/SSaD\/wp-content\/uploads\/2019\/02\/casopis2019_142x190.png\" class=\"attachment-full size-full\" alt=\"SSaD 2019\" \/><\/div><\/div><\/div><\/div><\/div><div class=\"vc_col-sm-6 wpb_column vc_column_container\"><div class=\"vc_column-inner\"><div class=\"wpb_wrapper\">[vc_raw_html]PGRpdiBjbGFzcz0iZGV0YWlsIj4gDQogICAgPHA+TnVtYmVyIG9mIHBhZ2VzOiA2NDwvcD4NCiAgICA8cD5QZXJpb2RpY2l0eTogNCB0aW1lcyBhIHllYXI8L3A+ICAgDQogICAgPHA+SVNTTjogMTMzOS02ODU0IChvbmxpbmUpPC9wPg0KICAgIDxwPjxzcGFuIHN0eWxlPSJwYWRkaW5nLWxlZnQ6IDQ3cHg7Ij4xMjEwLTEwOTUgKHByaW50ZWQgdmVyc2lvbik8L3NwYW4+PC9wPg0KPC9kaXY+[\/vc_raw_html]<\/div><\/div><\/div><div class=\"vc_col-sm-4 wpb_column vc_column_container\"><div class=\"vc_column-inner\"><div class=\"wpb_wrapper\">[vc_raw_html css=&#8220;.vc_custom_1554879145650{margin-top: 3.35em !important;}&#8220; el_class=&#8220;download-content&#8220;]PGRpdj4NCg0KPHNwYW4gc3R5bGU9ImxpbmUtaGVpZ2h0OiAyLjFlbTsgcGFkZGluZy1sZWZ0OiAwcHg7IGNvbG9yOiAjMWU0ZTlkOyI+Q29tcGxldGUgaXNzdWU8L3NwYW4+DQo8L2JyPg0KW2Rvd25sb2FkIGlkPSI3Il0gZG93bmxvYWRzKQ0KDQo8L2Rpdj4=[\/vc_raw_html]<\/div><\/div><\/div><\/div><\/div><\/section><section class=\"l-section wpb_row us_custom_5c07cc07 height_auto\"><div class=\"l-section-h i-cf\"><div class=\"g-cols vc_row via_flex valign_top type_default stacking_default\"><div class=\"vc_col-sm-12 wpb_column vc_column_container\"><div class=\"vc_column-inner\"><div class=\"wpb_wrapper\"><div class=\"w-separator us_custom_fd420121 has_text_color size_medium with_line width_default thick_1 style_dashed color_border align_center\"><div class=\"w-separator-h\"><\/div><\/div><\/div><\/div><\/div><\/div><\/div><\/section><section class=\"l-section wpb_row us_custom_85c8db04 height_auto\"><div class=\"l-section-h i-cf\"><div class=\"g-cols vc_row via_flex valign_top type_default stacking_default\"><div class=\"vc_col-sm-12 wpb_column vc_column_container\"><div class=\"vc_column-inner\"><div class=\"wpb_wrapper\"><div class=\"wpb_text_column\"><div class=\"wpb_wrapper\"><h2>SCIENTIFIC ARTICLES<\/h2>\n<div class=\"w-grid us_custom_2b991ef7 type_grid layout_146\" id=\"us_grid_1\" data-filterable=\"true\"><style>#us_grid_1 .w-grid-item:not(:last-child){margin-bottom:2.5rem}#us_grid_1 .g-loadmore{margin-top:2.5rem}.layout_146 .w-grid-item-h{}.layout_146 .usg_post_title_1{font-family:var(--font-body)!important;font-size:21px!important}.layout_146 .usg_post_date_1{font-family:var(--font-body)!important;font-size:0.9rem!important}.layout_146 .usg_post_content_1{margin-top:0.5rem!important;font-family:var(--font-body)!important}@media (max-width:600px){.layout_146 .usg_post_title_1{font-size:18px!important}}<\/style><div class=\"w-grid-list\">\t<article class=\"w-grid-item size_1x1 post-346 post type-post status-publish format-standard hentry category-1-2019-vedecke-clanky tag-autor-erik-soltes tag-eu-silc-2016 tag-chudoba tag-logisticka-regresia tag-miera-rizika-chudoby-alebo-socialneho-vylucenia tag-velmi-nizka-intenzita-prace tag-zavazna-materialna-deprivacia\" data-id=\"346\">\r\n\t\t<div class=\"w-grid-item-h\">\r\n\t\t\t\t\t\t<h2 class=\"w-post-elm post_title usg_post_title_1 entry-title color_link_inherit\"><a href=\"https:\/\/ssad.statistics.sk\/SSaD\/index.php\/identifikacia-relevantnych-faktorov-a-posudenie-ich-vplyvu-na-rozne-formy-chudoby-a-socialneho-vylucenia-slovenskych-domacnosti-prostrednictvomlogistickej-regresie\/\">Identifik\u00e1cia relevantn\u00fdch faktorov a pos\u00fadenie ich vplyvu na r\u00f4zne formy chudoby a soci\u00e1lneho vyl\u00fa\u010denia slovensk\u00fdch dom\u00e1cnost\u00ed prostredn\u00edctvom logistickej regresie<\/a><\/h2><time class=\"w-post-elm post_date usg_post_date_1 entry-date published\" datetime=\"2019-01-15T08:05:19+01:00\"><i class=\"far fa-clock\"><\/i>15. janu\u00e1ra 2019<\/time><div class=\"w-post-elm post_content usg_post_content_1\"><p>Erik \u0160olt\u00e9s, Fakulta hospod\u00e1rskej informatiky, Ekonomick\u00e1 univerzita v Bratislave, Slovensk\u00e1 republika<\/p>\n<p> <a href=\"https:\/\/ssad.statistics.sk\/SSaD\/index.php\/identifikacia-relevantnych-faktorov-a-posudenie-ich-vplyvu-na-rozne-formy-chudoby-a-socialneho-vylucenia-slovenskych-domacnosti-prostrednictvomlogistickej-regresie\/#more-346\" class=\"more-link\"><span aria-label=\"\u010c\u00edta\u0165 \u010falej Identifik\u00e1cia relevantn\u00fdch faktorov a pos\u00fadenie ich vplyvu na r\u00f4zne formy chudoby a soci\u00e1lneho vyl\u00fa\u010denia slovensk\u00fdch dom\u00e1cnost\u00ed prostredn\u00edctvom logistickej regresie\">(viac&hellip;)<\/span><\/a><\/p>\n<\/div>\t\t<\/div>\r\n\t<\/article>\r\n\t<article class=\"w-grid-item size_1x1 post-375 post type-post status-publish format-standard hentry category-1-2019-vedecke-clanky tag-autor-branislav-sprocha tag-jednodetnost tag-nabozenstvo tag-narodnost tag-odkladanie-a-rekuperacia-1-a-2-dietata tag-rodinny-stav tag-slovensko tag-vzdelanie\" data-id=\"375\">\r\n\t\t<div class=\"w-grid-item-h\">\r\n\t\t\t\t\t\t<h2 class=\"w-post-elm post_title usg_post_title_1 entry-title color_link_inherit\"><a href=\"https:\/\/ssad.statistics.sk\/SSaD\/index.php\/jednodetnost-novy-fenomen-v-reprodukcnych-drahach-zien-na-slovensku\/\">Jednodetnos\u0165 \u2013 nov\u00fd fenom\u00e9n v reproduk\u010dn\u00fdch dr\u00e1hach \u017eien na Slovensku?<\/a><\/h2><time class=\"w-post-elm post_date usg_post_date_1 entry-date published\" datetime=\"2019-01-15T08:04:57+01:00\"><i class=\"far fa-clock\"><\/i>15. janu\u00e1ra 2019<\/time><div class=\"w-post-elm post_content usg_post_content_1\"><p>Branislav \u0160procha, INFOSTAT \u2013 V\u00fdskumn\u00e9 demografick\u00e9 centrum, Slovensk\u00e1 republika<\/p>\n<p> <a href=\"https:\/\/ssad.statistics.sk\/SSaD\/index.php\/jednodetnost-novy-fenomen-v-reprodukcnych-drahach-zien-na-slovensku\/#more-375\" class=\"more-link\"><span aria-label=\"\u010c\u00edta\u0165 \u010falej Jednodetnos\u0165 \u2013 nov\u00fd fenom\u00e9n v reproduk\u010dn\u00fdch dr\u00e1hach \u017eien na Slovensku?\">(viac&hellip;)<\/span><\/a><\/p>\n<\/div>\t\t<\/div>\r\n\t<\/article>\r\n\t<article class=\"w-grid-item size_1x1 post-450 post type-post status-publish format-standard hentry category-1-2019-vedecke-clanky tag-autor-michal-pales tag-cistenie-dat tag-datova-kvalita tag-jazyk-r tag-solventnost-ii\" data-id=\"450\">\r\n\t\t<div class=\"w-grid-item-h\">\r\n\t\t\t\t\t\t<h2 class=\"w-post-elm post_title usg_post_title_1 entry-title color_link_inherit\"><a href=\"https:\/\/ssad.statistics.sk\/SSaD\/index.php\/kvalita-udajov-a-jej-vyznam-pre-aktuarov\/\">Kvalita \u00fadajov a jej v\u00fdznam pre aktu\u00e1rov<\/a><\/h2><time class=\"w-post-elm post_date usg_post_date_1 entry-date published\" datetime=\"2019-01-15T08:03:14+01:00\"><i class=\"far fa-clock\"><\/i>15. janu\u00e1ra 2019<\/time><div class=\"w-post-elm post_content usg_post_content_1\"><p>Michal P\u00e1le\u0161, Fakulta hospod\u00e1rskej informatiky, Ekonomick\u00e1 univerzita v Bratislave, Slovensk\u00e1 republika<\/p>\n<p> <a href=\"https:\/\/ssad.statistics.sk\/SSaD\/index.php\/kvalita-udajov-a-jej-vyznam-pre-aktuarov\/#more-450\" class=\"more-link\"><span aria-label=\"\u010c\u00edta\u0165 \u010falej Kvalita \u00fadajov a jej v\u00fdznam pre aktu\u00e1rov\">(viac&hellip;)<\/span><\/a><\/p>\n<\/div>\t\t<\/div>\r\n\t<\/article>\r\n<\/div><div class=\"w-grid-preloader\"><div class=\"g-preloader type_1\">\r\n\t<div><\/div>\r\n<\/div>\r\n<\/div>\t<div class=\"w-grid-json hidden\" onclick='return {&quot;action&quot;:&quot;us_ajax_grid&quot;,&quot;ajax_url&quot;:&quot;https:\\\/\\\/ssad.statistics.sk\\\/SSaD\\\/wp-admin\\\/admin-ajax.php&quot;,&quot;infinite_scroll&quot;:0,&quot;max_num_pages&quot;:1,&quot;pagination&quot;:&quot;none&quot;,&quot;permalink_url&quot;:&quot;https:\\\/\\\/ssad.statistics.sk\\\/SSaD\\\/wp-json\\\/wp\\\/v2\\\/pages\\\/257&quot;,&quot;template_vars&quot;:{&quot;columns&quot;:&quot;1&quot;,&quot;exclude_items&quot;:&quot;none&quot;,&quot;img_size&quot;:&quot;default&quot;,&quot;ignore_items_size&quot;:0,&quot;items_layout&quot;:&quot;146&quot;,&quot;items_offset&quot;:&quot;1&quot;,&quot;load_animation&quot;:&quot;none&quot;,&quot;overriding_link&quot;:&quot;none&quot;,&quot;post_id&quot;:257,&quot;query_args&quot;:{&quot;post_type&quot;:[&quot;post&quot;],&quot;tax_query&quot;:[{&quot;taxonomy&quot;:&quot;category&quot;,&quot;field&quot;:&quot;slug&quot;,&quot;terms&quot;:[&quot;1-2019-scientific-articles&quot;]}],&quot;post_status&quot;:[&quot;publish&quot;],&quot;posts_per_page&quot;:&quot;20&quot;},&quot;orderby_query_args&quot;:{&quot;orderby&quot;:{&quot;date&quot;:&quot;DESC&quot;}},&quot;type&quot;:&quot;grid&quot;,&quot;us_grid_ajax_index&quot;:1,&quot;us_grid_filter_params&quot;:null,&quot;us_grid_index&quot;:1,&quot;_us_grid_post_type&quot;:&quot;post&quot;}}'><\/div>\r\n\t<\/div>\n<\/div><\/div><\/div><\/div><\/div><\/div><\/div><\/section><section class=\"l-section wpb_row us_custom_c4a4bb17 content-information height_auto\"><div class=\"l-section-h i-cf\"><div class=\"g-cols vc_row via_flex valign_top type_default stacking_default\"><div class=\"vc_col-sm-12 wpb_column vc_column_container\"><div class=\"vc_column-inner\"><div class=\"wpb_wrapper\"><div class=\"wpb_text_column\"><div class=\"wpb_wrapper\"><h2>INFORMATIVE ARTICLES, OPINIONS, REVIEWS, INTERVIEWS, INFORMATION<\/h2>\n<div class=\"w-grid us_custom_2b991ef7 type_grid layout_146\" id=\"us_grid_2\"><style>#us_grid_2 .w-grid-item:not(:last-child){margin-bottom:2.5rem}#us_grid_2 .g-loadmore{margin-top:2.5rem}<\/style><div class=\"w-grid-list\">\t<article class=\"w-grid-item size_1x1 post-479 post type-post status-publish format-standard hentry category-1-2019-informativne-clanky-nazory-recenzie-rozhovory-informacie tag-autor-frantisek-bernadic tag-autor-marta-haskova\" data-id=\"479\">\r\n\t\t<div class=\"w-grid-item-h\">\r\n\t\t\t\t\t\t<h2 class=\"w-post-elm post_title usg_post_title_1 entry-title color_link_inherit\"><a href=\"https:\/\/ssad.statistics.sk\/SSaD\/index.php\/moznosti-zostavenia-satelitneho-uctu-mimovladneho-neziskoveho-sektora\/\">Mo\u017enosti zostavenia satelitn\u00e9ho \u00fa\u010dtu mimovl\u00e1dneho neziskov\u00e9ho sektora<\/a><\/h2><time class=\"w-post-elm post_date usg_post_date_1 entry-date published\" datetime=\"2019-01-15T08:02:11+01:00\"><i class=\"far fa-clock\"><\/i>15. janu\u00e1ra 2019<\/time><div class=\"w-post-elm post_content usg_post_content_1\"><p>Franti\u0161ek Bernadi\u010d, Marta Ha\u0161kov\u00e1, \u0160tatistick\u00fd \u00farad Slovenskej republiky, Slovensk\u00e1 republika<\/p>\n<p> <a href=\"https:\/\/ssad.statistics.sk\/SSaD\/index.php\/moznosti-zostavenia-satelitneho-uctu-mimovladneho-neziskoveho-sektora\/#more-479\" class=\"more-link\"><span aria-label=\"\u010c\u00edta\u0165 \u010falej Mo\u017enosti zostavenia satelitn\u00e9ho \u00fa\u010dtu mimovl\u00e1dneho neziskov\u00e9ho sektora\">(viac&hellip;)<\/span><\/a><\/p>\n<\/div>\t\t<\/div>\r\n\t<\/article>\r\n\t<article class=\"w-grid-item size_1x1 post-475 post type-post status-publish format-standard hentry category-1-2019-informativne-clanky-nazory-recenzie-rozhovory-informacie tag-autor-helena-glaser-opitzova\" data-id=\"475\">\r\n\t\t<div class=\"w-grid-item-h\">\r\n\t\t\t\t\t\t<h2 class=\"w-post-elm post_title usg_post_title_1 entry-title color_link_inherit\"><a href=\"https:\/\/ssad.statistics.sk\/SSaD\/index.php\/dgins-2018-europska-cesta-smerom-k-doveryhodnej-inteligentnej-statistike\/\">DGINS 2018 &#8211; eur\u00f3pska cesta smerom k d\u00f4veryhodnej inteligentnej \u0161tatistike<\/a><\/h2><time class=\"w-post-elm post_date usg_post_date_1 entry-date published\" datetime=\"2019-01-15T08:01:14+01:00\"><i class=\"far fa-clock\"><\/i>15. janu\u00e1ra 2019<\/time><div class=\"w-post-elm post_content usg_post_content_1\"><p>Helena Glaser-Opitzov\u00e1, \u0160tatistick\u00fd \u00farad Slovenskej republiky, Slovensk\u00e1 republika<\/p>\n<p> <a href=\"https:\/\/ssad.statistics.sk\/SSaD\/index.php\/dgins-2018-europska-cesta-smerom-k-doveryhodnej-inteligentnej-statistike\/#more-475\" class=\"more-link\"><span aria-label=\"\u010c\u00edta\u0165 \u010falej DGINS 2018 &#8211; eur\u00f3pska cesta smerom k d\u00f4veryhodnej inteligentnej \u0161tatistike\">(viac&hellip;)<\/span><\/a><\/p>\n<\/div>\t\t<\/div>\r\n\t<\/article>\r\n\t<article class=\"w-grid-item size_1x1 post-465 post type-post status-publish format-standard hentry category-1-2019-informativne-clanky-nazory-recenzie-rozhovory-informacie tag-autor-erik-soltes\" data-id=\"465\">\r\n\t\t<div class=\"w-grid-item-h\">\r\n\t\t\t\t\t\t<h2 class=\"w-post-elm post_title usg_post_title_1 entry-title color_link_inherit\"><a href=\"https:\/\/ssad.statistics.sk\/SSaD\/index.php\/50-vyrocie-vzniku-fakulty-hospodarskej-informatiky-ekonomickej-univerzity-v-bratislave-bolo-aj-oslavou-statistiky\/\">50. v\u00fdro\u010die vzniku Fakulty hospod\u00e1rskej informatiky Ekonomickej univerzity v Bratislave bolo aj oslavou \u0161tatistiky<\/a><\/h2><time class=\"w-post-elm post_date usg_post_date_1 entry-date published\" datetime=\"2019-01-15T08:00:40+01:00\"><i class=\"far fa-clock\"><\/i>15. janu\u00e1ra 2019<\/time><div class=\"w-post-elm post_content usg_post_content_1\"><p>Erik \u0160olt\u00e9s, Fakulta hospod\u00e1rskej informatiky, Ekonomick\u00e1 univerzita v Bratislave, Slovensk\u00e1 republika<\/p>\n<p> <a href=\"https:\/\/ssad.statistics.sk\/SSaD\/index.php\/50-vyrocie-vzniku-fakulty-hospodarskej-informatiky-ekonomickej-univerzity-v-bratislave-bolo-aj-oslavou-statistiky\/#more-465\" class=\"more-link\"><span aria-label=\"\u010c\u00edta\u0165 \u010falej 50. v\u00fdro\u010die vzniku Fakulty hospod\u00e1rskej informatiky Ekonomickej univerzity v Bratislave bolo aj oslavou \u0161tatistiky\">(viac&hellip;)<\/span><\/a><\/p>\n<\/div>\t\t<\/div>\r\n\t<\/article>\r\n<\/div><div class=\"w-grid-preloader\"><div class=\"g-preloader type_1\">\r\n\t<div><\/div>\r\n<\/div>\r\n<\/div>\t<div class=\"w-grid-json hidden\" onclick='return {&quot;action&quot;:&quot;us_ajax_grid&quot;,&quot;ajax_url&quot;:&quot;https:\\\/\\\/ssad.statistics.sk\\\/SSaD\\\/wp-admin\\\/admin-ajax.php&quot;,&quot;infinite_scroll&quot;:0,&quot;max_num_pages&quot;:1,&quot;pagination&quot;:&quot;none&quot;,&quot;permalink_url&quot;:&quot;https:\\\/\\\/ssad.statistics.sk\\\/SSaD\\\/wp-json\\\/wp\\\/v2\\\/pages\\\/257&quot;,&quot;template_vars&quot;:{&quot;columns&quot;:&quot;1&quot;,&quot;exclude_items&quot;:&quot;none&quot;,&quot;img_size&quot;:&quot;default&quot;,&quot;ignore_items_size&quot;:0,&quot;items_layout&quot;:&quot;146&quot;,&quot;items_offset&quot;:&quot;1&quot;,&quot;load_animation&quot;:&quot;none&quot;,&quot;overriding_link&quot;:&quot;none&quot;,&quot;post_id&quot;:450,&quot;query_args&quot;:{&quot;post_type&quot;:[&quot;post&quot;],&quot;tax_query&quot;:[{&quot;taxonomy&quot;:&quot;category&quot;,&quot;field&quot;:&quot;slug&quot;,&quot;terms&quot;:[&quot;1-2019-informative-articles-opinions-reviews-interviews-information&quot;]}],&quot;post_status&quot;:[&quot;publish&quot;],&quot;posts_per_page&quot;:&quot;20&quot;},&quot;orderby_query_args&quot;:{&quot;orderby&quot;:{&quot;date&quot;:&quot;DESC&quot;}},&quot;type&quot;:&quot;grid&quot;,&quot;us_grid_ajax_index&quot;:1,&quot;us_grid_filter_params&quot;:null,&quot;us_grid_index&quot;:2,&quot;_us_grid_post_type&quot;:&quot;post&quot;}}'><\/div>\r\n\t<\/div>\n<\/div><\/div><\/div><\/div><\/div><\/div><\/div><\/section><section class=\"l-section wpb_row us_custom_c4a4bb17 content-comingsoon height_auto\"><div class=\"l-section-h i-cf\"><div class=\"g-cols vc_row via_flex valign_top type_default stacking_default\"><div class=\"vc_col-sm-12 wpb_column vc_column_container\"><div class=\"vc_column-inner\"><div class=\"wpb_wrapper\"><div class=\"wpb_text_column\"><div class=\"wpb_wrapper\"><h2>COMING SOON<\/h2>\n<p>&nbsp;<\/p>\n<h2 class=\"soon1\">Assumptions and uncertainty od assumptions of internal and international migration in the SR<\/h2>\n<p>Branislav Bleha, Faculty of Natural Sciences, Comenius University in Bratislava, Slovak Republic<\/p>\n<h2 class=\"soon\">The demographic future of the EU in Eurostat\u00b4s forecasts<\/h2>\n<p>Branislav \u0160procha, INFOSTAT &#8211; \u00a0Demographic Research Centre, Slovak Republic<\/p>\n<h2 class=\"soon\">Projection of generation fertility and marriage rate relating to the highest eduction attained<\/h2>\n<p>Branislav \u0160procha, INFOSTAT &#8211; \u00a0Demographic Research Centre, Slovak Republic<\/p>\n<h2 class=\"soon\">The greatest demographic challenges for the next decades<\/h2>\n<p>Boris Va\u0148o, INFOSTAT &#8211; \u00a0Demographic Research Centre, Slovak Republic<\/p>\n<\/div><\/div><\/div><\/div><\/div><\/div><\/div><\/section>\n","protected":false},"excerpt":{"rendered":"Erik \u0160olt\u00e9s, Fakulta hospod\u00e1rskej informatiky, Ekonomick\u00e1 univerzita v Bratislave, Slovensk\u00e1 republika Typ \u010dl\u00e1nku: inform\u00e1cia Strany: 61 - 63 &nbsp; \u010cl\u00e1nok na stiahnutie PDF (1,0 MB, 768 stiahnut\u00ed)","protected":false},"author":2,"featured_media":0,"parent":0,"menu_order":0,"comment_status":"closed","ping_status":"closed","template":"","meta":{"_exactmetrics_skip_tracking":false,"_exactmetrics_sitenote_active":false,"_exactmetrics_sitenote_note":"","_exactmetrics_sitenote_category":0,"footnotes":""},"class_list":["post-257","page","type-page","status-publish","hentry"],"_links":{"self":[{"href":"https:\/\/ssad.statistics.sk\/SSaD\/index.php\/wp-json\/wp\/v2\/pages\/257","targetHints":{"allow":["GET"]}}],"collection":[{"href":"https:\/\/ssad.statistics.sk\/SSaD\/index.php\/wp-json\/wp\/v2\/pages"}],"about":[{"href":"https:\/\/ssad.statistics.sk\/SSaD\/index.php\/wp-json\/wp\/v2\/types\/page"}],"author":[{"embeddable":true,"href":"https:\/\/ssad.statistics.sk\/SSaD\/index.php\/wp-json\/wp\/v2\/users\/2"}],"replies":[{"embeddable":true,"href":"https:\/\/ssad.statistics.sk\/SSaD\/index.php\/wp-json\/wp\/v2\/comments?post=257"}],"version-history":[{"count":27,"href":"https:\/\/ssad.statistics.sk\/SSaD\/index.php\/wp-json\/wp\/v2\/pages\/257\/revisions"}],"predecessor-version":[{"id":4173,"href":"https:\/\/ssad.statistics.sk\/SSaD\/index.php\/wp-json\/wp\/v2\/pages\/257\/revisions\/4173"}],"wp:attachment":[{"href":"https:\/\/ssad.statistics.sk\/SSaD\/index.php\/wp-json\/wp\/v2\/media?parent=257"}],"curies":[{"name":"wp","href":"https:\/\/api.w.org\/{rel}","templated":true}]}}