{"id":25,"date":"2019-02-04T08:42:02","date_gmt":"2019-02-04T07:42:02","guid":{"rendered":"https:\/\/ssad.statistics.sk\/SSaD\/home\/"},"modified":"2025-04-16T11:17:55","modified_gmt":"2025-04-16T09:17:55","slug":"home","status":"publish","type":"page","link":"https:\/\/ssad.statistics.sk\/SSaD\/index.php\/home\/?lang=en","title":{"rendered":"Home"},"content":{"rendered":"<section class=\"l-section wpb_row padding-top-home height_auto\"><div class=\"l-section-h i-cf\"><div class=\"g-cols vc_row via_flex valign_top type_default stacking_default\"><div class=\"vc_col-sm-12 wpb_column vc_column_container\"><div class=\"vc_column-inner\"><div class=\"wpb_wrapper\"><div class=\"ult-new-ib ult-ib-effect-style1 home-banner ult-ib-resp  \" data-min-width=\"800\" data-max-width=\"900\" style=\"background:rgba(30,78,157,0.8);\" data-opacity=\"1\" data-hover-opacity=\"1\" ><img decoding=\"async\" class=\"ult-new-ib-img\" style=\"opacity:1;\" alt=\"SSaD\" src=\"https:\/\/ssad.statistics.sk\/SSaD\/wp-content\/uploads\/2019\/02\/main_statistics.jpg\"   \/><div id=\"interactive-banner-wrap-5114\" class=\"ult-new-ib-desc\" style=\"\"><h2 class=\"ult-new-ib-title ult-responsive\"  data-ultimate-target='#interactive-banner-wrap-5114 .ult-new-ib-title'  data-responsive-json-new='{\"font-size\":\"desktop:38px;\",\"line-height\":\"desktop:61px;\"}'  style=\"font-weight:normal;color:#ffffff;\">SLOVAK STATISTICS AND DEMOGRAPHY<\/h2><div class=\"ult-new-ib-content ult-responsive\"  data-ultimate-target='#interactive-banner-wrap-5114 .ult-new-ib-content'  data-responsive-json-new='{\"font-size\":\"desktop:31px;\",\"line-height\":\"desktop:40px;\"}'  style=\"font-weight:normal;color:#ffffff;\"><p>scientific reviewed journal focusing on the presentation of modern statistical and demographic methods and procedures<\/p><\/div><\/div><\/div><script type=\"text\/javascript\">\r\n\t\t\t(function($){\r\n\t\t\t\t$(document).ready(function(){\r\n\t\t\t\t\t$(\".ult-new-ib\").css(\"opacity\",\"1\");\r\n\t\t\t\t});\r\n\t\t\t})(jQuery);\r\n\t\t\t<\/script><\/div><\/div><\/div><\/div><\/div><\/section><section class=\"l-section wpb_row us_custom_26f4d12e height_auto\"><div class=\"l-section-h i-cf\"><div class=\"g-cols vc_row via_flex valign_top type_default stacking_default\"><div class=\"vc_col-sm-12 wpb_column vc_column_container\"><div class=\"vc_column-inner\"><div class=\"wpb_wrapper\"><div class=\"wpb_text_column\"><div class=\"wpb_wrapper\"><p><strong>SLOVAK STATISTICS AND DEMOGRAPHY <\/strong>is the only scientific reviewed journal focusing on the presentation of modern statistical and demographic methods and procedures. Our aim is to promote the position and importance of Slovak statistics in the European Statistical System, cooperation between the Eurostat and the national statistical offices in the field of survey harmonisation and the multi-dimensional character of statistics as well. We support the development of statistical theory and its connection with practice. We aim to contribute to the utility of statistical outputs in various fields and to the improvement of quality and efficiency.<\/p>\n<p>The scientific journal Slovak Statistics and Demography was <strong>published<\/strong> exclusively <strong>by the Statistical Office of the Slovak Republic.<\/strong> Since 2024 the journal is published by <strong>the Statistical Office of the Slovak Republic<\/strong> and <strong>the Slovak Statistical and Demographic Society.<\/strong> We publish analytic articles, prognoses, views, discussion contributions, reviews, information and announcements from various statistical fields (national accounts, production statistics, social statistics, environmental statistics etc.) and demography (demographic statistics, theoretical and methodological bases of demography, historical demography etc.) including the population and housing census as an essential part of demographic statistics.<\/p>\n<p>The journal is published<strong> four times a\u00a0year<\/strong> in printed and electronic form, always at:\u00a0<strong>15th January, 15th April, 15th July, 15th October<\/strong><strong>.<\/strong> Submissions are accepted in Slovak, Czech and English. From 2014 individual copies of the journal are available to readers in electronic form. Titles of articles, keywords and resume of articles are also available in English.<\/p>\n<\/div><\/div><\/div><\/div><\/div><\/div><\/div><\/section><section class=\"l-section wpb_row us_custom_516c53d8 height_auto\"><div class=\"l-section-h i-cf\"><div class=\"g-cols vc_row via_flex valign_top type_default stacking_default\"><div class=\"vc_col-sm-12 wpb_column vc_column_container\"><div class=\"vc_column-inner\"><div class=\"wpb_wrapper\">[vc_raw_html]PGRpdj4NCgk8ZGl2IGNsYXNzPSJpbWctbGVmdCI+DQoJCTxpbWcgc3JjPSJodHRwczovL3NzYWQuc3RhdGlzdGljcy5zay9TU2FEL3dwLWNvbnRlbnQvdXBsb2Fkcy8yMDIwLzAxL09wZW5fQWNjZXNzX3RyYW5zcGFyZW50LnBuZyIgYWx0PSJPcGVuIGFjY2VzcyIgLz4NCgk8L2Rpdj4NCgk8ZGl2IGNsYXNzPSJ0ZXh0LXJpZ2h0Ij4NCgkJPHA+U2xvdmVuc2vDoSDFoXRhdGlzdGlrYSBhIGRlbW9ncmFmaWEgamUgPHN0cm9uZz7EjWFzb3BpcyBzIG90dm9yZW7DvW0gcHLDrXN0dXBvbSAob3BlbiBhY2Nlc3MpPC9zdHJvbmc+IMSNbyB6bmFtZW7DoSwgxb5lIGNlbMO9IG9ic2FoIGplIGJleiBwb3BsYXRrdSwgdm\/Evm5lIGRvc3R1cG7DvSB1xb7DrXZhdGXEvm9tIG5hIHRlanRvIHdlYm92ZWogc3Ryw6Fua2UsIHByaSB6YWNob3ZhbsOtIHbFoWV0a8O9Y2ggcHJhdmlkaWVsIGF1dG9yc3R2YSBwcsOtc3BldmtvdiBhIHZ5ZGF2YXRlxL5za8O9Y2ggcHLDoXYgdnlkYXZhdGXEvmEuPC9wPgkJDQoJPC9kaXY+DQo8L2Rpdj4NCg==[\/vc_raw_html]<\/div><\/div><\/div><\/div><\/div><\/section><section class=\"l-section wpb_row us_custom_b03c5298 height_auto\"><div class=\"l-section-h i-cf\"><div class=\"g-cols vc_row via_flex valign_top type_default stacking_default\"><div class=\"vc_col-sm-6 wpb_column vc_column_container\"><div class=\"vc_column-inner\"><div class=\"wpb_wrapper\"><div class=\"wpb_text_column\"><div class=\"wpb_wrapper\"><h2>Editorial board<\/h2>\n<ul class=\"members\">\n<li><span style=\"font-size: 17px; color: #1e4e9d;\">PhDr. \u013dudmila Ivan\u010d\u00edkov\u00e1, PhD.<br \/>\n(chairwoman of the Editorial Board)<\/span><br \/>\nStatistical Office of the SR<br \/>\nSlovak Republic<\/li>\n<li><span style=\"font-size: 17px; color: #1e4e9d;\">doc. PhDr. Ing. Martin Bo\u010fa, PhD.<\/span><br \/>\nMatej Bel University in Bansk\u00e1 Bystrica<br \/>\nSlovak Republic<br \/>\nJan Evangelista Purky\u0148e University in \u00dast\u00ed nad Labem<br \/>\nCzech Republic<\/li>\n<li><span style=\"font-size: 17px; color: #1e4e9d;\">Ing. Helena Glaser-Opitzov\u00e1, PhD.<\/span><br \/>\nStatistical Office of the SR<br \/>\nSlovak Republic<\/li>\n<li><span style=\"font-size: 17px; color: #1e4e9d;\">Peter Kn\u00ed\u017eat, MSc.<\/span><br \/>\nStatistical Office of the SR<br \/>\nSlovak Republic<\/li>\n<li><span style=\"font-size: 17px; color: #1e4e9d;\">RNDr. Tom\u00e1\u0161 Ku\u010dera, CSc.<\/span><br \/>\nCharles University<br \/>\nCzech Republic<\/li>\n<li><span style=\"font-size: 17px; color: #1e4e9d;\">Ing. Karol Mach\u00e1\u010dek<\/span><br \/>\nNational Bank of Slovakia<br \/>\nSlovak Republic<\/li>\n<li><span style=\"font-size: 17px; color: #1e4e9d;\">doc. Ing. Iveta Stankovi\u010dov\u00e1, PhD.<\/span><br \/>\nThe Committee of the Slovak Statistical and Demographic Society<br \/>\nSlovak Republic<\/li>\n<li><span style=\"font-size: 17px; color: #1e4e9d;\">Mgr. G\u00e1bor Sz\u0171cs, PhD.<\/span><br \/>\nComenius University Bratislava<br \/>\nSlovak Republic<\/li>\n<li><span style=\"font-size: 17px; color: #1e4e9d;\">doc. Mgr. Erik \u0160olt\u00e9s, PhD.<\/span><br \/>\nUniversity of Economics in Bratislava<br \/>\nSlovak Republic<\/li>\n<li><span style=\"font-size: 17px; color: #1e4e9d;\">doc. RNDr. PhDr. Branislav \u0160procha, PhD.<\/span><br \/>\nINFOSTAT \u2013 Demographic Research Centre<br \/>\nCentre of Social and Psychological Sciences of\u00a0the Slovak Academy of Sciences<br \/>\nComenius University in Bratislava<br \/>\nSlovak Republic<\/li>\n<li><span style=\"font-size: 17px; color: #1e4e9d;\">Ing. Boris Va\u0148o<\/span><br \/>\nINFOSTAT &#8211; Demographic Research Centre<br \/>\nSlovak Republic<\/li>\n<\/ul>\n<\/div><\/div><\/div><\/div><\/div><div class=\"vc_col-sm-6 wpb_column vc_column_container\"><div class=\"vc_column-inner\"><div class=\"wpb_wrapper\"><div class=\"wpb_text_column\"><div class=\"wpb_wrapper\"><h2>Foreign consultants of journal<\/h2>\n<ul class=\"members\">\n<li><span style=\"color: #1e4e9d;\">Dr. Gabriela Czanner<\/span><br \/>\nFaculty of Engineering and Technology, Liverpool John Moores University<br \/>\nUnited Kingdom<\/li>\n<li><span style=\"color: #1e4e9d;\">doc. Ing. Jitka Langhamrov\u00e1, CSc.<\/span><br \/>\nFaculty of Informatics and Statistics, University of Economics in Prague<br \/>\nCzech Republic<\/li>\n<li><span style=\"color: #1e4e9d;\">Dr. Estefan\u00eda Mourelle Espasand\u00edn<\/span><br \/>\nFacultad de Econom\u00eda y Empresa, Universidade da Coru\u00f1a<br \/>\nSpain<\/li>\n<li><span style=\"color: #1e4e9d;\">Mgr. Michaela Potan\u010dokov\u00e1, Ph.D<\/span><br \/>\nJoint Research Centre, European Commission<br \/>\nItaly<\/li>\n<li><span style=\"color: #1e4e9d;\">prof. Ing. Hana \u0158ezankov\u00e1, CSc.<\/span><br \/>\nFaculty of Informatics and Statistics, University of Economics in Prague<br \/>\nCzech Republic<\/li>\n<li><span style=\"color: #1e4e9d;\">prof. Mag. Dr. Milan Stehlik<\/span><br \/>\nInstitute of Statistics, University of Valpara\u00edso<br \/>\nChile<br \/>\nDepartment of Applied Statistics, Johannes Kepler University<br \/>\nAustria<\/li>\n<\/ul>\n<\/div><\/div><\/div><\/div><\/div><\/div><\/div><\/section>\n","protected":false},"excerpt":{"rendered":"SLOVAK STATISTICS AND DEMOGRAPHYscientific reviewed journal focusing on the presentation of modern statistical and demographic methods and proceduresSLOVAK STATISTICS AND DEMOGRAPHY is the only scientific reviewed journal focusing on the presentation of modern statistical and demographic methods and procedures. Our aim is to promote the position and importance of Slovak statistics in the European Statistical...","protected":false},"author":2,"featured_media":0,"parent":0,"menu_order":0,"comment_status":"closed","ping_status":"closed","template":"","meta":{"_exactmetrics_skip_tracking":false,"_exactmetrics_sitenote_active":false,"_exactmetrics_sitenote_note":"","_exactmetrics_sitenote_category":0,"footnotes":""},"class_list":["post-25","page","type-page","status-publish","hentry"],"_links":{"self":[{"href":"https:\/\/ssad.statistics.sk\/SSaD\/index.php\/wp-json\/wp\/v2\/pages\/25","targetHints":{"allow":["GET"]}}],"collection":[{"href":"https:\/\/ssad.statistics.sk\/SSaD\/index.php\/wp-json\/wp\/v2\/pages"}],"about":[{"href":"https:\/\/ssad.statistics.sk\/SSaD\/index.php\/wp-json\/wp\/v2\/types\/page"}],"author":[{"embeddable":true,"href":"https:\/\/ssad.statistics.sk\/SSaD\/index.php\/wp-json\/wp\/v2\/users\/2"}],"replies":[{"embeddable":true,"href":"https:\/\/ssad.statistics.sk\/SSaD\/index.php\/wp-json\/wp\/v2\/comments?post=25"}],"version-history":[{"count":58,"href":"https:\/\/ssad.statistics.sk\/SSaD\/index.php\/wp-json\/wp\/v2\/pages\/25\/revisions"}],"predecessor-version":[{"id":4539,"href":"https:\/\/ssad.statistics.sk\/SSaD\/index.php\/wp-json\/wp\/v2\/pages\/25\/revisions\/4539"}],"wp:attachment":[{"href":"https:\/\/ssad.statistics.sk\/SSaD\/index.php\/wp-json\/wp\/v2\/media?parent=25"}],"curies":[{"name":"wp","href":"https:\/\/api.w.org\/{rel}","templated":true}]}}