{"id":2348,"date":"2020-04-15T13:24:54","date_gmt":"2020-04-15T11:24:54","guid":{"rendered":"https:\/\/ssad.statistics.sk\/SSaD\/index.php\/slovak-statistics-and-demography-2-2020\/"},"modified":"2024-10-15T13:14:12","modified_gmt":"2024-10-15T11:14:12","slug":"slovak-statistics-and-demography-2-2020","status":"publish","type":"page","link":"https:\/\/ssad.statistics.sk\/SSaD\/index.php\/slovak-statistics-and-demography-2-2020\/?lang=en","title":{"rendered":"Slovak Statistics and Demography 2\/2020"},"content":{"rendered":"<section class=\"l-section wpb_row padding-top-journal height_auto\"><div class=\"l-section-h i-cf\"><div class=\"g-cols vc_row via_flex valign_top type_default stacking_default\"><div class=\"vc_col-sm-12 wpb_column vc_column_container\"><div class=\"vc_column-inner\"><div class=\"wpb_wrapper\"><div class=\"wpb_text_column\"><div class=\"wpb_wrapper\"><h1>Slovak Statistics and Demography 2\/2020<\/h1>\n<\/div><\/div><\/div><\/div><\/div><\/div><\/div><\/section><section class=\"l-section wpb_row us_custom_18c73a72 height_auto\"><div class=\"l-section-h i-cf\"><div class=\"g-cols vc_row via_flex valign_top type_default stacking_default\"><div class=\"vc_col-sm-2 wpb_column vc_column_container\"><div class=\"vc_column-inner\"><div class=\"wpb_wrapper\"><div class=\"w-image style_outlined align_none\"><div class=\"w-image-h\"><img loading=\"lazy\" decoding=\"async\" width=\"142\" height=\"190\" src=\"https:\/\/ssad.statistics.sk\/SSaD\/wp-content\/uploads\/2020\/01\/SSaD2020_142x190.png\" class=\"attachment-full size-full\" alt=\"\" \/><\/div><\/div><\/div><\/div><\/div><div class=\"vc_col-sm-6 wpb_column vc_column_container\"><div class=\"vc_column-inner\"><div class=\"wpb_wrapper\">[vc_raw_html]PGRpdiBjbGFzcz0iZGV0YWlsIj4gDQogICAgPHA+TnVtYmVyIG9mIHBhZ2VzOiA4NDwvcD4NCiAgICA8cD5QZXJpb2RpY2l0eTogNCB0aW1lcyBhIHllYXI8L3A+ICAgDQogICAgPHA+SVNTTjogMTMzOS02ODU0IChvbmxpbmUpPC9wPg0KICAgIDxwPjxzcGFuIHN0eWxlPSJwYWRkaW5nLWxlZnQ6IDQ3cHg7Ij4xMjEwLTEwOTUgKHByaW50ZWQgdmVyc2lvbik8L3NwYW4+PC9wPg0KPC9kaXY+[\/vc_raw_html]<\/div><\/div><\/div><div class=\"vc_col-sm-4 wpb_column vc_column_container\"><div class=\"vc_column-inner\"><div class=\"wpb_wrapper\">[vc_raw_html css=&#8220;.vc_custom_1586862682235{margin-top: 3.35em !important;}&#8220; el_class=&#8220;download-content&#8220;]PGRpdj4gICAgDQogICAgPHA+PHNwYW4gc3R5bGU9ImxpbmUtaGVpZ2h0OiAyLjFlbTsgcGFkZGluZy1sZWZ0OiAwcHg7IGNvbG9yOiAjMWU0ZTlkOyI+Q29tcGxldGUgaXNzdWU8L3NwYW4+PGJyPiBbZG93bmxvYWQgaWQ9IjI1NSJdIHN0aWFobnV0w60pPC9zcGFuPjwvcD4NCjwvZGl2Pg==[\/vc_raw_html]<\/div><\/div><\/div><\/div><\/div><\/section><section class=\"l-section wpb_row us_custom_5c07cc07 height_auto\"><div class=\"l-section-h i-cf\"><div class=\"g-cols vc_row via_flex valign_top type_default stacking_default\"><div class=\"vc_col-sm-12 wpb_column vc_column_container\"><div class=\"vc_column-inner\"><div class=\"wpb_wrapper\"><div class=\"w-separator us_custom_fd420121 has_text_color size_medium with_line width_default thick_1 style_dashed color_border align_center\"><div class=\"w-separator-h\"><\/div><\/div><\/div><\/div><\/div><\/div><\/div><\/section><section class=\"l-section wpb_row us_custom_85c8db04 height_auto\"><div class=\"l-section-h i-cf\"><div class=\"g-cols vc_row via_flex valign_top type_default stacking_default\"><div class=\"vc_col-sm-12 wpb_column vc_column_container\"><div class=\"vc_column-inner\"><div class=\"wpb_wrapper\"><div class=\"wpb_text_column\"><div class=\"wpb_wrapper\"><h2>SCIENTIFIC ARTICLES<\/h2>\n<div class=\"w-grid us_custom_2b991ef7 type_grid layout_146\" id=\"us_grid_1\" data-filterable=\"true\"><style>#us_grid_1 .w-grid-item:not(:last-child){margin-bottom:2.5rem}#us_grid_1 .g-loadmore{margin-top:2.5rem}.layout_146 .w-grid-item-h{}.layout_146 .usg_post_title_1{font-family:var(--font-body)!important;font-size:21px!important}.layout_146 .usg_post_date_1{font-family:var(--font-body)!important;font-size:0.9rem!important}.layout_146 .usg_post_content_1{margin-top:0.5rem!important;font-family:var(--font-body)!important}@media (max-width:600px){.layout_146 .usg_post_title_1{font-size:18px!important}}<\/style><div class=\"w-grid-list\">\t<article class=\"w-grid-item size_1x1 post-2306 post type-post status-publish format-standard hentry category-2-2020-vedecke-clanky tag-autor-ondrej-oravec tag-autor-pavol-durcek tag-celkovy-prirastok-obyvatelstva tag-migracia tag-porodnost tag-umrtnost tag-webbova-typologia\" data-id=\"2306\">\r\n\t\t<div class=\"w-grid-item-h\">\r\n\t\t\t\t\t\t<h2 class=\"w-post-elm post_title usg_post_title_1 entry-title color_link_inherit\"><a href=\"https:\/\/ssad.statistics.sk\/SSaD\/index.php\/vyuzitie-hrubych-mier-pri-tvorbe-webbovej-typologie-celkoveho-prirastku-obyvatelstva-aplikacia-na-uroven-obci-slovenskej-republiky-v-obdobi-1988-2016\/\">Vyu\u017eitie hrub\u00fdch mier pri tvorbe Webbovej typol\u00f3gie celkov\u00e9ho pr\u00edrastku obyvate\u013estva: Aplik\u00e1cia na \u00farove\u0148 obc\u00ed Slovenskej republiky v obdob\u00ed 1988 \u2013 2016<\/a><\/h2><time class=\"w-post-elm post_date usg_post_date_1 entry-date published\" datetime=\"2020-04-15T10:40:17+02:00\"><i class=\"far fa-clock\"><\/i>15. apr\u00edla 2020<\/time><div class=\"w-post-elm post_content usg_post_content_1\"><p>Ondrej Oravec, Pavol \u010eur\u010dek, Pr\u00edrodovedeck\u00e1 fakulta, Univerzita Komensk\u00e9ho v Bratislave, Slovensk\u00e1 republika<\/p>\n<p> <a href=\"https:\/\/ssad.statistics.sk\/SSaD\/index.php\/vyuzitie-hrubych-mier-pri-tvorbe-webbovej-typologie-celkoveho-prirastku-obyvatelstva-aplikacia-na-uroven-obci-slovenskej-republiky-v-obdobi-1988-2016\/#more-2306\" class=\"more-link\"><span aria-label=\"\u010c\u00edta\u0165 \u010falej Vyu\u017eitie hrub\u00fdch mier pri tvorbe Webbovej typol\u00f3gie celkov\u00e9ho pr\u00edrastku obyvate\u013estva: Aplik\u00e1cia na \u00farove\u0148 obc\u00ed Slovenskej republiky v obdob\u00ed 1988 \u2013 2016\">(viac&hellip;)<\/span><\/a><\/p>\n<\/div>\t\t<\/div>\r\n\t<\/article>\r\n\t<article class=\"w-grid-item size_1x1 post-2314 post type-post status-publish format-standard hentry category-2-2020-vedecke-clanky tag-autor-branislav-sprocha tag-odkladanie-plodnosti tag-regionalne-rozdiely tag-skore-a-neskore-materstvo tag-slovensko tag-vyvoj\" data-id=\"2314\">\r\n\t\t<div class=\"w-grid-item-h\">\r\n\t\t\t\t\t\t<h2 class=\"w-post-elm post_title usg_post_title_1 entry-title color_link_inherit\"><a href=\"https:\/\/ssad.statistics.sk\/SSaD\/index.php\/skore-a-neskore-materstvo-na-slovensku-v-casovom-a-priestorovom-aspekte\/\">Skor\u00e9 a neskor\u00e9 materstvo na Slovensku v \u010dasovom a priestorovom aspekte<\/a><\/h2><time class=\"w-post-elm post_date usg_post_date_1 entry-date published\" datetime=\"2020-04-15T10:39:04+02:00\"><i class=\"far fa-clock\"><\/i>15. apr\u00edla 2020<\/time><div class=\"w-post-elm post_content usg_post_content_1\"><p>Branislav \u0160procha, INFOSTAT \u2013 V\u00fdskumn\u00e9 demografick\u00e9 centrum, Centrum psychologick\u00fdch a spolo\u010densk\u00fdch vied Slovenskej akad\u00e9mie vied, Slovensk\u00e1 republika<\/p>\n<p> <a href=\"https:\/\/ssad.statistics.sk\/SSaD\/index.php\/skore-a-neskore-materstvo-na-slovensku-v-casovom-a-priestorovom-aspekte\/#more-2314\" class=\"more-link\"><span aria-label=\"\u010c\u00edta\u0165 \u010falej Skor\u00e9 a neskor\u00e9 materstvo na Slovensku v \u010dasovom a priestorovom aspekte\">(viac&hellip;)<\/span><\/a><\/p>\n<\/div>\t\t<\/div>\r\n\t<\/article>\r\n\t<article class=\"w-grid-item size_1x1 post-2317 post type-post status-publish format-standard hentry category-2-2020-vedecke-clanky tag-autor-diana-bilkova tag-ctyrparametricke-lognormalni-krivky tag-kvantilova-metoda-bodoveho-odhadu-parametru tag-modely-mzdovych-rozdeleni tag-presnost-bodoveho-odhadu-parametru tag-testove-kriterium-chi-kvadrat tag-triparametricke-lognormalni-krivky\" data-id=\"2317\">\r\n\t\t<div class=\"w-grid-item-h\">\r\n\t\t\t\t\t\t<h2 class=\"w-post-elm post_title usg_post_title_1 entry-title color_link_inherit\"><a href=\"https:\/\/ssad.statistics.sk\/SSaD\/index.php\/ctyrparametricke-a-triparametricke-lognormalni-krivky-jako-modely-mzdovych-rozdeleni\/\">\u010cty\u0159parametrick\u00e9 a t\u0159\u00edparametrick\u00e9 lognorm\u00e1ln\u00ed k\u0159ivky jako modely mzdov\u00fdch rozd\u011blen\u00ed<\/a><\/h2><time class=\"w-post-elm post_date usg_post_date_1 entry-date published\" datetime=\"2020-04-15T10:38:18+02:00\"><i class=\"far fa-clock\"><\/i>15. apr\u00edla 2020<\/time><div class=\"w-post-elm post_content usg_post_content_1\"><p>Diana B\u00edlkov\u00e1, Fakulty informatiky a statistiky, Vysok\u00e1 \u0161kola ekonomick\u00e1 v Praze, \u010cesk\u00e1 republika<\/p>\n<p> <a href=\"https:\/\/ssad.statistics.sk\/SSaD\/index.php\/ctyrparametricke-a-triparametricke-lognormalni-krivky-jako-modely-mzdovych-rozdeleni\/#more-2317\" class=\"more-link\"><span aria-label=\"\u010c\u00edta\u0165 \u010falej \u010cty\u0159parametrick\u00e9 a t\u0159\u00edparametrick\u00e9 lognorm\u00e1ln\u00ed k\u0159ivky jako modely mzdov\u00fdch rozd\u011blen\u00ed\">(viac&hellip;)<\/span><\/a><\/p>\n<\/div>\t\t<\/div>\r\n\t<\/article>\r\n<\/div><div class=\"w-grid-preloader\"><div class=\"g-preloader type_1\">\r\n\t<div><\/div>\r\n<\/div>\r\n<\/div>\t<div class=\"w-grid-json hidden\" onclick='return {&quot;action&quot;:&quot;us_ajax_grid&quot;,&quot;ajax_url&quot;:&quot;https:\\\/\\\/ssad.statistics.sk\\\/SSaD\\\/wp-admin\\\/admin-ajax.php&quot;,&quot;infinite_scroll&quot;:0,&quot;max_num_pages&quot;:1,&quot;pagination&quot;:&quot;none&quot;,&quot;permalink_url&quot;:&quot;https:\\\/\\\/ssad.statistics.sk\\\/SSaD\\\/wp-json\\\/wp\\\/v2\\\/pages\\\/2348&quot;,&quot;template_vars&quot;:{&quot;columns&quot;:&quot;1&quot;,&quot;exclude_items&quot;:&quot;none&quot;,&quot;img_size&quot;:&quot;default&quot;,&quot;ignore_items_size&quot;:0,&quot;items_layout&quot;:&quot;146&quot;,&quot;items_offset&quot;:&quot;1&quot;,&quot;load_animation&quot;:&quot;none&quot;,&quot;overriding_link&quot;:&quot;none&quot;,&quot;post_id&quot;:2348,&quot;query_args&quot;:{&quot;post_type&quot;:[&quot;post&quot;],&quot;tax_query&quot;:[{&quot;taxonomy&quot;:&quot;category&quot;,&quot;field&quot;:&quot;slug&quot;,&quot;terms&quot;:[&quot;2-2020-scientific-articles&quot;]}],&quot;post_status&quot;:[&quot;publish&quot;],&quot;posts_per_page&quot;:&quot;20&quot;},&quot;orderby_query_args&quot;:{&quot;orderby&quot;:{&quot;date&quot;:&quot;DESC&quot;}},&quot;type&quot;:&quot;grid&quot;,&quot;us_grid_ajax_index&quot;:1,&quot;us_grid_filter_params&quot;:null,&quot;us_grid_index&quot;:1,&quot;_us_grid_post_type&quot;:&quot;post&quot;}}'><\/div>\r\n\t<\/div>\n<\/div><\/div><\/div><\/div><\/div><\/div><\/div><\/section><section class=\"l-section wpb_row us_custom_c4a4bb17 content-information height_auto\"><div class=\"l-section-h i-cf\"><div class=\"g-cols vc_row via_flex valign_top type_default stacking_default\"><div class=\"vc_col-sm-12 wpb_column vc_column_container\"><div class=\"vc_column-inner\"><div class=\"wpb_wrapper\"><div class=\"wpb_text_column\"><div class=\"wpb_wrapper\"><h2>INFORMATIVE ARTICLES, OPINIONS, REVIEWS, INTERVIEWS, INFORMATION<\/h2>\n<div class=\"w-grid us_custom_2b991ef7 type_grid layout_146\" id=\"us_grid_2\"><style>#us_grid_2 .w-grid-item:not(:last-child){margin-bottom:2.5rem}#us_grid_2 .g-loadmore{margin-top:2.5rem}<\/style><div class=\"w-grid-list\">\t<article class=\"w-grid-item size_1x1 post-2324 post type-post status-publish format-standard hentry category-2-2020-informativne-clanky-nazory-recenzie-rozhovory-informacie tag-autor-michal-pales\" data-id=\"2324\">\r\n\t\t<div class=\"w-grid-item-h\">\r\n\t\t\t\t\t\t<h2 class=\"w-post-elm post_title usg_post_title_1 entry-title color_link_inherit\"><a href=\"https:\/\/ssad.statistics.sk\/SSaD\/index.php\/moznosti-riesenia-problematiky-big-data-v-jazyku-r\/\">Mo\u017enosti rie\u0161enia problematiky Big Data v jazyku R<\/a><\/h2><time class=\"w-post-elm post_date usg_post_date_1 entry-date published\" datetime=\"2020-04-15T10:37:48+02:00\"><i class=\"far fa-clock\"><\/i>15. apr\u00edla 2020<\/time><div class=\"w-post-elm post_content usg_post_content_1\"><p>Michal P\u00e1le\u0161, Fakulta hospod\u00e1rskej informatiky, Ekonomick\u00e1 univerzita v Bratislave, Slovensk\u00e1 republika<\/p>\n<p> <a href=\"https:\/\/ssad.statistics.sk\/SSaD\/index.php\/moznosti-riesenia-problematiky-big-data-v-jazyku-r\/#more-2324\" class=\"more-link\"><span aria-label=\"\u010c\u00edta\u0165 \u010falej Mo\u017enosti rie\u0161enia problematiky Big Data v jazyku R\">(viac&hellip;)<\/span><\/a><\/p>\n<\/div>\t\t<\/div>\r\n\t<\/article>\r\n\t<article class=\"w-grid-item size_1x1 post-2331 post type-post status-publish format-standard hentry category-2-2020-informativne-clanky-nazory-recenzie-rozhovory-informacie tag-autor-alzbeta-ridzonova\" data-id=\"2331\">\r\n\t\t<div class=\"w-grid-item-h\">\r\n\t\t\t\t\t\t<h2 class=\"w-post-elm post_title usg_post_title_1 entry-title color_link_inherit\"><a href=\"https:\/\/ssad.statistics.sk\/SSaD\/index.php\/asymetrie-v-statistike-zahranicneho-obchodu\/\">Asymetrie v \u0161tatistike zahrani\u010dn\u00e9ho obchodu<\/a><\/h2><time class=\"w-post-elm post_date usg_post_date_1 entry-date published\" datetime=\"2020-04-15T10:36:19+02:00\"><i class=\"far fa-clock\"><\/i>15. apr\u00edla 2020<\/time><div class=\"w-post-elm post_content usg_post_content_1\"><p>Al\u017ebeta Ridzo\u0148ov\u00e1, \u0160tatistick\u00fd \u00farad Slovenskej republiky, Slovensk\u00e1 republika<\/p>\n<p> <a href=\"https:\/\/ssad.statistics.sk\/SSaD\/index.php\/asymetrie-v-statistike-zahranicneho-obchodu\/#more-2331\" class=\"more-link\"><span aria-label=\"\u010c\u00edta\u0165 \u010falej Asymetrie v \u0161tatistike zahrani\u010dn\u00e9ho obchodu\">(viac&hellip;)<\/span><\/a><\/p>\n<\/div>\t\t<\/div>\r\n\t<\/article>\r\n\t<article class=\"w-grid-item size_1x1 post-2335 post type-post status-publish format-standard hentry category-2-2020-informativne-clanky-nazory-recenzie-rozhovory-informacie tag-autor-eva-kotlebova\" data-id=\"2335\">\r\n\t\t<div class=\"w-grid-item-h\">\r\n\t\t\t\t\t\t<h2 class=\"w-post-elm post_title usg_post_title_1 entry-title color_link_inherit\"><a href=\"https:\/\/ssad.statistics.sk\/SSaD\/index.php\/erik-soltes-regresna-a-korelacna-analyza-s-aplikaciami-v-softveri-sas\/\">Erik \u0160olt\u00e9s: Regresn\u00e1 a korela\u010dn\u00e1 anal\u00fdza s aplik\u00e1ciami v softv\u00e9ri SAS<\/a><\/h2><time class=\"w-post-elm post_date usg_post_date_1 entry-date published\" datetime=\"2020-04-15T10:35:41+02:00\"><i class=\"far fa-clock\"><\/i>15. apr\u00edla 2020<\/time><div class=\"w-post-elm post_content usg_post_content_1\"><p>Eva Kotlebov\u00e1, Fakulta hospod\u00e1rskej informatiky, Ekonomick\u00e1 univerzita v Bratislave, Slovensk\u00e1 republika<\/p>\n<p> <a href=\"https:\/\/ssad.statistics.sk\/SSaD\/index.php\/erik-soltes-regresna-a-korelacna-analyza-s-aplikaciami-v-softveri-sas\/#more-2335\" class=\"more-link\"><span aria-label=\"\u010c\u00edta\u0165 \u010falej Erik \u0160olt\u00e9s: Regresn\u00e1 a korela\u010dn\u00e1 anal\u00fdza s aplik\u00e1ciami v softv\u00e9ri SAS\">(viac&hellip;)<\/span><\/a><\/p>\n<\/div>\t\t<\/div>\r\n\t<\/article>\r\n\t<article class=\"w-grid-item size_1x1 post-2339 post type-post status-publish format-standard hentry category-2-2020-informativne-clanky-nazory-recenzie-rozhovory-informacie tag-vladimira-lauko-jackova\" data-id=\"2339\">\r\n\t\t<div class=\"w-grid-item-h\">\r\n\t\t\t\t\t\t<h2 class=\"w-post-elm post_title usg_post_title_1 entry-title color_link_inherit\"><a href=\"https:\/\/ssad.statistics.sk\/SSaD\/index.php\/vera-kucharova-a-kol-ceska-rodina-na-pocatku-21-stoleti-zivotni-podminky-vztahy-a-potreby\/\">V\u011bra Kucha\u0159ov\u00e1 a kol.: \u010cesk\u00e1 rodina na po\u010d\u00e1tku 21. stolet\u00ed. \u017divotn\u00ed podm\u00ednky, vztahy a pot\u0159eby<\/a><\/h2><time class=\"w-post-elm post_date usg_post_date_1 entry-date published\" datetime=\"2020-04-15T10:34:41+02:00\"><i class=\"far fa-clock\"><\/i>15. apr\u00edla 2020<\/time><div class=\"w-post-elm post_content usg_post_content_1\"><p>Vladim\u00edra Lauko Jackov\u00e1, Sociologick\u00fd \u00fastav Slovenskej akad\u00e9mie vied, Slovensk\u00e1 republika<\/p>\n<p> <a href=\"https:\/\/ssad.statistics.sk\/SSaD\/index.php\/vera-kucharova-a-kol-ceska-rodina-na-pocatku-21-stoleti-zivotni-podminky-vztahy-a-potreby\/#more-2339\" class=\"more-link\"><span aria-label=\"\u010c\u00edta\u0165 \u010falej V\u011bra Kucha\u0159ov\u00e1 a kol.: \u010cesk\u00e1 rodina na po\u010d\u00e1tku 21. stolet\u00ed. \u017divotn\u00ed podm\u00ednky, vztahy a pot\u0159eby\">(viac&hellip;)<\/span><\/a><\/p>\n<\/div>\t\t<\/div>\r\n\t<\/article>\r\n<\/div><div class=\"w-grid-preloader\"><div class=\"g-preloader type_1\">\r\n\t<div><\/div>\r\n<\/div>\r\n<\/div>\t<div class=\"w-grid-json hidden\" onclick='return {&quot;action&quot;:&quot;us_ajax_grid&quot;,&quot;ajax_url&quot;:&quot;https:\\\/\\\/ssad.statistics.sk\\\/SSaD\\\/wp-admin\\\/admin-ajax.php&quot;,&quot;infinite_scroll&quot;:0,&quot;max_num_pages&quot;:1,&quot;pagination&quot;:&quot;none&quot;,&quot;permalink_url&quot;:&quot;https:\\\/\\\/ssad.statistics.sk\\\/SSaD\\\/wp-json\\\/wp\\\/v2\\\/pages\\\/2348&quot;,&quot;template_vars&quot;:{&quot;columns&quot;:&quot;1&quot;,&quot;exclude_items&quot;:&quot;none&quot;,&quot;img_size&quot;:&quot;default&quot;,&quot;ignore_items_size&quot;:0,&quot;items_layout&quot;:&quot;146&quot;,&quot;items_offset&quot;:&quot;1&quot;,&quot;load_animation&quot;:&quot;none&quot;,&quot;overriding_link&quot;:&quot;none&quot;,&quot;post_id&quot;:2317,&quot;query_args&quot;:{&quot;post_type&quot;:[&quot;post&quot;],&quot;tax_query&quot;:[{&quot;taxonomy&quot;:&quot;category&quot;,&quot;field&quot;:&quot;slug&quot;,&quot;terms&quot;:[&quot;2-2020-informative-articles-opinions-reviews-interviews-information&quot;]}],&quot;post_status&quot;:[&quot;publish&quot;],&quot;posts_per_page&quot;:&quot;20&quot;},&quot;orderby_query_args&quot;:{&quot;orderby&quot;:{&quot;date&quot;:&quot;DESC&quot;}},&quot;type&quot;:&quot;grid&quot;,&quot;us_grid_ajax_index&quot;:1,&quot;us_grid_filter_params&quot;:null,&quot;us_grid_index&quot;:2,&quot;_us_grid_post_type&quot;:&quot;post&quot;}}'><\/div>\r\n\t<\/div>\n<\/div><\/div><\/div><\/div><\/div><\/div><\/div><\/section><section class=\"l-section wpb_row us_custom_c4a4bb17 content-comingsoon height_auto\"><div class=\"l-section-h i-cf\"><div class=\"g-cols vc_row via_flex valign_top type_default stacking_default\"><div class=\"vc_col-sm-12 wpb_column vc_column_container\"><div class=\"vc_column-inner\"><div class=\"wpb_wrapper\"><div class=\"wpb_text_column\"><div class=\"wpb_wrapper\"><h2>COMING SOON<\/h2>\n<p>A monothematic issue of the Slovak Statistics and Demography No. 3\/2020 focused on multivariate statistical methods.<\/p>\n<h2 class=\"soon\">Selection methods explanatory variables in classification trees<\/h2>\n<p>Hana \u0158ezankov\u00e1, Faculty of Informatics and Statistics, University of Economics in Prague, Czech Republic<\/p>\n<h2 class=\"soon\">The use of simple methods of multi-dimensional comparison in the analysis of countries\u2018 debt<\/h2>\n<p>Viera Labudov\u00e1, Faculty of Economic Informatics, University of Economics in Bratislava, Slovak Republic<\/p>\n<h2 class=\"soon\">Using of regression analysis at modeling of a mortality in a life insurance<\/h2>\n<p>Tatiana \u0160olt\u00e9sov\u00e1, Jana K\u00fatikov\u00e1, Faculty of Economic Informatics, University of Economics in Bratislava, Slovak Republic<\/p>\n<h2 class=\"soon\">Human development index: classification of european countries by multivariate methods<\/h2>\n<p>Iveta Stankovi\u010dov\u00e1, Faculty of Management, Comenius University in Bratislava, Slovak Republic<br \/>\nAlena Mojsejov\u00e1, Faculty of Economics, Technical University of Ko\u0161ice, Slovak Republic<\/p>\n<\/div><\/div><\/div><\/div><\/div><\/div><\/div><\/section>\n","protected":false},"excerpt":{"rendered":"Vladim\u00edra Lauko Jackov\u00e1, Sociologick\u00fd \u00fastav Slovenskej akad\u00e9mie vied, Slovensk\u00e1 republika Typ \u010dl\u00e1nku: recenzia publik\u00e1cie Strany: 79 - 82 \u010cl\u00e1nok na stiahnutie PDF (1,0 MB, 572 stiahnut\u00ed)","protected":false},"author":4,"featured_media":0,"parent":0,"menu_order":0,"comment_status":"closed","ping_status":"closed","template":"","meta":{"_exactmetrics_skip_tracking":false,"_exactmetrics_sitenote_active":false,"_exactmetrics_sitenote_note":"","_exactmetrics_sitenote_category":0,"footnotes":""},"class_list":["post-2348","page","type-page","status-publish","hentry"],"_links":{"self":[{"href":"https:\/\/ssad.statistics.sk\/SSaD\/index.php\/wp-json\/wp\/v2\/pages\/2348","targetHints":{"allow":["GET"]}}],"collection":[{"href":"https:\/\/ssad.statistics.sk\/SSaD\/index.php\/wp-json\/wp\/v2\/pages"}],"about":[{"href":"https:\/\/ssad.statistics.sk\/SSaD\/index.php\/wp-json\/wp\/v2\/types\/page"}],"author":[{"embeddable":true,"href":"https:\/\/ssad.statistics.sk\/SSaD\/index.php\/wp-json\/wp\/v2\/users\/4"}],"replies":[{"embeddable":true,"href":"https:\/\/ssad.statistics.sk\/SSaD\/index.php\/wp-json\/wp\/v2\/comments?post=2348"}],"version-history":[{"count":6,"href":"https:\/\/ssad.statistics.sk\/SSaD\/index.php\/wp-json\/wp\/v2\/pages\/2348\/revisions"}],"predecessor-version":[{"id":4183,"href":"https:\/\/ssad.statistics.sk\/SSaD\/index.php\/wp-json\/wp\/v2\/pages\/2348\/revisions\/4183"}],"wp:attachment":[{"href":"https:\/\/ssad.statistics.sk\/SSaD\/index.php\/wp-json\/wp\/v2\/media?parent=2348"}],"curies":[{"name":"wp","href":"https:\/\/api.w.org\/{rel}","templated":true}]}}