{"id":23,"date":"2019-02-04T08:42:02","date_gmt":"2019-02-04T07:42:02","guid":{"rendered":"https:\/\/ssad.statistics.sk\/SSaD\/?page_id=23"},"modified":"2025-04-16T11:17:24","modified_gmt":"2025-04-16T09:17:24","slug":"domov","status":"publish","type":"page","link":"https:\/\/ssad.statistics.sk\/SSaD\/","title":{"rendered":"Domov"},"content":{"rendered":"<section class=\"l-section wpb_row padding-top-home height_auto\"><div class=\"l-section-h i-cf\"><div class=\"g-cols vc_row via_flex valign_top type_default stacking_default\"><div class=\"vc_col-sm-12 wpb_column vc_column_container\"><div class=\"vc_column-inner\"><div class=\"wpb_wrapper\"><div class=\"ult-new-ib ult-ib-effect-style1 home-banner ult-ib-resp  \" data-min-width=\"800\" data-max-width=\"900\" style=\"background:rgba(30,78,157,0.8);\" data-opacity=\"1\" data-hover-opacity=\"1\" ><img decoding=\"async\" class=\"ult-new-ib-img\" style=\"opacity:1;\" alt=\"SSaD\" src=\"https:\/\/ssad.statistics.sk\/SSaD\/wp-content\/uploads\/2019\/02\/main_statistics.jpg\"   \/><div id=\"interactive-banner-wrap-5344\" class=\"ult-new-ib-desc\" style=\"\"><h2 class=\"ult-new-ib-title ult-responsive\"  data-ultimate-target='#interactive-banner-wrap-5344 .ult-new-ib-title'  data-responsive-json-new='{\"font-size\":\"desktop:38px;\",\"line-height\":\"desktop:61px;\"}'  style=\"font-weight:normal;color:#ffffff;\">SLOVENSK\u00c1 \u0160TATISTIKA A DEMOGRAFIA<\/h2><div class=\"ult-new-ib-content ult-responsive\"  data-ultimate-target='#interactive-banner-wrap-5344 .ult-new-ib-content'  data-responsive-json-new='{\"font-size\":\"desktop:31px;\",\"line-height\":\"desktop:40px;\"}'  style=\"font-weight:normal;color:#ffffff;\"><p>recenzovan\u00fd vedeck\u00fd \u010dasopis so zameran\u00edm na prezent\u00e1ciu modern\u00fdch \u0161tatistick\u00fdch a demografick\u00fdch met\u00f3d a postupov<\/p><\/div><\/div><\/div><script type=\"text\/javascript\">\r\n\t\t\t(function($){\r\n\t\t\t\t$(document).ready(function(){\r\n\t\t\t\t\t$(\".ult-new-ib\").css(\"opacity\",\"1\");\r\n\t\t\t\t});\r\n\t\t\t})(jQuery);\r\n\t\t\t<\/script><\/div><\/div><\/div><\/div><\/div><\/section><section class=\"l-section wpb_row us_custom_26f4d12e height_auto\"><div class=\"l-section-h i-cf\"><div class=\"g-cols vc_row via_flex valign_top type_default stacking_default\"><div class=\"vc_col-sm-12 wpb_column vc_column_container\"><div class=\"vc_column-inner\"><div class=\"wpb_wrapper\"><div class=\"wpb_text_column\"><div class=\"wpb_wrapper\"><p><strong>SLOVENSK\u00c1 \u0160TATISTIKA A DEMOGRAFIA <\/strong>je jedin\u00fd recenzovan\u00fd vedeck\u00fd \u010dasopis so zameran\u00edm na prezent\u00e1ciu modern\u00fdch \u0161tatistick\u00fdch a demografick\u00fdch met\u00f3d a postupov. Propagujeme miesto a v\u00fdznam slovenskej \u0161tatistiky v Eur\u00f3pskom \u0161tatistickom syst\u00e9me, spolupr\u00e1cu Eurostatu a n\u00e1rodn\u00fdch \u0161tatistick\u00fdch \u00faradov pri harmoniz\u00e1cii zis\u0165ovan\u00ed a multidimenzion\u00e1lny rozmer \u0161tatistiky. Podporujeme rozvoj \u0161tatistickej te\u00f3rie a jej prepojenie s praxou. Na\u0161\u00edm cie\u013eom je prispieva\u0165 k vyu\u017eite\u013enosti \u0161tatistick\u00fdch v\u00fdstupov v r\u00f4znych oblastiach a k zvy\u0161ovaniu ich kvality a efektivity.<\/p>\n<p><strong>Vydavate\u013eom<\/strong> vedeck\u00e9ho \u010dasopisu Slovensk\u00e1 \u0161tatistika a demografia bol do roku 2024 v\u00fdhradne <strong>\u0160tatistick\u00fd \u00farad Slovenskej republiky. <\/strong>Od roku 2024 je \u010dasopis vyd\u00e1van\u00fd <strong>\u0160tatistick\u00fdm \u00faradom SR<\/strong> a <strong>Slovenskou \u0161tatistickou a demografickou spolo\u010dnos\u0165ou<\/strong>. Publikujeme analytick\u00e9 \u010dl\u00e1nky, progn\u00f3zy, n\u00e1zory, diskusn\u00e9 pr\u00edspevky, recenzie, rozhovory, inform\u00e1cie a oznamy z r\u00f4znych oblast\u00ed \u0161tatistiky (n\u00e1rodn\u00e9 \u00fa\u010dty, produk\u010dn\u00e9 \u0161tatistiky, soci\u00e1lne \u0161tatistiky, \u0161tatistika \u017eivotn\u00e9ho prostredia a pod.) a demografie (demografick\u00e1 \u0161tatistika, teoreticko-metodologick\u00e9 v\u00fdchodisk\u00e1 demografie, historick\u00e1 demografia a pod.), vr\u00e1tane s\u010d\u00edtania obyvate\u013eov, domov a bytov ako neodmyslite\u013enej s\u00fa\u010dasti demografickej \u0161tatistiky.<\/p>\n<p>\u010casopis vych\u00e1dza <strong>\u0161tyrikr\u00e1t ro\u010dne<\/strong> v\u00a0tla\u010denej a elektronickej podobe, v\u017edy <strong>k 15. janu\u00e1ru, 15. apr\u00edlu, 15. j\u00falu a 15. okt\u00f3bru<\/strong>. Redakcia prij\u00edma pr\u00edspevky v slovenskom, \u010deskom a anglickom jazyku. Od roku 2014 jednotliv\u00e9 \u010d\u00edsla \u010dasopisu zverej\u0148ujeme aj v\u00a0elektronickej podobe. N\u00e1zvy \u010dl\u00e1nkov, abstrakty, k\u013e\u00fa\u010dov\u00e9 slov\u00e1 a resum\u00e9 \u010dl\u00e1nkov s\u00fa aj v anglickom jazyku.<\/p>\n<\/div><\/div><\/div><\/div><\/div><\/div><\/div><\/section><section class=\"l-section wpb_row us_custom_516c53d8 height_auto\"><div class=\"l-section-h i-cf\"><div class=\"g-cols vc_row via_flex valign_top type_default stacking_default\"><div class=\"vc_col-sm-12 wpb_column vc_column_container\"><div class=\"vc_column-inner\"><div class=\"wpb_wrapper\">[vc_raw_html]JTNDZGl2JTNFJTBBJTA5JTNDZGl2JTIwY2xhc3MlM0QlMjJpbWctbGVmdCUyMiUzRSUwQSUwOSUwOSUzQ2ltZyUyMHNyYyUzRCUyMmh0dHBzJTNBJTJGJTJGc3NhZC5zdGF0aXN0aWNzLnNrJTJGU1NhRCUyRndwLWNvbnRlbnQlMkZ1cGxvYWRzJTJGMjAyMCUyRjAxJTJGT3Blbl9BY2Nlc3NfdHJhbnNwYXJlbnQucG5nJTIyJTIwYWx0JTNEJTIyT3BlbiUyMGFjY2VzcyUyMiUyMCUyRiUzRSUwQSUwOSUzQyUyRmRpdiUzRSUwQSUwOSUzQ2RpdiUyMGNsYXNzJTNEJTIydGV4dC1yaWdodCUyMiUzRSUwQSUwOSUwOSUzQ3AlM0VTbG92ZW5zayVDMyVBMSUyMCVDNSVBMXRhdGlzdGlrYSUyMGElMjBkZW1vZ3JhZmlhJTIwamUlMjAlM0NzdHJvbmclM0UlQzQlOERhc29waXMlMjBzJTIwb3R2b3JlbiVDMyVCRG0lMjBwciVDMyVBRHN0dXBvbSUyMCUyOG9wZW4lMjBhY2Nlc3MlMjklM0MlMkZzdHJvbmclM0UlMjAlQzQlOERvJTIwem5hbWVuJUMzJUExJTJDJTIwJUM1JUJFZSUyMGNlbCVDMyVCRCUyMG9ic2FoJTIwamUlMjBiZXolMjBwb3BsYXRrdSUyQyUyMHZvJUM0JUJFbmUlMjBkb3N0dXBuJUMzJUJEJTIwdSVDNSVCRSVDMyVBRHZhdGUlQzQlQkVvbSUyMG5hJTIwdGVqdG8lMjB3ZWJvdmVqJTIwc3RyJUMzJUExbmtlJTJDJTIwcHJpJTIwemFjaG92YW4lQzMlQUQlMjB2JUM1JUExZXRrJUMzJUJEY2glMjBwcmF2aWRpZWwlMjBhdXRvcnN0dmElMjBwciVDMyVBRHNwZXZrb3YlMjBhJTIwdnlkYXZhdGUlQzQlQkVzayVDMyVCRGNoJTIwcHIlQzMlQTF2JTIwdnlkYXZhdGUlQzQlQkVhLiUzQyUyRnAlM0UlMDklMDklMEElMDklM0MlMkZkaXYlM0UlMEElM0MlMkZkaXYlM0UlMEE=[\/vc_raw_html]<\/div><\/div><\/div><\/div><\/div><\/section><section class=\"l-section wpb_row us_custom_b03c5298 height_auto\"><div class=\"l-section-h i-cf\"><div class=\"g-cols vc_row via_flex valign_top type_default stacking_default\"><div class=\"vc_col-sm-6 wpb_column vc_column_container\"><div class=\"vc_column-inner\"><div class=\"wpb_wrapper\"><div class=\"wpb_text_column\"><div class=\"wpb_wrapper\"><h2>Redak\u010dn\u00e1 rada<\/h2>\n<ul class=\"members\">\n<li><span style=\"font-size: 17px; color: #1e4e9d;\">PhDr. \u013dudmila Ivan\u010d\u00edkov\u00e1, PhD.<br \/>\n(predsedn\u00ed\u010dka redak\u010dnej rady)<\/span><br \/>\n\u0160tatistick\u00fd \u00farad SR<br \/>\nSlovensk\u00e1 republika<\/li>\n<li><span style=\"font-size: 17px; color: #1e4e9d;\">doc. PhDr. Ing. Martin Bo\u010fa, PhD.<\/span><br \/>\nUniverzita Mateja Bela v Banskej Bystrici<br \/>\nSlovensk\u00e1 republika<br \/>\nUniverzita Jana Evangelisty Purkyn\u011b v \u00dast\u00ed nad Labem<br \/>\n\u010cesk\u00e1 republika<\/li>\n<li><span style=\"font-size: 17px; color: #1e4e9d;\">Ing. Helena Glaser-Opitzov\u00e1, PhD.<\/span><br \/>\n\u0160tatistick\u00fd \u00farad SR<br \/>\nSlovensk\u00e1 republika<\/li>\n<li><span style=\"font-size: 17px; color: #1e4e9d;\">Peter Kn\u00ed\u017eat, MSc.<\/span><br \/>\n\u0160tatistick\u00fd \u00farad SR<br \/>\nSlovensk\u00e1 republika<\/li>\n<li><span style=\"font-size: 17px; color: #1e4e9d;\">RNDr. Tom\u00e1\u0161 Ku\u010dera, CSc.<\/span><br \/>\nUniverzita Karlova<br \/>\n\u010cesk\u00e1 republika<\/li>\n<li><span style=\"font-size: 17px; color: #1e4e9d;\">Ing. Karol Mach\u00e1\u010dek<\/span><br \/>\nN\u00e1rodn\u00e1 banka Slovenska<br \/>\nSlovensk\u00e1 republika<\/li>\n<li><span style=\"font-size: 17px; color: #1e4e9d;\">doc. Ing. Iveta Stankovi\u010dov\u00e1, PhD.<\/span><br \/>\nSlovensk\u00e1 \u0161tatistick\u00e1 a demografick\u00e1 spolo\u010dnos\u0165<br \/>\nSlovensk\u00e1 republika<\/li>\n<li><span style=\"font-size: 17px; color: #1e4e9d;\">Mgr. G\u00e1bor Sz\u0171cs, PhD.<\/span><br \/>\nUniverzita Komensk\u00e9ho v Bratislave<br \/>\nSlovensk\u00e1 republika<\/li>\n<li><span style=\"font-size: 17px; color: #1e4e9d;\">prof. Mgr. Erik \u0160olt\u00e9s, PhD.<\/span><br \/>\nEkonomick\u00e1 univerzita v Bratislave<br \/>\nSlovensk\u00e1 republika<\/li>\n<li><span style=\"font-size: 17px; color: #1e4e9d;\">doc. RNDr. PhDr. Branislav \u0160procha, PhD.<\/span><br \/>\nINFOSTAT \u2013 V\u00fdskumn\u00e9 demografick\u00e9 centrum<br \/>\nCentrum spolo\u010densk\u00fdch a psychologick\u00fdch vied SAV, v.v.i.<br \/>\nUniverzita Komensk\u00e9ho v Bratislave<br \/>\nSlovensk\u00e1 republika<\/li>\n<li><span style=\"font-size: 17px; color: #1e4e9d;\">Ing. Boris Va\u0148o<\/span><br \/>\nINFOSTAT &#8211; V\u00fdskumn\u00e9 demografick\u00e9 centrum<br \/>\nSlovensk\u00e1 republika<\/li>\n<\/ul>\n<\/div><\/div><\/div><\/div><\/div><div class=\"vc_col-sm-6 wpb_column vc_column_container\"><div class=\"vc_column-inner\"><div class=\"wpb_wrapper\"><div class=\"wpb_text_column\"><div class=\"wpb_wrapper\"><h2>Zahrani\u010dn\u00ed poradcovia<\/h2>\n<ul class=\"members\">\n<li><span style=\"font-size: 17px; color: #1e4e9d;\">Dr. Gabriela Czanner<\/span><br \/>\nFaculty of Engineering and Technology, Liverpool John Moores University<br \/>\nVe\u013ek\u00e1 Brit\u00e1nia<\/li>\n<li><span style=\"font-size: 17px; color: #1e4e9d;\">doc. Ing. Jitka Langhamrov\u00e1, CSc.<\/span><br \/>\nFakulta informatiky a statistiky, Vysok\u00e1 \u0161kola ekonomick\u00e1 v Praze<br \/>\n\u010cesk\u00e1 republika<\/li>\n<li><span style=\"font-size: 17px; color: #1e4e9d;\">Dr. Estefan\u00eda Mourelle Espasand\u00edn<\/span><br \/>\nFacultad de Econom\u00eda y Empresa, Universidade da Coru\u00f1a<br \/>\n\u0160panielsko<\/li>\n<li><span style=\"font-size: 17px; color: #1e4e9d;\">Mgr. Michaela Potan\u010dokov\u00e1, Ph.D<\/span><br \/>\nJoint Research Centre, European Commission<br \/>\nTaliansko<\/li>\n<li><span style=\"font-size: 17px; color: #1e4e9d;\">prof. Ing. Hana \u0158ezankov\u00e1, CSc.<\/span><br \/>\nFakulta informatiky a statistiky, Vysok\u00e1 \u0161kola ekonomick\u00e1 v Praze<br \/>\n\u010cesk\u00e1 republika<\/li>\n<li><span style=\"font-size: 17px; color: #1e4e9d;\">prof. Mag. Dr. Milan Stehlik<\/span><br \/>\nInstitute of Statistics, University of Valpara\u00edso<br \/>\n\u010cile<br \/>\nDepartment of Applied Statistics, Johannes Kepler University<br \/>\nRak\u00fasko<\/li>\n<\/ul>\n<\/div><\/div><\/div><\/div><\/div><\/div><\/div><\/section>\n","protected":false},"excerpt":{"rendered":"SLOVENSK\u00c1 \u0160TATISTIKA A DEMOGRAFIArecenzovan\u00fd vedeck\u00fd \u010dasopis so zameran\u00edm na prezent\u00e1ciu modern\u00fdch \u0161tatistick\u00fdch a demografick\u00fdch met\u00f3d a postupovSLOVENSK\u00c1 \u0160TATISTIKA A DEMOGRAFIA je jedin\u00fd recenzovan\u00fd vedeck\u00fd \u010dasopis so zameran\u00edm na prezent\u00e1ciu modern\u00fdch \u0161tatistick\u00fdch a demografick\u00fdch met\u00f3d a postupov. Propagujeme miesto a v\u00fdznam slovenskej \u0161tatistiky v Eur\u00f3pskom \u0161tatistickom syst\u00e9me, spolupr\u00e1cu Eurostatu a n\u00e1rodn\u00fdch \u0161tatistick\u00fdch \u00faradov pri harmoniz\u00e1cii zis\u0165ovan\u00ed...","protected":false},"author":2,"featured_media":0,"parent":0,"menu_order":0,"comment_status":"closed","ping_status":"closed","template":"","meta":{"_exactmetrics_skip_tracking":false,"_exactmetrics_sitenote_active":false,"_exactmetrics_sitenote_note":"","_exactmetrics_sitenote_category":0,"footnotes":""},"class_list":["post-23","page","type-page","status-publish","hentry"],"_links":{"self":[{"href":"https:\/\/ssad.statistics.sk\/SSaD\/index.php\/wp-json\/wp\/v2\/pages\/23","targetHints":{"allow":["GET"]}}],"collection":[{"href":"https:\/\/ssad.statistics.sk\/SSaD\/index.php\/wp-json\/wp\/v2\/pages"}],"about":[{"href":"https:\/\/ssad.statistics.sk\/SSaD\/index.php\/wp-json\/wp\/v2\/types\/page"}],"author":[{"embeddable":true,"href":"https:\/\/ssad.statistics.sk\/SSaD\/index.php\/wp-json\/wp\/v2\/users\/2"}],"replies":[{"embeddable":true,"href":"https:\/\/ssad.statistics.sk\/SSaD\/index.php\/wp-json\/wp\/v2\/comments?post=23"}],"version-history":[{"count":68,"href":"https:\/\/ssad.statistics.sk\/SSaD\/index.php\/wp-json\/wp\/v2\/pages\/23\/revisions"}],"predecessor-version":[{"id":4538,"href":"https:\/\/ssad.statistics.sk\/SSaD\/index.php\/wp-json\/wp\/v2\/pages\/23\/revisions\/4538"}],"wp:attachment":[{"href":"https:\/\/ssad.statistics.sk\/SSaD\/index.php\/wp-json\/wp\/v2\/media?parent=23"}],"curies":[{"name":"wp","href":"https:\/\/api.w.org\/{rel}","templated":true}]}}