{"id":1929,"date":"2017-07-15T12:42:31","date_gmt":"2017-07-15T10:42:31","guid":{"rendered":"https:\/\/ssad.statistics.sk\/SSaD\/?page_id=1929"},"modified":"2024-10-15T12:26:05","modified_gmt":"2024-10-15T10:26:05","slug":"slovenska-statistika-a-demografia-3-2017","status":"publish","type":"page","link":"https:\/\/ssad.statistics.sk\/SSaD\/index.php\/slovenska-statistika-a-demografia-3-2017\/","title":{"rendered":"Slovensk\u00e1 \u0161tatistika a demografia 3\/2017"},"content":{"rendered":"<section class=\"l-section wpb_row padding-top-journal height_auto\"><div class=\"l-section-h i-cf\"><div class=\"g-cols vc_row via_flex valign_top type_default stacking_default\"><div class=\"vc_col-sm-12 wpb_column vc_column_container\"><div class=\"vc_column-inner\"><div class=\"wpb_wrapper\"><div class=\"wpb_text_column\"><div class=\"wpb_wrapper\"><h1>Slovensk\u00e1 \u0161tatistika a demografia 3\/2017<\/h1>\n<\/div><\/div><\/div><\/div><\/div><\/div><\/div><\/section><section class=\"l-section wpb_row us_custom_18c73a72 height_auto\"><div class=\"l-section-h i-cf\"><div class=\"g-cols vc_row via_flex valign_top type_default stacking_default\"><div class=\"vc_col-sm-2 wpb_column vc_column_container\"><div class=\"vc_column-inner\"><div class=\"wpb_wrapper\"><div class=\"w-image style_outlined align_none\"><div class=\"w-image-h\"><img loading=\"lazy\" decoding=\"async\" width=\"142\" height=\"190\" src=\"https:\/\/ssad.statistics.sk\/SSaD\/wp-content\/uploads\/2020\/01\/SSaD2017_142x190.png\" class=\"attachment-full size-full\" alt=\"\" \/><\/div><\/div><\/div><\/div><\/div><div class=\"vc_col-sm-6 wpb_column vc_column_container\"><div class=\"vc_column-inner\"><div class=\"wpb_wrapper\">[vc_raw_html]JTNDZGl2JTIwY2xhc3MlM0QlMjJkZXRhaWwlMjIlM0UlMjAlMEElMjAlMjAlMjAlMjAlM0NwJTNFUG8lQzQlOERldCUyMHN0ciVDMyVBMW4lM0ElMjA4OSUzQyUyRnAlM0UlMEElMjAlMjAlMjAlMjAlM0NwJTNFUGVyaW9kaWNpdGElM0ElMjA0LWtyJUMzJUExdCUyMHJvJUM0JThEbmUlM0MlMkZwJTNFJTIwJTIwJTIwJTBBJTIwJTIwJTIwJTIwJTNDcCUzRUlTU04lM0ElMjAxMzM5LTY4NTQlMjAlMjhvbmxpbmUlMjklM0MlMkZwJTNFJTBBJTIwJTIwJTIwJTIwJTNDcCUzRSUzQ3NwYW4lMjBzdHlsZSUzRCUyMnBhZGRpbmctbGVmdCUzQSUyMDQ3cHglM0IlMjIlM0UxMjEwLTEwOTUlMjAlMjh0bGElQzQlOERlbiVDMyVBOSUyMHZ5ZGFuaWUlMjklM0MlMkZzcGFuJTNFJTNDJTJGcCUzRSUwQSUzQyUyRmRpdiUzRQ==[\/vc_raw_html]<\/div><\/div><\/div><div class=\"vc_col-sm-4 wpb_column vc_column_container\"><div class=\"vc_column-inner\"><div class=\"wpb_wrapper\">[vc_raw_html css=&#8220;.vc_custom_1578915628441{margin-top: 3.35em !important;}&#8220;]JTNDZGl2JTNFJTIwJTIwJTIwJTIwJTBBJTIwJTIwJTIwJTIwJTNDcCUzRSUzQ3NwYW4lMjBzdHlsZSUzRCUyMmxpbmUtaGVpZ2h0JTNBJTIwMi4xZW0lM0IlMjBwYWRkaW5nLWxlZnQlM0ElMjAwcHglM0IlMjBjb2xvciUzQSUyMCUyMzFlNGU5ZCUzQiUyMiUzRUtvbXBsZXRuJUMzJUE5JTIwJUM0JThEJUMzJUFEc2xvJTNDJTJGc3BhbiUzRSUzQ2JyJTNFJTIwJTVCZG93bmxvYWQlMjBpZCUzRCUyMjE4MCUyMiU1RCUyMHN0aWFobnV0JUMzJUFEJTI5JTNDJTJGc3BhbiUzRSUzQyUyRnAlM0UlMEElM0MlMkZkaXYlM0U=[\/vc_raw_html]<\/div><\/div><\/div><\/div><\/div><\/section><section class=\"l-section wpb_row us_custom_d984a24d height_auto\"><div class=\"l-section-h i-cf\"><div class=\"g-cols vc_row via_flex valign_top type_default stacking_default\"><div class=\"vc_col-sm-12 wpb_column vc_column_container\"><div class=\"vc_column-inner us_custom_5c07cc07\"><div class=\"wpb_wrapper\"><div class=\"w-separator us_custom_fd420121 has_text_color size_medium with_line width_default thick_1 style_dashed color_border align_center\"><div class=\"w-separator-h\"><\/div><\/div><\/div><\/div><\/div><\/div><\/div><\/section><section class=\"l-section wpb_row us_custom_46262dcf height_auto\"><div class=\"l-section-h i-cf\"><div class=\"g-cols vc_row via_flex valign_top type_default stacking_default\"><div class=\"vc_col-sm-12 wpb_column vc_column_container\"><div class=\"vc_column-inner\"><div class=\"wpb_wrapper\"><div class=\"w-grid us_custom_2b991ef7 type_grid layout_146\" id=\"us_grid_1\" data-filterable=\"true\"><style>#us_grid_1 .w-grid-item:not(:last-child){margin-bottom:2.5rem}#us_grid_1 .g-loadmore{margin-top:2.5rem}.layout_146 .w-grid-item-h{}.layout_146 .usg_post_title_1{font-family:var(--font-body)!important;font-size:21px!important}.layout_146 .usg_post_date_1{font-family:var(--font-body)!important;font-size:0.9rem!important}.layout_146 .usg_post_content_1{margin-top:0.5rem!important;font-family:var(--font-body)!important}@media (max-width:600px){.layout_146 .usg_post_title_1{font-size:18px!important}}<\/style><div class=\"w-grid-list\">\t<article class=\"w-grid-item size_1x1 post-2100 post type-post status-publish format-standard hentry category-3-2017-editorial tag-autor-erik-soltes\" data-id=\"2100\">\r\n\t\t<div class=\"w-grid-item-h\">\r\n\t\t\t\t\t\t<h2 class=\"w-post-elm post_title usg_post_title_1 entry-title color_link_inherit\"><a href=\"https:\/\/ssad.statistics.sk\/SSaD\/index.php\/editorial-7\/\">Editori\u00e1l<\/a><\/h2><time class=\"w-post-elm post_date usg_post_date_1 entry-date published\" datetime=\"2017-07-15T11:40:08+02:00\"><i class=\"far fa-clock\"><\/i>15. j\u00fala 2017<\/time><div class=\"w-post-elm post_content usg_post_content_1\"><p>Erik \u0160olt\u00e9s, Fakulta hospod\u00e1rskej informatiky, Ekonomick\u00e1 univerzita v Bratislave, Slovensk\u00e1 republika<\/p>\n<p> <a href=\"https:\/\/ssad.statistics.sk\/SSaD\/index.php\/editorial-7\/#more-2100\" class=\"more-link\"><span aria-label=\"\u010c\u00edta\u0165 \u010falej Editori\u00e1l\">(viac&hellip;)<\/span><\/a><\/p>\n<\/div>\t\t<\/div>\r\n\t<\/article>\r\n<\/div><div class=\"w-grid-preloader\"><div class=\"g-preloader type_1\">\r\n\t<div><\/div>\r\n<\/div>\r\n<\/div>\t<div class=\"w-grid-json hidden\" onclick='return {&quot;action&quot;:&quot;us_ajax_grid&quot;,&quot;ajax_url&quot;:&quot;https:\\\/\\\/ssad.statistics.sk\\\/SSaD\\\/wp-admin\\\/admin-ajax.php&quot;,&quot;infinite_scroll&quot;:0,&quot;max_num_pages&quot;:1,&quot;pagination&quot;:&quot;none&quot;,&quot;permalink_url&quot;:&quot;https:\\\/\\\/ssad.statistics.sk\\\/SSaD\\\/wp-json\\\/wp\\\/v2\\\/pages\\\/1929&quot;,&quot;template_vars&quot;:{&quot;columns&quot;:&quot;1&quot;,&quot;exclude_items&quot;:&quot;none&quot;,&quot;img_size&quot;:&quot;default&quot;,&quot;ignore_items_size&quot;:0,&quot;items_layout&quot;:&quot;146&quot;,&quot;items_offset&quot;:&quot;1&quot;,&quot;load_animation&quot;:&quot;none&quot;,&quot;overriding_link&quot;:&quot;none&quot;,&quot;post_id&quot;:1929,&quot;query_args&quot;:{&quot;post_type&quot;:[&quot;post&quot;],&quot;tax_query&quot;:[{&quot;taxonomy&quot;:&quot;category&quot;,&quot;field&quot;:&quot;slug&quot;,&quot;terms&quot;:[&quot;3-2017-editorial&quot;]}],&quot;post_status&quot;:[&quot;publish&quot;],&quot;posts_per_page&quot;:&quot;10&quot;},&quot;orderby_query_args&quot;:{&quot;orderby&quot;:{&quot;date&quot;:&quot;DESC&quot;}},&quot;type&quot;:&quot;grid&quot;,&quot;us_grid_ajax_index&quot;:1,&quot;us_grid_filter_params&quot;:null,&quot;us_grid_index&quot;:1,&quot;_us_grid_post_type&quot;:&quot;post&quot;}}'><\/div>\r\n\t<\/div><\/div><\/div><\/div><\/div><\/div><\/section><section class=\"l-section wpb_row us_custom_c4a4bb17 height_auto\"><div class=\"l-section-h i-cf\"><div class=\"g-cols vc_row via_flex valign_top type_default stacking_default\"><div class=\"vc_col-sm-12 wpb_column vc_column_container\"><div class=\"vc_column-inner\"><div class=\"wpb_wrapper\"><div class=\"wpb_text_column\"><div class=\"wpb_wrapper\"><h2>VEDECK\u00c9 \u010cL\u00c1NKY<\/h2>\n<div class=\"w-grid us_custom_2b991ef7 type_grid layout_146\" id=\"us_grid_2\"><style>#us_grid_2 .w-grid-item:not(:last-child){margin-bottom:2.5rem}#us_grid_2 .g-loadmore{margin-top:2.5rem}<\/style><div class=\"w-grid-list\">\t<article class=\"w-grid-item size_1x1 post-2104 post type-post status-publish format-standard hentry category-3-2017-vedecke-clanky tag-autor-milan-terek tag-empiricka-distribucna-funkcia tag-empiricka-pravdepodobnostna-funkcia tag-komplexny-statisticky-prieskum tag-odhadovanie-medianu tag-vyberove-vahy\" data-id=\"2104\">\r\n\t\t<div class=\"w-grid-item-h\">\r\n\t\t\t\t\t\t<h2 class=\"w-post-elm post_title usg_post_title_1 entry-title color_link_inherit\"><a href=\"https:\/\/ssad.statistics.sk\/SSaD\/index.php\/navrhovanie-komplexnych-statistickych-prieskumov-a-niektore-moznosti-analyzy-z-nich-ziskanych-dat\/\">Navrhovanie komplexn\u00fdch \u0161tatistick\u00fdch prieskumov a niektor\u00e9 mo\u017enosti anal\u00fdzy z nich z\u00edskan\u00fdch d\u00e1t<\/a><\/h2><time class=\"w-post-elm post_date usg_post_date_1 entry-date published\" datetime=\"2017-07-15T11:39:05+02:00\"><i class=\"far fa-clock\"><\/i>15. j\u00fala 2017<\/time><div class=\"w-post-elm post_content usg_post_content_1\"><p>Milan Terek, Fakulta hospod\u00e1rskej informatiky, Ekonomick\u00e1 univerzita v Bratislave, Slovensk\u00e1 republika<\/p>\n<p> <a href=\"https:\/\/ssad.statistics.sk\/SSaD\/index.php\/navrhovanie-komplexnych-statistickych-prieskumov-a-niektore-moznosti-analyzy-z-nich-ziskanych-dat\/#more-2104\" class=\"more-link\"><span aria-label=\"\u010c\u00edta\u0165 \u010falej Navrhovanie komplexn\u00fdch \u0161tatistick\u00fdch prieskumov a niektor\u00e9 mo\u017enosti anal\u00fdzy z nich z\u00edskan\u00fdch d\u00e1t\">(viac&hellip;)<\/span><\/a><\/p>\n<\/div>\t\t<\/div>\r\n\t<\/article>\r\n\t<article class=\"w-grid-item size_1x1 post-2107 post type-post status-publish format-standard hentry category-3-2017-vedecke-clanky tag-analyza-rozptylu tag-autor-gabor-szucs tag-testovanie-rovnosti-vektorov-strednych-hodnot tag-testovanie-vyznamnosti-vplyvu-vysvetlujucich-premennych tag-viacrozmerna-analyza-rozptylu\" data-id=\"2107\">\r\n\t\t<div class=\"w-grid-item-h\">\r\n\t\t\t\t\t\t<h2 class=\"w-post-elm post_title usg_post_title_1 entry-title color_link_inherit\"><a href=\"https:\/\/ssad.statistics.sk\/SSaD\/index.php\/viacrozmerna-analyza-rozptylu-a-jej-aplikacie\/\">Viacrozmern\u00e1 anal\u00fdza rozptylu a jej aplik\u00e1cie<\/a><\/h2><time class=\"w-post-elm post_date usg_post_date_1 entry-date published\" datetime=\"2017-07-15T11:38:53+02:00\"><i class=\"far fa-clock\"><\/i>15. j\u00fala 2017<\/time><div class=\"w-post-elm post_content usg_post_content_1\"><p>G\u00e1bor Sz\u0171cs, Fakulta matematiky, fyziky a informatiky, Univerzita Komensk\u00e9ho v Bratislave, Slovensk\u00e1 republika<\/p>\n<p> <a href=\"https:\/\/ssad.statistics.sk\/SSaD\/index.php\/viacrozmerna-analyza-rozptylu-a-jej-aplikacie\/#more-2107\" class=\"more-link\"><span aria-label=\"\u010c\u00edta\u0165 \u010falej Viacrozmern\u00e1 anal\u00fdza rozptylu a jej aplik\u00e1cie\">(viac&hellip;)<\/span><\/a><\/p>\n<\/div>\t\t<\/div>\r\n\t<\/article>\r\n\t<article class=\"w-grid-item size_1x1 post-2110 post type-post status-publish format-standard hentry category-3-2017-vedecke-clanky tag-autor-eva-kotlebova tag-bayesovsky-bodovy-odhad-podielu tag-ehis-europske-zistovanie-o-zdravi tag-eu-silc tag-konjugovany-system-binomicke-beta tag-zdravotna-starostlivost\" data-id=\"2110\">\r\n\t\t<div class=\"w-grid-item-h\">\r\n\t\t\t\t\t\t<h2 class=\"w-post-elm post_title usg_post_title_1 entry-title color_link_inherit\"><a href=\"https:\/\/ssad.statistics.sk\/SSaD\/index.php\/vyuzitie-bayesovskych-metod-pri-analyze-dostupnosti-zdravotnej-starostlivosti-na-slovensku\/\">Vyu\u017eitie Bayesovsk\u00fdch met\u00f3d pri anal\u00fdze dostupnosti zdravotnej starostlivosti na Slovensku<\/a><\/h2><time class=\"w-post-elm post_date usg_post_date_1 entry-date published\" datetime=\"2017-07-15T11:37:06+02:00\"><i class=\"far fa-clock\"><\/i>15. j\u00fala 2017<\/time><div class=\"w-post-elm post_content usg_post_content_1\"><p>Eva Kotlebov\u00e1, Fakulta hospod\u00e1rskej informatiky, Ekonomick\u00e1 univerzita v Bratislave, Slovensk\u00e1 republika<\/p>\n<p> <a href=\"https:\/\/ssad.statistics.sk\/SSaD\/index.php\/vyuzitie-bayesovskych-metod-pri-analyze-dostupnosti-zdravotnej-starostlivosti-na-slovensku\/#more-2110\" class=\"more-link\"><span aria-label=\"\u010c\u00edta\u0165 \u010falej Vyu\u017eitie Bayesovsk\u00fdch met\u00f3d pri anal\u00fdze dostupnosti zdravotnej starostlivosti na Slovensku\">(viac&hellip;)<\/span><\/a><\/p>\n<\/div>\t\t<\/div>\r\n\t<\/article>\r\n\t<article class=\"w-grid-item size_1x1 post-2113 post type-post status-publish format-standard hentry category-3-2017-vedecke-clanky tag-autor-tomas-loster tag-hodnoceni-shlukovani tag-koeficienty-pro-stanoveni-optimalniho-poctu-shluku tag-shlukovani\" data-id=\"2113\">\r\n\t\t<div class=\"w-grid-item-h\">\r\n\t\t\t\t\t\t<h2 class=\"w-post-elm post_title usg_post_title_1 entry-title color_link_inherit\"><a href=\"https:\/\/ssad.statistics.sk\/SSaD\/index.php\/ruzne-zpusoby-stanoveni-poctu-shluku-ve-shlukove-analyze\/\">R\u016fzn\u00e9 zp\u016fsoby stanoven\u00ed po\u010dtu shluk\u016f ve shlukov\u00e9 anal\u00fdze<\/a><\/h2><time class=\"w-post-elm post_date usg_post_date_1 entry-date published\" datetime=\"2017-07-15T11:36:08+02:00\"><i class=\"far fa-clock\"><\/i>15. j\u00fala 2017<\/time><div class=\"w-post-elm post_content usg_post_content_1\"><p>Tom\u00e1\u0161 L\u00d6STER, Fakulta informatiky a statistiky, Vysok\u00e1 \u0161kola ekonomick\u00e1 v Praze, \u010cesk\u00e1 republika<\/p>\n<p> <a href=\"https:\/\/ssad.statistics.sk\/SSaD\/index.php\/ruzne-zpusoby-stanoveni-poctu-shluku-ve-shlukove-analyze\/#more-2113\" class=\"more-link\"><span aria-label=\"\u010c\u00edta\u0165 \u010falej R\u016fzn\u00e9 zp\u016fsoby stanoven\u00ed po\u010dtu shluk\u016f ve shlukov\u00e9 anal\u00fdze\">(viac&hellip;)<\/span><\/a><\/p>\n<\/div>\t\t<\/div>\r\n\t<\/article>\r\n\t<article class=\"w-grid-item size_1x1 post-2117 post type-post status-publish format-standard hentry category-3-2017-vedecke-clanky tag-algoritmy-rozhodovacich-stromov tag-autor-viera-labudova tag-entropia tag-giniho-index tag-rozhodovacie-stromy\" data-id=\"2117\">\r\n\t\t<div class=\"w-grid-item-h\">\r\n\t\t\t\t\t\t<h2 class=\"w-post-elm post_title usg_post_title_1 entry-title color_link_inherit\"><a href=\"https:\/\/ssad.statistics.sk\/SSaD\/index.php\/rozhodovacie-stromy-ako-prediktivna-modelovacia-technika\/\">Rozhodovacie stromy ako predikt\u00edvna modelovacia technika<\/a><\/h2><time class=\"w-post-elm post_date usg_post_date_1 entry-date published\" datetime=\"2017-07-15T11:35:20+02:00\"><i class=\"far fa-clock\"><\/i>15. j\u00fala 2017<\/time><div class=\"w-post-elm post_content usg_post_content_1\"><p>Viera Labudov\u00e1, Fakulta hospod\u00e1rskej informatiky, Ekonomick\u00e1 univerzita v Bratislave, Slovensk\u00e1 republika<\/p>\n<p> <a href=\"https:\/\/ssad.statistics.sk\/SSaD\/index.php\/rozhodovacie-stromy-ako-prediktivna-modelovacia-technika\/#more-2117\" class=\"more-link\"><span aria-label=\"\u010c\u00edta\u0165 \u010falej Rozhodovacie stromy ako predikt\u00edvna modelovacia technika\">(viac&hellip;)<\/span><\/a><\/p>\n<\/div>\t\t<\/div>\r\n\t<\/article>\r\n<\/div><div class=\"w-grid-preloader\"><div class=\"g-preloader type_1\">\r\n\t<div><\/div>\r\n<\/div>\r\n<\/div>\t<div class=\"w-grid-json hidden\" onclick='return {&quot;action&quot;:&quot;us_ajax_grid&quot;,&quot;ajax_url&quot;:&quot;https:\\\/\\\/ssad.statistics.sk\\\/SSaD\\\/wp-admin\\\/admin-ajax.php&quot;,&quot;infinite_scroll&quot;:0,&quot;max_num_pages&quot;:1,&quot;pagination&quot;:&quot;none&quot;,&quot;permalink_url&quot;:&quot;https:\\\/\\\/ssad.statistics.sk\\\/SSaD\\\/wp-json\\\/wp\\\/v2\\\/pages\\\/1929&quot;,&quot;template_vars&quot;:{&quot;columns&quot;:&quot;1&quot;,&quot;exclude_items&quot;:&quot;none&quot;,&quot;img_size&quot;:&quot;default&quot;,&quot;ignore_items_size&quot;:0,&quot;items_layout&quot;:&quot;146&quot;,&quot;items_offset&quot;:&quot;1&quot;,&quot;load_animation&quot;:&quot;none&quot;,&quot;overriding_link&quot;:&quot;none&quot;,&quot;post_id&quot;:2100,&quot;query_args&quot;:{&quot;post_type&quot;:[&quot;post&quot;],&quot;tax_query&quot;:[{&quot;taxonomy&quot;:&quot;category&quot;,&quot;field&quot;:&quot;slug&quot;,&quot;terms&quot;:[&quot;3-2017-vedecke-clanky&quot;]}],&quot;post_status&quot;:[&quot;publish&quot;],&quot;posts_per_page&quot;:&quot;20&quot;},&quot;orderby_query_args&quot;:{&quot;orderby&quot;:{&quot;date&quot;:&quot;DESC&quot;}},&quot;type&quot;:&quot;grid&quot;,&quot;us_grid_ajax_index&quot;:1,&quot;us_grid_filter_params&quot;:null,&quot;us_grid_index&quot;:2,&quot;_us_grid_post_type&quot;:&quot;post&quot;}}'><\/div>\r\n\t<\/div>\n<\/div><\/div><\/div><\/div><\/div><\/div><\/div><\/section><section class=\"l-section wpb_row us_custom_c4a4bb17 height_auto\"><div class=\"l-section-h i-cf\"><div class=\"g-cols vc_row via_flex valign_top type_default stacking_default\"><div class=\"vc_col-sm-12 wpb_column vc_column_container\"><div class=\"vc_column-inner\"><div class=\"wpb_wrapper\"><div class=\"wpb_text_column\"><div class=\"wpb_wrapper\"><h2>INFORMAT\u00cdVNE \u010cL\u00c1NKY, N\u00c1ZORY, RECENZIE, ROZHOVORY, INFORM\u00c1CIE<\/h2>\n<div class=\"w-grid us_custom_2b991ef7 type_grid layout_146\" id=\"us_grid_3\"><style>#us_grid_3 .w-grid-item:not(:last-child){margin-bottom:2.5rem}#us_grid_3 .g-loadmore{margin-top:2.5rem}<\/style><div class=\"w-grid-list\">\t<article class=\"w-grid-item size_1x1 post-2122 post type-post status-publish format-standard hentry category-3-2017-informativne-clanky-nazory-recenzie-rozhovory-informacie tag-autor-elena-benkova\" data-id=\"2122\">\r\n\t\t<div class=\"w-grid-item-h\">\r\n\t\t\t\t\t\t<h2 class=\"w-post-elm post_title usg_post_title_1 entry-title color_link_inherit\"><a href=\"https:\/\/ssad.statistics.sk\/SSaD\/index.php\/statistici-prijali-zakladny-subor-ukazovatelov-na-meranie-trvalo-udrzatelneho-rozvoja-vo-svete-postrehy-zo-48-zasadania-statistickej-komisie-organizacie-spojenych-narodov\/\">\u0160tatistici prijali z\u00e1kladn\u00fd s\u00fabor ukazovate\u013eov na meranie trvalo udr\u017eate\u013en\u00e9ho rozvoja vo svete.  Postrehy zo 48. zasadania \u0160tatistickej komisie Organiz\u00e1cie Spojen\u00fdch n\u00e1rodov<\/a><\/h2><time class=\"w-post-elm post_date usg_post_date_1 entry-date published\" datetime=\"2017-07-15T11:34:24+02:00\"><i class=\"far fa-clock\"><\/i>15. j\u00fala 2017<\/time><div class=\"w-post-elm post_content usg_post_content_1\"><p>Elena Benkov\u00e1, \u0160tatistick\u00fd \u00farad Slovenskej republiky, Slovensk\u00e1 republika<\/p>\n<p> <a href=\"https:\/\/ssad.statistics.sk\/SSaD\/index.php\/statistici-prijali-zakladny-subor-ukazovatelov-na-meranie-trvalo-udrzatelneho-rozvoja-vo-svete-postrehy-zo-48-zasadania-statistickej-komisie-organizacie-spojenych-narodov\/#more-2122\" class=\"more-link\"><span aria-label=\"\u010c\u00edta\u0165 \u010falej \u0160tatistici prijali z\u00e1kladn\u00fd s\u00fabor ukazovate\u013eov na meranie trvalo udr\u017eate\u013en\u00e9ho rozvoja vo svete.  Postrehy zo 48. zasadania \u0160tatistickej komisie Organiz\u00e1cie Spojen\u00fdch n\u00e1rodov\">(viac&hellip;)<\/span><\/a><\/p>\n<\/div>\t\t<\/div>\r\n\t<\/article>\r\n\t<article class=\"w-grid-item size_1x1 post-2125 post type-post status-publish format-standard hentry category-3-2017-informativne-clanky-nazory-recenzie-rozhovory-informacie tag-autor-mikulas-car\" data-id=\"2125\">\r\n\t\t<div class=\"w-grid-item-h\">\r\n\t\t\t\t\t\t<h2 class=\"w-post-elm post_title usg_post_title_1 entry-title color_link_inherit\"><a href=\"https:\/\/ssad.statistics.sk\/SSaD\/index.php\/malo-inspirativne-inspiracie\/\">M\u00e1lo in\u0161pirat\u00edvne in\u0161pir\u00e1cie<\/a><\/h2><time class=\"w-post-elm post_date usg_post_date_1 entry-date published\" datetime=\"2017-07-15T11:33:55+02:00\"><i class=\"far fa-clock\"><\/i>15. j\u00fala 2017<\/time><div class=\"w-post-elm post_content usg_post_content_1\"><p>Mikul\u00e1\u0161 C\u00e1r, N\u00e1rodn\u00e1 banka Slovenska, Slovensk\u00e1 republika<\/p>\n<p> <a href=\"https:\/\/ssad.statistics.sk\/SSaD\/index.php\/malo-inspirativne-inspiracie\/#more-2125\" class=\"more-link\"><span aria-label=\"\u010c\u00edta\u0165 \u010falej M\u00e1lo in\u0161pirat\u00edvne in\u0161pir\u00e1cie\">(viac&hellip;)<\/span><\/a><\/p>\n<\/div>\t\t<\/div>\r\n\t<\/article>\r\n\t<article class=\"w-grid-item size_1x1 post-2128 post type-post status-publish format-standard hentry category-3-2017-informativne-clanky-nazory-recenzie-rozhovory-informacie tag-autor-iveta-stankovicova\" data-id=\"2128\">\r\n\t\t<div class=\"w-grid-item-h\">\r\n\t\t\t\t\t\t<h2 class=\"w-post-elm post_title usg_post_title_1 entry-title color_link_inherit\"><a href=\"https:\/\/ssad.statistics.sk\/SSaD\/index.php\/pohlady-na-ekonomiku-slovenska-2017-strucne-poznamky-zo-17-rocnika-konferencie-s-rovnomennym-nazvom\/\">Poh\u013eady na ekonomiku Slovenska 2017.  Stru\u010dn\u00e9 pozn\u00e1mky zo 17. ro\u010dn\u00edka konferencie s rovnomenn\u00fdm n\u00e1zvom<\/a><\/h2><time class=\"w-post-elm post_date usg_post_date_1 entry-date published\" datetime=\"2017-07-15T11:32:21+02:00\"><i class=\"far fa-clock\"><\/i>15. j\u00fala 2017<\/time><div class=\"w-post-elm post_content usg_post_content_1\"><p>Iveta Stankovi\u010dov\u00e1, Fakulta managementu, Univerzita Komensk\u00e9ho v Bratislave, Slovensk\u00e1 republika<\/p>\n<p> <a href=\"https:\/\/ssad.statistics.sk\/SSaD\/index.php\/pohlady-na-ekonomiku-slovenska-2017-strucne-poznamky-zo-17-rocnika-konferencie-s-rovnomennym-nazvom\/#more-2128\" class=\"more-link\"><span aria-label=\"\u010c\u00edta\u0165 \u010falej Poh\u013eady na ekonomiku Slovenska 2017.  Stru\u010dn\u00e9 pozn\u00e1mky zo 17. ro\u010dn\u00edka konferencie s rovnomenn\u00fdm n\u00e1zvom\">(viac&hellip;)<\/span><\/a><\/p>\n<\/div>\t\t<\/div>\r\n\t<\/article>\r\n\t<article class=\"w-grid-item size_1x1 post-2131 post type-post status-publish format-standard hentry category-3-2017-informativne-clanky-nazory-recenzie-rozhovory-informacie tag-autor-pavol-durcek\" data-id=\"2131\">\r\n\t\t<div class=\"w-grid-item-h\">\r\n\t\t\t\t\t\t<h2 class=\"w-post-elm post_title usg_post_title_1 entry-title color_link_inherit\"><a href=\"https:\/\/ssad.statistics.sk\/SSaD\/index.php\/sprocha-b-vano-b-jurcova-d-pilinska-v-meszaros-j-bleha-b-demograficky-obraz-najvacsich-miest-slovenska\/\">\u0160procha, B. \u2013 Va\u0148o, B. \u2013 Jur\u010dov\u00e1, D. \u2013 Pilinsk\u00e1, V. \u2013 M\u00e9sz\u00e1ros, J. \u2013 Bleha. B.: Demografick\u00fd obraz najv\u00e4\u010d\u0161\u00edch miest Slovenska<\/a><\/h2><time class=\"w-post-elm post_date usg_post_date_1 entry-date published\" datetime=\"2017-07-15T11:31:24+02:00\"><i class=\"far fa-clock\"><\/i>15. j\u00fala 2017<\/time><div class=\"w-post-elm post_content usg_post_content_1\"><p>Pavol \u010eur\u010dek, Pr\u00edrodovedeck\u00e1 fakulta, Univerzita Komensk\u00e9ho v Bratislave, Slovensk\u00e1 republika<\/p>\n<p> <a href=\"https:\/\/ssad.statistics.sk\/SSaD\/index.php\/sprocha-b-vano-b-jurcova-d-pilinska-v-meszaros-j-bleha-b-demograficky-obraz-najvacsich-miest-slovenska\/#more-2131\" class=\"more-link\"><span aria-label=\"\u010c\u00edta\u0165 \u010falej \u0160procha, B. \u2013 Va\u0148o, B. \u2013 Jur\u010dov\u00e1, D. \u2013 Pilinsk\u00e1, V. \u2013 M\u00e9sz\u00e1ros, J. \u2013 Bleha. B.: Demografick\u00fd obraz najv\u00e4\u010d\u0161\u00edch miest Slovenska\">(viac&hellip;)<\/span><\/a><\/p>\n<\/div>\t\t<\/div>\r\n\t<\/article>\r\n<\/div><div class=\"w-grid-preloader\"><div class=\"g-preloader type_1\">\r\n\t<div><\/div>\r\n<\/div>\r\n<\/div>\t<div class=\"w-grid-json hidden\" onclick='return {&quot;action&quot;:&quot;us_ajax_grid&quot;,&quot;ajax_url&quot;:&quot;https:\\\/\\\/ssad.statistics.sk\\\/SSaD\\\/wp-admin\\\/admin-ajax.php&quot;,&quot;infinite_scroll&quot;:0,&quot;max_num_pages&quot;:1,&quot;pagination&quot;:&quot;none&quot;,&quot;permalink_url&quot;:&quot;https:\\\/\\\/ssad.statistics.sk\\\/SSaD\\\/wp-json\\\/wp\\\/v2\\\/pages\\\/1929&quot;,&quot;template_vars&quot;:{&quot;columns&quot;:&quot;1&quot;,&quot;exclude_items&quot;:&quot;none&quot;,&quot;img_size&quot;:&quot;default&quot;,&quot;ignore_items_size&quot;:0,&quot;items_layout&quot;:&quot;146&quot;,&quot;items_offset&quot;:&quot;1&quot;,&quot;load_animation&quot;:&quot;none&quot;,&quot;overriding_link&quot;:&quot;none&quot;,&quot;post_id&quot;:2117,&quot;query_args&quot;:{&quot;post_type&quot;:[&quot;post&quot;],&quot;tax_query&quot;:[{&quot;taxonomy&quot;:&quot;category&quot;,&quot;field&quot;:&quot;slug&quot;,&quot;terms&quot;:[&quot;3-2017-informativne-clanky-nazory-recenzie-rozhovory-informacie&quot;]}],&quot;post_status&quot;:[&quot;publish&quot;],&quot;posts_per_page&quot;:&quot;20&quot;},&quot;orderby_query_args&quot;:{&quot;orderby&quot;:{&quot;date&quot;:&quot;DESC&quot;}},&quot;type&quot;:&quot;grid&quot;,&quot;us_grid_ajax_index&quot;:1,&quot;us_grid_filter_params&quot;:null,&quot;us_grid_index&quot;:3,&quot;_us_grid_post_type&quot;:&quot;post&quot;}}'><\/div>\r\n\t<\/div>\n<h2><\/h2>\n<h2><\/h2>\n<h2>PRIPRAVUJEME<\/h2>\n<p>&nbsp;<\/p>\n<h2 class=\"soon1\">\u017deny pod\u013ea po\u010dtu \u017eivonaroden\u00fdch det\u00ed v okresoch SR<\/h2>\n<p>Boris Va\u0148o, INFOSTAT \u2013 V\u00fdskumn\u00e9 demografick\u00e9 centrum, Slovensk\u00e1 republika<\/p>\n<h2 class=\"soon\">Zmeny v kohortnej plodnosti \u017eien Slovenska v spojitosti s najvy\u0161\u0161\u00edm dosiahnut\u00fdm vzdelan\u00edm<\/h2>\n<p>Branislav \u0160procha, INFOSTAT \u2013 V\u00fdskumn\u00e9 demografick\u00e9 centrum, Slovensk\u00e1 republika<\/p>\n<\/div><\/div><\/div><\/div><\/div><\/div><\/div><\/section>\n","protected":false},"excerpt":{"rendered":"Pavol \u010eur\u010dek, Pr\u00edrodovedeck\u00e1 fakulta, Univerzita Komensk\u00e9ho v Bratislave, Slovensk\u00e1 republika Typ \u010dl\u00e1nku: recenzia Strany: 87 - 88 &nbsp; \u010cl\u00e1nok na stiahnutie PDF (1,1 MB, 440 stiahnut\u00ed)","protected":false},"author":4,"featured_media":0,"parent":0,"menu_order":0,"comment_status":"closed","ping_status":"closed","template":"","meta":{"_exactmetrics_skip_tracking":false,"_exactmetrics_sitenote_active":false,"_exactmetrics_sitenote_note":"","_exactmetrics_sitenote_category":0,"footnotes":""},"class_list":["post-1929","page","type-page","status-publish","hentry"],"_links":{"self":[{"href":"https:\/\/ssad.statistics.sk\/SSaD\/index.php\/wp-json\/wp\/v2\/pages\/1929","targetHints":{"allow":["GET"]}}],"collection":[{"href":"https:\/\/ssad.statistics.sk\/SSaD\/index.php\/wp-json\/wp\/v2\/pages"}],"about":[{"href":"https:\/\/ssad.statistics.sk\/SSaD\/index.php\/wp-json\/wp\/v2\/types\/page"}],"author":[{"embeddable":true,"href":"https:\/\/ssad.statistics.sk\/SSaD\/index.php\/wp-json\/wp\/v2\/users\/4"}],"replies":[{"embeddable":true,"href":"https:\/\/ssad.statistics.sk\/SSaD\/index.php\/wp-json\/wp\/v2\/comments?post=1929"}],"version-history":[{"count":8,"href":"https:\/\/ssad.statistics.sk\/SSaD\/index.php\/wp-json\/wp\/v2\/pages\/1929\/revisions"}],"predecessor-version":[{"id":4142,"href":"https:\/\/ssad.statistics.sk\/SSaD\/index.php\/wp-json\/wp\/v2\/pages\/1929\/revisions\/4142"}],"wp:attachment":[{"href":"https:\/\/ssad.statistics.sk\/SSaD\/index.php\/wp-json\/wp\/v2\/media?parent=1929"}],"curies":[{"name":"wp","href":"https:\/\/api.w.org\/{rel}","templated":true}]}}