{"id":1921,"date":"2017-04-15T12:33:26","date_gmt":"2017-04-15T10:33:26","guid":{"rendered":"https:\/\/ssad.statistics.sk\/SSaD\/?page_id=1921"},"modified":"2024-10-17T13:15:53","modified_gmt":"2024-10-17T11:15:53","slug":"slovenska-statistika-a-demografia-2-2017","status":"publish","type":"page","link":"https:\/\/ssad.statistics.sk\/SSaD\/index.php\/slovenska-statistika-a-demografia-2-2017\/","title":{"rendered":"Slovensk\u00e1 \u0161tatistika a demografia 2\/2017"},"content":{"rendered":"<section class=\"l-section wpb_row padding-top-journal height_auto\"><div class=\"l-section-h i-cf\"><div class=\"g-cols vc_row via_flex valign_top type_default stacking_default\"><div class=\"vc_col-sm-12 wpb_column vc_column_container\"><div class=\"vc_column-inner\"><div class=\"wpb_wrapper\"><div class=\"wpb_text_column\"><div class=\"wpb_wrapper\"><h1>Slovensk\u00e1 \u0161tatistika a demografia 2\/2017<\/h1>\n<\/div><\/div><\/div><\/div><\/div><\/div><\/div><\/section><section class=\"l-section wpb_row us_custom_18c73a72 height_auto\"><div class=\"l-section-h i-cf\"><div class=\"g-cols vc_row via_flex valign_top type_default stacking_default\"><div class=\"vc_col-sm-2 wpb_column vc_column_container\"><div class=\"vc_column-inner\"><div class=\"wpb_wrapper\"><div class=\"w-image style_outlined align_none\"><div class=\"w-image-h\"><img loading=\"lazy\" decoding=\"async\" width=\"142\" height=\"190\" src=\"https:\/\/ssad.statistics.sk\/SSaD\/wp-content\/uploads\/2020\/01\/SSaD2017_142x190.png\" class=\"attachment-full size-full\" alt=\"\" \/><\/div><\/div><\/div><\/div><\/div><div class=\"vc_col-sm-6 wpb_column vc_column_container\"><div class=\"vc_column-inner\"><div class=\"wpb_wrapper\">[vc_raw_html]JTNDZGl2JTIwY2xhc3MlM0QlMjJkZXRhaWwlMjIlM0UlMjAlMEElMjAlMjAlMjAlMjAlM0NwJTNFUG8lQzQlOERldCUyMHN0ciVDMyVBMW4lM0ElMjA4MSUzQyUyRnAlM0UlMEElMjAlMjAlMjAlMjAlM0NwJTNFUGVyaW9kaWNpdGElM0ElMjA0LWtyJUMzJUExdCUyMHJvJUM0JThEbmUlM0MlMkZwJTNFJTIwJTIwJTIwJTBBJTIwJTIwJTIwJTIwJTNDcCUzRUlTU04lM0ElMjAxMzM5LTY4NTQlMjAlMjhvbmxpbmUlMjklM0MlMkZwJTNFJTBBJTIwJTIwJTIwJTIwJTNDcCUzRSUzQ3NwYW4lMjBzdHlsZSUzRCUyMnBhZGRpbmctbGVmdCUzQSUyMDQ3cHglM0IlMjIlM0UxMjEwLTEwOTUlMjAlMjh0bGElQzQlOERlbiVDMyVBOSUyMHZ5ZGFuaWUlMjklM0MlMkZzcGFuJTNFJTNDJTJGcCUzRSUwQSUzQyUyRmRpdiUzRQ==[\/vc_raw_html]<\/div><\/div><\/div><div class=\"vc_col-sm-4 wpb_column vc_column_container\"><div class=\"vc_column-inner\"><div class=\"wpb_wrapper\">[vc_raw_html css=&#8220;.vc_custom_1578915102831{margin-top: 3.35em !important;}&#8220; el_class=&#8220;download-content&#8220;]JTNDZGl2JTNFJTIwJTIwJTIwJTIwJTBBJTIwJTIwJTIwJTIwJTNDcCUzRSUzQ3NwYW4lMjBzdHlsZSUzRCUyMmxpbmUtaGVpZ2h0JTNBJTIwMi4xZW0lM0IlMjBwYWRkaW5nLWxlZnQlM0ElMjAwcHglM0IlMjBjb2xvciUzQSUyMCUyMzFlNGU5ZCUzQiUyMiUzRUtvbXBsZXRuJUMzJUE5JTIwJUM0JThEJUMzJUFEc2xvJTNDJTJGc3BhbiUzRSUzQ2JyJTNFJTIwJTVCZG93bmxvYWQlMjBpZCUzRCUyMjE3OSUyMiU1RCUyMHN0aWFobnV0JUMzJUFEJTI5JTNDJTJGc3BhbiUzRSUzQyUyRnAlM0UlMEElM0MlMkZkaXYlM0U=[\/vc_raw_html]<\/div><\/div><\/div><\/div><\/div><\/section><section class=\"l-section wpb_row us_custom_5c07cc07 height_auto\"><div class=\"l-section-h i-cf\"><div class=\"g-cols vc_row via_flex valign_top type_default stacking_default\"><div class=\"vc_col-sm-12 wpb_column vc_column_container\"><div class=\"vc_column-inner\"><div class=\"wpb_wrapper\"><div class=\"w-separator us_custom_fd420121 has_text_color size_medium with_line width_default thick_1 style_dashed color_border align_center\"><div class=\"w-separator-h\"><\/div><\/div><\/div><\/div><\/div><\/div><\/div><\/section><section class=\"l-section wpb_row us_custom_85c8db04 height_auto\"><div class=\"l-section-h i-cf\"><div class=\"g-cols vc_row via_flex valign_top type_default stacking_default\"><div class=\"vc_col-sm-12 wpb_column vc_column_container\"><div class=\"vc_column-inner\"><div class=\"wpb_wrapper\"><div class=\"wpb_text_column\"><div class=\"wpb_wrapper\"><h2>VEDECK\u00c9 \u010cL\u00c1NKY<\/h2>\n<div class=\"w-grid us_custom_2b991ef7 type_grid layout_146\" id=\"us_grid_1\" data-filterable=\"true\"><style>#us_grid_1 .w-grid-item:not(:last-child){margin-bottom:2.5rem}#us_grid_1 .g-loadmore{margin-top:2.5rem}.layout_146 .w-grid-item-h{}.layout_146 .usg_post_title_1{font-family:var(--font-body)!important;font-size:21px!important}.layout_146 .usg_post_date_1{font-family:var(--font-body)!important;font-size:0.9rem!important}.layout_146 .usg_post_content_1{margin-top:0.5rem!important;font-family:var(--font-body)!important}@media (max-width:600px){.layout_146 .usg_post_title_1{font-size:18px!important}}<\/style><div class=\"w-grid-list\">\t<article class=\"w-grid-item size_1x1 post-4332 post type-post status-publish format-standard hentry category-2-2017-vedecke-clanky tag-autor-alena-kascakova tag-autor-gabriela-nedelova tag-domacnosti tag-generalisticky-a-specialisticky-pristup tag-neplatena-praca tag-vyskum-vyuzitia-casu\" data-id=\"4332\">\r\n\t\t<div class=\"w-grid-item-h\">\r\n\t\t\t\t\t\t<h2 class=\"w-post-elm post_title usg_post_title_1 entry-title color_link_inherit\"><a href=\"https:\/\/ssad.statistics.sk\/SSaD\/index.php\/vyskum-struktury-a-hodnoty-neplatenej-prace-v-domacnostiach-na-slovensku\/\">V\u00fdskum \u0161trukt\u00fary a hodnoty neplatenej pr\u00e1ce v dom\u00e1cnostiach na Slovensku<\/a><\/h2><time class=\"w-post-elm post_date usg_post_date_1 entry-date published\" datetime=\"2017-04-15T13:06:10+02:00\"><i class=\"far fa-clock\"><\/i>15. apr\u00edla 2017<\/time><div class=\"w-post-elm post_content usg_post_content_1\"><p>Alena Ka\u0161\u010d\u00e1kov\u00e1, Ekonomick\u00e1 fakulta Univerzity Mateja Bela v Banskej Bystrici, Slovensk\u00e1 republika<br \/>Gabriela Nedelov\u00e1, Ekonomick\u00e1 fakulta Univerzity Mateja Bela v Banskej Bystrici, Slovensk\u00e1 republika<\/p>\n<p> <a href=\"https:\/\/ssad.statistics.sk\/SSaD\/index.php\/vyskum-struktury-a-hodnoty-neplatenej-prace-v-domacnostiach-na-slovensku\/#more-4332\" class=\"more-link\"><span aria-label=\"\u010c\u00edta\u0165 \u010falej V\u00fdskum \u0161trukt\u00fary a hodnoty neplatenej pr\u00e1ce v dom\u00e1cnostiach na Slovensku\">(viac&hellip;)<\/span><\/a><\/p>\n<\/div>\t\t<\/div>\r\n\t<\/article>\r\n\t<article class=\"w-grid-item size_1x1 post-4330 post type-post status-publish format-standard hentry category-2-2017-vedecke-clanky tag-autor-branislav-sprocha tag-ehis-2014 tag-eu-silc-2014 tag-europsky-minimalny-modul-zdravia tag-slovensko tag-umrtnost tag-zdravotny-stav\" data-id=\"4330\">\r\n\t\t<div class=\"w-grid-item-h\">\r\n\t\t\t\t\t\t<h2 class=\"w-post-elm post_title usg_post_title_1 entry-title color_link_inherit\"><a href=\"https:\/\/ssad.statistics.sk\/SSaD\/index.php\/rizika-hodnotenia-zdravotneho-stavu-obyvatelstva-slovenska-prostrednictvom-vyberovych-zistovani-ehis-a-eu-silc\/\">Rizik\u00e1 hodnotenia zdravotn\u00e9ho stavu obyvate\u013estva slovenska prostredn\u00edctvom v\u00fdberov\u00fdch zis\u0165ovan\u00ed EHIS a EU SILC<\/a><\/h2><time class=\"w-post-elm post_date usg_post_date_1 entry-date published\" datetime=\"2017-04-15T13:00:39+02:00\"><i class=\"far fa-clock\"><\/i>15. apr\u00edla 2017<\/time><div class=\"w-post-elm post_content usg_post_content_1\"><p>Branislav \u0160procha, INFOSTAT \u2013 V\u00fdskumn\u00e9 demografick\u00e9 centrum<br \/>\nCentrum spolo\u010densk\u00fdch a psychologick\u00fdch vied SAV, Slovensk\u00e1 republika<\/p>\n<p> <a href=\"https:\/\/ssad.statistics.sk\/SSaD\/index.php\/rizika-hodnotenia-zdravotneho-stavu-obyvatelstva-slovenska-prostrednictvom-vyberovych-zistovani-ehis-a-eu-silc\/#more-4330\" class=\"more-link\"><span aria-label=\"\u010c\u00edta\u0165 \u010falej Rizik\u00e1 hodnotenia zdravotn\u00e9ho stavu obyvate\u013estva slovenska prostredn\u00edctvom v\u00fdberov\u00fdch zis\u0165ovan\u00ed EHIS a EU SILC\">(viac&hellip;)<\/span><\/a><\/p>\n<\/div>\t\t<\/div>\r\n\t<\/article>\r\n\t<article class=\"w-grid-item size_1x1 post-4328 post type-post status-publish format-standard hentry category-2-2017-vedecke-clanky tag-autor-bianka-parmova tag-autor-maria-vojtkova tag-extrahovanie-tem tag-hlbkova-analyza-textu tag-model-latentnej-dirichletovej-alokacie tag-segmentacia-citatelov\" data-id=\"4328\">\r\n\t\t<div class=\"w-grid-item-h\">\r\n\t\t\t\t\t\t<h2 class=\"w-post-elm post_title usg_post_title_1 entry-title color_link_inherit\"><a href=\"https:\/\/ssad.statistics.sk\/SSaD\/index.php\/segmentacia-citatelov-s-vyuzitim-text-miningu\/\">Segment\u00e1cia \u010ditate\u013eov s vyu\u017eit\u00edm text miningu<\/a><\/h2><time class=\"w-post-elm post_date usg_post_date_1 entry-date published\" datetime=\"2017-04-15T12:49:53+02:00\"><i class=\"far fa-clock\"><\/i>15. apr\u00edla 2017<\/time><div class=\"w-post-elm post_content usg_post_content_1\"><p>Bianka Parmov\u00e1, Katedra \u0161tatistiky Fakulty hospod\u00e1rskej informatiky Ekonomickej univerzity v Bratislave, Slovensk\u00e1 republika<br \/>M\u00e1ria Vojtkov\u00e1, Katedra \u0161tatistiky Fakulty hospod\u00e1rskej informatiky Ekonomickej univerzity v Bratislave, Slovensk\u00e1 republika<\/p>\n<p> <a href=\"https:\/\/ssad.statistics.sk\/SSaD\/index.php\/segmentacia-citatelov-s-vyuzitim-text-miningu\/#more-4328\" class=\"more-link\"><span aria-label=\"\u010c\u00edta\u0165 \u010falej Segment\u00e1cia \u010ditate\u013eov s vyu\u017eit\u00edm text miningu\">(viac&hellip;)<\/span><\/a><\/p>\n<\/div>\t\t<\/div>\r\n\t<\/article>\r\n<\/div><div class=\"w-grid-preloader\"><div class=\"g-preloader type_1\">\r\n\t<div><\/div>\r\n<\/div>\r\n<\/div>\t<div class=\"w-grid-json hidden\" onclick='return {&quot;action&quot;:&quot;us_ajax_grid&quot;,&quot;ajax_url&quot;:&quot;https:\\\/\\\/ssad.statistics.sk\\\/SSaD\\\/wp-admin\\\/admin-ajax.php&quot;,&quot;infinite_scroll&quot;:0,&quot;max_num_pages&quot;:1,&quot;pagination&quot;:&quot;none&quot;,&quot;permalink_url&quot;:&quot;https:\\\/\\\/ssad.statistics.sk\\\/SSaD\\\/wp-json\\\/wp\\\/v2\\\/pages\\\/1921&quot;,&quot;template_vars&quot;:{&quot;columns&quot;:&quot;1&quot;,&quot;exclude_items&quot;:&quot;none&quot;,&quot;img_size&quot;:&quot;default&quot;,&quot;ignore_items_size&quot;:0,&quot;items_layout&quot;:&quot;146&quot;,&quot;items_offset&quot;:&quot;1&quot;,&quot;load_animation&quot;:&quot;none&quot;,&quot;overriding_link&quot;:&quot;none&quot;,&quot;post_id&quot;:1921,&quot;query_args&quot;:{&quot;post_type&quot;:[&quot;post&quot;],&quot;tax_query&quot;:[{&quot;taxonomy&quot;:&quot;category&quot;,&quot;field&quot;:&quot;slug&quot;,&quot;terms&quot;:[&quot;2-2017-vedecke-clanky&quot;]}],&quot;post_status&quot;:[&quot;publish&quot;],&quot;posts_per_page&quot;:&quot;20&quot;},&quot;orderby_query_args&quot;:{&quot;orderby&quot;:{&quot;date&quot;:&quot;DESC&quot;}},&quot;type&quot;:&quot;grid&quot;,&quot;us_grid_ajax_index&quot;:1,&quot;us_grid_filter_params&quot;:null,&quot;us_grid_index&quot;:1,&quot;_us_grid_post_type&quot;:&quot;post&quot;}}'><\/div>\r\n\t<\/div>\n<\/div><\/div><\/div><\/div><\/div><\/div><\/div><\/section><section class=\"l-section wpb_row us_custom_c4a4bb17 content-information height_auto\"><div class=\"l-section-h i-cf\"><div class=\"g-cols vc_row via_flex valign_top type_default stacking_default\"><div class=\"vc_col-sm-12 wpb_column vc_column_container\"><div class=\"vc_column-inner\"><div class=\"wpb_wrapper\"><div class=\"wpb_text_column\"><div class=\"wpb_wrapper\"><h2>INFORMAT\u00cdVNE \u010cL\u00c1NKY, N\u00c1ZORY, RECENZIE, ROZHOVORY, INFORM\u00c1CIE<\/h2>\n<div class=\"w-grid us_custom_2b991ef7 type_grid layout_146\" id=\"us_grid_2\"><style>#us_grid_2 .w-grid-item:not(:last-child){margin-bottom:2.5rem}#us_grid_2 .g-loadmore{margin-top:2.5rem}<\/style><div class=\"w-grid-list\">\t<article class=\"w-grid-item size_1x1 post-4326 post type-post status-publish format-standard hentry category-2-2017-informativne-clanky-nazory-recenzie-rozhovory-informacie tag-autor-roman-pavelka\" data-id=\"4326\">\r\n\t\t<div class=\"w-grid-item-h\">\r\n\t\t\t\t\t\t<h2 class=\"w-post-elm post_title usg_post_title_1 entry-title color_link_inherit\"><a href=\"https:\/\/ssad.statistics.sk\/SSaD\/index.php\/analyzy-casovych-rad-pomoci-programovaciho-jazyka-r\/\">Anal\u00fdzy \u010dasov\u00fdch \u0159ad pomoc\u00ed programovac\u00edho jazyka R<\/a><\/h2><time class=\"w-post-elm post_date usg_post_date_1 entry-date published\" datetime=\"2017-04-15T12:44:16+02:00\"><i class=\"far fa-clock\"><\/i>15. apr\u00edla 2017<\/time><div class=\"w-post-elm post_content usg_post_content_1\"><p>Roman Pavelka, \u0160tatistick\u00fd \u00farad Slovenskej republiky, Slovensk\u00e1 republika<\/p>\n<p> <a href=\"https:\/\/ssad.statistics.sk\/SSaD\/index.php\/analyzy-casovych-rad-pomoci-programovaciho-jazyka-r\/#more-4326\" class=\"more-link\"><span aria-label=\"\u010c\u00edta\u0165 \u010falej Anal\u00fdzy \u010dasov\u00fdch \u0159ad pomoc\u00ed programovac\u00edho jazyka R\">(viac&hellip;)<\/span><\/a><\/p>\n<\/div>\t\t<\/div>\r\n\t<\/article>\r\n\t<article class=\"w-grid-item size_1x1 post-4324 post type-post status-publish format-standard hentry category-2-2017-informativne-clanky-nazory-recenzie-rozhovory-informacie tag-autor-alexander-ballek\" data-id=\"4324\">\r\n\t\t<div class=\"w-grid-item-h\">\r\n\t\t\t\t\t\t<h2 class=\"w-post-elm post_title usg_post_title_1 entry-title color_link_inherit\"><a href=\"https:\/\/ssad.statistics.sk\/SSaD\/index.php\/i-svetove-forum-o-datach-prinieslo-vela-inspiracie-aj-pre-statnu-statistiku\/\">I. svetov\u00e9 f\u00f3rum o d\u00e1tach prinieslo ve\u013ea in\u0161pir\u00e1cie aj pre \u0161t\u00e1tnu \u0161tatistiku<\/a><\/h2><time class=\"w-post-elm post_date usg_post_date_1 entry-date published\" datetime=\"2017-04-15T12:38:53+02:00\"><i class=\"far fa-clock\"><\/i>15. apr\u00edla 2017<\/time><div class=\"w-post-elm post_content usg_post_content_1\"><p>Alexander Ballek, \u0160tatistick\u00fd \u00farad Slovenskej republiky, Slovensk\u00e1 republika<\/p>\n<p> <a href=\"https:\/\/ssad.statistics.sk\/SSaD\/index.php\/i-svetove-forum-o-datach-prinieslo-vela-inspiracie-aj-pre-statnu-statistiku\/#more-4324\" class=\"more-link\"><span aria-label=\"\u010c\u00edta\u0165 \u010falej I. svetov\u00e9 f\u00f3rum o d\u00e1tach prinieslo ve\u013ea in\u0161pir\u00e1cie aj pre \u0161t\u00e1tnu \u0161tatistiku\">(viac&hellip;)<\/span><\/a><\/p>\n<\/div>\t\t<\/div>\r\n\t<\/article>\r\n\t<article class=\"w-grid-item size_1x1 post-4322 post type-post status-publish format-standard hentry category-2-2017-informativne-clanky-nazory-recenzie-rozhovory-informacie tag-autor-ludmila-ivancikova tag-autor-zuzana-stukovska\" data-id=\"4322\">\r\n\t\t<div class=\"w-grid-item-h\">\r\n\t\t\t\t\t\t<h2 class=\"w-post-elm post_title usg_post_title_1 entry-title color_link_inherit\"><a href=\"https:\/\/ssad.statistics.sk\/SSaD\/index.php\/scitanie-si-zasluzi-byt-narodnym-projektom\/\">S\u010d\u00edtanie si zasl\u00fa\u017ei by\u0165 n\u00e1rodn\u00fdm projektom<\/a><\/h2><time class=\"w-post-elm post_date usg_post_date_1 entry-date published\" datetime=\"2017-04-15T12:02:19+02:00\"><i class=\"far fa-clock\"><\/i>15. apr\u00edla 2017<\/time><div class=\"w-post-elm post_content usg_post_content_1\"><p>\u013dudmila Ivan\u010d\u00edkov\u00e1, \u0160tatistick\u00fd \u00farad Slovenskej republiky, Slovensk\u00e1 republika<\/p>\n<p> <a href=\"https:\/\/ssad.statistics.sk\/SSaD\/index.php\/scitanie-si-zasluzi-byt-narodnym-projektom\/#more-4322\" class=\"more-link\"><span aria-label=\"\u010c\u00edta\u0165 \u010falej S\u010d\u00edtanie si zasl\u00fa\u017ei by\u0165 n\u00e1rodn\u00fdm projektom\">(viac&hellip;)<\/span><\/a><\/p>\n<\/div>\t\t<\/div>\r\n\t<\/article>\r\n\t<article class=\"w-grid-item size_1x1 post-4320 post type-post status-publish format-standard hentry category-2-2017-informativne-clanky-nazory-recenzie-rozhovory-informacie tag-autor-mikulas-car\" data-id=\"4320\">\r\n\t\t<div class=\"w-grid-item-h\">\r\n\t\t\t\t\t\t<h2 class=\"w-post-elm post_title usg_post_title_1 entry-title color_link_inherit\"><a href=\"https:\/\/ssad.statistics.sk\/SSaD\/index.php\/biela-kniha-o-byvani-v-britskom-parlamente\/\">Biela kniha o b\u00fdvan\u00ed v britskom parlamente<\/a><\/h2><time class=\"w-post-elm post_date usg_post_date_1 entry-date published\" datetime=\"2017-04-15T11:58:46+02:00\"><i class=\"far fa-clock\"><\/i>15. apr\u00edla 2017<\/time><div class=\"w-post-elm post_content usg_post_content_1\"><p>Mikul\u00e1\u0161 C\u00e1r, N\u00e1rodn\u00e1 banka Slovenska, Slovensk\u00e1 republika<\/p>\n<p> <a href=\"https:\/\/ssad.statistics.sk\/SSaD\/index.php\/biela-kniha-o-byvani-v-britskom-parlamente\/#more-4320\" class=\"more-link\"><span aria-label=\"\u010c\u00edta\u0165 \u010falej Biela kniha o b\u00fdvan\u00ed v britskom parlamente\">(viac&hellip;)<\/span><\/a><\/p>\n<\/div>\t\t<\/div>\r\n\t<\/article>\r\n\t<article class=\"w-grid-item size_1x1 post-4317 post type-post status-publish format-standard hentry category-2-2017-informativne-clanky-nazory-recenzie-rozhovory-informacie tag-autor-viera-labudova\" data-id=\"4317\">\r\n\t\t<div class=\"w-grid-item-h\">\r\n\t\t\t\t\t\t<h2 class=\"w-post-elm post_title usg_post_title_1 entry-title color_link_inherit\"><a href=\"https:\/\/ssad.statistics.sk\/SSaD\/index.php\/milan-terek-interpretacia-statistiky-a-dat-4-doplnene-vydanie\/\">Milan Terek: Interpret\u00e1cia \u0161tatistiky a d\u00e1t, 4. doplnen\u00e9 vydanie<\/a><\/h2><time class=\"w-post-elm post_date usg_post_date_1 entry-date published\" datetime=\"2017-04-15T11:54:48+02:00\"><i class=\"far fa-clock\"><\/i>15. apr\u00edla 2017<\/time><div class=\"w-post-elm post_content usg_post_content_1\"><p>Viera Labudov\u00e1, Katedra \u0161tatistiky Fakulty hospod\u00e1rskej informatiky Ekonomickej univerzity<br \/>\nv Bratislave, Slovensk\u00e1 republika<\/p>\n<p> <a href=\"https:\/\/ssad.statistics.sk\/SSaD\/index.php\/milan-terek-interpretacia-statistiky-a-dat-4-doplnene-vydanie\/#more-4317\" class=\"more-link\"><span aria-label=\"\u010c\u00edta\u0165 \u010falej Milan Terek: Interpret\u00e1cia \u0161tatistiky a d\u00e1t, 4. doplnen\u00e9 vydanie\">(viac&hellip;)<\/span><\/a><\/p>\n<\/div>\t\t<\/div>\r\n\t<\/article>\r\n\t<article class=\"w-grid-item size_1x1 post-4313 post type-post status-publish format-standard hentry category-2-2017-informativne-clanky-nazory-recenzie-rozhovory-informacie tag-autor-elena-benkova\" data-id=\"4313\">\r\n\t\t<div class=\"w-grid-item-h\">\r\n\t\t\t\t\t\t<h2 class=\"w-post-elm post_title usg_post_title_1 entry-title color_link_inherit\"><a href=\"https:\/\/ssad.statistics.sk\/SSaD\/index.php\/statisticky-urad-sr-ziskal-uznanie-za-participaciu-na-medzinarodnom-projekte-v-kazachstane\/\">\u0160tatistick\u00fd \u00farad SR z\u00edskal uznanie za particip\u00e1ciu na medzin\u00e1rodnom projekte v Kazachstane<\/a><\/h2><time class=\"w-post-elm post_date usg_post_date_1 entry-date published\" datetime=\"2017-04-15T11:47:44+02:00\"><i class=\"far fa-clock\"><\/i>15. apr\u00edla 2017<\/time><div class=\"w-post-elm post_content usg_post_content_1\"><p>Elena Benkov\u00e1, \u0160tatistick\u00fd \u00farad Slovenskej republiky, Slovensk\u00e1 republika<\/p>\n<p> <a href=\"https:\/\/ssad.statistics.sk\/SSaD\/index.php\/statisticky-urad-sr-ziskal-uznanie-za-participaciu-na-medzinarodnom-projekte-v-kazachstane\/#more-4313\" class=\"more-link\"><span aria-label=\"\u010c\u00edta\u0165 \u010falej \u0160tatistick\u00fd \u00farad SR z\u00edskal uznanie za particip\u00e1ciu na medzin\u00e1rodnom projekte v Kazachstane\">(viac&hellip;)<\/span><\/a><\/p>\n<\/div>\t\t<\/div>\r\n\t<\/article>\r\n<\/div><div class=\"w-grid-preloader\"><div class=\"g-preloader type_1\">\r\n\t<div><\/div>\r\n<\/div>\r\n<\/div>\t<div class=\"w-grid-json hidden\" onclick='return {&quot;action&quot;:&quot;us_ajax_grid&quot;,&quot;ajax_url&quot;:&quot;https:\\\/\\\/ssad.statistics.sk\\\/SSaD\\\/wp-admin\\\/admin-ajax.php&quot;,&quot;infinite_scroll&quot;:0,&quot;max_num_pages&quot;:1,&quot;pagination&quot;:&quot;none&quot;,&quot;permalink_url&quot;:&quot;https:\\\/\\\/ssad.statistics.sk\\\/SSaD\\\/wp-json\\\/wp\\\/v2\\\/pages\\\/1921&quot;,&quot;template_vars&quot;:{&quot;columns&quot;:&quot;1&quot;,&quot;exclude_items&quot;:&quot;none&quot;,&quot;img_size&quot;:&quot;default&quot;,&quot;ignore_items_size&quot;:0,&quot;items_layout&quot;:&quot;146&quot;,&quot;items_offset&quot;:&quot;1&quot;,&quot;load_animation&quot;:&quot;none&quot;,&quot;overriding_link&quot;:&quot;none&quot;,&quot;post_id&quot;:4328,&quot;query_args&quot;:{&quot;post_type&quot;:[&quot;post&quot;],&quot;tax_query&quot;:[{&quot;taxonomy&quot;:&quot;category&quot;,&quot;field&quot;:&quot;slug&quot;,&quot;terms&quot;:[&quot;2-2017-informativne-clanky-nazory-recenzie-rozhovory-informacie&quot;]}],&quot;post_status&quot;:[&quot;publish&quot;],&quot;posts_per_page&quot;:&quot;20&quot;},&quot;orderby_query_args&quot;:{&quot;orderby&quot;:{&quot;date&quot;:&quot;DESC&quot;}},&quot;type&quot;:&quot;grid&quot;,&quot;us_grid_ajax_index&quot;:1,&quot;us_grid_filter_params&quot;:null,&quot;us_grid_index&quot;:2,&quot;_us_grid_post_type&quot;:&quot;post&quot;}}'><\/div>\r\n\t<\/div>\n<\/div><\/div><\/div><\/div><\/div><\/div><\/div><\/section><section class=\"l-section wpb_row height_auto\"><div class=\"l-section-h i-cf\"><div class=\"g-cols vc_row via_flex valign_top type_default stacking_default\"><div class=\"vc_col-sm-12 wpb_column vc_column_container\"><div class=\"vc_column-inner\"><div class=\"wpb_wrapper\"><div class=\"wpb_text_column\"><div class=\"wpb_wrapper\"><h2>PRIPRAVUJEME<\/h2>\n<h2 class=\"soon1\">Monotematick\u00e9 \u010d\u00edslo Slovenskej \u0161tatistiky a demografie 3\/2017 so zameran\u00edm na progres\u00edvne \u0161tatistick\u00e9 met\u00f3dy a postupy v praxi.<\/h2>\n<\/div><\/div><\/div><\/div><\/div><\/div><\/div><\/section>\n","protected":false},"excerpt":{"rendered":"Elena Benkov\u00e1, \u0160tatistick\u00fd \u00farad Slovenskej republiky, Slovensk\u00e1 republika Typ \u010dl\u00e1nku: inform\u00e1cia Strana: 80 \u010cl\u00e1nok na stiahnutie PDF (199,0 KB, 222 stiahnut\u00ed)","protected":false},"author":4,"featured_media":0,"parent":0,"menu_order":0,"comment_status":"closed","ping_status":"closed","template":"","meta":{"_exactmetrics_skip_tracking":false,"_exactmetrics_sitenote_active":false,"_exactmetrics_sitenote_note":"","_exactmetrics_sitenote_category":0,"footnotes":""},"class_list":["post-1921","page","type-page","status-publish","hentry"],"_links":{"self":[{"href":"https:\/\/ssad.statistics.sk\/SSaD\/index.php\/wp-json\/wp\/v2\/pages\/1921","targetHints":{"allow":["GET"]}}],"collection":[{"href":"https:\/\/ssad.statistics.sk\/SSaD\/index.php\/wp-json\/wp\/v2\/pages"}],"about":[{"href":"https:\/\/ssad.statistics.sk\/SSaD\/index.php\/wp-json\/wp\/v2\/types\/page"}],"author":[{"embeddable":true,"href":"https:\/\/ssad.statistics.sk\/SSaD\/index.php\/wp-json\/wp\/v2\/users\/4"}],"replies":[{"embeddable":true,"href":"https:\/\/ssad.statistics.sk\/SSaD\/index.php\/wp-json\/wp\/v2\/comments?post=1921"}],"version-history":[{"count":9,"href":"https:\/\/ssad.statistics.sk\/SSaD\/index.php\/wp-json\/wp\/v2\/pages\/1921\/revisions"}],"predecessor-version":[{"id":4340,"href":"https:\/\/ssad.statistics.sk\/SSaD\/index.php\/wp-json\/wp\/v2\/pages\/1921\/revisions\/4340"}],"wp:attachment":[{"href":"https:\/\/ssad.statistics.sk\/SSaD\/index.php\/wp-json\/wp\/v2\/media?parent=1921"}],"curies":[{"name":"wp","href":"https:\/\/api.w.org\/{rel}","templated":true}]}}