{"id":1903,"date":"2016-07-15T10:40:24","date_gmt":"2016-07-15T08:40:24","guid":{"rendered":"https:\/\/ssad.statistics.sk\/SSaD\/index.php\/slovak-statistics-and-demography-3-2016\/"},"modified":"2024-10-15T13:23:06","modified_gmt":"2024-10-15T11:23:06","slug":"slovak-statistics-and-demography-3-2016","status":"publish","type":"page","link":"https:\/\/ssad.statistics.sk\/SSaD\/index.php\/slovak-statistics-and-demography-3-2016\/?lang=en","title":{"rendered":"Slovak Statistics and Demography 3\/2016"},"content":{"rendered":"<section class=\"l-section wpb_row padding-top-journal height_auto\"><div class=\"l-section-h i-cf\"><div class=\"g-cols vc_row via_flex valign_top type_default stacking_default\"><div class=\"vc_col-sm-12 wpb_column vc_column_container\"><div class=\"vc_column-inner\"><div class=\"wpb_wrapper\"><div class=\"wpb_text_column\"><div class=\"wpb_wrapper\"><h1>Slovak Statistics and Demography 3\/2016<\/h1>\n<\/div><\/div><\/div><\/div><\/div><\/div><\/div><\/section><section class=\"l-section wpb_row us_custom_18c73a72 height_auto\"><div class=\"l-section-h i-cf\"><div class=\"g-cols vc_row via_flex valign_top type_default stacking_default\"><div class=\"vc_col-sm-2 wpb_column vc_column_container\"><div class=\"vc_column-inner\"><div class=\"wpb_wrapper\"><div class=\"w-image style_outlined align_none\"><div class=\"w-image-h\"><img loading=\"lazy\" decoding=\"async\" width=\"142\" height=\"190\" src=\"https:\/\/ssad.statistics.sk\/SSaD\/wp-content\/uploads\/2020\/01\/SSaD2016_142x190.png\" class=\"attachment-full size-full\" alt=\"\" \/><\/div><\/div><\/div><\/div><\/div><div class=\"vc_col-sm-6 wpb_column vc_column_container\"><div class=\"vc_column-inner\"><div class=\"wpb_wrapper\">[vc_raw_html]PGRpdiBjbGFzcz0iZGV0YWlsIj4gDQogICAgPHA+TnVtYmVyIG9mIHBhZ2VzOiAxMzM8L3A+DQogICAgPHA+UGVyaW9kaWNpdHk6IDQgdGltZXMgYSB5ZWFyPC9wPiAgIA0KICAgIDxwPklTU046IDEzMzktNjg1NCAob25saW5lKTwvcD4NCiAgICA8cD48c3BhbiBzdHlsZT0icGFkZGluZy1sZWZ0OiA0N3B4OyI+MTIxMC0xMDk1IChwcmludGVkIHZlcnNpb24pPC9zcGFuPjwvcD4NCjwvZGl2Pg==[\/vc_raw_html]<\/div><\/div><\/div><div class=\"vc_col-sm-4 wpb_column vc_column_container\"><div class=\"vc_column-inner\"><div class=\"wpb_wrapper\">[vc_raw_html css=&#8220;.vc_custom_1578908959713{margin-top: 3.35em !important;}&#8220;]PGRpdj4NCg0KPHNwYW4gc3R5bGU9ImxpbmUtaGVpZ2h0OiAyLjFlbTsgcGFkZGluZy1sZWZ0OiAwcHg7IGNvbG9yOiAjMWU0ZTlkOyI+Q29tcGxldGUgaXNzdWU8L3NwYW4+PGJyPg0KW2Rvd25sb2FkIGlkPSIxNzYiXSBkb3dubG9hZHMpDQoNCjwvZGl2Pg==[\/vc_raw_html]<\/div><\/div><\/div><\/div><\/div><\/section><section class=\"l-section wpb_row us_custom_d984a24d height_auto\"><div class=\"l-section-h i-cf\"><div class=\"g-cols vc_row via_flex valign_top type_default stacking_default\"><div class=\"vc_col-sm-12 wpb_column vc_column_container\"><div class=\"vc_column-inner us_custom_5c07cc07\"><div class=\"wpb_wrapper\"><div class=\"w-separator us_custom_fd420121 has_text_color size_medium with_line width_default thick_1 style_dashed color_border align_center\"><div class=\"w-separator-h\"><\/div><\/div><\/div><\/div><\/div><\/div><\/div><\/section><section class=\"l-section wpb_row us_custom_46262dcf height_auto\"><div class=\"l-section-h i-cf\"><div class=\"g-cols vc_row via_flex valign_top type_default stacking_default\"><div class=\"vc_col-sm-12 wpb_column vc_column_container\"><div class=\"vc_column-inner\"><div class=\"wpb_wrapper\"><div class=\"w-grid us_custom_2b991ef7 type_grid layout_146\" id=\"us_grid_1\" data-filterable=\"true\"><style>#us_grid_1 .w-grid-item:not(:last-child){margin-bottom:2.5rem}#us_grid_1 .g-loadmore{margin-top:2.5rem}.layout_146 .w-grid-item-h{}.layout_146 .usg_post_title_1{font-family:var(--font-body)!important;font-size:21px!important}.layout_146 .usg_post_date_1{font-family:var(--font-body)!important;font-size:0.9rem!important}.layout_146 .usg_post_content_1{margin-top:0.5rem!important;font-family:var(--font-body)!important}@media (max-width:600px){.layout_146 .usg_post_title_1{font-size:18px!important}}<\/style><div class=\"w-grid-list\">\t<article class=\"w-grid-item size_1x1 post-2257 post type-post status-publish format-standard hentry category-3-2016-editorial tag-autor-ludmila-ivancikova\" data-id=\"2257\">\r\n\t\t<div class=\"w-grid-item-h\">\r\n\t\t\t\t\t\t<h2 class=\"w-post-elm post_title usg_post_title_1 entry-title color_link_inherit\"><a href=\"https:\/\/ssad.statistics.sk\/SSaD\/index.php\/editorial-8\/\">Editori\u00e1l<\/a><\/h2><time class=\"w-post-elm post_date usg_post_date_1 entry-date published\" datetime=\"2016-07-15T11:40:26+02:00\"><i class=\"far fa-clock\"><\/i>15. j\u00fala 2016<\/time><div class=\"w-post-elm post_content usg_post_content_1\"><p>\u013dudmila Ivan\u010d\u00edkov\u00e1, \u0160tatistick\u00fd \u00farad Slovenskej republiky, Slovensk\u00e1 republika<\/p>\n<p> <a href=\"https:\/\/ssad.statistics.sk\/SSaD\/index.php\/editorial-8\/#more-2257\" class=\"more-link\"><span aria-label=\"\u010c\u00edta\u0165 \u010falej Editori\u00e1l\">(viac&hellip;)<\/span><\/a><\/p>\n<\/div>\t\t<\/div>\r\n\t<\/article>\r\n<\/div><div class=\"w-grid-preloader\"><div class=\"g-preloader type_1\">\r\n\t<div><\/div>\r\n<\/div>\r\n<\/div>\t<div class=\"w-grid-json hidden\" onclick='return {&quot;action&quot;:&quot;us_ajax_grid&quot;,&quot;ajax_url&quot;:&quot;https:\\\/\\\/ssad.statistics.sk\\\/SSaD\\\/wp-admin\\\/admin-ajax.php&quot;,&quot;infinite_scroll&quot;:0,&quot;max_num_pages&quot;:1,&quot;pagination&quot;:&quot;none&quot;,&quot;permalink_url&quot;:&quot;https:\\\/\\\/ssad.statistics.sk\\\/SSaD\\\/wp-json\\\/wp\\\/v2\\\/pages\\\/1903&quot;,&quot;template_vars&quot;:{&quot;columns&quot;:&quot;1&quot;,&quot;exclude_items&quot;:&quot;none&quot;,&quot;img_size&quot;:&quot;default&quot;,&quot;ignore_items_size&quot;:0,&quot;items_layout&quot;:&quot;146&quot;,&quot;items_offset&quot;:&quot;1&quot;,&quot;load_animation&quot;:&quot;none&quot;,&quot;overriding_link&quot;:&quot;none&quot;,&quot;post_id&quot;:1903,&quot;query_args&quot;:{&quot;post_type&quot;:[&quot;post&quot;],&quot;tax_query&quot;:[{&quot;taxonomy&quot;:&quot;category&quot;,&quot;field&quot;:&quot;slug&quot;,&quot;terms&quot;:[&quot;3-2016-editorial&quot;]}],&quot;post_status&quot;:[&quot;publish&quot;],&quot;posts_per_page&quot;:&quot;10&quot;},&quot;orderby_query_args&quot;:{&quot;orderby&quot;:{&quot;date&quot;:&quot;DESC&quot;}},&quot;type&quot;:&quot;grid&quot;,&quot;us_grid_ajax_index&quot;:1,&quot;us_grid_filter_params&quot;:null,&quot;us_grid_index&quot;:1,&quot;_us_grid_post_type&quot;:&quot;post&quot;}}'><\/div>\r\n\t<\/div><\/div><\/div><\/div><\/div><\/div><\/section><section class=\"l-section wpb_row us_custom_c4a4bb17 height_auto\"><div class=\"l-section-h i-cf\"><div class=\"g-cols vc_row via_flex valign_top type_default stacking_default\"><div class=\"vc_col-sm-12 wpb_column vc_column_container\"><div class=\"vc_column-inner\"><div class=\"wpb_wrapper\"><div class=\"wpb_text_column\"><div class=\"wpb_wrapper\"><h2>SCIENTIFIC ARTICLES<\/h2>\n<div class=\"w-grid us_custom_2b991ef7 type_grid layout_146\" id=\"us_grid_2\"><style>#us_grid_2 .w-grid-item:not(:last-child){margin-bottom:2.5rem}#us_grid_2 .g-loadmore{margin-top:2.5rem}<\/style><div class=\"w-grid-list\">\t<article class=\"w-grid-item size_1x1 post-2260 post type-post status-publish format-standard hentry category-3-2016-vedecke-clanky tag-autor-viera-labudova tag-chudoba tag-index-materialnej-deprivacie tag-materialna-deprivacia tag-metodologia-moda\" data-id=\"2260\">\r\n\t\t<div class=\"w-grid-item-h\">\r\n\t\t\t\t\t\t<h2 class=\"w-post-elm post_title usg_post_title_1 entry-title color_link_inherit\"><a href=\"https:\/\/ssad.statistics.sk\/SSaD\/index.php\/meranie-materialnej-deprivacie-deti-v-europskom-kontexte\/\">Meranie materi\u00e1lnej depriv\u00e1cie det\u00ed v eur\u00f3pskom kontexte<\/a><\/h2><time class=\"w-post-elm post_date usg_post_date_1 entry-date published\" datetime=\"2016-07-15T11:39:21+02:00\"><i class=\"far fa-clock\"><\/i>15. j\u00fala 2016<\/time><div class=\"w-post-elm post_content usg_post_content_1\"><p>Viera Labudov\u00e1, Fakulta hospod\u00e1rskej informatiky, Ekonomick\u00e1 univerzita v Bratislave, Slovensk\u00e1 republika<\/p>\n<p> <a href=\"https:\/\/ssad.statistics.sk\/SSaD\/index.php\/meranie-materialnej-deprivacie-deti-v-europskom-kontexte\/#more-2260\" class=\"more-link\"><span aria-label=\"\u010c\u00edta\u0165 \u010falej Meranie materi\u00e1lnej depriv\u00e1cie det\u00ed v eur\u00f3pskom kontexte\">(viac&hellip;)<\/span><\/a><\/p>\n<\/div>\t\t<\/div>\r\n\t<\/article>\r\n\t<article class=\"w-grid-item size_1x1 post-2263 post type-post status-publish format-standard hentry category-3-2016-vedecke-clanky tag-autor-branislav-sprocha tag-deti tag-mladi-dospeli tag-mladistvi tag-odkladanie-materstva tag-rodinne-a-reprodukcne-spravanie tag-slovensko\" data-id=\"2263\">\r\n\t\t<div class=\"w-grid-item-h\">\r\n\t\t\t\t\t\t<h2 class=\"w-post-elm post_title usg_post_title_1 entry-title color_link_inherit\"><a href=\"https:\/\/ssad.statistics.sk\/SSaD\/index.php\/deti-mladistvi-a-mladi-dospeli-na-slovensku-optikou-demografie\/\">Deti, mladistv\u00ed a mlad\u00ed dospel\u00ed na Slovensku optikou demografie<\/a><\/h2><time class=\"w-post-elm post_date usg_post_date_1 entry-date published\" datetime=\"2016-07-15T11:38:40+02:00\"><i class=\"far fa-clock\"><\/i>15. j\u00fala 2016<\/time><div class=\"w-post-elm post_content usg_post_content_1\"><p>Branislav \u0160procha, INFOSTAT \u2013 V\u00fdskumn\u00e9 demografick\u00e9 centrum, Centrum spolo\u010densk\u00fdch a psychologick\u00fdch vied Slovenskej akad\u00e9mie vied, Slovensk\u00e1 republika<br \/>\n <a href=\"https:\/\/ssad.statistics.sk\/SSaD\/index.php\/deti-mladistvi-a-mladi-dospeli-na-slovensku-optikou-demografie\/#more-2263\" class=\"more-link\"><span aria-label=\"\u010c\u00edta\u0165 \u010falej Deti, mladistv\u00ed a mlad\u00ed dospel\u00ed na Slovensku optikou demografie\">(viac&hellip;)<\/span><\/a><\/p>\n<\/div>\t\t<\/div>\r\n\t<\/article>\r\n\t<article class=\"w-grid-item size_1x1 post-2266 post type-post status-publish format-standard hentry category-3-2016-vedecke-clanky tag-autor-daniel-gerbery tag-rodinna-politika tag-typy-rodinnej-politiky tag-zosuladovanie-prace-a-rodinneho-zivota tag-zivotne-podmienky-deti\" data-id=\"2266\">\r\n\t\t<div class=\"w-grid-item-h\">\r\n\t\t\t\t\t\t<h2 class=\"w-post-elm post_title usg_post_title_1 entry-title color_link_inherit\"><a href=\"https:\/\/ssad.statistics.sk\/SSaD\/index.php\/rodinna-politika-na-slovensku-v-komparativnej-perspektive\/\">Rodinn\u00e1 politika na Slovensku v komparat\u00edvnej perspekt\u00edve<\/a><\/h2><time class=\"w-post-elm post_date usg_post_date_1 entry-date published\" datetime=\"2016-07-15T11:37:11+02:00\"><i class=\"far fa-clock\"><\/i>15. j\u00fala 2016<\/time><div class=\"w-post-elm post_content usg_post_content_1\"><p>Daniel Gerbery, Filozofick\u00e1 fakulta, Univerzita Komensk\u00e9ho v Bratislave, Slovensk\u00e1 republika<\/p>\n<p> <a href=\"https:\/\/ssad.statistics.sk\/SSaD\/index.php\/rodinna-politika-na-slovensku-v-komparativnej-perspektive\/#more-2266\" class=\"more-link\"><span aria-label=\"\u010c\u00edta\u0165 \u010falej Rodinn\u00e1 politika na Slovensku v komparat\u00edvnej perspekt\u00edve\">(viac&hellip;)<\/span><\/a><\/p>\n<\/div>\t\t<\/div>\r\n\t<\/article>\r\n\t<article class=\"w-grid-item size_1x1 post-2269 post type-post status-publish format-standard hentry category-3-2016-vedecke-clanky tag-autor-mikulas-car tag-mladi-ludia tag-riesenie-potreby-byvania tag-zivotny-cyklus\" data-id=\"2269\">\r\n\t\t<div class=\"w-grid-item-h\">\r\n\t\t\t\t\t\t<h2 class=\"w-post-elm post_title usg_post_title_1 entry-title color_link_inherit\"><a href=\"https:\/\/ssad.statistics.sk\/SSaD\/index.php\/riesenie-potreby-byvania-mladych-ludi\/\">Rie\u0161enie potreby b\u00fdvania mlad\u00fdch \u013eud\u00ed<\/a><\/h2><time class=\"w-post-elm post_date usg_post_date_1 entry-date published\" datetime=\"2016-07-15T11:36:27+02:00\"><i class=\"far fa-clock\"><\/i>15. j\u00fala 2016<\/time><div class=\"w-post-elm post_content usg_post_content_1\"><p>Mikul\u00e1\u0161 C\u00e1r, N\u00e1rodn\u00e1 banka Slovenska, Slovensk\u00e1 republika<\/p>\n<p> <a href=\"https:\/\/ssad.statistics.sk\/SSaD\/index.php\/riesenie-potreby-byvania-mladych-ludi\/#more-2269\" class=\"more-link\"><span aria-label=\"\u010c\u00edta\u0165 \u010falej Rie\u0161enie potreby b\u00fdvania mlad\u00fdch \u013eud\u00ed\">(viac&hellip;)<\/span><\/a><\/p>\n<\/div>\t\t<\/div>\r\n\t<\/article>\r\n\t<article class=\"w-grid-item size_1x1 post-2272 post type-post status-publish format-standard hentry category-3-2016-vedecke-clanky tag-autor-daniel-gerbery tag-autor-jan-sopoci tag-autor-roman-dzambazovic tag-ehis-europske-zistovanie-o-zdravi tag-mladi-ludia tag-nerovnosti-v-oblasti-zdravia tag-rizikove-a-protektivne-spravanie-vo-vztahu-k-zdraviu tag-socialno-ekonomicky-status tag-zdravie\" data-id=\"2272\">\r\n\t\t<div class=\"w-grid-item-h\">\r\n\t\t\t\t\t\t<h2 class=\"w-post-elm post_title usg_post_title_1 entry-title color_link_inherit\"><a href=\"https:\/\/ssad.statistics.sk\/SSaD\/index.php\/socialno-ekonomicka-podmienenost-spravania-mladych-ludi-vo-vztahu-k-zdraviu\/\">Soci\u00e1lno-ekonomick\u00e1 podmienenos\u0165 spr\u00e1vania mlad\u00fdch \u013eud\u00ed vo vz\u0165ahu k zdraviu<\/a><\/h2><time class=\"w-post-elm post_date usg_post_date_1 entry-date published\" datetime=\"2016-07-15T11:35:26+02:00\"><i class=\"far fa-clock\"><\/i>15. j\u00fala 2016<\/time><div class=\"w-post-elm post_content usg_post_content_1\"><p>Roman D\u017eambazovi\u010d, Daniel Gerbery, J\u00e1n Sop\u00f3ci, Filozofick\u00e1 fakulta, Univerzita Komensk\u00e9ho v Bratislave, Slovensk\u00e1 republika<\/p>\n<p> <a href=\"https:\/\/ssad.statistics.sk\/SSaD\/index.php\/socialno-ekonomicka-podmienenost-spravania-mladych-ludi-vo-vztahu-k-zdraviu\/#more-2272\" class=\"more-link\"><span aria-label=\"\u010c\u00edta\u0165 \u010falej Soci\u00e1lno-ekonomick\u00e1 podmienenos\u0165 spr\u00e1vania mlad\u00fdch \u013eud\u00ed vo vz\u0165ahu k zdraviu\">(viac&hellip;)<\/span><\/a><\/p>\n<\/div>\t\t<\/div>\r\n\t<\/article>\r\n\t<article class=\"w-grid-item size_1x1 post-2276 post type-post status-publish format-standard hentry category-3-2016-vedecke-clanky tag-autor-milan-fico tag-mladi-ludia-odchadzajuci-z-detskych-domovov tag-model-logistickej-regresie tag-prechod-do-samostatneho-zivota tag-trh-prace\" data-id=\"2276\">\r\n\t\t<div class=\"w-grid-item-h\">\r\n\t\t\t\t\t\t<h2 class=\"w-post-elm post_title usg_post_title_1 entry-title color_link_inherit\"><a href=\"https:\/\/ssad.statistics.sk\/SSaD\/index.php\/determinanty-ovplyvnujuce-uplatnenie-mladych-ludi-po-odchode-z-nahradnej-institucionalnej-starostlivosti\/\">Determinanty ovplyv\u0148uj\u00face uplatnenie mlad\u00fdch \u013eud\u00ed po odchode z n\u00e1hradnej in\u0161titucion\u00e1lnej starostlivosti<\/a><\/h2><time class=\"w-post-elm post_date usg_post_date_1 entry-date published\" datetime=\"2016-07-15T11:34:35+02:00\"><i class=\"far fa-clock\"><\/i>15. j\u00fala 2016<\/time><div class=\"w-post-elm post_content usg_post_content_1\"><p>Milan Fico, In\u0161tit\u00fat pre v\u00fdskum pr\u00e1ce a rodiny v Bratislave, Slovensk\u00e1 republika<\/p>\n<p> <a href=\"https:\/\/ssad.statistics.sk\/SSaD\/index.php\/determinanty-ovplyvnujuce-uplatnenie-mladych-ludi-po-odchode-z-nahradnej-institucionalnej-starostlivosti\/#more-2276\" class=\"more-link\"><span aria-label=\"\u010c\u00edta\u0165 \u010falej Determinanty ovplyv\u0148uj\u00face uplatnenie mlad\u00fdch \u013eud\u00ed po odchode z n\u00e1hradnej in\u0161titucion\u00e1lnej starostlivosti\">(viac&hellip;)<\/span><\/a><\/p>\n<\/div>\t\t<\/div>\r\n\t<\/article>\r\n<\/div><div class=\"w-grid-preloader\"><div class=\"g-preloader type_1\">\r\n\t<div><\/div>\r\n<\/div>\r\n<\/div>\t<div class=\"w-grid-json hidden\" onclick='return {&quot;action&quot;:&quot;us_ajax_grid&quot;,&quot;ajax_url&quot;:&quot;https:\\\/\\\/ssad.statistics.sk\\\/SSaD\\\/wp-admin\\\/admin-ajax.php&quot;,&quot;infinite_scroll&quot;:0,&quot;max_num_pages&quot;:1,&quot;pagination&quot;:&quot;none&quot;,&quot;permalink_url&quot;:&quot;https:\\\/\\\/ssad.statistics.sk\\\/SSaD\\\/wp-json\\\/wp\\\/v2\\\/pages\\\/1903&quot;,&quot;template_vars&quot;:{&quot;columns&quot;:&quot;1&quot;,&quot;exclude_items&quot;:&quot;none&quot;,&quot;img_size&quot;:&quot;default&quot;,&quot;ignore_items_size&quot;:0,&quot;items_layout&quot;:&quot;146&quot;,&quot;items_offset&quot;:&quot;1&quot;,&quot;load_animation&quot;:&quot;none&quot;,&quot;overriding_link&quot;:&quot;none&quot;,&quot;post_id&quot;:2257,&quot;query_args&quot;:{&quot;post_type&quot;:[&quot;post&quot;],&quot;tax_query&quot;:[{&quot;taxonomy&quot;:&quot;category&quot;,&quot;field&quot;:&quot;slug&quot;,&quot;terms&quot;:[&quot;3-2016-scientific-articles&quot;]}],&quot;post_status&quot;:[&quot;publish&quot;],&quot;posts_per_page&quot;:&quot;20&quot;},&quot;orderby_query_args&quot;:{&quot;orderby&quot;:{&quot;date&quot;:&quot;DESC&quot;}},&quot;type&quot;:&quot;grid&quot;,&quot;us_grid_ajax_index&quot;:1,&quot;us_grid_filter_params&quot;:null,&quot;us_grid_index&quot;:2,&quot;_us_grid_post_type&quot;:&quot;post&quot;}}'><\/div>\r\n\t<\/div>\n<\/div><\/div><\/div><\/div><\/div><\/div><\/div><\/section><section class=\"l-section wpb_row us_custom_c4a4bb17 height_auto\"><div class=\"l-section-h i-cf\"><div class=\"g-cols vc_row via_flex valign_top type_default stacking_default\"><div class=\"vc_col-sm-12 wpb_column vc_column_container\"><div class=\"vc_column-inner\"><div class=\"wpb_wrapper\"><div class=\"wpb_text_column\"><div class=\"wpb_wrapper\"><h2>INFORMATIVE ARTICLES, OPINIONS, REVIEWS, INTERVIEWS, INFORMATION<\/h2>\n<div class=\"w-grid us_custom_2b991ef7 type_grid layout_146\" id=\"us_grid_3\"><style>#us_grid_3 .w-grid-item:not(:last-child){margin-bottom:2.5rem}#us_grid_3 .g-loadmore{margin-top:2.5rem}<\/style><div class=\"w-grid-list\">\t<article class=\"w-grid-item size_1x1 post-2279 post type-post status-publish format-standard hentry category-3-2016-informativne-clanky-nazory-recenzie-rozhovory-informacie tag-autor-boris-vano tag-autor-zuzana-stukovska\" data-id=\"2279\">\r\n\t\t<div class=\"w-grid-item-h\">\r\n\t\t\t\t\t\t<h2 class=\"w-post-elm post_title usg_post_title_1 entry-title color_link_inherit\"><a href=\"https:\/\/ssad.statistics.sk\/SSaD\/index.php\/ak-sa-nezmenia-postoje-a-priority-mladych-ludi-zvysenie-porodnosti-nie-je-realne\/\">Ak sa nezmenia postoje a priority mlad\u00fdch \u013eud\u00ed, zv\u00fd\u0161enie p\u00f4rodnosti nie je re\u00e1lne<\/a><\/h2><time class=\"w-post-elm post_date usg_post_date_1 entry-date published\" datetime=\"2016-07-15T11:33:57+02:00\"><i class=\"far fa-clock\"><\/i>15. j\u00fala 2016<\/time><div class=\"w-post-elm post_content usg_post_content_1\"><p>Boris Va\u0148o, INFOSTAT \u2013 V\u00fdskumn\u00e9 demografick\u00e9 centrum, Slovensk\u00e1 republika<br \/>\nZuzana \u0160tukovsk\u00e1, \u0160tatistick\u00fd \u00farad Slovenskej republiky, Slovensk\u00e1 republika<\/p>\n<p> <a href=\"https:\/\/ssad.statistics.sk\/SSaD\/index.php\/ak-sa-nezmenia-postoje-a-priority-mladych-ludi-zvysenie-porodnosti-nie-je-realne\/#more-2279\" class=\"more-link\"><span aria-label=\"\u010c\u00edta\u0165 \u010falej Ak sa nezmenia postoje a priority mlad\u00fdch \u013eud\u00ed, zv\u00fd\u0161enie p\u00f4rodnosti nie je re\u00e1lne\">(viac&hellip;)<\/span><\/a><\/p>\n<\/div>\t\t<\/div>\r\n\t<\/article>\r\n\t<article class=\"w-grid-item size_1x1 post-2282 post type-post status-publish format-standard hentry category-3-2016-informativne-clanky-nazory-recenzie-rozhovory-informacie tag-autor-helena-glaser-opitzova\" data-id=\"2282\">\r\n\t\t<div class=\"w-grid-item-h\">\r\n\t\t\t\t\t\t<h2 class=\"w-post-elm post_title usg_post_title_1 entry-title color_link_inherit\"><a href=\"https:\/\/ssad.statistics.sk\/SSaD\/index.php\/partnerstvo-v-statistike-je-garanciou-spolocnej-prosperity\/\">Partnerstvo v \u0161tatistike je garanciou spolo\u010dnej prosperity<\/a><\/h2><time class=\"w-post-elm post_date usg_post_date_1 entry-date published\" datetime=\"2016-07-15T11:32:38+02:00\"><i class=\"far fa-clock\"><\/i>15. j\u00fala 2016<\/time><div class=\"w-post-elm post_content usg_post_content_1\"><p>Helena Glaser-Opitzov\u00e1, \u0160tatistick\u00fd \u00farad Slovenskej republiky, Slovensk\u00e1 republika<\/p>\n<p> <a href=\"https:\/\/ssad.statistics.sk\/SSaD\/index.php\/partnerstvo-v-statistike-je-garanciou-spolocnej-prosperity\/#more-2282\" class=\"more-link\"><span aria-label=\"\u010c\u00edta\u0165 \u010falej Partnerstvo v \u0161tatistike je garanciou spolo\u010dnej prosperity\">(viac&hellip;)<\/span><\/a><\/p>\n<\/div>\t\t<\/div>\r\n\t<\/article>\r\n\t<article class=\"w-grid-item size_1x1 post-2286 post type-post status-publish format-standard hentry category-3-2016-informativne-clanky-nazory-recenzie-rozhovory-informacie tag-autor-tatiana-soltesova\" data-id=\"2286\">\r\n\t\t<div class=\"w-grid-item-h\">\r\n\t\t\t\t\t\t<h2 class=\"w-post-elm post_title usg_post_title_1 entry-title color_link_inherit\"><a href=\"https:\/\/ssad.statistics.sk\/SSaD\/index.php\/galina-horakova-michal-pales-frantisek-slaninka-teoria-rizika-v-poisteni\/\">Galina Hor\u00e1kov\u00e1, Michal P\u00e1le\u0161, Franti\u0161ek Slaninka: Te\u00f3ria rizika v poisten\u00ed<\/a><\/h2><time class=\"w-post-elm post_date usg_post_date_1 entry-date published\" datetime=\"2016-07-15T11:31:34+02:00\"><i class=\"far fa-clock\"><\/i>15. j\u00fala 2016<\/time><div class=\"w-post-elm post_content usg_post_content_1\"><p>Tatiana \u0160olt\u00e9sov\u00e1, Fakulta hospod\u00e1rskej informatiky, Ekonomick\u00e1 univerzita v Bratislave, Slovensk\u00e1 republika<\/p>\n<p> <a href=\"https:\/\/ssad.statistics.sk\/SSaD\/index.php\/galina-horakova-michal-pales-frantisek-slaninka-teoria-rizika-v-poisteni\/#more-2286\" class=\"more-link\"><span aria-label=\"\u010c\u00edta\u0165 \u010falej Galina Hor\u00e1kov\u00e1, Michal P\u00e1le\u0161, Franti\u0161ek Slaninka: Te\u00f3ria rizika v poisten\u00ed\">(viac&hellip;)<\/span><\/a><\/p>\n<\/div>\t\t<\/div>\r\n\t<\/article>\r\n<\/div><div class=\"w-grid-preloader\"><div class=\"g-preloader type_1\">\r\n\t<div><\/div>\r\n<\/div>\r\n<\/div>\t<div class=\"w-grid-json hidden\" onclick='return {&quot;action&quot;:&quot;us_ajax_grid&quot;,&quot;ajax_url&quot;:&quot;https:\\\/\\\/ssad.statistics.sk\\\/SSaD\\\/wp-admin\\\/admin-ajax.php&quot;,&quot;infinite_scroll&quot;:0,&quot;max_num_pages&quot;:1,&quot;pagination&quot;:&quot;none&quot;,&quot;permalink_url&quot;:&quot;https:\\\/\\\/ssad.statistics.sk\\\/SSaD\\\/wp-json\\\/wp\\\/v2\\\/pages\\\/1903&quot;,&quot;template_vars&quot;:{&quot;columns&quot;:&quot;1&quot;,&quot;exclude_items&quot;:&quot;none&quot;,&quot;img_size&quot;:&quot;default&quot;,&quot;ignore_items_size&quot;:0,&quot;items_layout&quot;:&quot;146&quot;,&quot;items_offset&quot;:&quot;1&quot;,&quot;load_animation&quot;:&quot;none&quot;,&quot;overriding_link&quot;:&quot;none&quot;,&quot;post_id&quot;:2276,&quot;query_args&quot;:{&quot;post_type&quot;:[&quot;post&quot;],&quot;tax_query&quot;:[{&quot;taxonomy&quot;:&quot;category&quot;,&quot;field&quot;:&quot;slug&quot;,&quot;terms&quot;:[&quot;3-2016-informative-articles-opinions-reviews-interviews-information&quot;]}],&quot;post_status&quot;:[&quot;publish&quot;],&quot;posts_per_page&quot;:&quot;20&quot;},&quot;orderby_query_args&quot;:{&quot;orderby&quot;:{&quot;date&quot;:&quot;DESC&quot;}},&quot;type&quot;:&quot;grid&quot;,&quot;us_grid_ajax_index&quot;:1,&quot;us_grid_filter_params&quot;:null,&quot;us_grid_index&quot;:3,&quot;_us_grid_post_type&quot;:&quot;post&quot;}}'><\/div>\r\n\t<\/div>\n<h2><\/h2>\n<h2><\/h2>\n<h2>COMING SOON<\/h2>\n<p>&nbsp;<\/p>\n<h2 class=\"soon1\">Impact of the low interest rate environment on profitability of the european banking sectors<\/h2>\n<p>J\u00e1n Klacso, \u0160tefan Rycht\u00e1rik, National Bank of Slovakia, Slovak Republic<\/p>\n<h2 class=\"soon\">Fertility of Slovak women according to the 2011 population census<\/h2>\n<p>Branislav \u0160procha, INFOSTAT \u2013 Demographic Research Centre, Institute for Forecasting Slovak Academy of Sciences, Slovak Republic<\/p>\n<h2 class=\"soon1\">Asylum and naturalization process in Slovakia<\/h2>\n<p>Marcela K\u00e1\u010derov\u00e1, Radka Horv\u00e1thov\u00e1, Faculty of Natural Sciences, Comenius University in Bratislava, Slovak Republic<\/p>\n<\/div><\/div><\/div><\/div><\/div><\/div><\/div><\/section>\n","protected":false},"excerpt":{"rendered":"Tatiana \u0160olt\u00e9sov\u00e1, Fakulta hospod\u00e1rskej informatiky, Ekonomick\u00e1 univerzita v Bratislave, Slovensk\u00e1 republika Typ \u010dl\u00e1nku: recenzia Strany: 131 - 132 &nbsp; \u010cl\u00e1nok na stiahnutie PDF (616,5 KB, 421 stiahnut\u00ed)","protected":false},"author":4,"featured_media":0,"parent":0,"menu_order":0,"comment_status":"closed","ping_status":"closed","template":"","meta":{"_exactmetrics_skip_tracking":false,"_exactmetrics_sitenote_active":false,"_exactmetrics_sitenote_note":"","_exactmetrics_sitenote_category":0,"footnotes":""},"class_list":["post-1903","page","type-page","status-publish","hentry"],"_links":{"self":[{"href":"https:\/\/ssad.statistics.sk\/SSaD\/index.php\/wp-json\/wp\/v2\/pages\/1903","targetHints":{"allow":["GET"]}}],"collection":[{"href":"https:\/\/ssad.statistics.sk\/SSaD\/index.php\/wp-json\/wp\/v2\/pages"}],"about":[{"href":"https:\/\/ssad.statistics.sk\/SSaD\/index.php\/wp-json\/wp\/v2\/types\/page"}],"author":[{"embeddable":true,"href":"https:\/\/ssad.statistics.sk\/SSaD\/index.php\/wp-json\/wp\/v2\/users\/4"}],"replies":[{"embeddable":true,"href":"https:\/\/ssad.statistics.sk\/SSaD\/index.php\/wp-json\/wp\/v2\/comments?post=1903"}],"version-history":[{"count":11,"href":"https:\/\/ssad.statistics.sk\/SSaD\/index.php\/wp-json\/wp\/v2\/pages\/1903\/revisions"}],"predecessor-version":[{"id":4192,"href":"https:\/\/ssad.statistics.sk\/SSaD\/index.php\/wp-json\/wp\/v2\/pages\/1903\/revisions\/4192"}],"wp:attachment":[{"href":"https:\/\/ssad.statistics.sk\/SSaD\/index.php\/wp-json\/wp\/v2\/media?parent=1903"}],"curies":[{"name":"wp","href":"https:\/\/api.w.org\/{rel}","templated":true}]}}