{"id":1881,"date":"2016-04-15T09:53:27","date_gmt":"2016-04-15T07:53:27","guid":{"rendered":"https:\/\/ssad.statistics.sk\/SSaD\/?page_id=1881"},"modified":"2024-10-15T12:07:41","modified_gmt":"2024-10-15T10:07:41","slug":"slovenska-statistika-a-demografia-2-2016","status":"publish","type":"page","link":"https:\/\/ssad.statistics.sk\/SSaD\/index.php\/slovenska-statistika-a-demografia-2-2016\/","title":{"rendered":"Slovensk\u00e1 \u0161tatistika a demografia 2\/2016"},"content":{"rendered":"<section class=\"l-section wpb_row padding-top-journal height_auto\"><div class=\"l-section-h i-cf\"><div class=\"g-cols vc_row via_flex valign_top type_default stacking_default\"><div class=\"vc_col-sm-12 wpb_column vc_column_container\"><div class=\"vc_column-inner\"><div class=\"wpb_wrapper\"><div class=\"wpb_text_column\"><div class=\"wpb_wrapper\"><h1>Slovensk\u00e1 \u0161tatistika a demografia 2\/2016<\/h1>\n<\/div><\/div><\/div><\/div><\/div><\/div><\/div><\/section><section class=\"l-section wpb_row us_custom_18c73a72 height_auto\"><div class=\"l-section-h i-cf\"><div class=\"g-cols vc_row via_flex valign_top type_default stacking_default\"><div class=\"vc_col-sm-2 wpb_column vc_column_container\"><div class=\"vc_column-inner\"><div class=\"wpb_wrapper\"><div class=\"w-image style_outlined align_none\"><div class=\"w-image-h\"><img loading=\"lazy\" decoding=\"async\" width=\"142\" height=\"190\" src=\"https:\/\/ssad.statistics.sk\/SSaD\/wp-content\/uploads\/2020\/01\/SSaD2016_142x190.png\" class=\"attachment-full size-full\" alt=\"\" \/><\/div><\/div><\/div><\/div><\/div><div class=\"vc_col-sm-6 wpb_column vc_column_container\"><div class=\"vc_column-inner\"><div class=\"wpb_wrapper\">[vc_raw_html]JTNDZGl2JTIwY2xhc3MlM0QlMjJkZXRhaWwlMjIlM0UlMjAlMEElMjAlMjAlMjAlMjAlM0NwJTNFUG8lQzQlOERldCUyMHN0ciVDMyVBMW4lM0ElMjA4NCUzQyUyRnAlM0UlMEElMjAlMjAlMjAlMjAlM0NwJTNFUGVyaW9kaWNpdGElM0ElMjA0LWtyJUMzJUExdCUyMHJvJUM0JThEbmUlM0MlMkZwJTNFJTIwJTIwJTIwJTBBJTIwJTIwJTIwJTIwJTNDcCUzRUlTU04lM0ElMjAxMzM5LTY4NTQlMjAlMjhvbmxpbmUlMjklM0MlMkZwJTNFJTBBJTIwJTIwJTIwJTIwJTNDcCUzRSUzQ3NwYW4lMjBzdHlsZSUzRCUyMnBhZGRpbmctbGVmdCUzQSUyMDQ3cHglM0IlMjIlM0UxMjEwLTEwOTUlMjAlMjh0bGElQzQlOERlbiVDMyVBOSUyMHZ5ZGFuaWUlMjklM0MlMkZzcGFuJTNFJTNDJTJGcCUzRSUwQSUzQyUyRmRpdiUzRQ==[\/vc_raw_html]<\/div><\/div><\/div><div class=\"vc_col-sm-4 wpb_column vc_column_container\"><div class=\"vc_column-inner\"><div class=\"wpb_wrapper\">[vc_raw_html css=&#8220;.vc_custom_1578905669842{margin-top: 3.35em !important;}&#8220; el_class=&#8220;download-content&#8220;]JTNDZGl2JTNFJTIwJTIwJTIwJTIwJTBBJTIwJTIwJTIwJTIwJTNDcCUzRSUzQ3NwYW4lMjBzdHlsZSUzRCUyMmxpbmUtaGVpZ2h0JTNBJTIwMi4xZW0lM0IlMjBwYWRkaW5nLWxlZnQlM0ElMjAwcHglM0IlMjBjb2xvciUzQSUyMCUyMzFlNGU5ZCUzQiUyMiUzRUtvbXBsZXRuJUMzJUE5JTIwJUM0JThEJUMzJUFEc2xvJTNDJTJGc3BhbiUzRSUzQ2JyJTNFJTIwJTVCZG93bmxvYWQlMjBpZCUzRCUyMjE3NSUyMiU1RCUyMHN0aWFobnV0JUMzJUFEJTI5JTNDJTJGc3BhbiUzRSUzQyUyRnAlM0UlMEElM0MlMkZkaXYlM0U=[\/vc_raw_html]<\/div><\/div><\/div><\/div><\/div><\/section><section class=\"l-section wpb_row us_custom_5c07cc07 height_auto\"><div class=\"l-section-h i-cf\"><div class=\"g-cols vc_row via_flex valign_top type_default stacking_default\"><div class=\"vc_col-sm-12 wpb_column vc_column_container\"><div class=\"vc_column-inner\"><div class=\"wpb_wrapper\"><div class=\"w-separator us_custom_fd420121 has_text_color size_medium with_line width_default thick_1 style_dashed color_border align_center\"><div class=\"w-separator-h\"><\/div><\/div><\/div><\/div><\/div><\/div><\/div><\/section><section class=\"l-section wpb_row us_custom_85c8db04 height_auto\"><div class=\"l-section-h i-cf\"><div class=\"g-cols vc_row via_flex valign_top type_default stacking_default\"><div class=\"vc_col-sm-12 wpb_column vc_column_container\"><div class=\"vc_column-inner\"><div class=\"wpb_wrapper\"><div class=\"wpb_text_column\"><div class=\"wpb_wrapper\"><h2>VEDECK\u00c9 \u010cL\u00c1NKY<\/h2>\n<div class=\"w-grid us_custom_2b991ef7 type_grid layout_146\" id=\"us_grid_1\" data-filterable=\"true\"><style>#us_grid_1 .w-grid-item:not(:last-child){margin-bottom:2.5rem}#us_grid_1 .g-loadmore{margin-top:2.5rem}.layout_146 .w-grid-item-h{}.layout_146 .usg_post_title_1{font-family:var(--font-body)!important;font-size:21px!important}.layout_146 .usg_post_date_1{font-family:var(--font-body)!important;font-size:0.9rem!important}.layout_146 .usg_post_content_1{margin-top:0.5rem!important;font-family:var(--font-body)!important}@media (max-width:600px){.layout_146 .usg_post_title_1{font-size:18px!important}}<\/style><div class=\"w-grid-list\">\t<article class=\"w-grid-item size_1x1 post-2226 post type-post status-publish format-standard hentry category-2-2016-vedecke-clanky tag-autor-iveta-stankovicova tag-autor-katarina-kulkova tag-investovanie tag-logisticka-regresia tag-postoj-k-riziku tag-prieskum-o-financnej-situacii-a-spotrebe-domacnosti-hfcs-2010\" data-id=\"2226\">\r\n\t\t<div class=\"w-grid-item-h\">\r\n\t\t\t\t\t\t<h2 class=\"w-post-elm post_title usg_post_title_1 entry-title color_link_inherit\"><a href=\"https:\/\/ssad.statistics.sk\/SSaD\/index.php\/analyza-postojov-obyvatelov-sr-k-riziku-pri-investovani\/\">Anal\u00fdza postojov obyvate\u013eov SR k riziku pri investovan\u00ed<\/a><\/h2><time class=\"w-post-elm post_date usg_post_date_1 entry-date published\" datetime=\"2016-04-15T11:40:13+02:00\"><i class=\"far fa-clock\"><\/i>15. apr\u00edla 2016<\/time><div class=\"w-post-elm post_content usg_post_content_1\"><p>Katar\u00edna Ku\u013ekov\u00e1, Fakulta matematiky, fyziky a informatiky, Univerzita Komensk\u00e9ho v Bratislave, Slovensk\u00e1 republika<br \/>\nIveta Stankovi\u010dov\u00e1, Fakulta managementu, Univerzita Komensk\u00e9ho v Bratislave, Slovensk\u00e1 republika<\/p>\n<p> <a href=\"https:\/\/ssad.statistics.sk\/SSaD\/index.php\/analyza-postojov-obyvatelov-sr-k-riziku-pri-investovani\/#more-2226\" class=\"more-link\"><span aria-label=\"\u010c\u00edta\u0165 \u010falej Anal\u00fdza postojov obyvate\u013eov SR k riziku pri investovan\u00ed\">(viac&hellip;)<\/span><\/a><\/p>\n<\/div>\t\t<\/div>\r\n\t<\/article>\r\n\t<article class=\"w-grid-item size_1x1 post-2229 post type-post status-publish format-standard hentry category-2-2016-vedecke-clanky tag-autor-michael-rost tag-autor-renata-klufova tag-gis tag-hot-spots-analyza tag-lisa-analyza tag-venkov tag-vymezeni-venkova tag-vzdelanostni-struktura\" data-id=\"2229\">\r\n\t\t<div class=\"w-grid-item-h\">\r\n\t\t\t\t\t\t<h2 class=\"w-post-elm post_title usg_post_title_1 entry-title color_link_inherit\"><a href=\"https:\/\/ssad.statistics.sk\/SSaD\/index.php\/vyvoj-vzdelanostni-struktury-ceskeho-venkova-mezi-scitanimi-2001-a-2011-z-pohledu-prostorove-analyzy-dat\/\">V\u00fdvoj vzd\u011blanostn\u00ed struktury \u010desk\u00e9ho venkova mezi s\u010d\u00edt\u00e1n\u00edmi 2001 a 2011 z pohledu prostorov\u00e9 anal\u00fdzy dat<\/a><\/h2><time class=\"w-post-elm post_date usg_post_date_1 entry-date published\" datetime=\"2016-04-15T11:39:00+02:00\"><i class=\"far fa-clock\"><\/i>15. apr\u00edla 2016<\/time><div class=\"w-post-elm post_content usg_post_content_1\"><p>Renata Klufov\u00e1, Michael Rost, Ekonomick\u00e1 fakulta, Jiho\u010desk\u00e1 univerzita v \u010cesk\u00fdch Bud\u011bjovic\u00edch, \u010cesk\u00e1 republika<\/p>\n<p> <a href=\"https:\/\/ssad.statistics.sk\/SSaD\/index.php\/vyvoj-vzdelanostni-struktury-ceskeho-venkova-mezi-scitanimi-2001-a-2011-z-pohledu-prostorove-analyzy-dat\/#more-2229\" class=\"more-link\"><span aria-label=\"\u010c\u00edta\u0165 \u010falej V\u00fdvoj vzd\u011blanostn\u00ed struktury \u010desk\u00e9ho venkova mezi s\u010d\u00edt\u00e1n\u00edmi 2001 a 2011 z pohledu prostorov\u00e9 anal\u00fdzy dat\">(viac&hellip;)<\/span><\/a><\/p>\n<\/div>\t\t<\/div>\r\n\t<\/article>\r\n\t<article class=\"w-grid-item size_1x1 post-2232 post type-post status-publish format-standard hentry category-2-2016-vedecke-clanky tag-autor-branislav-sprocha tag-nizka-plodnost tag-odkladanie-materstva tag-rekuperacia tag-vysehradska-skupina\" data-id=\"2232\">\r\n\t\t<div class=\"w-grid-item-h\">\r\n\t\t\t\t\t\t<h2 class=\"w-post-elm post_title usg_post_title_1 entry-title color_link_inherit\"><a href=\"https:\/\/ssad.statistics.sk\/SSaD\/index.php\/odkladanie-porodov-do-vyssieho-veku-a-nizka-plodnost-v-krajinach-vysehradskej-skupiny\/\">Odkladanie p\u00f4rodov do vy\u0161\u0161ieho veku a n\u00edzka plodnos\u0165 v krajin\u00e1ch Vy\u0161ehradskej skupiny<\/a><\/h2><time class=\"w-post-elm post_date usg_post_date_1 entry-date published\" datetime=\"2016-04-15T11:38:22+02:00\"><i class=\"far fa-clock\"><\/i>15. apr\u00edla 2016<\/time><div class=\"w-post-elm post_content usg_post_content_1\"><p>Branislav \u0160procha, INFOSTAT \u2013 V\u00fdskumn\u00e9 demografick\u00e9 centrum, Prognostick\u00fd \u00fastav Slovenskej akad\u00e9mie vied, Slovensk\u00e1 republika<\/p>\n<p> <a href=\"https:\/\/ssad.statistics.sk\/SSaD\/index.php\/odkladanie-porodov-do-vyssieho-veku-a-nizka-plodnost-v-krajinach-vysehradskej-skupiny\/#more-2232\" class=\"more-link\"><span aria-label=\"\u010c\u00edta\u0165 \u010falej Odkladanie p\u00f4rodov do vy\u0161\u0161ieho veku a n\u00edzka plodnos\u0165 v krajin\u00e1ch Vy\u0161ehradskej skupiny\">(viac&hellip;)<\/span><\/a><\/p>\n<\/div>\t\t<\/div>\r\n\t<\/article>\r\n\t<article class=\"w-grid-item size_1x1 post-2235 post type-post status-publish format-standard hentry category-2-2016-vedecke-clanky tag-autor-marcela-kacerova tag-autor-michaela-novakova tag-krajiny-v4 tag-migracia tag-populacne-starnutie tag-porodnost tag-umrtnost\" data-id=\"2235\">\r\n\t\t<div class=\"w-grid-item-h\">\r\n\t\t\t\t\t\t<h2 class=\"w-post-elm post_title usg_post_title_1 entry-title color_link_inherit\"><a href=\"https:\/\/ssad.statistics.sk\/SSaD\/index.php\/vplyv-populacnych-procesov-na-starnutie-obyvatelstva-v-krajinach-v4\/\">Vplyv popula\u010dn\u00fdch procesov na starnutie obyvate\u013estva v krajin\u00e1ch V4<\/a><\/h2><time class=\"w-post-elm post_date usg_post_date_1 entry-date published\" datetime=\"2016-04-15T11:37:33+02:00\"><i class=\"far fa-clock\"><\/i>15. apr\u00edla 2016<\/time><div class=\"w-post-elm post_content usg_post_content_1\"><p>Marcela K\u00e1\u010derov\u00e1, Gabriela Nov\u00e1kov\u00e1, Pr\u00edrodovedeck\u00e1 fakulta, Univerzita Komensk\u00e9ho v Bratislave, Slovensk\u00e1 republika<\/p>\n<p> <a href=\"https:\/\/ssad.statistics.sk\/SSaD\/index.php\/vplyv-populacnych-procesov-na-starnutie-obyvatelstva-v-krajinach-v4\/#more-2235\" class=\"more-link\"><span aria-label=\"\u010c\u00edta\u0165 \u010falej Vplyv popula\u010dn\u00fdch procesov na starnutie obyvate\u013estva v krajin\u00e1ch V4\">(viac&hellip;)<\/span><\/a><\/p>\n<\/div>\t\t<\/div>\r\n\t<\/article>\r\n<\/div><div class=\"w-grid-preloader\"><div class=\"g-preloader type_1\">\r\n\t<div><\/div>\r\n<\/div>\r\n<\/div>\t<div class=\"w-grid-json hidden\" onclick='return {&quot;action&quot;:&quot;us_ajax_grid&quot;,&quot;ajax_url&quot;:&quot;https:\\\/\\\/ssad.statistics.sk\\\/SSaD\\\/wp-admin\\\/admin-ajax.php&quot;,&quot;infinite_scroll&quot;:0,&quot;max_num_pages&quot;:1,&quot;pagination&quot;:&quot;none&quot;,&quot;permalink_url&quot;:&quot;https:\\\/\\\/ssad.statistics.sk\\\/SSaD\\\/wp-json\\\/wp\\\/v2\\\/pages\\\/1881&quot;,&quot;template_vars&quot;:{&quot;columns&quot;:&quot;1&quot;,&quot;exclude_items&quot;:&quot;none&quot;,&quot;img_size&quot;:&quot;default&quot;,&quot;ignore_items_size&quot;:0,&quot;items_layout&quot;:&quot;146&quot;,&quot;items_offset&quot;:&quot;1&quot;,&quot;load_animation&quot;:&quot;none&quot;,&quot;overriding_link&quot;:&quot;none&quot;,&quot;post_id&quot;:1881,&quot;query_args&quot;:{&quot;post_type&quot;:[&quot;post&quot;],&quot;tax_query&quot;:[{&quot;taxonomy&quot;:&quot;category&quot;,&quot;field&quot;:&quot;slug&quot;,&quot;terms&quot;:[&quot;2-2016-vedecke-clanky&quot;]}],&quot;post_status&quot;:[&quot;publish&quot;],&quot;posts_per_page&quot;:&quot;20&quot;},&quot;orderby_query_args&quot;:{&quot;orderby&quot;:{&quot;date&quot;:&quot;DESC&quot;}},&quot;type&quot;:&quot;grid&quot;,&quot;us_grid_ajax_index&quot;:1,&quot;us_grid_filter_params&quot;:null,&quot;us_grid_index&quot;:1,&quot;_us_grid_post_type&quot;:&quot;post&quot;}}'><\/div>\r\n\t<\/div>\n<\/div><\/div><\/div><\/div><\/div><\/div><\/div><\/section><section class=\"l-section wpb_row us_custom_c4a4bb17 content-information height_auto\"><div class=\"l-section-h i-cf\"><div class=\"g-cols vc_row via_flex valign_top type_default stacking_default\"><div class=\"vc_col-sm-12 wpb_column vc_column_container\"><div class=\"vc_column-inner\"><div class=\"wpb_wrapper\"><div class=\"wpb_text_column\"><div class=\"wpb_wrapper\"><h2>INFORMAT\u00cdVNE \u010cL\u00c1NKY, N\u00c1ZORY, RECENZIE, ROZHOVORY, INFORM\u00c1CIE<\/h2>\n<div class=\"w-grid us_custom_2b991ef7 type_grid layout_146\" id=\"us_grid_2\"><style>#us_grid_2 .w-grid-item:not(:last-child){margin-bottom:2.5rem}#us_grid_2 .g-loadmore{margin-top:2.5rem}<\/style><div class=\"w-grid-list\">\t<article class=\"w-grid-item size_1x1 post-2238 post type-post status-publish format-standard hentry category-2-2016-informativne-clanky-nazory-recenzie-rozhovory-informacie tag-autor-petra-motuzova\" data-id=\"2238\">\r\n\t\t<div class=\"w-grid-item-h\">\r\n\t\t\t\t\t\t<h2 class=\"w-post-elm post_title usg_post_title_1 entry-title color_link_inherit\"><a href=\"https:\/\/ssad.statistics.sk\/SSaD\/index.php\/energetika-ako-jedna-z-priorit-slovenskeho-predsednictva-v-rade-europskej-unie\/\">Energetika ako jedna z prior\u00edt slovensk\u00e9ho predsedn\u00edctva v Rade Eur\u00f3pskej \u00fanie<\/a><\/h2><time class=\"w-post-elm post_date usg_post_date_1 entry-date published\" datetime=\"2016-04-15T11:36:25+02:00\"><i class=\"far fa-clock\"><\/i>15. apr\u00edla 2016<\/time><div class=\"w-post-elm post_content usg_post_content_1\"><p>Petra Mot\u00fazov\u00e1, \u0160tatistick\u00fd \u00farad Slovenskej republiky, Slovensk\u00e1 republika<\/p>\n<p> <a href=\"https:\/\/ssad.statistics.sk\/SSaD\/index.php\/energetika-ako-jedna-z-priorit-slovenskeho-predsednictva-v-rade-europskej-unie\/#more-2238\" class=\"more-link\"><span aria-label=\"\u010c\u00edta\u0165 \u010falej Energetika ako jedna z prior\u00edt slovensk\u00e9ho predsedn\u00edctva v Rade Eur\u00f3pskej \u00fanie\">(viac&hellip;)<\/span><\/a><\/p>\n<\/div>\t\t<\/div>\r\n\t<\/article>\r\n\t<article class=\"w-grid-item size_1x1 post-2241 post type-post status-publish format-standard hentry category-2-2016-informativne-clanky-nazory-recenzie-rozhovory-informacie tag-autor-viliam-palenik\" data-id=\"2241\">\r\n\t\t<div class=\"w-grid-item-h\">\r\n\t\t\t\t\t\t<h2 class=\"w-post-elm post_title usg_post_title_1 entry-title color_link_inherit\"><a href=\"https:\/\/ssad.statistics.sk\/SSaD\/index.php\/posilnenie-nezavislosti-europskej-statistiky-europsky-legislativny-proces\/\">Posilnenie nez\u00e1vislosti eur\u00f3pskej \u0161tatistiky \u2013 eur\u00f3psky legislat\u00edvny proces<\/a><\/h2><time class=\"w-post-elm post_date usg_post_date_1 entry-date published\" datetime=\"2016-04-15T11:35:10+02:00\"><i class=\"far fa-clock\"><\/i>15. apr\u00edla 2016<\/time><div class=\"w-post-elm post_content usg_post_content_1\"><p>Viliam P\u00e1len\u00edk, Ekonomick\u00fd \u00fastav Slovenskej akad\u00e9mie vied, Slovensk\u00e1 republika<\/p>\n<p> <a href=\"https:\/\/ssad.statistics.sk\/SSaD\/index.php\/posilnenie-nezavislosti-europskej-statistiky-europsky-legislativny-proces\/#more-2241\" class=\"more-link\"><span aria-label=\"\u010c\u00edta\u0165 \u010falej Posilnenie nez\u00e1vislosti eur\u00f3pskej \u0161tatistiky \u2013 eur\u00f3psky legislat\u00edvny proces\">(viac&hellip;)<\/span><\/a><\/p>\n<\/div>\t\t<\/div>\r\n\t<\/article>\r\n\t<article class=\"w-grid-item size_1x1 post-2244 post type-post status-publish format-standard hentry category-2-2016-informativne-clanky-nazory-recenzie-rozhovory-informacie tag-autor-maria-reckova tag-autor-pavol-skapik tag-autor-zuzana-stukovska\" data-id=\"2244\">\r\n\t\t<div class=\"w-grid-item-h\">\r\n\t\t\t\t\t\t<h2 class=\"w-post-elm post_title usg_post_title_1 entry-title color_link_inherit\"><a href=\"https:\/\/ssad.statistics.sk\/SSaD\/index.php\/statistika-ma-pre-lekarsky-vyskum-velky-vyznam\/\">\u0160tatistika m\u00e1 pre lek\u00e1rsky v\u00fdskum ve\u013ek\u00fd v\u00fdznam<\/a><\/h2><time class=\"w-post-elm post_date usg_post_date_1 entry-date published\" datetime=\"2016-04-15T11:34:17+02:00\"><i class=\"far fa-clock\"><\/i>15. apr\u00edla 2016<\/time><div class=\"w-post-elm post_content usg_post_content_1\"><p>M\u00e1ria Re\u010dkov\u00e1, Oddelenie klinickej onkol\u00f3gie Poprad, Slovensk\u00e1 republika<br \/>\nPavol \u0160k\u00e1pik, Zuzana \u0160tukovsk\u00e1, \u0160tatistick\u00fd \u00farad Slovenskej republiky, Slovensk\u00e1 republika<\/p>\n<p> <a href=\"https:\/\/ssad.statistics.sk\/SSaD\/index.php\/statistika-ma-pre-lekarsky-vyskum-velky-vyznam\/#more-2244\" class=\"more-link\"><span aria-label=\"\u010c\u00edta\u0165 \u010falej \u0160tatistika m\u00e1 pre lek\u00e1rsky v\u00fdskum ve\u013ek\u00fd v\u00fdznam\">(viac&hellip;)<\/span><\/a><\/p>\n<\/div>\t\t<\/div>\r\n\t<\/article>\r\n\t<article class=\"w-grid-item size_1x1 post-2247 post type-post status-publish format-standard hentry category-2-2016-informativne-clanky-nazory-recenzie-rozhovory-informacie tag-autor-stefan-adamec\" data-id=\"2247\">\r\n\t\t<div class=\"w-grid-item-h\">\r\n\t\t\t\t\t\t<h2 class=\"w-post-elm post_title usg_post_title_1 entry-title color_link_inherit\"><a href=\"https:\/\/ssad.statistics.sk\/SSaD\/index.php\/vyvoj-cien-pohonnych-latok-v-slovenskej-republike\/\">V\u00fdvoj cien pohonn\u00fdch l\u00e1tok v Slovenskej republike<\/a><\/h2><time class=\"w-post-elm post_date usg_post_date_1 entry-date published\" datetime=\"2016-04-15T11:33:43+02:00\"><i class=\"far fa-clock\"><\/i>15. apr\u00edla 2016<\/time><div class=\"w-post-elm post_content usg_post_content_1\"><p>\u0160tefan Adamec, \u0160tatistick\u00fd \u00farad Slovenskej republiky, Slovensk\u00e1 republika<\/p>\n<p> <a href=\"https:\/\/ssad.statistics.sk\/SSaD\/index.php\/vyvoj-cien-pohonnych-latok-v-slovenskej-republike\/#more-2247\" class=\"more-link\"><span aria-label=\"\u010c\u00edta\u0165 \u010falej V\u00fdvoj cien pohonn\u00fdch l\u00e1tok v Slovenskej republike\">(viac&hellip;)<\/span><\/a><\/p>\n<\/div>\t\t<\/div>\r\n\t<\/article>\r\n\t<article class=\"w-grid-item size_1x1 post-2250 post type-post status-publish format-standard hentry category-2-2016-informativne-clanky-nazory-recenzie-rozhovory-informacie tag-autor-jozef-kotlar\" data-id=\"2250\">\r\n\t\t<div class=\"w-grid-item-h\">\r\n\t\t\t\t\t\t<h2 class=\"w-post-elm post_title usg_post_title_1 entry-title color_link_inherit\"><a href=\"https:\/\/ssad.statistics.sk\/SSaD\/index.php\/europski-statistici-hladaju-optimalny-model-na-meranie-vyuzivania-casu\/\">Eur\u00f3pski \u0161tatistici h\u013eadaj\u00fa optim\u00e1lny model na meranie vyu\u017e\u00edvania \u010dasu<\/a><\/h2><time class=\"w-post-elm post_date usg_post_date_1 entry-date published\" datetime=\"2016-04-15T11:32:24+02:00\"><i class=\"far fa-clock\"><\/i>15. apr\u00edla 2016<\/time><div class=\"w-post-elm post_content usg_post_content_1\"><p>Jozef Kotl\u00e1r, \u0160tatistick\u00fd \u00farad Slovenskej republiky, Slovensk\u00e1 republika<\/p>\n<p> <a href=\"https:\/\/ssad.statistics.sk\/SSaD\/index.php\/europski-statistici-hladaju-optimalny-model-na-meranie-vyuzivania-casu\/#more-2250\" class=\"more-link\"><span aria-label=\"\u010c\u00edta\u0165 \u010falej Eur\u00f3pski \u0161tatistici h\u013eadaj\u00fa optim\u00e1lny model na meranie vyu\u017e\u00edvania \u010dasu\">(viac&hellip;)<\/span><\/a><\/p>\n<\/div>\t\t<\/div>\r\n\t<\/article>\r\n\t<article class=\"w-grid-item size_1x1 post-2253 post type-post status-publish format-standard hentry category-2-2016-informativne-clanky-nazory-recenzie-rozhovory-informacie tag-autor-tomas-loster\" data-id=\"2253\">\r\n\t\t<div class=\"w-grid-item-h\">\r\n\t\t\t\t\t\t<h2 class=\"w-post-elm post_title usg_post_title_1 entry-title color_link_inherit\"><a href=\"https:\/\/ssad.statistics.sk\/SSaD\/index.php\/petr-hebak-a-kolektiv-statisticke-mysleni-a-nastroje-analyzy-dat\/\">Petr Heb\u00e1k a kolektiv: Statistick\u00e9 my\u0161len\u00ed a n\u00e1stroje anal\u00fdzy dat<\/a><\/h2><time class=\"w-post-elm post_date usg_post_date_1 entry-date published\" datetime=\"2016-04-15T11:31:44+02:00\"><i class=\"far fa-clock\"><\/i>15. apr\u00edla 2016<\/time><div class=\"w-post-elm post_content usg_post_content_1\"><p>Tom\u00e1\u0161 L\u00f6ster, Fakulta informatiky a statistiky, Vysok\u00e1 \u0161kola ekonomick\u00e1 v Praze, \u010cesk\u00e1 republika<\/p>\n<p> <a href=\"https:\/\/ssad.statistics.sk\/SSaD\/index.php\/petr-hebak-a-kolektiv-statisticke-mysleni-a-nastroje-analyzy-dat\/#more-2253\" class=\"more-link\"><span aria-label=\"\u010c\u00edta\u0165 \u010falej Petr Heb\u00e1k a kolektiv: Statistick\u00e9 my\u0161len\u00ed a n\u00e1stroje anal\u00fdzy dat\">(viac&hellip;)<\/span><\/a><\/p>\n<\/div>\t\t<\/div>\r\n\t<\/article>\r\n<\/div><div class=\"w-grid-preloader\"><div class=\"g-preloader type_1\">\r\n\t<div><\/div>\r\n<\/div>\r\n<\/div>\t<div class=\"w-grid-json hidden\" onclick='return {&quot;action&quot;:&quot;us_ajax_grid&quot;,&quot;ajax_url&quot;:&quot;https:\\\/\\\/ssad.statistics.sk\\\/SSaD\\\/wp-admin\\\/admin-ajax.php&quot;,&quot;infinite_scroll&quot;:0,&quot;max_num_pages&quot;:1,&quot;pagination&quot;:&quot;none&quot;,&quot;permalink_url&quot;:&quot;https:\\\/\\\/ssad.statistics.sk\\\/SSaD\\\/wp-json\\\/wp\\\/v2\\\/pages\\\/1881&quot;,&quot;template_vars&quot;:{&quot;columns&quot;:&quot;1&quot;,&quot;exclude_items&quot;:&quot;none&quot;,&quot;img_size&quot;:&quot;default&quot;,&quot;ignore_items_size&quot;:0,&quot;items_layout&quot;:&quot;146&quot;,&quot;items_offset&quot;:&quot;1&quot;,&quot;load_animation&quot;:&quot;none&quot;,&quot;overriding_link&quot;:&quot;none&quot;,&quot;post_id&quot;:2235,&quot;query_args&quot;:{&quot;post_type&quot;:[&quot;post&quot;],&quot;tax_query&quot;:[{&quot;taxonomy&quot;:&quot;category&quot;,&quot;field&quot;:&quot;slug&quot;,&quot;terms&quot;:[&quot;2-2016-informativne-clanky-nazory-recenzie-rozhovory-informacie&quot;]}],&quot;post_status&quot;:[&quot;publish&quot;],&quot;posts_per_page&quot;:&quot;20&quot;},&quot;orderby_query_args&quot;:{&quot;orderby&quot;:{&quot;date&quot;:&quot;DESC&quot;}},&quot;type&quot;:&quot;grid&quot;,&quot;us_grid_ajax_index&quot;:1,&quot;us_grid_filter_params&quot;:null,&quot;us_grid_index&quot;:2,&quot;_us_grid_post_type&quot;:&quot;post&quot;}}'><\/div>\r\n\t<\/div>\n<h2><\/h2>\n<h2><\/h2>\n<h2>PRIPRAVUJEME<\/h2>\n<p>Monotematick\u00e9 \u010d\u00edslo 3\/2016 Slovenskej \u0161tatistiky a demografie so zameran\u00edm na deti a ml\u00e1de\u017e. Cie\u013eom je v \u0161tatistick\u00fdch a demografick\u00fdch \u010dl\u00e1nkoch pribl\u00ed\u017ei\u0165 niektor\u00e9 aspekty v\u00fdvoja spolo\u010dnosti, ktor\u00e9 v\u00fdznamne ovplyv\u0148uj\u00fa \u017eivot t\u00fdchto dvoch skup\u00edn obyvate\u013eov. Z\u00e1merom je prispie\u0165 k vyh\u013ead\u00e1vaniu potenci\u00e1lnych zdrojov \u00fadajov na vymedzenie \u0161tatistick\u00fdch indik\u00e1torov, ktor\u00e9 umo\u017enia vytv\u00e1ra\u0165 plastick\u00fd obraz o \u017eivote a potreb\u00e1ch det\u00ed a ml\u00e1de\u017ee a hodnoti\u0165 jeho zmeny v dlhodobom \u010dasovom horizonte.<\/p>\n<\/div><\/div><\/div><\/div><\/div><\/div><\/div><\/section>\n","protected":false},"excerpt":{"rendered":"Tom\u00e1\u0161 L\u00f6ster, Fakulta informatiky a statistiky, Vysok\u00e1 \u0161kola ekonomick\u00e1 v Praze, \u010cesk\u00e1 republika Typ \u010dl\u00e1nku: recenzia Strany: 81 - 82 &nbsp; \u010cl\u00e1nok na stiahnutie PDF (692,6 KB, 419 stiahnut\u00ed)","protected":false},"author":4,"featured_media":0,"parent":0,"menu_order":0,"comment_status":"closed","ping_status":"closed","template":"","meta":{"_exactmetrics_skip_tracking":false,"_exactmetrics_sitenote_active":false,"_exactmetrics_sitenote_note":"","_exactmetrics_sitenote_category":0,"footnotes":""},"class_list":["post-1881","page","type-page","status-publish","hentry"],"_links":{"self":[{"href":"https:\/\/ssad.statistics.sk\/SSaD\/index.php\/wp-json\/wp\/v2\/pages\/1881","targetHints":{"allow":["GET"]}}],"collection":[{"href":"https:\/\/ssad.statistics.sk\/SSaD\/index.php\/wp-json\/wp\/v2\/pages"}],"about":[{"href":"https:\/\/ssad.statistics.sk\/SSaD\/index.php\/wp-json\/wp\/v2\/types\/page"}],"author":[{"embeddable":true,"href":"https:\/\/ssad.statistics.sk\/SSaD\/index.php\/wp-json\/wp\/v2\/users\/4"}],"replies":[{"embeddable":true,"href":"https:\/\/ssad.statistics.sk\/SSaD\/index.php\/wp-json\/wp\/v2\/comments?post=1881"}],"version-history":[{"count":11,"href":"https:\/\/ssad.statistics.sk\/SSaD\/index.php\/wp-json\/wp\/v2\/pages\/1881\/revisions"}],"predecessor-version":[{"id":4127,"href":"https:\/\/ssad.statistics.sk\/SSaD\/index.php\/wp-json\/wp\/v2\/pages\/1881\/revisions\/4127"}],"wp:attachment":[{"href":"https:\/\/ssad.statistics.sk\/SSaD\/index.php\/wp-json\/wp\/v2\/media?parent=1881"}],"curies":[{"name":"wp","href":"https:\/\/api.w.org\/{rel}","templated":true}]}}