{"id":1872,"date":"2016-01-15T08:46:55","date_gmt":"2016-01-15T07:46:55","guid":{"rendered":"https:\/\/ssad.statistics.sk\/SSaD\/?page_id=1872"},"modified":"2024-10-15T11:35:40","modified_gmt":"2024-10-15T09:35:40","slug":"slovenska-statistika-a-demografia-1-2016","status":"publish","type":"page","link":"https:\/\/ssad.statistics.sk\/SSaD\/index.php\/slovenska-statistika-a-demografia-1-2016\/","title":{"rendered":"Slovensk\u00e1 \u0161tatistika a demografia 1\/2016"},"content":{"rendered":"<section class=\"l-section wpb_row padding-top-journal height_auto\"><div class=\"l-section-h i-cf\"><div class=\"g-cols vc_row via_flex valign_top type_default stacking_default\"><div class=\"vc_col-sm-12 wpb_column vc_column_container\"><div class=\"vc_column-inner\"><div class=\"wpb_wrapper\"><div class=\"wpb_text_column\"><div class=\"wpb_wrapper\"><h1>Slovensk\u00e1 \u0161tatistika a demografia 1\/2016<\/h1>\n<\/div><\/div><\/div><\/div><\/div><\/div><\/div><\/section><section class=\"l-section wpb_row us_custom_18c73a72 height_auto\"><div class=\"l-section-h i-cf\"><div class=\"g-cols vc_row via_flex valign_top type_default stacking_default\"><div class=\"vc_col-sm-2 wpb_column vc_column_container\"><div class=\"vc_column-inner\"><div class=\"wpb_wrapper\"><div class=\"w-image style_outlined align_none\"><div class=\"w-image-h\"><img loading=\"lazy\" decoding=\"async\" width=\"142\" height=\"190\" src=\"https:\/\/ssad.statistics.sk\/SSaD\/wp-content\/uploads\/2020\/01\/SSaD2016_142x190.png\" class=\"attachment-full size-full\" alt=\"\" \/><\/div><\/div><\/div><\/div><\/div><div class=\"vc_col-sm-6 wpb_column vc_column_container\"><div class=\"vc_column-inner\"><div class=\"wpb_wrapper\">[vc_raw_html]JTNDZGl2JTIwY2xhc3MlM0QlMjJkZXRhaWwlMjIlM0UlMjAlMEElMjAlMjAlMjAlMjAlM0NwJTNFUG8lQzQlOERldCUyMHN0ciVDMyVBMW4lM0ElMjAxMDclM0MlMkZwJTNFJTBBJTIwJTIwJTIwJTIwJTNDcCUzRVBlcmlvZGljaXRhJTNBJTIwNC1rciVDMyVBMXQlMjBybyVDNCU4RG5lJTNDJTJGcCUzRSUyMCUyMCUyMCUwQSUyMCUyMCUyMCUyMCUzQ3AlM0VJU1NOJTNBJTIwMTMzOS02ODU0JTIwJTI4b25saW5lJTI5JTNDJTJGcCUzRSUwQSUyMCUyMCUyMCUyMCUzQ3AlM0UlM0NzcGFuJTIwc3R5bGUlM0QlMjJwYWRkaW5nLWxlZnQlM0ElMjA0N3B4JTNCJTIyJTNFMTIxMC0xMDk1JTIwJTI4dGxhJUM0JThEZW4lQzMlQTklMjB2eWRhbmllJTI5JTNDJTJGc3BhbiUzRSUzQyUyRnAlM0UlMEElM0MlMkZkaXYlM0U=[\/vc_raw_html]<\/div><\/div><\/div><div class=\"vc_col-sm-4 wpb_column vc_column_container\"><div class=\"vc_column-inner\"><div class=\"wpb_wrapper\">[vc_raw_html css=&#8220;.vc_custom_1578901501642{margin-top: 3.35em !important;}&#8220; el_class=&#8220;download-content&#8220;]JTNDZGl2JTNFJTIwJTIwJTIwJTIwJTBBJTIwJTIwJTIwJTIwJTNDcCUzRSUzQ3NwYW4lMjBzdHlsZSUzRCUyMmxpbmUtaGVpZ2h0JTNBJTIwMi4xZW0lM0IlMjBwYWRkaW5nLWxlZnQlM0ElMjAwcHglM0IlMjBjb2xvciUzQSUyMCUyMzFlNGU5ZCUzQiUyMiUzRUtvbXBsZXRuJUMzJUE5JTIwJUM0JThEJUMzJUFEc2xvJTNDJTJGc3BhbiUzRSUzQ2JyJTNFJTIwJTVCZG93bmxvYWQlMjBpZCUzRCUyMjE3NCUyMiU1RCUyMHN0aWFobnV0JUMzJUFEJTI5JTNDJTJGc3BhbiUzRSUzQyUyRnAlM0UlMEElM0MlMkZkaXYlM0U=[\/vc_raw_html]<\/div><\/div><\/div><\/div><\/div><\/section><section class=\"l-section wpb_row us_custom_5c07cc07 height_auto\"><div class=\"l-section-h i-cf\"><div class=\"g-cols vc_row via_flex valign_top type_default stacking_default\"><div class=\"vc_col-sm-12 wpb_column vc_column_container\"><div class=\"vc_column-inner\"><div class=\"wpb_wrapper\"><div class=\"w-separator us_custom_fd420121 has_text_color size_medium with_line width_default thick_1 style_dashed color_border align_center\"><div class=\"w-separator-h\"><\/div><\/div><\/div><\/div><\/div><\/div><\/div><\/section><section class=\"l-section wpb_row us_custom_85c8db04 height_auto\"><div class=\"l-section-h i-cf\"><div class=\"g-cols vc_row via_flex valign_top type_default stacking_default\"><div class=\"vc_col-sm-12 wpb_column vc_column_container\"><div class=\"vc_column-inner\"><div class=\"wpb_wrapper\"><div class=\"wpb_text_column\"><div class=\"wpb_wrapper\"><h2>VEDECK\u00c9 \u010cL\u00c1NKY<\/h2>\n<div class=\"w-grid us_custom_2b991ef7 type_grid layout_146\" id=\"us_grid_1\" data-filterable=\"true\"><style>#us_grid_1 .w-grid-item:not(:last-child){margin-bottom:2.5rem}#us_grid_1 .g-loadmore{margin-top:2.5rem}.layout_146 .w-grid-item-h{}.layout_146 .usg_post_title_1{font-family:var(--font-body)!important;font-size:21px!important}.layout_146 .usg_post_date_1{font-family:var(--font-body)!important;font-size:0.9rem!important}.layout_146 .usg_post_content_1{margin-top:0.5rem!important;font-family:var(--font-body)!important}@media (max-width:600px){.layout_146 .usg_post_title_1{font-size:18px!important}}<\/style><div class=\"w-grid-list\">\t<article class=\"w-grid-item size_1x1 post-1943 post type-post status-publish format-standard hentry category-1-2016-vedecke-clanky tag-autor-erik-soltes tag-autor-tatiana-soltesova tag-demografia-podnikov tag-podiel-zamestanych-v-novovzniknutych-podnikoch tag-podiel-zamestanych-v-zaniknutych-podnikoch tag-procedura-glm\" data-id=\"1943\">\r\n\t\t<div class=\"w-grid-item-h\">\r\n\t\t\t\t\t\t<h2 class=\"w-post-elm post_title usg_post_title_1 entry-title color_link_inherit\"><a href=\"https:\/\/ssad.statistics.sk\/SSaD\/index.php\/vznik-a-zanik-pracovnych-miest-v-dosledku-demografie-podnikov-v-sr-v-rokoch-2007-az-2013\/\">Vznik a z\u00e1nik pracovn\u00fdch miest v d\u00f4sledku demografie podnikov v SR v rokoch 2007 a\u017e 2013<\/a><\/h2><time class=\"w-post-elm post_date usg_post_date_1 entry-date published\" datetime=\"2016-01-15T11:40:38+01:00\"><i class=\"far fa-clock\"><\/i>15. janu\u00e1ra 2016<\/time><div class=\"w-post-elm post_content usg_post_content_1\"><p>Erik \u0160olt\u00e9s, Tatiana \u0160olt\u00e9sov\u00e1, Fakulta hospod\u00e1rskej informatiky, Ekonomick\u00e1 univerzita v Bratislave, Slovensk\u00e1 republika<\/p>\n<p> <a href=\"https:\/\/ssad.statistics.sk\/SSaD\/index.php\/vznik-a-zanik-pracovnych-miest-v-dosledku-demografie-podnikov-v-sr-v-rokoch-2007-az-2013\/#more-1943\" class=\"more-link\"><span aria-label=\"\u010c\u00edta\u0165 \u010falej Vznik a z\u00e1nik pracovn\u00fdch miest v d\u00f4sledku demografie podnikov v SR v rokoch 2007 a\u017e 2013\">(viac&hellip;)<\/span><\/a><\/p>\n<\/div>\t\t<\/div>\r\n\t<\/article>\r\n\t<article class=\"w-grid-item size_1x1 post-1947 post type-post status-publish format-standard hentry category-1-2016-vedecke-clanky tag-autor-roman-dzambazovic tag-cenzova-domacnost tag-domacnost tag-eu-silc tag-hospodariaca-domacnost tag-scitanie-obyvatelov-domov-a-bytov\" data-id=\"1947\">\r\n\t\t<div class=\"w-grid-item-h\">\r\n\t\t\t\t\t\t<h2 class=\"w-post-elm post_title usg_post_title_1 entry-title color_link_inherit\"><a href=\"https:\/\/ssad.statistics.sk\/SSaD\/index.php\/s-kym-zijeme-v-jednej-domacnosti-meniace-sa-formy-rodinneho-spravania-na-slovensku-z-pohladu-struktury-domacnosti\/\">S k\u00fdm \u017eijeme v jednej dom\u00e1cnosti? Meniace sa formy rodinn\u00e9ho spr\u00e1vania na Slovensku z poh\u013eadu \u0161trukt\u00fary dom\u00e1cnost\u00ed<\/a><\/h2><time class=\"w-post-elm post_date usg_post_date_1 entry-date published\" datetime=\"2016-01-15T11:39:25+01:00\"><i class=\"far fa-clock\"><\/i>15. janu\u00e1ra 2016<\/time><div class=\"w-post-elm post_content usg_post_content_1\"><p>Roman D\u017eambazovi\u010d, Filozofick\u00e1 fakulta, Univerzita Komensk\u00e9ho v Bratislave, Slovensk\u00e1 republika<\/p>\n<p> <a href=\"https:\/\/ssad.statistics.sk\/SSaD\/index.php\/s-kym-zijeme-v-jednej-domacnosti-meniace-sa-formy-rodinneho-spravania-na-slovensku-z-pohladu-struktury-domacnosti\/#more-1947\" class=\"more-link\"><span aria-label=\"\u010c\u00edta\u0165 \u010falej S k\u00fdm \u017eijeme v jednej dom\u00e1cnosti? Meniace sa formy rodinn\u00e9ho spr\u00e1vania na Slovensku z poh\u013eadu \u0161trukt\u00fary dom\u00e1cnost\u00ed\">(viac&hellip;)<\/span><\/a><\/p>\n<\/div>\t\t<\/div>\r\n\t<\/article>\r\n\t<article class=\"w-grid-item size_1x1 post-2001 post type-post status-publish format-standard hentry category-1-2016-vedecke-clanky tag-autor-boris-vano tag-cenzova-domacnost tag-populacny-vyvoj tag-projekcia tag-rodina tag-scitanie-obyvatelov-domov-a-bytov\" data-id=\"2001\">\r\n\t\t<div class=\"w-grid-item-h\">\r\n\t\t\t\t\t\t<h2 class=\"w-post-elm post_title usg_post_title_1 entry-title color_link_inherit\"><a href=\"https:\/\/ssad.statistics.sk\/SSaD\/index.php\/projekcia-cenzovych-domacnosti-v-slovenskej-republike-do-roku-2030\/\">Projekcia cenzov\u00fdch dom\u00e1cnost\u00ed v Slovenskej republike do roku 2030<\/a><\/h2><time class=\"w-post-elm post_date usg_post_date_1 entry-date published\" datetime=\"2016-01-15T11:38:51+01:00\"><i class=\"far fa-clock\"><\/i>15. janu\u00e1ra 2016<\/time><div class=\"w-post-elm post_content usg_post_content_1\"><p>Boris Va\u0148o, INFOSTAT \u2013 V\u00fdskumn\u00e9 demografick\u00e9 centrum, Slovensk\u00e1 republika<\/p>\n<p> <a href=\"https:\/\/ssad.statistics.sk\/SSaD\/index.php\/projekcia-cenzovych-domacnosti-v-slovenskej-republike-do-roku-2030\/#more-2001\" class=\"more-link\"><span aria-label=\"\u010c\u00edta\u0165 \u010falej Projekcia cenzov\u00fdch dom\u00e1cnost\u00ed v Slovenskej republike do roku 2030\">(viac&hellip;)<\/span><\/a><\/p>\n<\/div>\t\t<\/div>\r\n\t<\/article>\r\n\t<article class=\"w-grid-item size_1x1 post-2006 post type-post status-publish format-standard hentry category-1-2016-vedecke-clanky tag-autor-branislav-sprocha tag-druha-svetova-vojna tag-populacne-struktury tag-scitanie-ludu-1940 tag-slovenska-republika-1939-1945\" data-id=\"2006\">\r\n\t\t<div class=\"w-grid-item-h\">\r\n\t\t\t\t\t\t<h2 class=\"w-post-elm post_title usg_post_title_1 entry-title color_link_inherit\"><a href=\"https:\/\/ssad.statistics.sk\/SSaD\/index.php\/reprodukcia-obyvatelstva-slovenska-pocas-druhej-svetovej-vojny-iii-cast\/\">Reprodukcia obyvate\u013estva Slovenska po\u010das druhej svetovej vojny, III. \u010das\u0165<\/a><\/h2><time class=\"w-post-elm post_date usg_post_date_1 entry-date published\" datetime=\"2016-01-15T11:37:44+01:00\"><i class=\"far fa-clock\"><\/i>15. janu\u00e1ra 2016<\/time><div class=\"w-post-elm post_content usg_post_content_1\"><p>Branislav \u0160procha, INFOSTAT \u2013 V\u00fdskumn\u00e9 demografick\u00e9 centrum, Filozofick\u00e1 fakulta, Univerzita Komensk\u00e9ho v Bratislave,  Slovensk\u00e1 republika<\/p>\n<p> <a href=\"https:\/\/ssad.statistics.sk\/SSaD\/index.php\/reprodukcia-obyvatelstva-slovenska-pocas-druhej-svetovej-vojny-iii-cast\/#more-2006\" class=\"more-link\"><span aria-label=\"\u010c\u00edta\u0165 \u010falej Reprodukcia obyvate\u013estva Slovenska po\u010das druhej svetovej vojny, III. \u010das\u0165\">(viac&hellip;)<\/span><\/a><\/p>\n<\/div>\t\t<\/div>\r\n\t<\/article>\r\n\t<article class=\"w-grid-item size_1x1 post-2009 post type-post status-publish format-standard hentry category-1-2016-vedecke-clanky tag-aktuarstvo tag-autor-michal-pales tag-graf tag-jazyk-r tag-korelacna-analyza tag-regresna-analyza tag-sikmost tag-spicatost tag-statisticke-analyzy\" data-id=\"2009\">\r\n\t\t<div class=\"w-grid-item-h\">\r\n\t\t\t\t\t\t<h2 class=\"w-post-elm post_title usg_post_title_1 entry-title color_link_inherit\"><a href=\"https:\/\/ssad.statistics.sk\/SSaD\/index.php\/graficka-podpora-jazyka-r-pri-statistickych-analyzach\/\">Grafick\u00e1 podpora jazyka R pri \u0161tatistick\u00fdch anal\u00fdzach<\/a><\/h2><time class=\"w-post-elm post_date usg_post_date_1 entry-date published\" datetime=\"2016-01-15T11:36:42+01:00\"><i class=\"far fa-clock\"><\/i>15. janu\u00e1ra 2016<\/time><div class=\"w-post-elm post_content usg_post_content_1\"><p>Michal P\u00e1le\u0161, Fakulta hospod\u00e1rskej informatiky, Ekonomick\u00e1 univerzita v Bratislave, Slovensk\u00e1 republika<\/p>\n<p> <a href=\"https:\/\/ssad.statistics.sk\/SSaD\/index.php\/graficka-podpora-jazyka-r-pri-statistickych-analyzach\/#more-2009\" class=\"more-link\"><span aria-label=\"\u010c\u00edta\u0165 \u010falej Grafick\u00e1 podpora jazyka R pri \u0161tatistick\u00fdch anal\u00fdzach\">(viac&hellip;)<\/span><\/a><\/p>\n<\/div>\t\t<\/div>\r\n\t<\/article>\r\n<\/div><div class=\"w-grid-preloader\"><div class=\"g-preloader type_1\">\r\n\t<div><\/div>\r\n<\/div>\r\n<\/div>\t<div class=\"w-grid-json hidden\" onclick='return {&quot;action&quot;:&quot;us_ajax_grid&quot;,&quot;ajax_url&quot;:&quot;https:\\\/\\\/ssad.statistics.sk\\\/SSaD\\\/wp-admin\\\/admin-ajax.php&quot;,&quot;infinite_scroll&quot;:0,&quot;max_num_pages&quot;:1,&quot;pagination&quot;:&quot;none&quot;,&quot;permalink_url&quot;:&quot;https:\\\/\\\/ssad.statistics.sk\\\/SSaD\\\/wp-json\\\/wp\\\/v2\\\/pages\\\/1872&quot;,&quot;template_vars&quot;:{&quot;columns&quot;:&quot;1&quot;,&quot;exclude_items&quot;:&quot;none&quot;,&quot;img_size&quot;:&quot;default&quot;,&quot;ignore_items_size&quot;:0,&quot;items_layout&quot;:&quot;146&quot;,&quot;items_offset&quot;:&quot;1&quot;,&quot;load_animation&quot;:&quot;none&quot;,&quot;overriding_link&quot;:&quot;none&quot;,&quot;post_id&quot;:1872,&quot;query_args&quot;:{&quot;post_type&quot;:[&quot;post&quot;],&quot;tax_query&quot;:[{&quot;taxonomy&quot;:&quot;category&quot;,&quot;field&quot;:&quot;slug&quot;,&quot;terms&quot;:[&quot;1-2016-vedecke-clanky&quot;]}],&quot;post_status&quot;:[&quot;publish&quot;],&quot;posts_per_page&quot;:&quot;20&quot;},&quot;orderby_query_args&quot;:{&quot;orderby&quot;:{&quot;date&quot;:&quot;DESC&quot;}},&quot;type&quot;:&quot;grid&quot;,&quot;us_grid_ajax_index&quot;:1,&quot;us_grid_filter_params&quot;:null,&quot;us_grid_index&quot;:1,&quot;_us_grid_post_type&quot;:&quot;post&quot;}}'><\/div>\r\n\t<\/div>\n<\/div><\/div><\/div><\/div><\/div><\/div><\/div><\/section><section class=\"l-section wpb_row us_custom_c4a4bb17 content-information height_auto\"><div class=\"l-section-h i-cf\"><div class=\"g-cols vc_row via_flex valign_top type_default stacking_default\"><div class=\"vc_col-sm-12 wpb_column vc_column_container\"><div class=\"vc_column-inner\"><div class=\"wpb_wrapper\"><div class=\"wpb_text_column\"><div class=\"wpb_wrapper\"><h2>INFORMAT\u00cdVNE \u010cL\u00c1NKY, N\u00c1ZORY, RECENZIE, ROZHOVORY, INFORM\u00c1CIE<\/h2>\n<div class=\"w-grid us_custom_2b991ef7 type_grid layout_146\" id=\"us_grid_2\"><style>#us_grid_2 .w-grid-item:not(:last-child){margin-bottom:2.5rem}#us_grid_2 .g-loadmore{margin-top:2.5rem}<\/style><div class=\"w-grid-list\">\t<article class=\"w-grid-item size_1x1 post-2024 post type-post status-publish format-standard hentry category-1-2016-informativne-clanky-nazory-recenzie-rozhovory-informacie tag-autor-ludmila-benkovicova-2 tag-autor-zuzana-stukovska\" data-id=\"2024\">\r\n\t\t<div class=\"w-grid-item-h\">\r\n\t\t\t\t\t\t<h2 class=\"w-post-elm post_title usg_post_title_1 entry-title color_link_inherit\"><a href=\"https:\/\/ssad.statistics.sk\/SSaD\/index.php\/na-predsednictvo-slovenska-v-rade-europskej-unie-sa-zodpovedne-pripravujeme\/\">Na predsedn\u00edctvo Slovenska v rade Eur\u00f3pskej \u00fanie sa zodpovedne pripravujeme<\/a><\/h2><time class=\"w-post-elm post_date usg_post_date_1 entry-date published\" datetime=\"2016-01-15T11:35:55+01:00\"><i class=\"far fa-clock\"><\/i>15. janu\u00e1ra 2016<\/time><div class=\"w-post-elm post_content usg_post_content_1\"><p>\u013dudmila Benkovi\u010dov\u00e1, Zuzana \u0160tukovsk\u00e1, \u0160tatistick\u00fd \u00farad Slovenskej republiky, Slovensk\u00e1 republika<\/p>\n<p> <a href=\"https:\/\/ssad.statistics.sk\/SSaD\/index.php\/na-predsednictvo-slovenska-v-rade-europskej-unie-sa-zodpovedne-pripravujeme\/#more-2024\" class=\"more-link\"><span aria-label=\"\u010c\u00edta\u0165 \u010falej Na predsedn\u00edctvo Slovenska v rade Eur\u00f3pskej \u00fanie sa zodpovedne pripravujeme\">(viac&hellip;)<\/span><\/a><\/p>\n<\/div>\t\t<\/div>\r\n\t<\/article>\r\n\t<article class=\"w-grid-item size_1x1 post-2027 post type-post status-publish format-standard hentry category-1-2016-informativne-clanky-nazory-recenzie-rozhovory-informacie tag-autor-ladislav-kabat\" data-id=\"2027\">\r\n\t\t<div class=\"w-grid-item-h\">\r\n\t\t\t\t\t\t<h2 class=\"w-post-elm post_title usg_post_title_1 entry-title color_link_inherit\"><a href=\"https:\/\/ssad.statistics.sk\/SSaD\/index.php\/europska-statistika-si-ziada-viac-pozornosti\/\">Eur\u00f3pska \u0161tatistika si \u017eiada viac pozornosti<\/a><\/h2><time class=\"w-post-elm post_date usg_post_date_1 entry-date published\" datetime=\"2016-01-15T11:34:57+01:00\"><i class=\"far fa-clock\"><\/i>15. janu\u00e1ra 2016<\/time><div class=\"w-post-elm post_content usg_post_content_1\"><p>Ladislav Kab\u00e1t, Vysok\u00e1 \u0161kola ekon\u00f3mie a mana\u017ementu v Bratislave, Slovensk\u00e1 republika<\/p>\n<p> <a href=\"https:\/\/ssad.statistics.sk\/SSaD\/index.php\/europska-statistika-si-ziada-viac-pozornosti\/#more-2027\" class=\"more-link\"><span aria-label=\"\u010c\u00edta\u0165 \u010falej Eur\u00f3pska \u0161tatistika si \u017eiada viac pozornosti\">(viac&hellip;)<\/span><\/a><\/p>\n<\/div>\t\t<\/div>\r\n\t<\/article>\r\n\t<article class=\"w-grid-item size_1x1 post-2030 post type-post status-publish format-standard hentry category-1-2016-informativne-clanky-nazory-recenzie-rozhovory-informacie tag-autor-boris-vano\" data-id=\"2030\">\r\n\t\t<div class=\"w-grid-item-h\">\r\n\t\t\t\t\t\t<h2 class=\"w-post-elm post_title usg_post_title_1 entry-title color_link_inherit\"><a href=\"https:\/\/ssad.statistics.sk\/SSaD\/index.php\/15-slovenska-demograficka-konferencia-v-trencianskych-tepliciach-scitanie-je-pre-demograficky-vyskum-nenahraditelne\/\">15. slovensk\u00e1 demografick\u00e1 konferencia v Tren\u010dianskych Tepliciach: S\u010d\u00edtanie je pre demografick\u00fd v\u00fdskum nenahradite\u013en\u00e9<\/a><\/h2><time class=\"w-post-elm post_date usg_post_date_1 entry-date published\" datetime=\"2016-01-15T11:33:42+01:00\"><i class=\"far fa-clock\"><\/i>15. janu\u00e1ra 2016<\/time><div class=\"w-post-elm post_content usg_post_content_1\"><p>Boris Va\u0148o, INFOSTAT \u2013 V\u00fdskumn\u00e9 demografick\u00e9 centrum, Slovensk\u00e1 republika<\/p>\n<p> <a href=\"https:\/\/ssad.statistics.sk\/SSaD\/index.php\/15-slovenska-demograficka-konferencia-v-trencianskych-tepliciach-scitanie-je-pre-demograficky-vyskum-nenahraditelne\/#more-2030\" class=\"more-link\"><span aria-label=\"\u010c\u00edta\u0165 \u010falej 15. slovensk\u00e1 demografick\u00e1 konferencia v Tren\u010dianskych Tepliciach: S\u010d\u00edtanie je pre demografick\u00fd v\u00fdskum nenahradite\u013en\u00e9\">(viac&hellip;)<\/span><\/a><\/p>\n<\/div>\t\t<\/div>\r\n\t<\/article>\r\n\t<article class=\"w-grid-item size_1x1 post-2033 post type-post status-publish format-standard hentry category-1-2016-informativne-clanky-nazory-recenzie-rozhovory-informacie tag-autor-eva-rublikova\" data-id=\"2033\">\r\n\t\t<div class=\"w-grid-item-h\">\r\n\t\t\t\t\t\t<h2 class=\"w-post-elm post_title usg_post_title_1 entry-title color_link_inherit\"><a href=\"https:\/\/ssad.statistics.sk\/SSaD\/index.php\/viera-pacakova-a-kolektiv-statisticka-indukcia-pre-ekonomov-a-manazerov\/\">Viera Pac\u00e1kov\u00e1 a kolekt\u00edv: \u0160tatistick\u00e1 indukcia pre ekon\u00f3mov a mana\u017e\u00e9rov<\/a><\/h2><time class=\"w-post-elm post_date usg_post_date_1 entry-date published\" datetime=\"2016-01-15T11:32:11+01:00\"><i class=\"far fa-clock\"><\/i>15. janu\u00e1ra 2016<\/time><div class=\"w-post-elm post_content usg_post_content_1\"><p>Eva Rubl\u00edkov\u00e1, Fakulta hospod\u00e1rskej informatiky, Ekonomick\u00e1 univerzita v Bratislave, Slovensk\u00e1 republika<\/p>\n<p> <a href=\"https:\/\/ssad.statistics.sk\/SSaD\/index.php\/viera-pacakova-a-kolektiv-statisticka-indukcia-pre-ekonomov-a-manazerov\/#more-2033\" class=\"more-link\"><span aria-label=\"\u010c\u00edta\u0165 \u010falej Viera Pac\u00e1kov\u00e1 a kolekt\u00edv: \u0160tatistick\u00e1 indukcia pre ekon\u00f3mov a mana\u017e\u00e9rov\">(viac&hellip;)<\/span><\/a><\/p>\n<\/div>\t\t<\/div>\r\n\t<\/article>\r\n<\/div><div class=\"w-grid-preloader\"><div class=\"g-preloader type_1\">\r\n\t<div><\/div>\r\n<\/div>\r\n<\/div>\t<div class=\"w-grid-json hidden\" onclick='return {&quot;action&quot;:&quot;us_ajax_grid&quot;,&quot;ajax_url&quot;:&quot;https:\\\/\\\/ssad.statistics.sk\\\/SSaD\\\/wp-admin\\\/admin-ajax.php&quot;,&quot;infinite_scroll&quot;:0,&quot;max_num_pages&quot;:1,&quot;pagination&quot;:&quot;none&quot;,&quot;permalink_url&quot;:&quot;https:\\\/\\\/ssad.statistics.sk\\\/SSaD\\\/wp-json\\\/wp\\\/v2\\\/pages\\\/1872&quot;,&quot;template_vars&quot;:{&quot;columns&quot;:&quot;1&quot;,&quot;exclude_items&quot;:&quot;none&quot;,&quot;img_size&quot;:&quot;default&quot;,&quot;ignore_items_size&quot;:0,&quot;items_layout&quot;:&quot;146&quot;,&quot;items_offset&quot;:&quot;1&quot;,&quot;load_animation&quot;:&quot;none&quot;,&quot;overriding_link&quot;:&quot;none&quot;,&quot;post_id&quot;:2009,&quot;query_args&quot;:{&quot;post_type&quot;:[&quot;post&quot;],&quot;tax_query&quot;:[{&quot;taxonomy&quot;:&quot;category&quot;,&quot;field&quot;:&quot;slug&quot;,&quot;terms&quot;:[&quot;1-2016-informativne-clanky-nazory-recenzie-rozhovory-informacie&quot;]}],&quot;post_status&quot;:[&quot;publish&quot;],&quot;posts_per_page&quot;:&quot;20&quot;},&quot;orderby_query_args&quot;:{&quot;orderby&quot;:{&quot;date&quot;:&quot;DESC&quot;}},&quot;type&quot;:&quot;grid&quot;,&quot;us_grid_ajax_index&quot;:1,&quot;us_grid_filter_params&quot;:null,&quot;us_grid_index&quot;:2,&quot;_us_grid_post_type&quot;:&quot;post&quot;}}'><\/div>\r\n\t<\/div>\n<\/div><\/div><\/div><\/div><\/div><\/div><\/div><\/section>\n","protected":false},"excerpt":{"rendered":"Eva Rubl\u00edkov\u00e1, Fakulta hospod\u00e1rskej informatiky, Ekonomick\u00e1 univerzita v Bratislave, Slovensk\u00e1 republika Typ \u010dl\u00e1nku: recenzia Strany: 102 - 103 &nbsp; \u010cl\u00e1nok na stiahnutie PDF (1,1 MB, 467 stiahnut\u00ed)","protected":false},"author":4,"featured_media":0,"parent":0,"menu_order":0,"comment_status":"closed","ping_status":"closed","template":"","meta":{"_exactmetrics_skip_tracking":false,"_exactmetrics_sitenote_active":false,"_exactmetrics_sitenote_note":"","_exactmetrics_sitenote_category":0,"footnotes":""},"class_list":["post-1872","page","type-page","status-publish","hentry"],"_links":{"self":[{"href":"https:\/\/ssad.statistics.sk\/SSaD\/index.php\/wp-json\/wp\/v2\/pages\/1872","targetHints":{"allow":["GET"]}}],"collection":[{"href":"https:\/\/ssad.statistics.sk\/SSaD\/index.php\/wp-json\/wp\/v2\/pages"}],"about":[{"href":"https:\/\/ssad.statistics.sk\/SSaD\/index.php\/wp-json\/wp\/v2\/types\/page"}],"author":[{"embeddable":true,"href":"https:\/\/ssad.statistics.sk\/SSaD\/index.php\/wp-json\/wp\/v2\/users\/4"}],"replies":[{"embeddable":true,"href":"https:\/\/ssad.statistics.sk\/SSaD\/index.php\/wp-json\/wp\/v2\/comments?post=1872"}],"version-history":[{"count":7,"href":"https:\/\/ssad.statistics.sk\/SSaD\/index.php\/wp-json\/wp\/v2\/pages\/1872\/revisions"}],"predecessor-version":[{"id":4105,"href":"https:\/\/ssad.statistics.sk\/SSaD\/index.php\/wp-json\/wp\/v2\/pages\/1872\/revisions\/4105"}],"wp:attachment":[{"href":"https:\/\/ssad.statistics.sk\/SSaD\/index.php\/wp-json\/wp\/v2\/media?parent=1872"}],"curies":[{"name":"wp","href":"https:\/\/api.w.org\/{rel}","templated":true}]}}