{"id":1668,"date":"2015-04-15T07:49:02","date_gmt":"2015-04-15T05:49:02","guid":{"rendered":"https:\/\/ssad.statistics.sk\/SSaD\/index.php\/slovak-statistics-and-demography-2-2015\/"},"modified":"2024-10-15T13:08:42","modified_gmt":"2024-10-15T11:08:42","slug":"slovak-statistics-and-demography-2-2015","status":"publish","type":"page","link":"https:\/\/ssad.statistics.sk\/SSaD\/index.php\/slovak-statistics-and-demography-2-2015\/?lang=en","title":{"rendered":"Slovak Statistics and Demography 2\/2015"},"content":{"rendered":"<section class=\"l-section wpb_row padding-top-journal height_auto\"><div class=\"l-section-h i-cf\"><div class=\"g-cols vc_row via_flex valign_top type_default stacking_default\"><div class=\"vc_col-sm-12 wpb_column vc_column_container\"><div class=\"vc_column-inner\"><div class=\"wpb_wrapper\"><div class=\"wpb_text_column\"><div class=\"wpb_wrapper\"><h1>Slovak Statistics and Demography 2\/2015<\/h1>\n<\/div><\/div><\/div><\/div><\/div><\/div><\/div><\/section><section class=\"l-section wpb_row us_custom_18c73a72 height_auto\"><div class=\"l-section-h i-cf\"><div class=\"g-cols vc_row via_flex valign_top type_default stacking_default\"><div class=\"vc_col-sm-2 wpb_column vc_column_container\"><div class=\"vc_column-inner\"><div class=\"wpb_wrapper\"><div class=\"w-image style_outlined align_none\"><div class=\"w-image-h\"><img loading=\"lazy\" decoding=\"async\" width=\"142\" height=\"190\" src=\"https:\/\/ssad.statistics.sk\/SSaD\/wp-content\/uploads\/2020\/01\/casopis2015_142x190.png\" class=\"attachment-full size-full\" alt=\"\" \/><\/div><\/div><\/div><\/div><\/div><div class=\"vc_col-sm-6 wpb_column vc_column_container\"><div class=\"vc_column-inner\"><div class=\"wpb_wrapper\">[vc_raw_html]PGRpdiBjbGFzcz0iZGV0YWlsIj4gDQogICAgPHA+TnVtYmVyIG9mIHBhZ2VzOiA3NzwvcD4NCiAgICA8cD5QZXJpb2RpY2l0eTogNCB0aW1lcyBhIHllYXI8L3A+ICAgDQogICAgPHA+SVNTTjogMTMzOS02ODU0IChvbmxpbmUpPC9wPg0KICAgIDxwPjxzcGFuIHN0eWxlPSJwYWRkaW5nLWxlZnQ6IDQ3cHg7Ij4xMjEwLTEwOTUgKHByaW50ZWQgdmVyc2lvbik8L3NwYW4+PC9wPg0KPC9kaXY+[\/vc_raw_html]<\/div><\/div><\/div><div class=\"vc_col-sm-4 wpb_column vc_column_container\"><div class=\"vc_column-inner\"><div class=\"wpb_wrapper\">[vc_raw_html css=&#8220;.vc_custom_1577776368507{margin-top: 3.35em !important;}&#8220; el_class=&#8220;download-content&#8220;]PGRpdj4gICAgDQogICAgPHA+PHNwYW4gc3R5bGU9ImxpbmUtaGVpZ2h0OiAyLjFlbTsgcGFkZGluZy1sZWZ0OiAwcHg7IGNvbG9yOiAjMWU0ZTlkOyI+Q29tcGxldGUgaXNzdWU8L3NwYW4+PGJyPiBbZG93bmxvYWQgaWQ9IjE0NSJdIGRvd25sb2Fkcyk8L3NwYW4+PC9wPg0KPC9kaXY+[\/vc_raw_html]<\/div><\/div><\/div><\/div><\/div><\/section><section class=\"l-section wpb_row us_custom_5c07cc07 height_auto\"><div class=\"l-section-h i-cf\"><div class=\"g-cols vc_row via_flex valign_top type_default stacking_default\"><div class=\"vc_col-sm-12 wpb_column vc_column_container\"><div class=\"vc_column-inner\"><div class=\"wpb_wrapper\"><div class=\"w-separator us_custom_fd420121 has_text_color size_medium with_line width_default thick_1 style_dashed color_border align_center\"><div class=\"w-separator-h\"><\/div><\/div><\/div><\/div><\/div><\/div><\/div><\/section><section class=\"l-section wpb_row us_custom_85c8db04 height_auto\"><div class=\"l-section-h i-cf\"><div class=\"g-cols vc_row via_flex valign_top type_default stacking_default\"><div class=\"vc_col-sm-12 wpb_column vc_column_container\"><div class=\"vc_column-inner\"><div class=\"wpb_wrapper\"><div class=\"wpb_text_column\"><div class=\"wpb_wrapper\"><h2>SCIENTIFIC ARTICLES<\/h2>\n<div class=\"w-grid us_custom_2b991ef7 type_grid layout_146\" id=\"us_grid_1\" data-filterable=\"true\"><style>#us_grid_1 .w-grid-item:not(:last-child){margin-bottom:2.5rem}#us_grid_1 .g-loadmore{margin-top:2.5rem}.layout_146 .w-grid-item-h{}.layout_146 .usg_post_title_1{font-family:var(--font-body)!important;font-size:21px!important}.layout_146 .usg_post_date_1{font-family:var(--font-body)!important;font-size:0.9rem!important}.layout_146 .usg_post_content_1{margin-top:0.5rem!important;font-family:var(--font-body)!important}@media (max-width:600px){.layout_146 .usg_post_title_1{font-size:18px!important}}<\/style><div class=\"w-grid-list\">\t<article class=\"w-grid-item size_1x1 post-1703 post type-post status-publish format-standard hentry category-2-2015-vedecke-clanky tag-autor-pavol-tisliar tag-demograficka-tranzicia tag-plodnost tag-slovensko\" data-id=\"1703\">\r\n\t\t<div class=\"w-grid-item-h\">\r\n\t\t\t\t\t\t<h2 class=\"w-post-elm post_title usg_post_title_1 entry-title color_link_inherit\"><a href=\"https:\/\/ssad.statistics.sk\/SSaD\/index.php\/transformacia-plodnosti-na-slovensku-v-19-a-20-storoci-teoreticke-a-metodologicke-vychodiska-z-pohladu-historickej-demografie\/\">Transform\u00e1cia plodnosti na Slovensku v 19. a 20. storo\u010d\u00ed. Teoretick\u00e9 a metodologick\u00e9 v\u00fdchodisk\u00e1 z poh\u013eadu historickej demografie<\/a><\/h2><time class=\"w-post-elm post_date usg_post_date_1 entry-date published\" datetime=\"2015-04-15T11:40:46+02:00\"><i class=\"far fa-clock\"><\/i>15. apr\u00edla 2015<\/time><div class=\"w-post-elm post_content usg_post_content_1\"><p>Pavol Ti\u0161liar, Filozofick\u00e1 fakulta, Univerzita Komensk\u00e9ho v Bratislave, Slovensk\u00e1 republika<\/p>\n<p> <a href=\"https:\/\/ssad.statistics.sk\/SSaD\/index.php\/transformacia-plodnosti-na-slovensku-v-19-a-20-storoci-teoreticke-a-metodologicke-vychodiska-z-pohladu-historickej-demografie\/#more-1703\" class=\"more-link\"><span aria-label=\"\u010c\u00edta\u0165 \u010falej Transform\u00e1cia plodnosti na Slovensku v 19. a 20. storo\u010d\u00ed. Teoretick\u00e9 a metodologick\u00e9 v\u00fdchodisk\u00e1 z poh\u013eadu historickej demografie\">(viac&hellip;)<\/span><\/a><\/p>\n<\/div>\t\t<\/div>\r\n\t<\/article>\r\n\t<article class=\"w-grid-item size_1x1 post-1707 post type-post status-publish format-standard hentry category-2-2015-vedecke-clanky tag-autor-branislav-sprocha tag-generacia tag-odkladanie-a-rekuperacia-1-a-2-dietata tag-plodnost tag-slovensko\" data-id=\"1707\">\r\n\t\t<div class=\"w-grid-item-h\">\r\n\t\t\t\t\t\t<h2 class=\"w-post-elm post_title usg_post_title_1 entry-title color_link_inherit\"><a href=\"https:\/\/ssad.statistics.sk\/SSaD\/index.php\/transformacia-generacnej-plodnosti-na-slovensku-odkladanie-a-rekuperacia-porodov-v-generacnej-perspektive\/\">Transform\u00e1cia genera\u010dnej plodnosti na Slovensku. Odkladanie a rekuper\u00e1cia p\u00f4rodov v genera\u010dnej perspekt\u00edve<\/a><\/h2><time class=\"w-post-elm post_date usg_post_date_1 entry-date published\" datetime=\"2015-04-15T11:39:13+02:00\"><i class=\"far fa-clock\"><\/i>15. apr\u00edla 2015<\/time><div class=\"w-post-elm post_content usg_post_content_1\"><p>Branislav \u0160procha, INFOSTAT \u2013 V\u00fdskumn\u00e9 demografick\u00e9 centrum, Pr\u00edrodovedeck\u00e1 fakulta, Univerzita Komensk\u00e9ho v Bratislave, Slovensk\u00e1 republika<\/p>\n<p> <a href=\"https:\/\/ssad.statistics.sk\/SSaD\/index.php\/transformacia-generacnej-plodnosti-na-slovensku-odkladanie-a-rekuperacia-porodov-v-generacnej-perspektive\/#more-1707\" class=\"more-link\"><span aria-label=\"\u010c\u00edta\u0165 \u010falej Transform\u00e1cia genera\u010dnej plodnosti na Slovensku. Odkladanie a rekuper\u00e1cia p\u00f4rodov v genera\u010dnej perspekt\u00edve\">(viac&hellip;)<\/span><\/a><\/p>\n<\/div>\t\t<\/div>\r\n\t<\/article>\r\n\t<article class=\"w-grid-item size_1x1 post-1710 post type-post status-publish format-standard hentry category-2-2015-vedecke-clanky tag-autor-viera-pacakova tag-autor-vladimir-bures tag-graduacia tag-hruba-mira-umrtnosti tag-metody-graduace tag-modely-umrtnosti\" data-id=\"1710\">\r\n\t\t<div class=\"w-grid-item-h\">\r\n\t\t\t\t\t\t<h2 class=\"w-post-elm post_title usg_post_title_1 entry-title color_link_inherit\"><a href=\"https:\/\/ssad.statistics.sk\/SSaD\/index.php\/modely-umrtnosti-v-pojistne-praxi\/\">Modely \u00famrtnosti v pojistn\u00e9 praxi<\/a><\/h2><time class=\"w-post-elm post_date usg_post_date_1 entry-date published\" datetime=\"2015-04-15T11:38:15+02:00\"><i class=\"far fa-clock\"><\/i>15. apr\u00edla 2015<\/time><div class=\"w-post-elm post_content usg_post_content_1\"><p>Viera Pac\u00e1kov\u00e1, Vladim\u00edr Bure\u0161, Fakulta ekonomicko-spr\u00e1vn\u00ed, Univerzita Pardubice, \u010cesk\u00e1 republika<\/p>\n<p> <a href=\"https:\/\/ssad.statistics.sk\/SSaD\/index.php\/modely-umrtnosti-v-pojistne-praxi\/#more-1710\" class=\"more-link\"><span aria-label=\"\u010c\u00edta\u0165 \u010falej Modely \u00famrtnosti v pojistn\u00e9 praxi\">(viac&hellip;)<\/span><\/a><\/p>\n<\/div>\t\t<\/div>\r\n\t<\/article>\r\n\t<article class=\"w-grid-item size_1x1 post-1713 post type-post status-publish format-standard hentry category-2-2015-vedecke-clanky tag-autor-pavol-durcek tag-bilancia-pohybu-obyvatelstva tag-digitalizacia tag-porovnatelnost-dat tag-uroven-obci\" data-id=\"1713\">\r\n\t\t<div class=\"w-grid-item-h\">\r\n\t\t\t\t\t\t<h2 class=\"w-post-elm post_title usg_post_title_1 entry-title color_link_inherit\"><a href=\"https:\/\/ssad.statistics.sk\/SSaD\/index.php\/bilancia-pohybu-obyvatelstva-podla-obci-v-roku-1971-uprava-na-uroven-existujucich-obci-v-roku-2013\/\">Bilancia pohybu obyvate\u013estva pod\u013ea obc\u00ed v roku 1971 \u2013 \u00faprava na \u00farove\u0148 existuj\u00facich obc\u00ed v roku 2013<\/a><\/h2><time class=\"w-post-elm post_date usg_post_date_1 entry-date published\" datetime=\"2015-04-15T11:37:22+02:00\"><i class=\"far fa-clock\"><\/i>15. apr\u00edla 2015<\/time><div class=\"w-post-elm post_content usg_post_content_1\"><p>Pavol \u010eur\u010dek, Pr\u00edrodovedeck\u00e1 fakulta, Univerzita Komensk\u00e9ho v Bratislave, Slovensk\u00e1 republika<\/p>\n<p> <a href=\"https:\/\/ssad.statistics.sk\/SSaD\/index.php\/bilancia-pohybu-obyvatelstva-podla-obci-v-roku-1971-uprava-na-uroven-existujucich-obci-v-roku-2013\/#more-1713\" class=\"more-link\"><span aria-label=\"\u010c\u00edta\u0165 \u010falej Bilancia pohybu obyvate\u013estva pod\u013ea obc\u00ed v roku 1971 \u2013 \u00faprava na \u00farove\u0148 existuj\u00facich obc\u00ed v roku 2013\">(viac&hellip;)<\/span><\/a><\/p>\n<\/div>\t\t<\/div>\r\n\t<\/article>\r\n<\/div><div class=\"w-grid-preloader\"><div class=\"g-preloader type_1\">\r\n\t<div><\/div>\r\n<\/div>\r\n<\/div>\t<div class=\"w-grid-json hidden\" onclick='return {&quot;action&quot;:&quot;us_ajax_grid&quot;,&quot;ajax_url&quot;:&quot;https:\\\/\\\/ssad.statistics.sk\\\/SSaD\\\/wp-admin\\\/admin-ajax.php&quot;,&quot;infinite_scroll&quot;:0,&quot;max_num_pages&quot;:1,&quot;pagination&quot;:&quot;none&quot;,&quot;permalink_url&quot;:&quot;https:\\\/\\\/ssad.statistics.sk\\\/SSaD\\\/wp-json\\\/wp\\\/v2\\\/pages\\\/1668&quot;,&quot;template_vars&quot;:{&quot;columns&quot;:&quot;1&quot;,&quot;exclude_items&quot;:&quot;none&quot;,&quot;img_size&quot;:&quot;default&quot;,&quot;ignore_items_size&quot;:0,&quot;items_layout&quot;:&quot;146&quot;,&quot;items_offset&quot;:&quot;1&quot;,&quot;load_animation&quot;:&quot;none&quot;,&quot;overriding_link&quot;:&quot;none&quot;,&quot;post_id&quot;:1668,&quot;query_args&quot;:{&quot;post_type&quot;:[&quot;post&quot;],&quot;tax_query&quot;:[{&quot;taxonomy&quot;:&quot;category&quot;,&quot;field&quot;:&quot;slug&quot;,&quot;terms&quot;:[&quot;2-2015-scientific-articles&quot;]}],&quot;post_status&quot;:[&quot;publish&quot;],&quot;posts_per_page&quot;:&quot;20&quot;},&quot;orderby_query_args&quot;:{&quot;orderby&quot;:{&quot;date&quot;:&quot;DESC&quot;}},&quot;type&quot;:&quot;grid&quot;,&quot;us_grid_ajax_index&quot;:1,&quot;us_grid_filter_params&quot;:null,&quot;us_grid_index&quot;:1,&quot;_us_grid_post_type&quot;:&quot;post&quot;}}'><\/div>\r\n\t<\/div>\n<\/div><\/div><\/div><\/div><\/div><\/div><\/div><\/section><section class=\"l-section wpb_row us_custom_c4a4bb17 content-information height_auto\"><div class=\"l-section-h i-cf\"><div class=\"g-cols vc_row via_flex valign_top type_default stacking_default\"><div class=\"vc_col-sm-12 wpb_column vc_column_container\"><div class=\"vc_column-inner\"><div class=\"wpb_wrapper\"><div class=\"wpb_text_column\"><div class=\"wpb_wrapper\"><h2>INFORMATIVE ARTICLES, OPINIONS, REVIEWS, INTERVIEWS, INFORMATION<\/h2>\n<div class=\"w-grid us_custom_2b991ef7 type_grid layout_146\" id=\"us_grid_2\"><style>#us_grid_2 .w-grid-item:not(:last-child){margin-bottom:2.5rem}#us_grid_2 .g-loadmore{margin-top:2.5rem}<\/style><div class=\"w-grid-list\">\t<article class=\"w-grid-item size_1x1 post-1716 post type-post status-publish format-standard hentry category-2-2015-informativne-clanky-nazory-recenzie-rozhovory-informacie tag-autor-ludmila-ivancikova\" data-id=\"1716\">\r\n\t\t<div class=\"w-grid-item-h\">\r\n\t\t\t\t\t\t<h2 class=\"w-post-elm post_title usg_post_title_1 entry-title color_link_inherit\"><a href=\"https:\/\/ssad.statistics.sk\/SSaD\/index.php\/statisticky-urad-sr-zacal-koncepcnu-pripravu-scitania-2021\/\">\u0160tatistick\u00fd \u00farad SR za\u010dal koncep\u010dn\u00fa pr\u00edpravu s\u010d\u00edtania 2021<\/a><\/h2><time class=\"w-post-elm post_date usg_post_date_1 entry-date published\" datetime=\"2015-04-15T11:36:15+02:00\"><i class=\"far fa-clock\"><\/i>15. apr\u00edla 2015<\/time><div class=\"w-post-elm post_content usg_post_content_1\"><p>\u013dudmila Ivan\u010d\u00edkov\u00e1, \u0160tatistick\u00fd \u00farad Slovenskej republiky, Slovensk\u00e1 republika<\/p>\n<p> <a href=\"https:\/\/ssad.statistics.sk\/SSaD\/index.php\/statisticky-urad-sr-zacal-koncepcnu-pripravu-scitania-2021\/#more-1716\" class=\"more-link\"><span aria-label=\"\u010c\u00edta\u0165 \u010falej \u0160tatistick\u00fd \u00farad SR za\u010dal koncep\u010dn\u00fa pr\u00edpravu s\u010d\u00edtania 2021\">(viac&hellip;)<\/span><\/a><\/p>\n<\/div>\t\t<\/div>\r\n\t<\/article>\r\n\t<article class=\"w-grid-item size_1x1 post-1719 post type-post status-publish format-standard hentry category-2-2015-informativne-clanky-nazory-recenzie-rozhovory-informacie tag-autor-iveta-stankovicova tag-autor-zuzana-stukovska\" data-id=\"1719\">\r\n\t\t<div class=\"w-grid-item-h\">\r\n\t\t\t\t\t\t<h2 class=\"w-post-elm post_title usg_post_title_1 entry-title color_link_inherit\"><a href=\"https:\/\/ssad.statistics.sk\/SSaD\/index.php\/len-platit-clenske-nestaci-potrebujeme-aktivnych-clenov\/\">Len plati\u0165 \u010dlensk\u00e9 nesta\u010d\u00ed, potrebujeme akt\u00edvnych \u010dlenov<\/a><\/h2><time class=\"w-post-elm post_date usg_post_date_1 entry-date published\" datetime=\"2015-04-15T11:35:57+02:00\"><i class=\"far fa-clock\"><\/i>15. apr\u00edla 2015<\/time><div class=\"w-post-elm post_content usg_post_content_1\"><p>Iveta Stankovi\u010dov\u00e1, Fakulta managementu, Univerzita Komensk\u00e9ho v Bratislave, Slovensk\u00e1 republika<br \/>\nZuzana \u0160tukovsk\u00e1, \u0160tatistick\u00fd \u00farad Slovenskej republiky, Slovensk\u00e1 republika<\/p>\n<p> <a href=\"https:\/\/ssad.statistics.sk\/SSaD\/index.php\/len-platit-clenske-nestaci-potrebujeme-aktivnych-clenov\/#more-1719\" class=\"more-link\"><span aria-label=\"\u010c\u00edta\u0165 \u010falej Len plati\u0165 \u010dlensk\u00e9 nesta\u010d\u00ed, potrebujeme akt\u00edvnych \u010dlenov\">(viac&hellip;)<\/span><\/a><\/p>\n<\/div>\t\t<\/div>\r\n\t<\/article>\r\n\t<article class=\"w-grid-item size_1x1 post-1722 post type-post status-publish format-standard hentry category-2-2015-informativne-clanky-nazory-recenzie-rozhovory-informacie tag-autor-branislav-bleha\" data-id=\"1722\">\r\n\t\t<div class=\"w-grid-item-h\">\r\n\t\t\t\t\t\t<h2 class=\"w-post-elm post_title usg_post_title_1 entry-title color_link_inherit\"><a href=\"https:\/\/ssad.statistics.sk\/SSaD\/index.php\/statistika-verzus-hodnotenie-univerzit-mozeme-verit-globalnym-rebrickom\/\">\u0160tatistika verzus hodnotenie univerz\u00edt. M\u00f4\u017eeme veri\u0165 glob\u00e1lnym rebr\u00ed\u010dkom?<\/a><\/h2><time class=\"w-post-elm post_date usg_post_date_1 entry-date published\" datetime=\"2015-04-15T11:34:07+02:00\"><i class=\"far fa-clock\"><\/i>15. apr\u00edla 2015<\/time><div class=\"w-post-elm post_content usg_post_content_1\"><p>Branislav Bleha, Pr\u00edrodovedeck\u00e1 fakulta, Univerzita Komensk\u00e9ho v Bratislave, Slovensk\u00e1 republika<\/p>\n<p> <a href=\"https:\/\/ssad.statistics.sk\/SSaD\/index.php\/statistika-verzus-hodnotenie-univerzit-mozeme-verit-globalnym-rebrickom\/#more-1722\" class=\"more-link\"><span aria-label=\"\u010c\u00edta\u0165 \u010falej \u0160tatistika verzus hodnotenie univerz\u00edt. M\u00f4\u017eeme veri\u0165 glob\u00e1lnym rebr\u00ed\u010dkom?\">(viac&hellip;)<\/span><\/a><\/p>\n<\/div>\t\t<\/div>\r\n\t<\/article>\r\n\t<article class=\"w-grid-item size_1x1 post-1725 post type-post status-publish format-standard hentry category-2-2015-informativne-clanky-nazory-recenzie-rozhovory-informacie tag-autor-boris-vano\" data-id=\"1725\">\r\n\t\t<div class=\"w-grid-item-h\">\r\n\t\t\t\t\t\t<h2 class=\"w-post-elm post_title usg_post_title_1 entry-title color_link_inherit\"><a href=\"https:\/\/ssad.statistics.sk\/SSaD\/index.php\/skoncil-sa-projekt-seemig\/\">Skon\u010dil sa projekt SEEMIG<\/a><\/h2><time class=\"w-post-elm post_date usg_post_date_1 entry-date published\" datetime=\"2015-04-15T11:33:51+02:00\"><i class=\"far fa-clock\"><\/i>15. apr\u00edla 2015<\/time><div class=\"w-post-elm post_content usg_post_content_1\"><p>Boris Va\u0148o, INFOSTAT \u2013 V\u00fdskumn\u00e9 demografick\u00e9 centrum, Slovensk\u00e1 republika<\/p>\n<p> <a href=\"https:\/\/ssad.statistics.sk\/SSaD\/index.php\/skoncil-sa-projekt-seemig\/#more-1725\" class=\"more-link\"><span aria-label=\"\u010c\u00edta\u0165 \u010falej Skon\u010dil sa projekt SEEMIG\">(viac&hellip;)<\/span><\/a><\/p>\n<\/div>\t\t<\/div>\r\n\t<\/article>\r\n\t<article class=\"w-grid-item size_1x1 post-1728 post type-post status-publish format-standard hentry category-2-2015-informativne-clanky-nazory-recenzie-rozhovory-informacie tag-autor-terezia-sprochova\" data-id=\"1728\">\r\n\t\t<div class=\"w-grid-item-h\">\r\n\t\t\t\t\t\t<h2 class=\"w-post-elm post_title usg_post_title_1 entry-title color_link_inherit\"><a href=\"https:\/\/ssad.statistics.sk\/SSaD\/index.php\/pavol-tisliar-ed-populacne-studie-slovenska-i-pavol-tisliar-slavomir-ceplo-eds-populacne-studie-slovenska-ii\/\">Pavol Ti\u0161liar (ed.) Popula\u010dn\u00e9 \u0161t\u00fadie Slovenska I., Pavol Ti\u0161liar \u2013 Slavom\u00edr \u010cepl\u00f3 (eds.) Popula\u010dn\u00e9 \u0161t\u00fadie Slovenska II.<\/a><\/h2><time class=\"w-post-elm post_date usg_post_date_1 entry-date published\" datetime=\"2015-04-15T11:32:51+02:00\"><i class=\"far fa-clock\"><\/i>15. apr\u00edla 2015<\/time><div class=\"w-post-elm post_content usg_post_content_1\"><p>Ter\u00e9zia \u0160prochov\u00e1, Filozofick\u00e1 fakulta, Univerzita Komensk\u00e9ho v Bratislave, Slovensk\u00e1 republika<\/p>\n<p> <a href=\"https:\/\/ssad.statistics.sk\/SSaD\/index.php\/pavol-tisliar-ed-populacne-studie-slovenska-i-pavol-tisliar-slavomir-ceplo-eds-populacne-studie-slovenska-ii\/#more-1728\" class=\"more-link\"><span aria-label=\"\u010c\u00edta\u0165 \u010falej Pavol Ti\u0161liar (ed.) Popula\u010dn\u00e9 \u0161t\u00fadie Slovenska I., Pavol Ti\u0161liar \u2013 Slavom\u00edr \u010cepl\u00f3 (eds.) Popula\u010dn\u00e9 \u0161t\u00fadie Slovenska II.\">(viac&hellip;)<\/span><\/a><\/p>\n<\/div>\t\t<\/div>\r\n\t<\/article>\r\n<\/div><div class=\"w-grid-preloader\"><div class=\"g-preloader type_1\">\r\n\t<div><\/div>\r\n<\/div>\r\n<\/div>\t<div class=\"w-grid-json hidden\" onclick='return {&quot;action&quot;:&quot;us_ajax_grid&quot;,&quot;ajax_url&quot;:&quot;https:\\\/\\\/ssad.statistics.sk\\\/SSaD\\\/wp-admin\\\/admin-ajax.php&quot;,&quot;infinite_scroll&quot;:0,&quot;max_num_pages&quot;:1,&quot;pagination&quot;:&quot;none&quot;,&quot;permalink_url&quot;:&quot;https:\\\/\\\/ssad.statistics.sk\\\/SSaD\\\/wp-json\\\/wp\\\/v2\\\/pages\\\/1668&quot;,&quot;template_vars&quot;:{&quot;columns&quot;:&quot;1&quot;,&quot;exclude_items&quot;:&quot;none&quot;,&quot;img_size&quot;:&quot;default&quot;,&quot;ignore_items_size&quot;:0,&quot;items_layout&quot;:&quot;146&quot;,&quot;items_offset&quot;:&quot;1&quot;,&quot;load_animation&quot;:&quot;none&quot;,&quot;overriding_link&quot;:&quot;none&quot;,&quot;post_id&quot;:1713,&quot;query_args&quot;:{&quot;post_type&quot;:[&quot;post&quot;],&quot;tax_query&quot;:[{&quot;taxonomy&quot;:&quot;category&quot;,&quot;field&quot;:&quot;slug&quot;,&quot;terms&quot;:[&quot;2-2015-informative-articles-opinions-reviews-interviews-information&quot;]}],&quot;post_status&quot;:[&quot;publish&quot;],&quot;posts_per_page&quot;:&quot;20&quot;},&quot;orderby_query_args&quot;:{&quot;orderby&quot;:{&quot;date&quot;:&quot;DESC&quot;}},&quot;type&quot;:&quot;grid&quot;,&quot;us_grid_ajax_index&quot;:1,&quot;us_grid_filter_params&quot;:null,&quot;us_grid_index&quot;:2,&quot;_us_grid_post_type&quot;:&quot;post&quot;}}'><\/div>\r\n\t<\/div>\n<h2><\/h2>\n<h2><\/h2>\n<h2>COMING SOON<\/h2>\n<p>Special issue No 3 (2015) of the <em>Slovak Statistics and Demography <\/em>devoted to <strong><em>population ageing in Slovakia <\/em><\/strong>that will include, inter alia, the following:<\/p>\n<p><strong><em>scientific articles<\/em><\/strong><\/p>\n<ul>\n<li>on the social consequences of population ageing,<\/li>\n<li>on the impact of population ageing on the economy of the SR,<\/li>\n<li>on families in the ageing society,<\/li>\n<\/ul>\n<p><strong><em>interview<\/em><\/strong><\/p>\n<ul>\n<li>on the health of the population and entitlement to health care in an ageing society,<\/li>\n<\/ul>\n<p><strong><em>information<\/em><\/strong><\/p>\n<ul>\n<li>on the development of indicator<\/li>\n<\/ul>\n<\/div><\/div><\/div><\/div><\/div><\/div><\/div><\/section>\n","protected":false},"excerpt":{"rendered":"Ter\u00e9zia \u0160prochov\u00e1, Filozofick\u00e1 fakulta, Univerzita Komensk\u00e9ho v Bratislave, Slovensk\u00e1 republika Typ \u010dl\u00e1nku: recenzia Strany: 73 - 76 \u010cl\u00e1nok na stiahnutie PDF (716,3 KB, 423 stiahnut\u00ed)","protected":false},"author":4,"featured_media":0,"parent":0,"menu_order":0,"comment_status":"closed","ping_status":"closed","template":"","meta":{"_exactmetrics_skip_tracking":false,"_exactmetrics_sitenote_active":false,"_exactmetrics_sitenote_note":"","_exactmetrics_sitenote_category":0,"footnotes":""},"class_list":["post-1668","page","type-page","status-publish","hentry"],"_links":{"self":[{"href":"https:\/\/ssad.statistics.sk\/SSaD\/index.php\/wp-json\/wp\/v2\/pages\/1668","targetHints":{"allow":["GET"]}}],"collection":[{"href":"https:\/\/ssad.statistics.sk\/SSaD\/index.php\/wp-json\/wp\/v2\/pages"}],"about":[{"href":"https:\/\/ssad.statistics.sk\/SSaD\/index.php\/wp-json\/wp\/v2\/types\/page"}],"author":[{"embeddable":true,"href":"https:\/\/ssad.statistics.sk\/SSaD\/index.php\/wp-json\/wp\/v2\/users\/4"}],"replies":[{"embeddable":true,"href":"https:\/\/ssad.statistics.sk\/SSaD\/index.php\/wp-json\/wp\/v2\/comments?post=1668"}],"version-history":[{"count":7,"href":"https:\/\/ssad.statistics.sk\/SSaD\/index.php\/wp-json\/wp\/v2\/pages\/1668\/revisions"}],"predecessor-version":[{"id":4178,"href":"https:\/\/ssad.statistics.sk\/SSaD\/index.php\/wp-json\/wp\/v2\/pages\/1668\/revisions\/4178"}],"wp:attachment":[{"href":"https:\/\/ssad.statistics.sk\/SSaD\/index.php\/wp-json\/wp\/v2\/media?parent=1668"}],"curies":[{"name":"wp","href":"https:\/\/api.w.org\/{rel}","templated":true}]}}