{"id":1664,"date":"2015-10-15T07:51:29","date_gmt":"2015-10-15T05:51:29","guid":{"rendered":"https:\/\/ssad.statistics.sk\/SSaD\/?page_id=1664"},"modified":"2024-10-15T12:39:18","modified_gmt":"2024-10-15T10:39:18","slug":"slovenska-statistika-a-demografia-4-2015","status":"publish","type":"page","link":"https:\/\/ssad.statistics.sk\/SSaD\/index.php\/slovenska-statistika-a-demografia-4-2015\/","title":{"rendered":"Slovensk\u00e1 \u0161tatistika a demografia 4\/2015"},"content":{"rendered":"<section class=\"l-section wpb_row padding-top-journal height_auto\"><div class=\"l-section-h i-cf\"><div class=\"g-cols vc_row via_flex valign_top type_default stacking_default\"><div class=\"vc_col-sm-12 wpb_column vc_column_container\"><div class=\"vc_column-inner\"><div class=\"wpb_wrapper\"><div class=\"wpb_text_column\"><div class=\"wpb_wrapper\"><h1>Slovensk\u00e1 \u0161tatistika a demografia 4\/2015<\/h1>\n<\/div><\/div><\/div><\/div><\/div><\/div><\/div><\/section><section class=\"l-section wpb_row us_custom_18c73a72 height_auto\"><div class=\"l-section-h i-cf\"><div class=\"g-cols vc_row via_flex valign_top type_default stacking_default\"><div class=\"vc_col-sm-2 wpb_column vc_column_container\"><div class=\"vc_column-inner\"><div class=\"wpb_wrapper\"><div class=\"w-image style_outlined align_none\"><div class=\"w-image-h\"><img loading=\"lazy\" decoding=\"async\" width=\"142\" height=\"190\" src=\"https:\/\/ssad.statistics.sk\/SSaD\/wp-content\/uploads\/2020\/01\/casopis2015_142x190.png\" class=\"attachment-full size-full\" alt=\"\" \/><\/div><\/div><\/div><\/div><\/div><div class=\"vc_col-sm-6 wpb_column vc_column_container\"><div class=\"vc_column-inner\"><div class=\"wpb_wrapper\">[vc_raw_html]JTNDZGl2JTIwY2xhc3MlM0QlMjJkZXRhaWwlMjIlM0UlMjAlMEElMjAlMjAlMjAlMjAlM0NwJTNFUG8lQzQlOERldCUyMHN0ciVDMyVBMW4lM0ElMjAxMTQlM0MlMkZwJTNFJTBBJTIwJTIwJTIwJTIwJTNDcCUzRVBlcmlvZGljaXRhJTNBJTIwNC1rciVDMyVBMXQlMjBybyVDNCU4RG5lJTNDJTJGcCUzRSUyMCUyMCUyMCUwQSUyMCUyMCUyMCUyMCUzQ3AlM0VJU1NOJTNBJTIwMTMzOS02ODU0JTIwJTI4b25saW5lJTI5JTNDJTJGcCUzRSUwQSUyMCUyMCUyMCUyMCUzQ3AlM0UlM0NzcGFuJTIwc3R5bGUlM0QlMjJwYWRkaW5nLWxlZnQlM0ElMjA0N3B4JTNCJTIyJTNFMTIxMC0xMDk1JTIwJTI4dGxhJUM0JThEZW4lQzMlQTklMjB2eWRhbmllJTI5JTNDJTJGc3BhbiUzRSUzQyUyRnAlM0UlMEElM0MlMkZkaXYlM0U=[\/vc_raw_html]<\/div><\/div><\/div><div class=\"vc_col-sm-4 wpb_column vc_column_container\"><div class=\"vc_column-inner\"><div class=\"wpb_wrapper\">[vc_raw_html css=&#8220;.vc_custom_1577777103314{margin-top: 3.35em !important;}&#8220; el_class=&#8220;download-content&#8220;]JTNDZGl2JTNFJTIwJTIwJTIwJTIwJTBBJTIwJTIwJTIwJTIwJTNDcCUzRSUzQ3NwYW4lMjBzdHlsZSUzRCUyMmxpbmUtaGVpZ2h0JTNBJTIwMi4xZW0lM0IlMjBwYWRkaW5nLWxlZnQlM0ElMjAwcHglM0IlMjBjb2xvciUzQSUyMCUyMzFlNGU5ZCUzQiUyMiUzRUtvbXBsZXRuJUMzJUE5JTIwJUM0JThEJUMzJUFEc2xvJTNDJTJGc3BhbiUzRSUzQ2JyJTNFJTIwJTVCZG93bmxvYWQlMjBpZCUzRCUyMjE3MyUyMiU1RCUyMHN0aWFobnV0JUMzJUFEJTI5JTNDJTJGc3BhbiUzRSUzQyUyRnAlM0UlMEElM0MlMkZkaXYlM0U=[\/vc_raw_html]<\/div><\/div><\/div><\/div><\/div><\/section><section class=\"l-section wpb_row us_custom_5c07cc07 height_auto\"><div class=\"l-section-h i-cf\"><div class=\"g-cols vc_row via_flex valign_top type_default stacking_default\"><div class=\"vc_col-sm-12 wpb_column vc_column_container\"><div class=\"vc_column-inner\"><div class=\"wpb_wrapper\"><div class=\"w-separator us_custom_fd420121 has_text_color size_medium with_line width_default thick_1 style_dashed color_border align_center\"><div class=\"w-separator-h\"><\/div><\/div><\/div><\/div><\/div><\/div><\/div><\/section><section class=\"l-section wpb_row us_custom_85c8db04 height_auto\"><div class=\"l-section-h i-cf\"><div class=\"g-cols vc_row via_flex valign_top type_default stacking_default\"><div class=\"vc_col-sm-12 wpb_column vc_column_container\"><div class=\"vc_column-inner\"><div class=\"wpb_wrapper\"><div class=\"wpb_text_column\"><div class=\"wpb_wrapper\"><h2>VEDECK\u00c9 \u010cL\u00c1NKY<\/h2>\n<div class=\"w-grid us_custom_2b991ef7 type_grid layout_146\" id=\"us_grid_1\" data-filterable=\"true\"><style>#us_grid_1 .w-grid-item:not(:last-child){margin-bottom:2.5rem}#us_grid_1 .g-loadmore{margin-top:2.5rem}.layout_146 .w-grid-item-h{}.layout_146 .usg_post_title_1{font-family:var(--font-body)!important;font-size:21px!important}.layout_146 .usg_post_date_1{font-family:var(--font-body)!important;font-size:0.9rem!important}.layout_146 .usg_post_content_1{margin-top:0.5rem!important;font-family:var(--font-body)!important}@media (max-width:600px){.layout_146 .usg_post_title_1{font-size:18px!important}}<\/style><div class=\"w-grid-list\">\t<article class=\"w-grid-item size_1x1 post-1781 post type-post status-publish format-standard hentry category-4-2015-vedecke-clanky tag-autor-pavol-latta tag-autor-stefan-rychtarik tag-dostupnost-byvania tag-rovnovazna-cena-byvania\" data-id=\"1781\">\r\n\t\t<div class=\"w-grid-item-h\">\r\n\t\t\t\t\t\t<h2 class=\"w-post-elm post_title usg_post_title_1 entry-title color_link_inherit\"><a href=\"https:\/\/ssad.statistics.sk\/SSaD\/index.php\/hladanie-rovnovaznych-cien-bytov-na-slovensku\/\">H\u013eadanie rovnov\u00e1\u017enych cien bytov na Slovensku<\/a><\/h2><time class=\"w-post-elm post_date usg_post_date_1 entry-date published\" datetime=\"2015-10-15T11:40:17+02:00\"><i class=\"far fa-clock\"><\/i>15. okt\u00f3bra 2015<\/time><div class=\"w-post-elm post_content usg_post_content_1\"><p>\u0160tefan Rycht\u00e1rik, N\u00e1rodn\u00e1 banka Slovenska, Slovensk\u00e1 republika<br \/>\nPavol Latta, N\u00e1rodn\u00e1 banka Slovenska, Fakulta matematiky, fyziky a informatiky, Univerzita Komensk\u00e9ho v Bratislave, Slovensk\u00e1 republika<\/p>\n<p> <a href=\"https:\/\/ssad.statistics.sk\/SSaD\/index.php\/hladanie-rovnovaznych-cien-bytov-na-slovensku\/#more-1781\" class=\"more-link\"><span aria-label=\"\u010c\u00edta\u0165 \u010falej H\u013eadanie rovnov\u00e1\u017enych cien bytov na Slovensku\">(viac&hellip;)<\/span><\/a><\/p>\n<\/div>\t\t<\/div>\r\n\t<\/article>\r\n\t<article class=\"w-grid-item size_1x1 post-1785 post type-post status-publish format-standard hentry category-4-2015-vedecke-clanky tag-autor-daniel-michniak tag-dochadzka-do-zamestania tag-priestorove-aspekty-dochadzky tag-saldo-dochadzky tag-scitanie-obyvatelov-domov-a-bytov tag-slovensko\" data-id=\"1785\">\r\n\t\t<div class=\"w-grid-item-h\">\r\n\t\t\t\t\t\t<h2 class=\"w-post-elm post_title usg_post_title_1 entry-title color_link_inherit\"><a href=\"https:\/\/ssad.statistics.sk\/SSaD\/index.php\/niekolko-poznamok-o-dochadzke-do-zamestnania-na-slovensku-na-zaklade-udajov-zo-scitani-obyvatelov-v-rokoch-2001-a-2011\/\">Nieko\u013eko pozn\u00e1mok o doch\u00e1dzke do zamestnania na Slovensku na z\u00e1klade \u00fadajov zo s\u010d\u00edtan\u00ed obyvate\u013eov v rokoch 2001 a 2011<\/a><\/h2><time class=\"w-post-elm post_date usg_post_date_1 entry-date published\" datetime=\"2015-10-15T11:39:23+02:00\"><i class=\"far fa-clock\"><\/i>15. okt\u00f3bra 2015<\/time><div class=\"w-post-elm post_content usg_post_content_1\"><p>Daniel Michniak, Geografick\u00fd \u00fastav Slovenskej akad\u00e9mie vied, Slovensk\u00e1 republika<\/p>\n<p> <a href=\"https:\/\/ssad.statistics.sk\/SSaD\/index.php\/niekolko-poznamok-o-dochadzke-do-zamestnania-na-slovensku-na-zaklade-udajov-zo-scitani-obyvatelov-v-rokoch-2001-a-2011\/#more-1785\" class=\"more-link\"><span aria-label=\"\u010c\u00edta\u0165 \u010falej Nieko\u013eko pozn\u00e1mok o doch\u00e1dzke do zamestnania na Slovensku na z\u00e1klade \u00fadajov zo s\u010d\u00edtan\u00ed obyvate\u013eov v rokoch 2001 a 2011\">(viac&hellip;)<\/span><\/a><\/p>\n<\/div>\t\t<\/div>\r\n\t<\/article>\r\n\t<article class=\"w-grid-item size_1x1 post-1788 post type-post status-publish format-standard hentry category-4-2015-vedecke-clanky tag-autor-gabriela-novakova tag-autor-marcela-kacerova tag-slovensko tag-stratene-roky-zivota tag-umrtnost tag-zdravie\" data-id=\"1788\">\r\n\t\t<div class=\"w-grid-item-h\">\r\n\t\t\t\t\t\t<h2 class=\"w-post-elm post_title usg_post_title_1 entry-title color_link_inherit\"><a href=\"https:\/\/ssad.statistics.sk\/SSaD\/index.php\/umrtnost-ako-jeden-z-ukazovatelov-zdravotneho-stavu-obyvatelstva-slovenska\/\">\u00damrtnos\u0165 ako jeden z ukazovate\u013eov zdravotn\u00e9ho stavu obyvate\u013estva Slovenska<\/a><\/h2><time class=\"w-post-elm post_date usg_post_date_1 entry-date published\" datetime=\"2015-10-15T11:38:08+02:00\"><i class=\"far fa-clock\"><\/i>15. okt\u00f3bra 2015<\/time><div class=\"w-post-elm post_content usg_post_content_1\"><p>Marcela K\u00e1\u010derov\u00e1, Gabriela Nov\u00e1kov\u00e1, Pr\u00edrodovedeck\u00e1 fakulta, Univerzita Komensk\u00e9ho v Bratislave, Slovensk\u00e1 republika<\/p>\n<p> <a href=\"https:\/\/ssad.statistics.sk\/SSaD\/index.php\/umrtnost-ako-jeden-z-ukazovatelov-zdravotneho-stavu-obyvatelstva-slovenska\/#more-1788\" class=\"more-link\"><span aria-label=\"\u010c\u00edta\u0165 \u010falej \u00damrtnos\u0165 ako jeden z ukazovate\u013eov zdravotn\u00e9ho stavu obyvate\u013estva Slovenska\">(viac&hellip;)<\/span><\/a><\/p>\n<\/div>\t\t<\/div>\r\n\t<\/article>\r\n\t<article class=\"w-grid-item size_1x1 post-1791 post type-post status-publish format-standard hentry category-4-2015-vedecke-clanky tag-autor-branislav-sprocha tag-autor-terezia-sprochova tag-plodnost tag-scitanie-ludu-1930 tag-slovensko\" data-id=\"1791\">\r\n\t\t<div class=\"w-grid-item-h\">\r\n\t\t\t\t\t\t<h2 class=\"w-post-elm post_title usg_post_title_1 entry-title color_link_inherit\"><a href=\"https:\/\/ssad.statistics.sk\/SSaD\/index.php\/plodnost-zien-na-slovensku-podla-vysledkov-scitania-ludu-1930\/\">Plodnos\u0165 \u017eien na Slovensku pod\u013ea v\u00fdsledkov s\u010d\u00edtania \u013eudu 1930<\/a><\/h2><time class=\"w-post-elm post_date usg_post_date_1 entry-date published\" datetime=\"2015-10-15T11:37:26+02:00\"><i class=\"far fa-clock\"><\/i>15. okt\u00f3bra 2015<\/time><div class=\"w-post-elm post_content usg_post_content_1\"><p>Branislav \u0160procha, INFOSTAT \u2013 V\u00fdskumn\u00e9 demografick\u00e9 centrum, Filozofick\u00e1 fakulta, Univerzita Komensk\u00e9ho v Bratislave, Slovensk\u00e1 republika<br \/>\nTer\u00e9zia \u0160prochov\u00e1, Filozofick\u00e1 fakulta, Univerzita Komensk\u00e9ho v Bratislave, Slovensk\u00e1 republika<\/p>\n<p> <a href=\"https:\/\/ssad.statistics.sk\/SSaD\/index.php\/plodnost-zien-na-slovensku-podla-vysledkov-scitania-ludu-1930\/#more-1791\" class=\"more-link\"><span aria-label=\"\u010c\u00edta\u0165 \u010falej Plodnos\u0165 \u017eien na Slovensku pod\u013ea v\u00fdsledkov s\u010d\u00edtania \u013eudu 1930\">(viac&hellip;)<\/span><\/a><\/p>\n<\/div>\t\t<\/div>\r\n\t<\/article>\r\n\t<article class=\"w-grid-item size_1x1 post-1794 post type-post status-publish format-standard hentry category-4-2015-vedecke-clanky tag-autor-vladimira-zelonkova tag-digitalna-gramotnost tag-elektronicke-zrucnosti tag-internet tag-kvalita-zivota tag-pocitacove-a-internetove-schopnosti tag-smartfon\" data-id=\"1794\">\r\n\t\t<div class=\"w-grid-item-h\">\r\n\t\t\t\t\t\t<h2 class=\"w-post-elm post_title usg_post_title_1 entry-title color_link_inherit\"><a href=\"https:\/\/ssad.statistics.sk\/SSaD\/index.php\/elektronicke-zrucnosti-a-vyuzivanie-informacno-komunikacnych-technologii-ikt-domacnostami-na-slovensku\/\">Elektronick\u00e9 zru\u010dnosti a vyu\u017e\u00edvanie informa\u010dno-komunika\u010dn\u00fdch technol\u00f3gi\u00ed (IKT) dom\u00e1cnos\u0165ami na Slovensku<\/a><\/h2><time class=\"w-post-elm post_date usg_post_date_1 entry-date published\" datetime=\"2015-10-15T11:36:24+02:00\"><i class=\"far fa-clock\"><\/i>15. okt\u00f3bra 2015<\/time><div class=\"w-post-elm post_content usg_post_content_1\"><p>Vladim\u00edra \u017delonkov\u00e1, \u0160tatistick\u00fd \u00farad Slovenskej republiky, Slovensk\u00e1 republika<\/p>\n<p> <a href=\"https:\/\/ssad.statistics.sk\/SSaD\/index.php\/elektronicke-zrucnosti-a-vyuzivanie-informacno-komunikacnych-technologii-ikt-domacnostami-na-slovensku\/#more-1794\" class=\"more-link\"><span aria-label=\"\u010c\u00edta\u0165 \u010falej Elektronick\u00e9 zru\u010dnosti a vyu\u017e\u00edvanie informa\u010dno-komunika\u010dn\u00fdch technol\u00f3gi\u00ed (IKT) dom\u00e1cnos\u0165ami na Slovensku\">(viac&hellip;)<\/span><\/a><\/p>\n<\/div>\t\t<\/div>\r\n\t<\/article>\r\n<\/div><div class=\"w-grid-preloader\"><div class=\"g-preloader type_1\">\r\n\t<div><\/div>\r\n<\/div>\r\n<\/div>\t<div class=\"w-grid-json hidden\" onclick='return {&quot;action&quot;:&quot;us_ajax_grid&quot;,&quot;ajax_url&quot;:&quot;https:\\\/\\\/ssad.statistics.sk\\\/SSaD\\\/wp-admin\\\/admin-ajax.php&quot;,&quot;infinite_scroll&quot;:0,&quot;max_num_pages&quot;:1,&quot;pagination&quot;:&quot;none&quot;,&quot;permalink_url&quot;:&quot;https:\\\/\\\/ssad.statistics.sk\\\/SSaD\\\/wp-json\\\/wp\\\/v2\\\/pages\\\/1664&quot;,&quot;template_vars&quot;:{&quot;columns&quot;:&quot;1&quot;,&quot;exclude_items&quot;:&quot;none&quot;,&quot;img_size&quot;:&quot;default&quot;,&quot;ignore_items_size&quot;:0,&quot;items_layout&quot;:&quot;146&quot;,&quot;items_offset&quot;:&quot;1&quot;,&quot;load_animation&quot;:&quot;none&quot;,&quot;overriding_link&quot;:&quot;none&quot;,&quot;post_id&quot;:1664,&quot;query_args&quot;:{&quot;post_type&quot;:[&quot;post&quot;],&quot;tax_query&quot;:[{&quot;taxonomy&quot;:&quot;category&quot;,&quot;field&quot;:&quot;slug&quot;,&quot;terms&quot;:[&quot;4-2015-vedecke-clanky&quot;]}],&quot;post_status&quot;:[&quot;publish&quot;],&quot;posts_per_page&quot;:&quot;20&quot;},&quot;orderby_query_args&quot;:{&quot;orderby&quot;:{&quot;date&quot;:&quot;DESC&quot;}},&quot;type&quot;:&quot;grid&quot;,&quot;us_grid_ajax_index&quot;:1,&quot;us_grid_filter_params&quot;:null,&quot;us_grid_index&quot;:1,&quot;_us_grid_post_type&quot;:&quot;post&quot;}}'><\/div>\r\n\t<\/div>\n<\/div><\/div><\/div><\/div><\/div><\/div><\/div><\/section><section class=\"l-section wpb_row us_custom_c4a4bb17 content-information height_auto\"><div class=\"l-section-h i-cf\"><div class=\"g-cols vc_row via_flex valign_top type_default stacking_default\"><div class=\"vc_col-sm-12 wpb_column vc_column_container\"><div class=\"vc_column-inner\"><div class=\"wpb_wrapper\"><div class=\"wpb_text_column\"><div class=\"wpb_wrapper\"><h2>INFORMAT\u00cdVNE \u010cL\u00c1NKY, N\u00c1ZORY, RECENZIE, ROZHOVORY, INFORM\u00c1CIE<\/h2>\n<div class=\"w-grid us_custom_2b991ef7 type_grid layout_146\" id=\"us_grid_2\"><style>#us_grid_2 .w-grid-item:not(:last-child){margin-bottom:2.5rem}#us_grid_2 .g-loadmore{margin-top:2.5rem}<\/style><div class=\"w-grid-list\">\t<article class=\"w-grid-item size_1x1 post-1797 post type-post status-publish format-standard hentry category-4-2015-informativne-clanky-nazory-recenzie-rozhovory-informacie tag-autor-stefan-toth tag-autor-zuzana-stukovska\" data-id=\"1797\">\r\n\t\t<div class=\"w-grid-item-h\">\r\n\t\t\t\t\t\t<h2 class=\"w-post-elm post_title usg_post_title_1 entry-title color_link_inherit\"><a href=\"https:\/\/ssad.statistics.sk\/SSaD\/index.php\/zakladne-udaje-o-podnikateloch-budu-online\/\">Z\u00e1kladn\u00e9 \u00fadaje o podnikate\u013eoch bud\u00fa online<\/a><\/h2><time class=\"w-post-elm post_date usg_post_date_1 entry-date published\" datetime=\"2015-10-15T11:35:38+02:00\"><i class=\"far fa-clock\"><\/i>15. okt\u00f3bra 2015<\/time><div class=\"w-post-elm post_content usg_post_content_1\"><p>\u0160tefan T\u00f3th, Zuzana \u0160tukovsk\u00e1, \u0160tatistick\u00fd \u00farad Slovenskej republiky, Slovensk\u00e1 republika<\/p>\n<p> <a href=\"https:\/\/ssad.statistics.sk\/SSaD\/index.php\/zakladne-udaje-o-podnikateloch-budu-online\/#more-1797\" class=\"more-link\"><span aria-label=\"\u010c\u00edta\u0165 \u010falej Z\u00e1kladn\u00e9 \u00fadaje o podnikate\u013eoch bud\u00fa online\">(viac&hellip;)<\/span><\/a><\/p>\n<\/div>\t\t<\/div>\r\n\t<\/article>\r\n\t<article class=\"w-grid-item size_1x1 post-1800 post type-post status-publish format-standard hentry category-4-2015-informativne-clanky-nazory-recenzie-rozhovory-informacie tag-autor-magdalena-holubova\" data-id=\"1800\">\r\n\t\t<div class=\"w-grid-item-h\">\r\n\t\t\t\t\t\t<h2 class=\"w-post-elm post_title usg_post_title_1 entry-title color_link_inherit\"><a href=\"https:\/\/ssad.statistics.sk\/SSaD\/index.php\/posilnenie-nezavislosti-europskej-statistiky\/\">Posilnenie nez\u00e1vislosti eur\u00f3pskej \u0161tatistiky<\/a><\/h2><time class=\"w-post-elm post_date usg_post_date_1 entry-date published\" datetime=\"2015-10-15T11:34:57+02:00\"><i class=\"far fa-clock\"><\/i>15. okt\u00f3bra 2015<\/time><div class=\"w-post-elm post_content usg_post_content_1\"><p>Magdal\u00e9na Holubov\u00e1, \u0160tatistick\u00fd \u00farad Slovenskej republiky, Slovensk\u00e1 republika<\/p>\n<p> <a href=\"https:\/\/ssad.statistics.sk\/SSaD\/index.php\/posilnenie-nezavislosti-europskej-statistiky\/#more-1800\" class=\"more-link\"><span aria-label=\"\u010c\u00edta\u0165 \u010falej Posilnenie nez\u00e1vislosti eur\u00f3pskej \u0161tatistiky\">(viac&hellip;)<\/span><\/a><\/p>\n<\/div>\t\t<\/div>\r\n\t<\/article>\r\n\t<article class=\"w-grid-item size_1x1 post-1804 post type-post status-publish format-standard hentry category-4-2015-informativne-clanky-nazory-recenzie-rozhovory-informacie tag-autor-ludmila-ivancikova\" data-id=\"1804\">\r\n\t\t<div class=\"w-grid-item-h\">\r\n\t\t\t\t\t\t<h2 class=\"w-post-elm post_title usg_post_title_1 entry-title color_link_inherit\"><a href=\"https:\/\/ssad.statistics.sk\/SSaD\/index.php\/este-raz-o-merani-zdravych-rokov-zivota-na-slovensku\/\">E\u0161te raz o meran\u00ed zdrav\u00fdch rokov \u017eivota na Slovensku<\/a><\/h2><time class=\"w-post-elm post_date usg_post_date_1 entry-date published\" datetime=\"2015-10-15T11:33:09+02:00\"><i class=\"far fa-clock\"><\/i>15. okt\u00f3bra 2015<\/time><div class=\"w-post-elm post_content usg_post_content_1\"><p>\u013dudmila Ivan\u010d\u00edkov\u00e1, \u0160tatistick\u00fd \u00farad Slovenskej republiky, Slovensk\u00e1 republika<\/p>\n<p> <a href=\"https:\/\/ssad.statistics.sk\/SSaD\/index.php\/este-raz-o-merani-zdravych-rokov-zivota-na-slovensku\/#more-1804\" class=\"more-link\"><span aria-label=\"\u010c\u00edta\u0165 \u010falej E\u0161te raz o meran\u00ed zdrav\u00fdch rokov \u017eivota na Slovensku\">(viac&hellip;)<\/span><\/a><\/p>\n<\/div>\t\t<\/div>\r\n\t<\/article>\r\n\t<article class=\"w-grid-item size_1x1 post-1807 post type-post status-publish format-standard hentry category-4-2015-informativne-clanky-nazory-recenzie-rozhovory-informacie tag-autor-mikulas-car\" data-id=\"1807\">\r\n\t\t<div class=\"w-grid-item-h\">\r\n\t\t\t\t\t\t<h2 class=\"w-post-elm post_title usg_post_title_1 entry-title color_link_inherit\"><a href=\"https:\/\/ssad.statistics.sk\/SSaD\/index.php\/aktualny-stav-a-perspektiva-zostavovania-indexu-cien-nehnutelnosti-na-byvanie-v-sr\/\">Aktu\u00e1lny stav a perspekt\u00edva zostavovania indexu cien nehnute\u013enost\u00ed na b\u00fdvanie v SR<\/a><\/h2><time class=\"w-post-elm post_date usg_post_date_1 entry-date published\" datetime=\"2015-10-15T11:32:30+02:00\"><i class=\"far fa-clock\"><\/i>15. okt\u00f3bra 2015<\/time><div class=\"w-post-elm post_content usg_post_content_1\"><p>Mikul\u00e1\u0161 C\u00e1r, N\u00e1rodn\u00e1 banka Slovenska, Slovensk\u00e1 republika<\/p>\n<p> <a href=\"https:\/\/ssad.statistics.sk\/SSaD\/index.php\/aktualny-stav-a-perspektiva-zostavovania-indexu-cien-nehnutelnosti-na-byvanie-v-sr\/#more-1807\" class=\"more-link\"><span aria-label=\"\u010c\u00edta\u0165 \u010falej Aktu\u00e1lny stav a perspekt\u00edva zostavovania indexu cien nehnute\u013enost\u00ed na b\u00fdvanie v SR\">(viac&hellip;)<\/span><\/a><\/p>\n<\/div>\t\t<\/div>\r\n\t<\/article>\r\n\t<article class=\"w-grid-item size_1x1 post-1810 post type-post status-publish format-standard hentry category-4-2015-informativne-clanky-nazory-recenzie-rozhovory-informacie tag-autor-jozef-kotlar tag-autor-robert-vlacuha\" data-id=\"1810\">\r\n\t\t<div class=\"w-grid-item-h\">\r\n\t\t\t\t\t\t<h2 class=\"w-post-elm post_title usg_post_title_1 entry-title color_link_inherit\"><a href=\"https:\/\/ssad.statistics.sk\/SSaD\/index.php\/rodinne-ucty-vo-vybranych-krajinach-europskej-unie\/\">Rodinn\u00e9 \u00fa\u010dty vo vybran\u00fdch krajin\u00e1ch Eur\u00f3pskej \u00fanie<\/a><\/h2><time class=\"w-post-elm post_date usg_post_date_1 entry-date published\" datetime=\"2015-10-15T11:31:48+02:00\"><i class=\"far fa-clock\"><\/i>15. okt\u00f3bra 2015<\/time><div class=\"w-post-elm post_content usg_post_content_1\"><p>R\u00f3bert Vla\u010duha, Jozef Kotl\u00e1r, \u0160tatistick\u00fd \u00farad Slovenskej republiky, Slovensk\u00e1 republika<\/p>\n<p> <a href=\"https:\/\/ssad.statistics.sk\/SSaD\/index.php\/rodinne-ucty-vo-vybranych-krajinach-europskej-unie\/#more-1810\" class=\"more-link\"><span aria-label=\"\u010c\u00edta\u0165 \u010falej Rodinn\u00e9 \u00fa\u010dty vo vybran\u00fdch krajin\u00e1ch Eur\u00f3pskej \u00fanie\">(viac&hellip;)<\/span><\/a><\/p>\n<\/div>\t\t<\/div>\r\n\t<\/article>\r\n\t<article class=\"w-grid-item size_1x1 post-1813 post type-post status-publish format-standard hentry category-4-2015-informativne-clanky-nazory-recenzie-rozhovory-informacie tag-autor-janka-fillova\" data-id=\"1813\">\r\n\t\t<div class=\"w-grid-item-h\">\r\n\t\t\t\t\t\t<h2 class=\"w-post-elm post_title usg_post_title_1 entry-title color_link_inherit\"><a href=\"https:\/\/ssad.statistics.sk\/SSaD\/index.php\/domacnosti-na-slovensku-pod-drobnohladom-statistikov-v-roku-2015\/\">Dom\u00e1cnosti na Slovensku pod drobnoh\u013eadom \u0161tatistikov v roku 2015<\/a><\/h2><time class=\"w-post-elm post_date usg_post_date_1 entry-date published\" datetime=\"2015-10-15T11:30:01+02:00\"><i class=\"far fa-clock\"><\/i>15. okt\u00f3bra 2015<\/time><div class=\"w-post-elm post_content usg_post_content_1\"><p>Janka Fillov\u00e1, \u0160tatistick\u00fd \u00farad Slovenskej republiky, Slovensk\u00e1 republika<\/p>\n<p> <a href=\"https:\/\/ssad.statistics.sk\/SSaD\/index.php\/domacnosti-na-slovensku-pod-drobnohladom-statistikov-v-roku-2015\/#more-1813\" class=\"more-link\"><span aria-label=\"\u010c\u00edta\u0165 \u010falej Dom\u00e1cnosti na Slovensku pod drobnoh\u013eadom \u0161tatistikov v roku 2015\">(viac&hellip;)<\/span><\/a><\/p>\n<\/div>\t\t<\/div>\r\n\t<\/article>\r\n\t<article class=\"w-grid-item size_1x1 post-1816 post type-post status-publish format-standard hentry category-4-2015-informativne-clanky-nazory-recenzie-rozhovory-informacie tag-autor-hana-rezankova\" data-id=\"1816\">\r\n\t\t<div class=\"w-grid-item-h\">\r\n\t\t\t\t\t\t<h2 class=\"w-post-elm post_title usg_post_title_1 entry-title color_link_inherit\"><a href=\"https:\/\/ssad.statistics.sk\/SSaD\/index.php\/tomas-loster-metody-shlukove-analyzy-a-jejich-hodnoceni\/\">Tom\u00e1\u0161 L\u00f6ster: Metody shlukov\u00e9 anal\u00fdzy a jejich hodnocen\u00ed<\/a><\/h2><time class=\"w-post-elm post_date usg_post_date_1 entry-date published\" datetime=\"2015-10-15T11:29:04+02:00\"><i class=\"far fa-clock\"><\/i>15. okt\u00f3bra 2015<\/time><div class=\"w-post-elm post_content usg_post_content_1\"><p>Hana \u0158ezankov\u00e1, Fakulta informatiky a statistiky, Vysok\u00e1 \u0161kola ekonomick\u00e1 v Praze, \u010cesk\u00e1 republika<\/p>\n<p> <a href=\"https:\/\/ssad.statistics.sk\/SSaD\/index.php\/tomas-loster-metody-shlukove-analyzy-a-jejich-hodnoceni\/#more-1816\" class=\"more-link\"><span aria-label=\"\u010c\u00edta\u0165 \u010falej Tom\u00e1\u0161 L\u00f6ster: Metody shlukov\u00e9 anal\u00fdzy a jejich hodnocen\u00ed\">(viac&hellip;)<\/span><\/a><\/p>\n<\/div>\t\t<\/div>\r\n\t<\/article>\r\n<\/div><div class=\"w-grid-preloader\"><div class=\"g-preloader type_1\">\r\n\t<div><\/div>\r\n<\/div>\r\n<\/div>\t<div class=\"w-grid-json hidden\" onclick='return {&quot;action&quot;:&quot;us_ajax_grid&quot;,&quot;ajax_url&quot;:&quot;https:\\\/\\\/ssad.statistics.sk\\\/SSaD\\\/wp-admin\\\/admin-ajax.php&quot;,&quot;infinite_scroll&quot;:0,&quot;max_num_pages&quot;:1,&quot;pagination&quot;:&quot;none&quot;,&quot;permalink_url&quot;:&quot;https:\\\/\\\/ssad.statistics.sk\\\/SSaD\\\/wp-json\\\/wp\\\/v2\\\/pages\\\/1664&quot;,&quot;template_vars&quot;:{&quot;columns&quot;:&quot;1&quot;,&quot;exclude_items&quot;:&quot;none&quot;,&quot;img_size&quot;:&quot;default&quot;,&quot;ignore_items_size&quot;:0,&quot;items_layout&quot;:&quot;146&quot;,&quot;items_offset&quot;:&quot;1&quot;,&quot;load_animation&quot;:&quot;none&quot;,&quot;overriding_link&quot;:&quot;none&quot;,&quot;post_id&quot;:1794,&quot;query_args&quot;:{&quot;post_type&quot;:[&quot;post&quot;],&quot;tax_query&quot;:[{&quot;taxonomy&quot;:&quot;category&quot;,&quot;field&quot;:&quot;slug&quot;,&quot;terms&quot;:[&quot;4-2015-informativne-clanky-nazory-recenzie-rozhovory-informacie&quot;]}],&quot;post_status&quot;:[&quot;publish&quot;],&quot;posts_per_page&quot;:&quot;20&quot;},&quot;orderby_query_args&quot;:{&quot;orderby&quot;:{&quot;date&quot;:&quot;DESC&quot;}},&quot;type&quot;:&quot;grid&quot;,&quot;us_grid_ajax_index&quot;:1,&quot;us_grid_filter_params&quot;:null,&quot;us_grid_index&quot;:2,&quot;_us_grid_post_type&quot;:&quot;post&quot;}}'><\/div>\r\n\t<\/div>\n<h2><\/h2>\n<h2><\/h2>\n<h2>PRIPRAVUJEME<\/h2>\n<p>&nbsp;<\/p>\n<h2 class=\"soon1\">Reprodukcia obyvate\u013estva Slovenska po\u010das druhej svetovej vojny, III. \u010das\u0165<\/h2>\n<p>Branislav \u0160procha, INFOSTAT \u2013 V\u00fdskumn\u00e9 demografick\u00e9 centrum, Slovensk\u00e1 republika<\/p>\n<h2 class=\"soon\">S k\u00fdm \u017eijeme v jednej dom\u00e1cnosti? Meniace sa formy rodinn\u00e9ho spr\u00e1vania na Slovensku z poh\u013eadu \u0161trukt\u00fary dom\u00e1cnost\u00ed<\/h2>\n<p>Roman D\u017eambazovi\u010d, Filozofick\u00e1 fakulta, Univerzita Komensk\u00e9ho v Bratislave, Slovensk\u00e1 republika<\/p>\n<\/div><\/div><\/div><\/div><\/div><\/div><\/div><\/section>\n","protected":false},"excerpt":{"rendered":"Hana \u0158ezankov\u00e1, Fakulta informatiky a statistiky, Vysok\u00e1 \u0161kola ekonomick\u00e1 v Praze, \u010cesk\u00e1 republika Typ \u010dl\u00e1nku: recenzia Strany: 110 - 111 \u010cl\u00e1nok na stiahnutie PDF (512,4 KB, 401 stiahnut\u00ed)","protected":false},"author":4,"featured_media":0,"parent":0,"menu_order":0,"comment_status":"closed","ping_status":"closed","template":"","meta":{"_exactmetrics_skip_tracking":false,"_exactmetrics_sitenote_active":false,"_exactmetrics_sitenote_note":"","_exactmetrics_sitenote_category":0,"footnotes":""},"class_list":["post-1664","page","type-page","status-publish","hentry"],"_links":{"self":[{"href":"https:\/\/ssad.statistics.sk\/SSaD\/index.php\/wp-json\/wp\/v2\/pages\/1664","targetHints":{"allow":["GET"]}}],"collection":[{"href":"https:\/\/ssad.statistics.sk\/SSaD\/index.php\/wp-json\/wp\/v2\/pages"}],"about":[{"href":"https:\/\/ssad.statistics.sk\/SSaD\/index.php\/wp-json\/wp\/v2\/types\/page"}],"author":[{"embeddable":true,"href":"https:\/\/ssad.statistics.sk\/SSaD\/index.php\/wp-json\/wp\/v2\/users\/4"}],"replies":[{"embeddable":true,"href":"https:\/\/ssad.statistics.sk\/SSaD\/index.php\/wp-json\/wp\/v2\/comments?post=1664"}],"version-history":[{"count":9,"href":"https:\/\/ssad.statistics.sk\/SSaD\/index.php\/wp-json\/wp\/v2\/pages\/1664\/revisions"}],"predecessor-version":[{"id":4154,"href":"https:\/\/ssad.statistics.sk\/SSaD\/index.php\/wp-json\/wp\/v2\/pages\/1664\/revisions\/4154"}],"wp:attachment":[{"href":"https:\/\/ssad.statistics.sk\/SSaD\/index.php\/wp-json\/wp\/v2\/media?parent=1664"}],"curies":[{"name":"wp","href":"https:\/\/api.w.org\/{rel}","templated":true}]}}