{"id":1638,"date":"2015-01-15T11:00:35","date_gmt":"2015-01-15T10:00:35","guid":{"rendered":"https:\/\/ssad.statistics.sk\/SSaD\/?page_id=1638"},"modified":"2024-10-15T11:34:28","modified_gmt":"2024-10-15T09:34:28","slug":"slovenska-statistika-a-demografia-1-2015","status":"publish","type":"page","link":"https:\/\/ssad.statistics.sk\/SSaD\/index.php\/slovenska-statistika-a-demografia-1-2015\/","title":{"rendered":"Slovensk\u00e1 \u0161tatistika a demografia 1\/2015"},"content":{"rendered":"<section class=\"l-section wpb_row padding-top-journal height_auto\"><div class=\"l-section-h i-cf\"><div class=\"g-cols vc_row via_flex valign_top type_default stacking_default\"><div class=\"vc_col-sm-12 wpb_column vc_column_container\"><div class=\"vc_column-inner\"><div class=\"wpb_wrapper\"><div class=\"wpb_text_column\"><div class=\"wpb_wrapper\"><h1>Slovensk\u00e1 \u0161tatistika a demografia 1\/2015<\/h1>\n<\/div><\/div><\/div><\/div><\/div><\/div><\/div><\/section><section class=\"l-section wpb_row us_custom_18c73a72 height_auto\"><div class=\"l-section-h i-cf\"><div class=\"g-cols vc_row via_flex valign_top type_default stacking_default\"><div class=\"vc_col-sm-2 wpb_column vc_column_container\"><div class=\"vc_column-inner\"><div class=\"wpb_wrapper\"><div class=\"w-image style_outlined align_none\"><div class=\"w-image-h\"><img loading=\"lazy\" decoding=\"async\" width=\"142\" height=\"190\" src=\"https:\/\/ssad.statistics.sk\/SSaD\/wp-content\/uploads\/2020\/01\/casopis2015_142x190.png\" class=\"attachment-full size-full\" alt=\"\" \/><\/div><\/div><\/div><\/div><\/div><div class=\"vc_col-sm-6 wpb_column vc_column_container\"><div class=\"vc_column-inner\"><div class=\"wpb_wrapper\">[vc_raw_html]JTNDZGl2JTIwY2xhc3MlM0QlMjJkZXRhaWwlMjIlM0UlMjAlMEElMjAlMjAlMjAlMjAlM0NwJTNFUG8lQzQlOERldCUyMHN0ciVDMyVBMW4lM0ElMjA3MyUzQyUyRnAlM0UlMEElMjAlMjAlMjAlMjAlM0NwJTNFUGVyaW9kaWNpdGElM0ElMjA0LWtyJUMzJUExdCUyMHJvJUM0JThEbmUlM0MlMkZwJTNFJTIwJTIwJTIwJTBBJTIwJTIwJTIwJTIwJTNDcCUzRUlTU04lM0ElMjAxMzM5LTY4NTQlMjAlMjhvbmxpbmUlMjklM0MlMkZwJTNFJTBBJTIwJTIwJTIwJTIwJTNDcCUzRSUzQ3NwYW4lMjBzdHlsZSUzRCUyMnBhZGRpbmctbGVmdCUzQSUyMDQ3cHglM0IlMjIlM0UxMjEwLTEwOTUlMjAlMjh0bGElQzQlOERlbiVDMyVBOSUyMHZ5ZGFuaWUlMjklM0MlMkZzcGFuJTNFJTNDJTJGcCUzRSUwQSUzQyUyRmRpdiUzRQ==[\/vc_raw_html]<\/div><\/div><\/div><div class=\"vc_col-sm-4 wpb_column vc_column_container\"><div class=\"vc_column-inner\"><div class=\"wpb_wrapper\">[vc_raw_html css=&#8220;.vc_custom_1577712471097{margin-top: 3.35em !important;}&#8220;]JTNDZGl2JTNFJTIwJTIwJTIwJTIwJTBBJTIwJTIwJTIwJTIwJTNDcCUzRSUzQ3NwYW4lMjBzdHlsZSUzRCUyMmxpbmUtaGVpZ2h0JTNBJTIwMi4xZW0lM0IlMjBwYWRkaW5nLWxlZnQlM0ElMjAwcHglM0IlMjBjb2xvciUzQSUyMCUyMzFlNGU5ZCUzQiUyMiUzRUtvbXBsZXRuJUMzJUE5JTIwJUM0JThEJUMzJUFEc2xvJTNDJTJGc3BhbiUzRSUzQ2JyJTNFJTIwJTVCZG93bmxvYWQlMjBpZCUzRCUyMjEzNSUyMiU1RCUyMHN0aWFobnV0JUMzJUFEJTI5JTNDJTJGc3BhbiUzRSUzQyUyRnAlM0UlMEElM0MlMkZkaXYlM0U=[\/vc_raw_html]<\/div><\/div><\/div><\/div><\/div><\/section><section class=\"l-section wpb_row us_custom_d984a24d height_auto\"><div class=\"l-section-h i-cf\"><div class=\"g-cols vc_row via_flex valign_top type_default stacking_default\"><div class=\"vc_col-sm-12 wpb_column vc_column_container\"><div class=\"vc_column-inner us_custom_5c07cc07\"><div class=\"wpb_wrapper\"><div class=\"w-separator us_custom_fd420121 has_text_color size_medium with_line width_default thick_1 style_dashed color_border align_center\"><div class=\"w-separator-h\"><\/div><\/div><\/div><\/div><\/div><\/div><\/div><\/section><section class=\"l-section wpb_row us_custom_46262dcf height_auto\"><div class=\"l-section-h i-cf\"><div class=\"g-cols vc_row via_flex valign_top type_default stacking_default\"><div class=\"vc_col-sm-12 wpb_column vc_column_container\"><div class=\"vc_column-inner\"><div class=\"wpb_wrapper\"><div class=\"w-grid us_custom_2b991ef7 type_grid layout_146\" id=\"us_grid_1\" data-filterable=\"true\"><style>#us_grid_1 .w-grid-item:not(:last-child){margin-bottom:2.5rem}#us_grid_1 .g-loadmore{margin-top:2.5rem}.layout_146 .w-grid-item-h{}.layout_146 .usg_post_title_1{font-family:var(--font-body)!important;font-size:21px!important}.layout_146 .usg_post_date_1{font-family:var(--font-body)!important;font-size:0.9rem!important}.layout_146 .usg_post_content_1{margin-top:0.5rem!important;font-family:var(--font-body)!important}@media (max-width:600px){.layout_146 .usg_post_title_1{font-size:18px!important}}<\/style><div class=\"w-grid-list\">\t<article class=\"w-grid-item size_1x1 post-1644 post type-post status-publish format-standard hentry category-1-2015-editorial tag-autor-zuzana-stukovska\" data-id=\"1644\">\r\n\t\t<div class=\"w-grid-item-h\">\r\n\t\t\t\t\t\t<h2 class=\"w-post-elm post_title usg_post_title_1 entry-title color_link_inherit\"><a href=\"https:\/\/ssad.statistics.sk\/SSaD\/index.php\/editorial-5\/\">Editori\u00e1l<\/a><\/h2><time class=\"w-post-elm post_date usg_post_date_1 entry-date published\" datetime=\"2015-01-15T11:40:19+01:00\"><i class=\"far fa-clock\"><\/i>15. janu\u00e1ra 2015<\/time><div class=\"w-post-elm post_content usg_post_content_1\"><p>Zuzana \u0160tukovsk\u00e1, \u0160tatistick\u00fd \u00farad Slovenskej republiky, Slovensk\u00e1 republika<\/p>\n<p> <a href=\"https:\/\/ssad.statistics.sk\/SSaD\/index.php\/editorial-5\/#more-1644\" class=\"more-link\"><span aria-label=\"\u010c\u00edta\u0165 \u010falej Editori\u00e1l\">(viac&hellip;)<\/span><\/a><\/p>\n<\/div>\t\t<\/div>\r\n\t<\/article>\r\n<\/div><div class=\"w-grid-preloader\"><div class=\"g-preloader type_1\">\r\n\t<div><\/div>\r\n<\/div>\r\n<\/div>\t<div class=\"w-grid-json hidden\" onclick='return {&quot;action&quot;:&quot;us_ajax_grid&quot;,&quot;ajax_url&quot;:&quot;https:\\\/\\\/ssad.statistics.sk\\\/SSaD\\\/wp-admin\\\/admin-ajax.php&quot;,&quot;infinite_scroll&quot;:0,&quot;max_num_pages&quot;:1,&quot;pagination&quot;:&quot;none&quot;,&quot;permalink_url&quot;:&quot;https:\\\/\\\/ssad.statistics.sk\\\/SSaD\\\/wp-json\\\/wp\\\/v2\\\/pages\\\/1638&quot;,&quot;template_vars&quot;:{&quot;columns&quot;:&quot;1&quot;,&quot;exclude_items&quot;:&quot;none&quot;,&quot;img_size&quot;:&quot;default&quot;,&quot;ignore_items_size&quot;:0,&quot;items_layout&quot;:&quot;146&quot;,&quot;items_offset&quot;:&quot;1&quot;,&quot;load_animation&quot;:&quot;none&quot;,&quot;overriding_link&quot;:&quot;none&quot;,&quot;post_id&quot;:1638,&quot;query_args&quot;:{&quot;post_type&quot;:[&quot;post&quot;],&quot;tax_query&quot;:[{&quot;taxonomy&quot;:&quot;category&quot;,&quot;field&quot;:&quot;slug&quot;,&quot;terms&quot;:[&quot;1-2015-editorial&quot;]}],&quot;post_status&quot;:[&quot;publish&quot;],&quot;posts_per_page&quot;:&quot;10&quot;},&quot;orderby_query_args&quot;:{&quot;orderby&quot;:{&quot;date&quot;:&quot;DESC&quot;}},&quot;type&quot;:&quot;grid&quot;,&quot;us_grid_ajax_index&quot;:1,&quot;us_grid_filter_params&quot;:null,&quot;us_grid_index&quot;:1,&quot;_us_grid_post_type&quot;:&quot;post&quot;}}'><\/div>\r\n\t<\/div><\/div><\/div><\/div><\/div><\/div><\/section><section class=\"l-section wpb_row us_custom_c4a4bb17 height_auto\"><div class=\"l-section-h i-cf\"><div class=\"g-cols vc_row via_flex valign_top type_default stacking_default\"><div class=\"vc_col-sm-12 wpb_column vc_column_container\"><div class=\"vc_column-inner\"><div class=\"wpb_wrapper\"><div class=\"wpb_text_column\"><div class=\"wpb_wrapper\"><h2>VEDECK\u00c9 \u010cL\u00c1NKY<\/h2>\n<div class=\"w-grid us_custom_2b991ef7 type_grid layout_146\" id=\"us_grid_2\"><style>#us_grid_2 .w-grid-item:not(:last-child){margin-bottom:2.5rem}#us_grid_2 .g-loadmore{margin-top:2.5rem}<\/style><div class=\"w-grid-list\">\t<article class=\"w-grid-item size_1x1 post-1647 post type-post status-publish format-standard hentry category-1-2015-vedecke-clanky tag-autor-mikulas-car tag-ceny-nehnutelnosti-na-byvanie tag-nadhodnotenie-a-podhodnotenie-ceny-byvania tag-rovnovazna-cena-byvania tag-trh-s-byvanim\" data-id=\"1647\">\r\n\t\t<div class=\"w-grid-item-h\">\r\n\t\t\t\t\t\t<h2 class=\"w-post-elm post_title usg_post_title_1 entry-title color_link_inherit\"><a href=\"https:\/\/ssad.statistics.sk\/SSaD\/index.php\/otazky-posudzovania-nadhodnotenia-cien-byvania\/\">Ot\u00e1zky posudzovania nadhodnotenia cien b\u00fdvania<\/a><\/h2><time class=\"w-post-elm post_date usg_post_date_1 entry-date published\" datetime=\"2015-01-15T11:39:19+01:00\"><i class=\"far fa-clock\"><\/i>15. janu\u00e1ra 2015<\/time><div class=\"w-post-elm post_content usg_post_content_1\"><p>Mikul\u00e1\u0161 C\u00e1r, N\u00e1rodn\u00e1 banka Slovenska, Slovensk\u00e1 republika<\/p>\n<p> <a href=\"https:\/\/ssad.statistics.sk\/SSaD\/index.php\/otazky-posudzovania-nadhodnotenia-cien-byvania\/#more-1647\" class=\"more-link\"><span aria-label=\"\u010c\u00edta\u0165 \u010falej Ot\u00e1zky posudzovania nadhodnotenia cien b\u00fdvania\">(viac&hellip;)<\/span><\/a><\/p>\n<\/div>\t\t<\/div>\r\n\t<\/article>\r\n\t<article class=\"w-grid-item size_1x1 post-1650 post type-post status-publish format-standard hentry category-1-2015-vedecke-clanky tag-autor-helena-sukenikova tag-autor-irena-myslikova tag-hrube-penazne-prijmy-domacnosti tag-rodinne-ucty tag-simulacia-mikroudajov tag-vydavky-domacnosti\" data-id=\"1650\">\r\n\t\t<div class=\"w-grid-item-h\">\r\n\t\t\t\t\t\t<h2 class=\"w-post-elm post_title usg_post_title_1 entry-title color_link_inherit\"><a href=\"https:\/\/ssad.statistics.sk\/SSaD\/index.php\/simulacia-udajov-o-prijmoch-a-vydavkoch-domacnosti-v-statistike-rodinnych-uctov-za-rok-2013\/\">Simul\u00e1cia \u00fadajov o pr\u00edjmoch a v\u00fddavkoch dom\u00e1cnost\u00ed v \u0161tatistike rodinn\u00fdch \u00fa\u010dtov za rok 2013<\/a><\/h2><time class=\"w-post-elm post_date usg_post_date_1 entry-date published\" datetime=\"2015-01-15T11:38:22+01:00\"><i class=\"far fa-clock\"><\/i>15. janu\u00e1ra 2015<\/time><div class=\"w-post-elm post_content usg_post_content_1\"><p>Helena S\u00faken\u00edkov\u00e1, \u0160tatistick\u00fd \u00farad Slovenskej republiky, Slovensk\u00e1 republika<br \/>\nIrena Mysl\u00edkov\u00e1, INFOSTAT \u2013 In\u0161tit\u00fat informatiky a \u0161tatistiky, Slovensk\u00e1 republika<\/p>\n<p> <a href=\"https:\/\/ssad.statistics.sk\/SSaD\/index.php\/simulacia-udajov-o-prijmoch-a-vydavkoch-domacnosti-v-statistike-rodinnych-uctov-za-rok-2013\/#more-1650\" class=\"more-link\"><span aria-label=\"\u010c\u00edta\u0165 \u010falej Simul\u00e1cia \u00fadajov o pr\u00edjmoch a v\u00fddavkoch dom\u00e1cnost\u00ed v \u0161tatistike rodinn\u00fdch \u00fa\u010dtov za rok 2013\">(viac&hellip;)<\/span><\/a><\/p>\n<\/div>\t\t<\/div>\r\n\t<\/article>\r\n\t<article class=\"w-grid-item size_1x1 post-1678 post type-post status-publish format-standard hentry category-1-2015-vedecke-clanky tag-autor-michal-pales tag-graduacia tag-konstrukcia-umrtnostnej-tabulky tag-pocitacova-podpora tag-statisitcke-testy tag-umrtnost\" data-id=\"1678\">\r\n\t\t<div class=\"w-grid-item-h\">\r\n\t\t\t\t\t\t<h2 class=\"w-post-elm post_title usg_post_title_1 entry-title color_link_inherit\"><a href=\"https:\/\/ssad.statistics.sk\/SSaD\/index.php\/vyuzitie-a-konstrukcia-umrtnostnych-tabuliek-v-zivotnom-poisteni\/\">Vyu\u017eitie a kon\u0161trukcia \u00famrtnostn\u00fdch tabuliek v \u017eivotnom poisten\u00ed<\/a><\/h2><time class=\"w-post-elm post_date usg_post_date_1 entry-date published\" datetime=\"2015-01-15T11:37:06+01:00\"><i class=\"far fa-clock\"><\/i>15. janu\u00e1ra 2015<\/time><div class=\"w-post-elm post_content usg_post_content_1\"><p>Michal P\u00e1le\u0161, Fakulta hospod\u00e1rskej informatiky, Ekonomick\u00e1 univerzita v Bratislave, Slovensk\u00e1 republika<\/p>\n<p> <a href=\"https:\/\/ssad.statistics.sk\/SSaD\/index.php\/vyuzitie-a-konstrukcia-umrtnostnych-tabuliek-v-zivotnom-poisteni\/#more-1678\" class=\"more-link\"><span aria-label=\"\u010c\u00edta\u0165 \u010falej Vyu\u017eitie a kon\u0161trukcia \u00famrtnostn\u00fdch tabuliek v \u017eivotnom poisten\u00ed\">(viac&hellip;)<\/span><\/a><\/p>\n<\/div>\t\t<\/div>\r\n\t<\/article>\r\n\t<article class=\"w-grid-item size_1x1 post-1682 post type-post status-publish format-standard hentry category-1-2015-vedecke-clanky tag-autor-branislav-sprocha tag-demograficka-reprodukcia tag-druha-svetova-vojna tag-plodnost tag-slovenska-republika tag-umrtnost\" data-id=\"1682\">\r\n\t\t<div class=\"w-grid-item-h\">\r\n\t\t\t\t\t\t<h2 class=\"w-post-elm post_title usg_post_title_1 entry-title color_link_inherit\"><a href=\"https:\/\/ssad.statistics.sk\/SSaD\/index.php\/reprodukcia-obyvatelstva-slovenska-pocas-druhej-svetovej-vojny-2-cast\/\">Reprodukcia obyvate\u013estva Slovenska po\u010das druhej svetovej vojny, 2. \u010das\u0165<\/a><\/h2><time class=\"w-post-elm post_date usg_post_date_1 entry-date published\" datetime=\"2015-01-15T11:36:35+01:00\"><i class=\"far fa-clock\"><\/i>15. janu\u00e1ra 2015<\/time><div class=\"w-post-elm post_content usg_post_content_1\"><p>Branislav \u0160procha, INFOSTAT \u2013 V\u00fdskumn\u00e9 demografick\u00e9 centrum, Pr\u00edrodovedeck\u00e1 fakulta, Univerzita Komensk\u00e9ho v Bratislave, Slovensk\u00e1 republika<\/p>\n<p> <a href=\"https:\/\/ssad.statistics.sk\/SSaD\/index.php\/reprodukcia-obyvatelstva-slovenska-pocas-druhej-svetovej-vojny-2-cast\/#more-1682\" class=\"more-link\"><span aria-label=\"\u010c\u00edta\u0165 \u010falej Reprodukcia obyvate\u013estva Slovenska po\u010das druhej svetovej vojny, 2. \u010das\u0165\">(viac&hellip;)<\/span><\/a><\/p>\n<\/div>\t\t<\/div>\r\n\t<\/article>\r\n<\/div><div class=\"w-grid-preloader\"><div class=\"g-preloader type_1\">\r\n\t<div><\/div>\r\n<\/div>\r\n<\/div>\t<div class=\"w-grid-json hidden\" onclick='return {&quot;action&quot;:&quot;us_ajax_grid&quot;,&quot;ajax_url&quot;:&quot;https:\\\/\\\/ssad.statistics.sk\\\/SSaD\\\/wp-admin\\\/admin-ajax.php&quot;,&quot;infinite_scroll&quot;:0,&quot;max_num_pages&quot;:1,&quot;pagination&quot;:&quot;none&quot;,&quot;permalink_url&quot;:&quot;https:\\\/\\\/ssad.statistics.sk\\\/SSaD\\\/wp-json\\\/wp\\\/v2\\\/pages\\\/1638&quot;,&quot;template_vars&quot;:{&quot;columns&quot;:&quot;1&quot;,&quot;exclude_items&quot;:&quot;none&quot;,&quot;img_size&quot;:&quot;default&quot;,&quot;ignore_items_size&quot;:0,&quot;items_layout&quot;:&quot;146&quot;,&quot;items_offset&quot;:&quot;1&quot;,&quot;load_animation&quot;:&quot;none&quot;,&quot;overriding_link&quot;:&quot;none&quot;,&quot;post_id&quot;:1644,&quot;query_args&quot;:{&quot;post_type&quot;:[&quot;post&quot;],&quot;tax_query&quot;:[{&quot;taxonomy&quot;:&quot;category&quot;,&quot;field&quot;:&quot;slug&quot;,&quot;terms&quot;:[&quot;1-2015-vedecke-clanky&quot;]}],&quot;post_status&quot;:[&quot;publish&quot;],&quot;posts_per_page&quot;:&quot;20&quot;},&quot;orderby_query_args&quot;:{&quot;orderby&quot;:{&quot;date&quot;:&quot;DESC&quot;}},&quot;type&quot;:&quot;grid&quot;,&quot;us_grid_ajax_index&quot;:1,&quot;us_grid_filter_params&quot;:null,&quot;us_grid_index&quot;:2,&quot;_us_grid_post_type&quot;:&quot;post&quot;}}'><\/div>\r\n\t<\/div>\n<\/div><\/div><\/div><\/div><\/div><\/div><\/div><\/section><section class=\"l-section wpb_row us_custom_c4a4bb17 height_auto\"><div class=\"l-section-h i-cf\"><div class=\"g-cols vc_row via_flex valign_top type_default stacking_default\"><div class=\"vc_col-sm-12 wpb_column vc_column_container\"><div class=\"vc_column-inner\"><div class=\"wpb_wrapper\"><div class=\"wpb_text_column\"><div class=\"wpb_wrapper\"><h2>INFORMAT\u00cdVNE \u010cL\u00c1NKY, N\u00c1ZORY, RECENZIE, ROZHOVORY, INFORM\u00c1CIE<\/h2>\n<div class=\"w-grid us_custom_2b991ef7 type_grid layout_146\" id=\"us_grid_3\"><style>#us_grid_3 .w-grid-item:not(:last-child){margin-bottom:2.5rem}#us_grid_3 .g-loadmore{margin-top:2.5rem}<\/style><div class=\"w-grid-list\">\t<article class=\"w-grid-item size_1x1 post-1685 post type-post status-publish format-standard hentry category-1-2015-informativne-clanky-nazory-recenzie-rozhovory-informacie tag-autor-lydia-sliacka tag-autor-zuzana-stukovska\" data-id=\"1685\">\r\n\t\t<div class=\"w-grid-item-h\">\r\n\t\t\t\t\t\t<h2 class=\"w-post-elm post_title usg_post_title_1 entry-title color_link_inherit\"><a href=\"https:\/\/ssad.statistics.sk\/SSaD\/index.php\/zmeny-v-zakone-umoznia-dalsi-rozvoj-statistickeho-systemu\/\">Zmeny v z\u00e1kone umo\u017enia \u010fal\u0161\u00ed rozvoj \u0161tatistick\u00e9ho syst\u00e9mu<\/a><\/h2><time class=\"w-post-elm post_date usg_post_date_1 entry-date published\" datetime=\"2015-01-15T11:35:40+01:00\"><i class=\"far fa-clock\"><\/i>15. janu\u00e1ra 2015<\/time><div class=\"w-post-elm post_content usg_post_content_1\"><p>L\u00fddia Sliacka, Zuzana \u0160tukovsk\u00e1, \u0160tatistick\u00fd \u00farad Slovenskej republiky, Slovensk\u00e1 republika<\/p>\n<p> <a href=\"https:\/\/ssad.statistics.sk\/SSaD\/index.php\/zmeny-v-zakone-umoznia-dalsi-rozvoj-statistickeho-systemu\/#more-1685\" class=\"more-link\"><span aria-label=\"\u010c\u00edta\u0165 \u010falej Zmeny v z\u00e1kone umo\u017enia \u010fal\u0161\u00ed rozvoj \u0161tatistick\u00e9ho syst\u00e9mu\">(viac&hellip;)<\/span><\/a><\/p>\n<\/div>\t\t<\/div>\r\n\t<\/article>\r\n\t<article class=\"w-grid-item size_1x1 post-1688 post type-post status-publish format-standard hentry category-1-2015-informativne-clanky-nazory-recenzie-rozhovory-informacie tag-autor-jan-haluska\" data-id=\"1688\">\r\n\t\t<div class=\"w-grid-item-h\">\r\n\t\t\t\t\t\t<h2 class=\"w-post-elm post_title usg_post_title_1 entry-title color_link_inherit\"><a href=\"https:\/\/ssad.statistics.sk\/SSaD\/index.php\/preco-ma-finsko-efektivny-statisticky-system\/\">Pre\u010do m\u00e1 F\u00ednsko efekt\u00edvny \u0161tatistick\u00fd syst\u00e9m<\/a><\/h2><time class=\"w-post-elm post_date usg_post_date_1 entry-date published\" datetime=\"2015-01-15T11:34:08+01:00\"><i class=\"far fa-clock\"><\/i>15. janu\u00e1ra 2015<\/time><div class=\"w-post-elm post_content usg_post_content_1\"><p>J\u00e1n Halu\u0161ka, INFOSTAT \u2013 In\u0161tit\u00fat informatiky a \u0161tatistiky, Slovensk\u00e1 republika<\/p>\n<p> <a href=\"https:\/\/ssad.statistics.sk\/SSaD\/index.php\/preco-ma-finsko-efektivny-statisticky-system\/#more-1688\" class=\"more-link\"><span aria-label=\"\u010c\u00edta\u0165 \u010falej Pre\u010do m\u00e1 F\u00ednsko efekt\u00edvny \u0161tatistick\u00fd syst\u00e9m\">(viac&hellip;)<\/span><\/a><\/p>\n<\/div>\t\t<\/div>\r\n\t<\/article>\r\n\t<article class=\"w-grid-item size_1x1 post-1692 post type-post status-publish format-standard hentry category-1-2015-informativne-clanky-nazory-recenzie-rozhovory-informacie tag-autor-robert-vlacuha\" data-id=\"1692\">\r\n\t\t<div class=\"w-grid-item-h\">\r\n\t\t\t\t\t\t<h2 class=\"w-post-elm post_title usg_post_title_1 entry-title color_link_inherit\"><a href=\"https:\/\/ssad.statistics.sk\/SSaD\/index.php\/zistovanie-o-prijmoch-a-zivotnych-podmienkach-v-kontexte-modernizacie-socialnych-statistik-postrehy-z-workshopu-a-konferencie-statistikov-v-lisabone-oktober-2014\/\">Zis\u0165ovanie o pr\u00edjmoch a \u017eivotn\u00fdch podmienkach v kontexte moderniz\u00e1cie soci\u00e1lnych \u0161tatist\u00edk. Postrehy z workshopu a konferencie \u0161tatistikov v Lisabone, okt\u00f3ber 2014<\/a><\/h2><time class=\"w-post-elm post_date usg_post_date_1 entry-date published\" datetime=\"2015-01-15T11:33:20+01:00\"><i class=\"far fa-clock\"><\/i>15. janu\u00e1ra 2015<\/time><div class=\"w-post-elm post_content usg_post_content_1\"><p>R\u00f3bert Vla\u010duha, \u0160tatistick\u00fd \u00farad Slovenskej republiky, Slovensk\u00e1 republika<\/p>\n<p> <a href=\"https:\/\/ssad.statistics.sk\/SSaD\/index.php\/zistovanie-o-prijmoch-a-zivotnych-podmienkach-v-kontexte-modernizacie-socialnych-statistik-postrehy-z-workshopu-a-konferencie-statistikov-v-lisabone-oktober-2014\/#more-1692\" class=\"more-link\"><span aria-label=\"\u010c\u00edta\u0165 \u010falej Zis\u0165ovanie o pr\u00edjmoch a \u017eivotn\u00fdch podmienkach v kontexte moderniz\u00e1cie soci\u00e1lnych \u0161tatist\u00edk. Postrehy z workshopu a konferencie \u0161tatistikov v Lisabone, okt\u00f3ber 2014\">(viac&hellip;)<\/span><\/a><\/p>\n<\/div>\t\t<\/div>\r\n\t<\/article>\r\n\t<article class=\"w-grid-item size_1x1 post-1696 post type-post status-publish format-standard hentry category-1-2015-informativne-clanky-nazory-recenzie-rozhovory-informacie tag-autor-michal-katusa\" data-id=\"1696\">\r\n\t\t<div class=\"w-grid-item-h\">\r\n\t\t\t\t\t\t<h2 class=\"w-post-elm post_title usg_post_title_1 entry-title color_link_inherit\"><a href=\"https:\/\/ssad.statistics.sk\/SSaD\/index.php\/minulost-sucasnost-a-buducnost-statistiky-obzretie-sa-za-17-slovenskou-statistickou-konferenciou\/\">Minulos\u0165, s\u00fa\u010dasnos\u0165 a bud\u00facnos\u0165 \u0161tatistiky. Obzretie sa za 17. slovenskou \u0161tatistickou konferenciou<\/a><\/h2><time class=\"w-post-elm post_date usg_post_date_1 entry-date published\" datetime=\"2015-01-15T11:32:57+01:00\"><i class=\"far fa-clock\"><\/i>15. janu\u00e1ra 2015<\/time><div class=\"w-post-elm post_content usg_post_content_1\"><p>Michal Katu\u0161a, \u0160tatistick\u00fd \u00farad Slovenskej republiky, Slovensk\u00e1 republika<\/p>\n<p> <a href=\"https:\/\/ssad.statistics.sk\/SSaD\/index.php\/minulost-sucasnost-a-buducnost-statistiky-obzretie-sa-za-17-slovenskou-statistickou-konferenciou\/#more-1696\" class=\"more-link\"><span aria-label=\"\u010c\u00edta\u0165 \u010falej Minulos\u0165, s\u00fa\u010dasnos\u0165 a bud\u00facnos\u0165 \u0161tatistiky. Obzretie sa za 17. slovenskou \u0161tatistickou konferenciou\">(viac&hellip;)<\/span><\/a><\/p>\n<\/div>\t\t<\/div>\r\n\t<\/article>\r\n\t<article class=\"w-grid-item size_1x1 post-1699 post type-post status-publish format-standard hentry category-1-2015-informativne-clanky-nazory-recenzie-rozhovory-informacie tag-autor-ludmila-ivancikova\" data-id=\"1699\">\r\n\t\t<div class=\"w-grid-item-h\">\r\n\t\t\t\t\t\t<h2 class=\"w-post-elm post_title usg_post_title_1 entry-title color_link_inherit\"><a href=\"https:\/\/ssad.statistics.sk\/SSaD\/index.php\/branislav-sprocha-reprodukcia-romskeho-obyvatelstva-na-slovensku-a-prognoza-jeho-populacneho-vyvoja\/\">Branislav \u0160procha: Reprodukcia r\u00f3mskeho obyvate\u013estva na Slovensku a progn\u00f3za jeho popula\u010dn\u00e9ho v\u00fdvoja<\/a><\/h2><time class=\"w-post-elm post_date usg_post_date_1 entry-date published\" datetime=\"2015-01-15T11:31:55+01:00\"><i class=\"far fa-clock\"><\/i>15. janu\u00e1ra 2015<\/time><div class=\"w-post-elm post_content usg_post_content_1\"><p>\u013dudmila Ivan\u010d\u00edkov\u00e1, \u0160tatistick\u00fd \u00farad Slovenskej republiky, Slovensk\u00e1 republika<\/p>\n<p> <a href=\"https:\/\/ssad.statistics.sk\/SSaD\/index.php\/branislav-sprocha-reprodukcia-romskeho-obyvatelstva-na-slovensku-a-prognoza-jeho-populacneho-vyvoja\/#more-1699\" class=\"more-link\"><span aria-label=\"\u010c\u00edta\u0165 \u010falej Branislav \u0160procha: Reprodukcia r\u00f3mskeho obyvate\u013estva na Slovensku a progn\u00f3za jeho popula\u010dn\u00e9ho v\u00fdvoja\">(viac&hellip;)<\/span><\/a><\/p>\n<\/div>\t\t<\/div>\r\n\t<\/article>\r\n<\/div><div class=\"w-grid-preloader\"><div class=\"g-preloader type_1\">\r\n\t<div><\/div>\r\n<\/div>\r\n<\/div>\t<div class=\"w-grid-json hidden\" onclick='return {&quot;action&quot;:&quot;us_ajax_grid&quot;,&quot;ajax_url&quot;:&quot;https:\\\/\\\/ssad.statistics.sk\\\/SSaD\\\/wp-admin\\\/admin-ajax.php&quot;,&quot;infinite_scroll&quot;:0,&quot;max_num_pages&quot;:1,&quot;pagination&quot;:&quot;none&quot;,&quot;permalink_url&quot;:&quot;https:\\\/\\\/ssad.statistics.sk\\\/SSaD\\\/wp-json\\\/wp\\\/v2\\\/pages\\\/1638&quot;,&quot;template_vars&quot;:{&quot;columns&quot;:&quot;1&quot;,&quot;exclude_items&quot;:&quot;none&quot;,&quot;img_size&quot;:&quot;default&quot;,&quot;ignore_items_size&quot;:0,&quot;items_layout&quot;:&quot;146&quot;,&quot;items_offset&quot;:&quot;1&quot;,&quot;load_animation&quot;:&quot;none&quot;,&quot;overriding_link&quot;:&quot;none&quot;,&quot;post_id&quot;:1682,&quot;query_args&quot;:{&quot;post_type&quot;:[&quot;post&quot;],&quot;tax_query&quot;:[{&quot;taxonomy&quot;:&quot;category&quot;,&quot;field&quot;:&quot;slug&quot;,&quot;terms&quot;:[&quot;1-2015-informativne-clanky-nazory-recenzie-rozhovory-informacie&quot;]}],&quot;post_status&quot;:[&quot;publish&quot;],&quot;posts_per_page&quot;:&quot;20&quot;},&quot;orderby_query_args&quot;:{&quot;orderby&quot;:{&quot;date&quot;:&quot;DESC&quot;}},&quot;type&quot;:&quot;grid&quot;,&quot;us_grid_ajax_index&quot;:1,&quot;us_grid_filter_params&quot;:null,&quot;us_grid_index&quot;:3,&quot;_us_grid_post_type&quot;:&quot;post&quot;}}'><\/div>\r\n\t<\/div>\n<h2><\/h2>\n<h2><\/h2>\n<h2>PRIPRAVUJEME<\/h2>\n<p>&nbsp;<\/p>\n<h2 class=\"soon1\">Modely \u00famrtnosti v pojistn\u00e9 praxi<\/h2>\n<p>Viera Pac\u00e1kov\u00e1, Vladim\u00edr Bure\u0161, Fakulta ekonomicko-spr\u00e1vn\u00ed, Univerzita Pardubice, \u010cesk\u00e1 republika<\/p>\n<h2 class=\"soon\">Transform\u00e1cia genera\u010dnej plodnosti na Slovensku. Odkladanie a rekuper\u00e1cia p\u00f4rodov v genera\u010dnej perspekt\u00edve<\/h2>\n<p>Branislav \u0160procha, INFOSTAT \u2013 V\u00fdskumn\u00e9 demografick\u00e9 centrum, Slovensk\u00e1 republika<\/p>\n<h2 class=\"soon1\">Bilancia pohybu obyvate\u013estva pod\u013ea obc\u00ed v roku 1971 \u2013 \u00faprava na \u00farove\u0148 existuj\u00facich obc\u00ed v roku 2013<\/h2>\n<p>Pavol \u010eur\u010dek, Pr\u00edrodovedeck\u00e1 fakulta, Univerzita Komensk\u00e9ho v Bratislave, Slovensk\u00e1 republika<\/p>\n<\/div><\/div><\/div><\/div><\/div><\/div><\/div><\/section>\n","protected":false},"excerpt":{"rendered":"\u013dudmila Ivan\u010d\u00edkov\u00e1, \u0160tatistick\u00fd \u00farad Slovenskej republiky, Slovensk\u00e1 republika Typ \u010dl\u00e1nku: recenzia Strany: 71 - 72 \u010cl\u00e1nok na stiahnutie PDF (420,4 KB, 442 stiahnut\u00ed)","protected":false},"author":4,"featured_media":0,"parent":0,"menu_order":0,"comment_status":"closed","ping_status":"closed","template":"","meta":{"_exactmetrics_skip_tracking":false,"_exactmetrics_sitenote_active":false,"_exactmetrics_sitenote_note":"","_exactmetrics_sitenote_category":0,"footnotes":""},"class_list":["post-1638","page","type-page","status-publish","hentry"],"_links":{"self":[{"href":"https:\/\/ssad.statistics.sk\/SSaD\/index.php\/wp-json\/wp\/v2\/pages\/1638","targetHints":{"allow":["GET"]}}],"collection":[{"href":"https:\/\/ssad.statistics.sk\/SSaD\/index.php\/wp-json\/wp\/v2\/pages"}],"about":[{"href":"https:\/\/ssad.statistics.sk\/SSaD\/index.php\/wp-json\/wp\/v2\/types\/page"}],"author":[{"embeddable":true,"href":"https:\/\/ssad.statistics.sk\/SSaD\/index.php\/wp-json\/wp\/v2\/users\/4"}],"replies":[{"embeddable":true,"href":"https:\/\/ssad.statistics.sk\/SSaD\/index.php\/wp-json\/wp\/v2\/comments?post=1638"}],"version-history":[{"count":11,"href":"https:\/\/ssad.statistics.sk\/SSaD\/index.php\/wp-json\/wp\/v2\/pages\/1638\/revisions"}],"predecessor-version":[{"id":4104,"href":"https:\/\/ssad.statistics.sk\/SSaD\/index.php\/wp-json\/wp\/v2\/pages\/1638\/revisions\/4104"}],"wp:attachment":[{"href":"https:\/\/ssad.statistics.sk\/SSaD\/index.php\/wp-json\/wp\/v2\/media?parent=1638"}],"curies":[{"name":"wp","href":"https:\/\/api.w.org\/{rel}","templated":true}]}}