{"id":1582,"date":"2014-10-15T11:00:19","date_gmt":"2014-10-15T09:00:19","guid":{"rendered":"https:\/\/ssad.statistics.sk\/SSaD\/index.php\/slovak-statistics-and-demography-4-2014\/"},"modified":"2024-10-15T14:00:22","modified_gmt":"2024-10-15T12:00:22","slug":"slovak-statistics-and-demography-4-2014","status":"publish","type":"page","link":"https:\/\/ssad.statistics.sk\/SSaD\/index.php\/slovak-statistics-and-demography-4-2014\/?lang=en","title":{"rendered":"Slovak Statistics and Demography 4\/2014"},"content":{"rendered":"<section class=\"l-section wpb_row padding-top-journal height_auto\"><div class=\"l-section-h i-cf\"><div class=\"g-cols vc_row via_flex valign_top type_default stacking_default\"><div class=\"vc_col-sm-12 wpb_column vc_column_container\"><div class=\"vc_column-inner\"><div class=\"wpb_wrapper\"><div class=\"wpb_text_column\"><div class=\"wpb_wrapper\"><h1>Slovak Statistics and Demography 4\/2014<\/h1>\n<\/div><\/div><\/div><\/div><\/div><\/div><\/div><\/section><section class=\"l-section wpb_row us_custom_18c73a72 height_auto\"><div class=\"l-section-h i-cf\"><div class=\"g-cols vc_row via_flex valign_top type_default stacking_default\"><div class=\"vc_col-sm-2 wpb_column vc_column_container\"><div class=\"vc_column-inner\"><div class=\"wpb_wrapper\"><div class=\"w-image style_outlined align_none\"><div class=\"w-image-h\"><img loading=\"lazy\" decoding=\"async\" width=\"142\" height=\"190\" src=\"https:\/\/ssad.statistics.sk\/SSaD\/wp-content\/uploads\/2020\/01\/SSaD2014_142x190.png\" class=\"attachment-full size-full\" alt=\"\" \/><\/div><\/div><\/div><\/div><\/div><div class=\"vc_col-sm-6 wpb_column vc_column_container\"><div class=\"vc_column-inner\"><div class=\"wpb_wrapper\">[vc_raw_html]PGRpdiBjbGFzcz0iZGV0YWlsIj4NCjxwPk51bWJlciBvZiBwYWdlczogNzI8L3A+DQo8cD5QZXJpb2RpY2l0eTogNCB0aW1lcyBhIHllYXI8L3A+DQo8cD5JU1NOOiAxMzM5LTY4NTQgKG9ubGluZSk8L3A+DQoNCjxwPjxzcGFuIHN0eWxlPSJwYWRkaW5nLWxlZnQ6IDQ3cHg7Ij4xMjEwLTEwOTUgIChwcmludGVkIHZlcnNpb24pPC9zcGFuPjwvcD4NCg0KPC9kaXY+[\/vc_raw_html]<\/div><\/div><\/div><div class=\"vc_col-sm-4 wpb_column vc_column_container\"><div class=\"vc_column-inner\"><div class=\"wpb_wrapper\">[vc_raw_html css=&#8220;.vc_custom_1577691242289{margin-top: 3.35em !important;}&#8220; el_class=&#8220;download-content&#8220;]PGRpdj4NCg0KPHA+PHNwYW4gc3R5bGU9ImxpbmUtaGVpZ2h0OiAyLjFlbTsgcGFkZGluZy1sZWZ0OiAwcHg7IGNvbG9yOiAjMWU0ZTlkOyI+Q29tcGxldGUgaXNzdWU8L3NwYW4+PGJyPg0KW2Rvd25sb2FkIGlkPSIxMjQiXSBkb3dubG9hZHMpPC9zcGFuPjwvcD4NCg0KPC9kaXY+[\/vc_raw_html]<\/div><\/div><\/div><\/div><\/div><\/section><section class=\"l-section wpb_row us_custom_5c07cc07 height_auto\"><div class=\"l-section-h i-cf\"><div class=\"g-cols vc_row via_flex valign_top type_default stacking_default\"><div class=\"vc_col-sm-12 wpb_column vc_column_container\"><div class=\"vc_column-inner\"><div class=\"wpb_wrapper\"><div class=\"w-separator us_custom_fd420121 has_text_color size_medium with_line width_default thick_1 style_dashed color_border align_center\"><div class=\"w-separator-h\"><\/div><\/div><\/div><\/div><\/div><\/div><\/div><\/section><section class=\"l-section wpb_row us_custom_85c8db04 height_auto\"><div class=\"l-section-h i-cf\"><div class=\"g-cols vc_row via_flex valign_top type_default stacking_default\"><div class=\"vc_col-sm-12 wpb_column vc_column_container\"><div class=\"vc_column-inner\"><div class=\"wpb_wrapper\"><div class=\"wpb_text_column\"><div class=\"wpb_wrapper\"><h2>SCIENTIFIC ARTICLES<\/h2>\n<div class=\"w-grid us_custom_2b991ef7 type_grid layout_146\" id=\"us_grid_1\" data-filterable=\"true\"><style>#us_grid_1 .w-grid-item:not(:last-child){margin-bottom:2.5rem}#us_grid_1 .g-loadmore{margin-top:2.5rem}.layout_146 .w-grid-item-h{}.layout_146 .usg_post_title_1{font-family:var(--font-body)!important;font-size:21px!important}.layout_146 .usg_post_date_1{font-family:var(--font-body)!important;font-size:0.9rem!important}.layout_146 .usg_post_content_1{margin-top:0.5rem!important;font-family:var(--font-body)!important}@media (max-width:600px){.layout_146 .usg_post_title_1{font-size:18px!important}}<\/style><div class=\"w-grid-list\">\t<article class=\"w-grid-item size_1x1 post-1587 post type-post status-publish format-standard hentry category-4-2014-vedecke-clanky tag-aktuarske-modelovanie tag-aktuarsky-softver tag-autor-michal-pales tag-orsa tag-panjerove-rekurentne-vztahy tag-rozdelenie-celkovej-skody tag-solventnost-ii tag-zaistenie\" data-id=\"1587\">\r\n\t\t<div class=\"w-grid-item-h\">\r\n\t\t\t\t\t\t<h2 class=\"w-post-elm post_title usg_post_title_1 entry-title color_link_inherit\"><a href=\"https:\/\/ssad.statistics.sk\/SSaD\/index.php\/modely-riadenia-rizika-v-zaisteni\/\">Modely riadenia rizika v zaisten\u00ed<\/a><\/h2><time class=\"w-post-elm post_date usg_post_date_1 entry-date published\" datetime=\"2014-10-15T11:40:36+02:00\"><i class=\"far fa-clock\"><\/i>15. okt\u00f3bra 2014<\/time><div class=\"w-post-elm post_content usg_post_content_1\"><p>Michal P\u00e1le\u0161, Fakulta hospod\u00e1rskej informatiky, Ekonomick\u00e1 univerzita v Bratislave, Slovensk\u00e1 republika<br \/>\n <a href=\"https:\/\/ssad.statistics.sk\/SSaD\/index.php\/modely-riadenia-rizika-v-zaisteni\/#more-1587\" class=\"more-link\"><span aria-label=\"\u010c\u00edta\u0165 \u010falej Modely riadenia rizika v zaisten\u00ed\">(viac&hellip;)<\/span><\/a><\/p>\n<\/div>\t\t<\/div>\r\n\t<\/article>\r\n\t<article class=\"w-grid-item size_1x1 post-1593 post type-post status-publish format-standard hentry category-4-2014-vedecke-clanky tag-autor-erik-soltes tag-autor-ondrej-duzik tag-hrube-penazne-prijmy-domacnosti tag-marginalne-stredne-hodnoty tag-regresna-analyza tag-statistika-rodinnych-uctov\" data-id=\"1593\">\r\n\t\t<div class=\"w-grid-item-h\">\r\n\t\t\t\t\t\t<h2 class=\"w-post-elm post_title usg_post_title_1 entry-title color_link_inherit\"><a href=\"https:\/\/ssad.statistics.sk\/SSaD\/index.php\/modelovanie-zavislosti-hrubych-penaznych-prijmov-jednoclennych-domacnosti-na-slovensku-od-relevantnych-faktorov\/\">Modelovanie z\u00e1vislosti hrub\u00fdch pe\u0148a\u017en\u00fdch pr\u00edjmov jedno\u010dlenn\u00fdch dom\u00e1cnost\u00ed na Slovensku od relevantn\u00fdch faktorov<\/a><\/h2><time class=\"w-post-elm post_date usg_post_date_1 entry-date published\" datetime=\"2014-10-15T11:39:03+02:00\"><i class=\"far fa-clock\"><\/i>15. okt\u00f3bra 2014<\/time><div class=\"w-post-elm post_content usg_post_content_1\"><p>Erik \u0160olt\u00e9s, Ondrej D\u00fa\u017eik, Fakulta hospod\u00e1rskej informatiky, Ekonomick\u00e1 univerzita v Bratislave, Slovensk\u00e1 republika<\/p>\n<p> <a href=\"https:\/\/ssad.statistics.sk\/SSaD\/index.php\/modelovanie-zavislosti-hrubych-penaznych-prijmov-jednoclennych-domacnosti-na-slovensku-od-relevantnych-faktorov\/#more-1593\" class=\"more-link\"><span aria-label=\"\u010c\u00edta\u0165 \u010falej Modelovanie z\u00e1vislosti hrub\u00fdch pe\u0148a\u017en\u00fdch pr\u00edjmov jedno\u010dlenn\u00fdch dom\u00e1cnost\u00ed na Slovensku od relevantn\u00fdch faktorov\">(viac&hellip;)<\/span><\/a><\/p>\n<\/div>\t\t<\/div>\r\n\t<\/article>\r\n\t<article class=\"w-grid-item size_1x1 post-1597 post type-post status-publish format-standard hentry category-4-2014-vedecke-clanky tag-autor-maria-vojtkova tag-ciste-penazne-vydavky tag-metoda-hlavnych-komponentov tag-odhalenie-skrytych-vztahov tag-struktura-a-vyvoj-cistych-penaznych-vydavkov\" data-id=\"1597\">\r\n\t\t<div class=\"w-grid-item-h\">\r\n\t\t\t\t\t\t<h2 class=\"w-post-elm post_title usg_post_title_1 entry-title color_link_inherit\"><a href=\"https:\/\/ssad.statistics.sk\/SSaD\/index.php\/typologia-penaznych-vydavkov-domacnosti-na-slovensku\/\">Typol\u00f3gia pe\u0148a\u017en\u00fdch v\u00fddavkov dom\u00e1cnost\u00ed na Slovensku<\/a><\/h2><time class=\"w-post-elm post_date usg_post_date_1 entry-date published\" datetime=\"2014-10-15T11:38:14+02:00\"><i class=\"far fa-clock\"><\/i>15. okt\u00f3bra 2014<\/time><div class=\"w-post-elm post_content usg_post_content_1\"><p>M\u00e1ria Vojtkov\u00e1, Fakulta hospod\u00e1rskej informatiky, Ekonomick\u00e1 univerzita v Bratislave, Slovensk\u00e1 republika<\/p>\n<p> <a href=\"https:\/\/ssad.statistics.sk\/SSaD\/index.php\/typologia-penaznych-vydavkov-domacnosti-na-slovensku\/#more-1597\" class=\"more-link\"><span aria-label=\"\u010c\u00edta\u0165 \u010falej Typol\u00f3gia pe\u0148a\u017en\u00fdch v\u00fddavkov dom\u00e1cnost\u00ed na Slovensku\">(viac&hellip;)<\/span><\/a><\/p>\n<\/div>\t\t<\/div>\r\n\t<\/article>\r\n\t<article class=\"w-grid-item size_1x1 post-1600 post type-post status-publish format-standard hentry category-4-2014-vedecke-clanky tag-autor-branislav-sprocha tag-demograficka-reprodukcia tag-druha-svetova-vojna tag-slovenska-republika\" data-id=\"1600\">\r\n\t\t<div class=\"w-grid-item-h\">\r\n\t\t\t\t\t\t<h2 class=\"w-post-elm post_title usg_post_title_1 entry-title color_link_inherit\"><a href=\"https:\/\/ssad.statistics.sk\/SSaD\/index.php\/reprodukcia-obyvatelstva-slovenska-pocas-druhej-svetovej-vojny-i-cast\/\">Reprodukcia obyvate\u013estva Slovenska po\u010das druhej svetovej vojny, I. \u010das\u0165<\/a><\/h2><time class=\"w-post-elm post_date usg_post_date_1 entry-date published\" datetime=\"2014-10-15T11:37:08+02:00\"><i class=\"far fa-clock\"><\/i>15. okt\u00f3bra 2014<\/time><div class=\"w-post-elm post_content usg_post_content_1\"><p>Branislav \u0160procha, INFOSTAT \u2013 V\u00fdskumn\u00e9 demografick\u00e9 centrum, Pr\u00edrodovedeck\u00e1 fakulta, Univerzita Komensk\u00e9ho v Bratislave, Slovensk\u00e1 republika<\/p>\n<p> <a href=\"https:\/\/ssad.statistics.sk\/SSaD\/index.php\/reprodukcia-obyvatelstva-slovenska-pocas-druhej-svetovej-vojny-i-cast\/#more-1600\" class=\"more-link\"><span aria-label=\"\u010c\u00edta\u0165 \u010falej Reprodukcia obyvate\u013estva Slovenska po\u010das druhej svetovej vojny, I. \u010das\u0165\">(viac&hellip;)<\/span><\/a><\/p>\n<\/div>\t\t<\/div>\r\n\t<\/article>\r\n<\/div><div class=\"w-grid-preloader\"><div class=\"g-preloader type_1\">\r\n\t<div><\/div>\r\n<\/div>\r\n<\/div>\t<div class=\"w-grid-json hidden\" onclick='return {&quot;action&quot;:&quot;us_ajax_grid&quot;,&quot;ajax_url&quot;:&quot;https:\\\/\\\/ssad.statistics.sk\\\/SSaD\\\/wp-admin\\\/admin-ajax.php&quot;,&quot;infinite_scroll&quot;:0,&quot;max_num_pages&quot;:1,&quot;pagination&quot;:&quot;none&quot;,&quot;permalink_url&quot;:&quot;https:\\\/\\\/ssad.statistics.sk\\\/SSaD\\\/wp-json\\\/wp\\\/v2\\\/pages\\\/1582&quot;,&quot;template_vars&quot;:{&quot;columns&quot;:&quot;1&quot;,&quot;exclude_items&quot;:&quot;none&quot;,&quot;img_size&quot;:&quot;default&quot;,&quot;ignore_items_size&quot;:0,&quot;items_layout&quot;:&quot;146&quot;,&quot;items_offset&quot;:&quot;1&quot;,&quot;load_animation&quot;:&quot;none&quot;,&quot;overriding_link&quot;:&quot;none&quot;,&quot;post_id&quot;:1582,&quot;query_args&quot;:{&quot;post_type&quot;:[&quot;post&quot;],&quot;tax_query&quot;:[{&quot;taxonomy&quot;:&quot;category&quot;,&quot;field&quot;:&quot;slug&quot;,&quot;terms&quot;:[&quot;4-2014-scientific-articles&quot;]}],&quot;post_status&quot;:[&quot;publish&quot;],&quot;posts_per_page&quot;:&quot;20&quot;},&quot;orderby_query_args&quot;:{&quot;orderby&quot;:{&quot;date&quot;:&quot;DESC&quot;}},&quot;type&quot;:&quot;grid&quot;,&quot;us_grid_ajax_index&quot;:1,&quot;us_grid_filter_params&quot;:null,&quot;us_grid_index&quot;:1,&quot;_us_grid_post_type&quot;:&quot;post&quot;}}'><\/div>\r\n\t<\/div>\n<\/div><\/div><\/div><\/div><\/div><\/div><\/div><\/section><section class=\"l-section wpb_row us_custom_c4a4bb17 content-information height_auto\"><div class=\"l-section-h i-cf\"><div class=\"g-cols vc_row via_flex valign_top type_default stacking_default\"><div class=\"vc_col-sm-12 wpb_column vc_column_container\"><div class=\"vc_column-inner\"><div class=\"wpb_wrapper\"><div class=\"wpb_text_column\"><div class=\"wpb_wrapper\"><h2>INFORMATIVE ARTICLES, OPINIONS, REVIEWS, INTERVIEWS, INFORMATION<\/h2>\n<div class=\"w-grid us_custom_2b991ef7 type_grid layout_146\" id=\"us_grid_2\"><style>#us_grid_2 .w-grid-item:not(:last-child){margin-bottom:2.5rem}#us_grid_2 .g-loadmore{margin-top:2.5rem}<\/style><div class=\"w-grid-list\">\t<article class=\"w-grid-item size_1x1 post-1603 post type-post status-publish format-standard hentry category-4-2014-informativne-clanky-nazory-recenzie-rozhovory-informacie tag-autor-helena-glaser-opitzova tag-autor-zuzana-stukovska\" data-id=\"1603\">\r\n\t\t<div class=\"w-grid-item-h\">\r\n\t\t\t\t\t\t<h2 class=\"w-post-elm post_title usg_post_title_1 entry-title color_link_inherit\"><a href=\"https:\/\/ssad.statistics.sk\/SSaD\/index.php\/rozvoj-statistickeho-systemu-potrebuje-legislativne-zmeny\/\">Rozvoj \u0161tatistick\u00e9ho syst\u00e9mu potrebuje legislat\u00edvne zmeny<\/a><\/h2><time class=\"w-post-elm post_date usg_post_date_1 entry-date published\" datetime=\"2014-10-15T11:36:38+02:00\"><i class=\"far fa-clock\"><\/i>15. okt\u00f3bra 2014<\/time><div class=\"w-post-elm post_content usg_post_content_1\"><p>Helena Glaser-Opitzov\u00e1, Zuzana \u0160tukovsk\u00e1, \u0160tatistick\u00fd \u00farad Slovenskej republiky, Slovensk\u00e1 republika<\/p>\n<p> <a href=\"https:\/\/ssad.statistics.sk\/SSaD\/index.php\/rozvoj-statistickeho-systemu-potrebuje-legislativne-zmeny\/#more-1603\" class=\"more-link\"><span aria-label=\"\u010c\u00edta\u0165 \u010falej Rozvoj \u0161tatistick\u00e9ho syst\u00e9mu potrebuje legislat\u00edvne zmeny\">(viac&hellip;)<\/span><\/a><\/p>\n<\/div>\t\t<\/div>\r\n\t<\/article>\r\n\t<article class=\"w-grid-item size_1x1 post-1606 post type-post status-publish format-standard hentry category-4-2014-informativne-clanky-nazory-recenzie-rozhovory-informacie tag-autor-ludmila-ivancikova tag-autor-robert-vlacuha\" data-id=\"1606\">\r\n\t\t<div class=\"w-grid-item-h\">\r\n\t\t\t\t\t\t<h2 class=\"w-post-elm post_title usg_post_title_1 entry-title color_link_inherit\"><a href=\"https:\/\/ssad.statistics.sk\/SSaD\/index.php\/k-interpretacii-zlych-cisel\/\">K interpret\u00e1cii \u201ezl\u00fdch\u201c \u010d\u00edsel<\/a><\/h2><time class=\"w-post-elm post_date usg_post_date_1 entry-date published\" datetime=\"2014-10-15T11:35:47+02:00\"><i class=\"far fa-clock\"><\/i>15. okt\u00f3bra 2014<\/time><div class=\"w-post-elm post_content usg_post_content_1\"><p>\u013dudmila Ivan\u010d\u00edkov\u00e1, R\u00f3bert Vla\u010duha, \u0160tatistick\u00fd \u00farad Slovenskej republiky, Slovensk\u00e1 republika<\/p>\n<p> <a href=\"https:\/\/ssad.statistics.sk\/SSaD\/index.php\/k-interpretacii-zlych-cisel\/#more-1606\" class=\"more-link\"><span aria-label=\"\u010c\u00edta\u0165 \u010falej K interpret\u00e1cii \u201ezl\u00fdch\u201c \u010d\u00edsel\">(viac&hellip;)<\/span><\/a><\/p>\n<\/div>\t\t<\/div>\r\n\t<\/article>\r\n\t<article class=\"w-grid-item size_1x1 post-1609 post type-post status-publish format-standard hentry category-4-2014-informativne-clanky-nazory-recenzie-rozhovory-informacie tag-autor-magdalena-holubova\" data-id=\"1609\">\r\n\t\t<div class=\"w-grid-item-h\">\r\n\t\t\t\t\t\t<h2 class=\"w-post-elm post_title usg_post_title_1 entry-title color_link_inherit\"><a href=\"https:\/\/ssad.statistics.sk\/SSaD\/index.php\/revidovane-zakladne-principy-oficialnej-statistiky-osn\/\">Revidovan\u00e9 z\u00e1kladn\u00e9 princ\u00edpy ofici\u00e1lnej \u0161tatistiky OSN<\/a><\/h2><time class=\"w-post-elm post_date usg_post_date_1 entry-date published\" datetime=\"2014-10-15T11:34:13+02:00\"><i class=\"far fa-clock\"><\/i>15. okt\u00f3bra 2014<\/time><div class=\"w-post-elm post_content usg_post_content_1\"><p>Magdal\u00e9na Holubov\u00e1, \u0160tatistick\u00fd \u00farad Slovenskej republiky, Slovensk\u00e1 republika<\/p>\n<p> <a href=\"https:\/\/ssad.statistics.sk\/SSaD\/index.php\/revidovane-zakladne-principy-oficialnej-statistiky-osn\/#more-1609\" class=\"more-link\"><span aria-label=\"\u010c\u00edta\u0165 \u010falej Revidovan\u00e9 z\u00e1kladn\u00e9 princ\u00edpy ofici\u00e1lnej \u0161tatistiky OSN\">(viac&hellip;)<\/span><\/a><\/p>\n<\/div>\t\t<\/div>\r\n\t<\/article>\r\n\t<article class=\"w-grid-item size_1x1 post-1612 post type-post status-publish format-standard hentry category-4-2014-informativne-clanky-nazory-recenzie-rozhovory-informacie tag-autor-eva-rublikova\" data-id=\"1612\">\r\n\t\t<div class=\"w-grid-item-h\">\r\n\t\t\t\t\t\t<h2 class=\"w-post-elm post_title usg_post_title_1 entry-title color_link_inherit\"><a href=\"https:\/\/ssad.statistics.sk\/SSaD\/index.php\/viera-labudova-meranie-prijmovej-nerovnosti\/\">Viera Labudov\u00e1: Meranie pr\u00edjmovej nerovnosti<\/a><\/h2><time class=\"w-post-elm post_date usg_post_date_1 entry-date published\" datetime=\"2014-10-15T11:33:36+02:00\"><i class=\"far fa-clock\"><\/i>15. okt\u00f3bra 2014<\/time><div class=\"w-post-elm post_content usg_post_content_1\"><p>Eva Rubl\u00edkov\u00e1, Fakulta hospod\u00e1rskej informatiky, Ekonomick\u00e1 univerzita v Bratislave, Slovensk\u00e1 republika<\/p>\n<p> <a href=\"https:\/\/ssad.statistics.sk\/SSaD\/index.php\/viera-labudova-meranie-prijmovej-nerovnosti\/#more-1612\" class=\"more-link\"><span aria-label=\"\u010c\u00edta\u0165 \u010falej Viera Labudov\u00e1: Meranie pr\u00edjmovej nerovnosti\">(viac&hellip;)<\/span><\/a><\/p>\n<\/div>\t\t<\/div>\r\n\t<\/article>\r\n\t<article class=\"w-grid-item size_1x1 post-1616 post type-post status-publish format-standard hentry category-4-2014-informativne-clanky-nazory-recenzie-rozhovory-informacie tag-autor-dagmar-popjakova tag-autor-jan-bucek tag-autor-marcela-kacerova tag-autor-stanislav-kraft\" data-id=\"1616\">\r\n\t\t<div class=\"w-grid-item-h\">\r\n\t\t\t\t\t\t<h2 class=\"w-post-elm post_title usg_post_title_1 entry-title color_link_inherit\"><a href=\"https:\/\/ssad.statistics.sk\/SSaD\/index.php\/jubileum-profesora-jozefa-mladeka\/\">Jubileum profesora Jozefa Ml\u00e1deka<\/a><\/h2><time class=\"w-post-elm post_date usg_post_date_1 entry-date published\" datetime=\"2014-10-15T11:32:11+02:00\"><i class=\"far fa-clock\"><\/i>15. okt\u00f3bra 2014<\/time><div class=\"w-post-elm post_content usg_post_content_1\"><p>Marcela K\u00e1\u010derov\u00e1, J\u00e1n Bu\u010dek, Pr\u00edrodovedeck\u00e1 fakulta, Univerzita Komensk\u00e9ho v Bratislave, Slovensk\u00e1 republika<br \/>\nDagmar Popjakov\u00e1, Stanislav Kraft, Pedagogick\u00e1 fakulta, Jiho\u010desk\u00e1 univerzita v \u010cesk\u00fdch Bud\u011bjovic\u00edch, \u010cesk\u00e1 republika<\/p>\n<p> <a href=\"https:\/\/ssad.statistics.sk\/SSaD\/index.php\/jubileum-profesora-jozefa-mladeka\/#more-1616\" class=\"more-link\"><span aria-label=\"\u010c\u00edta\u0165 \u010falej Jubileum profesora Jozefa Ml\u00e1deka\">(viac&hellip;)<\/span><\/a><\/p>\n<\/div>\t\t<\/div>\r\n\t<\/article>\r\n<\/div><div class=\"w-grid-preloader\"><div class=\"g-preloader type_1\">\r\n\t<div><\/div>\r\n<\/div>\r\n<\/div>\t<div class=\"w-grid-json hidden\" onclick='return {&quot;action&quot;:&quot;us_ajax_grid&quot;,&quot;ajax_url&quot;:&quot;https:\\\/\\\/ssad.statistics.sk\\\/SSaD\\\/wp-admin\\\/admin-ajax.php&quot;,&quot;infinite_scroll&quot;:0,&quot;max_num_pages&quot;:1,&quot;pagination&quot;:&quot;none&quot;,&quot;permalink_url&quot;:&quot;https:\\\/\\\/ssad.statistics.sk\\\/SSaD\\\/wp-json\\\/wp\\\/v2\\\/pages\\\/1582&quot;,&quot;template_vars&quot;:{&quot;columns&quot;:&quot;1&quot;,&quot;exclude_items&quot;:&quot;none&quot;,&quot;img_size&quot;:&quot;default&quot;,&quot;ignore_items_size&quot;:0,&quot;items_layout&quot;:&quot;146&quot;,&quot;items_offset&quot;:&quot;1&quot;,&quot;load_animation&quot;:&quot;none&quot;,&quot;overriding_link&quot;:&quot;none&quot;,&quot;post_id&quot;:1600,&quot;query_args&quot;:{&quot;post_type&quot;:[&quot;post&quot;],&quot;tax_query&quot;:[{&quot;taxonomy&quot;:&quot;category&quot;,&quot;field&quot;:&quot;slug&quot;,&quot;terms&quot;:[&quot;4-2014-informative-articles-opinions-reviews-interviews-information&quot;]}],&quot;post_status&quot;:[&quot;publish&quot;],&quot;posts_per_page&quot;:&quot;20&quot;},&quot;orderby_query_args&quot;:{&quot;orderby&quot;:{&quot;date&quot;:&quot;DESC&quot;}},&quot;type&quot;:&quot;grid&quot;,&quot;us_grid_ajax_index&quot;:1,&quot;us_grid_filter_params&quot;:null,&quot;us_grid_index&quot;:2,&quot;_us_grid_post_type&quot;:&quot;post&quot;}}'><\/div>\r\n\t<\/div>\n<h2><\/h2>\n<p>&nbsp;<\/p>\n<h2>COMING SOON<\/h2>\n<p>&nbsp;<\/p>\n<h2 class=\"soon1\">Construction of mortality tables in actuarial practice<\/h2>\n<p>Michal P\u00e1le\u0161, Faculty of Economic Informatics, University of Economics in Bratislava, Slovak Republic<\/p>\n<h2 class=\"soon\">Reproduction of Slovak population during World War II, II. part<\/h2>\n<p>Branislav \u0160procha, INFOSTAT \u2013 Demographic Research Centre, Slovak Republic<\/p>\n<h2 class=\"soon1\">Branislav \u0160procha: Reproduction of Roma population in Slovakia and its population development forecast<\/h2>\n<p>\u013dudmila Ivan\u010d\u00edkov\u00e1, Statistical Office of the Slovak Republic, Slovak Republic<\/p>\n<\/div><\/div><\/div><\/div><\/div><\/div><\/div><\/section>\n","protected":false},"excerpt":{"rendered":"Marcela K\u00e1\u010derov\u00e1, J\u00e1n Bu\u010dek, Pr\u00edrodovedeck\u00e1 fakulta, Univerzita Komensk\u00e9ho v Bratislave, Slovensk\u00e1 republika Dagmar Popjakov\u00e1, Stanislav Kraft, Pedagogick\u00e1 fakulta, Jiho\u010desk\u00e1 univerzita v \u010cesk\u00fdch Bud\u011bjovic\u00edch, \u010cesk\u00e1 republika Typ \u010dl\u00e1nku: medail\u00f3n Strany: 66 -68 \u010cl\u00e1nok na stiahnutie PDF (531,3 KB, 686 stiahnut\u00ed)","protected":false},"author":4,"featured_media":0,"parent":0,"menu_order":0,"comment_status":"closed","ping_status":"closed","template":"","meta":{"_exactmetrics_skip_tracking":false,"_exactmetrics_sitenote_active":false,"_exactmetrics_sitenote_note":"","_exactmetrics_sitenote_category":0,"footnotes":""},"class_list":["post-1582","page","type-page","status-publish","hentry"],"_links":{"self":[{"href":"https:\/\/ssad.statistics.sk\/SSaD\/index.php\/wp-json\/wp\/v2\/pages\/1582","targetHints":{"allow":["GET"]}}],"collection":[{"href":"https:\/\/ssad.statistics.sk\/SSaD\/index.php\/wp-json\/wp\/v2\/pages"}],"about":[{"href":"https:\/\/ssad.statistics.sk\/SSaD\/index.php\/wp-json\/wp\/v2\/types\/page"}],"author":[{"embeddable":true,"href":"https:\/\/ssad.statistics.sk\/SSaD\/index.php\/wp-json\/wp\/v2\/users\/4"}],"replies":[{"embeddable":true,"href":"https:\/\/ssad.statistics.sk\/SSaD\/index.php\/wp-json\/wp\/v2\/comments?post=1582"}],"version-history":[{"count":11,"href":"https:\/\/ssad.statistics.sk\/SSaD\/index.php\/wp-json\/wp\/v2\/pages\/1582\/revisions"}],"predecessor-version":[{"id":4211,"href":"https:\/\/ssad.statistics.sk\/SSaD\/index.php\/wp-json\/wp\/v2\/pages\/1582\/revisions\/4211"}],"wp:attachment":[{"href":"https:\/\/ssad.statistics.sk\/SSaD\/index.php\/wp-json\/wp\/v2\/media?parent=1582"}],"curies":[{"name":"wp","href":"https:\/\/api.w.org\/{rel}","templated":true}]}}