{"id":1457,"date":"2014-04-15T14:16:53","date_gmt":"2014-04-15T12:16:53","guid":{"rendered":"https:\/\/ssad.statistics.sk\/SSaD\/?page_id=1457"},"modified":"2024-10-15T12:01:48","modified_gmt":"2024-10-15T10:01:48","slug":"slovenska-statistika-a-demografia-2-2014","status":"publish","type":"page","link":"https:\/\/ssad.statistics.sk\/SSaD\/index.php\/slovenska-statistika-a-demografia-2-2014\/","title":{"rendered":"Slovensk\u00e1 \u0161tatistika a demografia 2\/2014"},"content":{"rendered":"<section class=\"l-section wpb_row padding-top-journal height_auto\"><div class=\"l-section-h i-cf\"><div class=\"g-cols vc_row via_flex valign_top type_default stacking_default\"><div class=\"vc_col-sm-12 wpb_column vc_column_container\"><div class=\"vc_column-inner\"><div class=\"wpb_wrapper\"><div class=\"wpb_text_column\"><div class=\"wpb_wrapper\"><h1>Slovensk\u00e1 \u0161tatistika a demografia 2\/2014<\/h1>\n<\/div><\/div><\/div><\/div><\/div><\/div><\/div><\/section><section class=\"l-section wpb_row us_custom_18c73a72 height_auto\"><div class=\"l-section-h i-cf\"><div class=\"g-cols vc_row via_flex valign_top type_default stacking_default\"><div class=\"vc_col-sm-2 wpb_column vc_column_container\"><div class=\"vc_column-inner\"><div class=\"wpb_wrapper\"><div class=\"w-image style_outlined align_none\"><div class=\"w-image-h\"><img loading=\"lazy\" decoding=\"async\" width=\"142\" height=\"190\" src=\"https:\/\/ssad.statistics.sk\/SSaD\/wp-content\/uploads\/2020\/01\/SSaD2014_142x190.png\" class=\"attachment-full size-full\" alt=\"\" \/><\/div><\/div><\/div><\/div><\/div><div class=\"vc_col-sm-6 wpb_column vc_column_container\"><div class=\"vc_column-inner\"><div class=\"wpb_wrapper\">[vc_raw_html]JTNDZGl2JTIwY2xhc3MlM0QlMjJkZXRhaWwlMjIlM0UlMjAlMEElMjAlMjAlMjAlMjAlM0NwJTNFUG8lQzQlOERldCUyMHN0ciVDMyVBMW4lM0ElMjA4NyUzQyUyRnAlM0UlMEElMjAlMjAlMjAlMjAlM0NwJTNFUGVyaW9kaWNpdGElM0ElMjA0LWtyJUMzJUExdCUyMHJvJUM0JThEbmUlM0MlMkZwJTNFJTIwJTIwJTIwJTBBJTIwJTIwJTIwJTIwJTNDcCUzRUlTU04lM0ElMjAxMzM5LTY4NTQlMjAlMjhvbmxpbmUlMjklM0MlMkZwJTNFJTBBJTIwJTIwJTIwJTIwJTNDcCUzRSUzQ3NwYW4lMjBzdHlsZSUzRCUyMnBhZGRpbmctbGVmdCUzQSUyMDQ3cHglM0IlMjIlM0UxMjEwLTEwOTUlMjAlMjh0bGElQzQlOERlbiVDMyVBOSUyMHZ5ZGFuaWUlMjklM0MlMkZzcGFuJTNFJTNDJTJGcCUzRSUwQSUzQyUyRmRpdiUzRQ==[\/vc_raw_html]<\/div><\/div><\/div><div class=\"vc_col-sm-4 wpb_column vc_column_container\"><div class=\"vc_column-inner\"><div class=\"wpb_wrapper\">[vc_raw_html css=&#8220;.vc_custom_1577106997358{margin-top: 3.35em !important;}&#8220;]JTNDZGl2JTNFJTIwJTIwJTIwJTIwJTBBJTIwJTIwJTIwJTIwJTNDcCUzRSUzQ3NwYW4lMjBzdHlsZSUzRCUyMmxpbmUtaGVpZ2h0JTNBJTIwMi4xZW0lM0IlMjBwYWRkaW5nLWxlZnQlM0ElMjA0cHglM0IlMjBjb2xvciUzQSUyMCUyMzFlNGU5ZCUzQiUyMiUzRUtvbXBsZXRuJUMzJUE5JTIwJUM0JThEJUMzJUFEc2xvJTNDJTJGc3BhbiUzRSUzQ2JyJTNFJTIwJTVCZG93bmxvYWQlMjBpZCUzRCUyMjk5JTIyJTVEJTIwc3RpYWhudXQlQzMlQUQlMjklM0MlMkZzcGFuJTNFJTNDJTJGcCUzRSUwQSUzQyUyRmRpdiUzRQ==[\/vc_raw_html]<\/div><\/div><\/div><\/div><\/div><\/section><section class=\"l-section wpb_row us_custom_5c07cc07 height_auto\"><div class=\"l-section-h i-cf\"><div class=\"g-cols vc_row via_flex valign_top type_default stacking_default\"><div class=\"vc_col-sm-12 wpb_column vc_column_container\"><div class=\"vc_column-inner\"><div class=\"wpb_wrapper\"><div class=\"w-separator us_custom_fd420121 has_text_color size_medium with_line width_default thick_1 style_dashed color_border align_center\"><div class=\"w-separator-h\"><\/div><\/div><\/div><\/div><\/div><\/div><\/div><\/section><section class=\"l-section wpb_row us_custom_85c8db04 height_auto\"><div class=\"l-section-h i-cf\"><div class=\"g-cols vc_row via_flex valign_top type_default stacking_default\"><div class=\"vc_col-sm-12 wpb_column vc_column_container\"><div class=\"vc_column-inner\"><div class=\"wpb_wrapper\"><div class=\"wpb_text_column\"><div class=\"wpb_wrapper\"><h2>VEDECK\u00c9 \u010cL\u00c1NKY<\/h2>\n<div class=\"w-grid us_custom_2b991ef7 type_grid layout_146\" id=\"us_grid_1\" data-filterable=\"true\"><style>#us_grid_1 .w-grid-item:not(:last-child){margin-bottom:2.5rem}#us_grid_1 .g-loadmore{margin-top:2.5rem}.layout_146 .w-grid-item-h{}.layout_146 .usg_post_title_1{font-family:var(--font-body)!important;font-size:21px!important}.layout_146 .usg_post_date_1{font-family:var(--font-body)!important;font-size:0.9rem!important}.layout_146 .usg_post_content_1{margin-top:0.5rem!important;font-family:var(--font-body)!important}@media (max-width:600px){.layout_146 .usg_post_title_1{font-size:18px!important}}<\/style><div class=\"w-grid-list\">\t<article class=\"w-grid-item size_1x1 post-1466 post type-post status-publish format-standard hentry category-2-2014-vedecke-clanky tag-apriorne-rozdelenie tag-autor-eva-kotlebova tag-autor-ivan-laska tag-bayesovsky-pristup tag-bodovy-odhad tag-konjugovany-system tag-stredna-kvadraticka-chyba\" data-id=\"1466\">\r\n\t\t<div class=\"w-grid-item-h\">\r\n\t\t\t\t\t\t<h2 class=\"w-post-elm post_title usg_post_title_1 entry-title color_link_inherit\"><a href=\"https:\/\/ssad.statistics.sk\/SSaD\/index.php\/vyuzitie-bayesovskeho-pristupu-pri-odhade-podielu-a-moznosti-jeho-aplikacie-v-ekonomickej-praxi\/\">Vyu\u017eitie bayesovsk\u00e9ho pr\u00edstupu pri odhade podielu a mo\u017enosti jeho aplik\u00e1cie v ekonomickej praxi<\/a><\/h2><time class=\"w-post-elm post_date usg_post_date_1 entry-date published\" datetime=\"2014-04-15T11:40:58+02:00\"><i class=\"far fa-clock\"><\/i>15. apr\u00edla 2014<\/time><div class=\"w-post-elm post_content usg_post_content_1\"><p>Eva Kotlebov\u00e1, Fakulta hospod\u00e1rskej informatiky, Ekonomick\u00e1 univerzita v Bratislave, Slovensk\u00e1 republika<br \/>\nIvan L\u00e1ska, TREXIMA Bratislava, Slovensk\u00e1 republika<\/p>\n<p> <a href=\"https:\/\/ssad.statistics.sk\/SSaD\/index.php\/vyuzitie-bayesovskeho-pristupu-pri-odhade-podielu-a-moznosti-jeho-aplikacie-v-ekonomickej-praxi\/#more-1466\" class=\"more-link\"><span aria-label=\"\u010c\u00edta\u0165 \u010falej Vyu\u017eitie bayesovsk\u00e9ho pr\u00edstupu pri odhade podielu a mo\u017enosti jeho aplik\u00e1cie v ekonomickej praxi\">(viac&hellip;)<\/span><\/a><\/p>\n<\/div>\t\t<\/div>\r\n\t<\/article>\r\n\t<article class=\"w-grid-item size_1x1 post-1469 post type-post status-publish format-standard hentry category-2-2014-vedecke-clanky tag-autor-jan-haluska tag-autor-mikulas-car tag-model-s-korekcnym-clenom tag-princip-kointegracie tag-vyvoj-ceny-byvania\" data-id=\"1469\">\r\n\t\t<div class=\"w-grid-item-h\">\r\n\t\t\t\t\t\t<h2 class=\"w-post-elm post_title usg_post_title_1 entry-title color_link_inherit\"><a href=\"https:\/\/ssad.statistics.sk\/SSaD\/index.php\/kointegracny-pristup-k-modelovaniu-vyvoja-ceny-byvania-v-sr\/\">Kointegra\u010dn\u00fd pr\u00edstup k modelovaniu v\u00fdvoja ceny b\u00fdvania v SR<\/a><\/h2><time class=\"w-post-elm post_date usg_post_date_1 entry-date published\" datetime=\"2014-04-15T11:39:02+02:00\"><i class=\"far fa-clock\"><\/i>15. apr\u00edla 2014<\/time><div class=\"w-post-elm post_content usg_post_content_1\"><p>J\u00e1n Halu\u0161ka, INFOSTAT \u2013 In\u0161tit\u00fat informatiky a \u0161tatistiky, Slovensk\u00e1 republika<br \/>\nMikul\u00e1\u0161 C\u00e1r, N\u00e1rodn\u00e1 banka Slovenska, Slovensk\u00e1 republika<\/p>\n<p> <a href=\"https:\/\/ssad.statistics.sk\/SSaD\/index.php\/kointegracny-pristup-k-modelovaniu-vyvoja-ceny-byvania-v-sr\/#more-1469\" class=\"more-link\"><span aria-label=\"\u010c\u00edta\u0165 \u010falej Kointegra\u010dn\u00fd pr\u00edstup k modelovaniu v\u00fdvoja ceny b\u00fdvania v SR\">(viac&hellip;)<\/span><\/a><\/p>\n<\/div>\t\t<\/div>\r\n\t<\/article>\r\n\t<article class=\"w-grid-item size_1x1 post-1472 post type-post status-publish format-standard hentry category-2-2014-vedecke-clanky tag-autor-marcela-kacerova tag-autor-radka-horvathova tag-emigranti tag-imigranti tag-piestorove-aspekty tag-struktury tag-zahranicna-migracia\" data-id=\"1472\">\r\n\t\t<div class=\"w-grid-item-h\">\r\n\t\t\t\t\t\t<h2 class=\"w-post-elm post_title usg_post_title_1 entry-title color_link_inherit\"><a href=\"https:\/\/ssad.statistics.sk\/SSaD\/index.php\/zahranicna-migracia-slovenska-demograficke-a-priestorove-aspekty\/\">Zahrani\u010dn\u00e1 migr\u00e1cia Slovenska \u2013 demografick\u00e9 a priestorov\u00e9 aspekty<\/a><\/h2><time class=\"w-post-elm post_date usg_post_date_1 entry-date published\" datetime=\"2014-04-15T11:38:45+02:00\"><i class=\"far fa-clock\"><\/i>15. apr\u00edla 2014<\/time><div class=\"w-post-elm post_content usg_post_content_1\"><p>Marcela K\u00e1\u010derov\u00e1, Pr\u00edrodovedeck\u00e1 fakulta, Univerzita Komensk\u00e9ho v Bratislave, Slovensk\u00e1 republika<br \/>\nRadka Horv\u00e1thov\u00e1r, Pr\u00edrodovedeck\u00e1 fakulta, Univerzita Komensk\u00e9ho v Bratislave, Slovensk\u00e1 republika<\/p>\n<p> <a href=\"https:\/\/ssad.statistics.sk\/SSaD\/index.php\/zahranicna-migracia-slovenska-demograficke-a-priestorove-aspekty\/#more-1472\" class=\"more-link\"><span aria-label=\"\u010c\u00edta\u0165 \u010falej Zahrani\u010dn\u00e1 migr\u00e1cia Slovenska \u2013 demografick\u00e9 a priestorov\u00e9 aspekty\">(viac&hellip;)<\/span><\/a><\/p>\n<\/div>\t\t<\/div>\r\n\t<\/article>\r\n\t<article class=\"w-grid-item size_1x1 post-1475 post type-post status-publish format-standard hentry category-2-2014-vedecke-clanky tag-autor-eliska-zykmundova tag-autor-sarka-sustova tag-ceska-republika tag-eu-silc tag-hranice-chudoby tag-chudoba tag-pracujici-chudi tag-slovensko\" data-id=\"1475\">\r\n\t\t<div class=\"w-grid-item-h\">\r\n\t\t\t\t\t\t<h2 class=\"w-post-elm post_title usg_post_title_1 entry-title color_link_inherit\"><a href=\"https:\/\/ssad.statistics.sk\/SSaD\/index.php\/pracuji-a-presto-jsou-chudi-srovnavaci-analyza-pracujicich-chudych-v-cesku-a-na-slovensku-podle-dat-z-vyberoveho-setreni-eu-silc\/\">Pracuj\u00ed, a p\u0159esto jsou chud\u00ed. Srovn\u00e1vac\u00ed anal\u00fdza pracuj\u00edc\u00edch chud\u00fdch v \u010cesku a na Slovensku podle dat z v\u00fdbe\u0159ov\u00e9ho \u0161et\u0159en\u00ed EU-SILC<\/a><\/h2><time class=\"w-post-elm post_date usg_post_date_1 entry-date published\" datetime=\"2014-04-15T11:37:03+02:00\"><i class=\"far fa-clock\"><\/i>15. apr\u00edla 2014<\/time><div class=\"w-post-elm post_content usg_post_content_1\"><p>\u0160\u00e1rka \u0160ustov\u00e1, P\u0159\u00edrodov\u011bdeck\u00e1 fakulta, Univerzita Karlova, \u010cesk\u00e1 republika<br \/>\nEli\u0161ka Zykmundov\u00e1, P\u0159\u00edrodov\u011bdeck\u00e1 fakulta, Univerzita Karlova, \u010cesk\u00e1 republika<\/p>\n<p> <a href=\"https:\/\/ssad.statistics.sk\/SSaD\/index.php\/pracuji-a-presto-jsou-chudi-srovnavaci-analyza-pracujicich-chudych-v-cesku-a-na-slovensku-podle-dat-z-vyberoveho-setreni-eu-silc\/#more-1475\" class=\"more-link\"><span aria-label=\"\u010c\u00edta\u0165 \u010falej Pracuj\u00ed, a p\u0159esto jsou chud\u00ed. Srovn\u00e1vac\u00ed anal\u00fdza pracuj\u00edc\u00edch chud\u00fdch v \u010cesku a na Slovensku podle dat z v\u00fdbe\u0159ov\u00e9ho \u0161et\u0159en\u00ed EU-SILC\">(viac&hellip;)<\/span><\/a><\/p>\n<\/div>\t\t<\/div>\r\n\t<\/article>\r\n\t<article class=\"w-grid-item size_1x1 post-1478 post type-post status-publish format-standard hentry category-2-2014-vedecke-clanky tag-autor-robert-vlacuha tag-eu-silc tag-chudoba-a-socialne-vylucenie tag-miera-rizika-chudoby-alebo-socialneho-vylucenia tag-strategia-europa-2020 tag-velmi-nizka-intenzita-prace tag-zavazna-materialna-deprivacia\" data-id=\"1478\">\r\n\t\t<div class=\"w-grid-item-h\">\r\n\t\t\t\t\t\t<h2 class=\"w-post-elm post_title usg_post_title_1 entry-title color_link_inherit\"><a href=\"https:\/\/ssad.statistics.sk\/SSaD\/index.php\/strategia-europa-2020-chudoba-a-socialne-vylucenie\/\">Strat\u00e9gia Eur\u00f3pa 2020 \u2013 chudoba a soci\u00e1lne vyl\u00fa\u010denie<\/a><\/h2><time class=\"w-post-elm post_date usg_post_date_1 entry-date published\" datetime=\"2014-04-15T11:36:36+02:00\"><i class=\"far fa-clock\"><\/i>15. apr\u00edla 2014<\/time><div class=\"w-post-elm post_content usg_post_content_1\"><p>R\u00f3bert Vla\u010duha, \u0160tatistick\u00fd \u00farad Slovenskej republiky, Slovensk\u00e1 republika<\/p>\n<p> <a href=\"https:\/\/ssad.statistics.sk\/SSaD\/index.php\/strategia-europa-2020-chudoba-a-socialne-vylucenie\/#more-1478\" class=\"more-link\"><span aria-label=\"\u010c\u00edta\u0165 \u010falej Strat\u00e9gia Eur\u00f3pa 2020 \u2013 chudoba a soci\u00e1lne vyl\u00fa\u010denie\">(viac&hellip;)<\/span><\/a><\/p>\n<\/div>\t\t<\/div>\r\n\t<\/article>\r\n<\/div><div class=\"w-grid-preloader\"><div class=\"g-preloader type_1\">\r\n\t<div><\/div>\r\n<\/div>\r\n<\/div>\t<div class=\"w-grid-json hidden\" onclick='return {&quot;action&quot;:&quot;us_ajax_grid&quot;,&quot;ajax_url&quot;:&quot;https:\\\/\\\/ssad.statistics.sk\\\/SSaD\\\/wp-admin\\\/admin-ajax.php&quot;,&quot;infinite_scroll&quot;:0,&quot;max_num_pages&quot;:1,&quot;pagination&quot;:&quot;none&quot;,&quot;permalink_url&quot;:&quot;https:\\\/\\\/ssad.statistics.sk\\\/SSaD\\\/wp-json\\\/wp\\\/v2\\\/pages\\\/1457&quot;,&quot;template_vars&quot;:{&quot;columns&quot;:&quot;1&quot;,&quot;exclude_items&quot;:&quot;none&quot;,&quot;img_size&quot;:&quot;default&quot;,&quot;ignore_items_size&quot;:0,&quot;items_layout&quot;:&quot;146&quot;,&quot;items_offset&quot;:&quot;1&quot;,&quot;load_animation&quot;:&quot;none&quot;,&quot;overriding_link&quot;:&quot;none&quot;,&quot;post_id&quot;:1457,&quot;query_args&quot;:{&quot;post_type&quot;:[&quot;post&quot;],&quot;tax_query&quot;:[{&quot;taxonomy&quot;:&quot;category&quot;,&quot;field&quot;:&quot;slug&quot;,&quot;terms&quot;:[&quot;2-2014-vedecke-clanky&quot;]}],&quot;post_status&quot;:[&quot;publish&quot;],&quot;posts_per_page&quot;:&quot;20&quot;},&quot;orderby_query_args&quot;:{&quot;orderby&quot;:{&quot;date&quot;:&quot;DESC&quot;}},&quot;type&quot;:&quot;grid&quot;,&quot;us_grid_ajax_index&quot;:1,&quot;us_grid_filter_params&quot;:null,&quot;us_grid_index&quot;:1,&quot;_us_grid_post_type&quot;:&quot;post&quot;}}'><\/div>\r\n\t<\/div>\n<\/div><\/div><\/div><\/div><\/div><\/div><\/div><\/section><section class=\"l-section wpb_row us_custom_c4a4bb17 height_auto\"><div class=\"l-section-h i-cf\"><div class=\"g-cols vc_row via_flex valign_top type_default stacking_default\"><div class=\"vc_col-sm-12 wpb_column vc_column_container\"><div class=\"vc_column-inner\"><div class=\"wpb_wrapper\"><div class=\"wpb_text_column\"><div class=\"wpb_wrapper\"><h2>INFORMAT\u00cdVNE \u010cL\u00c1NKY, N\u00c1ZORY, RECENZIE, ROZHOVORY, INFORM\u00c1CIE<\/h2>\n<div class=\"w-grid us_custom_2b991ef7 type_grid layout_146\" id=\"us_grid_2\"><style>#us_grid_2 .w-grid-item:not(:last-child){margin-bottom:2.5rem}#us_grid_2 .g-loadmore{margin-top:2.5rem}<\/style><div class=\"w-grid-list\">\t<article class=\"w-grid-item size_1x1 post-1483 post type-post status-publish format-standard hentry category-2-2014-informativne-clanky-nazory-recenzie-rozhovory-informacie tag-autor-alena-gerhadtova tag-autor-zuzana-stukovska\" data-id=\"1483\">\r\n\t\t<div class=\"w-grid-item-h\">\r\n\t\t\t\t\t\t<h2 class=\"w-post-elm post_title usg_post_title_1 entry-title color_link_inherit\"><a href=\"https:\/\/ssad.statistics.sk\/SSaD\/index.php\/statistici-pripravuju-europske-zistovanie-o-zdravi\/\">\u0160tatistici pripravuj\u00fa Eur\u00f3pske zis\u0165ovanie o zdrav\u00ed<\/a><\/h2><time class=\"w-post-elm post_date usg_post_date_1 entry-date published\" datetime=\"2014-04-15T11:35:21+02:00\"><i class=\"far fa-clock\"><\/i>15. apr\u00edla 2014<\/time><div class=\"w-post-elm post_content usg_post_content_1\"><p>Alena Gerhardtov\u00e1, Zuzana \u0160tukovsk\u00e1, \u0160tatistick\u00fd \u00farad Slovenskej republiky, Slovensk\u00e1 republika<\/p>\n<p> <a href=\"https:\/\/ssad.statistics.sk\/SSaD\/index.php\/statistici-pripravuju-europske-zistovanie-o-zdravi\/#more-1483\" class=\"more-link\"><span aria-label=\"\u010c\u00edta\u0165 \u010falej \u0160tatistici pripravuj\u00fa Eur\u00f3pske zis\u0165ovanie o zdrav\u00ed\">(viac&hellip;)<\/span><\/a><\/p>\n<\/div>\t\t<\/div>\r\n\t<\/article>\r\n\t<article class=\"w-grid-item size_1x1 post-1485 post type-post status-publish format-standard hentry category-2-2014-informativne-clanky-nazory-recenzie-rozhovory-informacie tag-autor-zuzana-podmanicka\" data-id=\"1485\">\r\n\t\t<div class=\"w-grid-item-h\">\r\n\t\t\t\t\t\t<h2 class=\"w-post-elm post_title usg_post_title_1 entry-title color_link_inherit\"><a href=\"https:\/\/ssad.statistics.sk\/SSaD\/index.php\/sprocha-b-vano-b-bleha-b-prognoza-vyvoja-obyvatelstva-v-okresoch-slovenskej-republiky-do-roku-2035\/\">\u0160procha, B. \u2013 Va\u0148o, B. \u2013 Bleha, B.: Progn\u00f3za v\u00fdvoja obyvate\u013estva v okresoch Slovenskej republiky do roku 2035<\/a><\/h2><time class=\"w-post-elm post_date usg_post_date_1 entry-date published\" datetime=\"2014-04-15T11:34:05+02:00\"><i class=\"far fa-clock\"><\/i>15. apr\u00edla 2014<\/time><div class=\"w-post-elm post_content usg_post_content_1\"><p>Zuzana Podmanick\u00e1, \u0160tatistick\u00fd \u00farad Slovenskej republiky, Slovensk\u00e1 republika<\/p>\n<p> <a href=\"https:\/\/ssad.statistics.sk\/SSaD\/index.php\/sprocha-b-vano-b-bleha-b-prognoza-vyvoja-obyvatelstva-v-okresoch-slovenskej-republiky-do-roku-2035\/#more-1485\" class=\"more-link\"><span aria-label=\"\u010c\u00edta\u0165 \u010falej \u0160procha, B. \u2013 Va\u0148o, B. \u2013 Bleha, B.: Progn\u00f3za v\u00fdvoja obyvate\u013estva v okresoch Slovenskej republiky do roku 2035\">(viac&hellip;)<\/span><\/a><\/p>\n<\/div>\t\t<\/div>\r\n\t<\/article>\r\n<\/div><div class=\"w-grid-preloader\"><div class=\"g-preloader type_1\">\r\n\t<div><\/div>\r\n<\/div>\r\n<\/div>\t<div class=\"w-grid-json hidden\" onclick='return {&quot;action&quot;:&quot;us_ajax_grid&quot;,&quot;ajax_url&quot;:&quot;https:\\\/\\\/ssad.statistics.sk\\\/SSaD\\\/wp-admin\\\/admin-ajax.php&quot;,&quot;infinite_scroll&quot;:0,&quot;max_num_pages&quot;:1,&quot;pagination&quot;:&quot;none&quot;,&quot;permalink_url&quot;:&quot;https:\\\/\\\/ssad.statistics.sk\\\/SSaD\\\/wp-json\\\/wp\\\/v2\\\/pages\\\/1457&quot;,&quot;template_vars&quot;:{&quot;columns&quot;:&quot;1&quot;,&quot;exclude_items&quot;:&quot;none&quot;,&quot;img_size&quot;:&quot;default&quot;,&quot;ignore_items_size&quot;:0,&quot;items_layout&quot;:&quot;146&quot;,&quot;items_offset&quot;:&quot;1&quot;,&quot;load_animation&quot;:&quot;none&quot;,&quot;overriding_link&quot;:&quot;none&quot;,&quot;post_id&quot;:1478,&quot;query_args&quot;:{&quot;post_type&quot;:[&quot;post&quot;],&quot;tax_query&quot;:[{&quot;taxonomy&quot;:&quot;category&quot;,&quot;field&quot;:&quot;slug&quot;,&quot;terms&quot;:[&quot;2-2014-informativne-clanky-nazory-recenzie-rozhovory-informacie&quot;]}],&quot;post_status&quot;:[&quot;publish&quot;],&quot;posts_per_page&quot;:&quot;20&quot;},&quot;orderby_query_args&quot;:{&quot;orderby&quot;:{&quot;date&quot;:&quot;DESC&quot;}},&quot;type&quot;:&quot;grid&quot;,&quot;us_grid_ajax_index&quot;:1,&quot;us_grid_filter_params&quot;:null,&quot;us_grid_index&quot;:2,&quot;_us_grid_post_type&quot;:&quot;post&quot;}}'><\/div>\r\n\t<\/div>\n<\/div><\/div><\/div><\/div><\/div><\/div><\/div><\/section>\n","protected":false},"excerpt":{"rendered":"Zuzana Podmanick\u00e1, \u0160tatistick\u00fd \u00farad Slovenskej republiky, Slovensk\u00e1 republika Typ \u010dl\u00e1nku: recenzia Strany: 84 - 85 \u010cl\u00e1nok na stiahnutie PDF (613,7 KB, 519 stiahnut\u00ed)","protected":false},"author":4,"featured_media":0,"parent":0,"menu_order":0,"comment_status":"closed","ping_status":"closed","template":"","meta":{"_exactmetrics_skip_tracking":false,"_exactmetrics_sitenote_active":false,"_exactmetrics_sitenote_note":"","_exactmetrics_sitenote_category":0,"footnotes":""},"class_list":["post-1457","page","type-page","status-publish","hentry"],"_links":{"self":[{"href":"https:\/\/ssad.statistics.sk\/SSaD\/index.php\/wp-json\/wp\/v2\/pages\/1457","targetHints":{"allow":["GET"]}}],"collection":[{"href":"https:\/\/ssad.statistics.sk\/SSaD\/index.php\/wp-json\/wp\/v2\/pages"}],"about":[{"href":"https:\/\/ssad.statistics.sk\/SSaD\/index.php\/wp-json\/wp\/v2\/types\/page"}],"author":[{"embeddable":true,"href":"https:\/\/ssad.statistics.sk\/SSaD\/index.php\/wp-json\/wp\/v2\/users\/4"}],"replies":[{"embeddable":true,"href":"https:\/\/ssad.statistics.sk\/SSaD\/index.php\/wp-json\/wp\/v2\/comments?post=1457"}],"version-history":[{"count":9,"href":"https:\/\/ssad.statistics.sk\/SSaD\/index.php\/wp-json\/wp\/v2\/pages\/1457\/revisions"}],"predecessor-version":[{"id":4121,"href":"https:\/\/ssad.statistics.sk\/SSaD\/index.php\/wp-json\/wp\/v2\/pages\/1457\/revisions\/4121"}],"wp:attachment":[{"href":"https:\/\/ssad.statistics.sk\/SSaD\/index.php\/wp-json\/wp\/v2\/media?parent=1457"}],"curies":[{"name":"wp","href":"https:\/\/api.w.org\/{rel}","templated":true}]}}