{"id":1339,"date":"2019-10-15T12:48:47","date_gmt":"2019-10-15T10:48:47","guid":{"rendered":"https:\/\/ssad.statistics.sk\/SSaD\/?page_id=1339"},"modified":"2024-10-15T12:46:12","modified_gmt":"2024-10-15T10:46:12","slug":"slovenska-statistika-a-demografia-4-2019","status":"publish","type":"page","link":"https:\/\/ssad.statistics.sk\/SSaD\/index.php\/slovenska-statistika-a-demografia-4-2019\/","title":{"rendered":"Slovensk\u00e1 \u0161tatistika a demografia 4\/2019"},"content":{"rendered":"<section class=\"l-section wpb_row padding-top-journal height_auto\"><div class=\"l-section-h i-cf\"><div class=\"g-cols vc_row via_flex valign_top type_default stacking_default\"><div class=\"vc_col-sm-12 wpb_column vc_column_container\"><div class=\"vc_column-inner\"><div class=\"wpb_wrapper\"><div class=\"wpb_text_column\"><div class=\"wpb_wrapper\"><h1>Slovensk\u00e1 \u0161tatistika a demografia 4\/2019<\/h1>\n<\/div><\/div><\/div><\/div><\/div><\/div><\/div><\/section><section class=\"l-section wpb_row us_custom_18c73a72 height_auto\"><div class=\"l-section-h i-cf\"><div class=\"g-cols vc_row via_flex valign_top type_default stacking_default\"><div class=\"vc_col-sm-2 wpb_column vc_column_container\"><div class=\"vc_column-inner\"><div class=\"wpb_wrapper\"><div class=\"w-image style_outlined align_none\"><div class=\"w-image-h\"><img loading=\"lazy\" decoding=\"async\" width=\"142\" height=\"190\" src=\"https:\/\/ssad.statistics.sk\/SSaD\/wp-content\/uploads\/2019\/02\/casopis2019_142x190.png\" class=\"attachment-full size-full\" alt=\"SSaD 2019\" \/><\/div><\/div><\/div><\/div><\/div><div class=\"vc_col-sm-6 wpb_column vc_column_container\"><div class=\"vc_column-inner\"><div class=\"wpb_wrapper\">[vc_raw_html]JTNDZGl2JTIwY2xhc3MlM0QlMjJkZXRhaWwlMjIlM0UlMjAlMEElMjAlMjAlMjAlMjAlM0NwJTNFUG8lQzQlOERldCUyMHN0ciVDMyVBMW4lM0ElMjA2OCUzQyUyRnAlM0UlMEElMjAlMjAlMjAlMjAlM0NwJTNFUGVyaW9kaWNpdGElM0ElMjA0LWtyJUMzJUExdCUyMHJvJUM0JThEbmUlM0MlMkZwJTNFJTIwJTIwJTIwJTBBJTIwJTIwJTIwJTIwJTNDcCUzRUlTU04lM0ElMjAxMzM5LTY4NTQlMjAlMjhvbmxpbmUlMjklM0MlMkZwJTNFJTBBJTIwJTIwJTIwJTIwJTNDcCUzRSUzQ3NwYW4lMjBzdHlsZSUzRCUyMnBhZGRpbmctbGVmdCUzQSUyMDQ3cHglM0IlMjIlM0UxMjEwLTEwOTUlMjAlMjh0bGElQzQlOERlbiVDMyVBOSUyMHZ5ZGFuaWUlMjklM0MlMkZzcGFuJTNFJTNDJTJGcCUzRSUwQSUzQyUyRmRpdiUzRQ==[\/vc_raw_html]<\/div><\/div><\/div><div class=\"vc_col-sm-4 wpb_column vc_column_container\"><div class=\"vc_column-inner\"><div class=\"wpb_wrapper\">[vc_raw_html css=&#8220;.vc_custom_1571126798527{margin-top: 3.35em !important;}&#8220;]JTNDZGl2JTNFJTIwJTIwJTIwJTIwJTBBJTIwJTIwJTIwJTIwJTNDcCUzRSUzQ3NwYW4lMjBzdHlsZSUzRCUyMmxpbmUtaGVpZ2h0JTNBJTIwMi4xZW0lM0IlMjBwYWRkaW5nLWxlZnQlM0ElMjA0cHglM0IlMjBjb2xvciUzQSUyMCUyMzFlNGU5ZCUzQiUyMiUzRUtvbXBsZXRuJUMzJUE5JTIwJUM0JThEJUMzJUFEc2xvJTNDJTJGc3BhbiUzRSUzQ2JyJTNFJTIwJTVCZG93bmxvYWQlMjBpZCUzRCUyMjc0JTIyJTVEJTIwc3RpYWhudXQlQzMlQUQlMjklM0MlMkZzcGFuJTNFJTNDJTJGcCUzRSUwQSUzQyUyRmRpdiUzRQ==[\/vc_raw_html]<\/div><\/div><\/div><\/div><\/div><\/section><section class=\"l-section wpb_row us_custom_5c07cc07 height_auto\"><div class=\"l-section-h i-cf\"><div class=\"g-cols vc_row via_flex valign_top type_default stacking_default\"><div class=\"vc_col-sm-12 wpb_column vc_column_container\"><div class=\"vc_column-inner\"><div class=\"wpb_wrapper\"><div class=\"w-separator us_custom_fd420121 has_text_color size_medium with_line width_default thick_1 style_dashed color_border align_center\"><div class=\"w-separator-h\"><\/div><\/div><\/div><\/div><\/div><\/div><\/div><\/section><section class=\"l-section wpb_row us_custom_85c8db04 height_auto\"><div class=\"l-section-h i-cf\"><div class=\"g-cols vc_row via_flex valign_top type_default stacking_default\"><div class=\"vc_col-sm-12 wpb_column vc_column_container\"><div class=\"vc_column-inner\"><div class=\"wpb_wrapper\"><div class=\"wpb_text_column\"><div class=\"wpb_wrapper\"><h2>VEDECK\u00c9 \u010cL\u00c1NKY<\/h2>\n<div class=\"w-grid us_custom_2b991ef7 type_grid layout_146\" id=\"us_grid_1\" data-filterable=\"true\"><style>#us_grid_1 .w-grid-item:not(:last-child){margin-bottom:2.5rem}#us_grid_1 .g-loadmore{margin-top:2.5rem}.layout_146 .w-grid-item-h{}.layout_146 .usg_post_title_1{font-family:var(--font-body)!important;font-size:21px!important}.layout_146 .usg_post_date_1{font-family:var(--font-body)!important;font-size:0.9rem!important}.layout_146 .usg_post_content_1{margin-top:0.5rem!important;font-family:var(--font-body)!important}@media (max-width:600px){.layout_146 .usg_post_title_1{font-size:18px!important}}<\/style><div class=\"w-grid-list\">\t<article class=\"w-grid-item size_1x1 post-1356 post type-post status-publish format-standard hentry category-4-2019-vedecke-clanky category-skusobna-2020-vc tag-autor-branislav-sprocha tag-plodnost tag-potratovost tag-slovensko tag-ukoncene-tehotenstva tag-vzdelanie\" data-id=\"1356\">\r\n\t\t<div class=\"w-grid-item-h\">\r\n\t\t\t\t\t\t<h2 class=\"w-post-elm post_title usg_post_title_1 entry-title color_link_inherit\"><a href=\"https:\/\/ssad.statistics.sk\/SSaD\/index.php\/niektore-aspekty-prokreativneho-spravania-na-slovensku-v-spojitosti-s-najvyssim-dosiahnutim-vzdelanim\/\">Niektor\u00e9 aspekty prokreat\u00edvneho spr\u00e1vania na Slovensku v spojitosti s najvy\u0161\u0161\u00edm dosiahnut\u00edm vzdelan\u00edm<\/a><\/h2><time class=\"w-post-elm post_date usg_post_date_1 entry-date published\" datetime=\"2019-10-15T10:59:54+02:00\"><i class=\"far fa-clock\"><\/i>15. okt\u00f3bra 2019<\/time><div class=\"w-post-elm post_content usg_post_content_1\"><p>Branislav \u0160procha, INFOSTAT \u2013 V\u00fdskumn\u00e9 demografick\u00e9 centrum, Slovensk\u00e1 republika<\/p>\n<p> <a href=\"https:\/\/ssad.statistics.sk\/SSaD\/index.php\/niektore-aspekty-prokreativneho-spravania-na-slovensku-v-spojitosti-s-najvyssim-dosiahnutim-vzdelanim\/#more-1356\" class=\"more-link\"><span aria-label=\"\u010c\u00edta\u0165 \u010falej Niektor\u00e9 aspekty prokreat\u00edvneho spr\u00e1vania na Slovensku v spojitosti s najvy\u0161\u0161\u00edm dosiahnut\u00edm vzdelan\u00edm\">(viac&hellip;)<\/span><\/a><\/p>\n<\/div>\t\t<\/div>\r\n\t<\/article>\r\n\t<article class=\"w-grid-item size_1x1 post-1354 post type-post status-publish format-standard hentry category-4-2019-vedecke-clanky tag-autor-branislav-sprocha tag-multidimenzionalny-pristup tag-nove-pristupy tag-populacne-starnutie tag-prospektivny-pohlad\" data-id=\"1354\">\r\n\t\t<div class=\"w-grid-item-h\">\r\n\t\t\t\t\t\t<h2 class=\"w-post-elm post_title usg_post_title_1 entry-title color_link_inherit\"><a href=\"https:\/\/ssad.statistics.sk\/SSaD\/index.php\/niektore-nove-pristupy-k-analyze-populacneho-starnutia\/\">Niektor\u00e9 nov\u00e9 pr\u00edstupy k anal\u00fdze popula\u010dn\u00e9ho starnutia<\/a><\/h2><time class=\"w-post-elm post_date usg_post_date_1 entry-date published\" datetime=\"2019-10-15T10:56:30+02:00\"><i class=\"far fa-clock\"><\/i>15. okt\u00f3bra 2019<\/time><div class=\"w-post-elm post_content usg_post_content_1\"><p>Branislav \u0160procha, INFOSTAT \u2013 V\u00fdskumn\u00e9 demografick\u00e9 centrum, Slovensk\u00e1 republika<\/p>\n<p> <a href=\"https:\/\/ssad.statistics.sk\/SSaD\/index.php\/niektore-nove-pristupy-k-analyze-populacneho-starnutia\/#more-1354\" class=\"more-link\"><span aria-label=\"\u010c\u00edta\u0165 \u010falej Niektor\u00e9 nov\u00e9 pr\u00edstupy k anal\u00fdze popula\u010dn\u00e9ho starnutia\">(viac&hellip;)<\/span><\/a><\/p>\n<\/div>\t\t<\/div>\r\n\t<\/article>\r\n\t<article class=\"w-grid-item size_1x1 post-1351 post type-post status-publish format-standard hentry category-4-2019-vedecke-clanky tag-administrativne-zdroje-udajov tag-adresny-bod tag-autor-lucia-vanisova tag-geograficky-informacny-system tag-scitanie-obyvatelov-domov-a-bytov tag-uzemna-priprava\" data-id=\"1351\">\r\n\t\t<div class=\"w-grid-item-h\">\r\n\t\t\t\t\t\t<h2 class=\"w-post-elm post_title usg_post_title_1 entry-title color_link_inherit\"><a href=\"https:\/\/ssad.statistics.sk\/SSaD\/index.php\/cesta-k-adresnemu-bodu-proces-a-technicka-specifikacia-postupu-uzemnej-pripravy-so-zameranim-na-adresne-body\/\">Cesta k adresn\u00e9mu bodu \u2013 proces a technick\u00e1 \u0161pecifik\u00e1cia postupu \u00fazemnej pr\u00edpravy so zameran\u00edm na adresn\u00e9 body<\/a><\/h2><time class=\"w-post-elm post_date usg_post_date_1 entry-date published\" datetime=\"2019-10-15T10:49:46+02:00\"><i class=\"far fa-clock\"><\/i>15. okt\u00f3bra 2019<\/time><div class=\"w-post-elm post_content usg_post_content_1\"><p>Lucia Vani\u0161ov\u00e1, \u0160tatistick\u00fd \u00farad Slovenskej republiky, Slovensk\u00e1 republika<\/p>\n<p> <a href=\"https:\/\/ssad.statistics.sk\/SSaD\/index.php\/cesta-k-adresnemu-bodu-proces-a-technicka-specifikacia-postupu-uzemnej-pripravy-so-zameranim-na-adresne-body\/#more-1351\" class=\"more-link\"><span aria-label=\"\u010c\u00edta\u0165 \u010falej Cesta k adresn\u00e9mu bodu \u2013 proces a technick\u00e1 \u0161pecifik\u00e1cia postupu \u00fazemnej pr\u00edpravy so zameran\u00edm na adresn\u00e9 body\">(viac&hellip;)<\/span><\/a><\/p>\n<\/div>\t\t<\/div>\r\n\t<\/article>\r\n\t<article class=\"w-grid-item size_1x1 post-1349 post type-post status-publish format-standard hentry category-4-2019-vedecke-clanky tag-autor-helena-glaser-opitzova tag-cena-za-jednotku-tovaru tag-cenove-indexy tag-drift-v-casovom-rade-retazenych-indexov tag-scanner-data\" data-id=\"1349\">\r\n\t\t<div class=\"w-grid-item-h\">\r\n\t\t\t\t\t\t<h2 class=\"w-post-elm post_title usg_post_title_1 entry-title color_link_inherit\"><a href=\"https:\/\/ssad.statistics.sk\/SSaD\/index.php\/nove-zdroje-udajov-pre-cenovu-statistiku-a-metody-ich-spracovania\/\">Nov\u00e9 zdroje \u00fadajov pre cenov\u00fa \u0161tatistiku a met\u00f3dy ich spracovania<\/a><\/h2><time class=\"w-post-elm post_date usg_post_date_1 entry-date published\" datetime=\"2019-10-15T10:49:16+02:00\"><i class=\"far fa-clock\"><\/i>15. okt\u00f3bra 2019<\/time><div class=\"w-post-elm post_content usg_post_content_1\"><p>Helena Glaser-Opitzov\u00e1, \u0160tatistick\u00fd \u00farad Slovenskej republiky, Slovensk\u00e1 republika<\/p>\n<p> <a href=\"https:\/\/ssad.statistics.sk\/SSaD\/index.php\/nove-zdroje-udajov-pre-cenovu-statistiku-a-metody-ich-spracovania\/#more-1349\" class=\"more-link\"><span aria-label=\"\u010c\u00edta\u0165 \u010falej Nov\u00e9 zdroje \u00fadajov pre cenov\u00fa \u0161tatistiku a met\u00f3dy ich spracovania\">(viac&hellip;)<\/span><\/a><\/p>\n<\/div>\t\t<\/div>\r\n\t<\/article>\r\n<\/div><div class=\"w-grid-preloader\"><div class=\"g-preloader type_1\">\r\n\t<div><\/div>\r\n<\/div>\r\n<\/div>\t<div class=\"w-grid-json hidden\" onclick='return {&quot;action&quot;:&quot;us_ajax_grid&quot;,&quot;ajax_url&quot;:&quot;https:\\\/\\\/ssad.statistics.sk\\\/SSaD\\\/wp-admin\\\/admin-ajax.php&quot;,&quot;infinite_scroll&quot;:0,&quot;max_num_pages&quot;:1,&quot;pagination&quot;:&quot;none&quot;,&quot;permalink_url&quot;:&quot;https:\\\/\\\/ssad.statistics.sk\\\/SSaD\\\/wp-json\\\/wp\\\/v2\\\/pages\\\/1339&quot;,&quot;template_vars&quot;:{&quot;columns&quot;:&quot;1&quot;,&quot;exclude_items&quot;:&quot;none&quot;,&quot;img_size&quot;:&quot;default&quot;,&quot;ignore_items_size&quot;:0,&quot;items_layout&quot;:&quot;146&quot;,&quot;items_offset&quot;:&quot;1&quot;,&quot;load_animation&quot;:&quot;none&quot;,&quot;overriding_link&quot;:&quot;none&quot;,&quot;post_id&quot;:1339,&quot;query_args&quot;:{&quot;post_type&quot;:[&quot;post&quot;],&quot;tax_query&quot;:[{&quot;taxonomy&quot;:&quot;category&quot;,&quot;field&quot;:&quot;slug&quot;,&quot;terms&quot;:[&quot;4-2019-vedecke-clanky&quot;,&quot;4-2019-vedecke-clanky&quot;,&quot;skusobna-2020-vc&quot;]}],&quot;post_status&quot;:[&quot;publish&quot;],&quot;posts_per_page&quot;:&quot;20&quot;},&quot;orderby_query_args&quot;:{&quot;orderby&quot;:{&quot;date&quot;:&quot;DESC&quot;}},&quot;type&quot;:&quot;grid&quot;,&quot;us_grid_ajax_index&quot;:1,&quot;us_grid_filter_params&quot;:null,&quot;us_grid_index&quot;:1,&quot;_us_grid_post_type&quot;:&quot;post&quot;}}'><\/div>\r\n\t<\/div>\n<\/div><\/div><\/div><\/div><\/div><\/div><\/div><\/section><section class=\"l-section wpb_row us_custom_c4a4bb17 height_auto\"><div class=\"l-section-h i-cf\"><div class=\"g-cols vc_row via_flex valign_top type_default stacking_default\"><div class=\"vc_col-sm-12 wpb_column vc_column_container\"><div class=\"vc_column-inner\"><div class=\"wpb_wrapper\"><div class=\"wpb_text_column\"><div class=\"wpb_wrapper\"><h2>INFORMAT\u00cdVNE \u010cL\u00c1NKY, N\u00c1ZORY, RECENZIE, ROZHOVORY, INFORM\u00c1CIE<\/h2>\n<div class=\"w-grid us_custom_2b991ef7 type_grid layout_146\" id=\"us_grid_2\"><style>#us_grid_2 .w-grid-item:not(:last-child){margin-bottom:2.5rem}#us_grid_2 .g-loadmore{margin-top:2.5rem}<\/style><div class=\"w-grid-list\">\t<article class=\"w-grid-item size_1x1 post-1358 post type-post status-publish format-standard hentry category-4-2019-informativne-clanky-nazory-recenzie-rozhovory-informacie tag-autor-branislav-bleha\" data-id=\"1358\">\r\n\t\t<div class=\"w-grid-item-h\">\r\n\t\t\t\t\t\t<h2 class=\"w-post-elm post_title usg_post_title_1 entry-title color_link_inherit\"><a href=\"https:\/\/ssad.statistics.sk\/SSaD\/index.php\/17-slovenska-demograficka-konferencia-2019\/\">17. Slovensk\u00e1 demografick\u00e1 konferencia 2019<\/a><\/h2><time class=\"w-post-elm post_date usg_post_date_1 entry-date published\" datetime=\"2019-10-15T11:02:42+02:00\"><i class=\"far fa-clock\"><\/i>15. okt\u00f3bra 2019<\/time><div class=\"w-post-elm post_content usg_post_content_1\"><p>Branislav Bleha, Pr\u00edrodovedeck\u00e1 fakulta, Univerzita Komensk\u00e9ho v Bratislave, Slovensk\u00e1 republika<\/p>\n<p> <a href=\"https:\/\/ssad.statistics.sk\/SSaD\/index.php\/17-slovenska-demograficka-konferencia-2019\/#more-1358\" class=\"more-link\"><span aria-label=\"\u010c\u00edta\u0165 \u010falej 17. Slovensk\u00e1 demografick\u00e1 konferencia 2019\">(viac&hellip;)<\/span><\/a><\/p>\n<\/div>\t\t<\/div>\r\n\t<\/article>\r\n<\/div><div class=\"w-grid-preloader\"><div class=\"g-preloader type_1\">\r\n\t<div><\/div>\r\n<\/div>\r\n<\/div>\t<div class=\"w-grid-json hidden\" onclick='return {&quot;action&quot;:&quot;us_ajax_grid&quot;,&quot;ajax_url&quot;:&quot;https:\\\/\\\/ssad.statistics.sk\\\/SSaD\\\/wp-admin\\\/admin-ajax.php&quot;,&quot;infinite_scroll&quot;:0,&quot;max_num_pages&quot;:1,&quot;pagination&quot;:&quot;none&quot;,&quot;permalink_url&quot;:&quot;https:\\\/\\\/ssad.statistics.sk\\\/SSaD\\\/wp-json\\\/wp\\\/v2\\\/pages\\\/1339&quot;,&quot;template_vars&quot;:{&quot;columns&quot;:&quot;1&quot;,&quot;exclude_items&quot;:&quot;none&quot;,&quot;img_size&quot;:&quot;default&quot;,&quot;ignore_items_size&quot;:0,&quot;items_layout&quot;:&quot;146&quot;,&quot;items_offset&quot;:&quot;1&quot;,&quot;load_animation&quot;:&quot;none&quot;,&quot;overriding_link&quot;:&quot;none&quot;,&quot;post_id&quot;:1349,&quot;query_args&quot;:{&quot;post_type&quot;:[&quot;post&quot;],&quot;tax_query&quot;:[{&quot;taxonomy&quot;:&quot;category&quot;,&quot;field&quot;:&quot;slug&quot;,&quot;terms&quot;:[&quot;4-2019-informativne-clanky-nazory-recenzie-rozhovory-informacie&quot;]}],&quot;post_status&quot;:[&quot;publish&quot;],&quot;posts_per_page&quot;:&quot;20&quot;},&quot;orderby_query_args&quot;:{&quot;orderby&quot;:{&quot;date&quot;:&quot;DESC&quot;}},&quot;type&quot;:&quot;grid&quot;,&quot;us_grid_ajax_index&quot;:1,&quot;us_grid_filter_params&quot;:null,&quot;us_grid_index&quot;:2,&quot;_us_grid_post_type&quot;:&quot;post&quot;}}'><\/div>\r\n\t<\/div>\n<\/div><\/div><\/div><\/div><\/div><\/div><\/div><\/section><section class=\"l-section wpb_row us_custom_c4a4bb17 height_auto\"><div class=\"l-section-h i-cf\"><div class=\"g-cols vc_row via_flex valign_top type_default stacking_default\"><div class=\"vc_col-sm-12 wpb_column vc_column_container\"><div class=\"vc_column-inner us_custom_5c07cc07\"><div class=\"wpb_wrapper\"><div class=\"wpb_text_column\"><div class=\"wpb_wrapper\"><h2>PRIPRAVUJEME<\/h2>\n<p>&nbsp;<\/p>\n<h2 class=\"soon1\">Mikrosimula\u010dn\u00e9 modely v demografii<\/h2>\n<p>Boris Va\u0148o, INFOSTAT \u2013 V\u00fdskumn\u00e9 demografick\u00e9 centrum, Slovensk\u00e1 republika<\/p>\n<h2 class=\"soon\">Sob\u00e1\u0161nos\u0165 mestsk\u00e9ho a vidieckeho obyvate\u013estva na Slovensku<\/h2>\n<p>Veronika Kri\u0161kov\u00e1, \u0160tatistick\u00fd \u00farad Slovenskej republiky, Slovensk\u00e1 republika<\/p>\n<h2 class=\"soon\">Vyu\u017eitie nepriamo \u0161tandardizovan\u00fdch hrub\u00fdch mier pri tvorbe Webbovej typol\u00f3gie celkov\u00e9ho pr\u00edrastku obyvate\u013estva: Aplik\u00e1cia na \u00farove\u0148 obc\u00ed Slovenskej republiky v obdob\u00ed 1988 \u2013 2016<\/h2>\n<p>Ondrej Oravec, Pavol \u010eur\u010dek, Pr\u00edrodovedeck\u00e1 fakulta, Univerzita Komensk\u00e9ho v Bratislave, Slovensk\u00e1 republika<\/p>\n<\/div><\/div><\/div><\/div><\/div><\/div><\/div><\/section>\n","protected":false},"excerpt":{"rendered":"Branislav Bleha, Pr\u00edrodovedeck\u00e1 fakulta, Univerzita Komensk\u00e9ho v Bratislave, Slovensk\u00e1 republika Typ \u010dl\u00e1nku: informat\u00edvny \u010dl\u00e1nok Strany: 67 &nbsp; \u010cl\u00e1nok na stiahnutie PDF (1,0 MB, 517 stiahnut\u00ed)","protected":false},"author":4,"featured_media":0,"parent":0,"menu_order":0,"comment_status":"closed","ping_status":"closed","template":"","meta":{"_exactmetrics_skip_tracking":false,"_exactmetrics_sitenote_active":false,"_exactmetrics_sitenote_note":"","_exactmetrics_sitenote_category":0,"footnotes":""},"class_list":["post-1339","page","type-page","status-publish","hentry"],"_links":{"self":[{"href":"https:\/\/ssad.statistics.sk\/SSaD\/index.php\/wp-json\/wp\/v2\/pages\/1339","targetHints":{"allow":["GET"]}}],"collection":[{"href":"https:\/\/ssad.statistics.sk\/SSaD\/index.php\/wp-json\/wp\/v2\/pages"}],"about":[{"href":"https:\/\/ssad.statistics.sk\/SSaD\/index.php\/wp-json\/wp\/v2\/types\/page"}],"author":[{"embeddable":true,"href":"https:\/\/ssad.statistics.sk\/SSaD\/index.php\/wp-json\/wp\/v2\/users\/4"}],"replies":[{"embeddable":true,"href":"https:\/\/ssad.statistics.sk\/SSaD\/index.php\/wp-json\/wp\/v2\/comments?post=1339"}],"version-history":[{"count":11,"href":"https:\/\/ssad.statistics.sk\/SSaD\/index.php\/wp-json\/wp\/v2\/pages\/1339\/revisions"}],"predecessor-version":[{"id":4160,"href":"https:\/\/ssad.statistics.sk\/SSaD\/index.php\/wp-json\/wp\/v2\/pages\/1339\/revisions\/4160"}],"wp:attachment":[{"href":"https:\/\/ssad.statistics.sk\/SSaD\/index.php\/wp-json\/wp\/v2\/media?parent=1339"}],"curies":[{"name":"wp","href":"https:\/\/api.w.org\/{rel}","templated":true}]}}