{"id":1292,"date":"2019-07-15T09:55:02","date_gmt":"2019-07-15T07:55:02","guid":{"rendered":"https:\/\/ssad.statistics.sk\/SSaD\/?page_id=1292"},"modified":"2024-10-15T13:27:09","modified_gmt":"2024-10-15T11:27:09","slug":"slovak-statistics-and-demography-3-2019","status":"publish","type":"page","link":"https:\/\/ssad.statistics.sk\/SSaD\/index.php\/slovak-statistics-and-demography-3-2019\/?lang=en","title":{"rendered":"Slovak Statistics and Demography 3\/2019"},"content":{"rendered":"<section class=\"l-section wpb_row padding-top-journal height_auto\"><div class=\"l-section-h i-cf\"><div class=\"g-cols vc_row via_flex valign_top type_default stacking_default\"><div class=\"vc_col-sm-12 wpb_column vc_column_container\"><div class=\"vc_column-inner\"><div class=\"wpb_wrapper\"><div class=\"wpb_text_column\"><div class=\"wpb_wrapper\"><h1>Slovak Statistics and Demography 3\/2019<\/h1>\n<\/div><\/div><\/div><\/div><\/div><\/div><\/div><\/section><section class=\"l-section wpb_row us_custom_18c73a72 height_auto\"><div class=\"l-section-h i-cf\"><div class=\"g-cols vc_row via_flex valign_top type_default stacking_default\"><div class=\"vc_col-sm-2 wpb_column vc_column_container\"><div class=\"vc_column-inner\"><div class=\"wpb_wrapper\"><div class=\"w-image style_outlined align_none\"><div class=\"w-image-h\"><img loading=\"lazy\" decoding=\"async\" width=\"142\" height=\"190\" src=\"https:\/\/ssad.statistics.sk\/SSaD\/wp-content\/uploads\/2019\/02\/casopis2019_142x190.png\" class=\"attachment-full size-full\" alt=\"SSaD 2019\" \/><\/div><\/div><\/div><\/div><\/div><div class=\"vc_col-sm-6 wpb_column vc_column_container\"><div class=\"vc_column-inner\"><div class=\"wpb_wrapper\">[vc_raw_html]PGRpdiBjbGFzcz0iZGV0YWlsIj4NCg0KPHA+TnVtYmVyIG9mIHBhZ2VzOiA2MDwvcD4NCg0KPHA+UGVyaW9kaWNpdHk6IDQgdGltZXMgYSB5ZWFyPC9wPg0KDQo8cD5JU1NOOiAxMzM5LTY4NTQgKG9ubGluZSk8L3A+DQoNCjxwPjxzcGFuIHN0eWxlPSJwYWRkaW5nLWxlZnQ6IDQ3cHg7Ij4xMjEwLTEwOTUgKHByaW50ZWQgdmVyc2lvbik8L3NwYW4+PC9wPg0KDQo8L2Rpdj4=[\/vc_raw_html]<\/div><\/div><\/div><div class=\"vc_col-sm-4 wpb_column vc_column_container\"><div class=\"vc_column-inner\"><div class=\"wpb_wrapper\">[vc_raw_html css=&#8220;.vc_custom_1571206857337{margin-top: 3.35em !important;}&#8220; el_class=&#8220;download-content&#8220;]PGRpdj4NCg0KPHA+PHNwYW4gc3R5bGU9ImxpbmUtaGVpZ2h0OiAyLjFlbTsgcGFkZGluZy1sZWZ0OiAwcHg7IGNvbG9yOiAjMWU0ZTlkOyI+Q29tcGxldGUgaXNzdWU8L3NwYW4+PGJyPg0KW2Rvd25sb2FkIGlkPSI4MSJdIGRvd25sb2Fkcyk8L3A+DQoNCjwvZGl2Pg==[\/vc_raw_html]<\/div><\/div><\/div><\/div><\/div><\/section><section class=\"l-section wpb_row us_custom_5c07cc07 height_auto\"><div class=\"l-section-h i-cf\"><div class=\"g-cols vc_row via_flex valign_top type_default stacking_default\"><div class=\"vc_col-sm-12 wpb_column vc_column_container\"><div class=\"vc_column-inner\"><div class=\"wpb_wrapper\"><div class=\"w-separator us_custom_fd420121 has_text_color size_medium with_line width_default thick_1 style_dashed color_border align_center\"><div class=\"w-separator-h\"><\/div><\/div><\/div><\/div><\/div><\/div><\/div><\/section><section class=\"l-section wpb_row us_custom_85c8db04 height_auto\"><div class=\"l-section-h i-cf\"><div class=\"g-cols vc_row via_flex valign_top type_default stacking_default\"><div class=\"vc_col-sm-12 wpb_column vc_column_container\"><div class=\"vc_column-inner\"><div class=\"wpb_wrapper\"><div class=\"wpb_text_column\"><div class=\"wpb_wrapper\"><h2>SCIENTIFIC ARTICLES<\/h2>\n<div class=\"w-grid us_custom_2b991ef7 type_grid layout_146\" id=\"us_grid_1\" data-filterable=\"true\"><style>#us_grid_1 .w-grid-item:not(:last-child){margin-bottom:2.5rem}#us_grid_1 .g-loadmore{margin-top:2.5rem}.layout_146 .w-grid-item-h{}.layout_146 .usg_post_title_1{font-family:var(--font-body)!important;font-size:21px!important}.layout_146 .usg_post_date_1{font-family:var(--font-body)!important;font-size:0.9rem!important}.layout_146 .usg_post_content_1{margin-top:0.5rem!important;font-family:var(--font-body)!important}@media (max-width:600px){.layout_146 .usg_post_title_1{font-size:18px!important}}<\/style><div class=\"w-grid-list\">\t<article class=\"w-grid-item size_1x1 post-1277 post type-post status-publish format-standard hentry category-3-2019-vedecke-clanky tag-autor-dagmar-bartonova tag-ceska-republika tag-demograficke-struktury tag-obdobi-1918-2018 tag-rodinny-stav tag-vekove-slozeni tag-vzdelanostni-a-narodnostni-struktura\" data-id=\"1277\">\r\n\t\t<div class=\"w-grid-item-h\">\r\n\t\t\t\t\t\t<h2 class=\"w-post-elm post_title usg_post_title_1 entry-title color_link_inherit\"><a href=\"https:\/\/ssad.statistics.sk\/SSaD\/index.php\/demograficke-struktury-obyvatelstva-ceske-republiky-v-obdobi-1918-2018\/\">Demografick\u00e9 struktury obyvatelstva \u010cesk\u00e9 republiky v obdob\u00ed 1918 \u2013 2018<\/a><\/h2><time class=\"w-post-elm post_date usg_post_date_1 entry-date published\" datetime=\"2019-07-15T08:10:54+02:00\"><i class=\"far fa-clock\"><\/i>15. j\u00fala 2019<\/time><div class=\"w-post-elm post_content usg_post_content_1\"><p>Dagmar Barto\u0148ov\u00e1, P\u0159\u00edrodov\u011bdeck\u00e1 fakulta, Univerzita Karlova, \u010cesk\u00e1 republika<\/p>\n<p> <a href=\"https:\/\/ssad.statistics.sk\/SSaD\/index.php\/demograficke-struktury-obyvatelstva-ceske-republiky-v-obdobi-1918-2018\/#more-1277\" class=\"more-link\"><span aria-label=\"\u010c\u00edta\u0165 \u010falej Demografick\u00e9 struktury obyvatelstva \u010cesk\u00e9 republiky v obdob\u00ed 1918 \u2013 2018\">(viac&hellip;)<\/span><\/a><\/p>\n<\/div>\t\t<\/div>\r\n\t<\/article>\r\n\t<article class=\"w-grid-item size_1x1 post-1279 post type-post status-publish format-standard hentry category-3-2019-vedecke-clanky tag-autor-lucie-kopecka tag-eu-28 tag-nerovnosti tag-stav-zdravi tag-vicerozmerne-statisticke-metody\" data-id=\"1279\">\r\n\t\t<div class=\"w-grid-item-h\">\r\n\t\t\t\t\t\t<h2 class=\"w-post-elm post_title usg_post_title_1 entry-title color_link_inherit\"><a href=\"https:\/\/ssad.statistics.sk\/SSaD\/index.php\/posouzeni-stavu-zdravi-a-nerovnosti-ve-stavu-zdravi-populace-v-zemich-eu-28\/\">Posouzen\u00ed stavu zdrav\u00ed a nerovnost\u00ed ve stavu zdrav\u00ed populace v zem\u00edch EU-28<\/a><\/h2><time class=\"w-post-elm post_date usg_post_date_1 entry-date published\" datetime=\"2019-07-15T08:09:22+02:00\"><i class=\"far fa-clock\"><\/i>15. j\u00fala 2019<\/time><div class=\"w-post-elm post_content usg_post_content_1\"><p>Lucie Kopeck\u00e1, Fakulta ekonomicko-spr\u00e1vn\u00ed, Univerzita Pardubice, \u010cesk\u00e1 republika<\/p>\n<p> <a href=\"https:\/\/ssad.statistics.sk\/SSaD\/index.php\/posouzeni-stavu-zdravi-a-nerovnosti-ve-stavu-zdravi-populace-v-zemich-eu-28\/#more-1279\" class=\"more-link\"><span aria-label=\"\u010c\u00edta\u0165 \u010falej Posouzen\u00ed stavu zdrav\u00ed a nerovnost\u00ed ve stavu zdrav\u00ed populace v zem\u00edch EU-28\">(viac&hellip;)<\/span><\/a><\/p>\n<\/div>\t\t<\/div>\r\n\t<\/article>\r\n\t<article class=\"w-grid-item size_1x1 post-1281 post type-post status-publish format-standard hentry category-3-2019-vedecke-clanky tag-autor-nikola-zakova tag-autor-viera-pacakova tag-predcasna-umrti tag-rizikove-faktory tag-spearmanuv-koeficient-poradove-korelace tag-synteticka-promenna\" data-id=\"1281\">\r\n\t\t<div class=\"w-grid-item-h\">\r\n\t\t\t\t\t\t<h2 class=\"w-post-elm post_title usg_post_title_1 entry-title color_link_inherit\"><a href=\"https:\/\/ssad.statistics.sk\/SSaD\/index.php\/zakladni-rizika-predcasnych-umrti-v-evropskych-zemich\/\">Z\u00e1kladn\u00ed rizika p\u0159ed\u010dasn\u00fdch \u00famrt\u00ed v Evropsk\u00fdch zem\u00edch<\/a><\/h2><time class=\"w-post-elm post_date usg_post_date_1 entry-date published\" datetime=\"2019-07-15T08:08:05+02:00\"><i class=\"far fa-clock\"><\/i>15. j\u00fala 2019<\/time><div class=\"w-post-elm post_content usg_post_content_1\"><p>Viera Pac\u00e1kov\u00e1, Fakulta ekonomicko-spr\u00e1vn\u00ed, Univerzita Pardubice, \u010cesk\u00e1 republika<br \/>\nNikola \u017d\u00e1kov\u00e1, Fakulta ekonomicko-spr\u00e1vn\u00ed, Univerzita Pardubice, \u010cesk\u00e1 republika<\/p>\n<p> <a href=\"https:\/\/ssad.statistics.sk\/SSaD\/index.php\/zakladni-rizika-predcasnych-umrti-v-evropskych-zemich\/#more-1281\" class=\"more-link\"><span aria-label=\"\u010c\u00edta\u0165 \u010falej Z\u00e1kladn\u00ed rizika p\u0159ed\u010dasn\u00fdch \u00famrt\u00ed v Evropsk\u00fdch zem\u00edch\">(viac&hellip;)<\/span><\/a><\/p>\n<\/div>\t\t<\/div>\r\n\t<\/article>\r\n<\/div><div class=\"w-grid-preloader\"><div class=\"g-preloader type_1\">\r\n\t<div><\/div>\r\n<\/div>\r\n<\/div>\t<div class=\"w-grid-json hidden\" onclick='return {&quot;action&quot;:&quot;us_ajax_grid&quot;,&quot;ajax_url&quot;:&quot;https:\\\/\\\/ssad.statistics.sk\\\/SSaD\\\/wp-admin\\\/admin-ajax.php&quot;,&quot;infinite_scroll&quot;:0,&quot;max_num_pages&quot;:1,&quot;pagination&quot;:&quot;none&quot;,&quot;permalink_url&quot;:&quot;https:\\\/\\\/ssad.statistics.sk\\\/SSaD\\\/wp-json\\\/wp\\\/v2\\\/pages\\\/1292&quot;,&quot;template_vars&quot;:{&quot;columns&quot;:&quot;1&quot;,&quot;exclude_items&quot;:&quot;none&quot;,&quot;img_size&quot;:&quot;default&quot;,&quot;ignore_items_size&quot;:0,&quot;items_layout&quot;:&quot;146&quot;,&quot;items_offset&quot;:&quot;1&quot;,&quot;load_animation&quot;:&quot;none&quot;,&quot;overriding_link&quot;:&quot;none&quot;,&quot;post_id&quot;:1292,&quot;query_args&quot;:{&quot;post_type&quot;:[&quot;post&quot;],&quot;tax_query&quot;:[{&quot;taxonomy&quot;:&quot;category&quot;,&quot;field&quot;:&quot;slug&quot;,&quot;terms&quot;:[&quot;3-2019-scientific-articles&quot;]}],&quot;post_status&quot;:[&quot;publish&quot;],&quot;posts_per_page&quot;:&quot;20&quot;},&quot;orderby_query_args&quot;:{&quot;orderby&quot;:{&quot;date&quot;:&quot;DESC&quot;}},&quot;type&quot;:&quot;grid&quot;,&quot;us_grid_ajax_index&quot;:1,&quot;us_grid_filter_params&quot;:null,&quot;us_grid_index&quot;:1,&quot;_us_grid_post_type&quot;:&quot;post&quot;}}'><\/div>\r\n\t<\/div>\n<\/div><\/div><\/div><\/div><\/div><\/div><\/div><\/section><section class=\"l-section wpb_row us_custom_c4a4bb17 content-information height_auto\"><div class=\"l-section-h i-cf\"><div class=\"g-cols vc_row via_flex valign_top type_default stacking_default\"><div class=\"vc_col-sm-12 wpb_column vc_column_container\"><div class=\"vc_column-inner\"><div class=\"wpb_wrapper\"><div class=\"wpb_text_column\"><div class=\"wpb_wrapper\"><h2>INFORMATIVE ARTICLES, OPINIONS, REVIEWS, INTERVIEWS, INFORMATION<\/h2>\n<div class=\"w-grid us_custom_2b991ef7 type_grid layout_146\" id=\"us_grid_2\"><style>#us_grid_2 .w-grid-item:not(:last-child){margin-bottom:2.5rem}#us_grid_2 .g-loadmore{margin-top:2.5rem}<\/style><div class=\"w-grid-list\">\t<article class=\"w-grid-item size_1x1 post-1283 post type-post status-publish format-standard hentry category-3-2019-informativne-clanky-nazory-recenzie-rozhovory-informacie tag-autor-silvia-hudecova\" data-id=\"1283\">\r\n\t\t<div class=\"w-grid-item-h\">\r\n\t\t\t\t\t\t<h2 class=\"w-post-elm post_title usg_post_title_1 entry-title color_link_inherit\"><a href=\"https:\/\/ssad.statistics.sk\/SSaD\/index.php\/nove-webove-sidlo-casopisu-slovenska-statistika-a-demografia\/\">Nov\u00e9 webov\u00e9 s\u00eddlo \u010dasopisu Slovensk\u00e1 \u0161tatistika a demografia<\/a><\/h2><time class=\"w-post-elm post_date usg_post_date_1 entry-date published\" datetime=\"2019-07-15T08:10:12+02:00\"><i class=\"far fa-clock\"><\/i>15. j\u00fala 2019<\/time><div class=\"w-post-elm post_content usg_post_content_1\"><p>Silvia Hudecov\u00e1, \u0160tatistick\u00fd \u00farad Slovenskej republiky, Slovensk\u00e1 republika<\/p>\n<p> <a href=\"https:\/\/ssad.statistics.sk\/SSaD\/index.php\/nove-webove-sidlo-casopisu-slovenska-statistika-a-demografia\/#more-1283\" class=\"more-link\"><span aria-label=\"\u010c\u00edta\u0165 \u010falej Nov\u00e9 webov\u00e9 s\u00eddlo \u010dasopisu Slovensk\u00e1 \u0161tatistika a demografia\">(viac&hellip;)<\/span><\/a><\/p>\n<\/div>\t\t<\/div>\r\n\t<\/article>\r\n\t<article class=\"w-grid-item size_1x1 post-1285 post type-post status-publish format-standard hentry category-3-2019-informativne-clanky-nazory-recenzie-rozhovory-informacie tag-autor-ludmila-ivancikova\" data-id=\"1285\">\r\n\t\t<div class=\"w-grid-item-h\">\r\n\t\t\t\t\t\t<h2 class=\"w-post-elm post_title usg_post_title_1 entry-title color_link_inherit\"><a href=\"https:\/\/ssad.statistics.sk\/SSaD\/index.php\/odborny-seminar-stoleti-statistiky\/\">Odborn\u00fd semin\u00e1r \u201eStolet\u00ed statistiky\u201c<\/a><\/h2><time class=\"w-post-elm post_date usg_post_date_1 entry-date published\" datetime=\"2019-07-15T08:09:59+02:00\"><i class=\"far fa-clock\"><\/i>15. j\u00fala 2019<\/time><div class=\"w-post-elm post_content usg_post_content_1\"><p>\u013dudmila Ivan\u010d\u00edkov\u00e1, \u0160tatistick\u00fd \u00farad Slovenskej republiky, Slovensk\u00e1 republika<\/p>\n<p> <a href=\"https:\/\/ssad.statistics.sk\/SSaD\/index.php\/odborny-seminar-stoleti-statistiky\/#more-1285\" class=\"more-link\"><span aria-label=\"\u010c\u00edta\u0165 \u010falej Odborn\u00fd semin\u00e1r \u201eStolet\u00ed statistiky\u201c\">(viac&hellip;)<\/span><\/a><\/p>\n<\/div>\t\t<\/div>\r\n\t<\/article>\r\n\t<article class=\"w-grid-item size_1x1 post-1287 post type-post status-publish format-standard hentry category-3-2019-informativne-clanky-nazory-recenzie-rozhovory-informacie tag-autor-ludmila-ivancikova\" data-id=\"1287\">\r\n\t\t<div class=\"w-grid-item-h\">\r\n\t\t\t\t\t\t<h2 class=\"w-post-elm post_title usg_post_title_1 entry-title color_link_inherit\"><a href=\"https:\/\/ssad.statistics.sk\/SSaD\/index.php\/chudoba-a-socialne-vylucenie-v-eu-a-v-sr-v-kontexte-strategie-europa-2020\/\">Chudoba a soci\u00e1lne vyl\u00fa\u010denie v E\u00da a v SR v kontexte Strat\u00e9gie Eur\u00f3pa 2020<\/a><\/h2><time class=\"w-post-elm post_date usg_post_date_1 entry-date published\" datetime=\"2019-07-15T08:08:07+02:00\"><i class=\"far fa-clock\"><\/i>15. j\u00fala 2019<\/time><div class=\"w-post-elm post_content usg_post_content_1\"><p>\u013dudmila Ivan\u010d\u00edkov\u00e1, \u0160tatistick\u00fd \u00farad Slovenskej republiky, Slovensk\u00e1 republika<\/p>\n<p> <a href=\"https:\/\/ssad.statistics.sk\/SSaD\/index.php\/chudoba-a-socialne-vylucenie-v-eu-a-v-sr-v-kontexte-strategie-europa-2020\/#more-1287\" class=\"more-link\"><span aria-label=\"\u010c\u00edta\u0165 \u010falej Chudoba a soci\u00e1lne vyl\u00fa\u010denie v E\u00da a v SR v kontexte Strat\u00e9gie Eur\u00f3pa 2020\">(viac&hellip;)<\/span><\/a><\/p>\n<\/div>\t\t<\/div>\r\n\t<\/article>\r\n<\/div><div class=\"w-grid-preloader\"><div class=\"g-preloader type_1\">\r\n\t<div><\/div>\r\n<\/div>\r\n<\/div>\t<div class=\"w-grid-json hidden\" onclick='return {&quot;action&quot;:&quot;us_ajax_grid&quot;,&quot;ajax_url&quot;:&quot;https:\\\/\\\/ssad.statistics.sk\\\/SSaD\\\/wp-admin\\\/admin-ajax.php&quot;,&quot;infinite_scroll&quot;:0,&quot;max_num_pages&quot;:1,&quot;pagination&quot;:&quot;none&quot;,&quot;permalink_url&quot;:&quot;https:\\\/\\\/ssad.statistics.sk\\\/SSaD\\\/wp-json\\\/wp\\\/v2\\\/pages\\\/1292&quot;,&quot;template_vars&quot;:{&quot;columns&quot;:&quot;1&quot;,&quot;exclude_items&quot;:&quot;none&quot;,&quot;img_size&quot;:&quot;default&quot;,&quot;ignore_items_size&quot;:0,&quot;items_layout&quot;:&quot;146&quot;,&quot;items_offset&quot;:&quot;1&quot;,&quot;load_animation&quot;:&quot;none&quot;,&quot;overriding_link&quot;:&quot;none&quot;,&quot;post_id&quot;:1281,&quot;query_args&quot;:{&quot;post_type&quot;:[&quot;post&quot;],&quot;tax_query&quot;:[{&quot;taxonomy&quot;:&quot;category&quot;,&quot;field&quot;:&quot;slug&quot;,&quot;terms&quot;:[&quot;3-2019-informative-articles-opinions-reviews-interviews-information&quot;]}],&quot;post_status&quot;:[&quot;publish&quot;],&quot;posts_per_page&quot;:&quot;20&quot;},&quot;orderby_query_args&quot;:{&quot;orderby&quot;:{&quot;date&quot;:&quot;DESC&quot;}},&quot;type&quot;:&quot;grid&quot;,&quot;us_grid_ajax_index&quot;:1,&quot;us_grid_filter_params&quot;:null,&quot;us_grid_index&quot;:2,&quot;_us_grid_post_type&quot;:&quot;post&quot;}}'><\/div>\r\n\t<\/div>\n<\/div><\/div><\/div><\/div><\/div><\/div><\/div><\/section><section class=\"l-section wpb_row us_custom_c4a4bb17 content-comingsoon height_auto\"><div class=\"l-section-h i-cf\"><div class=\"g-cols vc_row via_flex valign_top type_default stacking_default\"><div class=\"vc_col-sm-12 wpb_column vc_column_container\"><div class=\"vc_column-inner\"><div class=\"wpb_wrapper\"><div class=\"wpb_text_column\"><div class=\"wpb_wrapper\"><h2>COMING SOON<\/h2>\n<p>&nbsp;<\/p>\n<h2 class=\"soon1\">Microsimulation models in demography<\/h2>\n<p>Boris Va\u0148o, INFOSTAT \u2013 Demographic Research Centre, Slovak Republic<\/p>\n<h2 class=\"soon\">Journey to the address point \u2013 process and technical specification of territorial preparation<\/h2>\n<p>Lucia Vani\u0161ov\u00e1, Statistical Office of the Slovak Republic, Slovak Republic<\/p>\n<h2 class=\"soon\">Inter-war Czechoslovak Statistical Society<\/h2>\n<p>Prokop Z\u00e1vodsk\u00fd, Faculty of Informatics and Statistics, University of Economics in Prague, Czech Republic<\/p>\n<h2 class=\"soon\">17. Slovak demographic conference 2019<\/h2>\n<p>Branislav Bleha, Faculty of Natural Sciences, Comenius University in Bratislava, Slovak Republic<\/p>\n<\/div><\/div><\/div><\/div><\/div><\/div><\/div><\/section>\n","protected":false},"excerpt":{"rendered":"\u013dudmila Ivan\u010d\u00edkov\u00e1, \u0160tatistick\u00fd \u00farad Slovenskej republiky, Slovensk\u00e1 republika Typ \u010dl\u00e1nku: recenzia publik\u00e1cie Strany: 58 - 59 \u010cl\u00e1nok na stiahnutie PDF (1,1 MB, 546 stiahnut\u00ed)","protected":false},"author":2,"featured_media":0,"parent":0,"menu_order":0,"comment_status":"closed","ping_status":"closed","template":"","meta":{"_exactmetrics_skip_tracking":false,"_exactmetrics_sitenote_active":false,"_exactmetrics_sitenote_note":"","_exactmetrics_sitenote_category":0,"footnotes":""},"class_list":["post-1292","page","type-page","status-publish","hentry"],"_links":{"self":[{"href":"https:\/\/ssad.statistics.sk\/SSaD\/index.php\/wp-json\/wp\/v2\/pages\/1292","targetHints":{"allow":["GET"]}}],"collection":[{"href":"https:\/\/ssad.statistics.sk\/SSaD\/index.php\/wp-json\/wp\/v2\/pages"}],"about":[{"href":"https:\/\/ssad.statistics.sk\/SSaD\/index.php\/wp-json\/wp\/v2\/types\/page"}],"author":[{"embeddable":true,"href":"https:\/\/ssad.statistics.sk\/SSaD\/index.php\/wp-json\/wp\/v2\/users\/2"}],"replies":[{"embeddable":true,"href":"https:\/\/ssad.statistics.sk\/SSaD\/index.php\/wp-json\/wp\/v2\/comments?post=1292"}],"version-history":[{"count":13,"href":"https:\/\/ssad.statistics.sk\/SSaD\/index.php\/wp-json\/wp\/v2\/pages\/1292\/revisions"}],"predecessor-version":[{"id":4196,"href":"https:\/\/ssad.statistics.sk\/SSaD\/index.php\/wp-json\/wp\/v2\/pages\/1292\/revisions\/4196"}],"wp:attachment":[{"href":"https:\/\/ssad.statistics.sk\/SSaD\/index.php\/wp-json\/wp\/v2\/media?parent=1292"}],"curies":[{"name":"wp","href":"https:\/\/api.w.org\/{rel}","templated":true}]}}