{"id":110,"date":"2019-02-05T08:03:02","date_gmt":"2019-02-05T07:03:02","guid":{"rendered":"https:\/\/ssad.statistics.sk\/SSaD\/index.php\/for-authors\/"},"modified":"2025-03-28T06:29:33","modified_gmt":"2025-03-28T05:29:33","slug":"for-authors","status":"publish","type":"page","link":"https:\/\/ssad.statistics.sk\/SSaD\/index.php\/for-authors\/?lang=en","title":{"rendered":"For authors"},"content":{"rendered":"<section class=\"l-section wpb_row padding-top-pages height_auto\"><div class=\"l-section-h i-cf\"><div class=\"g-cols vc_row via_flex valign_top type_default stacking_default\"><div class=\"vc_col-sm-12 wpb_column vc_column_container\"><div class=\"vc_column-inner\"><div class=\"wpb_wrapper\"><div class=\"wpb_text_column\"><div class=\"wpb_wrapper\"><h2 class=\"page\">INFORMATION FOR AUTHORS<\/h2>\n<p>Articles are accepted in Slovak, Czech and English languages and must comply with the journal\u00b4s professional specialisation and scientific nature as well. The submitted articles should not be reviewed by another journal and should not have already been published in any specialised or other press. Articles are being reviewed. The review procedure is mutually anonymous. The final decision on the article\u00b4s publication is made by the editorial board.<\/p>\n<p>Please submit your articles in electronic form, in MS Word or Open Office format, Arial font, size 12 and typed in single spacing. The author\u00b4s name and workplace should be indicated above the title.<\/p>\n<p>Articles should contain an abstract (general description of the objective and the processing methods used up to 100 words), key words (max. 5), resume (brief summary of the article\u00b4s content emphasizing its contribution and the most important conclusions (up to 500 words), curriculum vitae of the author (no more than 120 words) and the author\u00b4s contact (e-mail address). The author should submit the article\u00b4s title, abstract, key words and resume in English language. List of the literature used with full bibliographic data should be given in alphabetical order at the end of an article. References are indicated by numbers in a text in square brackets. Footnotes should be numbered in the order of the corresponding page of a text.<\/p>\n<p>Scope of a scientific article is\u00a0 about 15 standard pages; informative articles should be up to 6 standard pages, reviews, discussions and information not more than 3 standard pages. Tables, maps, graphs and pictures should have a title and the data source indicated, it is also advised to be in line with of a text. Abbreviations should be used exceptionally and should be appropriately explained in parentheses when first used. The editorial staff ensure language editing. See also the detailed <strong>Instruction for authors of contributions<\/strong> below.<\/p>\n<h2 class=\"page\">INSTRUCTIONS FOR AUTHORS OF CONTRIBUTIONS<\/h2>\n<\/div><\/div><\/div><\/div><\/div><\/div><\/div><\/section><section class=\"l-section wpb_row height_auto\"><div class=\"l-section-h i-cf\"><div class=\"g-cols vc_row via_flex valign_top type_default stacking_default\"><div class=\"vc_col-sm-12 wpb_column vc_column_container\"><div class=\"vc_column-inner\"><div class=\"wpb_wrapper\"><div class=\"wpb_text_column\"><div class=\"wpb_wrapper\"><table>\n<thead>\n<tr>\n<th>STRUCTURE OF ARTICLE<\/th>\n<th>TYPE AND FONT SIZE<\/th>\n<th>DETAILING<\/th>\n<\/tr>\n<\/thead>\n<tbody>\n<tr>\n<td><strong>NAME\/NAMES OF AUTHOR\/AUTHORS <\/strong><\/td>\n<td><strong>ARIAL 12<\/strong><\/td>\n<td>Name, SURNAME <strong>bold<\/strong> (surname,CAPITALS)<\/td>\n<\/tr>\n<tr>\n<td><strong>Employer<\/strong><\/td>\n<td><strong>Arial 12<\/strong><\/td>\n<td>align the lines, <strong>bold<\/strong><\/td>\n<\/tr>\n<tr>\n<td style=\"text-align: center;\"><strong>TITLE OF ARTICLE in Slovak language<\/strong><\/td>\n<td style=\"text-align: center;\"><strong>ARIAL 12<\/strong><\/td>\n<td style=\"text-align: center;\">CAPITALS, <strong>bold<\/strong>, centre<\/td>\n<\/tr>\n<tr>\n<td style=\"text-align: center;\"><strong>TITLE OF ARTICLE in English language<\/strong><\/td>\n<td style=\"text-align: center;\"><strong>ARIAL 12<\/strong><\/td>\n<td style=\"text-align: center;\">CAPITALS, <strong>bold<\/strong>, centre<\/td>\n<\/tr>\n<tr>\n<td colspan=\"3\"><\/td>\n<\/tr>\n<tr>\n<td><strong>ABSTRAKT (title)<\/strong><\/td>\n<td><strong>ARIAL 12<\/strong><\/td>\n<td>CAPITALS, <strong>bold<\/strong><\/td>\n<\/tr>\n<tr>\n<td>Text of abstract in Slovak (max. 100 words)<\/td>\n<td>Arial 12<\/td>\n<td>align the lines, single spacing<\/td>\n<\/tr>\n<tr>\n<td><strong>ABSTRACT (title)<\/strong><\/td>\n<td><strong>ARIAL 12<\/strong><\/td>\n<td>CAPITALS, <strong>bold<\/strong><\/td>\n<\/tr>\n<tr>\n<td>Text of abstract in English<\/td>\n<td>Arial 12<\/td>\n<td>align the lines, single spacing<\/td>\n<\/tr>\n<tr>\n<td colspan=\"3\"><\/td>\n<\/tr>\n<tr>\n<td><strong>K\u013d\u00da\u010cOV\u00c9 SLOV\u00c1 (title)<\/strong><\/td>\n<td><strong>ARIAL 12<\/strong><\/td>\n<td>CAPITALS, <strong>bold<\/strong><\/td>\n<\/tr>\n<tr>\n<td>Key words in Slovak (max. 5)<\/td>\n<td>Arial 12<\/td>\n<td>align the lines<\/td>\n<\/tr>\n<tr>\n<td><strong>KEY WORDS (title)<\/strong><\/td>\n<td><strong>ARIAL 12<\/strong><\/td>\n<td>CAPITALS, <strong>bold<\/strong><\/td>\n<\/tr>\n<tr>\n<td>Key words in English (max. 5)<\/td>\n<td>Arial 12<\/td>\n<td>align the lines<\/td>\n<\/tr>\n<tr>\n<td colspan=\"3\">Text of article (SINGLE SPACING) in structure:<\/td>\n<\/tr>\n<tr>\n<td><strong>1. INTRODUCTION (title)<\/strong><\/td>\n<td><strong>ARIAL 12<\/strong><\/td>\n<td>arabic numeral, CAPITAL, <strong>bold<\/strong><\/td>\n<\/tr>\n<tr>\n<td>Text of chapters<\/td>\n<td>Arial 12<\/td>\n<td>paragraphs, align the lines<\/td>\n<\/tr>\n<tr>\n<td><strong>2., 3 &#8230; NAME OF CHAPTERS (title)<\/strong><\/td>\n<td><strong>ARIAL 12<\/strong><\/td>\n<td>arabic numeral, CAPITAL, <strong>bold<\/strong><\/td>\n<\/tr>\n<tr>\n<td>Text of chapters<\/td>\n<td>Arial 12<\/td>\n<td>paragraphs, align the lines<\/td>\n<\/tr>\n<tr>\n<td><strong>4. CONCLUSION (title)<\/strong><\/td>\n<td><strong>ARIAL 12<\/strong><\/td>\n<td>arabic numeral, CAPITAL, <strong>bold<\/strong><\/td>\n<\/tr>\n<tr>\n<td>Text of conclusion<\/td>\n<td>Arial 12<\/td>\n<td>paragraphs, align the lines<\/td>\n<\/tr>\n<tr>\n<td><em>Footnote<\/em><\/td>\n<td><em>Arial 10<\/em><\/td>\n<td><em>numbering on the side, italics, align the lines <\/em><\/td>\n<\/tr>\n<tr>\n<td><strong>BIBLIOGRAPHY (title)<\/strong><\/td>\n<td><strong>ARIAL 12<\/strong><\/td>\n<td>CAPITAL, <strong>bold<\/strong><\/td>\n<\/tr>\n<tr>\n<td>List of bibliography<\/td>\n<td>Arial 12<\/td>\n<td>bibliography in alphabetical order *<\/td>\n<\/tr>\n<tr>\n<td><strong>RESUM\u00c9 (title)<\/strong><\/td>\n<td><strong>ARIAL 12<\/strong><\/td>\n<td>CAPITALS, <strong>bold<\/strong>, align the lines<\/td>\n<\/tr>\n<tr>\n<td>Text of resume in Slovak (max. 500 words)<\/td>\n<td>Arial 12<\/td>\n<td>align the lines<\/td>\n<\/tr>\n<tr>\n<td><strong>RESUME (title)<\/strong><\/td>\n<td><strong>ARIAL 12<\/strong><\/td>\n<td>CAPITALS, <strong>bold<\/strong>, align the lines<\/td>\n<\/tr>\n<tr>\n<td>Text of resume in English (max. 500 words)<\/td>\n<td>Arial 12<\/td>\n<td>align the lines<\/td>\n<\/tr>\n<tr>\n<td colspan=\"3\"><\/td>\n<\/tr>\n<tr>\n<td><strong><em>CURRICULUM VITAE (title)<\/em><\/strong><\/td>\n<td><strong><em>Arial 11<\/em><\/strong><\/td>\n<td><em>CAPITALS, italics, <strong>bold<\/strong>, align the lines<\/em><\/td>\n<\/tr>\n<tr>\n<td><em>Text of curriculum vitae (max. 120 words)<\/em><\/td>\n<td><em>Arial 11<\/em><\/td>\n<td><em>italics, align the lines<\/em><\/td>\n<\/tr>\n<tr>\n<td colspan=\"3\"><\/td>\n<\/tr>\n<tr>\n<td><strong>CONTACT (title)<\/strong><\/td>\n<td><strong>ARIAL 12<\/strong><\/td>\n<td>CAPITALS, <strong>bold<\/strong>, align the lines<\/td>\n<\/tr>\n<tr>\n<td>E-mail adress of the author<\/td>\n<td>Arial 12<\/td>\n<td>align the lines<\/td>\n<\/tr>\n<tr>\n<td colspan=\"3\">Tables, maps, graphs and pictures<\/td>\n<\/tr>\n<tr>\n<td><strong><em>Table n. 1: Title, Graph n. 1: Title, Map n. 1: Title, Picture n. 1: Title, <\/em><\/strong><em> (above table, graph, map, picture)<\/em><\/td>\n<td><strong><em>Arial 11<\/em><\/strong><\/td>\n<td><em>arabic numerals, italics, <strong>bold<\/strong>, align the lines<\/em><\/td>\n<\/tr>\n<tr>\n<td><strong><em>Source of data: <\/em><\/strong><em> (under table, graph, map, picture) <\/em><\/td>\n<td><strong><em>Arial 11<\/em><\/strong><\/td>\n<td><em>italics, <strong>bold<\/strong>, align the lines<\/em><\/td>\n<\/tr>\n<\/tbody>\n<\/table>\n<p><strong>*EXAMPLE of bibliography <\/strong> (in alphabetical order, align the lines):<\/p>\n<p><strong>MONOGRAPHS<\/strong><br \/>\n[1] [1] Author 1 \u2013 Author 2 \u2013 Author 3:Title: Subtitle. Edition. Place of edition: Publisher, Year of edition. Extent. ISBN.<\/p>\n<p>Example:<br \/>\n[1] LIS\u00dd, J. \u2013 PETRI\u010cOV\u00c1, J. \u2013 \u010cAPL\u00c1NOV\u00c1, A.: Dejiny ekonomick\u00fdch te\u00f3ri\u00ed: V\u00fdvoj ekonomickej vedy. 2. vyd. Bratislava: Elita, 1999. 309 s. ISBN 80-855323-93-1.<\/p>\n<p><strong>ARTICLES<\/strong><br \/>\n[2] Author 1 \u2013 Author 2 \u2013 Author 3: Title. In: Author 1 \u2013 Author 2 \u2013 Author 3 of monograph, proceeding: Title. Edition. Place of edition: Publisher, Year of edition. Scope.<\/p>\n<p>Example:<br \/>\n[2] MAR\u0160\u00c1LEK, L.: Vzd\u00e1len\u00e1 hybridizace. In: Hra\u0161ka, \u0160. et al.: Genetika rastl\u00edn. Bratislava: Pr\u00edroda, 1990, s. 171 \u2013 178.<\/p>\n<p>&nbsp;<\/p>\n<\/div><\/div><\/div><\/div><\/div><\/div><\/div><\/section>\n","protected":false},"excerpt":{"rendered":"INFORMATION FOR AUTHORS Articles are accepted in Slovak, Czech and English languages and must comply with the journal\u00b4s professional specialisation and scientific nature as well. The submitted articles should not be reviewed by another journal and should not have already been published in any specialised or other press. Articles are being reviewed. The review procedure...","protected":false},"author":2,"featured_media":0,"parent":0,"menu_order":0,"comment_status":"closed","ping_status":"closed","template":"","meta":{"_exactmetrics_skip_tracking":false,"_exactmetrics_sitenote_active":false,"_exactmetrics_sitenote_note":"","_exactmetrics_sitenote_category":0,"footnotes":""},"class_list":["post-110","page","type-page","status-publish","hentry"],"_links":{"self":[{"href":"https:\/\/ssad.statistics.sk\/SSaD\/index.php\/wp-json\/wp\/v2\/pages\/110","targetHints":{"allow":["GET"]}}],"collection":[{"href":"https:\/\/ssad.statistics.sk\/SSaD\/index.php\/wp-json\/wp\/v2\/pages"}],"about":[{"href":"https:\/\/ssad.statistics.sk\/SSaD\/index.php\/wp-json\/wp\/v2\/types\/page"}],"author":[{"embeddable":true,"href":"https:\/\/ssad.statistics.sk\/SSaD\/index.php\/wp-json\/wp\/v2\/users\/2"}],"replies":[{"embeddable":true,"href":"https:\/\/ssad.statistics.sk\/SSaD\/index.php\/wp-json\/wp\/v2\/comments?post=110"}],"version-history":[{"count":28,"href":"https:\/\/ssad.statistics.sk\/SSaD\/index.php\/wp-json\/wp\/v2\/pages\/110\/revisions"}],"predecessor-version":[{"id":4450,"href":"https:\/\/ssad.statistics.sk\/SSaD\/index.php\/wp-json\/wp\/v2\/pages\/110\/revisions\/4450"}],"wp:attachment":[{"href":"https:\/\/ssad.statistics.sk\/SSaD\/index.php\/wp-json\/wp\/v2\/media?parent=110"}],"curies":[{"name":"wp","href":"https:\/\/api.w.org\/{rel}","templated":true}]}}